{"id":4519,"date":"2026-05-11T14:59:14","date_gmt":"2026-05-11T14:59:14","guid":{"rendered":"https:\/\/ecosupplements.ch\/?product=swanson-vitamin-b12-methylcobalamin-60-tablets"},"modified":"2026-05-13T07:24:14","modified_gmt":"2026-05-13T07:24:14","slug":"swanson-vitamin-b12-methylcobalamin-60-tablets","status":"publish","type":"product","link":"https:\/\/ecosupplements.ch\/?product=swanson-vitamin-b12-methylcobalamin-60-tablets","title":{"rendered":"Swanson Vitamin B12 Methylcobalamin (60 Tablets)"},"content":{"rendered":"<div class=\"chcg-product-description\">\n<h2 class=\"chcg-heading\">\u00dcber Swanson \u2013 Vitamin B12 Methylcobalamin (60 Tabletten)<\/h2>\n<div class=\"chcg-intro\">\n<p>Vitamin B12 ist ein essenzielles Vitamin, das eine wichtige Rolle im normalen Energiestoffwechsel, der Bildung roter Blutk\u00f6rperchen sowie der Funktion des Nervensystems spielt. Swanson setzt dabei auf Methylcobalamin \u2013 die biologisch aktive Form von Vitamin B12, die vom K\u00f6rper direkt verwertet werden kann.<\/p>\n<p>Diese praktischen Schmelztabletten sind so formuliert, dass sie sich im Mund aufl\u00f6sen und eine einfache Einnahme ohne Wasser erm\u00f6glichen. Mit 2500 mcg pro Tablette und dem angenehmen nat\u00fcrlichen Kirschgeschmack bieten sie eine alltagstaugliche L\u00f6sung zur Erg\u00e4nzung der Vitamin-B12-Versorgung.<\/p>\n<p>Das Produkt ist vegan, vegetarisch und laktosefrei \u2013 geeignet f\u00fcr Menschen mit unterschiedlichen Ern\u00e4hrungsweisen. Jede Packung enth\u00e4lt 60 Schmelztabletten f\u00fcr eine bequeme und regelm\u00e4ssige Anwendung.<\/p>\n<\/p><\/div>\n<div class=\"chcg-nutrition\">\n<h3>N\u00e4hrwertangaben<\/h3>\n<table class=\"chcg-nutrition-table\">\n<thead>\n<tr>\n<th>N\u00e4hrstoff<\/th>\n<th>Pro Portion (1 Tablette)<\/th>\n<\/tr>\n<\/thead>\n<tbody>\n<tr>\n<td>Vitamin B-12 (als Methylcobalamin)<\/td>\n<td>2500 mcg (100&#8217;000 % NRV)<\/td>\n<\/tr>\n<\/tbody>\n<\/table>\n<p class=\"chcg-footnote\">NRV = Referenzwert f\u00fcr die N\u00e4hrstoffzufuhr (Nutrient Reference Value)<\/p>\n<\/p><\/div>\n<div class=\"chcg-ingredients\">\n<h3>Zutaten<\/h3>\n<p>Vitamin B-12 (als Methylcobalamin) 2500 mcg. Weitere Zutaten: Xylitol, mikrokristalline Zellulose (Pflanzenfaser), Croscarmellose-Natrium, Crospovidon, Carboxymethylzellulose, Zitronens\u00e4ure, nat\u00fcrliches Kirsch-Aroma, Hydroxypropylzellulose, Hydroxypropylmethylzellulose, Calciumpalmitat, Siliziumdioxid, Gem\u00fcsesaftfarbe [Gummi arabicum, Gem\u00fcsesaft (Rote Bete, schwarze Karotte, lila S\u00fcsskartoffel, Rotkohl, roter Rettich), Maltodextrin, Zitronens\u00e4ure], Stevia-Extrakt (Stevia rebaudiana) (Blatt).<\/p>\n<\/p><\/div>\n<div class=\"chcg-dosage\">\n<h3>Verzehrempfehlung<\/h3>\n<p>Als Nahrungserg\u00e4nzungsmittel eine Tablette ein- bis zweimal t\u00e4glich im Mund aufl\u00f6sen lassen.<\/p>\n<\/p><\/div>\n<div class=\"chcg-warnings\">\n<h3>Warnhinweise<\/h3>\n<p>Nur f\u00fcr Erwachsene. Konsultieren Sie vor der Einnahme dieses oder eines anderen Produkts Ihre \u00c4rztin oder Ihren Arzt, wenn Sie schwanger sind oder stillen, Medikamente einnehmen oder an einer Erkrankung leiden. Ausserhalb der Reichweite von Kindern aufbewahren. Nicht verwenden, wenn die Schutzversiegelung besch\u00e4digt ist.<\/p>\n<\/p><\/div>\n<div class=\"chcg-allergens\">\n<h3>Allergeninformationen<\/h3>\n<p>Auf der Verpackung sind keine Allergene deklariert.<\/p>\n<\/p><\/div>\n<div class=\"chcg-storage\">\n<h3>Lagerung<\/h3>\n<p>An einem k\u00fchlen, trockenen Ort aufbewahren.<\/p>\n<\/p><\/div>\n<div class=\"chcg-dietary\">\n<h3>Ern\u00e4hrungshinweise<\/h3>\n<ul>\n<li>Vegan<\/li>\n<li>Vegetarisch<\/li>\n<li>Laktosefrei<\/li>\n<\/ul><\/div>\n<\/div>\n","protected":false},"excerpt":{"rendered":"<p>Swanson Vitamin B12 Methylcobalamin liefert 2500 mcg der biologisch aktiven Methylcobalamin-Form pro Schmelztablette \u2013 ideal f\u00fcr eine einfache Einnahme ohne Wasser. 60 Tabletten pro Packung, vegan und laktosefrei.<\/p>\n","protected":false},"featured_media":4520,"comment_status":"closed","ping_status":"open","template":"","meta":[],"product_brand":[16],"product_cat":[118,27,28,171,21],"product_tag":[],"class_list":{"0":"post-4519","1":"product","2":"type-product","3":"status-publish","4":"has-post-thumbnail","6":"product_brand-swanson","7":"product_cat-b12","8":"product_cat-einige-vitamine","9":"product_cat-vitamin-b","10":"product_cat-vitamine-und-mineralien","11":"product_cat-vitamine-und-mineralstoffe","13":"first","14":"outofstock","15":"taxable","16":"shipping-taxable","17":"purchasable","18":"product-type-simple"},"yoast_head":"<!-- This site is optimized with the Yoast SEO plugin v27.5 - https:\/\/yoast.com\/product\/yoast-seo-wordpress\/ -->\n<title>Vitamin B12 Methylcobalamin \u2013 Swanson | ecosupplements.ch<\/title>\n<meta name=\"description\" content=\"Swanson Vitamin B12 Methylcobalamin \u2013 2500 mcg pro Schmelztablette, vegan, 60 St\u00fcck. Jetzt bestellen.\" \/>\n<meta name=\"robots\" content=\"index, follow, max-snippet:-1, max-image-preview:large, max-video-preview:-1\" \/>\n<link rel=\"canonical\" href=\"https:\/\/ecosupplements.ch\/?product=swanson-vitamin-b12-methylcobalamin-60-tablets\" \/>\n<meta property=\"og:locale\" content=\"de_DE\" \/>\n<meta property=\"og:type\" content=\"article\" \/>\n<meta property=\"og:title\" content=\"Vitamin B12 Methylcobalamin \u2013 Swanson | ecosupplements.ch\" \/>\n<meta property=\"og:description\" content=\"Swanson Vitamin B12 Methylcobalamin \u2013 2500 mcg pro Schmelztablette, vegan, 60 St\u00fcck. Jetzt bestellen.\" \/>\n<meta property=\"og:url\" content=\"https:\/\/ecosupplements.ch\/?product=swanson-vitamin-b12-methylcobalamin-60-tablets\" \/>\n<meta property=\"og:site_name\" content=\"Eco Supplements\" \/>\n<meta property=\"article:modified_time\" content=\"2026-05-13T07:24:14+00:00\" \/>\n<meta property=\"og:image\" content=\"https:\/\/ecosupplements.ch\/wp-content\/uploads\/2026\/05\/Swanson-Vitamin-B12-Methylcobalamin-60-Tablets.webp\" \/>\n\t<meta property=\"og:image:width\" content=\"1000\" \/>\n\t<meta property=\"og:image:height\" content=\"1000\" \/>\n\t<meta property=\"og:image:type\" content=\"image\/jpeg\" \/>\n<meta name=\"twitter:card\" content=\"summary_large_image\" \/>\n<meta name=\"twitter:label1\" content=\"Price\" \/>\n\t<meta name=\"twitter:data1\" content=\"&#067;&#072;&#070;&nbsp;10.37\" \/>\n\t<meta name=\"twitter:label2\" content=\"Availability\" \/>\n\t<meta name=\"twitter:data2\" content=\"Out of stock\" \/>\n<script type=\"application\/ld+json\" class=\"yoast-schema-graph\">{\"@context\":\"https:\\\/\\\/schema.org\",\"@graph\":[{\"@type\":\"WebPage\",\"@id\":\"https:\\\/\\\/ecosupplements.ch\\\/?product=swanson-vitamin-b12-methylcobalamin-60-tablets\",\"url\":\"https:\\\/\\\/ecosupplements.ch\\\/?product=swanson-vitamin-b12-methylcobalamin-60-tablets\",\"name\":\"Vitamin B12 Methylcobalamin \u2013 Swanson | ecosupplements.ch\",\"isPartOf\":{\"@id\":\"https:\\\/\\\/ecosupplements.ch\\\/#website\"},\"primaryImageOfPage\":{\"@id\":\"https:\\\/\\\/ecosupplements.ch\\\/?product=swanson-vitamin-b12-methylcobalamin-60-tablets#primaryimage\"},\"image\":{\"@id\":\"https:\\\/\\\/ecosupplements.ch\\\/?product=swanson-vitamin-b12-methylcobalamin-60-tablets#primaryimage\"},\"thumbnailUrl\":\"https:\\\/\\\/ecosupplements.ch\\\/wp-content\\\/uploads\\\/2026\\\/05\\\/Swanson-Vitamin-B12-Methylcobalamin-60-Tablets.webp\",\"datePublished\":\"2026-05-11T14:59:14+00:00\",\"dateModified\":\"2026-05-13T07:24:14+00:00\",\"description\":\"Swanson Vitamin B12 Methylcobalamin \u2013 2500 mcg pro Schmelztablette, vegan, 60 St\u00fcck. Jetzt bestellen.\",\"breadcrumb\":{\"@id\":\"https:\\\/\\\/ecosupplements.ch\\\/?product=swanson-vitamin-b12-methylcobalamin-60-tablets#breadcrumb\"},\"inLanguage\":\"de-CH\",\"potentialAction\":[{\"@type\":\"ReadAction\",\"target\":[\"https:\\\/\\\/ecosupplements.ch\\\/?product=swanson-vitamin-b12-methylcobalamin-60-tablets\"]}]},{\"@type\":\"ImageObject\",\"inLanguage\":\"de-CH\",\"@id\":\"https:\\\/\\\/ecosupplements.ch\\\/?product=swanson-vitamin-b12-methylcobalamin-60-tablets#primaryimage\",\"url\":\"https:\\\/\\\/ecosupplements.ch\\\/wp-content\\\/uploads\\\/2026\\\/05\\\/Swanson-Vitamin-B12-Methylcobalamin-60-Tablets.webp\",\"contentUrl\":\"https:\\\/\\\/ecosupplements.ch\\\/wp-content\\\/uploads\\\/2026\\\/05\\\/Swanson-Vitamin-B12-Methylcobalamin-60-Tablets.webp\",\"width\":1000,\"height\":1000,\"caption\":\"Swanson Vitamin B12 Methylcobalamin (60 Tablets)\"},{\"@type\":\"BreadcrumbList\",\"@id\":\"https:\\\/\\\/ecosupplements.ch\\\/?product=swanson-vitamin-b12-methylcobalamin-60-tablets#breadcrumb\",\"itemListElement\":[{\"@type\":\"ListItem\",\"position\":1,\"name\":\"Home\",\"item\":\"https:\\\/\\\/ecosupplements.ch\\\/\"},{\"@type\":\"ListItem\",\"position\":2,\"name\":\"Shop\",\"item\":\"https:\\\/\\\/ecosupplements.ch\\\/?page_id=14\"},{\"@type\":\"ListItem\",\"position\":3,\"name\":\"Swanson Vitamin B12 Methylcobalamin (60 Tablets)\"}]},{\"@type\":\"WebSite\",\"@id\":\"https:\\\/\\\/ecosupplements.ch\\\/#website\",\"url\":\"https:\\\/\\\/ecosupplements.ch\\\/\",\"name\":\"Eco Supplements\",\"description\":\"\",\"potentialAction\":[{\"@type\":\"SearchAction\",\"target\":{\"@type\":\"EntryPoint\",\"urlTemplate\":\"https:\\\/\\\/ecosupplements.ch\\\/?s={search_term_string}\"},\"query-input\":{\"@type\":\"PropertyValueSpecification\",\"valueRequired\":true,\"valueName\":\"search_term_string\"}}],\"inLanguage\":\"de-CH\"}]}<\/script>\n<meta property=\"product:price:amount\" content=\"10.37\" \/>\n<meta property=\"product:price:currency\" content=\"CHF\" \/>\n<meta property=\"og:availability\" content=\"out of stock\" \/>\n<meta property=\"product:availability\" content=\"out of stock\" \/>\n<meta property=\"product:retailer_item_id\" content=\"087614027838\" \/>\n<meta property=\"product:condition\" content=\"new\" \/>\n<!-- \/ Yoast SEO plugin. -->","yoast_head_json":{"title":"Vitamin B12 Methylcobalamin \u2013 Swanson | ecosupplements.ch","description":"Swanson Vitamin B12 Methylcobalamin \u2013 2500 mcg pro Schmelztablette, vegan, 60 St\u00fcck. Jetzt bestellen.","robots":{"index":"index","follow":"follow","max-snippet":"max-snippet:-1","max-image-preview":"max-image-preview:large","max-video-preview":"max-video-preview:-1"},"canonical":"https:\/\/ecosupplements.ch\/?product=swanson-vitamin-b12-methylcobalamin-60-tablets","og_locale":"de_DE","og_type":"article","og_title":"Vitamin B12 Methylcobalamin \u2013 Swanson | ecosupplements.ch","og_description":"Swanson Vitamin B12 Methylcobalamin \u2013 2500 mcg pro Schmelztablette, vegan, 60 St\u00fcck. Jetzt bestellen.","og_url":"https:\/\/ecosupplements.ch\/?product=swanson-vitamin-b12-methylcobalamin-60-tablets","og_site_name":"Eco Supplements","article_modified_time":"2026-05-13T07:24:14+00:00","og_image":[{"width":1000,"height":1000,"url":"https:\/\/ecosupplements.ch\/wp-content\/uploads\/2026\/05\/Swanson-Vitamin-B12-Methylcobalamin-60-Tablets.webp","type":"image\/jpeg"}],"twitter_card":"summary_large_image","twitter_misc":{"Price":"&#67;&#72;&#70;&nbsp;10.37","Availability":"Out of stock"},"schema":{"@context":"https:\/\/schema.org","@graph":[{"@type":"WebPage","@id":"https:\/\/ecosupplements.ch\/?product=swanson-vitamin-b12-methylcobalamin-60-tablets","url":"https:\/\/ecosupplements.ch\/?product=swanson-vitamin-b12-methylcobalamin-60-tablets","name":"Vitamin B12 Methylcobalamin \u2013 Swanson | ecosupplements.ch","isPartOf":{"@id":"https:\/\/ecosupplements.ch\/#website"},"primaryImageOfPage":{"@id":"https:\/\/ecosupplements.ch\/?product=swanson-vitamin-b12-methylcobalamin-60-tablets#primaryimage"},"image":{"@id":"https:\/\/ecosupplements.ch\/?product=swanson-vitamin-b12-methylcobalamin-60-tablets#primaryimage"},"thumbnailUrl":"https:\/\/ecosupplements.ch\/wp-content\/uploads\/2026\/05\/Swanson-Vitamin-B12-Methylcobalamin-60-Tablets.webp","datePublished":"2026-05-11T14:59:14+00:00","dateModified":"2026-05-13T07:24:14+00:00","description":"Swanson Vitamin B12 Methylcobalamin \u2013 2500 mcg pro Schmelztablette, vegan, 60 St\u00fcck. Jetzt bestellen.","breadcrumb":{"@id":"https:\/\/ecosupplements.ch\/?product=swanson-vitamin-b12-methylcobalamin-60-tablets#breadcrumb"},"inLanguage":"de-CH","potentialAction":[{"@type":"ReadAction","target":["https:\/\/ecosupplements.ch\/?product=swanson-vitamin-b12-methylcobalamin-60-tablets"]}]},{"@type":"ImageObject","inLanguage":"de-CH","@id":"https:\/\/ecosupplements.ch\/?product=swanson-vitamin-b12-methylcobalamin-60-tablets#primaryimage","url":"https:\/\/ecosupplements.ch\/wp-content\/uploads\/2026\/05\/Swanson-Vitamin-B12-Methylcobalamin-60-Tablets.webp","contentUrl":"https:\/\/ecosupplements.ch\/wp-content\/uploads\/2026\/05\/Swanson-Vitamin-B12-Methylcobalamin-60-Tablets.webp","width":1000,"height":1000,"caption":"Swanson Vitamin B12 Methylcobalamin (60 Tablets)"},{"@type":"BreadcrumbList","@id":"https:\/\/ecosupplements.ch\/?product=swanson-vitamin-b12-methylcobalamin-60-tablets#breadcrumb","itemListElement":[{"@type":"ListItem","position":1,"name":"Home","item":"https:\/\/ecosupplements.ch\/"},{"@type":"ListItem","position":2,"name":"Shop","item":"https:\/\/ecosupplements.ch\/?page_id=14"},{"@type":"ListItem","position":3,"name":"Swanson Vitamin B12 Methylcobalamin (60 Tablets)"}]},{"@type":"WebSite","@id":"https:\/\/ecosupplements.ch\/#website","url":"https:\/\/ecosupplements.ch\/","name":"Eco Supplements","description":"","potentialAction":[{"@type":"SearchAction","target":{"@type":"EntryPoint","urlTemplate":"https:\/\/ecosupplements.ch\/?s={search_term_string}"},"query-input":{"@type":"PropertyValueSpecification","valueRequired":true,"valueName":"search_term_string"}}],"inLanguage":"de-CH"}]},"product_price_amount":"10.37","product_price_currency":"CHF","og_availability":"out of stock","product_availability":"out of stock","product_retailer_item_id":"087614027838","product_condition":"new"},"_links":{"self":[{"href":"https:\/\/ecosupplements.ch\/index.php?rest_route=\/wp\/v2\/product\/4519","targetHints":{"allow":["GET"]}}],"collection":[{"href":"https:\/\/ecosupplements.ch\/index.php?rest_route=\/wp\/v2\/product"}],"about":[{"href":"https:\/\/ecosupplements.ch\/index.php?rest_route=\/wp\/v2\/types\/product"}],"replies":[{"embeddable":true,"href":"https:\/\/ecosupplements.ch\/index.php?rest_route=%2Fwp%2Fv2%2Fcomments&post=4519"}],"wp:featuredmedia":[{"embeddable":true,"href":"https:\/\/ecosupplements.ch\/index.php?rest_route=\/wp\/v2\/media\/4520"}],"wp:attachment":[{"href":"https:\/\/ecosupplements.ch\/index.php?rest_route=%2Fwp%2Fv2%2Fmedia&parent=4519"}],"wp:term":[{"taxonomy":"product_brand","embeddable":true,"href":"https:\/\/ecosupplements.ch\/index.php?rest_route=%2Fwp%2Fv2%2Fproduct_brand&post=4519"},{"taxonomy":"product_cat","embeddable":true,"href":"https:\/\/ecosupplements.ch\/index.php?rest_route=%2Fwp%2Fv2%2Fproduct_cat&post=4519"},{"taxonomy":"product_tag","embeddable":true,"href":"https:\/\/ecosupplements.ch\/index.php?rest_route=%2Fwp%2Fv2%2Fproduct_tag&post=4519"}],"curies":[{"name":"wp","href":"https:\/\/api.w.org\/{rel}","templated":true}]}}