{"id":4545,"date":"2026-05-11T14:59:25","date_gmt":"2026-05-11T14:59:25","guid":{"rendered":"https:\/\/ecosupplements.ch\/?product=essential-oil-rosemary-oil-30-ml"},"modified":"2026-05-13T07:23:05","modified_gmt":"2026-05-13T07:23:05","slug":"essential-oil-rosemary-oil-30-ml","status":"publish","type":"product","link":"https:\/\/ecosupplements.ch\/?product=essential-oil-rosemary-oil-30-ml","title":{"rendered":"Essential Oil, Rosemary Oil &#8211; 30 ml."},"content":{"rendered":"<div class=\"chcg-product-description\">\n<h2 class=\"chcg-heading\">\u00dcber NOW Foods \u2013 Essential Oil, Rosemary Oil \u2013 30 ml<\/h2>\n<div class=\"chcg-intro\">\n<p>Das Rosemary Oil von NOW Foods ist ein 100% reines \u00e4therisches Rosmarin-\u00d6l (<em>Rosmarinus officinalis<\/em>), das sorgf\u00e4ltig f\u00fcr h\u00f6chste Qualit\u00e4t und Reinheit ausgew\u00e4hlt wurde. Es enth\u00e4lt keine Zusatzstoffe, Streckmittel oder synthetischen Inhaltsstoffe \u2013 nur das nat\u00fcrliche, konzentrierte Wesentliche der Rosmarinpflanze.<\/p>\n<p>Rosmarin ist eines der vielseitigsten \u00e4therischen \u00d6le in der Aromatherapie. Sein frischer, kr\u00e4uterw\u00fcrziger Duft wird traditionell zur F\u00f6rderung eines klaren, belebenden Raumklimas eingesetzt und ist sowohl in der Aromatherapie als auch bei der K\u00f6rperpflege \u2013 bei fachgerechter Verd\u00fcnnung \u2013 weit verbreitet.<\/p>\n<p>Das praktische 30-ml-Fl\u00e4schchen im Originalformat von NOW Foods ist ideal f\u00fcr den t\u00e4glichen Gebrauch zu Hause oder unterwegs. Als veganes und glutenfreies Produkt eignet es sich f\u00fcr eine breite Anwenderschaft.<\/p>\n<\/p><\/div>\n<div class=\"chcg-dosage\">\n<h3>Verzehrempfehlung<\/h3>\n<p>F\u00fcr die Aromatherapie geeignet. F\u00fcr alle anderen Anwendungen vor Gebrauch sorgf\u00e4ltig mit einem Tr\u00e4ger\u00f6l verd\u00fcnnen, z. B. Jojoba\u00f6l, Traubenkern\u00f6l, Oliven\u00f6l oder Mandel\u00f6l. Bitte konsultieren Sie ein Fachbuch \u00fcber \u00e4therische \u00d6le oder eine andere professionelle Referenzquelle f\u00fcr empfohlene Verd\u00fcnnungsverh\u00e4ltnisse.<\/p>\n<\/p><\/div>\n<div class=\"chcg-warnings\">\n<h3>Warnhinweise<\/h3>\n<p>Ausserhalb der Reichweite von Kindern aufbewahren. Kontakt mit den Augen vermeiden. Wenn Sie schwanger sind oder stillen, konsultieren Sie vor der Anwendung Ihre \u00c4rztin oder Ihren Arzt bzw. eine Fachperson im Gesundheitswesen. Nat\u00fcrliche \u00e4therische \u00d6le sind hochkonzentriert und sollten mit Sorgfalt verwendet werden.<\/p>\n<\/p><\/div>\n<div class=\"chcg-allergens\">\n<h3>Allergeninformationen<\/h3>\n<p>Keine Allergene auf dem Etikett deklariert.<\/p>\n<\/p><\/div>\n<div class=\"chcg-storage\">\n<h3>Lagerung<\/h3>\n<p>Nach der Verwendung \u00e4therischer \u00d6le den Verschluss sofort fest schliessen, um eine Oxidation zu verhindern. F\u00fcr beste Ergebnisse bei Raumtemperatur und im Originalbeh\u00e4lter aufbewahren. Lagerung in der N\u00e4he von W\u00e4rmequellen, direktem Sonnenlicht sowie in Bereichen mit \u00fcberm\u00e4ssiger Luftfeuchtigkeit \u2013 wie z. B. Badezimmern \u2013 vermeiden.<\/p>\n<\/p><\/div>\n<div class=\"chcg-dietary\">\n<h3>Ern\u00e4hrungshinweise<\/h3>\n<ul>\n<li>Vegan<\/li>\n<li>Vegetarisch<\/li>\n<li>Glutenfrei<\/li>\n<li>Laktosefrei<\/li>\n<\/ul><\/div>\n<\/div>\n","protected":false},"excerpt":{"rendered":"<p>100% reines \u00e4therisches Rosmarin\u00f6l (Rosmarinus officinalis) von NOW Foods \u2013 ideal f\u00fcr die Aromatherapie. Fl\u00fcssiges \u00d6l im 30-ml-Fl\u00e4schchen, vegan und glutenfrei. Vor Anwendung auf der Haut mit einem Tr\u00e4ger\u00f6l verd\u00fcnnen.<\/p>\n","protected":false},"featured_media":4546,"comment_status":"closed","ping_status":"open","template":"","meta":[],"product_brand":[454],"product_cat":[72,143,48,25,22],"product_tag":[],"class_list":{"0":"post-4545","1":"product","2":"type-product","3":"status-publish","4":"has-post-thumbnail","6":"product_brand-nownow-foods","7":"product_cat-aetherische-oele","8":"product_cat-aetherisches-oel","9":"product_cat-gesunde-ernaehrung","10":"product_cat-gesundheit-und-wohlbefinden","11":"product_cat-vegane-produkte","13":"first","14":"outofstock","15":"taxable","16":"shipping-taxable","17":"purchasable","18":"product-type-simple"},"yoast_head":"<!-- This site is optimized with the Yoast SEO plugin v27.5 - https:\/\/yoast.com\/product\/yoast-seo-wordpress\/ -->\n<title>Essential Oil, Rosemary Oil 30 ml \u2013 NOW Foods | ecosupplements.ch<\/title>\n<meta name=\"description\" content=\"100% reines \u00e4therisches Rosmarin\u00f6l von NOW Foods \u2013 vegan, glutenfrei, 30 ml. F\u00fcr Aromatherapie und \u2013 verd\u00fcnnt \u2013 zur topischen Anwendung. Jetzt bestellen.\" \/>\n<meta name=\"robots\" content=\"index, follow, max-snippet:-1, max-image-preview:large, max-video-preview:-1\" \/>\n<link rel=\"canonical\" href=\"https:\/\/ecosupplements.ch\/?product=essential-oil-rosemary-oil-30-ml\" \/>\n<meta property=\"og:locale\" content=\"de_DE\" \/>\n<meta property=\"og:type\" content=\"article\" \/>\n<meta property=\"og:title\" content=\"Essential Oil, Rosemary Oil 30 ml \u2013 NOW Foods | ecosupplements.ch\" \/>\n<meta property=\"og:description\" content=\"100% reines \u00e4therisches Rosmarin\u00f6l von NOW Foods \u2013 vegan, glutenfrei, 30 ml. F\u00fcr Aromatherapie und \u2013 verd\u00fcnnt \u2013 zur topischen Anwendung. Jetzt bestellen.\" \/>\n<meta property=\"og:url\" content=\"https:\/\/ecosupplements.ch\/?product=essential-oil-rosemary-oil-30-ml\" \/>\n<meta property=\"og:site_name\" content=\"Eco Supplements\" \/>\n<meta property=\"article:modified_time\" content=\"2026-05-13T07:23:05+00:00\" \/>\n<meta property=\"og:image\" content=\"https:\/\/ecosupplements.ch\/wp-content\/uploads\/2026\/05\/Essential-Oil-Rosemary-Oil-30-ml.webp\" \/>\n\t<meta property=\"og:image:width\" content=\"1000\" \/>\n\t<meta property=\"og:image:height\" content=\"1000\" \/>\n\t<meta property=\"og:image:type\" content=\"image\/jpeg\" \/>\n<meta name=\"twitter:card\" content=\"summary_large_image\" \/>\n<meta name=\"twitter:label1\" content=\"Price\" \/>\n\t<meta name=\"twitter:data1\" content=\"&#067;&#072;&#070;&nbsp;9.78\" \/>\n\t<meta name=\"twitter:label2\" content=\"Availability\" \/>\n\t<meta name=\"twitter:data2\" content=\"Out of stock\" \/>\n<script type=\"application\/ld+json\" class=\"yoast-schema-graph\">{\"@context\":\"https:\\\/\\\/schema.org\",\"@graph\":[{\"@type\":\"WebPage\",\"@id\":\"https:\\\/\\\/ecosupplements.ch\\\/?product=essential-oil-rosemary-oil-30-ml\",\"url\":\"https:\\\/\\\/ecosupplements.ch\\\/?product=essential-oil-rosemary-oil-30-ml\",\"name\":\"Essential Oil, Rosemary Oil 30 ml \u2013 NOW Foods | ecosupplements.ch\",\"isPartOf\":{\"@id\":\"https:\\\/\\\/ecosupplements.ch\\\/#website\"},\"primaryImageOfPage\":{\"@id\":\"https:\\\/\\\/ecosupplements.ch\\\/?product=essential-oil-rosemary-oil-30-ml#primaryimage\"},\"image\":{\"@id\":\"https:\\\/\\\/ecosupplements.ch\\\/?product=essential-oil-rosemary-oil-30-ml#primaryimage\"},\"thumbnailUrl\":\"https:\\\/\\\/ecosupplements.ch\\\/wp-content\\\/uploads\\\/2026\\\/05\\\/Essential-Oil-Rosemary-Oil-30-ml.webp\",\"datePublished\":\"2026-05-11T14:59:25+00:00\",\"dateModified\":\"2026-05-13T07:23:05+00:00\",\"description\":\"100% reines \u00e4therisches Rosmarin\u00f6l von NOW Foods \u2013 vegan, glutenfrei, 30 ml. F\u00fcr Aromatherapie und \u2013 verd\u00fcnnt \u2013 zur topischen Anwendung. Jetzt bestellen.\",\"breadcrumb\":{\"@id\":\"https:\\\/\\\/ecosupplements.ch\\\/?product=essential-oil-rosemary-oil-30-ml#breadcrumb\"},\"inLanguage\":\"de-CH\",\"potentialAction\":[{\"@type\":\"ReadAction\",\"target\":[\"https:\\\/\\\/ecosupplements.ch\\\/?product=essential-oil-rosemary-oil-30-ml\"]}]},{\"@type\":\"ImageObject\",\"inLanguage\":\"de-CH\",\"@id\":\"https:\\\/\\\/ecosupplements.ch\\\/?product=essential-oil-rosemary-oil-30-ml#primaryimage\",\"url\":\"https:\\\/\\\/ecosupplements.ch\\\/wp-content\\\/uploads\\\/2026\\\/05\\\/Essential-Oil-Rosemary-Oil-30-ml.webp\",\"contentUrl\":\"https:\\\/\\\/ecosupplements.ch\\\/wp-content\\\/uploads\\\/2026\\\/05\\\/Essential-Oil-Rosemary-Oil-30-ml.webp\",\"width\":1000,\"height\":1000,\"caption\":\"Essential Oil\"},{\"@type\":\"BreadcrumbList\",\"@id\":\"https:\\\/\\\/ecosupplements.ch\\\/?product=essential-oil-rosemary-oil-30-ml#breadcrumb\",\"itemListElement\":[{\"@type\":\"ListItem\",\"position\":1,\"name\":\"Home\",\"item\":\"https:\\\/\\\/ecosupplements.ch\\\/\"},{\"@type\":\"ListItem\",\"position\":2,\"name\":\"Shop\",\"item\":\"https:\\\/\\\/ecosupplements.ch\\\/?page_id=14\"},{\"@type\":\"ListItem\",\"position\":3,\"name\":\"Essential Oil, Rosemary Oil &#8211; 30 ml.\"}]},{\"@type\":\"WebSite\",\"@id\":\"https:\\\/\\\/ecosupplements.ch\\\/#website\",\"url\":\"https:\\\/\\\/ecosupplements.ch\\\/\",\"name\":\"Eco Supplements\",\"description\":\"\",\"potentialAction\":[{\"@type\":\"SearchAction\",\"target\":{\"@type\":\"EntryPoint\",\"urlTemplate\":\"https:\\\/\\\/ecosupplements.ch\\\/?s={search_term_string}\"},\"query-input\":{\"@type\":\"PropertyValueSpecification\",\"valueRequired\":true,\"valueName\":\"search_term_string\"}}],\"inLanguage\":\"de-CH\"}]}<\/script>\n<meta property=\"product:price:amount\" content=\"9.78\" \/>\n<meta property=\"product:price:currency\" content=\"CHF\" \/>\n<meta property=\"og:availability\" content=\"out of stock\" \/>\n<meta property=\"product:availability\" content=\"out of stock\" \/>\n<meta property=\"product:retailer_item_id\" content=\"733739076007\" \/>\n<meta property=\"product:condition\" content=\"new\" \/>\n<!-- \/ Yoast SEO plugin. -->","yoast_head_json":{"title":"Essential Oil, Rosemary Oil 30 ml \u2013 NOW Foods | ecosupplements.ch","description":"100% reines \u00e4therisches Rosmarin\u00f6l von NOW Foods \u2013 vegan, glutenfrei, 30 ml. F\u00fcr Aromatherapie und \u2013 verd\u00fcnnt \u2013 zur topischen Anwendung. Jetzt bestellen.","robots":{"index":"index","follow":"follow","max-snippet":"max-snippet:-1","max-image-preview":"max-image-preview:large","max-video-preview":"max-video-preview:-1"},"canonical":"https:\/\/ecosupplements.ch\/?product=essential-oil-rosemary-oil-30-ml","og_locale":"de_DE","og_type":"article","og_title":"Essential Oil, Rosemary Oil 30 ml \u2013 NOW Foods | ecosupplements.ch","og_description":"100% reines \u00e4therisches Rosmarin\u00f6l von NOW Foods \u2013 vegan, glutenfrei, 30 ml. F\u00fcr Aromatherapie und \u2013 verd\u00fcnnt \u2013 zur topischen Anwendung. Jetzt bestellen.","og_url":"https:\/\/ecosupplements.ch\/?product=essential-oil-rosemary-oil-30-ml","og_site_name":"Eco Supplements","article_modified_time":"2026-05-13T07:23:05+00:00","og_image":[{"width":1000,"height":1000,"url":"https:\/\/ecosupplements.ch\/wp-content\/uploads\/2026\/05\/Essential-Oil-Rosemary-Oil-30-ml.webp","type":"image\/jpeg"}],"twitter_card":"summary_large_image","twitter_misc":{"Price":"&#67;&#72;&#70;&nbsp;9.78","Availability":"Out of stock"},"schema":{"@context":"https:\/\/schema.org","@graph":[{"@type":"WebPage","@id":"https:\/\/ecosupplements.ch\/?product=essential-oil-rosemary-oil-30-ml","url":"https:\/\/ecosupplements.ch\/?product=essential-oil-rosemary-oil-30-ml","name":"Essential Oil, Rosemary Oil 30 ml \u2013 NOW Foods | ecosupplements.ch","isPartOf":{"@id":"https:\/\/ecosupplements.ch\/#website"},"primaryImageOfPage":{"@id":"https:\/\/ecosupplements.ch\/?product=essential-oil-rosemary-oil-30-ml#primaryimage"},"image":{"@id":"https:\/\/ecosupplements.ch\/?product=essential-oil-rosemary-oil-30-ml#primaryimage"},"thumbnailUrl":"https:\/\/ecosupplements.ch\/wp-content\/uploads\/2026\/05\/Essential-Oil-Rosemary-Oil-30-ml.webp","datePublished":"2026-05-11T14:59:25+00:00","dateModified":"2026-05-13T07:23:05+00:00","description":"100% reines \u00e4therisches Rosmarin\u00f6l von NOW Foods \u2013 vegan, glutenfrei, 30 ml. F\u00fcr Aromatherapie und \u2013 verd\u00fcnnt \u2013 zur topischen Anwendung. Jetzt bestellen.","breadcrumb":{"@id":"https:\/\/ecosupplements.ch\/?product=essential-oil-rosemary-oil-30-ml#breadcrumb"},"inLanguage":"de-CH","potentialAction":[{"@type":"ReadAction","target":["https:\/\/ecosupplements.ch\/?product=essential-oil-rosemary-oil-30-ml"]}]},{"@type":"ImageObject","inLanguage":"de-CH","@id":"https:\/\/ecosupplements.ch\/?product=essential-oil-rosemary-oil-30-ml#primaryimage","url":"https:\/\/ecosupplements.ch\/wp-content\/uploads\/2026\/05\/Essential-Oil-Rosemary-Oil-30-ml.webp","contentUrl":"https:\/\/ecosupplements.ch\/wp-content\/uploads\/2026\/05\/Essential-Oil-Rosemary-Oil-30-ml.webp","width":1000,"height":1000,"caption":"Essential Oil"},{"@type":"BreadcrumbList","@id":"https:\/\/ecosupplements.ch\/?product=essential-oil-rosemary-oil-30-ml#breadcrumb","itemListElement":[{"@type":"ListItem","position":1,"name":"Home","item":"https:\/\/ecosupplements.ch\/"},{"@type":"ListItem","position":2,"name":"Shop","item":"https:\/\/ecosupplements.ch\/?page_id=14"},{"@type":"ListItem","position":3,"name":"Essential Oil, Rosemary Oil &#8211; 30 ml."}]},{"@type":"WebSite","@id":"https:\/\/ecosupplements.ch\/#website","url":"https:\/\/ecosupplements.ch\/","name":"Eco Supplements","description":"","potentialAction":[{"@type":"SearchAction","target":{"@type":"EntryPoint","urlTemplate":"https:\/\/ecosupplements.ch\/?s={search_term_string}"},"query-input":{"@type":"PropertyValueSpecification","valueRequired":true,"valueName":"search_term_string"}}],"inLanguage":"de-CH"}]},"product_price_amount":"9.78","product_price_currency":"CHF","og_availability":"out of stock","product_availability":"out of stock","product_retailer_item_id":"733739076007","product_condition":"new"},"_links":{"self":[{"href":"https:\/\/ecosupplements.ch\/index.php?rest_route=\/wp\/v2\/product\/4545","targetHints":{"allow":["GET"]}}],"collection":[{"href":"https:\/\/ecosupplements.ch\/index.php?rest_route=\/wp\/v2\/product"}],"about":[{"href":"https:\/\/ecosupplements.ch\/index.php?rest_route=\/wp\/v2\/types\/product"}],"replies":[{"embeddable":true,"href":"https:\/\/ecosupplements.ch\/index.php?rest_route=%2Fwp%2Fv2%2Fcomments&post=4545"}],"wp:featuredmedia":[{"embeddable":true,"href":"https:\/\/ecosupplements.ch\/index.php?rest_route=\/wp\/v2\/media\/4546"}],"wp:attachment":[{"href":"https:\/\/ecosupplements.ch\/index.php?rest_route=%2Fwp%2Fv2%2Fmedia&parent=4545"}],"wp:term":[{"taxonomy":"product_brand","embeddable":true,"href":"https:\/\/ecosupplements.ch\/index.php?rest_route=%2Fwp%2Fv2%2Fproduct_brand&post=4545"},{"taxonomy":"product_cat","embeddable":true,"href":"https:\/\/ecosupplements.ch\/index.php?rest_route=%2Fwp%2Fv2%2Fproduct_cat&post=4545"},{"taxonomy":"product_tag","embeddable":true,"href":"https:\/\/ecosupplements.ch\/index.php?rest_route=%2Fwp%2Fv2%2Fproduct_tag&post=4545"}],"curies":[{"name":"wp","href":"https:\/\/api.w.org\/{rel}","templated":true}]}}