{"id":4554,"date":"2026-05-11T14:59:29","date_gmt":"2026-05-11T14:59:29","guid":{"rendered":"https:\/\/ecosupplements.ch\/?product=grapeseed-oil-473-ml"},"modified":"2026-05-13T07:23:09","modified_gmt":"2026-05-13T07:23:09","slug":"grapeseed-oil-473-ml","status":"publish","type":"product","link":"https:\/\/ecosupplements.ch\/?product=grapeseed-oil-473-ml","title":{"rendered":"Grapeseed Oil &#8211; 473 ml."},"content":{"rendered":"<div class=\"chcg-product-description\">\n<h2 class=\"chcg-heading\">\u00dcber NOW Foods \u2013 Grapeseed Oil \u2013 473 ml<\/h2>\n<div class=\"chcg-intro\">\n<p>Das Grapeseed Oil von NOW Foods ist ein reines, hochwertiges Traubenkern\u00f6l, das aus sorgf\u00e4ltig ausgew\u00e4hlten Weintraubenkernen gewonnen wird. Dank seiner leichten Textur und des dezenten Eigengeruchs eignet es sich ideal f\u00fcr die t\u00e4gliche Haut- und Haarpflege.<\/p>\n<p>Das \u00d6l wird direkt auf die Haut aufgetragen und kann als pflegende Basis f\u00fcr selbst hergestellte Lotionen oder K\u00f6rperpflegeprodukte verwendet werden. Seine vielseitige Anwendung macht es zu einem praktischen Begleiter f\u00fcr die ganzheitliche Pflegeroutine.<\/p>\n<p>Als Haarkur geeignet f\u00fcr alle Haartypen, n\u00e4hrt das Grapeseed Oil die Haarstruktur und verleiht ihr Geschmeidigkeit. Das grossz\u00fcgige F\u00fcllvolumen von 473 ml bietet langanhaltenden Genuss und ausgezeichneten Gegenwert.<\/p>\n<\/p><\/div>\n<div class=\"chcg-ingredients\">\n<h3>Zutaten<\/h3>\n<p>Vitis Vinifera (Grape) Seed Oil.<\/p>\n<\/p><\/div>\n<div class=\"chcg-dosage\">\n<h3>Verzehrempfehlung<\/h3>\n<p>Als Feuchtigkeitspflege das \u00d6l direkt auf die Haut auftragen oder als Basis f\u00fcr Lotionen verwenden. Kann auch als Haarkur f\u00fcr alle Haartypen eingesetzt werden.<\/p>\n<\/p><\/div>\n<div class=\"chcg-warnings\">\n<h3>Warnhinweise<\/h3>\n<p>Direkten Kontakt mit den Augen vermeiden. Aufgrund der Beschaffenheit dieses \u00d6ls k\u00f6nnen gelegentlich Tr\u00fcbungen oder Partikel auftreten.<\/p>\n<\/p><\/div>\n<div class=\"chcg-storage\">\n<h3>Lagerung<\/h3>\n<p>Nach dem \u00d6ffnen an einem k\u00fchlen, trockenen Ort aufbewahren.<\/p>\n<\/p><\/div>\n<div class=\"chcg-dietary\">\n<h3>Ern\u00e4hrungshinweise<\/h3>\n<ul>\n<li>Vegan<\/li>\n<li>Vegetarisch<\/li>\n<li>Glutenfrei<\/li>\n<li>Laktosefrei<\/li>\n<\/ul><\/div>\n<\/div>\n","protected":false},"excerpt":{"rendered":"<p>NOW Foods Grapeseed Oil pflegt Haut und Haar mit reinem Traubenkern\u00f6l. Vielseitig einsetzbar als Feuchtigkeitspflege oder Haarkur f\u00fcr alle Haartypen. Erh\u00e4ltlich als 473 ml Flasche.<\/p>\n","protected":false},"featured_media":4555,"comment_status":"closed","ping_status":"open","template":"","meta":[],"product_brand":[454],"product_cat":[48,25,33,22],"product_tag":[],"class_list":{"0":"post-4554","1":"product","2":"type-product","3":"status-publish","4":"has-post-thumbnail","6":"product_brand-nownow-foods","7":"product_cat-gesunde-ernaehrung","8":"product_cat-gesundheit-und-wohlbefinden","9":"product_cat-omega-fettsaeuren-essentielle-fettsaeuren-konjugierte-linolsaeure-oele","10":"product_cat-vegane-produkte","12":"first","13":"outofstock","14":"taxable","15":"shipping-taxable","16":"purchasable","17":"product-type-simple"},"yoast_head":"<!-- This site is optimized with the Yoast SEO plugin v27.5 - https:\/\/yoast.com\/product\/yoast-seo-wordpress\/ -->\n<title>Grapeseed Oil 473 ml \u2013 NOW Foods | ecosupplements.ch<\/title>\n<meta name=\"description\" content=\"Reines Traubenkern\u00f6l von NOW Foods \u2013 ideal f\u00fcr Haut- und Haarpflege, vegan und glutenfrei, 473 ml. Jetzt bestellen.\" \/>\n<meta name=\"robots\" content=\"index, follow, max-snippet:-1, max-image-preview:large, max-video-preview:-1\" \/>\n<link rel=\"canonical\" href=\"https:\/\/ecosupplements.ch\/?product=grapeseed-oil-473-ml\" \/>\n<meta property=\"og:locale\" content=\"de_DE\" \/>\n<meta property=\"og:type\" content=\"article\" \/>\n<meta property=\"og:title\" content=\"Grapeseed Oil 473 ml \u2013 NOW Foods | ecosupplements.ch\" \/>\n<meta property=\"og:description\" content=\"Reines Traubenkern\u00f6l von NOW Foods \u2013 ideal f\u00fcr Haut- und Haarpflege, vegan und glutenfrei, 473 ml. Jetzt bestellen.\" \/>\n<meta property=\"og:url\" content=\"https:\/\/ecosupplements.ch\/?product=grapeseed-oil-473-ml\" \/>\n<meta property=\"og:site_name\" content=\"Eco Supplements\" \/>\n<meta property=\"article:modified_time\" content=\"2026-05-13T07:23:09+00:00\" \/>\n<meta property=\"og:image\" content=\"https:\/\/ecosupplements.ch\/wp-content\/uploads\/2026\/05\/Grapeseed-Oil-473-ml.webp\" \/>\n\t<meta property=\"og:image:width\" content=\"1000\" \/>\n\t<meta property=\"og:image:height\" content=\"1000\" \/>\n\t<meta property=\"og:image:type\" content=\"image\/jpeg\" \/>\n<meta name=\"twitter:card\" content=\"summary_large_image\" \/>\n<meta name=\"twitter:label1\" content=\"Price\" \/>\n\t<meta name=\"twitter:data1\" content=\"&#067;&#072;&#070;&nbsp;14.59\" \/>\n\t<meta name=\"twitter:label2\" content=\"Availability\" \/>\n\t<meta name=\"twitter:data2\" content=\"Out of stock\" \/>\n<script type=\"application\/ld+json\" class=\"yoast-schema-graph\">{\"@context\":\"https:\\\/\\\/schema.org\",\"@graph\":[{\"@type\":\"WebPage\",\"@id\":\"https:\\\/\\\/ecosupplements.ch\\\/?product=grapeseed-oil-473-ml\",\"url\":\"https:\\\/\\\/ecosupplements.ch\\\/?product=grapeseed-oil-473-ml\",\"name\":\"Grapeseed Oil 473 ml \u2013 NOW Foods | ecosupplements.ch\",\"isPartOf\":{\"@id\":\"https:\\\/\\\/ecosupplements.ch\\\/#website\"},\"primaryImageOfPage\":{\"@id\":\"https:\\\/\\\/ecosupplements.ch\\\/?product=grapeseed-oil-473-ml#primaryimage\"},\"image\":{\"@id\":\"https:\\\/\\\/ecosupplements.ch\\\/?product=grapeseed-oil-473-ml#primaryimage\"},\"thumbnailUrl\":\"https:\\\/\\\/ecosupplements.ch\\\/wp-content\\\/uploads\\\/2026\\\/05\\\/Grapeseed-Oil-473-ml.webp\",\"datePublished\":\"2026-05-11T14:59:29+00:00\",\"dateModified\":\"2026-05-13T07:23:09+00:00\",\"description\":\"Reines Traubenkern\u00f6l von NOW Foods \u2013 ideal f\u00fcr Haut- und Haarpflege, vegan und glutenfrei, 473 ml. Jetzt bestellen.\",\"breadcrumb\":{\"@id\":\"https:\\\/\\\/ecosupplements.ch\\\/?product=grapeseed-oil-473-ml#breadcrumb\"},\"inLanguage\":\"de-CH\",\"potentialAction\":[{\"@type\":\"ReadAction\",\"target\":[\"https:\\\/\\\/ecosupplements.ch\\\/?product=grapeseed-oil-473-ml\"]}]},{\"@type\":\"ImageObject\",\"inLanguage\":\"de-CH\",\"@id\":\"https:\\\/\\\/ecosupplements.ch\\\/?product=grapeseed-oil-473-ml#primaryimage\",\"url\":\"https:\\\/\\\/ecosupplements.ch\\\/wp-content\\\/uploads\\\/2026\\\/05\\\/Grapeseed-Oil-473-ml.webp\",\"contentUrl\":\"https:\\\/\\\/ecosupplements.ch\\\/wp-content\\\/uploads\\\/2026\\\/05\\\/Grapeseed-Oil-473-ml.webp\",\"width\":1000,\"height\":1000,\"caption\":\"Grapeseed Oil - 473 ml.\"},{\"@type\":\"BreadcrumbList\",\"@id\":\"https:\\\/\\\/ecosupplements.ch\\\/?product=grapeseed-oil-473-ml#breadcrumb\",\"itemListElement\":[{\"@type\":\"ListItem\",\"position\":1,\"name\":\"Home\",\"item\":\"https:\\\/\\\/ecosupplements.ch\\\/\"},{\"@type\":\"ListItem\",\"position\":2,\"name\":\"Shop\",\"item\":\"https:\\\/\\\/ecosupplements.ch\\\/?page_id=14\"},{\"@type\":\"ListItem\",\"position\":3,\"name\":\"Grapeseed Oil &#8211; 473 ml.\"}]},{\"@type\":\"WebSite\",\"@id\":\"https:\\\/\\\/ecosupplements.ch\\\/#website\",\"url\":\"https:\\\/\\\/ecosupplements.ch\\\/\",\"name\":\"Eco Supplements\",\"description\":\"\",\"potentialAction\":[{\"@type\":\"SearchAction\",\"target\":{\"@type\":\"EntryPoint\",\"urlTemplate\":\"https:\\\/\\\/ecosupplements.ch\\\/?s={search_term_string}\"},\"query-input\":{\"@type\":\"PropertyValueSpecification\",\"valueRequired\":true,\"valueName\":\"search_term_string\"}}],\"inLanguage\":\"de-CH\"}]}<\/script>\n<meta property=\"product:price:amount\" content=\"14.59\" \/>\n<meta property=\"product:price:currency\" content=\"CHF\" \/>\n<meta property=\"og:availability\" content=\"out of stock\" \/>\n<meta property=\"product:availability\" content=\"out of stock\" \/>\n<meta property=\"product:retailer_item_id\" content=\"733739077073\" \/>\n<meta property=\"product:condition\" content=\"new\" \/>\n<!-- \/ Yoast SEO plugin. -->","yoast_head_json":{"title":"Grapeseed Oil 473 ml \u2013 NOW Foods | ecosupplements.ch","description":"Reines Traubenkern\u00f6l von NOW Foods \u2013 ideal f\u00fcr Haut- und Haarpflege, vegan und glutenfrei, 473 ml. Jetzt bestellen.","robots":{"index":"index","follow":"follow","max-snippet":"max-snippet:-1","max-image-preview":"max-image-preview:large","max-video-preview":"max-video-preview:-1"},"canonical":"https:\/\/ecosupplements.ch\/?product=grapeseed-oil-473-ml","og_locale":"de_DE","og_type":"article","og_title":"Grapeseed Oil 473 ml \u2013 NOW Foods | ecosupplements.ch","og_description":"Reines Traubenkern\u00f6l von NOW Foods \u2013 ideal f\u00fcr Haut- und Haarpflege, vegan und glutenfrei, 473 ml. Jetzt bestellen.","og_url":"https:\/\/ecosupplements.ch\/?product=grapeseed-oil-473-ml","og_site_name":"Eco Supplements","article_modified_time":"2026-05-13T07:23:09+00:00","og_image":[{"width":1000,"height":1000,"url":"https:\/\/ecosupplements.ch\/wp-content\/uploads\/2026\/05\/Grapeseed-Oil-473-ml.webp","type":"image\/jpeg"}],"twitter_card":"summary_large_image","twitter_misc":{"Price":"&#67;&#72;&#70;&nbsp;14.59","Availability":"Out of stock"},"schema":{"@context":"https:\/\/schema.org","@graph":[{"@type":"WebPage","@id":"https:\/\/ecosupplements.ch\/?product=grapeseed-oil-473-ml","url":"https:\/\/ecosupplements.ch\/?product=grapeseed-oil-473-ml","name":"Grapeseed Oil 473 ml \u2013 NOW Foods | ecosupplements.ch","isPartOf":{"@id":"https:\/\/ecosupplements.ch\/#website"},"primaryImageOfPage":{"@id":"https:\/\/ecosupplements.ch\/?product=grapeseed-oil-473-ml#primaryimage"},"image":{"@id":"https:\/\/ecosupplements.ch\/?product=grapeseed-oil-473-ml#primaryimage"},"thumbnailUrl":"https:\/\/ecosupplements.ch\/wp-content\/uploads\/2026\/05\/Grapeseed-Oil-473-ml.webp","datePublished":"2026-05-11T14:59:29+00:00","dateModified":"2026-05-13T07:23:09+00:00","description":"Reines Traubenkern\u00f6l von NOW Foods \u2013 ideal f\u00fcr Haut- und Haarpflege, vegan und glutenfrei, 473 ml. Jetzt bestellen.","breadcrumb":{"@id":"https:\/\/ecosupplements.ch\/?product=grapeseed-oil-473-ml#breadcrumb"},"inLanguage":"de-CH","potentialAction":[{"@type":"ReadAction","target":["https:\/\/ecosupplements.ch\/?product=grapeseed-oil-473-ml"]}]},{"@type":"ImageObject","inLanguage":"de-CH","@id":"https:\/\/ecosupplements.ch\/?product=grapeseed-oil-473-ml#primaryimage","url":"https:\/\/ecosupplements.ch\/wp-content\/uploads\/2026\/05\/Grapeseed-Oil-473-ml.webp","contentUrl":"https:\/\/ecosupplements.ch\/wp-content\/uploads\/2026\/05\/Grapeseed-Oil-473-ml.webp","width":1000,"height":1000,"caption":"Grapeseed Oil - 473 ml."},{"@type":"BreadcrumbList","@id":"https:\/\/ecosupplements.ch\/?product=grapeseed-oil-473-ml#breadcrumb","itemListElement":[{"@type":"ListItem","position":1,"name":"Home","item":"https:\/\/ecosupplements.ch\/"},{"@type":"ListItem","position":2,"name":"Shop","item":"https:\/\/ecosupplements.ch\/?page_id=14"},{"@type":"ListItem","position":3,"name":"Grapeseed Oil &#8211; 473 ml."}]},{"@type":"WebSite","@id":"https:\/\/ecosupplements.ch\/#website","url":"https:\/\/ecosupplements.ch\/","name":"Eco Supplements","description":"","potentialAction":[{"@type":"SearchAction","target":{"@type":"EntryPoint","urlTemplate":"https:\/\/ecosupplements.ch\/?s={search_term_string}"},"query-input":{"@type":"PropertyValueSpecification","valueRequired":true,"valueName":"search_term_string"}}],"inLanguage":"de-CH"}]},"product_price_amount":"14.59","product_price_currency":"CHF","og_availability":"out of stock","product_availability":"out of stock","product_retailer_item_id":"733739077073","product_condition":"new"},"_links":{"self":[{"href":"https:\/\/ecosupplements.ch\/index.php?rest_route=\/wp\/v2\/product\/4554","targetHints":{"allow":["GET"]}}],"collection":[{"href":"https:\/\/ecosupplements.ch\/index.php?rest_route=\/wp\/v2\/product"}],"about":[{"href":"https:\/\/ecosupplements.ch\/index.php?rest_route=\/wp\/v2\/types\/product"}],"replies":[{"embeddable":true,"href":"https:\/\/ecosupplements.ch\/index.php?rest_route=%2Fwp%2Fv2%2Fcomments&post=4554"}],"wp:featuredmedia":[{"embeddable":true,"href":"https:\/\/ecosupplements.ch\/index.php?rest_route=\/wp\/v2\/media\/4555"}],"wp:attachment":[{"href":"https:\/\/ecosupplements.ch\/index.php?rest_route=%2Fwp%2Fv2%2Fmedia&parent=4554"}],"wp:term":[{"taxonomy":"product_brand","embeddable":true,"href":"https:\/\/ecosupplements.ch\/index.php?rest_route=%2Fwp%2Fv2%2Fproduct_brand&post=4554"},{"taxonomy":"product_cat","embeddable":true,"href":"https:\/\/ecosupplements.ch\/index.php?rest_route=%2Fwp%2Fv2%2Fproduct_cat&post=4554"},{"taxonomy":"product_tag","embeddable":true,"href":"https:\/\/ecosupplements.ch\/index.php?rest_route=%2Fwp%2Fv2%2Fproduct_tag&post=4554"}],"curies":[{"name":"wp","href":"https:\/\/api.w.org\/{rel}","templated":true}]}}