{"id":4596,"date":"2026-05-11T14:59:50","date_gmt":"2026-05-11T14:59:50","guid":{"rendered":"https:\/\/ecosupplements.ch\/?product=magnesium-oil-original-spray-100-ml"},"modified":"2026-05-13T07:24:24","modified_gmt":"2026-05-13T07:24:24","slug":"magnesium-oil-original-spray-100-ml","status":"publish","type":"product","link":"https:\/\/ecosupplements.ch\/?product=magnesium-oil-original-spray-100-ml","title":{"rendered":"Magnesium Oil Original Spray &#8211; 100 ml."},"content":{"rendered":"<div class=\"chcg-product-description\">\n<h2 class=\"chcg-heading\">\u00dcber BetterYou \u2013 Magnesium Oil Original Spray \u2013 100 ml<\/h2>\n<div class=\"chcg-intro\">\n<p>Das BetterYou Magnesium Oil Original Spray erm\u00f6glicht eine direkte transdermale Aufnahme von Magnesium durch die Haut \u2013 ganz ohne Kapseln oder Tabletten. Die Formulierung basiert auf dem exklusiven Zechstein Inside\u00ae Magnesiumchlorid-Hexahydrat, das aus einer der reinsten unterirdischen Magnesiumquellen der Welt stammt und in einer Konzentration von 31 % vorliegt. Magnesium tr\u00e4gt zur normalen Muskelfunktion, zur Verringerung von M\u00fcdigkeit und Ersch\u00f6pfung sowie zum Erhalt gesunder Knochen und Z\u00e4hne bei.<\/p>\n<p>Mit 600 Spr\u00fchst\u00f6ssen pro Flasche bietet das 100-ml-Spray eine praktische und dosierbare Anwendung im Alltag. Bereits 10 Spr\u00fchst\u00f6sse liefern mindestens 200 mg (57 % des N\u00e4hrstoffreferenzwertes) an elementarem Magnesium. Das Produkt eignet sich f\u00fcr die Anwendung an Gelenken, Muskeln und gezielt beanspruchten K\u00f6rperstellen.<\/p>\n<p>Das Magnesium Oil Original Spray ist vegan, glutenfrei und laktosefrei \u2013 und dank POFCAP-Zertifizierung frei von Palm\u00f6l und Palm\u00f6lderivaten. Es ist geeignet f\u00fcr Erwachsene, Kinder sowie zur Anwendung w\u00e4hrend der Schwangerschaft.<\/p>\n<\/p><\/div>\n<div class=\"chcg-nutrition\">\n<h3>N\u00e4hrwertangaben<\/h3>\n<table class=\"chcg-nutrition-table\">\n<thead>\n<tr>\n<th>N\u00e4hrstoff<\/th>\n<th>Pro Portion (ca. 10 Spr\u00fchst\u00f6sse)<\/th>\n<\/tr>\n<\/thead>\n<tbody>\n<tr>\n<td>Magnesium<\/td>\n<td>200 mg (57 % NRV)<\/td>\n<\/tr>\n<\/tbody>\n<\/table>\n<p class=\"chcg-footnote\">Quelle: Zechstein Inside\u00ae Magnesiumchlorid-Hexahydrat in 31 % Konzentration.<\/p>\n<\/p><\/div>\n<div class=\"chcg-ingredients\">\n<h3>Zutaten<\/h3>\n<p>Konzentrierte L\u00f6sung aus Zechstein Inside\u00ae Magnesiumchlorid-Hexahydrat (Wasser, Magnesiumchlorid-Hexahydrat \u2013 31 % Konzentration).<\/p>\n<\/p><\/div>\n<div class=\"chcg-dosage\">\n<h3>Verzehrempfehlung<\/h3>\n<p>Auf die Haut spr\u00fchen und gut einmassieren. Idealerweise nach dem Duschen oder vor dem Schlafengehen anwenden. F\u00fcr beste Ergebnisse auf saubere Haut auftragen. Bei Bedarf erneut anwenden. Das Spray kann an beliebigen K\u00f6rperstellen aufgetragen werden \u2013 Kontakt mit verletzter Haut sowie empfindlichen Bereichen wie den Augen ist zu vermeiden. Gelenke, Muskeln und gezielte Problembereiche besonders ber\u00fccksichtigen. 10 Spr\u00fchst\u00f6sse liefern mindestens 200 mg (57 % NRV) optimal absorbierbares elementares Magnesium. F\u00fcr Kinder die Dosierung halbieren. Geeignet f\u00fcr Kinder sowie zur Anwendung w\u00e4hrend der Schwangerschaft.<\/p>\n<\/p><\/div>\n<div class=\"chcg-warnings\">\n<h3>Warnhinweise<\/h3>\n<p>Nur zur \u00e4usserlichen Anwendung. Kontakt mit den Augen vermeiden. Nicht auf verletzter oder besch\u00e4digter Haut anwenden. Bei der ersten Anwendung kann ein leichtes Kribbeln auftreten. Dies kann auf einen niedrigen Magnesiumspiegel hinweisen und ist auf die schnelle Aufnahme von Magnesium durch die Poren zur\u00fcckzuf\u00fchren. Diese Empfindung verschwindet bei regelm\u00e4ssiger Anwendung. Da die Absorption sofort einsetzt, kann die Haut nach dem Einmassieren mit einem Handtuch abgetupft werden. Ausserhalb der Reichweite von Kindern aufbewahren. Nahrungserg\u00e4nzungsmittel sind kein Ersatz f\u00fcr eine ausgewogene Ern\u00e4hrung und eine gesunde Lebensweise.<\/p>\n<\/p><\/div>\n<div class=\"chcg-allergens\">\n<h3>Allergeninformationen<\/h3>\n<p>Keine Allergene deklariert. Frei von Palm\u00f6l und Palm\u00f6lderivaten (POFCAP-zertifiziert).<\/p>\n<\/p><\/div>\n<div class=\"chcg-storage\">\n<h3>Lagerung<\/h3>\n<p>Nach dem \u00d6ffnen bei Raumtemperatur und vor direktem Sonnenlicht gesch\u00fctzt aufbewahren. Ausserhalb der Reichweite von Kindern aufbewahren.<\/p>\n<\/p><\/div>\n<div class=\"chcg-dietary\">\n<h3>Ern\u00e4hrungshinweise<\/h3>\n<ul>\n<li>Vegan<\/li>\n<li>Vegetarisch<\/li>\n<li>Glutenfrei<\/li>\n<li>Laktosefrei<\/li>\n<\/ul><\/div>\n<\/div>\n","protected":false},"excerpt":{"rendered":"<p>BetterYou Magnesium Oil Original Spray unterst\u00fctzt die transdermale Magnesiumversorgung direkt \u00fcber die Haut. Das 100-ml-Spray (600 Spr\u00fchst\u00f6sse) mit reinem Zechstein Inside\u00ae Magnesiumchlorid ist vegan und f\u00fcr die ganze Familie geeignet.<\/p>\n","protected":false},"featured_media":4597,"comment_status":"closed","ping_status":"open","template":"","meta":[],"product_brand":[174],"product_cat":[23,48,25,134,21],"product_tag":[],"class_list":{"0":"post-4596","1":"product","2":"type-product","3":"status-publish","4":"has-post-thumbnail","6":"product_brand-betteryou","7":"product_cat-einige-mineralien","8":"product_cat-gesunde-ernaehrung","9":"product_cat-gesundheit-und-wohlbefinden","10":"product_cat-schoenheit","11":"product_cat-vitamine-und-mineralstoffe","13":"first","14":"outofstock","15":"taxable","16":"shipping-taxable","17":"purchasable","18":"product-type-simple"},"yoast_head":"<!-- This site is optimized with the Yoast SEO plugin v27.5 - https:\/\/yoast.com\/product\/yoast-seo-wordpress\/ -->\n<title>Magnesium Oil Original Spray 100ml \u2013 BetterYou | ecosupplements.ch<\/title>\n<meta name=\"description\" content=\"BetterYou Magnesium Oil Original Spray \u2013 600 Spr\u00fchst\u00f6sse mit reinem Zechstein Inside\u00ae Magnesium f\u00fcr die t\u00e4gliche transdermale Anwendung. Jetzt bestellen.\" \/>\n<meta name=\"robots\" content=\"index, follow, max-snippet:-1, max-image-preview:large, max-video-preview:-1\" \/>\n<link rel=\"canonical\" href=\"https:\/\/ecosupplements.ch\/?product=magnesium-oil-original-spray-100-ml\" \/>\n<meta property=\"og:locale\" content=\"de_DE\" \/>\n<meta property=\"og:type\" content=\"article\" \/>\n<meta property=\"og:title\" content=\"Magnesium Oil Original Spray 100ml \u2013 BetterYou | ecosupplements.ch\" \/>\n<meta property=\"og:description\" content=\"BetterYou Magnesium Oil Original Spray \u2013 600 Spr\u00fchst\u00f6sse mit reinem Zechstein Inside\u00ae Magnesium f\u00fcr die t\u00e4gliche transdermale Anwendung. Jetzt bestellen.\" \/>\n<meta property=\"og:url\" content=\"https:\/\/ecosupplements.ch\/?product=magnesium-oil-original-spray-100-ml\" \/>\n<meta property=\"og:site_name\" content=\"Eco Supplements\" \/>\n<meta property=\"article:modified_time\" content=\"2026-05-13T07:24:24+00:00\" \/>\n<meta property=\"og:image\" content=\"https:\/\/ecosupplements.ch\/wp-content\/uploads\/2026\/05\/Magnesium-Oil-Original-Spray-100-ml.webp\" \/>\n\t<meta property=\"og:image:width\" content=\"1000\" \/>\n\t<meta property=\"og:image:height\" content=\"1000\" \/>\n\t<meta property=\"og:image:type\" content=\"image\/jpeg\" \/>\n<meta name=\"twitter:card\" content=\"summary_large_image\" \/>\n<meta name=\"twitter:label1\" content=\"Price\" \/>\n\t<meta name=\"twitter:data1\" content=\"&#067;&#072;&#070;&nbsp;14.55\" \/>\n\t<meta name=\"twitter:label2\" content=\"Availability\" \/>\n\t<meta name=\"twitter:data2\" content=\"Out of stock\" \/>\n<script type=\"application\/ld+json\" class=\"yoast-schema-graph\">{\"@context\":\"https:\\\/\\\/schema.org\",\"@graph\":[{\"@type\":\"WebPage\",\"@id\":\"https:\\\/\\\/ecosupplements.ch\\\/?product=magnesium-oil-original-spray-100-ml\",\"url\":\"https:\\\/\\\/ecosupplements.ch\\\/?product=magnesium-oil-original-spray-100-ml\",\"name\":\"Magnesium Oil Original Spray 100ml \u2013 BetterYou | ecosupplements.ch\",\"isPartOf\":{\"@id\":\"https:\\\/\\\/ecosupplements.ch\\\/#website\"},\"primaryImageOfPage\":{\"@id\":\"https:\\\/\\\/ecosupplements.ch\\\/?product=magnesium-oil-original-spray-100-ml#primaryimage\"},\"image\":{\"@id\":\"https:\\\/\\\/ecosupplements.ch\\\/?product=magnesium-oil-original-spray-100-ml#primaryimage\"},\"thumbnailUrl\":\"https:\\\/\\\/ecosupplements.ch\\\/wp-content\\\/uploads\\\/2026\\\/05\\\/Magnesium-Oil-Original-Spray-100-ml.webp\",\"datePublished\":\"2026-05-11T14:59:50+00:00\",\"dateModified\":\"2026-05-13T07:24:24+00:00\",\"description\":\"BetterYou Magnesium Oil Original Spray \u2013 600 Spr\u00fchst\u00f6sse mit reinem Zechstein Inside\u00ae Magnesium f\u00fcr die t\u00e4gliche transdermale Anwendung. Jetzt bestellen.\",\"breadcrumb\":{\"@id\":\"https:\\\/\\\/ecosupplements.ch\\\/?product=magnesium-oil-original-spray-100-ml#breadcrumb\"},\"inLanguage\":\"de-CH\",\"potentialAction\":[{\"@type\":\"ReadAction\",\"target\":[\"https:\\\/\\\/ecosupplements.ch\\\/?product=magnesium-oil-original-spray-100-ml\"]}]},{\"@type\":\"ImageObject\",\"inLanguage\":\"de-CH\",\"@id\":\"https:\\\/\\\/ecosupplements.ch\\\/?product=magnesium-oil-original-spray-100-ml#primaryimage\",\"url\":\"https:\\\/\\\/ecosupplements.ch\\\/wp-content\\\/uploads\\\/2026\\\/05\\\/Magnesium-Oil-Original-Spray-100-ml.webp\",\"contentUrl\":\"https:\\\/\\\/ecosupplements.ch\\\/wp-content\\\/uploads\\\/2026\\\/05\\\/Magnesium-Oil-Original-Spray-100-ml.webp\",\"width\":1000,\"height\":1000,\"caption\":\"Magnesium Oil Original Spray - 100 ml.\"},{\"@type\":\"BreadcrumbList\",\"@id\":\"https:\\\/\\\/ecosupplements.ch\\\/?product=magnesium-oil-original-spray-100-ml#breadcrumb\",\"itemListElement\":[{\"@type\":\"ListItem\",\"position\":1,\"name\":\"Home\",\"item\":\"https:\\\/\\\/ecosupplements.ch\\\/\"},{\"@type\":\"ListItem\",\"position\":2,\"name\":\"Shop\",\"item\":\"https:\\\/\\\/ecosupplements.ch\\\/?page_id=14\"},{\"@type\":\"ListItem\",\"position\":3,\"name\":\"Magnesium Oil Original Spray &#8211; 100 ml.\"}]},{\"@type\":\"WebSite\",\"@id\":\"https:\\\/\\\/ecosupplements.ch\\\/#website\",\"url\":\"https:\\\/\\\/ecosupplements.ch\\\/\",\"name\":\"Eco Supplements\",\"description\":\"\",\"potentialAction\":[{\"@type\":\"SearchAction\",\"target\":{\"@type\":\"EntryPoint\",\"urlTemplate\":\"https:\\\/\\\/ecosupplements.ch\\\/?s={search_term_string}\"},\"query-input\":{\"@type\":\"PropertyValueSpecification\",\"valueRequired\":true,\"valueName\":\"search_term_string\"}}],\"inLanguage\":\"de-CH\"}]}<\/script>\n<meta property=\"product:price:amount\" content=\"14.55\" \/>\n<meta property=\"product:price:currency\" content=\"CHF\" \/>\n<meta property=\"og:availability\" content=\"out of stock\" \/>\n<meta property=\"product:availability\" content=\"out of stock\" \/>\n<meta property=\"product:retailer_item_id\" content=\"5060148520100\" \/>\n<meta property=\"product:condition\" content=\"new\" \/>\n<!-- \/ Yoast SEO plugin. -->","yoast_head_json":{"title":"Magnesium Oil Original Spray 100ml \u2013 BetterYou | ecosupplements.ch","description":"BetterYou Magnesium Oil Original Spray \u2013 600 Spr\u00fchst\u00f6sse mit reinem Zechstein Inside\u00ae Magnesium f\u00fcr die t\u00e4gliche transdermale Anwendung. Jetzt bestellen.","robots":{"index":"index","follow":"follow","max-snippet":"max-snippet:-1","max-image-preview":"max-image-preview:large","max-video-preview":"max-video-preview:-1"},"canonical":"https:\/\/ecosupplements.ch\/?product=magnesium-oil-original-spray-100-ml","og_locale":"de_DE","og_type":"article","og_title":"Magnesium Oil Original Spray 100ml \u2013 BetterYou | ecosupplements.ch","og_description":"BetterYou Magnesium Oil Original Spray \u2013 600 Spr\u00fchst\u00f6sse mit reinem Zechstein Inside\u00ae Magnesium f\u00fcr die t\u00e4gliche transdermale Anwendung. Jetzt bestellen.","og_url":"https:\/\/ecosupplements.ch\/?product=magnesium-oil-original-spray-100-ml","og_site_name":"Eco Supplements","article_modified_time":"2026-05-13T07:24:24+00:00","og_image":[{"width":1000,"height":1000,"url":"https:\/\/ecosupplements.ch\/wp-content\/uploads\/2026\/05\/Magnesium-Oil-Original-Spray-100-ml.webp","type":"image\/jpeg"}],"twitter_card":"summary_large_image","twitter_misc":{"Price":"&#67;&#72;&#70;&nbsp;14.55","Availability":"Out of stock"},"schema":{"@context":"https:\/\/schema.org","@graph":[{"@type":"WebPage","@id":"https:\/\/ecosupplements.ch\/?product=magnesium-oil-original-spray-100-ml","url":"https:\/\/ecosupplements.ch\/?product=magnesium-oil-original-spray-100-ml","name":"Magnesium Oil Original Spray 100ml \u2013 BetterYou | ecosupplements.ch","isPartOf":{"@id":"https:\/\/ecosupplements.ch\/#website"},"primaryImageOfPage":{"@id":"https:\/\/ecosupplements.ch\/?product=magnesium-oil-original-spray-100-ml#primaryimage"},"image":{"@id":"https:\/\/ecosupplements.ch\/?product=magnesium-oil-original-spray-100-ml#primaryimage"},"thumbnailUrl":"https:\/\/ecosupplements.ch\/wp-content\/uploads\/2026\/05\/Magnesium-Oil-Original-Spray-100-ml.webp","datePublished":"2026-05-11T14:59:50+00:00","dateModified":"2026-05-13T07:24:24+00:00","description":"BetterYou Magnesium Oil Original Spray \u2013 600 Spr\u00fchst\u00f6sse mit reinem Zechstein Inside\u00ae Magnesium f\u00fcr die t\u00e4gliche transdermale Anwendung. Jetzt bestellen.","breadcrumb":{"@id":"https:\/\/ecosupplements.ch\/?product=magnesium-oil-original-spray-100-ml#breadcrumb"},"inLanguage":"de-CH","potentialAction":[{"@type":"ReadAction","target":["https:\/\/ecosupplements.ch\/?product=magnesium-oil-original-spray-100-ml"]}]},{"@type":"ImageObject","inLanguage":"de-CH","@id":"https:\/\/ecosupplements.ch\/?product=magnesium-oil-original-spray-100-ml#primaryimage","url":"https:\/\/ecosupplements.ch\/wp-content\/uploads\/2026\/05\/Magnesium-Oil-Original-Spray-100-ml.webp","contentUrl":"https:\/\/ecosupplements.ch\/wp-content\/uploads\/2026\/05\/Magnesium-Oil-Original-Spray-100-ml.webp","width":1000,"height":1000,"caption":"Magnesium Oil Original Spray - 100 ml."},{"@type":"BreadcrumbList","@id":"https:\/\/ecosupplements.ch\/?product=magnesium-oil-original-spray-100-ml#breadcrumb","itemListElement":[{"@type":"ListItem","position":1,"name":"Home","item":"https:\/\/ecosupplements.ch\/"},{"@type":"ListItem","position":2,"name":"Shop","item":"https:\/\/ecosupplements.ch\/?page_id=14"},{"@type":"ListItem","position":3,"name":"Magnesium Oil Original Spray &#8211; 100 ml."}]},{"@type":"WebSite","@id":"https:\/\/ecosupplements.ch\/#website","url":"https:\/\/ecosupplements.ch\/","name":"Eco Supplements","description":"","potentialAction":[{"@type":"SearchAction","target":{"@type":"EntryPoint","urlTemplate":"https:\/\/ecosupplements.ch\/?s={search_term_string}"},"query-input":{"@type":"PropertyValueSpecification","valueRequired":true,"valueName":"search_term_string"}}],"inLanguage":"de-CH"}]},"product_price_amount":"14.55","product_price_currency":"CHF","og_availability":"out of stock","product_availability":"out of stock","product_retailer_item_id":"5060148520100","product_condition":"new"},"_links":{"self":[{"href":"https:\/\/ecosupplements.ch\/index.php?rest_route=\/wp\/v2\/product\/4596","targetHints":{"allow":["GET"]}}],"collection":[{"href":"https:\/\/ecosupplements.ch\/index.php?rest_route=\/wp\/v2\/product"}],"about":[{"href":"https:\/\/ecosupplements.ch\/index.php?rest_route=\/wp\/v2\/types\/product"}],"replies":[{"embeddable":true,"href":"https:\/\/ecosupplements.ch\/index.php?rest_route=%2Fwp%2Fv2%2Fcomments&post=4596"}],"wp:featuredmedia":[{"embeddable":true,"href":"https:\/\/ecosupplements.ch\/index.php?rest_route=\/wp\/v2\/media\/4597"}],"wp:attachment":[{"href":"https:\/\/ecosupplements.ch\/index.php?rest_route=%2Fwp%2Fv2%2Fmedia&parent=4596"}],"wp:term":[{"taxonomy":"product_brand","embeddable":true,"href":"https:\/\/ecosupplements.ch\/index.php?rest_route=%2Fwp%2Fv2%2Fproduct_brand&post=4596"},{"taxonomy":"product_cat","embeddable":true,"href":"https:\/\/ecosupplements.ch\/index.php?rest_route=%2Fwp%2Fv2%2Fproduct_cat&post=4596"},{"taxonomy":"product_tag","embeddable":true,"href":"https:\/\/ecosupplements.ch\/index.php?rest_route=%2Fwp%2Fv2%2Fproduct_tag&post=4596"}],"curies":[{"name":"wp","href":"https:\/\/api.w.org\/{rel}","templated":true}]}}