{"id":4602,"date":"2026-05-11T14:59:53","date_gmt":"2026-05-11T14:59:53","guid":{"rendered":"https:\/\/ecosupplements.ch\/?product=magnesium-sleep-body-spray-100-ml"},"modified":"2026-05-13T07:24:24","modified_gmt":"2026-05-13T07:24:24","slug":"magnesium-sleep-body-spray-100-ml","status":"publish","type":"product","link":"https:\/\/ecosupplements.ch\/?product=magnesium-sleep-body-spray-100-ml","title":{"rendered":"Magnesium Sleep Body Spray &#8211; 100 ml."},"content":{"rendered":"<div class=\"chcg-product-description\">\n<h2 class=\"chcg-heading\">\u00dcber BetterYou \u2013 Magnesium Sleep Body Spray \u2013 100 ml<\/h2>\n<div class=\"chcg-intro\">\n<p>Das BetterYou Magnesium Sleep Body Spray ist ein transdermal angewendetes Magnesiumprodukt, das speziell f\u00fcr die Anwendung vor dem Schlafengehen entwickelt wurde. Mit 75 mg elementarem Magnesium pro Portion (10 Spr\u00fchst\u00f6sse) unterst\u00fctzt es eine gezielte, bequeme Zufuhr dieses wichtigen Mineralstoffs direkt \u00fcber die Haut. Magnesium tr\u00e4gt zur normalen Muskelfunktion, zur Verringerung von M\u00fcdigkeit und Ersch\u00f6pfung sowie zur normalen Funktion des Nervensystems bei.<\/p>\n<p>Die Formel ist angereichert mit Lavendel- und Kamillen\u00f6l \u2013 zwei Wirkstoffe, die traditionell f\u00fcr ihre beruhigenden Eigenschaften bekannt sind und das Einschlafritual angenehm gestalten. Hydrolysierte Jojoba-Ester pflegen die Haut zus\u00e4tzlich. Das Spray enth\u00e4lt keine Parabene, synthetischen Farb- oder Duftstoffe und ist sowohl f\u00fcr Veganer als auch f\u00fcr Vegetarier geeignet.<\/p>\n<p>Die Flasche mit 100 ml enth\u00e4lt ca. 600 Spr\u00fchst\u00f6sse und bietet damit eine lang anhaltende Versorgung. Das handliche Format eignet sich ideal f\u00fcr die t\u00e4gliche Anwendung zu Hause oder unterwegs \u2013 einfach auftragen, einmassieren und die entspannende Wirkung geniessen.<\/p>\n<\/p><\/div>\n<div class=\"chcg-nutrition\">\n<h3>N\u00e4hrwertangaben<\/h3>\n<table class=\"chcg-nutrition-table\">\n<thead>\n<tr>\n<th>N\u00e4hrstoff<\/th>\n<th>Pro Portion (10 Spr\u00fchst\u00f6sse)<\/th>\n<\/tr>\n<\/thead>\n<tbody>\n<tr>\n<td>Magnesium<\/td>\n<td>75 mg<\/td>\n<\/tr>\n<\/tbody>\n<\/table><\/div>\n<div class=\"chcg-ingredients\">\n<h3>Zutaten<\/h3>\n<p>Aqua (Water), Magnesium Chloride, Glycerin, PEG-40 Hydrogenated Castor Oil, Phenoxyethanol, Lavandula Angustifolia (Lavender) Oil, Anthemis Nobilis Flower (Chamomile) Oil, Ethylhexylglycerin, Hydrolyzed Jojoba Esters, Linalool, Limonene, Geraniol.<\/p>\n<p class=\"chcg-footnote\">Deklarationspflichtige Duftstoffkomponenten gem\u00e4ss EU-Kosmetikverordnung: Linalool, Limonene, Geraniol.<\/p>\n<\/p><\/div>\n<div class=\"chcg-dosage\">\n<h3>Verzehrempfehlung<\/h3>\n<p>10 Spr\u00fchst\u00f6sse liefern 75 mg optimal absorbierbares elementares Magnesium. Zwischen 5 und 10 Spr\u00fchst\u00f6sse auf den K\u00f6rper auftragen und gut einmassieren. Ideal nach dem Duschen oder vor dem Schlafengehen. Auf der gesamten K\u00f6rperoberfl\u00e4che anwendbar \u2013 empfindliche Bereiche wie die Augen vermeiden. F\u00fcr beste Ergebnisse auf sauberer Haut auftragen. Bei Bedarf erneut anwenden. Bis zu 30 Minuten vor dem Schlafengehen auftragen. Empfehlung zum Einstieg: mit einem oder zwei Spr\u00fchst\u00f6ssen beginnen und die Menge schrittweise erh\u00f6hen. Die Haut kann nach dem Einmassieren mit einem Handtuch abgetupft werden.<\/p>\n<\/p><\/div>\n<div class=\"chcg-warnings\">\n<h3>Warnhinweise<\/h3>\n<p>Nicht geeignet f\u00fcr Kinder unter 13 Jahren. Nur zur \u00e4usserlichen Anwendung. Kontakt mit den Augen vermeiden. Nicht auf verletzter oder wunder Haut anwenden. Nahrungserg\u00e4nzungsmittel sollten eine ausgewogene Ern\u00e4hrung und einen gesunden Lebensstil nicht ersetzen. Bei der erstmaligen Anwendung kann ein leichtes Kribbeln auftreten; dies ist unbedenklich und legt sich bei regelm\u00e4ssiger Verwendung. Es wird empfohlen, mit ein bis zwei Spr\u00fchst\u00f6ssen zu beginnen und die Menge schrittweise zu erh\u00f6hen. Die Haut kann nach dem Einmassieren mit einem Handtuch abgetupft werden. Keine bekannten Wechselwirkungen mit verschreibungspflichtigen Medikamenten. Bei Anwendung w\u00e4hrend Schwangerschaft oder Stillzeit vor der Einnahme eines Nahrungserg\u00e4nzungsmittels eine Hebamme oder einen Arzt konsultieren. Ausserhalb der Reichweite von Kindern aufbewahren.<\/p>\n<\/p><\/div>\n<div class=\"chcg-allergens\">\n<h3>Allergeninformationen<\/h3>\n<p>Keine spezifischen Allergene deklariert. Das Produkt ist frei von Parabenen, Allergenen, synthetischen Farb- und Duftstoffen. Enth\u00e4lt deklarationspflichtige Duftstoffkomponenten gem\u00e4ss EU-Kosmetikverordnung: Linalool, Limonene, Geraniol.<\/p>\n<\/p><\/div>\n<div class=\"chcg-storage\">\n<h3>Lagerung<\/h3>\n<p>Nach dem \u00d6ffnen bei Raumtemperatur und vor direktem Sonnenlicht gesch\u00fctzt aufbewahren. Ausserhalb der Reichweite von Kindern aufbewahren.<\/p>\n<\/p><\/div>\n<div class=\"chcg-dietary\">\n<h3>Ern\u00e4hrungshinweise<\/h3>\n<ul>\n<li>Vegan<\/li>\n<li>Vegetarisch<\/li>\n<\/ul><\/div>\n<\/div>\n","protected":false},"excerpt":{"rendered":"<p>BetterYou Magnesium Sleep Body Spray liefert 75 mg Magnesium pro Portion direkt \u00fcber die Haut und eignet sich ideal zur Anwendung vor dem Schlafengehen. Mit Lavendel- und Kamillen\u00f6l, vegan, 100 ml (ca. 600 Spr\u00fchst\u00f6sse).<\/p>\n","protected":false},"featured_media":4603,"comment_status":"closed","ping_status":"open","template":"","meta":[],"product_brand":[174],"product_cat":[23,48,25,94,134,99,21],"product_tag":[],"class_list":{"0":"post-4602","1":"product","2":"type-product","3":"status-publish","4":"has-post-thumbnail","6":"product_brand-betteryou","7":"product_cat-einige-mineralien","8":"product_cat-gesunde-ernaehrung","9":"product_cat-gesundheit-und-wohlbefinden","10":"product_cat-magnesium","11":"product_cat-schoenheit","12":"product_cat-unterstuetzung-fuer-die-gelenke","13":"product_cat-vitamine-und-mineralstoffe","15":"first","16":"outofstock","17":"taxable","18":"shipping-taxable","19":"purchasable","20":"product-type-simple"},"yoast_head":"<!-- This site is optimized with the Yoast SEO plugin v27.5 - https:\/\/yoast.com\/product\/yoast-seo-wordpress\/ -->\n<title>Magnesium Sleep Body Spray 100 ml \u2013 BetterYou | ecosupplements.ch<\/title>\n<meta name=\"description\" content=\"BetterYou Magnesium Sleep Body Spray \u2013 75 mg Magnesium pro Portion, transdermal, mit Lavendel- und Kamillen\u00f6l, 100 ml. Jetzt bestellen.\" \/>\n<meta name=\"robots\" content=\"index, follow, max-snippet:-1, max-image-preview:large, max-video-preview:-1\" \/>\n<link rel=\"canonical\" href=\"https:\/\/ecosupplements.ch\/?product=magnesium-sleep-body-spray-100-ml\" \/>\n<meta property=\"og:locale\" content=\"de_DE\" \/>\n<meta property=\"og:type\" content=\"article\" \/>\n<meta property=\"og:title\" content=\"Magnesium Sleep Body Spray 100 ml \u2013 BetterYou | ecosupplements.ch\" \/>\n<meta property=\"og:description\" content=\"BetterYou Magnesium Sleep Body Spray \u2013 75 mg Magnesium pro Portion, transdermal, mit Lavendel- und Kamillen\u00f6l, 100 ml. Jetzt bestellen.\" \/>\n<meta property=\"og:url\" content=\"https:\/\/ecosupplements.ch\/?product=magnesium-sleep-body-spray-100-ml\" \/>\n<meta property=\"og:site_name\" content=\"Eco Supplements\" \/>\n<meta property=\"article:modified_time\" content=\"2026-05-13T07:24:24+00:00\" \/>\n<meta property=\"og:image\" content=\"https:\/\/ecosupplements.ch\/wp-content\/uploads\/2026\/05\/Magnesium-Sleep-Body-Spray-100-ml.webp\" \/>\n\t<meta property=\"og:image:width\" content=\"1000\" \/>\n\t<meta property=\"og:image:height\" content=\"1000\" \/>\n\t<meta property=\"og:image:type\" content=\"image\/jpeg\" \/>\n<meta name=\"twitter:card\" content=\"summary_large_image\" \/>\n<meta name=\"twitter:label1\" content=\"Price\" \/>\n\t<meta name=\"twitter:data1\" content=\"&#067;&#072;&#070;&nbsp;14.55\" \/>\n\t<meta name=\"twitter:label2\" content=\"Availability\" \/>\n\t<meta name=\"twitter:data2\" content=\"Out of stock\" \/>\n<script type=\"application\/ld+json\" class=\"yoast-schema-graph\">{\"@context\":\"https:\\\/\\\/schema.org\",\"@graph\":[{\"@type\":\"WebPage\",\"@id\":\"https:\\\/\\\/ecosupplements.ch\\\/?product=magnesium-sleep-body-spray-100-ml\",\"url\":\"https:\\\/\\\/ecosupplements.ch\\\/?product=magnesium-sleep-body-spray-100-ml\",\"name\":\"Magnesium Sleep Body Spray 100 ml \u2013 BetterYou | ecosupplements.ch\",\"isPartOf\":{\"@id\":\"https:\\\/\\\/ecosupplements.ch\\\/#website\"},\"primaryImageOfPage\":{\"@id\":\"https:\\\/\\\/ecosupplements.ch\\\/?product=magnesium-sleep-body-spray-100-ml#primaryimage\"},\"image\":{\"@id\":\"https:\\\/\\\/ecosupplements.ch\\\/?product=magnesium-sleep-body-spray-100-ml#primaryimage\"},\"thumbnailUrl\":\"https:\\\/\\\/ecosupplements.ch\\\/wp-content\\\/uploads\\\/2026\\\/05\\\/Magnesium-Sleep-Body-Spray-100-ml.webp\",\"datePublished\":\"2026-05-11T14:59:53+00:00\",\"dateModified\":\"2026-05-13T07:24:24+00:00\",\"description\":\"BetterYou Magnesium Sleep Body Spray \u2013 75 mg Magnesium pro Portion, transdermal, mit Lavendel- und Kamillen\u00f6l, 100 ml. Jetzt bestellen.\",\"breadcrumb\":{\"@id\":\"https:\\\/\\\/ecosupplements.ch\\\/?product=magnesium-sleep-body-spray-100-ml#breadcrumb\"},\"inLanguage\":\"de-CH\",\"potentialAction\":[{\"@type\":\"ReadAction\",\"target\":[\"https:\\\/\\\/ecosupplements.ch\\\/?product=magnesium-sleep-body-spray-100-ml\"]}]},{\"@type\":\"ImageObject\",\"inLanguage\":\"de-CH\",\"@id\":\"https:\\\/\\\/ecosupplements.ch\\\/?product=magnesium-sleep-body-spray-100-ml#primaryimage\",\"url\":\"https:\\\/\\\/ecosupplements.ch\\\/wp-content\\\/uploads\\\/2026\\\/05\\\/Magnesium-Sleep-Body-Spray-100-ml.webp\",\"contentUrl\":\"https:\\\/\\\/ecosupplements.ch\\\/wp-content\\\/uploads\\\/2026\\\/05\\\/Magnesium-Sleep-Body-Spray-100-ml.webp\",\"width\":1000,\"height\":1000,\"caption\":\"Magnesium Sleep Body Spray - 100 ml.\"},{\"@type\":\"BreadcrumbList\",\"@id\":\"https:\\\/\\\/ecosupplements.ch\\\/?product=magnesium-sleep-body-spray-100-ml#breadcrumb\",\"itemListElement\":[{\"@type\":\"ListItem\",\"position\":1,\"name\":\"Home\",\"item\":\"https:\\\/\\\/ecosupplements.ch\\\/\"},{\"@type\":\"ListItem\",\"position\":2,\"name\":\"Shop\",\"item\":\"https:\\\/\\\/ecosupplements.ch\\\/?page_id=14\"},{\"@type\":\"ListItem\",\"position\":3,\"name\":\"Magnesium Sleep Body Spray &#8211; 100 ml.\"}]},{\"@type\":\"WebSite\",\"@id\":\"https:\\\/\\\/ecosupplements.ch\\\/#website\",\"url\":\"https:\\\/\\\/ecosupplements.ch\\\/\",\"name\":\"Eco Supplements\",\"description\":\"\",\"potentialAction\":[{\"@type\":\"SearchAction\",\"target\":{\"@type\":\"EntryPoint\",\"urlTemplate\":\"https:\\\/\\\/ecosupplements.ch\\\/?s={search_term_string}\"},\"query-input\":{\"@type\":\"PropertyValueSpecification\",\"valueRequired\":true,\"valueName\":\"search_term_string\"}}],\"inLanguage\":\"de-CH\"}]}<\/script>\n<meta property=\"product:price:amount\" content=\"14.55\" \/>\n<meta property=\"product:price:currency\" content=\"CHF\" \/>\n<meta property=\"og:availability\" content=\"out of stock\" \/>\n<meta property=\"product:availability\" content=\"out of stock\" \/>\n<meta property=\"product:retailer_item_id\" content=\"5060148520186\" \/>\n<meta property=\"product:condition\" content=\"new\" \/>\n<!-- \/ Yoast SEO plugin. -->","yoast_head_json":{"title":"Magnesium Sleep Body Spray 100 ml \u2013 BetterYou | ecosupplements.ch","description":"BetterYou Magnesium Sleep Body Spray \u2013 75 mg Magnesium pro Portion, transdermal, mit Lavendel- und Kamillen\u00f6l, 100 ml. Jetzt bestellen.","robots":{"index":"index","follow":"follow","max-snippet":"max-snippet:-1","max-image-preview":"max-image-preview:large","max-video-preview":"max-video-preview:-1"},"canonical":"https:\/\/ecosupplements.ch\/?product=magnesium-sleep-body-spray-100-ml","og_locale":"de_DE","og_type":"article","og_title":"Magnesium Sleep Body Spray 100 ml \u2013 BetterYou | ecosupplements.ch","og_description":"BetterYou Magnesium Sleep Body Spray \u2013 75 mg Magnesium pro Portion, transdermal, mit Lavendel- und Kamillen\u00f6l, 100 ml. Jetzt bestellen.","og_url":"https:\/\/ecosupplements.ch\/?product=magnesium-sleep-body-spray-100-ml","og_site_name":"Eco Supplements","article_modified_time":"2026-05-13T07:24:24+00:00","og_image":[{"width":1000,"height":1000,"url":"https:\/\/ecosupplements.ch\/wp-content\/uploads\/2026\/05\/Magnesium-Sleep-Body-Spray-100-ml.webp","type":"image\/jpeg"}],"twitter_card":"summary_large_image","twitter_misc":{"Price":"&#67;&#72;&#70;&nbsp;14.55","Availability":"Out of stock"},"schema":{"@context":"https:\/\/schema.org","@graph":[{"@type":"WebPage","@id":"https:\/\/ecosupplements.ch\/?product=magnesium-sleep-body-spray-100-ml","url":"https:\/\/ecosupplements.ch\/?product=magnesium-sleep-body-spray-100-ml","name":"Magnesium Sleep Body Spray 100 ml \u2013 BetterYou | ecosupplements.ch","isPartOf":{"@id":"https:\/\/ecosupplements.ch\/#website"},"primaryImageOfPage":{"@id":"https:\/\/ecosupplements.ch\/?product=magnesium-sleep-body-spray-100-ml#primaryimage"},"image":{"@id":"https:\/\/ecosupplements.ch\/?product=magnesium-sleep-body-spray-100-ml#primaryimage"},"thumbnailUrl":"https:\/\/ecosupplements.ch\/wp-content\/uploads\/2026\/05\/Magnesium-Sleep-Body-Spray-100-ml.webp","datePublished":"2026-05-11T14:59:53+00:00","dateModified":"2026-05-13T07:24:24+00:00","description":"BetterYou Magnesium Sleep Body Spray \u2013 75 mg Magnesium pro Portion, transdermal, mit Lavendel- und Kamillen\u00f6l, 100 ml. Jetzt bestellen.","breadcrumb":{"@id":"https:\/\/ecosupplements.ch\/?product=magnesium-sleep-body-spray-100-ml#breadcrumb"},"inLanguage":"de-CH","potentialAction":[{"@type":"ReadAction","target":["https:\/\/ecosupplements.ch\/?product=magnesium-sleep-body-spray-100-ml"]}]},{"@type":"ImageObject","inLanguage":"de-CH","@id":"https:\/\/ecosupplements.ch\/?product=magnesium-sleep-body-spray-100-ml#primaryimage","url":"https:\/\/ecosupplements.ch\/wp-content\/uploads\/2026\/05\/Magnesium-Sleep-Body-Spray-100-ml.webp","contentUrl":"https:\/\/ecosupplements.ch\/wp-content\/uploads\/2026\/05\/Magnesium-Sleep-Body-Spray-100-ml.webp","width":1000,"height":1000,"caption":"Magnesium Sleep Body Spray - 100 ml."},{"@type":"BreadcrumbList","@id":"https:\/\/ecosupplements.ch\/?product=magnesium-sleep-body-spray-100-ml#breadcrumb","itemListElement":[{"@type":"ListItem","position":1,"name":"Home","item":"https:\/\/ecosupplements.ch\/"},{"@type":"ListItem","position":2,"name":"Shop","item":"https:\/\/ecosupplements.ch\/?page_id=14"},{"@type":"ListItem","position":3,"name":"Magnesium Sleep Body Spray &#8211; 100 ml."}]},{"@type":"WebSite","@id":"https:\/\/ecosupplements.ch\/#website","url":"https:\/\/ecosupplements.ch\/","name":"Eco Supplements","description":"","potentialAction":[{"@type":"SearchAction","target":{"@type":"EntryPoint","urlTemplate":"https:\/\/ecosupplements.ch\/?s={search_term_string}"},"query-input":{"@type":"PropertyValueSpecification","valueRequired":true,"valueName":"search_term_string"}}],"inLanguage":"de-CH"}]},"product_price_amount":"14.55","product_price_currency":"CHF","og_availability":"out of stock","product_availability":"out of stock","product_retailer_item_id":"5060148520186","product_condition":"new"},"_links":{"self":[{"href":"https:\/\/ecosupplements.ch\/index.php?rest_route=\/wp\/v2\/product\/4602","targetHints":{"allow":["GET"]}}],"collection":[{"href":"https:\/\/ecosupplements.ch\/index.php?rest_route=\/wp\/v2\/product"}],"about":[{"href":"https:\/\/ecosupplements.ch\/index.php?rest_route=\/wp\/v2\/types\/product"}],"replies":[{"embeddable":true,"href":"https:\/\/ecosupplements.ch\/index.php?rest_route=%2Fwp%2Fv2%2Fcomments&post=4602"}],"wp:featuredmedia":[{"embeddable":true,"href":"https:\/\/ecosupplements.ch\/index.php?rest_route=\/wp\/v2\/media\/4603"}],"wp:attachment":[{"href":"https:\/\/ecosupplements.ch\/index.php?rest_route=%2Fwp%2Fv2%2Fmedia&parent=4602"}],"wp:term":[{"taxonomy":"product_brand","embeddable":true,"href":"https:\/\/ecosupplements.ch\/index.php?rest_route=%2Fwp%2Fv2%2Fproduct_brand&post=4602"},{"taxonomy":"product_cat","embeddable":true,"href":"https:\/\/ecosupplements.ch\/index.php?rest_route=%2Fwp%2Fv2%2Fproduct_cat&post=4602"},{"taxonomy":"product_tag","embeddable":true,"href":"https:\/\/ecosupplements.ch\/index.php?rest_route=%2Fwp%2Fv2%2Fproduct_tag&post=4602"}],"curies":[{"name":"wp","href":"https:\/\/api.w.org\/{rel}","templated":true}]}}