{"id":4653,"date":"2026-05-11T15:00:17","date_gmt":"2026-05-11T15:00:17","guid":{"rendered":"https:\/\/ecosupplements.ch\/?product=kids-calm-gummies-strawberry-watermelon-60-gummies"},"modified":"2026-05-13T07:25:47","modified_gmt":"2026-05-13T07:25:47","slug":"kids-calm-gummies-strawberry-watermelon-60-gummies","status":"publish","type":"product","link":"https:\/\/ecosupplements.ch\/?product=kids-calm-gummies-strawberry-watermelon-60-gummies","title":{"rendered":"Kids Calm Gummies, Strawberry Watermelon &#8211; 60 gummies"},"content":{"rendered":"<div class=\"chcg-product-description\">\n<h2 class=\"chcg-heading\">\u00dcber Nordic Naturals \u2013 Kids Calm Gummies, Strawberry Watermelon \u2013 60 Gummies<\/h2>\n<div class=\"chcg-intro\">\n<p>Die Kids Calm Gummies von Nordic Naturals sind speziell f\u00fcr Kinder entwickelt und kombinieren Magnesium (als Magnesiumcitrat) mit L-Theanine in einer angenehmen Erdbeer-Wassermelonen-Gummiform. Magnesium tr\u00e4gt zur normalen Muskelfunktion sowie zur normalen Funktion des Nervensystems bei \u2013 ein wichtiger Beitrag f\u00fcr den Alltag wachsender Kinder.<\/p>\n<p>Die Gummies sind mit nat\u00fcrlichen Aromen und Farben hergestellt und enthalten keinen Kleber, keine Milchderivate und keine k\u00fcnstlichen Zusatzstoffe. Dank der praktischen Gummiform ist die t\u00e4gliche Einnahme f\u00fcr Kinder ab 3 Jahren einfach und angenehm.<\/p>\n<p>Nordic Naturals steht seit Jahren f\u00fcr h\u00f6chste Qualit\u00e4tsstandards und Transparenz bei Nahrungserg\u00e4nzungsmitteln. Die Kids Calm Gummies sind vegan, vegetarisch und glutenfrei \u2013 ideal f\u00fcr Familien, die auf eine saubere Zutatenliste achten.<\/p>\n<\/p><\/div>\n<div class=\"chcg-nutrition\">\n<h3>N\u00e4hrwertangaben<\/h3>\n<table class=\"chcg-nutrition-table\">\n<thead>\n<tr>\n<th>N\u00e4hrstoff<\/th>\n<th>Pro Portion: 1 Gummy (f\u00fcr Kinder ab 3 Jahren) \/ % Tagesbedarf*<\/th>\n<th>Pro Portion: 2 Gummies (f\u00fcr Kinder ab 4 Jahren) \/ % Tagesbedarf**<\/th>\n<\/tr>\n<\/thead>\n<tbody>\n<tr>\n<td>Kalorien<\/td>\n<td>10<\/td>\n<td>20<\/td>\n<\/tr>\n<tr>\n<td>Gesamtkohlenhydrate<\/td>\n<td>2 g (1 %)<\/td>\n<td>4 g (1 %)<\/td>\n<\/tr>\n<tr>\n<td>\u2013 davon Gesamtzucker<\/td>\n<td>1 g (\u2020)<\/td>\n<td>2 g (\u2020)<\/td>\n<\/tr>\n<tr>\n<td>\u2013 davon zugesetzter Zucker<\/td>\n<td>1 g (4 %)<\/td>\n<td>2 g (4 %)<\/td>\n<\/tr>\n<tr>\n<td>Magnesium (als Magnesiumcitrat)<\/td>\n<td>100 mg (125 %)<\/td>\n<td>200 mg (48 %)<\/td>\n<\/tr>\n<tr>\n<td>Natrium<\/td>\n<td>5 mg (&lt;1 %)<\/td>\n<td>10 mg (&lt;1 %)<\/td>\n<\/tr>\n<tr>\n<td>L-Theanine<\/td>\n<td>25 mg (\u2020)<\/td>\n<td>50 mg (\u2020)<\/td>\n<\/tr>\n<\/tbody>\n<\/table>\n<p class=\"chcg-footnote\">* Prozentualer Tagesbedarf basiert auf einer Ern\u00e4hrung von 1&#8217;000 Kalorien (Tagesbedarf f\u00fcr Kinder von 1\u20133 Jahren).<\/p>\n<p class=\"chcg-footnote\">** Prozentualer Tagesbedarf basiert auf einer Ern\u00e4hrung von 2&#8217;000 Kalorien (Tagesbedarf f\u00fcr Kinder ab 4 Jahren).<\/p>\n<p class=\"chcg-footnote\">\u2020 Kein Referenzwert f\u00fcr den Tagesbedarf festgelegt.<\/p>\n<\/p><\/div>\n<div class=\"chcg-ingredients\">\n<h3>Zutaten<\/h3>\n<p>Biologischer Tapioka-Sirup, biologischer Zucker, Wasser, Inulin, Pektin, Zitronens\u00e4ure, nat\u00fcrliche Aromen, nat\u00fcrliche Farbstoffe.<\/p>\n<\/p><\/div>\n<div class=\"chcg-dosage\">\n<h3>Verzehrempfehlung<\/h3>\n<p>F\u00fcr Kinder im Alter von 3 Jahren: t\u00e4glich 1 Gummy einnehmen. F\u00fcr Kinder ab 4 Jahren: t\u00e4glich 2 Gummies einnehmen. Oder gem\u00e4ss Anweisung Ihrer Fachperson f\u00fcr Gesundheit. Bitte sicherstellen, dass das Kind jeden Gummy gr\u00fcndlich kaut.<\/p>\n<\/p><\/div>\n<div class=\"chcg-warnings\">\n<h3>Warnhinweise<\/h3>\n<p>Nicht einnehmen, wenn die Originalit\u00e4tssicherung besch\u00e4digt oder nicht vorhanden ist. Ausserhalb der Reichweite von Kindern aufbewahren. Vor der Einnahme dieses Produkts einen Arzt konsultieren, wenn Ihr Kind an einer bekannten Erkrankung leidet oder Medikamente einnimmt. Die empfohlene Dosierung nicht \u00fcberschreiten \u2013 zu viel Magnesium kann Verdauungsbeschwerden verursachen.<\/p>\n<\/p><\/div>\n<div class=\"chcg-allergens\">\n<h3>Allergeninformationen<\/h3>\n<p>Kein Gluten, keine Milchderivate, keine k\u00fcnstlichen Farb- oder Aromastoffe.<\/p>\n<\/p><\/div>\n<div class=\"chcg-storage\">\n<h3>Lagerung<\/h3>\n<p>An einem k\u00fchlen, trockenen Ort, vor Sonnenlicht gesch\u00fctzt, aufbewahren.<\/p>\n<\/p><\/div>\n<div class=\"chcg-dietary\">\n<h3>Ern\u00e4hrungshinweise<\/h3>\n<ul>\n<li>Vegan<\/li>\n<li>Vegetarisch<\/li>\n<li>Glutenfrei<\/li>\n<li>Laktosefrei<\/li>\n<\/ul><\/div>\n<\/div>\n","protected":false},"excerpt":{"rendered":"<p>Kids Calm Gummies von Nordic Naturals liefern Magnesium und L-Theanine in einer kindgerechten Erdbeer-Wassermelonen-Gummiform. 60 Gummies, vegan und glutenfrei, f\u00fcr Kinder ab 3 Jahren.<\/p>\n","protected":false},"featured_media":4654,"comment_status":"closed","ping_status":"open","template":"","meta":[],"product_brand":[214],"product_cat":[48,25,56,26,22,21],"product_tag":[],"class_list":{"0":"post-4653","1":"product","2":"type-product","3":"status-publish","4":"has-post-thumbnail","6":"product_brand-nordic-naturals","7":"product_cat-gesunde-ernaehrung","8":"product_cat-gesundheit-und-wohlbefinden","9":"product_cat-kindergesundheit","10":"product_cat-multivitamine","11":"product_cat-vegane-produkte","12":"product_cat-vitamine-und-mineralstoffe","14":"first","15":"outofstock","16":"taxable","17":"shipping-taxable","18":"purchasable","19":"product-type-simple"},"yoast_head":"<!-- This site is optimized with the Yoast SEO plugin v27.5 - https:\/\/yoast.com\/product\/yoast-seo-wordpress\/ -->\n<title>Kids Calm Gummies Strawberry \u2013 Nordic Naturals | ecosupplements.ch<\/title>\n<meta name=\"description\" content=\"Magnesium und L-Theanine f\u00fcr Kinder in leckerer Gummiform \u2013 60 Gummies, vegan und glutenfrei. Jetzt bestellen.\" \/>\n<meta name=\"robots\" content=\"index, follow, max-snippet:-1, max-image-preview:large, max-video-preview:-1\" \/>\n<link rel=\"canonical\" href=\"https:\/\/ecosupplements.ch\/?product=kids-calm-gummies-strawberry-watermelon-60-gummies\" \/>\n<meta property=\"og:locale\" content=\"de_DE\" \/>\n<meta property=\"og:type\" content=\"article\" \/>\n<meta property=\"og:title\" content=\"Kids Calm Gummies Strawberry \u2013 Nordic Naturals | ecosupplements.ch\" \/>\n<meta property=\"og:description\" content=\"Magnesium und L-Theanine f\u00fcr Kinder in leckerer Gummiform \u2013 60 Gummies, vegan und glutenfrei. Jetzt bestellen.\" \/>\n<meta property=\"og:url\" content=\"https:\/\/ecosupplements.ch\/?product=kids-calm-gummies-strawberry-watermelon-60-gummies\" \/>\n<meta property=\"og:site_name\" content=\"Eco Supplements\" \/>\n<meta property=\"article:modified_time\" content=\"2026-05-13T07:25:47+00:00\" \/>\n<meta property=\"og:image\" content=\"https:\/\/ecosupplements.ch\/wp-content\/uploads\/2026\/05\/Kids-Calm-Gummies-Strawberry-Watermelon-60-gummies.jpg\" \/>\n\t<meta property=\"og:image:width\" content=\"600\" \/>\n\t<meta property=\"og:image:height\" content=\"600\" \/>\n\t<meta property=\"og:image:type\" content=\"image\/jpeg\" \/>\n<meta name=\"twitter:card\" content=\"summary_large_image\" \/>\n<meta name=\"twitter:label1\" content=\"Price\" \/>\n\t<meta name=\"twitter:data1\" content=\"&#067;&#072;&#070;&nbsp;33.43\" \/>\n\t<meta name=\"twitter:label2\" content=\"Availability\" \/>\n\t<meta name=\"twitter:data2\" content=\"Out of stock\" \/>\n<script type=\"application\/ld+json\" class=\"yoast-schema-graph\">{\"@context\":\"https:\\\/\\\/schema.org\",\"@graph\":[{\"@type\":\"WebPage\",\"@id\":\"https:\\\/\\\/ecosupplements.ch\\\/?product=kids-calm-gummies-strawberry-watermelon-60-gummies\",\"url\":\"https:\\\/\\\/ecosupplements.ch\\\/?product=kids-calm-gummies-strawberry-watermelon-60-gummies\",\"name\":\"Kids Calm Gummies Strawberry \u2013 Nordic Naturals | ecosupplements.ch\",\"isPartOf\":{\"@id\":\"https:\\\/\\\/ecosupplements.ch\\\/#website\"},\"primaryImageOfPage\":{\"@id\":\"https:\\\/\\\/ecosupplements.ch\\\/?product=kids-calm-gummies-strawberry-watermelon-60-gummies#primaryimage\"},\"image\":{\"@id\":\"https:\\\/\\\/ecosupplements.ch\\\/?product=kids-calm-gummies-strawberry-watermelon-60-gummies#primaryimage\"},\"thumbnailUrl\":\"https:\\\/\\\/ecosupplements.ch\\\/wp-content\\\/uploads\\\/2026\\\/05\\\/Kids-Calm-Gummies-Strawberry-Watermelon-60-gummies.jpg\",\"datePublished\":\"2026-05-11T15:00:17+00:00\",\"dateModified\":\"2026-05-13T07:25:47+00:00\",\"description\":\"Magnesium und L-Theanine f\u00fcr Kinder in leckerer Gummiform \u2013 60 Gummies, vegan und glutenfrei. Jetzt bestellen.\",\"breadcrumb\":{\"@id\":\"https:\\\/\\\/ecosupplements.ch\\\/?product=kids-calm-gummies-strawberry-watermelon-60-gummies#breadcrumb\"},\"inLanguage\":\"de-CH\",\"potentialAction\":[{\"@type\":\"ReadAction\",\"target\":[\"https:\\\/\\\/ecosupplements.ch\\\/?product=kids-calm-gummies-strawberry-watermelon-60-gummies\"]}]},{\"@type\":\"ImageObject\",\"inLanguage\":\"de-CH\",\"@id\":\"https:\\\/\\\/ecosupplements.ch\\\/?product=kids-calm-gummies-strawberry-watermelon-60-gummies#primaryimage\",\"url\":\"https:\\\/\\\/ecosupplements.ch\\\/wp-content\\\/uploads\\\/2026\\\/05\\\/Kids-Calm-Gummies-Strawberry-Watermelon-60-gummies.jpg\",\"contentUrl\":\"https:\\\/\\\/ecosupplements.ch\\\/wp-content\\\/uploads\\\/2026\\\/05\\\/Kids-Calm-Gummies-Strawberry-Watermelon-60-gummies.jpg\",\"width\":600,\"height\":600,\"caption\":\"Kids Calm Gummies\"},{\"@type\":\"BreadcrumbList\",\"@id\":\"https:\\\/\\\/ecosupplements.ch\\\/?product=kids-calm-gummies-strawberry-watermelon-60-gummies#breadcrumb\",\"itemListElement\":[{\"@type\":\"ListItem\",\"position\":1,\"name\":\"Home\",\"item\":\"https:\\\/\\\/ecosupplements.ch\\\/\"},{\"@type\":\"ListItem\",\"position\":2,\"name\":\"Shop\",\"item\":\"https:\\\/\\\/ecosupplements.ch\\\/?page_id=14\"},{\"@type\":\"ListItem\",\"position\":3,\"name\":\"Kids Calm Gummies, Strawberry Watermelon &#8211; 60 gummies\"}]},{\"@type\":\"WebSite\",\"@id\":\"https:\\\/\\\/ecosupplements.ch\\\/#website\",\"url\":\"https:\\\/\\\/ecosupplements.ch\\\/\",\"name\":\"Eco Supplements\",\"description\":\"\",\"potentialAction\":[{\"@type\":\"SearchAction\",\"target\":{\"@type\":\"EntryPoint\",\"urlTemplate\":\"https:\\\/\\\/ecosupplements.ch\\\/?s={search_term_string}\"},\"query-input\":{\"@type\":\"PropertyValueSpecification\",\"valueRequired\":true,\"valueName\":\"search_term_string\"}}],\"inLanguage\":\"de-CH\"}]}<\/script>\n<meta property=\"product:price:amount\" content=\"33.43\" \/>\n<meta property=\"product:price:currency\" content=\"CHF\" \/>\n<meta property=\"og:availability\" content=\"out of stock\" \/>\n<meta property=\"product:availability\" content=\"out of stock\" \/>\n<meta property=\"product:retailer_item_id\" content=\"768990301728\" \/>\n<meta property=\"product:condition\" content=\"new\" \/>\n<!-- \/ Yoast SEO plugin. -->","yoast_head_json":{"title":"Kids Calm Gummies Strawberry \u2013 Nordic Naturals | ecosupplements.ch","description":"Magnesium und L-Theanine f\u00fcr Kinder in leckerer Gummiform \u2013 60 Gummies, vegan und glutenfrei. Jetzt bestellen.","robots":{"index":"index","follow":"follow","max-snippet":"max-snippet:-1","max-image-preview":"max-image-preview:large","max-video-preview":"max-video-preview:-1"},"canonical":"https:\/\/ecosupplements.ch\/?product=kids-calm-gummies-strawberry-watermelon-60-gummies","og_locale":"de_DE","og_type":"article","og_title":"Kids Calm Gummies Strawberry \u2013 Nordic Naturals | ecosupplements.ch","og_description":"Magnesium und L-Theanine f\u00fcr Kinder in leckerer Gummiform \u2013 60 Gummies, vegan und glutenfrei. Jetzt bestellen.","og_url":"https:\/\/ecosupplements.ch\/?product=kids-calm-gummies-strawberry-watermelon-60-gummies","og_site_name":"Eco Supplements","article_modified_time":"2026-05-13T07:25:47+00:00","og_image":[{"width":600,"height":600,"url":"https:\/\/ecosupplements.ch\/wp-content\/uploads\/2026\/05\/Kids-Calm-Gummies-Strawberry-Watermelon-60-gummies.jpg","type":"image\/jpeg"}],"twitter_card":"summary_large_image","twitter_misc":{"Price":"&#67;&#72;&#70;&nbsp;33.43","Availability":"Out of stock"},"schema":{"@context":"https:\/\/schema.org","@graph":[{"@type":"WebPage","@id":"https:\/\/ecosupplements.ch\/?product=kids-calm-gummies-strawberry-watermelon-60-gummies","url":"https:\/\/ecosupplements.ch\/?product=kids-calm-gummies-strawberry-watermelon-60-gummies","name":"Kids Calm Gummies Strawberry \u2013 Nordic Naturals | ecosupplements.ch","isPartOf":{"@id":"https:\/\/ecosupplements.ch\/#website"},"primaryImageOfPage":{"@id":"https:\/\/ecosupplements.ch\/?product=kids-calm-gummies-strawberry-watermelon-60-gummies#primaryimage"},"image":{"@id":"https:\/\/ecosupplements.ch\/?product=kids-calm-gummies-strawberry-watermelon-60-gummies#primaryimage"},"thumbnailUrl":"https:\/\/ecosupplements.ch\/wp-content\/uploads\/2026\/05\/Kids-Calm-Gummies-Strawberry-Watermelon-60-gummies.jpg","datePublished":"2026-05-11T15:00:17+00:00","dateModified":"2026-05-13T07:25:47+00:00","description":"Magnesium und L-Theanine f\u00fcr Kinder in leckerer Gummiform \u2013 60 Gummies, vegan und glutenfrei. Jetzt bestellen.","breadcrumb":{"@id":"https:\/\/ecosupplements.ch\/?product=kids-calm-gummies-strawberry-watermelon-60-gummies#breadcrumb"},"inLanguage":"de-CH","potentialAction":[{"@type":"ReadAction","target":["https:\/\/ecosupplements.ch\/?product=kids-calm-gummies-strawberry-watermelon-60-gummies"]}]},{"@type":"ImageObject","inLanguage":"de-CH","@id":"https:\/\/ecosupplements.ch\/?product=kids-calm-gummies-strawberry-watermelon-60-gummies#primaryimage","url":"https:\/\/ecosupplements.ch\/wp-content\/uploads\/2026\/05\/Kids-Calm-Gummies-Strawberry-Watermelon-60-gummies.jpg","contentUrl":"https:\/\/ecosupplements.ch\/wp-content\/uploads\/2026\/05\/Kids-Calm-Gummies-Strawberry-Watermelon-60-gummies.jpg","width":600,"height":600,"caption":"Kids Calm Gummies"},{"@type":"BreadcrumbList","@id":"https:\/\/ecosupplements.ch\/?product=kids-calm-gummies-strawberry-watermelon-60-gummies#breadcrumb","itemListElement":[{"@type":"ListItem","position":1,"name":"Home","item":"https:\/\/ecosupplements.ch\/"},{"@type":"ListItem","position":2,"name":"Shop","item":"https:\/\/ecosupplements.ch\/?page_id=14"},{"@type":"ListItem","position":3,"name":"Kids Calm Gummies, Strawberry Watermelon &#8211; 60 gummies"}]},{"@type":"WebSite","@id":"https:\/\/ecosupplements.ch\/#website","url":"https:\/\/ecosupplements.ch\/","name":"Eco Supplements","description":"","potentialAction":[{"@type":"SearchAction","target":{"@type":"EntryPoint","urlTemplate":"https:\/\/ecosupplements.ch\/?s={search_term_string}"},"query-input":{"@type":"PropertyValueSpecification","valueRequired":true,"valueName":"search_term_string"}}],"inLanguage":"de-CH"}]},"product_price_amount":"33.43","product_price_currency":"CHF","og_availability":"out of stock","product_availability":"out of stock","product_retailer_item_id":"768990301728","product_condition":"new"},"_links":{"self":[{"href":"https:\/\/ecosupplements.ch\/index.php?rest_route=\/wp\/v2\/product\/4653","targetHints":{"allow":["GET"]}}],"collection":[{"href":"https:\/\/ecosupplements.ch\/index.php?rest_route=\/wp\/v2\/product"}],"about":[{"href":"https:\/\/ecosupplements.ch\/index.php?rest_route=\/wp\/v2\/types\/product"}],"replies":[{"embeddable":true,"href":"https:\/\/ecosupplements.ch\/index.php?rest_route=%2Fwp%2Fv2%2Fcomments&post=4653"}],"wp:featuredmedia":[{"embeddable":true,"href":"https:\/\/ecosupplements.ch\/index.php?rest_route=\/wp\/v2\/media\/4654"}],"wp:attachment":[{"href":"https:\/\/ecosupplements.ch\/index.php?rest_route=%2Fwp%2Fv2%2Fmedia&parent=4653"}],"wp:term":[{"taxonomy":"product_brand","embeddable":true,"href":"https:\/\/ecosupplements.ch\/index.php?rest_route=%2Fwp%2Fv2%2Fproduct_brand&post=4653"},{"taxonomy":"product_cat","embeddable":true,"href":"https:\/\/ecosupplements.ch\/index.php?rest_route=%2Fwp%2Fv2%2Fproduct_cat&post=4653"},{"taxonomy":"product_tag","embeddable":true,"href":"https:\/\/ecosupplements.ch\/index.php?rest_route=%2Fwp%2Fv2%2Fproduct_tag&post=4653"}],"curies":[{"name":"wp","href":"https:\/\/api.w.org\/{rel}","templated":true}]}}