{"id":4658,"date":"2026-05-11T15:00:19","date_gmt":"2026-05-11T15:00:19","guid":{"rendered":"https:\/\/ecosupplements.ch\/?product=co-enzyme-b-complex-60-vcaps"},"modified":"2026-05-13T07:23:00","modified_gmt":"2026-05-13T07:23:00","slug":"co-enzyme-b-complex-60-vcaps","status":"publish","type":"product","link":"https:\/\/ecosupplements.ch\/?product=co-enzyme-b-complex-60-vcaps","title":{"rendered":"Co-Enzyme B-Complex &#8211; 60 vcaps"},"content":{"rendered":"<div class=\"chcg-product-description\">\n<h2 class=\"chcg-heading\">\u00dcber NOW Foods \u2013 Co-Enzyme B-Complex \u2013 60 vcaps<\/h2>\n<div class=\"chcg-intro\">\n<p>Der Co-Enzyme B-Complex von NOW Foods bietet das gesamte Spektrum der B-Vitamine in ihren biologisch aktiven, coenzymatierten Formen. Diese Formen \u2013 darunter Methylcobalamin, Riboflavin-5-Phosphat, Pyridoxal-5-Phosphat (P-5-P) sowie das patentierte Quatrefolic\u00ae f\u00fcr Folat \u2013 werden vom K\u00f6rper direkt verwertet, ohne vorher umgewandelt werden zu m\u00fcssen. So unterst\u00fctzt die Formel eine optimale Bioverf\u00fcgbarkeit auf effiziente Weise.<\/p>\n<p>Jede Tagesportion liefert zudem erg\u00e4nzende Wirkstoffe wie Alpha-Lipons\u00e4ure, Coenzym Q10, Inositol, Cholin und PABA, die das breite Wirkungsspektrum des Komplexes abrunden. Vitamin B-6, B-12 und Folat tragen zur normalen Funktion des Nervensystems und zur Verringerung von M\u00fcdigkeit und Ersch\u00f6pfung bei. Riboflavin, Niacin und Pantothens\u00e4ure unterst\u00fctzen einen normalen Energiestoffwechsel.<\/p>\n<p>Die vegetarischen Kapseln sind vegan, glutenfrei und laktosefrei \u2013 damit eignet sich dieses Produkt f\u00fcr eine Vielzahl von Ern\u00e4hrungsweisen. Mit 30 Portionen pro Packung bietet der Co-Enzyme B-Complex von NOW Foods eine praktische und hochwertige L\u00f6sung f\u00fcr alle, die ihre t\u00e4gliche Versorgung mit B-Vitaminen in koenzymierter Form sicherstellen m\u00f6chten.<\/p>\n<\/p><\/div>\n<div class=\"chcg-nutrition\">\n<h3>N\u00e4hrwertangaben<\/h3>\n<table class=\"chcg-nutrition-table\">\n<thead>\n<tr>\n<th>N\u00e4hrstoff<\/th>\n<th>Pro Portion (2 Kapseln)<\/th>\n<\/tr>\n<\/thead>\n<tbody>\n<tr>\n<td>Vitamin C (aus Magnesiumascorbat)<\/td>\n<td>60 mg (75 % NRV)<\/td>\n<\/tr>\n<tr>\n<td>Thiamin (Vit. B-1) (aus Thiamin HCl und Cocarboxylase)<\/td>\n<td>50 mg (4545 % NRV)<\/td>\n<\/tr>\n<tr>\n<td>Riboflavin (als Riboflavin &amp; aus Riboflavin-5-Phosphat-Natrium)<\/td>\n<td>50 mg (3571 % NRV)<\/td>\n<\/tr>\n<tr>\n<td>Niacin (Vitamin B-3) (aus Inositolhexanikotinat und NAD-Trihydrat)<\/td>\n<td>100 mg (625 % NRV)<\/td>\n<\/tr>\n<tr>\n<td>Vitamin B-6 (aus Pyridoxin HCl und P-5-P-Monohydrat)<\/td>\n<td>50 mg (3571 % NRV)<\/td>\n<\/tr>\n<tr>\n<td>Folat [aus Quatrefolic (6S)-5-MTHF-Glucosaminsalz] DFE [400 mcg (6S)-5-MTHF]<\/td>\n<td>667 mcg (334 % NRV)<\/td>\n<\/tr>\n<tr>\n<td>Vitamin B-12 (als Methylcobalamin und Dibencozid)<\/td>\n<td>250 mcg (10 000 % NRV)<\/td>\n<\/tr>\n<tr>\n<td>Biotin<\/td>\n<td>1000 mcg (2000 % NRV)<\/td>\n<\/tr>\n<tr>\n<td>Pantothens\u00e4ure (Vitamin B-5) (aus Calciumpantothenat und Pantethine)<\/td>\n<td>50 mg (833 % NRV)<\/td>\n<\/tr>\n<tr>\n<td>Cholin (aus Cholinbitartrat)<\/td>\n<td>25 mg (\u2020)<\/td>\n<\/tr>\n<tr>\n<td>Betain wasserfrei<\/td>\n<td>50 mg (\u2020)<\/td>\n<\/tr>\n<tr>\n<td>Alpha-Lipons\u00e4ure<\/td>\n<td>50 mg (\u2020)<\/td>\n<\/tr>\n<tr>\n<td>PABA (para-Aminobenzoes\u00e4ure)<\/td>\n<td>25 mg (\u2020)<\/td>\n<\/tr>\n<tr>\n<td>Inositol (aus Inositolhexanikotinat, Inositolhexaphosphat und Inositol)<\/td>\n<td>30 mg (\u2020)<\/td>\n<\/tr>\n<tr>\n<td>CoQ10 (Coenzym Q10)<\/td>\n<td>10 mg (\u2020)<\/td>\n<\/tr>\n<\/tbody>\n<\/table>\n<p class=\"chcg-footnote\">\u2020 Kein festgelegter Tagesbedarf.<\/p>\n<p class=\"chcg-footnote\">NRV = Referenzwert f\u00fcr die N\u00e4hrstoffzufuhr. Portionsgr\u00f6sse: 2 pflanzliche Kapseln. Portionen pro Packung: 30.<\/p>\n<\/p><\/div>\n<div class=\"chcg-ingredients\">\n<h3>Zutaten<\/h3>\n<p>Vitamin C (aus Magnesiumascorbat), Thiamin (Vit. B-1) (aus Thiamin HCl und Cocarboxylase), Riboflavin (als Riboflavin &amp; aus Riboflavin-5-Phosphat-Natrium), Niacin (Vitamin B-3) (aus Inositolhexanikotinat und NAD-Trihydrat), Vitamin B-6 (aus Pyridoxin HCl und P-5-P-Monohydrat), Folat [aus Quatrefolic (6S)-5-MTHF-Glucosaminsalz] DFE [400 mcg (6S)-5-MTHF], Vitamin B-12 (als Methylcobalamin und Dibencozid), Biotin, Pantothens\u00e4ure (Vitamin B-5) (aus Calciumpantothenat und Pantethine), Cholin (aus Cholinbitartrat), Betain wasserfrei, Alpha-Lipons\u00e4ure, PABA (para-Aminobenzoes\u00e4ure), Inositol (aus Inositolhexanikotinat, Inositolhexaphosphat und Inositol), CoQ10 (Coenzym Q10). Weitere Zutaten: Hypromellose (Cellulosekapselh\u00fclle), mikrokristalline Cellulose, Stearins\u00e4ure (pflanzlicher Herkunft), Siliziumdioxid, Hypromellose (Cellulose) und Calciumsilikat.<\/p>\n<p class=\"chcg-capsule-shell\">Kapselh\u00fclle: Hypromellose (Cellulose)<\/p>\n<\/p><\/div>\n<div class=\"chcg-dosage\">\n<h3>Verzehrempfehlung<\/h3>\n<p>T\u00e4glich 2 Kapseln zu einer Mahlzeit einnehmen.<\/p>\n<\/p><\/div>\n<div class=\"chcg-warnings\">\n<h3>Warnhinweise<\/h3>\n<p>Nur f\u00fcr Erwachsene. Schwangere oder stillende Personen, Personen, die Medikamente einnehmen, oder Personen mit einer medizinischen Erkrankung sollten vor der Einnahme einen Arzt konsultieren. Ausserhalb der Reichweite von Kindern aufbewahren. Dieses Produkt enth\u00e4lt Biotin, welches bestimmte Bluttestergebnisse beeinflussen kann.<\/p>\n<\/p><\/div>\n<div class=\"chcg-allergens\">\n<h3>Allergeninformationen<\/h3>\n<p>Nicht hergestellt mit Weizen, Gluten, Soja, Milch, Ei, Fisch, Schalentieren, Baumn\u00fcssen oder Sesam als Zutaten. Produziert in einer GMP-zertifizierten Anlage, die andere Inhaltsstoffe verarbeitet, welche diese Allergene enthalten k\u00f6nnen.<\/p>\n<\/p><\/div>\n<div class=\"chcg-storage\">\n<h3>Lagerung<\/h3>\n<p>Nach dem \u00d6ffnen an einem k\u00fchlen, trockenen Ort lagern.<\/p>\n<\/p><\/div>\n<div class=\"chcg-dietary\">\n<h3>Ern\u00e4hrungshinweise<\/h3>\n<ul>\n<li>Vegan<\/li>\n<li>Vegetarisch<\/li>\n<li>Glutenfrei<\/li>\n<li>Laktosefrei<\/li>\n<\/ul><\/div>\n<\/div>\n","protected":false},"excerpt":{"rendered":"<p>Der Co-Enzyme B-Complex von NOW Foods liefert alle B-Vitamine in biologisch aktiver, koenzymatischer Form f\u00fcr optimale Bioverf\u00fcgbarkeit. Erh\u00e4ltlich als vegane Kapseln, 60 St\u00fcck (30 Portionen). Glutenfrei und laktosefrei.<\/p>\n","protected":false},"featured_media":4659,"comment_status":"closed","ping_status":"open","template":"","meta":[],"product_brand":[454],"product_cat":[34,27,127,48,25,22,171,21],"product_tag":[],"class_list":{"0":"post-4658","1":"product","2":"type-product","3":"status-publish","4":"has-post-thumbnail","6":"product_brand-nownow-foods","7":"product_cat-antioxidantien","8":"product_cat-einige-vitamine","9":"product_cat-enzyme","10":"product_cat-gesunde-ernaehrung","11":"product_cat-gesundheit-und-wohlbefinden","12":"product_cat-vegane-produkte","13":"product_cat-vitamine-und-mineralien","14":"product_cat-vitamine-und-mineralstoffe","16":"first","17":"outofstock","18":"taxable","19":"shipping-taxable","20":"purchasable","21":"product-type-simple"},"yoast_head":"<!-- This site is optimized with the Yoast SEO plugin v27.5 - https:\/\/yoast.com\/product\/yoast-seo-wordpress\/ -->\n<title>Co-Enzyme B-Complex 60 vcaps \u2013 NOW Foods | ecosupplements.ch<\/title>\n<meta name=\"description\" content=\"NOW Foods Co-Enzyme B-Complex mit aktiven B-Vitaminen in 60 veganen Kapseln f\u00fcr optimale Bioverf\u00fcgbarkeit. Jetzt bestellen.\" \/>\n<meta name=\"robots\" content=\"index, follow, max-snippet:-1, max-image-preview:large, max-video-preview:-1\" \/>\n<link rel=\"canonical\" href=\"https:\/\/ecosupplements.ch\/?product=co-enzyme-b-complex-60-vcaps\" \/>\n<meta property=\"og:locale\" content=\"de_DE\" \/>\n<meta property=\"og:type\" content=\"article\" \/>\n<meta property=\"og:title\" content=\"Co-Enzyme B-Complex 60 vcaps \u2013 NOW Foods | ecosupplements.ch\" \/>\n<meta property=\"og:description\" content=\"NOW Foods Co-Enzyme B-Complex mit aktiven B-Vitaminen in 60 veganen Kapseln f\u00fcr optimale Bioverf\u00fcgbarkeit. Jetzt bestellen.\" \/>\n<meta property=\"og:url\" content=\"https:\/\/ecosupplements.ch\/?product=co-enzyme-b-complex-60-vcaps\" \/>\n<meta property=\"og:site_name\" content=\"Eco Supplements\" \/>\n<meta property=\"article:modified_time\" content=\"2026-05-13T07:23:00+00:00\" \/>\n<meta property=\"og:image\" content=\"https:\/\/ecosupplements.ch\/wp-content\/uploads\/2026\/05\/Co-Enzyme-B-Complex-60-vcaps.webp\" \/>\n\t<meta property=\"og:image:width\" content=\"1000\" \/>\n\t<meta property=\"og:image:height\" content=\"1000\" \/>\n\t<meta property=\"og:image:type\" content=\"image\/jpeg\" \/>\n<meta name=\"twitter:card\" content=\"summary_large_image\" \/>\n<meta name=\"twitter:label1\" content=\"Price\" \/>\n\t<meta name=\"twitter:data1\" content=\"&#067;&#072;&#070;&nbsp;22.93\" \/>\n\t<meta name=\"twitter:label2\" content=\"Availability\" \/>\n\t<meta name=\"twitter:data2\" content=\"Out of stock\" \/>\n<script type=\"application\/ld+json\" class=\"yoast-schema-graph\">{\"@context\":\"https:\\\/\\\/schema.org\",\"@graph\":[{\"@type\":\"WebPage\",\"@id\":\"https:\\\/\\\/ecosupplements.ch\\\/?product=co-enzyme-b-complex-60-vcaps\",\"url\":\"https:\\\/\\\/ecosupplements.ch\\\/?product=co-enzyme-b-complex-60-vcaps\",\"name\":\"Co-Enzyme B-Complex 60 vcaps \u2013 NOW Foods | ecosupplements.ch\",\"isPartOf\":{\"@id\":\"https:\\\/\\\/ecosupplements.ch\\\/#website\"},\"primaryImageOfPage\":{\"@id\":\"https:\\\/\\\/ecosupplements.ch\\\/?product=co-enzyme-b-complex-60-vcaps#primaryimage\"},\"image\":{\"@id\":\"https:\\\/\\\/ecosupplements.ch\\\/?product=co-enzyme-b-complex-60-vcaps#primaryimage\"},\"thumbnailUrl\":\"https:\\\/\\\/ecosupplements.ch\\\/wp-content\\\/uploads\\\/2026\\\/05\\\/Co-Enzyme-B-Complex-60-vcaps.webp\",\"datePublished\":\"2026-05-11T15:00:19+00:00\",\"dateModified\":\"2026-05-13T07:23:00+00:00\",\"description\":\"NOW Foods Co-Enzyme B-Complex mit aktiven B-Vitaminen in 60 veganen Kapseln f\u00fcr optimale Bioverf\u00fcgbarkeit. Jetzt bestellen.\",\"breadcrumb\":{\"@id\":\"https:\\\/\\\/ecosupplements.ch\\\/?product=co-enzyme-b-complex-60-vcaps#breadcrumb\"},\"inLanguage\":\"de-CH\",\"potentialAction\":[{\"@type\":\"ReadAction\",\"target\":[\"https:\\\/\\\/ecosupplements.ch\\\/?product=co-enzyme-b-complex-60-vcaps\"]}]},{\"@type\":\"ImageObject\",\"inLanguage\":\"de-CH\",\"@id\":\"https:\\\/\\\/ecosupplements.ch\\\/?product=co-enzyme-b-complex-60-vcaps#primaryimage\",\"url\":\"https:\\\/\\\/ecosupplements.ch\\\/wp-content\\\/uploads\\\/2026\\\/05\\\/Co-Enzyme-B-Complex-60-vcaps.webp\",\"contentUrl\":\"https:\\\/\\\/ecosupplements.ch\\\/wp-content\\\/uploads\\\/2026\\\/05\\\/Co-Enzyme-B-Complex-60-vcaps.webp\",\"width\":1000,\"height\":1000,\"caption\":\"Co-Enzyme B-Complex - 60 vcaps\"},{\"@type\":\"BreadcrumbList\",\"@id\":\"https:\\\/\\\/ecosupplements.ch\\\/?product=co-enzyme-b-complex-60-vcaps#breadcrumb\",\"itemListElement\":[{\"@type\":\"ListItem\",\"position\":1,\"name\":\"Home\",\"item\":\"https:\\\/\\\/ecosupplements.ch\\\/\"},{\"@type\":\"ListItem\",\"position\":2,\"name\":\"Shop\",\"item\":\"https:\\\/\\\/ecosupplements.ch\\\/?page_id=14\"},{\"@type\":\"ListItem\",\"position\":3,\"name\":\"Co-Enzyme B-Complex &#8211; 60 vcaps\"}]},{\"@type\":\"WebSite\",\"@id\":\"https:\\\/\\\/ecosupplements.ch\\\/#website\",\"url\":\"https:\\\/\\\/ecosupplements.ch\\\/\",\"name\":\"Eco Supplements\",\"description\":\"\",\"potentialAction\":[{\"@type\":\"SearchAction\",\"target\":{\"@type\":\"EntryPoint\",\"urlTemplate\":\"https:\\\/\\\/ecosupplements.ch\\\/?s={search_term_string}\"},\"query-input\":{\"@type\":\"PropertyValueSpecification\",\"valueRequired\":true,\"valueName\":\"search_term_string\"}}],\"inLanguage\":\"de-CH\"}]}<\/script>\n<meta property=\"product:price:amount\" content=\"22.93\" \/>\n<meta property=\"product:price:currency\" content=\"CHF\" \/>\n<meta property=\"og:availability\" content=\"out of stock\" \/>\n<meta property=\"product:availability\" content=\"out of stock\" \/>\n<meta property=\"product:retailer_item_id\" content=\"733739004062\" \/>\n<meta property=\"product:condition\" content=\"new\" \/>\n<!-- \/ Yoast SEO plugin. -->","yoast_head_json":{"title":"Co-Enzyme B-Complex 60 vcaps \u2013 NOW Foods | ecosupplements.ch","description":"NOW Foods Co-Enzyme B-Complex mit aktiven B-Vitaminen in 60 veganen Kapseln f\u00fcr optimale Bioverf\u00fcgbarkeit. Jetzt bestellen.","robots":{"index":"index","follow":"follow","max-snippet":"max-snippet:-1","max-image-preview":"max-image-preview:large","max-video-preview":"max-video-preview:-1"},"canonical":"https:\/\/ecosupplements.ch\/?product=co-enzyme-b-complex-60-vcaps","og_locale":"de_DE","og_type":"article","og_title":"Co-Enzyme B-Complex 60 vcaps \u2013 NOW Foods | ecosupplements.ch","og_description":"NOW Foods Co-Enzyme B-Complex mit aktiven B-Vitaminen in 60 veganen Kapseln f\u00fcr optimale Bioverf\u00fcgbarkeit. Jetzt bestellen.","og_url":"https:\/\/ecosupplements.ch\/?product=co-enzyme-b-complex-60-vcaps","og_site_name":"Eco Supplements","article_modified_time":"2026-05-13T07:23:00+00:00","og_image":[{"width":1000,"height":1000,"url":"https:\/\/ecosupplements.ch\/wp-content\/uploads\/2026\/05\/Co-Enzyme-B-Complex-60-vcaps.webp","type":"image\/jpeg"}],"twitter_card":"summary_large_image","twitter_misc":{"Price":"&#67;&#72;&#70;&nbsp;22.93","Availability":"Out of stock"},"schema":{"@context":"https:\/\/schema.org","@graph":[{"@type":"WebPage","@id":"https:\/\/ecosupplements.ch\/?product=co-enzyme-b-complex-60-vcaps","url":"https:\/\/ecosupplements.ch\/?product=co-enzyme-b-complex-60-vcaps","name":"Co-Enzyme B-Complex 60 vcaps \u2013 NOW Foods | ecosupplements.ch","isPartOf":{"@id":"https:\/\/ecosupplements.ch\/#website"},"primaryImageOfPage":{"@id":"https:\/\/ecosupplements.ch\/?product=co-enzyme-b-complex-60-vcaps#primaryimage"},"image":{"@id":"https:\/\/ecosupplements.ch\/?product=co-enzyme-b-complex-60-vcaps#primaryimage"},"thumbnailUrl":"https:\/\/ecosupplements.ch\/wp-content\/uploads\/2026\/05\/Co-Enzyme-B-Complex-60-vcaps.webp","datePublished":"2026-05-11T15:00:19+00:00","dateModified":"2026-05-13T07:23:00+00:00","description":"NOW Foods Co-Enzyme B-Complex mit aktiven B-Vitaminen in 60 veganen Kapseln f\u00fcr optimale Bioverf\u00fcgbarkeit. Jetzt bestellen.","breadcrumb":{"@id":"https:\/\/ecosupplements.ch\/?product=co-enzyme-b-complex-60-vcaps#breadcrumb"},"inLanguage":"de-CH","potentialAction":[{"@type":"ReadAction","target":["https:\/\/ecosupplements.ch\/?product=co-enzyme-b-complex-60-vcaps"]}]},{"@type":"ImageObject","inLanguage":"de-CH","@id":"https:\/\/ecosupplements.ch\/?product=co-enzyme-b-complex-60-vcaps#primaryimage","url":"https:\/\/ecosupplements.ch\/wp-content\/uploads\/2026\/05\/Co-Enzyme-B-Complex-60-vcaps.webp","contentUrl":"https:\/\/ecosupplements.ch\/wp-content\/uploads\/2026\/05\/Co-Enzyme-B-Complex-60-vcaps.webp","width":1000,"height":1000,"caption":"Co-Enzyme B-Complex - 60 vcaps"},{"@type":"BreadcrumbList","@id":"https:\/\/ecosupplements.ch\/?product=co-enzyme-b-complex-60-vcaps#breadcrumb","itemListElement":[{"@type":"ListItem","position":1,"name":"Home","item":"https:\/\/ecosupplements.ch\/"},{"@type":"ListItem","position":2,"name":"Shop","item":"https:\/\/ecosupplements.ch\/?page_id=14"},{"@type":"ListItem","position":3,"name":"Co-Enzyme B-Complex &#8211; 60 vcaps"}]},{"@type":"WebSite","@id":"https:\/\/ecosupplements.ch\/#website","url":"https:\/\/ecosupplements.ch\/","name":"Eco Supplements","description":"","potentialAction":[{"@type":"SearchAction","target":{"@type":"EntryPoint","urlTemplate":"https:\/\/ecosupplements.ch\/?s={search_term_string}"},"query-input":{"@type":"PropertyValueSpecification","valueRequired":true,"valueName":"search_term_string"}}],"inLanguage":"de-CH"}]},"product_price_amount":"22.93","product_price_currency":"CHF","og_availability":"out of stock","product_availability":"out of stock","product_retailer_item_id":"733739004062","product_condition":"new"},"_links":{"self":[{"href":"https:\/\/ecosupplements.ch\/index.php?rest_route=\/wp\/v2\/product\/4658","targetHints":{"allow":["GET"]}}],"collection":[{"href":"https:\/\/ecosupplements.ch\/index.php?rest_route=\/wp\/v2\/product"}],"about":[{"href":"https:\/\/ecosupplements.ch\/index.php?rest_route=\/wp\/v2\/types\/product"}],"replies":[{"embeddable":true,"href":"https:\/\/ecosupplements.ch\/index.php?rest_route=%2Fwp%2Fv2%2Fcomments&post=4658"}],"wp:featuredmedia":[{"embeddable":true,"href":"https:\/\/ecosupplements.ch\/index.php?rest_route=\/wp\/v2\/media\/4659"}],"wp:attachment":[{"href":"https:\/\/ecosupplements.ch\/index.php?rest_route=%2Fwp%2Fv2%2Fmedia&parent=4658"}],"wp:term":[{"taxonomy":"product_brand","embeddable":true,"href":"https:\/\/ecosupplements.ch\/index.php?rest_route=%2Fwp%2Fv2%2Fproduct_brand&post=4658"},{"taxonomy":"product_cat","embeddable":true,"href":"https:\/\/ecosupplements.ch\/index.php?rest_route=%2Fwp%2Fv2%2Fproduct_cat&post=4658"},{"taxonomy":"product_tag","embeddable":true,"href":"https:\/\/ecosupplements.ch\/index.php?rest_route=%2Fwp%2Fv2%2Fproduct_tag&post=4658"}],"curies":[{"name":"wp","href":"https:\/\/api.w.org\/{rel}","templated":true}]}}