{"id":4673,"date":"2026-05-11T15:00:27","date_gmt":"2026-05-11T15:00:27","guid":{"rendered":"https:\/\/ecosupplements.ch\/?product=coq10-100mg-50-softgels"},"modified":"2026-05-13T07:23:00","modified_gmt":"2026-05-13T07:23:00","slug":"coq10-100mg-50-softgels","status":"publish","type":"product","link":"https:\/\/ecosupplements.ch\/?product=coq10-100mg-50-softgels","title":{"rendered":"CoQ10, 100mg &#8211; 50 softgels"},"content":{"rendered":"<div class=\"chcg-product-description\">\n<h2 class=\"chcg-heading\">\u00dcber NOW Foods \u2013 CoQ10, 100mg \u2013 50 Softgels<\/h2>\n<div class=\"chcg-intro\">\n<p>Coenzym Q10 (CoQ10) ist eine k\u00f6rpereigene Verbindung, die in jeder Zelle des menschlichen K\u00f6rpers vorkommt und eine zentrale Rolle bei der Energiegewinnung in den Mitochondrien spielt. NOW Foods CoQ10 100mg liefert diesen wichtigen N\u00e4hrstoff in der biologisch aktiven All-trans-Form, hergestellt durch nat\u00fcrliche Fermentation \u2013 f\u00fcr h\u00f6chste Reinheit und optimale Bioverf\u00fcgbarkeit.<\/p>\n<p>Jede Softgel-Kapsel enth\u00e4lt 100 mg CoQ10, eingebettet in hochwertigem organischem nativem Oliven\u00f6l extra, was die Aufnahme des fettl\u00f6slichen Wirkstoffs unterst\u00fctzt. Erg\u00e4nzt wird die Formel durch gemischte Tocopherole aus Sonnenblumen\u00f6l sowie Sonnenblumenlecithin \u2013 sorgf\u00e4ltig ausgew\u00e4hlte Begleitstoffe f\u00fcr eine qualitativ hochwertige Zubereitung.<\/p>\n<p>NOW Foods steht seit Jahrzehnten f\u00fcr kompromisslose Qualit\u00e4tsstandards und GMP-zertifizierte Herstellung. CoQ10 100mg in der praktischen Softgel-Form bietet eine unkomplizierte M\u00f6glichkeit, die t\u00e4gliche N\u00e4hrstoffversorgung gezielt zu erg\u00e4nzen.<\/p>\n<\/p><\/div>\n<div class=\"chcg-nutrition\">\n<h3>N\u00e4hrwertangaben<\/h3>\n<table class=\"chcg-nutrition-table\">\n<thead>\n<tr>\n<th>N\u00e4hrstoff<\/th>\n<th>Pro Portion (1 Softgel)<\/th>\n<\/tr>\n<\/thead>\n<tbody>\n<tr>\n<td>Coenzym Q10 (All-trans-Form, durch Fermentation gewonnen)<\/td>\n<td>100 mg*<\/td>\n<\/tr>\n<\/tbody>\n<\/table>\n<p class=\"chcg-footnote\">* Kein etablierter Tagesbedarf (Tagesdosis) festgelegt.<\/p>\n<\/p><\/div>\n<div class=\"chcg-ingredients\">\n<h3>Zutaten<\/h3>\n<p>Coenzym Q10 100 mg. Weitere Zutaten: Organisches natives Oliven\u00f6l extra, gemischte Tocopherole (aus Sonnenblumen\u00f6l), Sonnenblumenlecithin und Siliciumdioxid.<\/p>\n<p class=\"chcg-capsule-shell\">Kapselh\u00fclle: Rinder-Gelatine (BSE-frei), Glycerin, Wasser, organische Karamellfarbe.<\/p>\n<\/p><\/div>\n<div class=\"chcg-dosage\">\n<h3>Verzehrempfehlung<\/h3>\n<p>T\u00e4glich 1 Softgel 1- bis 2-mal zusammen mit einer Mahlzeit einnehmen.<\/p>\n<\/p><\/div>\n<div class=\"chcg-warnings\">\n<h3>Warnhinweise<\/h3>\n<p>Nur f\u00fcr Erwachsene geeignet. Bei Schwangerschaft oder Stillzeit, bei der Einnahme von Medikamenten oder bei bestehenden gesundheitlichen Beschwerden ist vor der Einnahme ein Arzt zu konsultieren. Ausserhalb der Reichweite von Kindern aufbewahren. In der Softgel-Kapsel k\u00f6nnen Ablagerungen und Farbvariationen auftreten; dies ist nat\u00fcrlich und beeintr\u00e4chtigt die Produktqualit\u00e4t nicht.<\/p>\n<\/p><\/div>\n<div class=\"chcg-allergens\">\n<h3>Allergeninformationen<\/h3>\n<p>Nicht hergestellt mit Weizen, Gluten, Soja, Mais, Milch, Ei, Fisch oder Schalentieren. Produziert in einer GMP-zertifizierten Anlage, die auch andere Zutaten verarbeitet, welche diese Allergene enthalten k\u00f6nnen.<\/p>\n<\/p><\/div>\n<div class=\"chcg-storage\">\n<h3>Lagerung<\/h3>\n<p>Nach dem \u00d6ffnen an einem k\u00fchlen, trockenen Ort aufbewahren.<\/p>\n<\/p><\/div>\n<div class=\"chcg-dietary\">\n<h3>Ern\u00e4hrungshinweise<\/h3>\n<ul>\n<li>Glutenfrei<\/li>\n<li>Laktosefrei<\/li>\n<\/ul><\/div>\n<\/div>\n","protected":false},"excerpt":{"rendered":"<p>NOW Foods CoQ10 100mg unterst\u00fctzt die zellul\u00e4re Energiegewinnung mit der hochwertigen All-trans-Form, eingebettet in organischem Oliven\u00f6l f\u00fcr optimale Aufnahme. Erh\u00e4ltlich als praktische Softgels, 50 St\u00fcck pro Packung.<\/p>\n","protected":false},"featured_media":4674,"comment_status":"closed","ping_status":"open","template":"","meta":[],"product_brand":[454],"product_cat":[34,48,25,22,21],"product_tag":[],"class_list":{"0":"post-4673","1":"product","2":"type-product","3":"status-publish","4":"has-post-thumbnail","6":"product_brand-nownow-foods","7":"product_cat-antioxidantien","8":"product_cat-gesunde-ernaehrung","9":"product_cat-gesundheit-und-wohlbefinden","10":"product_cat-vegane-produkte","11":"product_cat-vitamine-und-mineralstoffe","13":"first","14":"outofstock","15":"taxable","16":"shipping-taxable","17":"purchasable","18":"product-type-simple"},"yoast_head":"<!-- This site is optimized with the Yoast SEO plugin v27.5 - https:\/\/yoast.com\/product\/yoast-seo-wordpress\/ -->\n<title>CoQ10 100mg \u2013 50 Softgels \u2013 NOW Foods | ecosupplements.ch<\/title>\n<meta name=\"description\" content=\"NOW Foods CoQ10 100mg in der All-trans-Form \u2013 50 Softgels mit organischem Oliven\u00f6l f\u00fcr beste Bioverf\u00fcgbarkeit. Jetzt bestellen.\" \/>\n<meta name=\"robots\" content=\"index, follow, max-snippet:-1, max-image-preview:large, max-video-preview:-1\" \/>\n<link rel=\"canonical\" href=\"https:\/\/ecosupplements.ch\/?product=coq10-100mg-50-softgels\" \/>\n<meta property=\"og:locale\" content=\"de_DE\" \/>\n<meta property=\"og:type\" content=\"article\" \/>\n<meta property=\"og:title\" content=\"CoQ10 100mg \u2013 50 Softgels \u2013 NOW Foods | ecosupplements.ch\" \/>\n<meta property=\"og:description\" content=\"NOW Foods CoQ10 100mg in der All-trans-Form \u2013 50 Softgels mit organischem Oliven\u00f6l f\u00fcr beste Bioverf\u00fcgbarkeit. Jetzt bestellen.\" \/>\n<meta property=\"og:url\" content=\"https:\/\/ecosupplements.ch\/?product=coq10-100mg-50-softgels\" \/>\n<meta property=\"og:site_name\" content=\"Eco Supplements\" \/>\n<meta property=\"article:modified_time\" content=\"2026-05-13T07:23:00+00:00\" \/>\n<meta property=\"og:image\" content=\"https:\/\/ecosupplements.ch\/wp-content\/uploads\/2026\/05\/CoQ10-100mg-50-softgels.webp\" \/>\n\t<meta property=\"og:image:width\" content=\"1000\" \/>\n\t<meta property=\"og:image:height\" content=\"1000\" \/>\n\t<meta property=\"og:image:type\" content=\"image\/jpeg\" \/>\n<meta name=\"twitter:card\" content=\"summary_large_image\" \/>\n<meta name=\"twitter:label1\" content=\"Price\" \/>\n\t<meta name=\"twitter:data1\" content=\"&#067;&#072;&#070;&nbsp;16.39\" \/>\n\t<meta name=\"twitter:label2\" content=\"Availability\" \/>\n\t<meta name=\"twitter:data2\" content=\"Out of stock\" \/>\n<script type=\"application\/ld+json\" class=\"yoast-schema-graph\">{\"@context\":\"https:\\\/\\\/schema.org\",\"@graph\":[{\"@type\":\"WebPage\",\"@id\":\"https:\\\/\\\/ecosupplements.ch\\\/?product=coq10-100mg-50-softgels\",\"url\":\"https:\\\/\\\/ecosupplements.ch\\\/?product=coq10-100mg-50-softgels\",\"name\":\"CoQ10 100mg \u2013 50 Softgels \u2013 NOW Foods | ecosupplements.ch\",\"isPartOf\":{\"@id\":\"https:\\\/\\\/ecosupplements.ch\\\/#website\"},\"primaryImageOfPage\":{\"@id\":\"https:\\\/\\\/ecosupplements.ch\\\/?product=coq10-100mg-50-softgels#primaryimage\"},\"image\":{\"@id\":\"https:\\\/\\\/ecosupplements.ch\\\/?product=coq10-100mg-50-softgels#primaryimage\"},\"thumbnailUrl\":\"https:\\\/\\\/ecosupplements.ch\\\/wp-content\\\/uploads\\\/2026\\\/05\\\/CoQ10-100mg-50-softgels.webp\",\"datePublished\":\"2026-05-11T15:00:27+00:00\",\"dateModified\":\"2026-05-13T07:23:00+00:00\",\"description\":\"NOW Foods CoQ10 100mg in der All-trans-Form \u2013 50 Softgels mit organischem Oliven\u00f6l f\u00fcr beste Bioverf\u00fcgbarkeit. Jetzt bestellen.\",\"breadcrumb\":{\"@id\":\"https:\\\/\\\/ecosupplements.ch\\\/?product=coq10-100mg-50-softgels#breadcrumb\"},\"inLanguage\":\"de-CH\",\"potentialAction\":[{\"@type\":\"ReadAction\",\"target\":[\"https:\\\/\\\/ecosupplements.ch\\\/?product=coq10-100mg-50-softgels\"]}]},{\"@type\":\"ImageObject\",\"inLanguage\":\"de-CH\",\"@id\":\"https:\\\/\\\/ecosupplements.ch\\\/?product=coq10-100mg-50-softgels#primaryimage\",\"url\":\"https:\\\/\\\/ecosupplements.ch\\\/wp-content\\\/uploads\\\/2026\\\/05\\\/CoQ10-100mg-50-softgels.webp\",\"contentUrl\":\"https:\\\/\\\/ecosupplements.ch\\\/wp-content\\\/uploads\\\/2026\\\/05\\\/CoQ10-100mg-50-softgels.webp\",\"width\":1000,\"height\":1000,\"caption\":\"CoQ10\"},{\"@type\":\"BreadcrumbList\",\"@id\":\"https:\\\/\\\/ecosupplements.ch\\\/?product=coq10-100mg-50-softgels#breadcrumb\",\"itemListElement\":[{\"@type\":\"ListItem\",\"position\":1,\"name\":\"Home\",\"item\":\"https:\\\/\\\/ecosupplements.ch\\\/\"},{\"@type\":\"ListItem\",\"position\":2,\"name\":\"Shop\",\"item\":\"https:\\\/\\\/ecosupplements.ch\\\/?page_id=14\"},{\"@type\":\"ListItem\",\"position\":3,\"name\":\"CoQ10, 100mg &#8211; 50 softgels\"}]},{\"@type\":\"WebSite\",\"@id\":\"https:\\\/\\\/ecosupplements.ch\\\/#website\",\"url\":\"https:\\\/\\\/ecosupplements.ch\\\/\",\"name\":\"Eco Supplements\",\"description\":\"\",\"potentialAction\":[{\"@type\":\"SearchAction\",\"target\":{\"@type\":\"EntryPoint\",\"urlTemplate\":\"https:\\\/\\\/ecosupplements.ch\\\/?s={search_term_string}\"},\"query-input\":{\"@type\":\"PropertyValueSpecification\",\"valueRequired\":true,\"valueName\":\"search_term_string\"}}],\"inLanguage\":\"de-CH\"}]}<\/script>\n<meta property=\"product:price:amount\" content=\"16.39\" \/>\n<meta property=\"product:price:currency\" content=\"CHF\" \/>\n<meta property=\"og:availability\" content=\"out of stock\" \/>\n<meta property=\"product:availability\" content=\"out of stock\" \/>\n<meta property=\"product:retailer_item_id\" content=\"733739032089\" \/>\n<meta property=\"product:condition\" content=\"new\" \/>\n<!-- \/ Yoast SEO plugin. -->","yoast_head_json":{"title":"CoQ10 100mg \u2013 50 Softgels \u2013 NOW Foods | ecosupplements.ch","description":"NOW Foods CoQ10 100mg in der All-trans-Form \u2013 50 Softgels mit organischem Oliven\u00f6l f\u00fcr beste Bioverf\u00fcgbarkeit. Jetzt bestellen.","robots":{"index":"index","follow":"follow","max-snippet":"max-snippet:-1","max-image-preview":"max-image-preview:large","max-video-preview":"max-video-preview:-1"},"canonical":"https:\/\/ecosupplements.ch\/?product=coq10-100mg-50-softgels","og_locale":"de_DE","og_type":"article","og_title":"CoQ10 100mg \u2013 50 Softgels \u2013 NOW Foods | ecosupplements.ch","og_description":"NOW Foods CoQ10 100mg in der All-trans-Form \u2013 50 Softgels mit organischem Oliven\u00f6l f\u00fcr beste Bioverf\u00fcgbarkeit. Jetzt bestellen.","og_url":"https:\/\/ecosupplements.ch\/?product=coq10-100mg-50-softgels","og_site_name":"Eco Supplements","article_modified_time":"2026-05-13T07:23:00+00:00","og_image":[{"width":1000,"height":1000,"url":"https:\/\/ecosupplements.ch\/wp-content\/uploads\/2026\/05\/CoQ10-100mg-50-softgels.webp","type":"image\/jpeg"}],"twitter_card":"summary_large_image","twitter_misc":{"Price":"&#67;&#72;&#70;&nbsp;16.39","Availability":"Out of stock"},"schema":{"@context":"https:\/\/schema.org","@graph":[{"@type":"WebPage","@id":"https:\/\/ecosupplements.ch\/?product=coq10-100mg-50-softgels","url":"https:\/\/ecosupplements.ch\/?product=coq10-100mg-50-softgels","name":"CoQ10 100mg \u2013 50 Softgels \u2013 NOW Foods | ecosupplements.ch","isPartOf":{"@id":"https:\/\/ecosupplements.ch\/#website"},"primaryImageOfPage":{"@id":"https:\/\/ecosupplements.ch\/?product=coq10-100mg-50-softgels#primaryimage"},"image":{"@id":"https:\/\/ecosupplements.ch\/?product=coq10-100mg-50-softgels#primaryimage"},"thumbnailUrl":"https:\/\/ecosupplements.ch\/wp-content\/uploads\/2026\/05\/CoQ10-100mg-50-softgels.webp","datePublished":"2026-05-11T15:00:27+00:00","dateModified":"2026-05-13T07:23:00+00:00","description":"NOW Foods CoQ10 100mg in der All-trans-Form \u2013 50 Softgels mit organischem Oliven\u00f6l f\u00fcr beste Bioverf\u00fcgbarkeit. Jetzt bestellen.","breadcrumb":{"@id":"https:\/\/ecosupplements.ch\/?product=coq10-100mg-50-softgels#breadcrumb"},"inLanguage":"de-CH","potentialAction":[{"@type":"ReadAction","target":["https:\/\/ecosupplements.ch\/?product=coq10-100mg-50-softgels"]}]},{"@type":"ImageObject","inLanguage":"de-CH","@id":"https:\/\/ecosupplements.ch\/?product=coq10-100mg-50-softgels#primaryimage","url":"https:\/\/ecosupplements.ch\/wp-content\/uploads\/2026\/05\/CoQ10-100mg-50-softgels.webp","contentUrl":"https:\/\/ecosupplements.ch\/wp-content\/uploads\/2026\/05\/CoQ10-100mg-50-softgels.webp","width":1000,"height":1000,"caption":"CoQ10"},{"@type":"BreadcrumbList","@id":"https:\/\/ecosupplements.ch\/?product=coq10-100mg-50-softgels#breadcrumb","itemListElement":[{"@type":"ListItem","position":1,"name":"Home","item":"https:\/\/ecosupplements.ch\/"},{"@type":"ListItem","position":2,"name":"Shop","item":"https:\/\/ecosupplements.ch\/?page_id=14"},{"@type":"ListItem","position":3,"name":"CoQ10, 100mg &#8211; 50 softgels"}]},{"@type":"WebSite","@id":"https:\/\/ecosupplements.ch\/#website","url":"https:\/\/ecosupplements.ch\/","name":"Eco Supplements","description":"","potentialAction":[{"@type":"SearchAction","target":{"@type":"EntryPoint","urlTemplate":"https:\/\/ecosupplements.ch\/?s={search_term_string}"},"query-input":{"@type":"PropertyValueSpecification","valueRequired":true,"valueName":"search_term_string"}}],"inLanguage":"de-CH"}]},"product_price_amount":"16.39","product_price_currency":"CHF","og_availability":"out of stock","product_availability":"out of stock","product_retailer_item_id":"733739032089","product_condition":"new"},"_links":{"self":[{"href":"https:\/\/ecosupplements.ch\/index.php?rest_route=\/wp\/v2\/product\/4673","targetHints":{"allow":["GET"]}}],"collection":[{"href":"https:\/\/ecosupplements.ch\/index.php?rest_route=\/wp\/v2\/product"}],"about":[{"href":"https:\/\/ecosupplements.ch\/index.php?rest_route=\/wp\/v2\/types\/product"}],"replies":[{"embeddable":true,"href":"https:\/\/ecosupplements.ch\/index.php?rest_route=%2Fwp%2Fv2%2Fcomments&post=4673"}],"wp:featuredmedia":[{"embeddable":true,"href":"https:\/\/ecosupplements.ch\/index.php?rest_route=\/wp\/v2\/media\/4674"}],"wp:attachment":[{"href":"https:\/\/ecosupplements.ch\/index.php?rest_route=%2Fwp%2Fv2%2Fmedia&parent=4673"}],"wp:term":[{"taxonomy":"product_brand","embeddable":true,"href":"https:\/\/ecosupplements.ch\/index.php?rest_route=%2Fwp%2Fv2%2Fproduct_brand&post=4673"},{"taxonomy":"product_cat","embeddable":true,"href":"https:\/\/ecosupplements.ch\/index.php?rest_route=%2Fwp%2Fv2%2Fproduct_cat&post=4673"},{"taxonomy":"product_tag","embeddable":true,"href":"https:\/\/ecosupplements.ch\/index.php?rest_route=%2Fwp%2Fv2%2Fproduct_tag&post=4673"}],"curies":[{"name":"wp","href":"https:\/\/api.w.org\/{rel}","templated":true}]}}