{"id":4700,"date":"2026-05-11T15:00:40","date_gmt":"2026-05-11T15:00:40","guid":{"rendered":"https:\/\/ecosupplements.ch\/?product=now-dim-200-diindolylmethane-90-vcaps"},"modified":"2026-05-13T07:23:02","modified_gmt":"2026-05-13T07:23:02","slug":"now-dim-200-diindolylmethane-90-vcaps","status":"publish","type":"product","link":"https:\/\/ecosupplements.ch\/?product=now-dim-200-diindolylmethane-90-vcaps","title":{"rendered":"NOW &#8211; DIM 200 Diindolylmethane &#8211; 90 vcaps"},"content":{"rendered":"<div class=\"chcg-product-description\">\n<h2 class=\"chcg-heading\">\u00dcber NOW Foods \u2013 DIM 200 Diindolylmethane \u2013 90 vcaps<\/h2>\n<div class=\"chcg-intro\">\n<p>DIM (3,3&#8242;-Diindolylmethane) ist eine nat\u00fcrlich vorkommende Verbindung, die beim Abbau von Glucosinolaten in Kreuzbl\u00fctengem\u00fcse wie Brokkoli, Rosenkohl und Kohl entsteht. NOW Foods DIM 200 liefert pro Kapsel eine konzentrierte Dosis von 200 mg reinem DIM \u2013 bequem und pr\u00e4zise dosiert, ohne t\u00e4glich grosse Mengen Gem\u00fcse essen zu m\u00fcssen.<\/p>\n<p>Die Formel wird durch Calcium D-Glucarat (100 mg, in der Tetrahydrat-Form) sowie Natrium-Kupfer-Chlorophyllin erg\u00e4nzt. Calcium D-Glucarat kommt nat\u00fcrlicherweise in vielen Fr\u00fcchten und Gem\u00fcsesorten vor, w\u00e4hrend Chlorophyllin ein wasserl\u00f6sliches Derivat des pflanzlichen Farbstoffs Chlorophyll ist. Zusammen bilden diese Inhaltsstoffe eine sorgf\u00e4ltig abgestimmte Kombination.<\/p>\n<p>Die vegetarischen Kapseln bestehen aus Hypromellose (pflanzliche Zellulose) und sind damit f\u00fcr vegetarische Ern\u00e4hrungsweisen geeignet. NOW Foods steht f\u00fcr h\u00f6chste Qualit\u00e4tsstandards und stellt seine Produkte nach GMP-Richtlinien (Good Manufacturing Practice) her.<\/p>\n<\/p><\/div>\n<div class=\"chcg-nutrition\">\n<h3>N\u00e4hrwertangaben<\/h3>\n<table class=\"chcg-nutrition-table\">\n<thead>\n<tr>\n<th>N\u00e4hrstoff<\/th>\n<th>Pro Portion (1 Veg Kapsel)<\/th>\n<\/tr>\n<\/thead>\n<tbody>\n<tr>\n<td>Calcium (aus Calcium D-Glucarat)<\/td>\n<td>12 mg (1% Tagesbedarf)<\/td>\n<\/tr>\n<tr>\n<td>DIM (3,3&#8242;-Diindolylmethane)<\/td>\n<td>200 mg *<\/td>\n<\/tr>\n<tr>\n<td>Calcium D-Glucarat (Tetrahydrat-Form)<\/td>\n<td>100 mg *<\/td>\n<\/tr>\n<tr>\n<td>Natrium-Kupfer-Chlorophyllin (Chlorophyll)<\/td>\n<td>nicht angegeben *<\/td>\n<\/tr>\n<\/tbody>\n<\/table>\n<p class=\"chcg-footnote\">* Kein festgelegter Tagesreferenzwert vorhanden.<\/p>\n<\/p><\/div>\n<div class=\"chcg-ingredients\">\n<h3>Zutaten<\/h3>\n<p>Calcium (aus Calcium D-Glucarat) 12 mg, DIM (3,3&#8242;-Diindolylmethane) 200 mg, Calcium D-Glucarat (Tetrahydrat-Form) 100 mg, Natrium-Kupfer-Chlorophyllin (Chlorophyll) [Menge nicht angegeben]. Weitere Zutaten: Mikrokristalline Cellulose, Stearins\u00e4ure (pflanzliche Herkunft) und Siliziumdioxid.<\/p>\n<p class=\"chcg-capsule-shell\">Kapselh\u00fclle: Hypromellose (Cellulose-Kapsel)<\/p>\n<\/p><\/div>\n<div class=\"chcg-dosage\">\n<h3>Verzehrempfehlung<\/h3>\n<p>1 Kapsel t\u00e4glich zu einer Mahlzeit einnehmen.<\/p>\n<\/p><\/div>\n<div class=\"chcg-warnings\">\n<h3>Warnhinweise<\/h3>\n<p>Nur f\u00fcr Erwachsene. Dieses Produkt nicht einnehmen, wenn Sie schwanger sind, schwanger werden k\u00f6nnten oder stillen. Bei Einnahme von Medikamenten oder bei bestehenden gesundheitlichen Beschwerden vor der Anwendung einen Arzt konsultieren. Ausserhalb der Reichweite von Kindern aufbewahren.<\/p>\n<\/p><\/div>\n<div class=\"chcg-allergens\">\n<h3>Allergeninformationen<\/h3>\n<p>Nicht hergestellt mit Hefe, Weizen, Gluten, Soja, Mais, Milch, Ei, Fisch, Schalentieren oder Baumn\u00fcssen als Zutaten. Hergestellt in einem GMP-zertifizierten Betrieb, der auch andere Zutaten verarbeitet, die diese Allergene enthalten k\u00f6nnen.<\/p>\n<\/p><\/div>\n<div class=\"chcg-storage\">\n<h3>Lagerung<\/h3>\n<p>An einem k\u00fchlen, trockenen Ort aufbewahren.<\/p>\n<\/p><\/div>\n<div class=\"chcg-dietary\">\n<h3>Ern\u00e4hrungshinweise<\/h3>\n<ul>\n<li>Vegetarisch<\/li>\n<li>Glutenfrei<\/li>\n<li>Laktosefrei<\/li>\n<\/ul><\/div>\n<\/div>\n","protected":false},"excerpt":{"rendered":"<p>NOW Foods DIM 200 liefert 200 mg Diindolylmethane pro vegetarischer Kapsel, erg\u00e4nzt mit Calcium D-Glucarat und Chlorophyllin. 90 Kapseln pro Packung \u2013 glutenfrei und vegetarisch geeignet.<\/p>\n","protected":false},"featured_media":4701,"comment_status":"closed","ping_status":"open","template":"","meta":[],"product_brand":[454],"product_cat":[48,25,22,102],"product_tag":[],"class_list":{"0":"post-4700","1":"product","2":"type-product","3":"status-publish","4":"has-post-thumbnail","6":"product_brand-nownow-foods","7":"product_cat-gesunde-ernaehrung","8":"product_cat-gesundheit-und-wohlbefinden","9":"product_cat-vegane-produkte","10":"product_cat-verdauungsgesundheit","12":"first","13":"outofstock","14":"taxable","15":"shipping-taxable","16":"purchasable","17":"product-type-simple"},"yoast_head":"<!-- This site is optimized with the Yoast SEO plugin v27.5 - https:\/\/yoast.com\/product\/yoast-seo-wordpress\/ -->\n<title>NOW DIM 200 Diindolylmethane 90 vcaps \u2013 NOW Foods | ecosupplements.ch<\/title>\n<meta name=\"description\" content=\"NOW Foods DIM 200 mit 200 mg Diindolylmethane pro Kapsel \u2013 vegetarisch, glutenfrei, 90 Kapseln. Jetzt bestellen.\" \/>\n<meta name=\"robots\" content=\"index, follow, max-snippet:-1, max-image-preview:large, max-video-preview:-1\" \/>\n<link rel=\"canonical\" href=\"https:\/\/ecosupplements.ch\/?product=now-dim-200-diindolylmethane-90-vcaps\" \/>\n<meta property=\"og:locale\" content=\"de_DE\" \/>\n<meta property=\"og:type\" content=\"article\" \/>\n<meta property=\"og:title\" content=\"NOW DIM 200 Diindolylmethane 90 vcaps \u2013 NOW Foods | ecosupplements.ch\" \/>\n<meta property=\"og:description\" content=\"NOW Foods DIM 200 mit 200 mg Diindolylmethane pro Kapsel \u2013 vegetarisch, glutenfrei, 90 Kapseln. Jetzt bestellen.\" \/>\n<meta property=\"og:url\" content=\"https:\/\/ecosupplements.ch\/?product=now-dim-200-diindolylmethane-90-vcaps\" \/>\n<meta property=\"og:site_name\" content=\"Eco Supplements\" \/>\n<meta property=\"article:modified_time\" content=\"2026-05-13T07:23:02+00:00\" \/>\n<meta property=\"og:image\" content=\"https:\/\/ecosupplements.ch\/wp-content\/uploads\/2026\/05\/NOW-DIM-200-Diindolylmethane-90-vcaps.webp\" \/>\n\t<meta property=\"og:image:width\" content=\"1000\" \/>\n\t<meta property=\"og:image:height\" content=\"1000\" \/>\n\t<meta property=\"og:image:type\" content=\"image\/jpeg\" \/>\n<meta name=\"twitter:card\" content=\"summary_large_image\" \/>\n<meta name=\"twitter:label1\" content=\"Price\" \/>\n\t<meta name=\"twitter:data1\" content=\"&#067;&#072;&#070;&nbsp;25.79\" \/>\n\t<meta name=\"twitter:label2\" content=\"Availability\" \/>\n\t<meta name=\"twitter:data2\" content=\"Out of stock\" \/>\n<script type=\"application\/ld+json\" class=\"yoast-schema-graph\">{\"@context\":\"https:\\\/\\\/schema.org\",\"@graph\":[{\"@type\":\"WebPage\",\"@id\":\"https:\\\/\\\/ecosupplements.ch\\\/?product=now-dim-200-diindolylmethane-90-vcaps\",\"url\":\"https:\\\/\\\/ecosupplements.ch\\\/?product=now-dim-200-diindolylmethane-90-vcaps\",\"name\":\"NOW DIM 200 Diindolylmethane 90 vcaps \u2013 NOW Foods | ecosupplements.ch\",\"isPartOf\":{\"@id\":\"https:\\\/\\\/ecosupplements.ch\\\/#website\"},\"primaryImageOfPage\":{\"@id\":\"https:\\\/\\\/ecosupplements.ch\\\/?product=now-dim-200-diindolylmethane-90-vcaps#primaryimage\"},\"image\":{\"@id\":\"https:\\\/\\\/ecosupplements.ch\\\/?product=now-dim-200-diindolylmethane-90-vcaps#primaryimage\"},\"thumbnailUrl\":\"https:\\\/\\\/ecosupplements.ch\\\/wp-content\\\/uploads\\\/2026\\\/05\\\/NOW-DIM-200-Diindolylmethane-90-vcaps.webp\",\"datePublished\":\"2026-05-11T15:00:40+00:00\",\"dateModified\":\"2026-05-13T07:23:02+00:00\",\"description\":\"NOW Foods DIM 200 mit 200 mg Diindolylmethane pro Kapsel \u2013 vegetarisch, glutenfrei, 90 Kapseln. Jetzt bestellen.\",\"breadcrumb\":{\"@id\":\"https:\\\/\\\/ecosupplements.ch\\\/?product=now-dim-200-diindolylmethane-90-vcaps#breadcrumb\"},\"inLanguage\":\"de-CH\",\"potentialAction\":[{\"@type\":\"ReadAction\",\"target\":[\"https:\\\/\\\/ecosupplements.ch\\\/?product=now-dim-200-diindolylmethane-90-vcaps\"]}]},{\"@type\":\"ImageObject\",\"inLanguage\":\"de-CH\",\"@id\":\"https:\\\/\\\/ecosupplements.ch\\\/?product=now-dim-200-diindolylmethane-90-vcaps#primaryimage\",\"url\":\"https:\\\/\\\/ecosupplements.ch\\\/wp-content\\\/uploads\\\/2026\\\/05\\\/NOW-DIM-200-Diindolylmethane-90-vcaps.webp\",\"contentUrl\":\"https:\\\/\\\/ecosupplements.ch\\\/wp-content\\\/uploads\\\/2026\\\/05\\\/NOW-DIM-200-Diindolylmethane-90-vcaps.webp\",\"width\":1000,\"height\":1000,\"caption\":\"NOW - DIM 200 Diindolylmethane - 90 vcaps\"},{\"@type\":\"BreadcrumbList\",\"@id\":\"https:\\\/\\\/ecosupplements.ch\\\/?product=now-dim-200-diindolylmethane-90-vcaps#breadcrumb\",\"itemListElement\":[{\"@type\":\"ListItem\",\"position\":1,\"name\":\"Home\",\"item\":\"https:\\\/\\\/ecosupplements.ch\\\/\"},{\"@type\":\"ListItem\",\"position\":2,\"name\":\"Shop\",\"item\":\"https:\\\/\\\/ecosupplements.ch\\\/?page_id=14\"},{\"@type\":\"ListItem\",\"position\":3,\"name\":\"NOW &#8211; DIM 200 Diindolylmethane &#8211; 90 vcaps\"}]},{\"@type\":\"WebSite\",\"@id\":\"https:\\\/\\\/ecosupplements.ch\\\/#website\",\"url\":\"https:\\\/\\\/ecosupplements.ch\\\/\",\"name\":\"Eco Supplements\",\"description\":\"\",\"potentialAction\":[{\"@type\":\"SearchAction\",\"target\":{\"@type\":\"EntryPoint\",\"urlTemplate\":\"https:\\\/\\\/ecosupplements.ch\\\/?s={search_term_string}\"},\"query-input\":{\"@type\":\"PropertyValueSpecification\",\"valueRequired\":true,\"valueName\":\"search_term_string\"}}],\"inLanguage\":\"de-CH\"}]}<\/script>\n<meta property=\"product:price:amount\" content=\"25.79\" \/>\n<meta property=\"product:price:currency\" content=\"CHF\" \/>\n<meta property=\"og:availability\" content=\"out of stock\" \/>\n<meta property=\"product:availability\" content=\"out of stock\" \/>\n<meta property=\"product:retailer_item_id\" content=\"733739030498\" \/>\n<meta property=\"product:condition\" content=\"new\" \/>\n<!-- \/ Yoast SEO plugin. -->","yoast_head_json":{"title":"NOW DIM 200 Diindolylmethane 90 vcaps \u2013 NOW Foods | ecosupplements.ch","description":"NOW Foods DIM 200 mit 200 mg Diindolylmethane pro Kapsel \u2013 vegetarisch, glutenfrei, 90 Kapseln. Jetzt bestellen.","robots":{"index":"index","follow":"follow","max-snippet":"max-snippet:-1","max-image-preview":"max-image-preview:large","max-video-preview":"max-video-preview:-1"},"canonical":"https:\/\/ecosupplements.ch\/?product=now-dim-200-diindolylmethane-90-vcaps","og_locale":"de_DE","og_type":"article","og_title":"NOW DIM 200 Diindolylmethane 90 vcaps \u2013 NOW Foods | ecosupplements.ch","og_description":"NOW Foods DIM 200 mit 200 mg Diindolylmethane pro Kapsel \u2013 vegetarisch, glutenfrei, 90 Kapseln. Jetzt bestellen.","og_url":"https:\/\/ecosupplements.ch\/?product=now-dim-200-diindolylmethane-90-vcaps","og_site_name":"Eco Supplements","article_modified_time":"2026-05-13T07:23:02+00:00","og_image":[{"width":1000,"height":1000,"url":"https:\/\/ecosupplements.ch\/wp-content\/uploads\/2026\/05\/NOW-DIM-200-Diindolylmethane-90-vcaps.webp","type":"image\/jpeg"}],"twitter_card":"summary_large_image","twitter_misc":{"Price":"&#67;&#72;&#70;&nbsp;25.79","Availability":"Out of stock"},"schema":{"@context":"https:\/\/schema.org","@graph":[{"@type":"WebPage","@id":"https:\/\/ecosupplements.ch\/?product=now-dim-200-diindolylmethane-90-vcaps","url":"https:\/\/ecosupplements.ch\/?product=now-dim-200-diindolylmethane-90-vcaps","name":"NOW DIM 200 Diindolylmethane 90 vcaps \u2013 NOW Foods | ecosupplements.ch","isPartOf":{"@id":"https:\/\/ecosupplements.ch\/#website"},"primaryImageOfPage":{"@id":"https:\/\/ecosupplements.ch\/?product=now-dim-200-diindolylmethane-90-vcaps#primaryimage"},"image":{"@id":"https:\/\/ecosupplements.ch\/?product=now-dim-200-diindolylmethane-90-vcaps#primaryimage"},"thumbnailUrl":"https:\/\/ecosupplements.ch\/wp-content\/uploads\/2026\/05\/NOW-DIM-200-Diindolylmethane-90-vcaps.webp","datePublished":"2026-05-11T15:00:40+00:00","dateModified":"2026-05-13T07:23:02+00:00","description":"NOW Foods DIM 200 mit 200 mg Diindolylmethane pro Kapsel \u2013 vegetarisch, glutenfrei, 90 Kapseln. Jetzt bestellen.","breadcrumb":{"@id":"https:\/\/ecosupplements.ch\/?product=now-dim-200-diindolylmethane-90-vcaps#breadcrumb"},"inLanguage":"de-CH","potentialAction":[{"@type":"ReadAction","target":["https:\/\/ecosupplements.ch\/?product=now-dim-200-diindolylmethane-90-vcaps"]}]},{"@type":"ImageObject","inLanguage":"de-CH","@id":"https:\/\/ecosupplements.ch\/?product=now-dim-200-diindolylmethane-90-vcaps#primaryimage","url":"https:\/\/ecosupplements.ch\/wp-content\/uploads\/2026\/05\/NOW-DIM-200-Diindolylmethane-90-vcaps.webp","contentUrl":"https:\/\/ecosupplements.ch\/wp-content\/uploads\/2026\/05\/NOW-DIM-200-Diindolylmethane-90-vcaps.webp","width":1000,"height":1000,"caption":"NOW - DIM 200 Diindolylmethane - 90 vcaps"},{"@type":"BreadcrumbList","@id":"https:\/\/ecosupplements.ch\/?product=now-dim-200-diindolylmethane-90-vcaps#breadcrumb","itemListElement":[{"@type":"ListItem","position":1,"name":"Home","item":"https:\/\/ecosupplements.ch\/"},{"@type":"ListItem","position":2,"name":"Shop","item":"https:\/\/ecosupplements.ch\/?page_id=14"},{"@type":"ListItem","position":3,"name":"NOW &#8211; DIM 200 Diindolylmethane &#8211; 90 vcaps"}]},{"@type":"WebSite","@id":"https:\/\/ecosupplements.ch\/#website","url":"https:\/\/ecosupplements.ch\/","name":"Eco Supplements","description":"","potentialAction":[{"@type":"SearchAction","target":{"@type":"EntryPoint","urlTemplate":"https:\/\/ecosupplements.ch\/?s={search_term_string}"},"query-input":{"@type":"PropertyValueSpecification","valueRequired":true,"valueName":"search_term_string"}}],"inLanguage":"de-CH"}]},"product_price_amount":"25.79","product_price_currency":"CHF","og_availability":"out of stock","product_availability":"out of stock","product_retailer_item_id":"733739030498","product_condition":"new"},"_links":{"self":[{"href":"https:\/\/ecosupplements.ch\/index.php?rest_route=\/wp\/v2\/product\/4700","targetHints":{"allow":["GET"]}}],"collection":[{"href":"https:\/\/ecosupplements.ch\/index.php?rest_route=\/wp\/v2\/product"}],"about":[{"href":"https:\/\/ecosupplements.ch\/index.php?rest_route=\/wp\/v2\/types\/product"}],"replies":[{"embeddable":true,"href":"https:\/\/ecosupplements.ch\/index.php?rest_route=%2Fwp%2Fv2%2Fcomments&post=4700"}],"wp:featuredmedia":[{"embeddable":true,"href":"https:\/\/ecosupplements.ch\/index.php?rest_route=\/wp\/v2\/media\/4701"}],"wp:attachment":[{"href":"https:\/\/ecosupplements.ch\/index.php?rest_route=%2Fwp%2Fv2%2Fmedia&parent=4700"}],"wp:term":[{"taxonomy":"product_brand","embeddable":true,"href":"https:\/\/ecosupplements.ch\/index.php?rest_route=%2Fwp%2Fv2%2Fproduct_brand&post=4700"},{"taxonomy":"product_cat","embeddable":true,"href":"https:\/\/ecosupplements.ch\/index.php?rest_route=%2Fwp%2Fv2%2Fproduct_cat&post=4700"},{"taxonomy":"product_tag","embeddable":true,"href":"https:\/\/ecosupplements.ch\/index.php?rest_route=%2Fwp%2Fv2%2Fproduct_tag&post=4700"}],"curies":[{"name":"wp","href":"https:\/\/api.w.org\/{rel}","templated":true}]}}