{"id":4703,"date":"2026-05-11T15:00:42","date_gmt":"2026-05-11T15:00:42","guid":{"rendered":"https:\/\/ecosupplements.ch\/?product=dmae-dimethylaminoethanol-250mg-100-vcaps"},"modified":"2026-05-13T07:23:02","modified_gmt":"2026-05-13T07:23:02","slug":"dmae-dimethylaminoethanol-250mg-100-vcaps","status":"publish","type":"product","link":"https:\/\/ecosupplements.ch\/?product=dmae-dimethylaminoethanol-250mg-100-vcaps","title":{"rendered":"DMAE (Dimethylaminoethanol), 250mg &#8211; 100 vcaps"},"content":{"rendered":"<div class=\"chcg-product-description\">\n<h2 class=\"chcg-heading\">\u00dcber NOW Foods \u2013 DMAE (Dimethylaminoethanol), 250mg \u2013 100 Vegane Kapseln<\/h2>\n<div class=\"chcg-intro\">\n<p>DMAE (Dimethylaminoethanol) ist eine nat\u00fcrlich vorkommende Verbindung, die im menschlichen Gehirn in geringen Mengen produziert wird und als Vorstufe f\u00fcr die Synthese von Acetylcholin dient \u2013 einem wichtigen Neurotransmitter, der an der normalen Gehirnfunktion beteiligt ist. NOW Foods bietet diesen Wirkstoff in einer sorgf\u00e4ltig dosierten Form von 250 mg pro Kapsel an, um eine pr\u00e4zise und flexible Einnahme zu erm\u00f6glichen.<\/p>\n<p>Jede vegetarische Kapsel enth\u00e4lt 250 mg DMAE aus Dimethylaminoethanol-Bitartrat \u2013 eine gut vertr\u00e4gliche Salzform des Wirkstoffs. Die Formulierung kommt ohne unn\u00f6tige Zusatzstoffe aus und ist f\u00fcr Veganer und Vegetarier geeignet. NOW Foods steht seit Jahrzehnten f\u00fcr hohe Qualit\u00e4tsstandards und produziert dieses Produkt unter GMP-zertifizierten Bedingungen.<\/p>\n<p>Mit 100 Kapseln pro Packung bietet dieses Produkt je nach gew\u00e4hlter Tagesdosis eine flexible Versorgung \u00fcber einen l\u00e4ngeren Zeitraum. Es eignet sich f\u00fcr Erwachsene, die gezielt DMAE in ihre t\u00e4gliche Nahrungserg\u00e4nzungsroutine integrieren m\u00f6chten.<\/p>\n<\/p><\/div>\n<div class=\"chcg-nutrition\">\n<h3>N\u00e4hrwertangaben<\/h3>\n<table class=\"chcg-nutrition-table\">\n<thead>\n<tr>\n<th>N\u00e4hrstoff<\/th>\n<th>Pro Portion (1 Kapsel)<\/th>\n<\/tr>\n<\/thead>\n<tbody>\n<tr>\n<td>DMAE (Dimethylaminoethanol) (aus Dimethylaminoethanol-Bitartrat)<\/td>\n<td>250 mg *<\/td>\n<\/tr>\n<\/tbody>\n<\/table>\n<p class=\"chcg-footnote\">* Kein Tagesreferenzwert festgelegt.<\/p>\n<\/p><\/div>\n<div class=\"chcg-ingredients\">\n<h3>Zutaten<\/h3>\n<p>DMAE (Dimethylaminoethanol) 250 mg (aus Dimethylaminoethanol-Bitartrat), Stearins\u00e4ure (pflanzliche Quelle), Reismehl, Siliziumdioxid.<\/p>\n<p class=\"chcg-capsule-shell\">Kapselh\u00fclle: Hypromellose (Cellulose-Kapsel)<\/p>\n<\/p><\/div>\n<div class=\"chcg-dosage\">\n<h3>Verzehrempfehlung<\/h3>\n<p>1 Kapsel 1- bis 3-mal t\u00e4glich einnehmen, vorzugsweise zwischen den Mahlzeiten. Die empfohlene Tagesdosis nicht \u00fcberschreiten, sofern nicht von einem Arzt empfohlen.<\/p>\n<\/p><\/div>\n<div class=\"chcg-warnings\">\n<h3>Warnhinweise<\/h3>\n<p>Nur f\u00fcr Erwachsene. Nicht verwenden w\u00e4hrend der Schwangerschaft oder Stillzeit oder bei Epilepsie, bipolarer St\u00f6rung, Schizophrenie oder Morbus Parkinson. Bei Einnahme von Medikamenten oder bei Vorliegen einer Erkrankung einen Arzt konsultieren. Ausserhalb der Reichweite von Kindern aufbewahren.<\/p>\n<\/p><\/div>\n<div class=\"chcg-allergens\">\n<h3>Allergeninformationen<\/h3>\n<p>Nicht hergestellt mit Weizen, Gluten, Soja, Milch, Ei, Fisch, Schalentieren oder Baumn\u00fcssen als Zutaten. Hergestellt in einem GMP-zertifizierten Betrieb, der andere Zutaten verarbeitet, die diese Allergene enthalten.<\/p>\n<\/p><\/div>\n<div class=\"chcg-storage\">\n<h3>Lagerung<\/h3>\n<p>Nach dem \u00d6ffnen an einem k\u00fchlen, trockenen Ort aufbewahren.<\/p>\n<\/p><\/div>\n<div class=\"chcg-dietary\">\n<h3>Ern\u00e4hrungshinweise<\/h3>\n<ul>\n<li>Vegan<\/li>\n<li>Vegetarisch<\/li>\n<li>Glutenfrei<\/li>\n<li>Laktosefrei<\/li>\n<\/ul><\/div>\n<\/div>\n","protected":false},"excerpt":{"rendered":"<p>DMAE (Dimethylaminoethanol) von NOW Foods \u2013 250 mg pro Kapsel, 100 vegane Kapseln. Eine praktische Nahrungserg\u00e4nzung f\u00fcr Erwachsene, glutenfrei und vegan geeignet.<\/p>\n","protected":false},"featured_media":4704,"comment_status":"closed","ping_status":"open","template":"","meta":[],"product_brand":[454],"product_cat":[48,25,22,21],"product_tag":[],"class_list":{"0":"post-4703","1":"product","2":"type-product","3":"status-publish","4":"has-post-thumbnail","6":"product_brand-nownow-foods","7":"product_cat-gesunde-ernaehrung","8":"product_cat-gesundheit-und-wohlbefinden","9":"product_cat-vegane-produkte","10":"product_cat-vitamine-und-mineralstoffe","12":"first","13":"outofstock","14":"taxable","15":"shipping-taxable","16":"purchasable","17":"product-type-simple"},"yoast_head":"<!-- This site is optimized with the Yoast SEO plugin v27.5 - https:\/\/yoast.com\/product\/yoast-seo-wordpress\/ -->\n<title>DMAE 250mg \u2013 100 Vegane Kapseln \u2013 NOW Foods | ecosupplements.ch<\/title>\n<meta name=\"description\" content=\"DMAE 250mg von NOW Foods \u2013 100 vegane Kapseln, glutenfrei und vegan. Jetzt bestellen.\" \/>\n<meta name=\"robots\" content=\"index, follow, max-snippet:-1, max-image-preview:large, max-video-preview:-1\" \/>\n<link rel=\"canonical\" href=\"https:\/\/ecosupplements.ch\/?product=dmae-dimethylaminoethanol-250mg-100-vcaps\" \/>\n<meta property=\"og:locale\" content=\"de_DE\" \/>\n<meta property=\"og:type\" content=\"article\" \/>\n<meta property=\"og:title\" content=\"DMAE 250mg \u2013 100 Vegane Kapseln \u2013 NOW Foods | ecosupplements.ch\" \/>\n<meta property=\"og:description\" content=\"DMAE 250mg von NOW Foods \u2013 100 vegane Kapseln, glutenfrei und vegan. Jetzt bestellen.\" \/>\n<meta property=\"og:url\" content=\"https:\/\/ecosupplements.ch\/?product=dmae-dimethylaminoethanol-250mg-100-vcaps\" \/>\n<meta property=\"og:site_name\" content=\"Eco Supplements\" \/>\n<meta property=\"article:modified_time\" content=\"2026-05-13T07:23:02+00:00\" \/>\n<meta property=\"og:image\" content=\"https:\/\/ecosupplements.ch\/wp-content\/uploads\/2026\/05\/DMAE-Dimethylaminoethanol-250mg-100-vcaps.webp\" \/>\n\t<meta property=\"og:image:width\" content=\"1000\" \/>\n\t<meta property=\"og:image:height\" content=\"1000\" \/>\n\t<meta property=\"og:image:type\" content=\"image\/jpeg\" \/>\n<meta name=\"twitter:card\" content=\"summary_large_image\" \/>\n<meta name=\"twitter:label1\" content=\"Price\" \/>\n\t<meta name=\"twitter:data1\" content=\"&#067;&#072;&#070;&nbsp;14.73\" \/>\n\t<meta name=\"twitter:label2\" content=\"Availability\" \/>\n\t<meta name=\"twitter:data2\" content=\"Out of stock\" \/>\n<script type=\"application\/ld+json\" class=\"yoast-schema-graph\">{\"@context\":\"https:\\\/\\\/schema.org\",\"@graph\":[{\"@type\":\"WebPage\",\"@id\":\"https:\\\/\\\/ecosupplements.ch\\\/?product=dmae-dimethylaminoethanol-250mg-100-vcaps\",\"url\":\"https:\\\/\\\/ecosupplements.ch\\\/?product=dmae-dimethylaminoethanol-250mg-100-vcaps\",\"name\":\"DMAE 250mg \u2013 100 Vegane Kapseln \u2013 NOW Foods | ecosupplements.ch\",\"isPartOf\":{\"@id\":\"https:\\\/\\\/ecosupplements.ch\\\/#website\"},\"primaryImageOfPage\":{\"@id\":\"https:\\\/\\\/ecosupplements.ch\\\/?product=dmae-dimethylaminoethanol-250mg-100-vcaps#primaryimage\"},\"image\":{\"@id\":\"https:\\\/\\\/ecosupplements.ch\\\/?product=dmae-dimethylaminoethanol-250mg-100-vcaps#primaryimage\"},\"thumbnailUrl\":\"https:\\\/\\\/ecosupplements.ch\\\/wp-content\\\/uploads\\\/2026\\\/05\\\/DMAE-Dimethylaminoethanol-250mg-100-vcaps.webp\",\"datePublished\":\"2026-05-11T15:00:42+00:00\",\"dateModified\":\"2026-05-13T07:23:02+00:00\",\"description\":\"DMAE 250mg von NOW Foods \u2013 100 vegane Kapseln, glutenfrei und vegan. Jetzt bestellen.\",\"breadcrumb\":{\"@id\":\"https:\\\/\\\/ecosupplements.ch\\\/?product=dmae-dimethylaminoethanol-250mg-100-vcaps#breadcrumb\"},\"inLanguage\":\"de-CH\",\"potentialAction\":[{\"@type\":\"ReadAction\",\"target\":[\"https:\\\/\\\/ecosupplements.ch\\\/?product=dmae-dimethylaminoethanol-250mg-100-vcaps\"]}]},{\"@type\":\"ImageObject\",\"inLanguage\":\"de-CH\",\"@id\":\"https:\\\/\\\/ecosupplements.ch\\\/?product=dmae-dimethylaminoethanol-250mg-100-vcaps#primaryimage\",\"url\":\"https:\\\/\\\/ecosupplements.ch\\\/wp-content\\\/uploads\\\/2026\\\/05\\\/DMAE-Dimethylaminoethanol-250mg-100-vcaps.webp\",\"contentUrl\":\"https:\\\/\\\/ecosupplements.ch\\\/wp-content\\\/uploads\\\/2026\\\/05\\\/DMAE-Dimethylaminoethanol-250mg-100-vcaps.webp\",\"width\":1000,\"height\":1000,\"caption\":\"DMAE (Dimethylaminoethanol)\"},{\"@type\":\"BreadcrumbList\",\"@id\":\"https:\\\/\\\/ecosupplements.ch\\\/?product=dmae-dimethylaminoethanol-250mg-100-vcaps#breadcrumb\",\"itemListElement\":[{\"@type\":\"ListItem\",\"position\":1,\"name\":\"Home\",\"item\":\"https:\\\/\\\/ecosupplements.ch\\\/\"},{\"@type\":\"ListItem\",\"position\":2,\"name\":\"Shop\",\"item\":\"https:\\\/\\\/ecosupplements.ch\\\/?page_id=14\"},{\"@type\":\"ListItem\",\"position\":3,\"name\":\"DMAE (Dimethylaminoethanol), 250mg &#8211; 100 vcaps\"}]},{\"@type\":\"WebSite\",\"@id\":\"https:\\\/\\\/ecosupplements.ch\\\/#website\",\"url\":\"https:\\\/\\\/ecosupplements.ch\\\/\",\"name\":\"Eco Supplements\",\"description\":\"\",\"potentialAction\":[{\"@type\":\"SearchAction\",\"target\":{\"@type\":\"EntryPoint\",\"urlTemplate\":\"https:\\\/\\\/ecosupplements.ch\\\/?s={search_term_string}\"},\"query-input\":{\"@type\":\"PropertyValueSpecification\",\"valueRequired\":true,\"valueName\":\"search_term_string\"}}],\"inLanguage\":\"de-CH\"}]}<\/script>\n<meta property=\"product:price:amount\" content=\"14.73\" \/>\n<meta property=\"product:price:currency\" content=\"CHF\" \/>\n<meta property=\"og:availability\" content=\"out of stock\" \/>\n<meta property=\"product:availability\" content=\"out of stock\" \/>\n<meta property=\"product:retailer_item_id\" content=\"733739030900\" \/>\n<meta property=\"product:condition\" content=\"new\" \/>\n<!-- \/ Yoast SEO plugin. -->","yoast_head_json":{"title":"DMAE 250mg \u2013 100 Vegane Kapseln \u2013 NOW Foods | ecosupplements.ch","description":"DMAE 250mg von NOW Foods \u2013 100 vegane Kapseln, glutenfrei und vegan. Jetzt bestellen.","robots":{"index":"index","follow":"follow","max-snippet":"max-snippet:-1","max-image-preview":"max-image-preview:large","max-video-preview":"max-video-preview:-1"},"canonical":"https:\/\/ecosupplements.ch\/?product=dmae-dimethylaminoethanol-250mg-100-vcaps","og_locale":"de_DE","og_type":"article","og_title":"DMAE 250mg \u2013 100 Vegane Kapseln \u2013 NOW Foods | ecosupplements.ch","og_description":"DMAE 250mg von NOW Foods \u2013 100 vegane Kapseln, glutenfrei und vegan. Jetzt bestellen.","og_url":"https:\/\/ecosupplements.ch\/?product=dmae-dimethylaminoethanol-250mg-100-vcaps","og_site_name":"Eco Supplements","article_modified_time":"2026-05-13T07:23:02+00:00","og_image":[{"width":1000,"height":1000,"url":"https:\/\/ecosupplements.ch\/wp-content\/uploads\/2026\/05\/DMAE-Dimethylaminoethanol-250mg-100-vcaps.webp","type":"image\/jpeg"}],"twitter_card":"summary_large_image","twitter_misc":{"Price":"&#67;&#72;&#70;&nbsp;14.73","Availability":"Out of stock"},"schema":{"@context":"https:\/\/schema.org","@graph":[{"@type":"WebPage","@id":"https:\/\/ecosupplements.ch\/?product=dmae-dimethylaminoethanol-250mg-100-vcaps","url":"https:\/\/ecosupplements.ch\/?product=dmae-dimethylaminoethanol-250mg-100-vcaps","name":"DMAE 250mg \u2013 100 Vegane Kapseln \u2013 NOW Foods | ecosupplements.ch","isPartOf":{"@id":"https:\/\/ecosupplements.ch\/#website"},"primaryImageOfPage":{"@id":"https:\/\/ecosupplements.ch\/?product=dmae-dimethylaminoethanol-250mg-100-vcaps#primaryimage"},"image":{"@id":"https:\/\/ecosupplements.ch\/?product=dmae-dimethylaminoethanol-250mg-100-vcaps#primaryimage"},"thumbnailUrl":"https:\/\/ecosupplements.ch\/wp-content\/uploads\/2026\/05\/DMAE-Dimethylaminoethanol-250mg-100-vcaps.webp","datePublished":"2026-05-11T15:00:42+00:00","dateModified":"2026-05-13T07:23:02+00:00","description":"DMAE 250mg von NOW Foods \u2013 100 vegane Kapseln, glutenfrei und vegan. Jetzt bestellen.","breadcrumb":{"@id":"https:\/\/ecosupplements.ch\/?product=dmae-dimethylaminoethanol-250mg-100-vcaps#breadcrumb"},"inLanguage":"de-CH","potentialAction":[{"@type":"ReadAction","target":["https:\/\/ecosupplements.ch\/?product=dmae-dimethylaminoethanol-250mg-100-vcaps"]}]},{"@type":"ImageObject","inLanguage":"de-CH","@id":"https:\/\/ecosupplements.ch\/?product=dmae-dimethylaminoethanol-250mg-100-vcaps#primaryimage","url":"https:\/\/ecosupplements.ch\/wp-content\/uploads\/2026\/05\/DMAE-Dimethylaminoethanol-250mg-100-vcaps.webp","contentUrl":"https:\/\/ecosupplements.ch\/wp-content\/uploads\/2026\/05\/DMAE-Dimethylaminoethanol-250mg-100-vcaps.webp","width":1000,"height":1000,"caption":"DMAE (Dimethylaminoethanol)"},{"@type":"BreadcrumbList","@id":"https:\/\/ecosupplements.ch\/?product=dmae-dimethylaminoethanol-250mg-100-vcaps#breadcrumb","itemListElement":[{"@type":"ListItem","position":1,"name":"Home","item":"https:\/\/ecosupplements.ch\/"},{"@type":"ListItem","position":2,"name":"Shop","item":"https:\/\/ecosupplements.ch\/?page_id=14"},{"@type":"ListItem","position":3,"name":"DMAE (Dimethylaminoethanol), 250mg &#8211; 100 vcaps"}]},{"@type":"WebSite","@id":"https:\/\/ecosupplements.ch\/#website","url":"https:\/\/ecosupplements.ch\/","name":"Eco Supplements","description":"","potentialAction":[{"@type":"SearchAction","target":{"@type":"EntryPoint","urlTemplate":"https:\/\/ecosupplements.ch\/?s={search_term_string}"},"query-input":{"@type":"PropertyValueSpecification","valueRequired":true,"valueName":"search_term_string"}}],"inLanguage":"de-CH"}]},"product_price_amount":"14.73","product_price_currency":"CHF","og_availability":"out of stock","product_availability":"out of stock","product_retailer_item_id":"733739030900","product_condition":"new"},"_links":{"self":[{"href":"https:\/\/ecosupplements.ch\/index.php?rest_route=\/wp\/v2\/product\/4703","targetHints":{"allow":["GET"]}}],"collection":[{"href":"https:\/\/ecosupplements.ch\/index.php?rest_route=\/wp\/v2\/product"}],"about":[{"href":"https:\/\/ecosupplements.ch\/index.php?rest_route=\/wp\/v2\/types\/product"}],"replies":[{"embeddable":true,"href":"https:\/\/ecosupplements.ch\/index.php?rest_route=%2Fwp%2Fv2%2Fcomments&post=4703"}],"wp:featuredmedia":[{"embeddable":true,"href":"https:\/\/ecosupplements.ch\/index.php?rest_route=\/wp\/v2\/media\/4704"}],"wp:attachment":[{"href":"https:\/\/ecosupplements.ch\/index.php?rest_route=%2Fwp%2Fv2%2Fmedia&parent=4703"}],"wp:term":[{"taxonomy":"product_brand","embeddable":true,"href":"https:\/\/ecosupplements.ch\/index.php?rest_route=%2Fwp%2Fv2%2Fproduct_brand&post=4703"},{"taxonomy":"product_cat","embeddable":true,"href":"https:\/\/ecosupplements.ch\/index.php?rest_route=%2Fwp%2Fv2%2Fproduct_cat&post=4703"},{"taxonomy":"product_tag","embeddable":true,"href":"https:\/\/ecosupplements.ch\/index.php?rest_route=%2Fwp%2Fv2%2Fproduct_tag&post=4703"}],"curies":[{"name":"wp","href":"https:\/\/api.w.org\/{rel}","templated":true}]}}