{"id":4781,"date":"2026-05-11T15:01:19","date_gmt":"2026-05-11T15:01:19","guid":{"rendered":"https:\/\/ecosupplements.ch\/?product=ginkgo-biloba-double-strength-120mg-50-vcaps"},"modified":"2026-05-13T07:23:07","modified_gmt":"2026-05-13T07:23:07","slug":"ginkgo-biloba-double-strength-120mg-50-vcaps","status":"publish","type":"product","link":"https:\/\/ecosupplements.ch\/?product=ginkgo-biloba-double-strength-120mg-50-vcaps","title":{"rendered":"Ginkgo Biloba Double Strength, 120mg &#8211; 50 vcaps"},"content":{"rendered":"<div class=\"chcg-product-description\">\n<h2 class=\"chcg-heading\">\u00dcber NOW Foods \u2013 Ginkgo Biloba Double Strength, 120mg \u2013 50 Veg Kapseln<\/h2>\n<div class=\"chcg-intro\">\n<p>Ginkgo Biloba Double Strength von NOW Foods liefert 120 mg eines hochstandardisierten Ginkgo-Extrakts (50:1) mit einem Mindestgehalt von 24 % Ginkgoflavonglykoside und 6 % Terpenlaktone pro Kapsel \u2013 eine besonders hochdosierte Formulierung f\u00fcr alle, die gezielt von den Eigenschaften dieses traditionellen Pflanzenstoffs profitieren m\u00f6chten. Ginkgo biloba geh\u00f6rt zu den am besten erforschten Heilpflanzen und wird in der Volksmedizin seit Jahrhunderten gesch\u00e4tzt.<\/p>\n<p>Erg\u00e4nzt wird diese Formel durch 250 mg biologisch angebauten Eleuthero-Wurzelextrakt (Eleutherococcus senticosus), auch bekannt als Sibirischer Ginseng \u2013 eine adaptogene Pflanze mit langer Verwendungsgeschichte in der traditionellen Medizin. Die Kombination beider Pflanzenextrakte macht diese Formel zu einer sorgf\u00e4ltig zusammengestellten Unterst\u00fctzung im Alltag.<\/p>\n<p>Die veganen Kapseln auf Cellulosebasis enthalten keine tierischen Bestandteile und eignen sich damit f\u00fcr eine vegane und vegetarische Ern\u00e4hrungsweise. Mit 50 Portionen pro Packung bietet dieses Produkt eine praktische und unkomplizierte Erg\u00e4nzung zur t\u00e4glichen Routine.<\/p>\n<\/p><\/div>\n<div class=\"chcg-nutrition\">\n<h3>N\u00e4hrwertangaben<\/h3>\n<table class=\"chcg-nutrition-table\">\n<thead>\n<tr>\n<th>N\u00e4hrstoff<\/th>\n<th>Pro Portion (1 Veg Kapsel)<\/th>\n<\/tr>\n<\/thead>\n<tbody>\n<tr>\n<td>Ginkgo-Extrakt (Ginkgo biloba) (Blatt) [50:1 Standardisierter Extrakt, mind. 24 % Ginkgoflavonglykoside und 6 % Terpenlaktone]<\/td>\n<td>120 mg *<\/td>\n<\/tr>\n<tr>\n<td>Biologischer Eleuthero (Eleutherococcus senticosus) (Wurzel)<\/td>\n<td>250 mg *<\/td>\n<\/tr>\n<\/tbody>\n<\/table>\n<p class=\"chcg-footnote\">* Kein festgelegter Tagesbedarf (Referenzwert) vorhanden.<\/p>\n<\/p><\/div>\n<div class=\"chcg-ingredients\">\n<h3>Zutaten<\/h3>\n<p>Ginkgo-Extrakt (Ginkgo biloba) (Blatt) (50:1 Standardisierter Extrakt, mind. 24 % Ginkgoflavonglykoside und 6 % Terpenlaktone) 120 mg; Biologischer Eleuthero (Eleutherococcus senticosus) (Wurzel) 250 mg. Sonstige Zutaten: Hypromellose (Cellulose-Kapsel) und Stearins\u00e4ure (pflanzliche Herkunft).<\/p>\n<p class=\"chcg-capsule-shell\">Kapselh\u00fclle: Hypromellose (Cellulose-Kapsel)<\/p>\n<\/p><\/div>\n<div class=\"chcg-dosage\">\n<h3>Verzehrempfehlung<\/h3>\n<p>T\u00e4glich 1 Kapsel einnehmen, vorzugsweise zu einer Mahlzeit.<\/p>\n<\/p><\/div>\n<div class=\"chcg-warnings\">\n<h3>Warnhinweise<\/h3>\n<p>Nur f\u00fcr Erwachsene. Nicht geeignet f\u00fcr Schwangere oder stillende Frauen. Bei Einnahme von Medikamenten (insbesondere Antikonvulsiva, Antidepressiva sowie Mittel, die die Blutungszeit beeinflussen k\u00f6nnen), bei bestehenden gesundheitlichen Beschwerden (einschliesslich Lebererkrankungen und Gerinnungsst\u00f6rungen) oder bei geplanten chirurgischen Eingriffen vor der Einnahme einen Arzt konsultieren. Die empfohlene Tagesdosis nicht \u00fcberschreiten. Ausserhalb der Reichweite von Kindern aufbewahren.<\/p>\n<\/p><\/div>\n<div class=\"chcg-allergens\">\n<h3>Allergeninformationen<\/h3>\n<p>Nicht hergestellt mit Hefe, Weizen, Gluten, Soja, Mais, Milch, Ei, Fisch, Schalentieren oder Baumn\u00fcssen. Hergestellt in einem GMP-zertifizierten Betrieb, der auch andere Zutaten verarbeitet, die diese Allergene enthalten k\u00f6nnen.<\/p>\n<\/p><\/div>\n<div class=\"chcg-storage\">\n<h3>Lagerung<\/h3>\n<p>Nach dem \u00d6ffnen an einem k\u00fchlen, trockenen Ort aufbewahren.<\/p>\n<\/p><\/div>\n<div class=\"chcg-dietary\">\n<h3>Ern\u00e4hrungshinweise<\/h3>\n<ul>\n<li>Vegan<\/li>\n<li>Vegetarisch<\/li>\n<li>Glutenfrei<\/li>\n<li>Laktosefrei<\/li>\n<\/ul><\/div>\n<\/div>\n","protected":false},"excerpt":{"rendered":"<p>Ginkgo Biloba Double Strength von NOW Foods liefert 120 mg standardisierten Ginkgo-Extrakt plus 250 mg biologischen Eleuthero pro veganer Kapsel. 50 Kapseln pro Packung \u2013 vegan, glutenfrei und laktosefrei.<\/p>\n","protected":false},"featured_media":4782,"comment_status":"closed","ping_status":"open","template":"","meta":[],"product_brand":[454],"product_cat":[48,25,22,21],"product_tag":[],"class_list":{"0":"post-4781","1":"product","2":"type-product","3":"status-publish","4":"has-post-thumbnail","6":"product_brand-nownow-foods","7":"product_cat-gesunde-ernaehrung","8":"product_cat-gesundheit-und-wohlbefinden","9":"product_cat-vegane-produkte","10":"product_cat-vitamine-und-mineralstoffe","12":"first","13":"outofstock","14":"taxable","15":"shipping-taxable","16":"purchasable","17":"product-type-simple"},"yoast_head":"<!-- This site is optimized with the Yoast SEO plugin v27.5 - https:\/\/yoast.com\/product\/yoast-seo-wordpress\/ -->\n<title>Ginkgo Biloba Double Strength 120mg \u2013 NOW Foods | ecosupplements.ch<\/title>\n<meta name=\"description\" content=\"Hochdosierter Ginkgo-Extrakt (120mg) mit biologischem Eleuthero \u2013 50 vegane Kapseln von NOW Foods. Glutenfrei und laktosefrei. Jetzt bestellen.\" \/>\n<meta name=\"robots\" content=\"index, follow, max-snippet:-1, max-image-preview:large, max-video-preview:-1\" \/>\n<link rel=\"canonical\" href=\"https:\/\/ecosupplements.ch\/?product=ginkgo-biloba-double-strength-120mg-50-vcaps\" \/>\n<meta property=\"og:locale\" content=\"de_DE\" \/>\n<meta property=\"og:type\" content=\"article\" \/>\n<meta property=\"og:title\" content=\"Ginkgo Biloba Double Strength 120mg \u2013 NOW Foods | ecosupplements.ch\" \/>\n<meta property=\"og:description\" content=\"Hochdosierter Ginkgo-Extrakt (120mg) mit biologischem Eleuthero \u2013 50 vegane Kapseln von NOW Foods. Glutenfrei und laktosefrei. Jetzt bestellen.\" \/>\n<meta property=\"og:url\" content=\"https:\/\/ecosupplements.ch\/?product=ginkgo-biloba-double-strength-120mg-50-vcaps\" \/>\n<meta property=\"og:site_name\" content=\"Eco Supplements\" \/>\n<meta property=\"article:modified_time\" content=\"2026-05-13T07:23:07+00:00\" \/>\n<meta property=\"og:image\" content=\"https:\/\/ecosupplements.ch\/wp-content\/uploads\/2026\/05\/Ginkgo-Biloba-Double-Strength-120mg-50-vcaps.webp\" \/>\n\t<meta property=\"og:image:width\" content=\"1000\" \/>\n\t<meta property=\"og:image:height\" content=\"1000\" \/>\n\t<meta property=\"og:image:type\" content=\"image\/jpeg\" \/>\n<meta name=\"twitter:card\" content=\"summary_large_image\" \/>\n<meta name=\"twitter:label1\" content=\"Price\" \/>\n\t<meta name=\"twitter:data1\" content=\"&#067;&#072;&#070;&nbsp;10.25\" \/>\n\t<meta name=\"twitter:label2\" content=\"Availability\" \/>\n\t<meta name=\"twitter:data2\" content=\"Out of stock\" \/>\n<script type=\"application\/ld+json\" class=\"yoast-schema-graph\">{\"@context\":\"https:\\\/\\\/schema.org\",\"@graph\":[{\"@type\":\"WebPage\",\"@id\":\"https:\\\/\\\/ecosupplements.ch\\\/?product=ginkgo-biloba-double-strength-120mg-50-vcaps\",\"url\":\"https:\\\/\\\/ecosupplements.ch\\\/?product=ginkgo-biloba-double-strength-120mg-50-vcaps\",\"name\":\"Ginkgo Biloba Double Strength 120mg \u2013 NOW Foods | ecosupplements.ch\",\"isPartOf\":{\"@id\":\"https:\\\/\\\/ecosupplements.ch\\\/#website\"},\"primaryImageOfPage\":{\"@id\":\"https:\\\/\\\/ecosupplements.ch\\\/?product=ginkgo-biloba-double-strength-120mg-50-vcaps#primaryimage\"},\"image\":{\"@id\":\"https:\\\/\\\/ecosupplements.ch\\\/?product=ginkgo-biloba-double-strength-120mg-50-vcaps#primaryimage\"},\"thumbnailUrl\":\"https:\\\/\\\/ecosupplements.ch\\\/wp-content\\\/uploads\\\/2026\\\/05\\\/Ginkgo-Biloba-Double-Strength-120mg-50-vcaps.webp\",\"datePublished\":\"2026-05-11T15:01:19+00:00\",\"dateModified\":\"2026-05-13T07:23:07+00:00\",\"description\":\"Hochdosierter Ginkgo-Extrakt (120mg) mit biologischem Eleuthero \u2013 50 vegane Kapseln von NOW Foods. Glutenfrei und laktosefrei. Jetzt bestellen.\",\"breadcrumb\":{\"@id\":\"https:\\\/\\\/ecosupplements.ch\\\/?product=ginkgo-biloba-double-strength-120mg-50-vcaps#breadcrumb\"},\"inLanguage\":\"de-CH\",\"potentialAction\":[{\"@type\":\"ReadAction\",\"target\":[\"https:\\\/\\\/ecosupplements.ch\\\/?product=ginkgo-biloba-double-strength-120mg-50-vcaps\"]}]},{\"@type\":\"ImageObject\",\"inLanguage\":\"de-CH\",\"@id\":\"https:\\\/\\\/ecosupplements.ch\\\/?product=ginkgo-biloba-double-strength-120mg-50-vcaps#primaryimage\",\"url\":\"https:\\\/\\\/ecosupplements.ch\\\/wp-content\\\/uploads\\\/2026\\\/05\\\/Ginkgo-Biloba-Double-Strength-120mg-50-vcaps.webp\",\"contentUrl\":\"https:\\\/\\\/ecosupplements.ch\\\/wp-content\\\/uploads\\\/2026\\\/05\\\/Ginkgo-Biloba-Double-Strength-120mg-50-vcaps.webp\",\"width\":1000,\"height\":1000,\"caption\":\"Ginkgo Biloba Double Strength\"},{\"@type\":\"BreadcrumbList\",\"@id\":\"https:\\\/\\\/ecosupplements.ch\\\/?product=ginkgo-biloba-double-strength-120mg-50-vcaps#breadcrumb\",\"itemListElement\":[{\"@type\":\"ListItem\",\"position\":1,\"name\":\"Home\",\"item\":\"https:\\\/\\\/ecosupplements.ch\\\/\"},{\"@type\":\"ListItem\",\"position\":2,\"name\":\"Shop\",\"item\":\"https:\\\/\\\/ecosupplements.ch\\\/?page_id=14\"},{\"@type\":\"ListItem\",\"position\":3,\"name\":\"Ginkgo Biloba Double Strength, 120mg &#8211; 50 vcaps\"}]},{\"@type\":\"WebSite\",\"@id\":\"https:\\\/\\\/ecosupplements.ch\\\/#website\",\"url\":\"https:\\\/\\\/ecosupplements.ch\\\/\",\"name\":\"Eco Supplements\",\"description\":\"\",\"potentialAction\":[{\"@type\":\"SearchAction\",\"target\":{\"@type\":\"EntryPoint\",\"urlTemplate\":\"https:\\\/\\\/ecosupplements.ch\\\/?s={search_term_string}\"},\"query-input\":{\"@type\":\"PropertyValueSpecification\",\"valueRequired\":true,\"valueName\":\"search_term_string\"}}],\"inLanguage\":\"de-CH\"}]}<\/script>\n<meta property=\"product:price:amount\" content=\"10.25\" \/>\n<meta property=\"product:price:currency\" content=\"CHF\" \/>\n<meta property=\"og:availability\" content=\"out of stock\" \/>\n<meta property=\"product:availability\" content=\"out of stock\" \/>\n<meta property=\"product:retailer_item_id\" content=\"733739046826\" \/>\n<meta property=\"product:condition\" content=\"new\" \/>\n<!-- \/ Yoast SEO plugin. -->","yoast_head_json":{"title":"Ginkgo Biloba Double Strength 120mg \u2013 NOW Foods | ecosupplements.ch","description":"Hochdosierter Ginkgo-Extrakt (120mg) mit biologischem Eleuthero \u2013 50 vegane Kapseln von NOW Foods. Glutenfrei und laktosefrei. Jetzt bestellen.","robots":{"index":"index","follow":"follow","max-snippet":"max-snippet:-1","max-image-preview":"max-image-preview:large","max-video-preview":"max-video-preview:-1"},"canonical":"https:\/\/ecosupplements.ch\/?product=ginkgo-biloba-double-strength-120mg-50-vcaps","og_locale":"de_DE","og_type":"article","og_title":"Ginkgo Biloba Double Strength 120mg \u2013 NOW Foods | ecosupplements.ch","og_description":"Hochdosierter Ginkgo-Extrakt (120mg) mit biologischem Eleuthero \u2013 50 vegane Kapseln von NOW Foods. Glutenfrei und laktosefrei. Jetzt bestellen.","og_url":"https:\/\/ecosupplements.ch\/?product=ginkgo-biloba-double-strength-120mg-50-vcaps","og_site_name":"Eco Supplements","article_modified_time":"2026-05-13T07:23:07+00:00","og_image":[{"width":1000,"height":1000,"url":"https:\/\/ecosupplements.ch\/wp-content\/uploads\/2026\/05\/Ginkgo-Biloba-Double-Strength-120mg-50-vcaps.webp","type":"image\/jpeg"}],"twitter_card":"summary_large_image","twitter_misc":{"Price":"&#67;&#72;&#70;&nbsp;10.25","Availability":"Out of stock"},"schema":{"@context":"https:\/\/schema.org","@graph":[{"@type":"WebPage","@id":"https:\/\/ecosupplements.ch\/?product=ginkgo-biloba-double-strength-120mg-50-vcaps","url":"https:\/\/ecosupplements.ch\/?product=ginkgo-biloba-double-strength-120mg-50-vcaps","name":"Ginkgo Biloba Double Strength 120mg \u2013 NOW Foods | ecosupplements.ch","isPartOf":{"@id":"https:\/\/ecosupplements.ch\/#website"},"primaryImageOfPage":{"@id":"https:\/\/ecosupplements.ch\/?product=ginkgo-biloba-double-strength-120mg-50-vcaps#primaryimage"},"image":{"@id":"https:\/\/ecosupplements.ch\/?product=ginkgo-biloba-double-strength-120mg-50-vcaps#primaryimage"},"thumbnailUrl":"https:\/\/ecosupplements.ch\/wp-content\/uploads\/2026\/05\/Ginkgo-Biloba-Double-Strength-120mg-50-vcaps.webp","datePublished":"2026-05-11T15:01:19+00:00","dateModified":"2026-05-13T07:23:07+00:00","description":"Hochdosierter Ginkgo-Extrakt (120mg) mit biologischem Eleuthero \u2013 50 vegane Kapseln von NOW Foods. Glutenfrei und laktosefrei. Jetzt bestellen.","breadcrumb":{"@id":"https:\/\/ecosupplements.ch\/?product=ginkgo-biloba-double-strength-120mg-50-vcaps#breadcrumb"},"inLanguage":"de-CH","potentialAction":[{"@type":"ReadAction","target":["https:\/\/ecosupplements.ch\/?product=ginkgo-biloba-double-strength-120mg-50-vcaps"]}]},{"@type":"ImageObject","inLanguage":"de-CH","@id":"https:\/\/ecosupplements.ch\/?product=ginkgo-biloba-double-strength-120mg-50-vcaps#primaryimage","url":"https:\/\/ecosupplements.ch\/wp-content\/uploads\/2026\/05\/Ginkgo-Biloba-Double-Strength-120mg-50-vcaps.webp","contentUrl":"https:\/\/ecosupplements.ch\/wp-content\/uploads\/2026\/05\/Ginkgo-Biloba-Double-Strength-120mg-50-vcaps.webp","width":1000,"height":1000,"caption":"Ginkgo Biloba Double Strength"},{"@type":"BreadcrumbList","@id":"https:\/\/ecosupplements.ch\/?product=ginkgo-biloba-double-strength-120mg-50-vcaps#breadcrumb","itemListElement":[{"@type":"ListItem","position":1,"name":"Home","item":"https:\/\/ecosupplements.ch\/"},{"@type":"ListItem","position":2,"name":"Shop","item":"https:\/\/ecosupplements.ch\/?page_id=14"},{"@type":"ListItem","position":3,"name":"Ginkgo Biloba Double Strength, 120mg &#8211; 50 vcaps"}]},{"@type":"WebSite","@id":"https:\/\/ecosupplements.ch\/#website","url":"https:\/\/ecosupplements.ch\/","name":"Eco Supplements","description":"","potentialAction":[{"@type":"SearchAction","target":{"@type":"EntryPoint","urlTemplate":"https:\/\/ecosupplements.ch\/?s={search_term_string}"},"query-input":{"@type":"PropertyValueSpecification","valueRequired":true,"valueName":"search_term_string"}}],"inLanguage":"de-CH"}]},"product_price_amount":"10.25","product_price_currency":"CHF","og_availability":"out of stock","product_availability":"out of stock","product_retailer_item_id":"733739046826","product_condition":"new"},"_links":{"self":[{"href":"https:\/\/ecosupplements.ch\/index.php?rest_route=\/wp\/v2\/product\/4781","targetHints":{"allow":["GET"]}}],"collection":[{"href":"https:\/\/ecosupplements.ch\/index.php?rest_route=\/wp\/v2\/product"}],"about":[{"href":"https:\/\/ecosupplements.ch\/index.php?rest_route=\/wp\/v2\/types\/product"}],"replies":[{"embeddable":true,"href":"https:\/\/ecosupplements.ch\/index.php?rest_route=%2Fwp%2Fv2%2Fcomments&post=4781"}],"wp:featuredmedia":[{"embeddable":true,"href":"https:\/\/ecosupplements.ch\/index.php?rest_route=\/wp\/v2\/media\/4782"}],"wp:attachment":[{"href":"https:\/\/ecosupplements.ch\/index.php?rest_route=%2Fwp%2Fv2%2Fmedia&parent=4781"}],"wp:term":[{"taxonomy":"product_brand","embeddable":true,"href":"https:\/\/ecosupplements.ch\/index.php?rest_route=%2Fwp%2Fv2%2Fproduct_brand&post=4781"},{"taxonomy":"product_cat","embeddable":true,"href":"https:\/\/ecosupplements.ch\/index.php?rest_route=%2Fwp%2Fv2%2Fproduct_cat&post=4781"},{"taxonomy":"product_tag","embeddable":true,"href":"https:\/\/ecosupplements.ch\/index.php?rest_route=%2Fwp%2Fv2%2Fproduct_tag&post=4781"}],"curies":[{"name":"wp","href":"https:\/\/api.w.org\/{rel}","templated":true}]}}