{"id":4796,"date":"2026-05-11T15:01:26","date_gmt":"2026-05-11T15:01:26","guid":{"rendered":"https:\/\/ecosupplements.ch\/?product=glucosamine-chondroitin-with-msm-liquid-473ml"},"modified":"2026-05-13T07:23:07","modified_gmt":"2026-05-13T07:23:07","slug":"glucosamine-chondroitin-with-msm-liquid-473ml","status":"publish","type":"product","link":"https:\/\/ecosupplements.ch\/?product=glucosamine-chondroitin-with-msm-liquid-473ml","title":{"rendered":"Glucosamine &amp; Chondroitin with MSM Liquid &#8211; 473ml."},"content":{"rendered":"<div class=\"chcg-product-description\">\n<h2 class=\"chcg-heading\">\u00dcber NOW Foods \u2013 Glucosamine &amp; Chondroitin mit MSM Fl\u00fcssigkeit \u2013 473ml<\/h2>\n<div class=\"chcg-intro\">\n<p>Glucosamine &amp; Chondroitin mit MSM von NOW Foods kombiniert drei bew\u00e4hrte Wirkstoffe in einer praktischen Fl\u00fcssigform. Glucosamin HCl und Chondroitin-Natriumsulfat sind nat\u00fcrliche Bestandteile des Gelenkknorpels und werden in der Schweiz als beliebte Nahrungserg\u00e4nzungsmittel zur Unterst\u00fctzung von Gelenken und Knorpelgewebe eingesetzt.<\/p>\n<p>Erg\u00e4nzt wird die Formel durch MSM (Methylsulfonylmethan), eine nat\u00fcrlich vorkommende Schwefelverbindung, sowie durch Vitamin C, das zur normalen Kollagenbildung f\u00fcr eine normale Funktion von Knorpeln und Knochen beitr\u00e4gt. Mangan unterst\u00fctzt zudem die normale Bildung von Bindegewebe.<\/p>\n<p>Die fl\u00fcssige Darreichungsform erm\u00f6glicht eine einfache und flexible Dosierung. Mit rund 32 Portionen pro Flasche (473 ml) ist dieses Produkt eine ergiebige und alltagstaugliche Wahl f\u00fcr alle, die ihre Gelenke aktiv unterst\u00fctzen m\u00f6chten.<\/p>\n<\/p><\/div>\n<div class=\"chcg-nutrition\">\n<h3>N\u00e4hrwertangaben<\/h3>\n<table class=\"chcg-nutrition-table\">\n<thead>\n<tr>\n<th>N\u00e4hrstoff<\/th>\n<th>Pro Portion (15 ml)<\/th>\n<\/tr>\n<\/thead>\n<tbody>\n<tr>\n<td>Kalorien<\/td>\n<td>15 kcal<\/td>\n<\/tr>\n<tr>\n<td>Vitamin C (als Ascorbins\u00e4ure)<\/td>\n<td>125 mg (156 % NRV)<\/td>\n<\/tr>\n<tr>\n<td>Mangan (aus Mangan-Aminos\u00e4ure-Chelat)<\/td>\n<td>4 mg (200 % NRV)<\/td>\n<\/tr>\n<tr>\n<td>Natrium<\/td>\n<td>95 mg *<\/td>\n<\/tr>\n<tr>\n<td>Glucosamin HCl<\/td>\n<td>750 mg *<\/td>\n<\/tr>\n<tr>\n<td>Chondroitin-Natriumsulfat (aus Rinderknorpel)<\/td>\n<td>600 mg *<\/td>\n<\/tr>\n<tr>\n<td>MSM (Methylsulfonylmethan)<\/td>\n<td>150 mg *<\/td>\n<\/tr>\n<\/tbody>\n<\/table>\n<p class=\"chcg-footnote\">* Kein festgelegter Tagesreferenzwert (NRV) vorhanden.<\/p>\n<p class=\"chcg-footnote\">Portionsgr\u00f6sse: 1 Essl\u00f6ffel (15 ml) | Portionen pro Beh\u00e4lter: ca. 32<\/p>\n<\/p><\/div>\n<div class=\"chcg-ingredients\">\n<h3>Zutaten<\/h3>\n<p>Vitamin C (als Ascorbins\u00e4ure), Mangan (aus Mangan-Aminos\u00e4ure-Chelat), Natrium, Glucosamin HCl, Chondroitin-Natriumsulfat (aus Rinderknorpel), MSM (Methylsulfonylmethan). Weitere Zutaten: Entionisiertes Wasser, pflanzliches Glycerin, Fructose, nat\u00fcrliche Aromen, \u00c4pfels\u00e4ure, Zitronens\u00e4ure, Xanthan-Gummi, Kaliumsorbat (als Konservierungsmittel) und nat\u00fcrliches Beta-Carotin.<\/p>\n<\/p><\/div>\n<div class=\"chcg-dosage\">\n<h3>Verzehrempfehlung<\/h3>\n<p>T\u00e4glich 2-mal 1 Essl\u00f6ffel (15 ml) einnehmen. Vor Gebrauch gut sch\u00fctteln.<\/p>\n<\/p><\/div>\n<div class=\"chcg-warnings\">\n<h3>Warnhinweise<\/h3>\n<p>Personen mit einer bekannten Allergie gegen Schalentiere sollten dieses Produkt nicht verwenden. Nur f\u00fcr Erwachsene. Bei Schwangerschaft oder Stillzeit, bei Einnahme von Medikamenten oder bei einer bestehenden medizinischen Erkrankung (insbesondere Glaukom) vor der Einnahme einen Arzt konsultieren.<\/p>\n<\/p><\/div>\n<div class=\"chcg-allergens\">\n<h3>Allergeninformationen<\/h3>\n<p>Enth\u00e4lt Schalentiere (Krabbe, Garnele, Hummer, Flusskrebs). Das nat\u00fcrliche Beta-Carotin enth\u00e4lt raffiniertes Soja\u00f6l. Nicht hergestellt mit Weizen-, Gluten-, Milch-, Ei- oder Fischbestandteilen. Hergestellt in einem GMP-zertifizierten Betrieb, der andere Zutaten verarbeitet, die diese Allergene enthalten.<\/p>\n<\/p><\/div>\n<div class=\"chcg-storage\">\n<h3>Lagerung<\/h3>\n<p>Nach dem \u00d6ffnen im K\u00fchlschrank aufbewahren, um den Geschmack zu erhalten.<\/p>\n<\/p><\/div>\n<div class=\"chcg-dietary\">\n<h3>Ern\u00e4hrungshinweise<\/h3>\n<ul>\n<li>Glutenfrei<\/li>\n<li>Laktosefrei<\/li>\n<\/ul><\/div>\n<\/div>\n","protected":false},"excerpt":{"rendered":"<p>NOW Foods Glucosamine &amp; Chondroitin mit MSM unterst\u00fctzt Gelenke und Knorpelgewebe in praktischer Fl\u00fcssigform. Enth\u00e4lt zus\u00e4tzlich Vitamin C und Mangan. 473 ml (ca. 32 Portionen).<\/p>\n","protected":false},"featured_media":4797,"comment_status":"closed","ping_status":"open","template":"","meta":[],"product_brand":[454],"product_cat":[48,25,142,148,99,21],"product_tag":[],"class_list":{"0":"post-4796","1":"product","2":"type-product","3":"status-publish","4":"has-post-thumbnail","6":"product_brand-nownow-foods","7":"product_cat-gesunde-ernaehrung","8":"product_cat-gesundheit-und-wohlbefinden","9":"product_cat-glucosaminsulfat","10":"product_cat-msm","11":"product_cat-unterstuetzung-fuer-die-gelenke","12":"product_cat-vitamine-und-mineralstoffe","14":"first","15":"outofstock","16":"taxable","17":"shipping-taxable","18":"purchasable","19":"product-type-simple"},"yoast_head":"<!-- This site is optimized with the Yoast SEO plugin v27.5 - https:\/\/yoast.com\/product\/yoast-seo-wordpress\/ -->\n<title>Glucosamine &amp; Chondroitin mit MSM Fl\u00fcssigkeit \u2013 NOW | ecosupplements.ch<\/title>\n<meta name=\"description\" content=\"NOW Foods Glucosamine &amp; Chondroitin mit MSM Fl\u00fcssigkeit \u2013 473 ml zur Unterst\u00fctzung von Gelenken und Knorpel, mit Vitamin C und Mangan. Jetzt bestellen.\" \/>\n<meta name=\"robots\" content=\"index, follow, max-snippet:-1, max-image-preview:large, max-video-preview:-1\" \/>\n<link rel=\"canonical\" href=\"https:\/\/ecosupplements.ch\/?product=glucosamine-chondroitin-with-msm-liquid-473ml\" \/>\n<meta property=\"og:locale\" content=\"de_DE\" \/>\n<meta property=\"og:type\" content=\"article\" \/>\n<meta property=\"og:title\" content=\"Glucosamine &amp; Chondroitin mit MSM Fl\u00fcssigkeit \u2013 NOW | ecosupplements.ch\" \/>\n<meta property=\"og:description\" content=\"NOW Foods Glucosamine &amp; Chondroitin mit MSM Fl\u00fcssigkeit \u2013 473 ml zur Unterst\u00fctzung von Gelenken und Knorpel, mit Vitamin C und Mangan. Jetzt bestellen.\" \/>\n<meta property=\"og:url\" content=\"https:\/\/ecosupplements.ch\/?product=glucosamine-chondroitin-with-msm-liquid-473ml\" \/>\n<meta property=\"og:site_name\" content=\"Eco Supplements\" \/>\n<meta property=\"article:modified_time\" content=\"2026-05-13T07:23:07+00:00\" \/>\n<meta property=\"og:image\" content=\"https:\/\/ecosupplements.ch\/wp-content\/uploads\/2026\/05\/Glucosamine-Chondroitin-with-MSM-Liquid-473ml.webp\" \/>\n\t<meta property=\"og:image:width\" content=\"1000\" \/>\n\t<meta property=\"og:image:height\" content=\"1000\" \/>\n\t<meta property=\"og:image:type\" content=\"image\/jpeg\" \/>\n<meta name=\"twitter:card\" content=\"summary_large_image\" \/>\n<meta name=\"twitter:label1\" content=\"Price\" \/>\n\t<meta name=\"twitter:data1\" content=\"&#067;&#072;&#070;&nbsp;28.57\" \/>\n\t<meta name=\"twitter:label2\" content=\"Availability\" \/>\n\t<meta name=\"twitter:data2\" content=\"Out of stock\" \/>\n<script type=\"application\/ld+json\" class=\"yoast-schema-graph\">{\"@context\":\"https:\\\/\\\/schema.org\",\"@graph\":[{\"@type\":\"WebPage\",\"@id\":\"https:\\\/\\\/ecosupplements.ch\\\/?product=glucosamine-chondroitin-with-msm-liquid-473ml\",\"url\":\"https:\\\/\\\/ecosupplements.ch\\\/?product=glucosamine-chondroitin-with-msm-liquid-473ml\",\"name\":\"Glucosamine & Chondroitin mit MSM Fl\u00fcssigkeit \u2013 NOW | ecosupplements.ch\",\"isPartOf\":{\"@id\":\"https:\\\/\\\/ecosupplements.ch\\\/#website\"},\"primaryImageOfPage\":{\"@id\":\"https:\\\/\\\/ecosupplements.ch\\\/?product=glucosamine-chondroitin-with-msm-liquid-473ml#primaryimage\"},\"image\":{\"@id\":\"https:\\\/\\\/ecosupplements.ch\\\/?product=glucosamine-chondroitin-with-msm-liquid-473ml#primaryimage\"},\"thumbnailUrl\":\"https:\\\/\\\/ecosupplements.ch\\\/wp-content\\\/uploads\\\/2026\\\/05\\\/Glucosamine-Chondroitin-with-MSM-Liquid-473ml.webp\",\"datePublished\":\"2026-05-11T15:01:26+00:00\",\"dateModified\":\"2026-05-13T07:23:07+00:00\",\"description\":\"NOW Foods Glucosamine & Chondroitin mit MSM Fl\u00fcssigkeit \u2013 473 ml zur Unterst\u00fctzung von Gelenken und Knorpel, mit Vitamin C und Mangan. Jetzt bestellen.\",\"breadcrumb\":{\"@id\":\"https:\\\/\\\/ecosupplements.ch\\\/?product=glucosamine-chondroitin-with-msm-liquid-473ml#breadcrumb\"},\"inLanguage\":\"de-CH\",\"potentialAction\":[{\"@type\":\"ReadAction\",\"target\":[\"https:\\\/\\\/ecosupplements.ch\\\/?product=glucosamine-chondroitin-with-msm-liquid-473ml\"]}]},{\"@type\":\"ImageObject\",\"inLanguage\":\"de-CH\",\"@id\":\"https:\\\/\\\/ecosupplements.ch\\\/?product=glucosamine-chondroitin-with-msm-liquid-473ml#primaryimage\",\"url\":\"https:\\\/\\\/ecosupplements.ch\\\/wp-content\\\/uploads\\\/2026\\\/05\\\/Glucosamine-Chondroitin-with-MSM-Liquid-473ml.webp\",\"contentUrl\":\"https:\\\/\\\/ecosupplements.ch\\\/wp-content\\\/uploads\\\/2026\\\/05\\\/Glucosamine-Chondroitin-with-MSM-Liquid-473ml.webp\",\"width\":1000,\"height\":1000,\"caption\":\"Glucosamine & Chondroitin with MSM Liquid - 473ml.\"},{\"@type\":\"BreadcrumbList\",\"@id\":\"https:\\\/\\\/ecosupplements.ch\\\/?product=glucosamine-chondroitin-with-msm-liquid-473ml#breadcrumb\",\"itemListElement\":[{\"@type\":\"ListItem\",\"position\":1,\"name\":\"Home\",\"item\":\"https:\\\/\\\/ecosupplements.ch\\\/\"},{\"@type\":\"ListItem\",\"position\":2,\"name\":\"Shop\",\"item\":\"https:\\\/\\\/ecosupplements.ch\\\/?page_id=14\"},{\"@type\":\"ListItem\",\"position\":3,\"name\":\"Glucosamine &amp; Chondroitin with MSM Liquid &#8211; 473ml.\"}]},{\"@type\":\"WebSite\",\"@id\":\"https:\\\/\\\/ecosupplements.ch\\\/#website\",\"url\":\"https:\\\/\\\/ecosupplements.ch\\\/\",\"name\":\"Eco Supplements\",\"description\":\"\",\"potentialAction\":[{\"@type\":\"SearchAction\",\"target\":{\"@type\":\"EntryPoint\",\"urlTemplate\":\"https:\\\/\\\/ecosupplements.ch\\\/?s={search_term_string}\"},\"query-input\":{\"@type\":\"PropertyValueSpecification\",\"valueRequired\":true,\"valueName\":\"search_term_string\"}}],\"inLanguage\":\"de-CH\"}]}<\/script>\n<meta property=\"product:price:amount\" content=\"28.57\" \/>\n<meta property=\"product:price:currency\" content=\"CHF\" \/>\n<meta property=\"og:availability\" content=\"out of stock\" \/>\n<meta property=\"product:availability\" content=\"out of stock\" \/>\n<meta property=\"product:retailer_item_id\" content=\"733739031754\" \/>\n<meta property=\"product:condition\" content=\"new\" \/>\n<!-- \/ Yoast SEO plugin. -->","yoast_head_json":{"title":"Glucosamine & Chondroitin mit MSM Fl\u00fcssigkeit \u2013 NOW | ecosupplements.ch","description":"NOW Foods Glucosamine & Chondroitin mit MSM Fl\u00fcssigkeit \u2013 473 ml zur Unterst\u00fctzung von Gelenken und Knorpel, mit Vitamin C und Mangan. Jetzt bestellen.","robots":{"index":"index","follow":"follow","max-snippet":"max-snippet:-1","max-image-preview":"max-image-preview:large","max-video-preview":"max-video-preview:-1"},"canonical":"https:\/\/ecosupplements.ch\/?product=glucosamine-chondroitin-with-msm-liquid-473ml","og_locale":"de_DE","og_type":"article","og_title":"Glucosamine & Chondroitin mit MSM Fl\u00fcssigkeit \u2013 NOW | ecosupplements.ch","og_description":"NOW Foods Glucosamine & Chondroitin mit MSM Fl\u00fcssigkeit \u2013 473 ml zur Unterst\u00fctzung von Gelenken und Knorpel, mit Vitamin C und Mangan. Jetzt bestellen.","og_url":"https:\/\/ecosupplements.ch\/?product=glucosamine-chondroitin-with-msm-liquid-473ml","og_site_name":"Eco Supplements","article_modified_time":"2026-05-13T07:23:07+00:00","og_image":[{"width":1000,"height":1000,"url":"https:\/\/ecosupplements.ch\/wp-content\/uploads\/2026\/05\/Glucosamine-Chondroitin-with-MSM-Liquid-473ml.webp","type":"image\/jpeg"}],"twitter_card":"summary_large_image","twitter_misc":{"Price":"&#67;&#72;&#70;&nbsp;28.57","Availability":"Out of stock"},"schema":{"@context":"https:\/\/schema.org","@graph":[{"@type":"WebPage","@id":"https:\/\/ecosupplements.ch\/?product=glucosamine-chondroitin-with-msm-liquid-473ml","url":"https:\/\/ecosupplements.ch\/?product=glucosamine-chondroitin-with-msm-liquid-473ml","name":"Glucosamine & Chondroitin mit MSM Fl\u00fcssigkeit \u2013 NOW | ecosupplements.ch","isPartOf":{"@id":"https:\/\/ecosupplements.ch\/#website"},"primaryImageOfPage":{"@id":"https:\/\/ecosupplements.ch\/?product=glucosamine-chondroitin-with-msm-liquid-473ml#primaryimage"},"image":{"@id":"https:\/\/ecosupplements.ch\/?product=glucosamine-chondroitin-with-msm-liquid-473ml#primaryimage"},"thumbnailUrl":"https:\/\/ecosupplements.ch\/wp-content\/uploads\/2026\/05\/Glucosamine-Chondroitin-with-MSM-Liquid-473ml.webp","datePublished":"2026-05-11T15:01:26+00:00","dateModified":"2026-05-13T07:23:07+00:00","description":"NOW Foods Glucosamine & Chondroitin mit MSM Fl\u00fcssigkeit \u2013 473 ml zur Unterst\u00fctzung von Gelenken und Knorpel, mit Vitamin C und Mangan. Jetzt bestellen.","breadcrumb":{"@id":"https:\/\/ecosupplements.ch\/?product=glucosamine-chondroitin-with-msm-liquid-473ml#breadcrumb"},"inLanguage":"de-CH","potentialAction":[{"@type":"ReadAction","target":["https:\/\/ecosupplements.ch\/?product=glucosamine-chondroitin-with-msm-liquid-473ml"]}]},{"@type":"ImageObject","inLanguage":"de-CH","@id":"https:\/\/ecosupplements.ch\/?product=glucosamine-chondroitin-with-msm-liquid-473ml#primaryimage","url":"https:\/\/ecosupplements.ch\/wp-content\/uploads\/2026\/05\/Glucosamine-Chondroitin-with-MSM-Liquid-473ml.webp","contentUrl":"https:\/\/ecosupplements.ch\/wp-content\/uploads\/2026\/05\/Glucosamine-Chondroitin-with-MSM-Liquid-473ml.webp","width":1000,"height":1000,"caption":"Glucosamine & Chondroitin with MSM Liquid - 473ml."},{"@type":"BreadcrumbList","@id":"https:\/\/ecosupplements.ch\/?product=glucosamine-chondroitin-with-msm-liquid-473ml#breadcrumb","itemListElement":[{"@type":"ListItem","position":1,"name":"Home","item":"https:\/\/ecosupplements.ch\/"},{"@type":"ListItem","position":2,"name":"Shop","item":"https:\/\/ecosupplements.ch\/?page_id=14"},{"@type":"ListItem","position":3,"name":"Glucosamine &amp; Chondroitin with MSM Liquid &#8211; 473ml."}]},{"@type":"WebSite","@id":"https:\/\/ecosupplements.ch\/#website","url":"https:\/\/ecosupplements.ch\/","name":"Eco Supplements","description":"","potentialAction":[{"@type":"SearchAction","target":{"@type":"EntryPoint","urlTemplate":"https:\/\/ecosupplements.ch\/?s={search_term_string}"},"query-input":{"@type":"PropertyValueSpecification","valueRequired":true,"valueName":"search_term_string"}}],"inLanguage":"de-CH"}]},"product_price_amount":"28.57","product_price_currency":"CHF","og_availability":"out of stock","product_availability":"out of stock","product_retailer_item_id":"733739031754","product_condition":"new"},"_links":{"self":[{"href":"https:\/\/ecosupplements.ch\/index.php?rest_route=\/wp\/v2\/product\/4796","targetHints":{"allow":["GET"]}}],"collection":[{"href":"https:\/\/ecosupplements.ch\/index.php?rest_route=\/wp\/v2\/product"}],"about":[{"href":"https:\/\/ecosupplements.ch\/index.php?rest_route=\/wp\/v2\/types\/product"}],"replies":[{"embeddable":true,"href":"https:\/\/ecosupplements.ch\/index.php?rest_route=%2Fwp%2Fv2%2Fcomments&post=4796"}],"wp:featuredmedia":[{"embeddable":true,"href":"https:\/\/ecosupplements.ch\/index.php?rest_route=\/wp\/v2\/media\/4797"}],"wp:attachment":[{"href":"https:\/\/ecosupplements.ch\/index.php?rest_route=%2Fwp%2Fv2%2Fmedia&parent=4796"}],"wp:term":[{"taxonomy":"product_brand","embeddable":true,"href":"https:\/\/ecosupplements.ch\/index.php?rest_route=%2Fwp%2Fv2%2Fproduct_brand&post=4796"},{"taxonomy":"product_cat","embeddable":true,"href":"https:\/\/ecosupplements.ch\/index.php?rest_route=%2Fwp%2Fv2%2Fproduct_cat&post=4796"},{"taxonomy":"product_tag","embeddable":true,"href":"https:\/\/ecosupplements.ch\/index.php?rest_route=%2Fwp%2Fv2%2Fproduct_tag&post=4796"}],"curies":[{"name":"wp","href":"https:\/\/api.w.org\/{rel}","templated":true}]}}