{"id":4814,"date":"2026-05-11T15:01:35","date_gmt":"2026-05-11T15:01:35","guid":{"rendered":"https:\/\/ecosupplements.ch\/?product=green-multi-iron-free-180-vcaps"},"modified":"2026-05-13T07:23:03","modified_gmt":"2026-05-13T07:23:03","slug":"green-multi-iron-free-180-vcaps","status":"publish","type":"product","link":"https:\/\/ecosupplements.ch\/?product=green-multi-iron-free-180-vcaps","title":{"rendered":"Green Multi, Iron Free &#8211; 180 vcaps"},"content":{"rendered":"<div class=\"chcg-product-description\">\n<h2 class=\"chcg-heading\">\u00dcber NOW Foods \u2013 Green Multi, Iron Free \u2013 180 Vcaps<\/h2>\n<div class=\"chcg-intro\">\n<p>Das Green Multi Iron Free von NOW Foods ist ein umfassendes Multivitaminpr\u00e4parat, das speziell ohne Eisen formuliert wurde \u2013 ideal f\u00fcr alle, die eine vollst\u00e4ndige Mikron\u00e4hrstoffversorgung w\u00fcnschen, ohne zus\u00e4tzliches Eisen aufzunehmen. Die Formel vereint ein breites Spektrum an essenziellen Vitaminen und Mineralstoffen mit wertvollen pflanzlichen Zutaten wie Bio-Spirulina, Bio-Chlorella und Alfalfa-Saftkonzentrat.<\/p>\n<p>Erg\u00e4nzt wird die Basis durch funktionelle Pflanzenextrakte wie Gr\u00fcntee-Extrakt und Panax Ginseng sowie durch Verdauungsenzyme wie Bromelain, Papain, Protease, Lipase und Amylase. Hochwertige Mineralstoffverbindungen \u2013 darunter Albion\u00ae-zertifiziertes Kupfer-Bisglycinate und Mangan-Bisglycinate \u2013 sorgen f\u00fcr eine gute Bioverf\u00fcgbarkeit der enthaltenen Mineralstoffe.<\/p>\n<p>Die vegetarischen Kapseln sind vegan, glutenfrei und laktosefrei \u2013 und eignen sich somit f\u00fcr eine Vielzahl von Ern\u00e4hrungsweisen. Mit 180 Kapseln pro Packung deckt dieses Pr\u00e4parat einen Bedarf von 90 Tagen bei einer t\u00e4glichen Einnahme von 2 Kapseln ab.<\/p>\n<\/p><\/div>\n<div class=\"chcg-nutrition\">\n<h3>N\u00e4hrwertangaben<\/h3>\n<table class=\"chcg-nutrition-table\">\n<thead>\n<tr>\n<th>N\u00e4hrstoff<\/th>\n<th>Pro Portion (2 Vcaps)<\/th>\n<\/tr>\n<\/thead>\n<tbody>\n<tr>\n<td>Vitamin A (100% als Beta-Carotin)<\/td>\n<td>3750 mcg (469% NRV)<\/td>\n<\/tr>\n<tr>\n<td>Vitamin C (aus Calcium Ascorbate)<\/td>\n<td>250 mg (313% NRV)<\/td>\n<\/tr>\n<tr>\n<td>Vitamin D (als Ergocalciferol)<\/td>\n<td>2,5 mcg \/ 100 IU (50% NRV)<\/td>\n<\/tr>\n<tr>\n<td>Vitamin E (aus d-Alpha Tocopheryl Succinat)<\/td>\n<td>67 mg (558% NRV)<\/td>\n<\/tr>\n<tr>\n<td>Thiamin (Vitamin B-1) (aus Thiamin HCl)<\/td>\n<td>25 mg (2273% NRV)<\/td>\n<\/tr>\n<tr>\n<td>Riboflavin (Vitamin B-2)<\/td>\n<td>25 mg (1786% NRV)<\/td>\n<\/tr>\n<tr>\n<td>Niacin (Vitamin B-3) (als Niacinamid)<\/td>\n<td>25 mg (156% NRV)<\/td>\n<\/tr>\n<tr>\n<td>Vitamin B-6 (aus Pyridoxin HCl)<\/td>\n<td>25 mg (1786% NRV)<\/td>\n<\/tr>\n<tr>\n<td>Folat (als Fols\u00e4ure)<\/td>\n<td>680 mcg DFE (170% NRV)<\/td>\n<\/tr>\n<tr>\n<td>Vitamin B-12 (als Cyanocobalamin)<\/td>\n<td>100 mcg (4000% NRV)<\/td>\n<\/tr>\n<tr>\n<td>Biotin<\/td>\n<td>50 mcg (100% NRV)<\/td>\n<\/tr>\n<tr>\n<td>Pantothens\u00e4ure (aus Calcium Pantothenate)<\/td>\n<td>25 mg (417% NRV)<\/td>\n<\/tr>\n<tr>\n<td>Calcium (aus Calcium Ascorbate, Carbonat und Citrat)<\/td>\n<td>50 mg (6% NRV)<\/td>\n<\/tr>\n<tr>\n<td>Jod (aus Kelp)<\/td>\n<td>75 mcg (50% NRV)<\/td>\n<\/tr>\n<tr>\n<td>Magnesium (aus Magnesiumoxid und -citrat)<\/td>\n<td>50 mg (13% NRV)<\/td>\n<\/tr>\n<tr>\n<td>Zink (aus Zinkpicolinat)<\/td>\n<td>7,5 mg (75% NRV)<\/td>\n<\/tr>\n<tr>\n<td>Selen (aus L-Selenomethionin)<\/td>\n<td>25 mcg (45% NRV)<\/td>\n<\/tr>\n<tr>\n<td>Kupfer (aus Kupfer-Bisglycinate) (Albion\u00ae)<\/td>\n<td>0,25 mg (25% NRV)<\/td>\n<\/tr>\n<tr>\n<td>Mangan (aus Mangan-Bisglycinate) (Albion\u00ae)<\/td>\n<td>2,5 mg (125% NRV)<\/td>\n<\/tr>\n<tr>\n<td>Chrom (aus Chrompicolinat)<\/td>\n<td>50 mcg (125% NRV)<\/td>\n<\/tr>\n<tr>\n<td>Molybd\u00e4n (aus Natriummolybdat)<\/td>\n<td>25 mcg (50% NRV)<\/td>\n<\/tr>\n<tr>\n<td>Kalium (aus Kaliumchlorid)<\/td>\n<td>12 mg *<\/td>\n<\/tr>\n<tr>\n<td>Bio-Spirulina<\/td>\n<td>**<\/td>\n<\/tr>\n<tr>\n<td>Bio-Chlorella (aufgebrochene Zellwand)<\/td>\n<td>**<\/td>\n<\/tr>\n<tr>\n<td>Alfalfa-Saftkonzentrat<\/td>\n<td>**<\/td>\n<\/tr>\n<tr>\n<td>Gr\u00fcntee-Extrakt (Blatt)<\/td>\n<td>**<\/td>\n<\/tr>\n<tr>\n<td>Cholin (aus Cholin-Bitartrat)<\/td>\n<td>**<\/td>\n<\/tr>\n<tr>\n<td>Inositol<\/td>\n<td>**<\/td>\n<\/tr>\n<tr>\n<td>PABA (Para-Aminobenzoes\u00e4ure)<\/td>\n<td>**<\/td>\n<\/tr>\n<tr>\n<td>Panax Ginseng Extrakt (Wurzel)<\/td>\n<td>**<\/td>\n<\/tr>\n<tr>\n<td>Citrus-Bioflavonoide-Komplex<\/td>\n<td>**<\/td>\n<\/tr>\n<tr>\n<td>Rutin Pulver (Sophora japonica) (Bl\u00fctenknospe)<\/td>\n<td>**<\/td>\n<\/tr>\n<tr>\n<td>Bromelain (2400 GDU\/g) (aus Ananas)<\/td>\n<td>**<\/td>\n<\/tr>\n<tr>\n<td>Papain (2000 USP\/mg) (aus Papaya)<\/td>\n<td>**<\/td>\n<\/tr>\n<tr>\n<td>Protease-Blend (2000 SAP\/g &amp; 200 LAP\/g)<\/td>\n<td>**<\/td>\n<\/tr>\n<tr>\n<td>Lipase (80&#8217;000 LU\/g)<\/td>\n<td>**<\/td>\n<\/tr>\n<tr>\n<td>Amylase (5000 SKB\/g)<\/td>\n<td>**<\/td>\n<\/tr>\n<\/tbody>\n<\/table>\n<p class=\"chcg-footnote\">* Kein festgelegter Tagesreferenzwert (NRV).<\/p>\n<p class=\"chcg-footnote\">** Tagesdosis nicht festgelegt.<\/p>\n<\/p><\/div>\n<div class=\"chcg-ingredients\">\n<h3>Zutaten<\/h3>\n<p>Vitamin A (100% als Beta-Carotin), Vitamin C (aus Calcium Ascorbate), Vitamin D (als Ergocalciferol), Vitamin E (aus d-Alpha Tocopheryl Succinat), Thiamin (Vitamin B-1) (aus Thiamin HCl), Riboflavin (Vitamin B-2), Niacin (Vitamin B-3) (als Niacinamid), Vitamin B-6 (aus Pyridoxin HCl), Folat (als Fols\u00e4ure), Vitamin B-12 (als Cyanocobalamin), Biotin, Pantothens\u00e4ure (aus Calcium Pantothenate), Cholin (aus Cholin-Bitartrat), Calcium (aus Calcium Ascorbate, Carbonat und Citrat), Jod (aus Kelp), Magnesium (aus Magnesiumoxid und -citrat), Zink (aus Zinkpicolinat), Selen (aus L-Selenomethionin), Kupfer (aus Kupfer-Bisglycinate) (Albion\u00ae), Mangan (aus Mangan-Bisglycinate) (Albion\u00ae), Chrom (aus Chrompicolinat), Molybd\u00e4n (aus Natriummolybdat), Kalium (aus Kaliumchlorid), Bio-Spirulina, Bio-Chlorella (aufgebrochene Zellwand), Alfalfa-Saftkonzentrat, Gr\u00fcntee-Extrakt (Blatt), Inositol, PABA (Para-Aminobenzoes\u00e4ure), Panax Ginseng Extrakt (Wurzel), Citrus-Bioflavonoide-Komplex, Rutin Pulver (Sophora japonica) (Bl\u00fctenknospe), Bromelain (2400 GDU\/g) (aus Ananas), Papain (2000 USP\/mg) (aus Papaya), Protease-Blend (2000 SAP\/g &amp; 200 LAP\/g), Lipase (80&#8217;000 LU\/g), Amylase (5000 SKB\/g). Sonstige Zutaten: Cellulose (Kapsel), Magnesiumstearat (pflanzliche Quelle), Siliciumdioxid, Cellulosepulver und Stearins\u00e4ure (pflanzliche Quelle). Vitamin E aus Soja.<\/p>\n<p class=\"chcg-capsule-shell\">Kapselh\u00fclle: Cellulose<\/p>\n<\/p><\/div>\n<div class=\"chcg-dosage\">\n<h3>Verzehrempfehlung<\/h3>\n<p>T\u00e4glich 2 Kapseln zu einer Mahlzeit einnehmen. Portionsgr\u00f6sse: 2 vegetarische Kapseln. Portionen pro Packung: 90.<\/p>\n<\/p><\/div>\n<div class=\"chcg-warnings\">\n<h3>Warnhinweise<\/h3>\n<p>Nur f\u00fcr Erwachsene. Bei Schwangerschaft, Stillzeit, Einnahme von Medikamenten oder bei bestehenden gesundheitlichen Beschwerden ist vor der Einnahme ein Arzt zu konsultieren. Ausserhalb der Reichweite von Kindern aufbewahren. Dieses Produkt enth\u00e4lt Biotin, welches einige Bluttest-Ergebnisse beeinflussen kann. Den Frischehalte-Beutel nicht essen. Im Beh\u00e4lter belassen. Nat\u00fcrliche Farbabweichungen k\u00f6nnen bei diesem Produkt auftreten.<\/p>\n<\/p><\/div>\n<div class=\"chcg-allergens\">\n<h3>Allergeninformationen<\/h3>\n<p>Vitamin E aus Soja. Nicht hergestellt mit Weizen-, Gluten-, Milch-, Ei-, Fisch-, Schalen\u00adtier-, Baum\u00adnuss- oder Sesam\u00adzutaten. Produziert in einer GMP-zertifizierten Anlage, die andere Zutaten verarbeitet, die diese Allergene enthalten k\u00f6nnen.<\/p>\n<\/p><\/div>\n<div class=\"chcg-storage\">\n<h3>Lagerung<\/h3>\n<p>Nach dem \u00d6ffnen an einem k\u00fchlen, trockenen Ort aufbewahren.<\/p>\n<\/p><\/div>\n<div class=\"chcg-dietary\">\n<h3>Ern\u00e4hrungshinweise<\/h3>\n<ul>\n<li>Vegan<\/li>\n<li>Vegetarisch<\/li>\n<li>Glutenfrei<\/li>\n<li>Laktosefrei<\/li>\n<\/ul><\/div>\n<\/div>\n","protected":false},"excerpt":{"rendered":"<p>Green Multi Iron Free von NOW Foods liefert ein umfassendes Spektrum an Vitaminen, Mineralstoffen und pflanzlichen Extrakten \u2013 ohne Eisen. Erh\u00e4ltlich als vegane Kapseln, 180 St\u00fcck (90 Portionen). Vegan, glutenfrei und laktosefrei.<\/p>\n","protected":false},"featured_media":4815,"comment_status":"closed","ping_status":"open","template":"","meta":[],"product_brand":[454],"product_cat":[48,25,26,44,171,21],"product_tag":[],"class_list":{"0":"post-4814","1":"product","2":"type-product","3":"status-publish","4":"has-post-thumbnail","6":"product_brand-nownow-foods","7":"product_cat-gesunde-ernaehrung","8":"product_cat-gesundheit-und-wohlbefinden","9":"product_cat-multivitamine","10":"product_cat-pflanzliche-nahrungsergaenzungsmittel","11":"product_cat-vitamine-und-mineralien","12":"product_cat-vitamine-und-mineralstoffe","14":"first","15":"outofstock","16":"taxable","17":"shipping-taxable","18":"purchasable","19":"product-type-simple"},"yoast_head":"<!-- This site is optimized with the Yoast SEO plugin v27.5 - https:\/\/yoast.com\/product\/yoast-seo-wordpress\/ -->\n<title>Green Multi Iron Free \u2013 NOW Foods | ecosupplements.ch<\/title>\n<meta name=\"description\" content=\"Umfassendes Multivitamin ohne Eisen mit pflanzlichen Extrakten und Enzymen \u2013 180 vegane Kapseln von NOW Foods. Jetzt bestellen.\" \/>\n<meta name=\"robots\" content=\"index, follow, max-snippet:-1, max-image-preview:large, max-video-preview:-1\" \/>\n<link rel=\"canonical\" href=\"https:\/\/ecosupplements.ch\/?product=green-multi-iron-free-180-vcaps\" \/>\n<meta property=\"og:locale\" content=\"de_DE\" \/>\n<meta property=\"og:type\" content=\"article\" \/>\n<meta property=\"og:title\" content=\"Green Multi Iron Free \u2013 NOW Foods | ecosupplements.ch\" \/>\n<meta property=\"og:description\" content=\"Umfassendes Multivitamin ohne Eisen mit pflanzlichen Extrakten und Enzymen \u2013 180 vegane Kapseln von NOW Foods. Jetzt bestellen.\" \/>\n<meta property=\"og:url\" content=\"https:\/\/ecosupplements.ch\/?product=green-multi-iron-free-180-vcaps\" \/>\n<meta property=\"og:site_name\" content=\"Eco Supplements\" \/>\n<meta property=\"article:modified_time\" content=\"2026-05-13T07:23:03+00:00\" \/>\n<meta property=\"og:image\" content=\"https:\/\/ecosupplements.ch\/wp-content\/uploads\/2026\/05\/Green-Multi-Iron-Free-180-vcaps.webp\" \/>\n\t<meta property=\"og:image:width\" content=\"1000\" \/>\n\t<meta property=\"og:image:height\" content=\"1000\" \/>\n\t<meta property=\"og:image:type\" content=\"image\/jpeg\" \/>\n<meta name=\"twitter:card\" content=\"summary_large_image\" \/>\n<meta name=\"twitter:label1\" content=\"Price\" \/>\n\t<meta name=\"twitter:data1\" content=\"&#067;&#072;&#070;&nbsp;41.00\" \/>\n\t<meta name=\"twitter:label2\" content=\"Availability\" \/>\n\t<meta name=\"twitter:data2\" content=\"Out of stock\" \/>\n<script type=\"application\/ld+json\" class=\"yoast-schema-graph\">{\"@context\":\"https:\\\/\\\/schema.org\",\"@graph\":[{\"@type\":\"WebPage\",\"@id\":\"https:\\\/\\\/ecosupplements.ch\\\/?product=green-multi-iron-free-180-vcaps\",\"url\":\"https:\\\/\\\/ecosupplements.ch\\\/?product=green-multi-iron-free-180-vcaps\",\"name\":\"Green Multi Iron Free \u2013 NOW Foods | ecosupplements.ch\",\"isPartOf\":{\"@id\":\"https:\\\/\\\/ecosupplements.ch\\\/#website\"},\"primaryImageOfPage\":{\"@id\":\"https:\\\/\\\/ecosupplements.ch\\\/?product=green-multi-iron-free-180-vcaps#primaryimage\"},\"image\":{\"@id\":\"https:\\\/\\\/ecosupplements.ch\\\/?product=green-multi-iron-free-180-vcaps#primaryimage\"},\"thumbnailUrl\":\"https:\\\/\\\/ecosupplements.ch\\\/wp-content\\\/uploads\\\/2026\\\/05\\\/Green-Multi-Iron-Free-180-vcaps.webp\",\"datePublished\":\"2026-05-11T15:01:35+00:00\",\"dateModified\":\"2026-05-13T07:23:03+00:00\",\"description\":\"Umfassendes Multivitamin ohne Eisen mit pflanzlichen Extrakten und Enzymen \u2013 180 vegane Kapseln von NOW Foods. Jetzt bestellen.\",\"breadcrumb\":{\"@id\":\"https:\\\/\\\/ecosupplements.ch\\\/?product=green-multi-iron-free-180-vcaps#breadcrumb\"},\"inLanguage\":\"de-CH\",\"potentialAction\":[{\"@type\":\"ReadAction\",\"target\":[\"https:\\\/\\\/ecosupplements.ch\\\/?product=green-multi-iron-free-180-vcaps\"]}]},{\"@type\":\"ImageObject\",\"inLanguage\":\"de-CH\",\"@id\":\"https:\\\/\\\/ecosupplements.ch\\\/?product=green-multi-iron-free-180-vcaps#primaryimage\",\"url\":\"https:\\\/\\\/ecosupplements.ch\\\/wp-content\\\/uploads\\\/2026\\\/05\\\/Green-Multi-Iron-Free-180-vcaps.webp\",\"contentUrl\":\"https:\\\/\\\/ecosupplements.ch\\\/wp-content\\\/uploads\\\/2026\\\/05\\\/Green-Multi-Iron-Free-180-vcaps.webp\",\"width\":1000,\"height\":1000,\"caption\":\"Green Multi\"},{\"@type\":\"BreadcrumbList\",\"@id\":\"https:\\\/\\\/ecosupplements.ch\\\/?product=green-multi-iron-free-180-vcaps#breadcrumb\",\"itemListElement\":[{\"@type\":\"ListItem\",\"position\":1,\"name\":\"Home\",\"item\":\"https:\\\/\\\/ecosupplements.ch\\\/\"},{\"@type\":\"ListItem\",\"position\":2,\"name\":\"Shop\",\"item\":\"https:\\\/\\\/ecosupplements.ch\\\/?page_id=14\"},{\"@type\":\"ListItem\",\"position\":3,\"name\":\"Green Multi, Iron Free &#8211; 180 vcaps\"}]},{\"@type\":\"WebSite\",\"@id\":\"https:\\\/\\\/ecosupplements.ch\\\/#website\",\"url\":\"https:\\\/\\\/ecosupplements.ch\\\/\",\"name\":\"Eco Supplements\",\"description\":\"\",\"potentialAction\":[{\"@type\":\"SearchAction\",\"target\":{\"@type\":\"EntryPoint\",\"urlTemplate\":\"https:\\\/\\\/ecosupplements.ch\\\/?s={search_term_string}\"},\"query-input\":{\"@type\":\"PropertyValueSpecification\",\"valueRequired\":true,\"valueName\":\"search_term_string\"}}],\"inLanguage\":\"de-CH\"}]}<\/script>\n<meta property=\"product:price:amount\" content=\"41.00\" \/>\n<meta property=\"product:price:currency\" content=\"CHF\" \/>\n<meta property=\"og:availability\" content=\"out of stock\" \/>\n<meta property=\"product:availability\" content=\"out of stock\" \/>\n<meta property=\"product:retailer_item_id\" content=\"733739037886\" \/>\n<meta property=\"product:condition\" content=\"new\" \/>\n<!-- \/ Yoast SEO plugin. -->","yoast_head_json":{"title":"Green Multi Iron Free \u2013 NOW Foods | ecosupplements.ch","description":"Umfassendes Multivitamin ohne Eisen mit pflanzlichen Extrakten und Enzymen \u2013 180 vegane Kapseln von NOW Foods. Jetzt bestellen.","robots":{"index":"index","follow":"follow","max-snippet":"max-snippet:-1","max-image-preview":"max-image-preview:large","max-video-preview":"max-video-preview:-1"},"canonical":"https:\/\/ecosupplements.ch\/?product=green-multi-iron-free-180-vcaps","og_locale":"de_DE","og_type":"article","og_title":"Green Multi Iron Free \u2013 NOW Foods | ecosupplements.ch","og_description":"Umfassendes Multivitamin ohne Eisen mit pflanzlichen Extrakten und Enzymen \u2013 180 vegane Kapseln von NOW Foods. Jetzt bestellen.","og_url":"https:\/\/ecosupplements.ch\/?product=green-multi-iron-free-180-vcaps","og_site_name":"Eco Supplements","article_modified_time":"2026-05-13T07:23:03+00:00","og_image":[{"width":1000,"height":1000,"url":"https:\/\/ecosupplements.ch\/wp-content\/uploads\/2026\/05\/Green-Multi-Iron-Free-180-vcaps.webp","type":"image\/jpeg"}],"twitter_card":"summary_large_image","twitter_misc":{"Price":"&#67;&#72;&#70;&nbsp;41.00","Availability":"Out of stock"},"schema":{"@context":"https:\/\/schema.org","@graph":[{"@type":"WebPage","@id":"https:\/\/ecosupplements.ch\/?product=green-multi-iron-free-180-vcaps","url":"https:\/\/ecosupplements.ch\/?product=green-multi-iron-free-180-vcaps","name":"Green Multi Iron Free \u2013 NOW Foods | ecosupplements.ch","isPartOf":{"@id":"https:\/\/ecosupplements.ch\/#website"},"primaryImageOfPage":{"@id":"https:\/\/ecosupplements.ch\/?product=green-multi-iron-free-180-vcaps#primaryimage"},"image":{"@id":"https:\/\/ecosupplements.ch\/?product=green-multi-iron-free-180-vcaps#primaryimage"},"thumbnailUrl":"https:\/\/ecosupplements.ch\/wp-content\/uploads\/2026\/05\/Green-Multi-Iron-Free-180-vcaps.webp","datePublished":"2026-05-11T15:01:35+00:00","dateModified":"2026-05-13T07:23:03+00:00","description":"Umfassendes Multivitamin ohne Eisen mit pflanzlichen Extrakten und Enzymen \u2013 180 vegane Kapseln von NOW Foods. Jetzt bestellen.","breadcrumb":{"@id":"https:\/\/ecosupplements.ch\/?product=green-multi-iron-free-180-vcaps#breadcrumb"},"inLanguage":"de-CH","potentialAction":[{"@type":"ReadAction","target":["https:\/\/ecosupplements.ch\/?product=green-multi-iron-free-180-vcaps"]}]},{"@type":"ImageObject","inLanguage":"de-CH","@id":"https:\/\/ecosupplements.ch\/?product=green-multi-iron-free-180-vcaps#primaryimage","url":"https:\/\/ecosupplements.ch\/wp-content\/uploads\/2026\/05\/Green-Multi-Iron-Free-180-vcaps.webp","contentUrl":"https:\/\/ecosupplements.ch\/wp-content\/uploads\/2026\/05\/Green-Multi-Iron-Free-180-vcaps.webp","width":1000,"height":1000,"caption":"Green Multi"},{"@type":"BreadcrumbList","@id":"https:\/\/ecosupplements.ch\/?product=green-multi-iron-free-180-vcaps#breadcrumb","itemListElement":[{"@type":"ListItem","position":1,"name":"Home","item":"https:\/\/ecosupplements.ch\/"},{"@type":"ListItem","position":2,"name":"Shop","item":"https:\/\/ecosupplements.ch\/?page_id=14"},{"@type":"ListItem","position":3,"name":"Green Multi, Iron Free &#8211; 180 vcaps"}]},{"@type":"WebSite","@id":"https:\/\/ecosupplements.ch\/#website","url":"https:\/\/ecosupplements.ch\/","name":"Eco Supplements","description":"","potentialAction":[{"@type":"SearchAction","target":{"@type":"EntryPoint","urlTemplate":"https:\/\/ecosupplements.ch\/?s={search_term_string}"},"query-input":{"@type":"PropertyValueSpecification","valueRequired":true,"valueName":"search_term_string"}}],"inLanguage":"de-CH"}]},"product_price_amount":"41.00","product_price_currency":"CHF","og_availability":"out of stock","product_availability":"out of stock","product_retailer_item_id":"733739037886","product_condition":"new"},"_links":{"self":[{"href":"https:\/\/ecosupplements.ch\/index.php?rest_route=\/wp\/v2\/product\/4814","targetHints":{"allow":["GET"]}}],"collection":[{"href":"https:\/\/ecosupplements.ch\/index.php?rest_route=\/wp\/v2\/product"}],"about":[{"href":"https:\/\/ecosupplements.ch\/index.php?rest_route=\/wp\/v2\/types\/product"}],"replies":[{"embeddable":true,"href":"https:\/\/ecosupplements.ch\/index.php?rest_route=%2Fwp%2Fv2%2Fcomments&post=4814"}],"wp:featuredmedia":[{"embeddable":true,"href":"https:\/\/ecosupplements.ch\/index.php?rest_route=\/wp\/v2\/media\/4815"}],"wp:attachment":[{"href":"https:\/\/ecosupplements.ch\/index.php?rest_route=%2Fwp%2Fv2%2Fmedia&parent=4814"}],"wp:term":[{"taxonomy":"product_brand","embeddable":true,"href":"https:\/\/ecosupplements.ch\/index.php?rest_route=%2Fwp%2Fv2%2Fproduct_brand&post=4814"},{"taxonomy":"product_cat","embeddable":true,"href":"https:\/\/ecosupplements.ch\/index.php?rest_route=%2Fwp%2Fv2%2Fproduct_cat&post=4814"},{"taxonomy":"product_tag","embeddable":true,"href":"https:\/\/ecosupplements.ch\/index.php?rest_route=%2Fwp%2Fv2%2Fproduct_tag&post=4814"}],"curies":[{"name":"wp","href":"https:\/\/api.w.org\/{rel}","templated":true}]}}