{"id":4829,"date":"2026-05-11T15:01:42","date_gmt":"2026-05-11T15:01:42","guid":{"rendered":"https:\/\/ecosupplements.ch\/?product=iron-complex-caps-100-vcaps"},"modified":"2026-05-13T07:23:10","modified_gmt":"2026-05-13T07:23:10","slug":"iron-complex-caps-100-vcaps","status":"publish","type":"product","link":"https:\/\/ecosupplements.ch\/?product=iron-complex-caps-100-vcaps","title":{"rendered":"Iron Complex Caps &#8211; 100 vcaps"},"content":{"rendered":"<div class=\"chcg-product-description\">\n<h2 class=\"chcg-heading\">\u00dcber NOW Foods \u2013 Iron Complex Kapseln \u2013 100 vcaps<\/h2>\n<div class=\"chcg-intro\">\n<p>Der Iron Complex von NOW Foods ist eine sorgf\u00e4ltig zusammengestellte Formel, die hochwertiges Eisen in Form von Ferrous Bisglycinate (Ferrochel\u00ae) liefert \u2013 eine Eisenform, die f\u00fcr ihre gute Magenvertr\u00e4glichkeit bekannt ist. Erg\u00e4nzt wird die Formel durch Vitamin C, das zur normalen Eisenaufnahme beitr\u00e4gt, sowie durch Folat und Vitamin B-12, die gemeinsam zur normalen Bildung roter Blutk\u00f6rperchen und zur Verringerung von M\u00fcdigkeit und Ersch\u00f6pfung beitragen.<\/p>\n<p>Zus\u00e4tzlich enth\u00e4lt diese Formel pflanzliche Extrakte: biologisches Dong Quai (Angelica sinensis) und Rotes Himbeerblatt (Rubus idaeus) \u2013 zwei traditionell verwendete Kr\u00e4uter, die diese Eisenkomplex-Formel abrunden. Jede vegetarische Kapsel ist einfach in der Anwendung und f\u00fcr Veganer sowie Vegetarier geeignet.<\/p>\n<p>NOW Foods steht seit Jahrzehnten f\u00fcr Qualit\u00e4t und Transparenz im Bereich Nahrungserg\u00e4nzungsmittel. Der Iron Complex wird in einer GMP-zertifizierten Anlage hergestellt und ist frei von Gluten, Laktose und tierischen Inhaltsstoffen \u2013 ideal f\u00fcr alle, die eine pflanzliche Ern\u00e4hrungsweise bevorzugen.<\/p>\n<\/p><\/div>\n<div class=\"chcg-nutrition\">\n<h3>N\u00e4hrwertangaben<\/h3>\n<table class=\"chcg-nutrition-table\">\n<thead>\n<tr>\n<th>N\u00e4hrstoff<\/th>\n<th>Pro Portion (1 Kapsel)<\/th>\n<\/tr>\n<\/thead>\n<tbody>\n<tr>\n<td>Vitamin C (als Ascorbins\u00e4ure)<\/td>\n<td>90 mg (113% NRV)<\/td>\n<\/tr>\n<tr>\n<td>Folat DFE<\/td>\n<td>167 \u00b5g (42% NRV)<\/td>\n<\/tr>\n<tr>\n<td>\u2013 davon (6S)-5-Methyltetrahydrofolat (aus Quatrefolic\u00ae)<\/td>\n<td>100 \u00b5g<\/td>\n<\/tr>\n<tr>\n<td>Vitamin B-12 (als Methylcobalamin)<\/td>\n<td>50 \u00b5g (2000% NRV)<\/td>\n<\/tr>\n<tr>\n<td>Eisen (aus Ferrous Bisglycinate) (Ferrochel\u00ae)<\/td>\n<td>27 mg (193% NRV)<\/td>\n<\/tr>\n<tr>\n<td>Biologisches Dong Quai (Angelica sinensis) (Rhizom\/Wurzel)<\/td>\n<td>50 mg*<\/td>\n<\/tr>\n<tr>\n<td>Rotes Himbeerblatt (Rubus idaeus) (Blatt)<\/td>\n<td>50 mg*<\/td>\n<\/tr>\n<\/tbody>\n<\/table>\n<p class=\"chcg-footnote\">* Kein festgelegter t\u00e4glicher Referenzwert (NRV).<\/p>\n<\/p><\/div>\n<div class=\"chcg-ingredients\">\n<h3>Zutaten<\/h3>\n<p>Vitamin C (als Ascorbins\u00e4ure) 90 mg, Folat DFE 167 \u00b5g [100 \u00b5g (6S)-5-Methyltetrahydrofolat] [aus Quatrefolic (6S)-5-Methyltetrahydrofols\u00e4ure-Glucosaminsalz], Vitamin B-12 (als Methylcobalamin) 50 \u00b5g, Eisen (aus Ferrous Bisglycinate) (Ferrochel) 27 mg, Biologisches Dong Quai (Angelica sinensis) (Rhizom\/Wurzel) 50 mg, Rotes Himbeerblatt (Rubus idaeus) (Blatt) 50 mg. Weitere Zutaten: Hypromellose (Cellulosekapsel), mikrokristalline Cellulose, Siliziumdioxid und Stearins\u00e4ure (pflanzlicher Ursprung).<\/p>\n<p class=\"chcg-capsule-shell\">Kapselh\u00fclle: Hypromellose (Cellulosekapsel)<\/p>\n<\/p><\/div>\n<div class=\"chcg-dosage\">\n<h3>Verzehrempfehlung<\/h3>\n<p>T\u00e4glich 1 Kapsel zu einer Mahlzeit einnehmen.<\/p>\n<\/p><\/div>\n<div class=\"chcg-warnings\">\n<h3>Warnhinweise<\/h3>\n<p>Nur f\u00fcr Erwachsene. Nicht f\u00fcr Schwangere oder stillende Frauen bestimmt. Bei Einnahme von Medikamenten oder bei bestehenden Erkrankungen vor der Anwendung einen Arzt konsultieren. Ausserhalb der Reichweite von Kindern aufbewahren. WARNUNG: Eine versehentliche \u00dcberdosierung von eisenhaltigen Produkten ist eine h\u00e4ufige Ursache f\u00fcr t\u00f6dliche Vergiftungen bei Kindern unter 6 Jahren. Dieses Produkt unbedingt ausserhalb der Reichweite von Kindern aufbewahren. Im Falle einer versehentlichen \u00dcberdosierung sofort einen Arzt oder eine Vergiftungszentrale anrufen. Bei diesem Produkt k\u00f6nnen nat\u00fcrliche Farbschwankungen auftreten.<\/p>\n<\/p><\/div>\n<div class=\"chcg-allergens\">\n<h3>Allergeninformationen<\/h3>\n<p>Nicht hergestellt mit Weizen, Gluten, Soja, Milch, Ei, Fisch, Schalentieren oder Baumnuss-Inhaltsstoffen. Hergestellt in einer GMP-Anlage, die andere Zutaten verarbeitet, die diese Allergene enthalten.<\/p>\n<\/p><\/div>\n<div class=\"chcg-storage\">\n<h3>Lagerung<\/h3>\n<p>An einem k\u00fchlen, trockenen Ort lagern.<\/p>\n<\/p><\/div>\n<div class=\"chcg-dietary\">\n<h3>Ern\u00e4hrungshinweise<\/h3>\n<ul>\n<li>Vegan<\/li>\n<li>Vegetarisch<\/li>\n<li>Glutenfrei<\/li>\n<li>Laktosefrei<\/li>\n<\/ul><\/div>\n<\/div>\n","protected":false},"excerpt":{"rendered":"<p>NOW Foods Iron Complex liefert 27 mg gut vertr\u00e4gliches Eisen (Ferrochel\u00ae) plus Vitamin C, Folat und B-12 in einer vegetarischen Kapsel. 100 Kapseln pro Packung, vegan und glutenfrei.<\/p>\n","protected":false},"featured_media":4830,"comment_status":"closed","ping_status":"open","template":"","meta":[],"product_brand":[454],"product_cat":[23,48,22,171,21],"product_tag":[],"class_list":{"0":"post-4829","1":"product","2":"type-product","3":"status-publish","4":"has-post-thumbnail","6":"product_brand-nownow-foods","7":"product_cat-einige-mineralien","8":"product_cat-gesunde-ernaehrung","9":"product_cat-vegane-produkte","10":"product_cat-vitamine-und-mineralien","11":"product_cat-vitamine-und-mineralstoffe","13":"first","14":"outofstock","15":"taxable","16":"shipping-taxable","17":"purchasable","18":"product-type-simple"},"yoast_head":"<!-- This site is optimized with the Yoast SEO plugin v27.5 - https:\/\/yoast.com\/product\/yoast-seo-wordpress\/ -->\n<title>Iron Complex Kapseln \u2013 NOW Foods | ecosupplements.ch<\/title>\n<meta name=\"description\" content=\"Iron Complex von NOW Foods: 27 mg Ferrochel\u00ae-Eisen mit Vitamin C, Folat &amp; B-12 \u2013 100 vegane Kapseln f\u00fcr eine gezielte Eisenversorgung. Jetzt bestellen.\" \/>\n<meta name=\"robots\" content=\"index, follow, max-snippet:-1, max-image-preview:large, max-video-preview:-1\" \/>\n<link rel=\"canonical\" href=\"https:\/\/ecosupplements.ch\/?product=iron-complex-caps-100-vcaps\" \/>\n<meta property=\"og:locale\" content=\"de_DE\" \/>\n<meta property=\"og:type\" content=\"article\" \/>\n<meta property=\"og:title\" content=\"Iron Complex Kapseln \u2013 NOW Foods | ecosupplements.ch\" \/>\n<meta property=\"og:description\" content=\"Iron Complex von NOW Foods: 27 mg Ferrochel\u00ae-Eisen mit Vitamin C, Folat &amp; B-12 \u2013 100 vegane Kapseln f\u00fcr eine gezielte Eisenversorgung. Jetzt bestellen.\" \/>\n<meta property=\"og:url\" content=\"https:\/\/ecosupplements.ch\/?product=iron-complex-caps-100-vcaps\" \/>\n<meta property=\"og:site_name\" content=\"Eco Supplements\" \/>\n<meta property=\"article:modified_time\" content=\"2026-05-13T07:23:10+00:00\" \/>\n<meta property=\"og:image\" content=\"https:\/\/ecosupplements.ch\/wp-content\/uploads\/2026\/05\/Iron-Complex-Caps-100-vcaps.webp\" \/>\n\t<meta property=\"og:image:width\" content=\"1000\" \/>\n\t<meta property=\"og:image:height\" content=\"1000\" \/>\n\t<meta property=\"og:image:type\" content=\"image\/jpeg\" \/>\n<meta name=\"twitter:card\" content=\"summary_large_image\" \/>\n<meta name=\"twitter:label1\" content=\"Price\" \/>\n\t<meta name=\"twitter:data1\" content=\"&#067;&#072;&#070;&nbsp;14.29\" \/>\n\t<meta name=\"twitter:label2\" content=\"Availability\" \/>\n\t<meta name=\"twitter:data2\" content=\"Out of stock\" \/>\n<script type=\"application\/ld+json\" class=\"yoast-schema-graph\">{\"@context\":\"https:\\\/\\\/schema.org\",\"@graph\":[{\"@type\":\"WebPage\",\"@id\":\"https:\\\/\\\/ecosupplements.ch\\\/?product=iron-complex-caps-100-vcaps\",\"url\":\"https:\\\/\\\/ecosupplements.ch\\\/?product=iron-complex-caps-100-vcaps\",\"name\":\"Iron Complex Kapseln \u2013 NOW Foods | ecosupplements.ch\",\"isPartOf\":{\"@id\":\"https:\\\/\\\/ecosupplements.ch\\\/#website\"},\"primaryImageOfPage\":{\"@id\":\"https:\\\/\\\/ecosupplements.ch\\\/?product=iron-complex-caps-100-vcaps#primaryimage\"},\"image\":{\"@id\":\"https:\\\/\\\/ecosupplements.ch\\\/?product=iron-complex-caps-100-vcaps#primaryimage\"},\"thumbnailUrl\":\"https:\\\/\\\/ecosupplements.ch\\\/wp-content\\\/uploads\\\/2026\\\/05\\\/Iron-Complex-Caps-100-vcaps.webp\",\"datePublished\":\"2026-05-11T15:01:42+00:00\",\"dateModified\":\"2026-05-13T07:23:10+00:00\",\"description\":\"Iron Complex von NOW Foods: 27 mg Ferrochel\u00ae-Eisen mit Vitamin C, Folat & B-12 \u2013 100 vegane Kapseln f\u00fcr eine gezielte Eisenversorgung. Jetzt bestellen.\",\"breadcrumb\":{\"@id\":\"https:\\\/\\\/ecosupplements.ch\\\/?product=iron-complex-caps-100-vcaps#breadcrumb\"},\"inLanguage\":\"de-CH\",\"potentialAction\":[{\"@type\":\"ReadAction\",\"target\":[\"https:\\\/\\\/ecosupplements.ch\\\/?product=iron-complex-caps-100-vcaps\"]}]},{\"@type\":\"ImageObject\",\"inLanguage\":\"de-CH\",\"@id\":\"https:\\\/\\\/ecosupplements.ch\\\/?product=iron-complex-caps-100-vcaps#primaryimage\",\"url\":\"https:\\\/\\\/ecosupplements.ch\\\/wp-content\\\/uploads\\\/2026\\\/05\\\/Iron-Complex-Caps-100-vcaps.webp\",\"contentUrl\":\"https:\\\/\\\/ecosupplements.ch\\\/wp-content\\\/uploads\\\/2026\\\/05\\\/Iron-Complex-Caps-100-vcaps.webp\",\"width\":1000,\"height\":1000,\"caption\":\"Iron Complex Caps - 100 vcaps\"},{\"@type\":\"BreadcrumbList\",\"@id\":\"https:\\\/\\\/ecosupplements.ch\\\/?product=iron-complex-caps-100-vcaps#breadcrumb\",\"itemListElement\":[{\"@type\":\"ListItem\",\"position\":1,\"name\":\"Home\",\"item\":\"https:\\\/\\\/ecosupplements.ch\\\/\"},{\"@type\":\"ListItem\",\"position\":2,\"name\":\"Shop\",\"item\":\"https:\\\/\\\/ecosupplements.ch\\\/?page_id=14\"},{\"@type\":\"ListItem\",\"position\":3,\"name\":\"Iron Complex Caps &#8211; 100 vcaps\"}]},{\"@type\":\"WebSite\",\"@id\":\"https:\\\/\\\/ecosupplements.ch\\\/#website\",\"url\":\"https:\\\/\\\/ecosupplements.ch\\\/\",\"name\":\"Eco Supplements\",\"description\":\"\",\"potentialAction\":[{\"@type\":\"SearchAction\",\"target\":{\"@type\":\"EntryPoint\",\"urlTemplate\":\"https:\\\/\\\/ecosupplements.ch\\\/?s={search_term_string}\"},\"query-input\":{\"@type\":\"PropertyValueSpecification\",\"valueRequired\":true,\"valueName\":\"search_term_string\"}}],\"inLanguage\":\"de-CH\"}]}<\/script>\n<meta property=\"product:price:amount\" content=\"14.29\" \/>\n<meta property=\"product:price:currency\" content=\"CHF\" \/>\n<meta property=\"og:availability\" content=\"out of stock\" \/>\n<meta property=\"product:availability\" content=\"out of stock\" \/>\n<meta property=\"product:retailer_item_id\" content=\"733739014412\" \/>\n<meta property=\"product:condition\" content=\"new\" \/>\n<!-- \/ Yoast SEO plugin. -->","yoast_head_json":{"title":"Iron Complex Kapseln \u2013 NOW Foods | ecosupplements.ch","description":"Iron Complex von NOW Foods: 27 mg Ferrochel\u00ae-Eisen mit Vitamin C, Folat & B-12 \u2013 100 vegane Kapseln f\u00fcr eine gezielte Eisenversorgung. Jetzt bestellen.","robots":{"index":"index","follow":"follow","max-snippet":"max-snippet:-1","max-image-preview":"max-image-preview:large","max-video-preview":"max-video-preview:-1"},"canonical":"https:\/\/ecosupplements.ch\/?product=iron-complex-caps-100-vcaps","og_locale":"de_DE","og_type":"article","og_title":"Iron Complex Kapseln \u2013 NOW Foods | ecosupplements.ch","og_description":"Iron Complex von NOW Foods: 27 mg Ferrochel\u00ae-Eisen mit Vitamin C, Folat & B-12 \u2013 100 vegane Kapseln f\u00fcr eine gezielte Eisenversorgung. Jetzt bestellen.","og_url":"https:\/\/ecosupplements.ch\/?product=iron-complex-caps-100-vcaps","og_site_name":"Eco Supplements","article_modified_time":"2026-05-13T07:23:10+00:00","og_image":[{"width":1000,"height":1000,"url":"https:\/\/ecosupplements.ch\/wp-content\/uploads\/2026\/05\/Iron-Complex-Caps-100-vcaps.webp","type":"image\/jpeg"}],"twitter_card":"summary_large_image","twitter_misc":{"Price":"&#67;&#72;&#70;&nbsp;14.29","Availability":"Out of stock"},"schema":{"@context":"https:\/\/schema.org","@graph":[{"@type":"WebPage","@id":"https:\/\/ecosupplements.ch\/?product=iron-complex-caps-100-vcaps","url":"https:\/\/ecosupplements.ch\/?product=iron-complex-caps-100-vcaps","name":"Iron Complex Kapseln \u2013 NOW Foods | ecosupplements.ch","isPartOf":{"@id":"https:\/\/ecosupplements.ch\/#website"},"primaryImageOfPage":{"@id":"https:\/\/ecosupplements.ch\/?product=iron-complex-caps-100-vcaps#primaryimage"},"image":{"@id":"https:\/\/ecosupplements.ch\/?product=iron-complex-caps-100-vcaps#primaryimage"},"thumbnailUrl":"https:\/\/ecosupplements.ch\/wp-content\/uploads\/2026\/05\/Iron-Complex-Caps-100-vcaps.webp","datePublished":"2026-05-11T15:01:42+00:00","dateModified":"2026-05-13T07:23:10+00:00","description":"Iron Complex von NOW Foods: 27 mg Ferrochel\u00ae-Eisen mit Vitamin C, Folat & B-12 \u2013 100 vegane Kapseln f\u00fcr eine gezielte Eisenversorgung. Jetzt bestellen.","breadcrumb":{"@id":"https:\/\/ecosupplements.ch\/?product=iron-complex-caps-100-vcaps#breadcrumb"},"inLanguage":"de-CH","potentialAction":[{"@type":"ReadAction","target":["https:\/\/ecosupplements.ch\/?product=iron-complex-caps-100-vcaps"]}]},{"@type":"ImageObject","inLanguage":"de-CH","@id":"https:\/\/ecosupplements.ch\/?product=iron-complex-caps-100-vcaps#primaryimage","url":"https:\/\/ecosupplements.ch\/wp-content\/uploads\/2026\/05\/Iron-Complex-Caps-100-vcaps.webp","contentUrl":"https:\/\/ecosupplements.ch\/wp-content\/uploads\/2026\/05\/Iron-Complex-Caps-100-vcaps.webp","width":1000,"height":1000,"caption":"Iron Complex Caps - 100 vcaps"},{"@type":"BreadcrumbList","@id":"https:\/\/ecosupplements.ch\/?product=iron-complex-caps-100-vcaps#breadcrumb","itemListElement":[{"@type":"ListItem","position":1,"name":"Home","item":"https:\/\/ecosupplements.ch\/"},{"@type":"ListItem","position":2,"name":"Shop","item":"https:\/\/ecosupplements.ch\/?page_id=14"},{"@type":"ListItem","position":3,"name":"Iron Complex Caps &#8211; 100 vcaps"}]},{"@type":"WebSite","@id":"https:\/\/ecosupplements.ch\/#website","url":"https:\/\/ecosupplements.ch\/","name":"Eco Supplements","description":"","potentialAction":[{"@type":"SearchAction","target":{"@type":"EntryPoint","urlTemplate":"https:\/\/ecosupplements.ch\/?s={search_term_string}"},"query-input":{"@type":"PropertyValueSpecification","valueRequired":true,"valueName":"search_term_string"}}],"inLanguage":"de-CH"}]},"product_price_amount":"14.29","product_price_currency":"CHF","og_availability":"out of stock","product_availability":"out of stock","product_retailer_item_id":"733739014412","product_condition":"new"},"_links":{"self":[{"href":"https:\/\/ecosupplements.ch\/index.php?rest_route=\/wp\/v2\/product\/4829","targetHints":{"allow":["GET"]}}],"collection":[{"href":"https:\/\/ecosupplements.ch\/index.php?rest_route=\/wp\/v2\/product"}],"about":[{"href":"https:\/\/ecosupplements.ch\/index.php?rest_route=\/wp\/v2\/types\/product"}],"replies":[{"embeddable":true,"href":"https:\/\/ecosupplements.ch\/index.php?rest_route=%2Fwp%2Fv2%2Fcomments&post=4829"}],"wp:featuredmedia":[{"embeddable":true,"href":"https:\/\/ecosupplements.ch\/index.php?rest_route=\/wp\/v2\/media\/4830"}],"wp:attachment":[{"href":"https:\/\/ecosupplements.ch\/index.php?rest_route=%2Fwp%2Fv2%2Fmedia&parent=4829"}],"wp:term":[{"taxonomy":"product_brand","embeddable":true,"href":"https:\/\/ecosupplements.ch\/index.php?rest_route=%2Fwp%2Fv2%2Fproduct_brand&post=4829"},{"taxonomy":"product_cat","embeddable":true,"href":"https:\/\/ecosupplements.ch\/index.php?rest_route=%2Fwp%2Fv2%2Fproduct_cat&post=4829"},{"taxonomy":"product_tag","embeddable":true,"href":"https:\/\/ecosupplements.ch\/index.php?rest_route=%2Fwp%2Fv2%2Fproduct_tag&post=4829"}],"curies":[{"name":"wp","href":"https:\/\/api.w.org\/{rel}","templated":true}]}}