{"id":4877,"date":"2026-05-11T15:02:05","date_gmt":"2026-05-11T15:02:05","guid":{"rendered":"https:\/\/ecosupplements.ch\/?product=l-proline-500mg-120-vcaps"},"modified":"2026-05-13T07:23:12","modified_gmt":"2026-05-13T07:23:12","slug":"l-proline-500mg-120-vcaps","status":"publish","type":"product","link":"https:\/\/ecosupplements.ch\/?product=l-proline-500mg-120-vcaps","title":{"rendered":"L-Proline, 500mg &#8211; 120 vcaps"},"content":{"rendered":"<div class=\"chcg-product-description\">\n<h2 class=\"chcg-heading\">\u00dcber NOW Foods \u2013 L-Proline, 500mg \u2013 120 Kapseln<\/h2>\n<div class=\"chcg-intro\">\n<p>L-Prolin ist eine nicht-essentielle Aminos\u00e4ure, die vom K\u00f6rper selbst synthetisiert werden kann und eine wichtige Rolle im Bindegewebsstoffwechsel spielt. Als struktureller Bestandteil von Kollagen tr\u00e4gt L-Prolin zur normalen Funktion von Haut, Knorpel, Sehnen und B\u00e4ndern bei. NOW Foods bietet L-Prolin in der freien Form (Free-Form) an, was eine direkte Verf\u00fcgbarkeit ohne zus\u00e4tzliche Verdauungsschritte erm\u00f6glicht.<\/p>\n<p>Die veganen Kapseln von NOW Foods enthalten 500 mg L-Prolin pro Kapsel \u2013 bei der empfohlenen Tagesdosis von 2 Kapseln stehen somit 1&#8217;000 mg reines L-Prolin zur Verf\u00fcgung. Das Produkt ist frei von unn\u00f6tigen Zusatzstoffen und wurde sorgf\u00e4ltig nach GMP-Standards (Good Manufacturing Practice) hergestellt.<\/p>\n<p>NOW Foods ist eine seit 1968 etablierte amerikanische Marke, die f\u00fcr ihre hohen Qualit\u00e4tsstandards und transparente Kennzeichnung bekannt ist. Das Sortiment richtet sich an Menschen, die gezielt einzelne Aminos\u00e4uren in ihrer t\u00e4glichen Ern\u00e4hrung erg\u00e4nzen m\u00f6chten.<\/p>\n<\/p><\/div>\n<div class=\"chcg-nutrition\">\n<h3>N\u00e4hrwertangaben<\/h3>\n<table class=\"chcg-nutrition-table\">\n<thead>\n<tr>\n<th>N\u00e4hrstoff<\/th>\n<th>Pro Portion (2 Kapseln)<\/th>\n<\/tr>\n<\/thead>\n<tbody>\n<tr>\n<td>L-Prolin (Free-Form)<\/td>\n<td>1 g (1&#8217;000 mg)*<\/td>\n<\/tr>\n<\/tbody>\n<\/table>\n<p class=\"chcg-footnote\">* Kein etablierter Tagesreferenzwert vorhanden.<\/p>\n<p class=\"chcg-footnote\">Portionsgr\u00f6sse: 2 Pflanzenkapseln | Portionen pro Packung: 60<\/p>\n<\/p><\/div>\n<div class=\"chcg-ingredients\">\n<h3>Zutaten<\/h3>\n<p>L-Prolin (Free-Form) 1 g (1&#8217;000 mg). Weitere Zutaten: Cellulose (Kapsel), Stearins\u00e4ure (pflanzliche Quelle) und Siliziumdioxid.<\/p>\n<p class=\"chcg-capsule-shell\">Kapselh\u00fclle: Cellulose<\/p>\n<\/p><\/div>\n<div class=\"chcg-dosage\">\n<h3>Verzehrempfehlung<\/h3>\n<p>T\u00e4glich 2 Kapseln 1- bis 2-mal einnehmen, vorzugsweise auf n\u00fcchternen Magen.<\/p>\n<\/p><\/div>\n<div class=\"chcg-warnings\">\n<h3>Warnhinweise<\/h3>\n<p>Nur f\u00fcr Erwachsene. Bei Schwangerschaft oder Stillzeit, bei Einnahme von Medikamenten oder bei bestehenden gesundheitlichen Beschwerden ist vor der Einnahme ein Arzt zu konsultieren. Ausserhalb der Reichweite von Kindern aufbewahren.<\/p>\n<\/p><\/div>\n<div class=\"chcg-allergens\">\n<h3>Allergeninformationen<\/h3>\n<p>Nicht hergestellt mit Weizen, Gluten, Soja, Milch, Ei, Fisch, Schalentieren oder Baumnussbestandteilen. Produziert in einem GMP-zertifizierten Betrieb, der auch andere Zutaten verarbeitet, die diese Allergene enthalten.<\/p>\n<\/p><\/div>\n<div class=\"chcg-storage\">\n<h3>Lagerung<\/h3>\n<p>Nach dem \u00d6ffnen an einem k\u00fchlen, trockenen Ort aufbewahren.<\/p>\n<\/p><\/div>\n<div class=\"chcg-dietary\">\n<h3>Ern\u00e4hrungshinweise<\/h3>\n<ul>\n<li>Vegan<\/li>\n<li>Vegetarisch<\/li>\n<li>Glutenfrei<\/li>\n<li>Laktosefrei<\/li>\n<\/ul><\/div>\n<\/div>\n","protected":false},"excerpt":{"rendered":"<p>L-Prolin in freier Form zur gezielten Erg\u00e4nzung des Aminos\u00e4urehaushalts \u2013 1&#8217;000 mg pro Tagesdosis. Erh\u00e4ltlich als vegane Kapseln, 120 St\u00fcck pro Packung (60 Portionen). Von NOW Foods nach GMP-Standards hergestellt.<\/p>\n","protected":false},"featured_media":4878,"comment_status":"closed","ping_status":"open","template":"","meta":[],"product_brand":[454],"product_cat":[514,90,48,22,171,21],"product_tag":[],"class_list":{"0":"post-4877","1":"product","2":"type-product","3":"status-publish","4":"has-post-thumbnail","6":"product_brand-nownow-foods","7":"product_cat-aminosaeuren-und-bcaas","8":"product_cat-fitness-training","9":"product_cat-gesunde-ernaehrung","10":"product_cat-vegane-produkte","11":"product_cat-vitamine-und-mineralien","12":"product_cat-vitamine-und-mineralstoffe","14":"first","15":"outofstock","16":"taxable","17":"shipping-taxable","18":"purchasable","19":"product-type-simple"},"yoast_head":"<!-- This site is optimized with the Yoast SEO plugin v27.5 - https:\/\/yoast.com\/product\/yoast-seo-wordpress\/ -->\n<title>L-Proline 500mg \u2013 120 Kapseln \u2013 NOW Foods | ecosupplements.ch<\/title>\n<meta name=\"description\" content=\"L-Prolin Free-Form von NOW Foods \u2013 1&#039;000 mg pro Tagesdosis in veganen Kapseln, glutenfrei, 120 St\u00fcck. Jetzt bestellen.\" \/>\n<meta name=\"robots\" content=\"index, follow, max-snippet:-1, max-image-preview:large, max-video-preview:-1\" \/>\n<link rel=\"canonical\" href=\"https:\/\/ecosupplements.ch\/?product=l-proline-500mg-120-vcaps\" \/>\n<meta property=\"og:locale\" content=\"de_DE\" \/>\n<meta property=\"og:type\" content=\"article\" \/>\n<meta property=\"og:title\" content=\"L-Proline 500mg \u2013 120 Kapseln \u2013 NOW Foods | ecosupplements.ch\" \/>\n<meta property=\"og:description\" content=\"L-Prolin Free-Form von NOW Foods \u2013 1&#039;000 mg pro Tagesdosis in veganen Kapseln, glutenfrei, 120 St\u00fcck. Jetzt bestellen.\" \/>\n<meta property=\"og:url\" content=\"https:\/\/ecosupplements.ch\/?product=l-proline-500mg-120-vcaps\" \/>\n<meta property=\"og:site_name\" content=\"Eco Supplements\" \/>\n<meta property=\"article:modified_time\" content=\"2026-05-13T07:23:12+00:00\" \/>\n<meta property=\"og:image\" content=\"https:\/\/ecosupplements.ch\/wp-content\/uploads\/2026\/05\/L-Proline-500mg-120-vcaps.webp\" \/>\n\t<meta property=\"og:image:width\" content=\"1000\" \/>\n\t<meta property=\"og:image:height\" content=\"1000\" \/>\n\t<meta property=\"og:image:type\" content=\"image\/jpeg\" \/>\n<meta name=\"twitter:card\" content=\"summary_large_image\" \/>\n<meta name=\"twitter:label1\" content=\"Price\" \/>\n\t<meta name=\"twitter:data1\" content=\"&#067;&#072;&#070;&nbsp;14.29\" \/>\n\t<meta name=\"twitter:label2\" content=\"Availability\" \/>\n\t<meta name=\"twitter:data2\" content=\"Out of stock\" \/>\n<script type=\"application\/ld+json\" class=\"yoast-schema-graph\">{\"@context\":\"https:\\\/\\\/schema.org\",\"@graph\":[{\"@type\":\"WebPage\",\"@id\":\"https:\\\/\\\/ecosupplements.ch\\\/?product=l-proline-500mg-120-vcaps\",\"url\":\"https:\\\/\\\/ecosupplements.ch\\\/?product=l-proline-500mg-120-vcaps\",\"name\":\"L-Proline 500mg \u2013 120 Kapseln \u2013 NOW Foods | ecosupplements.ch\",\"isPartOf\":{\"@id\":\"https:\\\/\\\/ecosupplements.ch\\\/#website\"},\"primaryImageOfPage\":{\"@id\":\"https:\\\/\\\/ecosupplements.ch\\\/?product=l-proline-500mg-120-vcaps#primaryimage\"},\"image\":{\"@id\":\"https:\\\/\\\/ecosupplements.ch\\\/?product=l-proline-500mg-120-vcaps#primaryimage\"},\"thumbnailUrl\":\"https:\\\/\\\/ecosupplements.ch\\\/wp-content\\\/uploads\\\/2026\\\/05\\\/L-Proline-500mg-120-vcaps.webp\",\"datePublished\":\"2026-05-11T15:02:05+00:00\",\"dateModified\":\"2026-05-13T07:23:12+00:00\",\"description\":\"L-Prolin Free-Form von NOW Foods \u2013 1'000 mg pro Tagesdosis in veganen Kapseln, glutenfrei, 120 St\u00fcck. Jetzt bestellen.\",\"breadcrumb\":{\"@id\":\"https:\\\/\\\/ecosupplements.ch\\\/?product=l-proline-500mg-120-vcaps#breadcrumb\"},\"inLanguage\":\"de-CH\",\"potentialAction\":[{\"@type\":\"ReadAction\",\"target\":[\"https:\\\/\\\/ecosupplements.ch\\\/?product=l-proline-500mg-120-vcaps\"]}]},{\"@type\":\"ImageObject\",\"inLanguage\":\"de-CH\",\"@id\":\"https:\\\/\\\/ecosupplements.ch\\\/?product=l-proline-500mg-120-vcaps#primaryimage\",\"url\":\"https:\\\/\\\/ecosupplements.ch\\\/wp-content\\\/uploads\\\/2026\\\/05\\\/L-Proline-500mg-120-vcaps.webp\",\"contentUrl\":\"https:\\\/\\\/ecosupplements.ch\\\/wp-content\\\/uploads\\\/2026\\\/05\\\/L-Proline-500mg-120-vcaps.webp\",\"width\":1000,\"height\":1000,\"caption\":\"L-Proline\"},{\"@type\":\"BreadcrumbList\",\"@id\":\"https:\\\/\\\/ecosupplements.ch\\\/?product=l-proline-500mg-120-vcaps#breadcrumb\",\"itemListElement\":[{\"@type\":\"ListItem\",\"position\":1,\"name\":\"Home\",\"item\":\"https:\\\/\\\/ecosupplements.ch\\\/\"},{\"@type\":\"ListItem\",\"position\":2,\"name\":\"Shop\",\"item\":\"https:\\\/\\\/ecosupplements.ch\\\/?page_id=14\"},{\"@type\":\"ListItem\",\"position\":3,\"name\":\"L-Proline, 500mg &#8211; 120 vcaps\"}]},{\"@type\":\"WebSite\",\"@id\":\"https:\\\/\\\/ecosupplements.ch\\\/#website\",\"url\":\"https:\\\/\\\/ecosupplements.ch\\\/\",\"name\":\"Eco Supplements\",\"description\":\"\",\"potentialAction\":[{\"@type\":\"SearchAction\",\"target\":{\"@type\":\"EntryPoint\",\"urlTemplate\":\"https:\\\/\\\/ecosupplements.ch\\\/?s={search_term_string}\"},\"query-input\":{\"@type\":\"PropertyValueSpecification\",\"valueRequired\":true,\"valueName\":\"search_term_string\"}}],\"inLanguage\":\"de-CH\"}]}<\/script>\n<meta property=\"product:price:amount\" content=\"14.29\" \/>\n<meta property=\"product:price:currency\" content=\"CHF\" \/>\n<meta property=\"og:availability\" content=\"out of stock\" \/>\n<meta property=\"product:availability\" content=\"out of stock\" \/>\n<meta property=\"product:retailer_item_id\" content=\"733739001337\" \/>\n<meta property=\"product:condition\" content=\"new\" \/>\n<!-- \/ Yoast SEO plugin. -->","yoast_head_json":{"title":"L-Proline 500mg \u2013 120 Kapseln \u2013 NOW Foods | ecosupplements.ch","description":"L-Prolin Free-Form von NOW Foods \u2013 1'000 mg pro Tagesdosis in veganen Kapseln, glutenfrei, 120 St\u00fcck. Jetzt bestellen.","robots":{"index":"index","follow":"follow","max-snippet":"max-snippet:-1","max-image-preview":"max-image-preview:large","max-video-preview":"max-video-preview:-1"},"canonical":"https:\/\/ecosupplements.ch\/?product=l-proline-500mg-120-vcaps","og_locale":"de_DE","og_type":"article","og_title":"L-Proline 500mg \u2013 120 Kapseln \u2013 NOW Foods | ecosupplements.ch","og_description":"L-Prolin Free-Form von NOW Foods \u2013 1'000 mg pro Tagesdosis in veganen Kapseln, glutenfrei, 120 St\u00fcck. Jetzt bestellen.","og_url":"https:\/\/ecosupplements.ch\/?product=l-proline-500mg-120-vcaps","og_site_name":"Eco Supplements","article_modified_time":"2026-05-13T07:23:12+00:00","og_image":[{"width":1000,"height":1000,"url":"https:\/\/ecosupplements.ch\/wp-content\/uploads\/2026\/05\/L-Proline-500mg-120-vcaps.webp","type":"image\/jpeg"}],"twitter_card":"summary_large_image","twitter_misc":{"Price":"&#67;&#72;&#70;&nbsp;14.29","Availability":"Out of stock"},"schema":{"@context":"https:\/\/schema.org","@graph":[{"@type":"WebPage","@id":"https:\/\/ecosupplements.ch\/?product=l-proline-500mg-120-vcaps","url":"https:\/\/ecosupplements.ch\/?product=l-proline-500mg-120-vcaps","name":"L-Proline 500mg \u2013 120 Kapseln \u2013 NOW Foods | ecosupplements.ch","isPartOf":{"@id":"https:\/\/ecosupplements.ch\/#website"},"primaryImageOfPage":{"@id":"https:\/\/ecosupplements.ch\/?product=l-proline-500mg-120-vcaps#primaryimage"},"image":{"@id":"https:\/\/ecosupplements.ch\/?product=l-proline-500mg-120-vcaps#primaryimage"},"thumbnailUrl":"https:\/\/ecosupplements.ch\/wp-content\/uploads\/2026\/05\/L-Proline-500mg-120-vcaps.webp","datePublished":"2026-05-11T15:02:05+00:00","dateModified":"2026-05-13T07:23:12+00:00","description":"L-Prolin Free-Form von NOW Foods \u2013 1'000 mg pro Tagesdosis in veganen Kapseln, glutenfrei, 120 St\u00fcck. Jetzt bestellen.","breadcrumb":{"@id":"https:\/\/ecosupplements.ch\/?product=l-proline-500mg-120-vcaps#breadcrumb"},"inLanguage":"de-CH","potentialAction":[{"@type":"ReadAction","target":["https:\/\/ecosupplements.ch\/?product=l-proline-500mg-120-vcaps"]}]},{"@type":"ImageObject","inLanguage":"de-CH","@id":"https:\/\/ecosupplements.ch\/?product=l-proline-500mg-120-vcaps#primaryimage","url":"https:\/\/ecosupplements.ch\/wp-content\/uploads\/2026\/05\/L-Proline-500mg-120-vcaps.webp","contentUrl":"https:\/\/ecosupplements.ch\/wp-content\/uploads\/2026\/05\/L-Proline-500mg-120-vcaps.webp","width":1000,"height":1000,"caption":"L-Proline"},{"@type":"BreadcrumbList","@id":"https:\/\/ecosupplements.ch\/?product=l-proline-500mg-120-vcaps#breadcrumb","itemListElement":[{"@type":"ListItem","position":1,"name":"Home","item":"https:\/\/ecosupplements.ch\/"},{"@type":"ListItem","position":2,"name":"Shop","item":"https:\/\/ecosupplements.ch\/?page_id=14"},{"@type":"ListItem","position":3,"name":"L-Proline, 500mg &#8211; 120 vcaps"}]},{"@type":"WebSite","@id":"https:\/\/ecosupplements.ch\/#website","url":"https:\/\/ecosupplements.ch\/","name":"Eco Supplements","description":"","potentialAction":[{"@type":"SearchAction","target":{"@type":"EntryPoint","urlTemplate":"https:\/\/ecosupplements.ch\/?s={search_term_string}"},"query-input":{"@type":"PropertyValueSpecification","valueRequired":true,"valueName":"search_term_string"}}],"inLanguage":"de-CH"}]},"product_price_amount":"14.29","product_price_currency":"CHF","og_availability":"out of stock","product_availability":"out of stock","product_retailer_item_id":"733739001337","product_condition":"new"},"_links":{"self":[{"href":"https:\/\/ecosupplements.ch\/index.php?rest_route=\/wp\/v2\/product\/4877","targetHints":{"allow":["GET"]}}],"collection":[{"href":"https:\/\/ecosupplements.ch\/index.php?rest_route=\/wp\/v2\/product"}],"about":[{"href":"https:\/\/ecosupplements.ch\/index.php?rest_route=\/wp\/v2\/types\/product"}],"replies":[{"embeddable":true,"href":"https:\/\/ecosupplements.ch\/index.php?rest_route=%2Fwp%2Fv2%2Fcomments&post=4877"}],"wp:featuredmedia":[{"embeddable":true,"href":"https:\/\/ecosupplements.ch\/index.php?rest_route=\/wp\/v2\/media\/4878"}],"wp:attachment":[{"href":"https:\/\/ecosupplements.ch\/index.php?rest_route=%2Fwp%2Fv2%2Fmedia&parent=4877"}],"wp:term":[{"taxonomy":"product_brand","embeddable":true,"href":"https:\/\/ecosupplements.ch\/index.php?rest_route=%2Fwp%2Fv2%2Fproduct_brand&post=4877"},{"taxonomy":"product_cat","embeddable":true,"href":"https:\/\/ecosupplements.ch\/index.php?rest_route=%2Fwp%2Fv2%2Fproduct_cat&post=4877"},{"taxonomy":"product_tag","embeddable":true,"href":"https:\/\/ecosupplements.ch\/index.php?rest_route=%2Fwp%2Fv2%2Fproduct_tag&post=4877"}],"curies":[{"name":"wp","href":"https:\/\/api.w.org\/{rel}","templated":true}]}}