{"id":4880,"date":"2026-05-11T15:02:06","date_gmt":"2026-05-11T15:02:06","guid":{"rendered":"https:\/\/ecosupplements.ch\/?product=l-theanine-with-decaf-green-tea-100mg-90-vcaps"},"modified":"2026-05-13T07:23:12","modified_gmt":"2026-05-13T07:23:12","slug":"l-theanine-with-decaf-green-tea-100mg-90-vcaps","status":"publish","type":"product","link":"https:\/\/ecosupplements.ch\/?product=l-theanine-with-decaf-green-tea-100mg-90-vcaps","title":{"rendered":"L-Theanine with Decaf Green Tea, 100mg &#8211; 90 vcaps"},"content":{"rendered":"<div class=\"chcg-product-description\">\n<h2 class=\"chcg-heading\">\u00dcber NOW Foods \u2013 L-Theanine mit Decaf Green Tea, 100mg \u2013 90 vcaps<\/h2>\n<div class=\"chcg-intro\">\n<p>L-Theanine ist eine nat\u00fcrlich vorkommende Aminos\u00e4ure, die haupts\u00e4chlich in Gr\u00fcntee-Bl\u00e4ttern (Camellia sinensis) vorkommt und f\u00fcr ihre entspannenden Eigenschaften bekannt ist. NOW Foods kombiniert 100 mg reines L-Theanine mit 250 mg entkoffeiniertem Gr\u00fcntee-Extrakt in einer praktischen Pflanzenkapsel \u2013 ideal f\u00fcr alle, die eine hochwertige und vegane Nahrungserg\u00e4nzung suchen.<\/p>\n<p>Die Kombination aus L-Theanine und entkoffeiniertem Gr\u00fcntee bietet eine sorgf\u00e4ltig abgestimmte Formel, die gezielt eingesetzt werden kann. Dank der Verwendung von entkoffeiniertem Gr\u00fcntee eignet sich dieses Produkt auch f\u00fcr Personen, die auf Koffein verzichten m\u00f6chten, ohne auf die nat\u00fcrlichen Begleitsubstanzen des Gr\u00fcntees zu verzichten.<\/p>\n<p>NOW Foods steht seit Jahrzehnten f\u00fcr wissenschaftlich fundierte Qualit\u00e4t und transparente Herstellung. Dieses Produkt wird in einer GMP-zertifizierten Produktionsst\u00e4tte hergestellt und ist vegan, vegetarisch sowie glutenfrei \u2013 passend f\u00fcr eine breite Palette an Ern\u00e4hrungsweisen und Lebensstilen.<\/p>\n<\/p><\/div>\n<div class=\"chcg-nutrition\">\n<h3>N\u00e4hrwertangaben<\/h3>\n<table class=\"chcg-nutrition-table\">\n<thead>\n<tr>\n<th>N\u00e4hrstoff<\/th>\n<th>Pro Portion (1 Kapsel)<\/th>\n<\/tr>\n<\/thead>\n<tbody>\n<tr>\n<td>L-Theanine<\/td>\n<td>100 mg*<\/td>\n<\/tr>\n<tr>\n<td>Entkoffeinierter Gr\u00fcntee (Camellia sinensis) (Blatt)<\/td>\n<td>250 mg*<\/td>\n<\/tr>\n<\/tbody>\n<\/table>\n<p class=\"chcg-footnote\">* Kein festgelegter Tagesreferenzwert.<\/p>\n<\/p><\/div>\n<div class=\"chcg-ingredients\">\n<h3>Zutaten<\/h3>\n<p>L-Theanine, entkoffeinierter Gr\u00fcntee (Camellia sinensis) (Blatt), Cellulose (Kapsel), Reismehl, Magnesiumstearat (pflanzliche Quelle) und Siliziumdioxid.<\/p>\n<p class=\"chcg-capsule-shell\">Kapselh\u00fclle: Cellulose<\/p>\n<\/p><\/div>\n<div class=\"chcg-dosage\">\n<h3>Verzehrempfehlung<\/h3>\n<p>1 Kapsel 1- bis 2-mal t\u00e4glich nach Bedarf zu den Mahlzeiten einnehmen. Dieses Produkt nicht auf n\u00fcchternen Magen einnehmen; die empfohlene Tagesdosis nicht \u00fcberschreiten.<\/p>\n<\/p><\/div>\n<div class=\"chcg-warnings\">\n<h3>Warnhinweise<\/h3>\n<p>Mit einer Mahlzeit einnehmen. Nur f\u00fcr Erwachsene. Bei Schwangerschaft oder Stillzeit, bei Einnahme von Medikamenten oder bei bestehenden gesundheitlichen Beschwerden (einschliesslich Lebererkrankungen) vor der Einnahme einen Arzt konsultieren. Ausserhalb der Reichweite von Kindern aufbewahren.<\/p>\n<\/p><\/div>\n<div class=\"chcg-allergens\">\n<h3>Allergeninformationen<\/h3>\n<p>Nicht mit Weizen, Gluten, Soja, Milch, Ei, Fisch, Schalentieren oder Baumn\u00fcssen hergestellt. Produziert in einer GMP-Anlage, die andere Zutaten mit diesen Allergenen verarbeitet.<\/p>\n<\/p><\/div>\n<div class=\"chcg-storage\">\n<h3>Lagerung<\/h3>\n<p>Nach dem \u00d6ffnen an einem k\u00fchlen, trockenen Ort lagern. Bitte recyceln.<\/p>\n<\/p><\/div>\n<div class=\"chcg-dietary\">\n<h3>Ern\u00e4hrungshinweise<\/h3>\n<ul>\n<li>Vegan<\/li>\n<li>Vegetarisch<\/li>\n<li>Glutenfrei<\/li>\n<li>Laktosefrei<\/li>\n<\/ul><\/div>\n<\/div>\n","protected":false},"excerpt":{"rendered":"<p>L-Theanine mit entkoffeiniertem Gr\u00fcntee in praktischer Pflanzenkapsel \u2013 100 mg L-Theanine und 250 mg Gr\u00fcntee-Extrakt pro Kapsel. 90 vegane Kapseln von NOW Foods. Vegan, glutenfrei und ohne Koffein.<\/p>\n","protected":false},"featured_media":4881,"comment_status":"closed","ping_status":"open","template":"","meta":[],"product_brand":[454],"product_cat":[514,90,48,25,521,42,22,21],"product_tag":[],"class_list":{"0":"post-4880","1":"product","2":"type-product","3":"status-publish","4":"has-post-thumbnail","6":"product_brand-nownow-foods","7":"product_cat-aminosaeuren-und-bcaas","8":"product_cat-fitness-training","9":"product_cat-gesunde-ernaehrung","10":"product_cat-gesundheit-und-wohlbefinden","11":"product_cat-l-tyrosin-aminosaeuren-und-bcaas","12":"product_cat-mentale-konzentration-und-gedaechtnis","13":"product_cat-vegane-produkte","14":"product_cat-vitamine-und-mineralstoffe","16":"first","17":"outofstock","18":"taxable","19":"shipping-taxable","20":"purchasable","21":"product-type-simple"},"yoast_head":"<!-- This site is optimized with the Yoast SEO plugin v27.5 - https:\/\/yoast.com\/product\/yoast-seo-wordpress\/ -->\n<title>L-Theanine mit Decaf Green Tea 100mg \u2013 NOW Foods | ecosupplements.ch<\/title>\n<meta name=\"description\" content=\"NOW Foods L-Theanine mit entkoffeiniertem Gr\u00fcntee, 100mg \u2013 90 vegane Kapseln, glutenfrei und ohne Koffein. Jetzt bestellen.\" \/>\n<meta name=\"robots\" content=\"index, follow, max-snippet:-1, max-image-preview:large, max-video-preview:-1\" \/>\n<link rel=\"canonical\" href=\"https:\/\/ecosupplements.ch\/?product=l-theanine-with-decaf-green-tea-100mg-90-vcaps\" \/>\n<meta property=\"og:locale\" content=\"de_DE\" \/>\n<meta property=\"og:type\" content=\"article\" \/>\n<meta property=\"og:title\" content=\"L-Theanine mit Decaf Green Tea 100mg \u2013 NOW Foods | ecosupplements.ch\" \/>\n<meta property=\"og:description\" content=\"NOW Foods L-Theanine mit entkoffeiniertem Gr\u00fcntee, 100mg \u2013 90 vegane Kapseln, glutenfrei und ohne Koffein. Jetzt bestellen.\" \/>\n<meta property=\"og:url\" content=\"https:\/\/ecosupplements.ch\/?product=l-theanine-with-decaf-green-tea-100mg-90-vcaps\" \/>\n<meta property=\"og:site_name\" content=\"Eco Supplements\" \/>\n<meta property=\"article:modified_time\" content=\"2026-05-13T07:23:12+00:00\" \/>\n<meta property=\"og:image\" content=\"https:\/\/ecosupplements.ch\/wp-content\/uploads\/2026\/05\/L-Theanine-with-Decaf-Green-Tea-100mg-90-vcaps.webp\" \/>\n\t<meta property=\"og:image:width\" content=\"1000\" \/>\n\t<meta property=\"og:image:height\" content=\"1000\" \/>\n\t<meta property=\"og:image:type\" content=\"image\/jpeg\" \/>\n<meta name=\"twitter:card\" content=\"summary_large_image\" \/>\n<meta name=\"twitter:label1\" content=\"Price\" \/>\n\t<meta name=\"twitter:data1\" content=\"&#067;&#072;&#070;&nbsp;16.62\" \/>\n\t<meta name=\"twitter:label2\" content=\"Availability\" \/>\n\t<meta name=\"twitter:data2\" content=\"Out of stock\" \/>\n<script type=\"application\/ld+json\" class=\"yoast-schema-graph\">{\"@context\":\"https:\\\/\\\/schema.org\",\"@graph\":[{\"@type\":\"WebPage\",\"@id\":\"https:\\\/\\\/ecosupplements.ch\\\/?product=l-theanine-with-decaf-green-tea-100mg-90-vcaps\",\"url\":\"https:\\\/\\\/ecosupplements.ch\\\/?product=l-theanine-with-decaf-green-tea-100mg-90-vcaps\",\"name\":\"L-Theanine mit Decaf Green Tea 100mg \u2013 NOW Foods | ecosupplements.ch\",\"isPartOf\":{\"@id\":\"https:\\\/\\\/ecosupplements.ch\\\/#website\"},\"primaryImageOfPage\":{\"@id\":\"https:\\\/\\\/ecosupplements.ch\\\/?product=l-theanine-with-decaf-green-tea-100mg-90-vcaps#primaryimage\"},\"image\":{\"@id\":\"https:\\\/\\\/ecosupplements.ch\\\/?product=l-theanine-with-decaf-green-tea-100mg-90-vcaps#primaryimage\"},\"thumbnailUrl\":\"https:\\\/\\\/ecosupplements.ch\\\/wp-content\\\/uploads\\\/2026\\\/05\\\/L-Theanine-with-Decaf-Green-Tea-100mg-90-vcaps.webp\",\"datePublished\":\"2026-05-11T15:02:06+00:00\",\"dateModified\":\"2026-05-13T07:23:12+00:00\",\"description\":\"NOW Foods L-Theanine mit entkoffeiniertem Gr\u00fcntee, 100mg \u2013 90 vegane Kapseln, glutenfrei und ohne Koffein. Jetzt bestellen.\",\"breadcrumb\":{\"@id\":\"https:\\\/\\\/ecosupplements.ch\\\/?product=l-theanine-with-decaf-green-tea-100mg-90-vcaps#breadcrumb\"},\"inLanguage\":\"de-CH\",\"potentialAction\":[{\"@type\":\"ReadAction\",\"target\":[\"https:\\\/\\\/ecosupplements.ch\\\/?product=l-theanine-with-decaf-green-tea-100mg-90-vcaps\"]}]},{\"@type\":\"ImageObject\",\"inLanguage\":\"de-CH\",\"@id\":\"https:\\\/\\\/ecosupplements.ch\\\/?product=l-theanine-with-decaf-green-tea-100mg-90-vcaps#primaryimage\",\"url\":\"https:\\\/\\\/ecosupplements.ch\\\/wp-content\\\/uploads\\\/2026\\\/05\\\/L-Theanine-with-Decaf-Green-Tea-100mg-90-vcaps.webp\",\"contentUrl\":\"https:\\\/\\\/ecosupplements.ch\\\/wp-content\\\/uploads\\\/2026\\\/05\\\/L-Theanine-with-Decaf-Green-Tea-100mg-90-vcaps.webp\",\"width\":1000,\"height\":1000,\"caption\":\"L-Theanine with Decaf Green Tea\"},{\"@type\":\"BreadcrumbList\",\"@id\":\"https:\\\/\\\/ecosupplements.ch\\\/?product=l-theanine-with-decaf-green-tea-100mg-90-vcaps#breadcrumb\",\"itemListElement\":[{\"@type\":\"ListItem\",\"position\":1,\"name\":\"Home\",\"item\":\"https:\\\/\\\/ecosupplements.ch\\\/\"},{\"@type\":\"ListItem\",\"position\":2,\"name\":\"Shop\",\"item\":\"https:\\\/\\\/ecosupplements.ch\\\/?page_id=14\"},{\"@type\":\"ListItem\",\"position\":3,\"name\":\"L-Theanine with Decaf Green Tea, 100mg &#8211; 90 vcaps\"}]},{\"@type\":\"WebSite\",\"@id\":\"https:\\\/\\\/ecosupplements.ch\\\/#website\",\"url\":\"https:\\\/\\\/ecosupplements.ch\\\/\",\"name\":\"Eco Supplements\",\"description\":\"\",\"potentialAction\":[{\"@type\":\"SearchAction\",\"target\":{\"@type\":\"EntryPoint\",\"urlTemplate\":\"https:\\\/\\\/ecosupplements.ch\\\/?s={search_term_string}\"},\"query-input\":{\"@type\":\"PropertyValueSpecification\",\"valueRequired\":true,\"valueName\":\"search_term_string\"}}],\"inLanguage\":\"de-CH\"}]}<\/script>\n<meta property=\"product:price:amount\" content=\"16.62\" \/>\n<meta property=\"product:price:currency\" content=\"CHF\" \/>\n<meta property=\"og:availability\" content=\"out of stock\" \/>\n<meta property=\"product:availability\" content=\"out of stock\" \/>\n<meta property=\"product:retailer_item_id\" content=\"733739001450\" \/>\n<meta property=\"product:condition\" content=\"new\" \/>\n<!-- \/ Yoast SEO plugin. -->","yoast_head_json":{"title":"L-Theanine mit Decaf Green Tea 100mg \u2013 NOW Foods | ecosupplements.ch","description":"NOW Foods L-Theanine mit entkoffeiniertem Gr\u00fcntee, 100mg \u2013 90 vegane Kapseln, glutenfrei und ohne Koffein. Jetzt bestellen.","robots":{"index":"index","follow":"follow","max-snippet":"max-snippet:-1","max-image-preview":"max-image-preview:large","max-video-preview":"max-video-preview:-1"},"canonical":"https:\/\/ecosupplements.ch\/?product=l-theanine-with-decaf-green-tea-100mg-90-vcaps","og_locale":"de_DE","og_type":"article","og_title":"L-Theanine mit Decaf Green Tea 100mg \u2013 NOW Foods | ecosupplements.ch","og_description":"NOW Foods L-Theanine mit entkoffeiniertem Gr\u00fcntee, 100mg \u2013 90 vegane Kapseln, glutenfrei und ohne Koffein. Jetzt bestellen.","og_url":"https:\/\/ecosupplements.ch\/?product=l-theanine-with-decaf-green-tea-100mg-90-vcaps","og_site_name":"Eco Supplements","article_modified_time":"2026-05-13T07:23:12+00:00","og_image":[{"width":1000,"height":1000,"url":"https:\/\/ecosupplements.ch\/wp-content\/uploads\/2026\/05\/L-Theanine-with-Decaf-Green-Tea-100mg-90-vcaps.webp","type":"image\/jpeg"}],"twitter_card":"summary_large_image","twitter_misc":{"Price":"&#67;&#72;&#70;&nbsp;16.62","Availability":"Out of stock"},"schema":{"@context":"https:\/\/schema.org","@graph":[{"@type":"WebPage","@id":"https:\/\/ecosupplements.ch\/?product=l-theanine-with-decaf-green-tea-100mg-90-vcaps","url":"https:\/\/ecosupplements.ch\/?product=l-theanine-with-decaf-green-tea-100mg-90-vcaps","name":"L-Theanine mit Decaf Green Tea 100mg \u2013 NOW Foods | ecosupplements.ch","isPartOf":{"@id":"https:\/\/ecosupplements.ch\/#website"},"primaryImageOfPage":{"@id":"https:\/\/ecosupplements.ch\/?product=l-theanine-with-decaf-green-tea-100mg-90-vcaps#primaryimage"},"image":{"@id":"https:\/\/ecosupplements.ch\/?product=l-theanine-with-decaf-green-tea-100mg-90-vcaps#primaryimage"},"thumbnailUrl":"https:\/\/ecosupplements.ch\/wp-content\/uploads\/2026\/05\/L-Theanine-with-Decaf-Green-Tea-100mg-90-vcaps.webp","datePublished":"2026-05-11T15:02:06+00:00","dateModified":"2026-05-13T07:23:12+00:00","description":"NOW Foods L-Theanine mit entkoffeiniertem Gr\u00fcntee, 100mg \u2013 90 vegane Kapseln, glutenfrei und ohne Koffein. Jetzt bestellen.","breadcrumb":{"@id":"https:\/\/ecosupplements.ch\/?product=l-theanine-with-decaf-green-tea-100mg-90-vcaps#breadcrumb"},"inLanguage":"de-CH","potentialAction":[{"@type":"ReadAction","target":["https:\/\/ecosupplements.ch\/?product=l-theanine-with-decaf-green-tea-100mg-90-vcaps"]}]},{"@type":"ImageObject","inLanguage":"de-CH","@id":"https:\/\/ecosupplements.ch\/?product=l-theanine-with-decaf-green-tea-100mg-90-vcaps#primaryimage","url":"https:\/\/ecosupplements.ch\/wp-content\/uploads\/2026\/05\/L-Theanine-with-Decaf-Green-Tea-100mg-90-vcaps.webp","contentUrl":"https:\/\/ecosupplements.ch\/wp-content\/uploads\/2026\/05\/L-Theanine-with-Decaf-Green-Tea-100mg-90-vcaps.webp","width":1000,"height":1000,"caption":"L-Theanine with Decaf Green Tea"},{"@type":"BreadcrumbList","@id":"https:\/\/ecosupplements.ch\/?product=l-theanine-with-decaf-green-tea-100mg-90-vcaps#breadcrumb","itemListElement":[{"@type":"ListItem","position":1,"name":"Home","item":"https:\/\/ecosupplements.ch\/"},{"@type":"ListItem","position":2,"name":"Shop","item":"https:\/\/ecosupplements.ch\/?page_id=14"},{"@type":"ListItem","position":3,"name":"L-Theanine with Decaf Green Tea, 100mg &#8211; 90 vcaps"}]},{"@type":"WebSite","@id":"https:\/\/ecosupplements.ch\/#website","url":"https:\/\/ecosupplements.ch\/","name":"Eco Supplements","description":"","potentialAction":[{"@type":"SearchAction","target":{"@type":"EntryPoint","urlTemplate":"https:\/\/ecosupplements.ch\/?s={search_term_string}"},"query-input":{"@type":"PropertyValueSpecification","valueRequired":true,"valueName":"search_term_string"}}],"inLanguage":"de-CH"}]},"product_price_amount":"16.62","product_price_currency":"CHF","og_availability":"out of stock","product_availability":"out of stock","product_retailer_item_id":"733739001450","product_condition":"new"},"_links":{"self":[{"href":"https:\/\/ecosupplements.ch\/index.php?rest_route=\/wp\/v2\/product\/4880","targetHints":{"allow":["GET"]}}],"collection":[{"href":"https:\/\/ecosupplements.ch\/index.php?rest_route=\/wp\/v2\/product"}],"about":[{"href":"https:\/\/ecosupplements.ch\/index.php?rest_route=\/wp\/v2\/types\/product"}],"replies":[{"embeddable":true,"href":"https:\/\/ecosupplements.ch\/index.php?rest_route=%2Fwp%2Fv2%2Fcomments&post=4880"}],"wp:featuredmedia":[{"embeddable":true,"href":"https:\/\/ecosupplements.ch\/index.php?rest_route=\/wp\/v2\/media\/4881"}],"wp:attachment":[{"href":"https:\/\/ecosupplements.ch\/index.php?rest_route=%2Fwp%2Fv2%2Fmedia&parent=4880"}],"wp:term":[{"taxonomy":"product_brand","embeddable":true,"href":"https:\/\/ecosupplements.ch\/index.php?rest_route=%2Fwp%2Fv2%2Fproduct_brand&post=4880"},{"taxonomy":"product_cat","embeddable":true,"href":"https:\/\/ecosupplements.ch\/index.php?rest_route=%2Fwp%2Fv2%2Fproduct_cat&post=4880"},{"taxonomy":"product_tag","embeddable":true,"href":"https:\/\/ecosupplements.ch\/index.php?rest_route=%2Fwp%2Fv2%2Fproduct_tag&post=4880"}],"curies":[{"name":"wp","href":"https:\/\/api.w.org\/{rel}","templated":true}]}}