{"id":4895,"date":"2026-05-11T15:02:14","date_gmt":"2026-05-11T15:02:14","guid":{"rendered":"https:\/\/ecosupplements.ch\/?product=l-tyrosine-extra-strength-750mg-90-vcaps"},"modified":"2026-05-13T07:25:26","modified_gmt":"2026-05-13T07:25:26","slug":"l-tyrosine-extra-strength-750mg-90-vcaps","status":"publish","type":"product","link":"https:\/\/ecosupplements.ch\/?product=l-tyrosine-extra-strength-750mg-90-vcaps","title":{"rendered":"L-Tyrosine, Extra Strength 750mg &#8211; 90 vcaps"},"content":{"rendered":"<div class=\"chcg-product-description\">\n<h2 class=\"chcg-heading\">\u00dcber NOW Foods \u2013 L-Tyrosine, Extra Stark 750mg \u2013 90 Vcaps<\/h2>\n<div class=\"chcg-intro\">\n<p>L-Tyrosin ist eine nicht-essentielle Aminos\u00e4ure, die vom K\u00f6rper aus der essentiellen Aminos\u00e4ure L-Phenylalanin synthetisiert wird. Sie spielt eine wichtige Rolle als Vorstufe f\u00fcr die Bildung von Neurotransmittern wie Dopamin und Noradrenalin sowie f\u00fcr die Produktion von Schilddr\u00fcsenhormonen. NOW Foods L-Tyrosine Extra Stark liefert 750 mg reines L-Tyrosin in freier Form pro Kapsel \u2013 eine hochwertige Dosierung f\u00fcr anspruchsvolle N\u00e4hrstoffbed\u00fcrfnisse.<\/p>\n<p>Die Formulierung verwendet L-Tyrosin in freier Form, was eine direkte Aufnahme ohne vorherige Hydrolyse erm\u00f6glicht. Jede vegetarische Kapsel enth\u00e4lt ausschliesslich sorgf\u00e4ltig ausgew\u00e4hlte Zusatzstoffe pflanzlicher Herkunft und ist damit f\u00fcr vegane und vegetarische Ern\u00e4hrungsweisen geeignet.<\/p>\n<p>NOW Foods steht seit Jahrzehnten f\u00fcr transparente Qualit\u00e4tsstandards und produziert dieses Produkt unter GMP-zertifizierten Bedingungen (Good Manufacturing Practice). Mit 90 Kapseln pro Packung bietet dieses Produkt einen Vorrat f\u00fcr bis zu 90 Tage bei der empfohlenen Minimaleinnahme.<\/p>\n<\/p><\/div>\n<div class=\"chcg-nutrition\">\n<h3>N\u00e4hrwertangaben<\/h3>\n<table class=\"chcg-nutrition-table\">\n<thead>\n<tr>\n<th>N\u00e4hrstoff<\/th>\n<th>Pro Portion (1 Kapsel)<\/th>\n<\/tr>\n<\/thead>\n<tbody>\n<tr>\n<td>L-Tyrosin (freie Form)<\/td>\n<td>750 mg *<\/td>\n<\/tr>\n<\/tbody>\n<\/table>\n<p class=\"chcg-footnote\">* Kein gesetzlich festgelegter Tagesbedarf vorhanden.<\/p>\n<\/p><\/div>\n<div class=\"chcg-ingredients\">\n<h3>Zutaten<\/h3>\n<p>L-Tyrosin (freie Form) 750 mg. Weitere Zutaten: Reis-Mehl, Stearins\u00e4ure (pflanzliche Quelle) und Siliziumdioxid.<\/p>\n<p class=\"chcg-capsule-shell\">Kapselh\u00fclle: Zellulose (Kapsel)<\/p>\n<\/p><\/div>\n<div class=\"chcg-dosage\">\n<h3>Verzehrempfehlung<\/h3>\n<p>1 Kapsel 1- bis 3-mal t\u00e4glich einnehmen, vorzugsweise zwischen den Mahlzeiten.<\/p>\n<\/p><\/div>\n<div class=\"chcg-warnings\">\n<h3>Warnhinweise<\/h3>\n<p>Nur f\u00fcr Erwachsene. Bei Schwangerschaft oder Stillzeit, bei Einnahme von Medikamenten oder bei bestehenden gesundheitlichen Erkrankungen ist vor der Einnahme ein Arzt zu konsultieren. Personen mit Schilddr\u00fcsenerkrankungen (Hyperthyreose), Melanom oder solche, die MAO-Hemmer oder andere stimmungsbeeinflussende Medikamente einnehmen, sollten vor der Einnahme dieses Produkts \u00e4rztlichen Rat einholen. Ausserhalb der Reichweite von Kindern aufbewahren. Nat\u00fcrliche Farbabweichungen k\u00f6nnen bei diesem Produkt auftreten.<\/p>\n<\/p><\/div>\n<div class=\"chcg-allergens\">\n<h3>Allergeninformationen<\/h3>\n<p>Nicht hergestellt mit Weizen, Gluten, Soja, Milch, Ei, Fisch, Schalentieren oder Baumn\u00fcssen als Zutaten. Produziert in einer GMP-zertifizierten Anlage, die auch andere Zutaten mit diesen Allergenen verarbeitet.<\/p>\n<\/p><\/div>\n<div class=\"chcg-storage\">\n<h3>Lagerung<\/h3>\n<p>Nach dem \u00d6ffnen an einem k\u00fchlen, trockenen Ort aufbewahren.<\/p>\n<\/p><\/div>\n<div class=\"chcg-dietary\">\n<h3>Ern\u00e4hrungshinweise<\/h3>\n<ul>\n<li>Vegan<\/li>\n<li>Vegetarisch<\/li>\n<li>Glutenfrei<\/li>\n<li>Laktosefrei<\/li>\n<\/ul><\/div>\n<\/div>\n","protected":false},"excerpt":{"rendered":"<p>NOW Foods L-Tyrosine Extra Stark liefert 750 mg freies L-Tyrosin pro vegetarischer Kapsel \u2013 vegan, glutenfrei und ohne tierische Zusatzstoffe. Packung mit 90 Kapseln.<\/p>\n","protected":false},"featured_media":4896,"comment_status":"closed","ping_status":"open","template":"","meta":[],"product_brand":[454],"product_cat":[514,516,90,48,25,521,21],"product_tag":[],"class_list":{"0":"post-4895","1":"product","2":"type-product","3":"status-publish","4":"has-post-thumbnail","6":"product_brand-nownow-foods","7":"product_cat-aminosaeuren-und-bcaas","8":"product_cat-einzelne-aminosaeuren-aminosaeuren-und-bcaas","9":"product_cat-fitness-training","10":"product_cat-gesunde-ernaehrung","11":"product_cat-gesundheit-und-wohlbefinden","12":"product_cat-l-tyrosin-aminosaeuren-und-bcaas","13":"product_cat-vitamine-und-mineralstoffe","15":"first","16":"outofstock","17":"taxable","18":"shipping-taxable","19":"purchasable","20":"product-type-simple"},"yoast_head":"<!-- This site is optimized with the Yoast SEO plugin v27.5 - https:\/\/yoast.com\/product\/yoast-seo-wordpress\/ -->\n<title>L-Tyrosine Extra Stark 750mg \u2013 NOW Foods | ecosupplements.ch<\/title>\n<meta name=\"description\" content=\"NOW Foods L-Tyrosine 750mg in freier Form \u2013 90 vegane Kapseln, glutenfrei und ohne tierische Zusatzstoffe. Jetzt bestellen.\" \/>\n<meta name=\"robots\" content=\"index, follow, max-snippet:-1, max-image-preview:large, max-video-preview:-1\" \/>\n<link rel=\"canonical\" href=\"https:\/\/ecosupplements.ch\/?product=l-tyrosine-extra-strength-750mg-90-vcaps\" \/>\n<meta property=\"og:locale\" content=\"de_DE\" \/>\n<meta property=\"og:type\" content=\"article\" \/>\n<meta property=\"og:title\" content=\"L-Tyrosine Extra Stark 750mg \u2013 NOW Foods | ecosupplements.ch\" \/>\n<meta property=\"og:description\" content=\"NOW Foods L-Tyrosine 750mg in freier Form \u2013 90 vegane Kapseln, glutenfrei und ohne tierische Zusatzstoffe. Jetzt bestellen.\" \/>\n<meta property=\"og:url\" content=\"https:\/\/ecosupplements.ch\/?product=l-tyrosine-extra-strength-750mg-90-vcaps\" \/>\n<meta property=\"og:site_name\" content=\"Eco Supplements\" \/>\n<meta property=\"article:modified_time\" content=\"2026-05-13T07:25:26+00:00\" \/>\n<meta property=\"og:image\" content=\"https:\/\/ecosupplements.ch\/wp-content\/uploads\/2026\/05\/L-Tyrosine-Extra-Strength-750mg-90-vcaps.webp\" \/>\n\t<meta property=\"og:image:width\" content=\"1000\" \/>\n\t<meta property=\"og:image:height\" content=\"1000\" \/>\n\t<meta property=\"og:image:type\" content=\"image\/jpeg\" \/>\n<meta name=\"twitter:card\" content=\"summary_large_image\" \/>\n<meta name=\"twitter:label1\" content=\"Price\" \/>\n\t<meta name=\"twitter:data1\" content=\"&#067;&#072;&#070;&nbsp;16.73\" \/>\n\t<meta name=\"twitter:label2\" content=\"Availability\" \/>\n\t<meta name=\"twitter:data2\" content=\"Out of stock\" \/>\n<script type=\"application\/ld+json\" class=\"yoast-schema-graph\">{\"@context\":\"https:\\\/\\\/schema.org\",\"@graph\":[{\"@type\":\"WebPage\",\"@id\":\"https:\\\/\\\/ecosupplements.ch\\\/?product=l-tyrosine-extra-strength-750mg-90-vcaps\",\"url\":\"https:\\\/\\\/ecosupplements.ch\\\/?product=l-tyrosine-extra-strength-750mg-90-vcaps\",\"name\":\"L-Tyrosine Extra Stark 750mg \u2013 NOW Foods | ecosupplements.ch\",\"isPartOf\":{\"@id\":\"https:\\\/\\\/ecosupplements.ch\\\/#website\"},\"primaryImageOfPage\":{\"@id\":\"https:\\\/\\\/ecosupplements.ch\\\/?product=l-tyrosine-extra-strength-750mg-90-vcaps#primaryimage\"},\"image\":{\"@id\":\"https:\\\/\\\/ecosupplements.ch\\\/?product=l-tyrosine-extra-strength-750mg-90-vcaps#primaryimage\"},\"thumbnailUrl\":\"https:\\\/\\\/ecosupplements.ch\\\/wp-content\\\/uploads\\\/2026\\\/05\\\/L-Tyrosine-Extra-Strength-750mg-90-vcaps.webp\",\"datePublished\":\"2026-05-11T15:02:14+00:00\",\"dateModified\":\"2026-05-13T07:25:26+00:00\",\"description\":\"NOW Foods L-Tyrosine 750mg in freier Form \u2013 90 vegane Kapseln, glutenfrei und ohne tierische Zusatzstoffe. Jetzt bestellen.\",\"breadcrumb\":{\"@id\":\"https:\\\/\\\/ecosupplements.ch\\\/?product=l-tyrosine-extra-strength-750mg-90-vcaps#breadcrumb\"},\"inLanguage\":\"de-CH\",\"potentialAction\":[{\"@type\":\"ReadAction\",\"target\":[\"https:\\\/\\\/ecosupplements.ch\\\/?product=l-tyrosine-extra-strength-750mg-90-vcaps\"]}]},{\"@type\":\"ImageObject\",\"inLanguage\":\"de-CH\",\"@id\":\"https:\\\/\\\/ecosupplements.ch\\\/?product=l-tyrosine-extra-strength-750mg-90-vcaps#primaryimage\",\"url\":\"https:\\\/\\\/ecosupplements.ch\\\/wp-content\\\/uploads\\\/2026\\\/05\\\/L-Tyrosine-Extra-Strength-750mg-90-vcaps.webp\",\"contentUrl\":\"https:\\\/\\\/ecosupplements.ch\\\/wp-content\\\/uploads\\\/2026\\\/05\\\/L-Tyrosine-Extra-Strength-750mg-90-vcaps.webp\",\"width\":1000,\"height\":1000,\"caption\":\"L-Tyrosine\"},{\"@type\":\"BreadcrumbList\",\"@id\":\"https:\\\/\\\/ecosupplements.ch\\\/?product=l-tyrosine-extra-strength-750mg-90-vcaps#breadcrumb\",\"itemListElement\":[{\"@type\":\"ListItem\",\"position\":1,\"name\":\"Home\",\"item\":\"https:\\\/\\\/ecosupplements.ch\\\/\"},{\"@type\":\"ListItem\",\"position\":2,\"name\":\"Shop\",\"item\":\"https:\\\/\\\/ecosupplements.ch\\\/?page_id=14\"},{\"@type\":\"ListItem\",\"position\":3,\"name\":\"L-Tyrosine, Extra Strength 750mg &#8211; 90 vcaps\"}]},{\"@type\":\"WebSite\",\"@id\":\"https:\\\/\\\/ecosupplements.ch\\\/#website\",\"url\":\"https:\\\/\\\/ecosupplements.ch\\\/\",\"name\":\"Eco Supplements\",\"description\":\"\",\"potentialAction\":[{\"@type\":\"SearchAction\",\"target\":{\"@type\":\"EntryPoint\",\"urlTemplate\":\"https:\\\/\\\/ecosupplements.ch\\\/?s={search_term_string}\"},\"query-input\":{\"@type\":\"PropertyValueSpecification\",\"valueRequired\":true,\"valueName\":\"search_term_string\"}}],\"inLanguage\":\"de-CH\"}]}<\/script>\n<meta property=\"product:price:amount\" content=\"16.73\" \/>\n<meta property=\"product:price:currency\" content=\"CHF\" \/>\n<meta property=\"og:availability\" content=\"out of stock\" \/>\n<meta property=\"product:availability\" content=\"out of stock\" \/>\n<meta property=\"product:retailer_item_id\" content=\"733739001658\" \/>\n<meta property=\"product:condition\" content=\"new\" \/>\n<!-- \/ Yoast SEO plugin. -->","yoast_head_json":{"title":"L-Tyrosine Extra Stark 750mg \u2013 NOW Foods | ecosupplements.ch","description":"NOW Foods L-Tyrosine 750mg in freier Form \u2013 90 vegane Kapseln, glutenfrei und ohne tierische Zusatzstoffe. Jetzt bestellen.","robots":{"index":"index","follow":"follow","max-snippet":"max-snippet:-1","max-image-preview":"max-image-preview:large","max-video-preview":"max-video-preview:-1"},"canonical":"https:\/\/ecosupplements.ch\/?product=l-tyrosine-extra-strength-750mg-90-vcaps","og_locale":"de_DE","og_type":"article","og_title":"L-Tyrosine Extra Stark 750mg \u2013 NOW Foods | ecosupplements.ch","og_description":"NOW Foods L-Tyrosine 750mg in freier Form \u2013 90 vegane Kapseln, glutenfrei und ohne tierische Zusatzstoffe. Jetzt bestellen.","og_url":"https:\/\/ecosupplements.ch\/?product=l-tyrosine-extra-strength-750mg-90-vcaps","og_site_name":"Eco Supplements","article_modified_time":"2026-05-13T07:25:26+00:00","og_image":[{"width":1000,"height":1000,"url":"https:\/\/ecosupplements.ch\/wp-content\/uploads\/2026\/05\/L-Tyrosine-Extra-Strength-750mg-90-vcaps.webp","type":"image\/jpeg"}],"twitter_card":"summary_large_image","twitter_misc":{"Price":"&#67;&#72;&#70;&nbsp;16.73","Availability":"Out of stock"},"schema":{"@context":"https:\/\/schema.org","@graph":[{"@type":"WebPage","@id":"https:\/\/ecosupplements.ch\/?product=l-tyrosine-extra-strength-750mg-90-vcaps","url":"https:\/\/ecosupplements.ch\/?product=l-tyrosine-extra-strength-750mg-90-vcaps","name":"L-Tyrosine Extra Stark 750mg \u2013 NOW Foods | ecosupplements.ch","isPartOf":{"@id":"https:\/\/ecosupplements.ch\/#website"},"primaryImageOfPage":{"@id":"https:\/\/ecosupplements.ch\/?product=l-tyrosine-extra-strength-750mg-90-vcaps#primaryimage"},"image":{"@id":"https:\/\/ecosupplements.ch\/?product=l-tyrosine-extra-strength-750mg-90-vcaps#primaryimage"},"thumbnailUrl":"https:\/\/ecosupplements.ch\/wp-content\/uploads\/2026\/05\/L-Tyrosine-Extra-Strength-750mg-90-vcaps.webp","datePublished":"2026-05-11T15:02:14+00:00","dateModified":"2026-05-13T07:25:26+00:00","description":"NOW Foods L-Tyrosine 750mg in freier Form \u2013 90 vegane Kapseln, glutenfrei und ohne tierische Zusatzstoffe. Jetzt bestellen.","breadcrumb":{"@id":"https:\/\/ecosupplements.ch\/?product=l-tyrosine-extra-strength-750mg-90-vcaps#breadcrumb"},"inLanguage":"de-CH","potentialAction":[{"@type":"ReadAction","target":["https:\/\/ecosupplements.ch\/?product=l-tyrosine-extra-strength-750mg-90-vcaps"]}]},{"@type":"ImageObject","inLanguage":"de-CH","@id":"https:\/\/ecosupplements.ch\/?product=l-tyrosine-extra-strength-750mg-90-vcaps#primaryimage","url":"https:\/\/ecosupplements.ch\/wp-content\/uploads\/2026\/05\/L-Tyrosine-Extra-Strength-750mg-90-vcaps.webp","contentUrl":"https:\/\/ecosupplements.ch\/wp-content\/uploads\/2026\/05\/L-Tyrosine-Extra-Strength-750mg-90-vcaps.webp","width":1000,"height":1000,"caption":"L-Tyrosine"},{"@type":"BreadcrumbList","@id":"https:\/\/ecosupplements.ch\/?product=l-tyrosine-extra-strength-750mg-90-vcaps#breadcrumb","itemListElement":[{"@type":"ListItem","position":1,"name":"Home","item":"https:\/\/ecosupplements.ch\/"},{"@type":"ListItem","position":2,"name":"Shop","item":"https:\/\/ecosupplements.ch\/?page_id=14"},{"@type":"ListItem","position":3,"name":"L-Tyrosine, Extra Strength 750mg &#8211; 90 vcaps"}]},{"@type":"WebSite","@id":"https:\/\/ecosupplements.ch\/#website","url":"https:\/\/ecosupplements.ch\/","name":"Eco Supplements","description":"","potentialAction":[{"@type":"SearchAction","target":{"@type":"EntryPoint","urlTemplate":"https:\/\/ecosupplements.ch\/?s={search_term_string}"},"query-input":{"@type":"PropertyValueSpecification","valueRequired":true,"valueName":"search_term_string"}}],"inLanguage":"de-CH"}]},"product_price_amount":"16.73","product_price_currency":"CHF","og_availability":"out of stock","product_availability":"out of stock","product_retailer_item_id":"733739001658","product_condition":"new"},"_links":{"self":[{"href":"https:\/\/ecosupplements.ch\/index.php?rest_route=\/wp\/v2\/product\/4895","targetHints":{"allow":["GET"]}}],"collection":[{"href":"https:\/\/ecosupplements.ch\/index.php?rest_route=\/wp\/v2\/product"}],"about":[{"href":"https:\/\/ecosupplements.ch\/index.php?rest_route=\/wp\/v2\/types\/product"}],"replies":[{"embeddable":true,"href":"https:\/\/ecosupplements.ch\/index.php?rest_route=%2Fwp%2Fv2%2Fcomments&post=4895"}],"wp:featuredmedia":[{"embeddable":true,"href":"https:\/\/ecosupplements.ch\/index.php?rest_route=\/wp\/v2\/media\/4896"}],"wp:attachment":[{"href":"https:\/\/ecosupplements.ch\/index.php?rest_route=%2Fwp%2Fv2%2Fmedia&parent=4895"}],"wp:term":[{"taxonomy":"product_brand","embeddable":true,"href":"https:\/\/ecosupplements.ch\/index.php?rest_route=%2Fwp%2Fv2%2Fproduct_brand&post=4895"},{"taxonomy":"product_cat","embeddable":true,"href":"https:\/\/ecosupplements.ch\/index.php?rest_route=%2Fwp%2Fv2%2Fproduct_cat&post=4895"},{"taxonomy":"product_tag","embeddable":true,"href":"https:\/\/ecosupplements.ch\/index.php?rest_route=%2Fwp%2Fv2%2Fproduct_tag&post=4895"}],"curies":[{"name":"wp","href":"https:\/\/api.w.org\/{rel}","templated":true}]}}