{"id":4907,"date":"2026-05-11T15:02:20","date_gmt":"2026-05-11T15:02:20","guid":{"rendered":"https:\/\/ecosupplements.ch\/?product=liposomal-vitamin-c-120-vcaps"},"modified":"2026-05-13T07:25:59","modified_gmt":"2026-05-13T07:25:59","slug":"liposomal-vitamin-c-120-vcaps","status":"publish","type":"product","link":"https:\/\/ecosupplements.ch\/?product=liposomal-vitamin-c-120-vcaps","title":{"rendered":"Liposomal Vitamin C &#8211; 120 vcaps"},"content":{"rendered":"<div class=\"chcg-product-description\">\n<h2 class=\"chcg-heading\">\u00dcber NOW Foods \u2013 Liposomal Vitamin C \u2013 120 Vcaps<\/h2>\n<div class=\"chcg-intro\">\n<p>Das Liposomal Vitamin C von NOW Foods kombiniert den bew\u00e4hrten Wirkstoff PureWay-C\u00ae mit einer liposomalen Technologie auf Basis von Sonnenblumenlecithin. Die liposomale Verkapselung umh\u00fcllt das Vitamin C mit einer Phospholipidschicht, die eine optimale Aufnahme im K\u00f6rper unterst\u00fctzt. Jede Tagesportion liefert 1&#8217;000 mg Vitamin C in hochwertiger Form.<\/p>\n<p>Vitamin C tr\u00e4gt zur normalen Funktion des Immunsystems bei, sch\u00fctzt Zellen vor oxidativem Stress und unterst\u00fctzt die normale Kollagenbildung f\u00fcr eine gesunde Haut, Knochen und Knorpel. Erg\u00e4nzt wird die Formel durch Citrus-Bioflavonoide sowie Ascorbylpalmitat.<\/p>\n<p>Das Produkt ist vegan, vegetarisch und glutenfrei. Es wird in einer GMP-zertifizierten Produktionsst\u00e4tte hergestellt und ist in praktischen Vegetarischen Kapseln erh\u00e4ltlich \u2013 ideal f\u00fcr die t\u00e4gliche Einnahme.<\/p>\n<\/p><\/div>\n<div class=\"chcg-nutrition\">\n<h3>N\u00e4hrwertangaben<\/h3>\n<table class=\"chcg-nutrition-table\">\n<thead>\n<tr>\n<th>N\u00e4hrstoff<\/th>\n<th>Pro Portion (2 Vcaps)<\/th>\n<\/tr>\n<\/thead>\n<tbody>\n<tr>\n<td>Vitamin C (Liposomal PureWay-C\u00ae)<\/td>\n<td>1&#8217;000 mg (1111 % des Tagesbedarfs)<\/td>\n<\/tr>\n<\/tbody>\n<\/table>\n<p class=\"chcg-footnote\">Referenzwert basierend auf einem Tagesbedarf von 90 mg (EFSA). Tagesportion: 2 vegetarische Kapseln. Portionen pro Packung: 60.<\/p>\n<\/p><\/div>\n<div class=\"chcg-ingredients\">\n<h3>Zutaten<\/h3>\n<p>Vitamin C (Liposomal PureWay-C\u00ae) 1&#8217;000 mg. Weitere Zutaten: Hydroxypropylmethylcellulose (Cellulose-Kapsel), Phospholipide (aus Sonnenblumenlecithin), Reismehl, Fetts\u00e4uren (aus Reiskleie), Ascorbylpalmitat, Siliziumdioxid und Citrus-Bioflavonoide.<\/p>\n<p class=\"chcg-capsule-shell\">Kapselh\u00fclle: Hydroxypropylmethylcellulose (Cellulose-Kapsel)<\/p>\n<\/p><\/div>\n<div class=\"chcg-dosage\">\n<h3>Verzehrempfehlung<\/h3>\n<p>T\u00e4glich 2 Kapseln zu einer Mahlzeit einnehmen.<\/p>\n<\/p><\/div>\n<div class=\"chcg-warnings\">\n<h3>Warnhinweise<\/h3>\n<p>Nur f\u00fcr Erwachsene. Bei Schwangerschaft oder Stillzeit, bei Einnahme von Medikamenten oder bei bestehenden gesundheitlichen Beschwerden ist vor der Einnahme ein Arzt zu konsultieren. Ausserhalb der Reichweite von Kindern aufbewahren.<\/p>\n<\/p><\/div>\n<div class=\"chcg-allergens\">\n<h3>Allergeninformationen<\/h3>\n<p>Nicht hergestellt mit Weizen, Gluten, Soja, Milch, Ei, Fisch, Schalentieren, Baumn\u00fcssen oder Sesam. Produziert in einer GMP-Anlage, die andere Zutaten verarbeitet, welche diese Allergene enthalten.<\/p>\n<\/p><\/div>\n<div class=\"chcg-storage\">\n<h3>Lagerung<\/h3>\n<p>Nach dem \u00d6ffnen an einem k\u00fchlen, trockenen Ort lagern.<\/p>\n<\/p><\/div>\n<div class=\"chcg-dietary\">\n<h3>Ern\u00e4hrungshinweise<\/h3>\n<ul>\n<li>Vegan<\/li>\n<li>Vegetarisch<\/li>\n<li>Glutenfrei<\/li>\n<li>Laktosefrei<\/li>\n<\/ul><\/div>\n<\/div>\n","protected":false},"excerpt":{"rendered":"<p>Liposomal Vitamin C von NOW Foods liefert 1&#8217;000 mg PureWay-C\u00ae pro Tagesportion f\u00fcr optimale Bioverf\u00fcgbarkeit. Erh\u00e4ltlich als 120 vegetarische Kapseln. Vegan, glutenfrei und GMP-zertifiziert.<\/p>\n","protected":false},"featured_media":4908,"comment_status":"closed","ping_status":"open","template":"","meta":[],"product_brand":[454],"product_cat":[27,48,25,80,26,22,29,21],"product_tag":[],"class_list":{"0":"post-4907","1":"product","2":"type-product","3":"status-publish","4":"has-post-thumbnail","6":"product_brand-nownow-foods","7":"product_cat-einige-vitamine","8":"product_cat-gesunde-ernaehrung","9":"product_cat-gesundheit-und-wohlbefinden","10":"product_cat-kollagen","11":"product_cat-multivitamine","12":"product_cat-vegane-produkte","13":"product_cat-vitamin-c","14":"product_cat-vitamine-und-mineralstoffe","16":"first","17":"outofstock","18":"taxable","19":"shipping-taxable","20":"purchasable","21":"product-type-simple"},"yoast_head":"<!-- This site is optimized with the Yoast SEO plugin v27.5 - https:\/\/yoast.com\/product\/yoast-seo-wordpress\/ -->\n<title>Liposomal Vitamin C 120 Vcaps \u2013 NOW Foods | ecosupplements.ch<\/title>\n<meta name=\"description\" content=\"1&#039;000 mg liposomales Vitamin C (PureWay-C\u00ae) pro Portion f\u00fcr Immunsystem und Zellschutz. 120 vegane Kapseln von NOW Foods. Jetzt bestellen.\" \/>\n<meta name=\"robots\" content=\"index, follow, max-snippet:-1, max-image-preview:large, max-video-preview:-1\" \/>\n<link rel=\"canonical\" href=\"https:\/\/ecosupplements.ch\/?product=liposomal-vitamin-c-120-vcaps\" \/>\n<meta property=\"og:locale\" content=\"de_DE\" \/>\n<meta property=\"og:type\" content=\"article\" \/>\n<meta property=\"og:title\" content=\"Liposomal Vitamin C 120 Vcaps \u2013 NOW Foods | ecosupplements.ch\" \/>\n<meta property=\"og:description\" content=\"1&#039;000 mg liposomales Vitamin C (PureWay-C\u00ae) pro Portion f\u00fcr Immunsystem und Zellschutz. 120 vegane Kapseln von NOW Foods. Jetzt bestellen.\" \/>\n<meta property=\"og:url\" content=\"https:\/\/ecosupplements.ch\/?product=liposomal-vitamin-c-120-vcaps\" \/>\n<meta property=\"og:site_name\" content=\"Eco Supplements\" \/>\n<meta property=\"article:modified_time\" content=\"2026-05-13T07:25:59+00:00\" \/>\n<meta property=\"og:image\" content=\"https:\/\/ecosupplements.ch\/wp-content\/uploads\/2026\/05\/Liposomal-Vitamin-C-120-vcaps.webp\" \/>\n\t<meta property=\"og:image:width\" content=\"1000\" \/>\n\t<meta property=\"og:image:height\" content=\"1000\" \/>\n\t<meta property=\"og:image:type\" content=\"image\/jpeg\" \/>\n<meta name=\"twitter:card\" content=\"summary_large_image\" \/>\n<meta name=\"twitter:label1\" content=\"Price\" \/>\n\t<meta name=\"twitter:data1\" content=\"&#067;&#072;&#070;&nbsp;25.43\" \/>\n\t<meta name=\"twitter:label2\" content=\"Availability\" \/>\n\t<meta name=\"twitter:data2\" content=\"Out of stock\" \/>\n<script type=\"application\/ld+json\" class=\"yoast-schema-graph\">{\"@context\":\"https:\\\/\\\/schema.org\",\"@graph\":[{\"@type\":\"WebPage\",\"@id\":\"https:\\\/\\\/ecosupplements.ch\\\/?product=liposomal-vitamin-c-120-vcaps\",\"url\":\"https:\\\/\\\/ecosupplements.ch\\\/?product=liposomal-vitamin-c-120-vcaps\",\"name\":\"Liposomal Vitamin C 120 Vcaps \u2013 NOW Foods | ecosupplements.ch\",\"isPartOf\":{\"@id\":\"https:\\\/\\\/ecosupplements.ch\\\/#website\"},\"primaryImageOfPage\":{\"@id\":\"https:\\\/\\\/ecosupplements.ch\\\/?product=liposomal-vitamin-c-120-vcaps#primaryimage\"},\"image\":{\"@id\":\"https:\\\/\\\/ecosupplements.ch\\\/?product=liposomal-vitamin-c-120-vcaps#primaryimage\"},\"thumbnailUrl\":\"https:\\\/\\\/ecosupplements.ch\\\/wp-content\\\/uploads\\\/2026\\\/05\\\/Liposomal-Vitamin-C-120-vcaps.webp\",\"datePublished\":\"2026-05-11T15:02:20+00:00\",\"dateModified\":\"2026-05-13T07:25:59+00:00\",\"description\":\"1'000 mg liposomales Vitamin C (PureWay-C\u00ae) pro Portion f\u00fcr Immunsystem und Zellschutz. 120 vegane Kapseln von NOW Foods. Jetzt bestellen.\",\"breadcrumb\":{\"@id\":\"https:\\\/\\\/ecosupplements.ch\\\/?product=liposomal-vitamin-c-120-vcaps#breadcrumb\"},\"inLanguage\":\"de-CH\",\"potentialAction\":[{\"@type\":\"ReadAction\",\"target\":[\"https:\\\/\\\/ecosupplements.ch\\\/?product=liposomal-vitamin-c-120-vcaps\"]}]},{\"@type\":\"ImageObject\",\"inLanguage\":\"de-CH\",\"@id\":\"https:\\\/\\\/ecosupplements.ch\\\/?product=liposomal-vitamin-c-120-vcaps#primaryimage\",\"url\":\"https:\\\/\\\/ecosupplements.ch\\\/wp-content\\\/uploads\\\/2026\\\/05\\\/Liposomal-Vitamin-C-120-vcaps.webp\",\"contentUrl\":\"https:\\\/\\\/ecosupplements.ch\\\/wp-content\\\/uploads\\\/2026\\\/05\\\/Liposomal-Vitamin-C-120-vcaps.webp\",\"width\":1000,\"height\":1000,\"caption\":\"Liposomal Vitamin C - 120 vcaps\"},{\"@type\":\"BreadcrumbList\",\"@id\":\"https:\\\/\\\/ecosupplements.ch\\\/?product=liposomal-vitamin-c-120-vcaps#breadcrumb\",\"itemListElement\":[{\"@type\":\"ListItem\",\"position\":1,\"name\":\"Home\",\"item\":\"https:\\\/\\\/ecosupplements.ch\\\/\"},{\"@type\":\"ListItem\",\"position\":2,\"name\":\"Shop\",\"item\":\"https:\\\/\\\/ecosupplements.ch\\\/?page_id=14\"},{\"@type\":\"ListItem\",\"position\":3,\"name\":\"Liposomal Vitamin C &#8211; 120 vcaps\"}]},{\"@type\":\"WebSite\",\"@id\":\"https:\\\/\\\/ecosupplements.ch\\\/#website\",\"url\":\"https:\\\/\\\/ecosupplements.ch\\\/\",\"name\":\"Eco Supplements\",\"description\":\"\",\"potentialAction\":[{\"@type\":\"SearchAction\",\"target\":{\"@type\":\"EntryPoint\",\"urlTemplate\":\"https:\\\/\\\/ecosupplements.ch\\\/?s={search_term_string}\"},\"query-input\":{\"@type\":\"PropertyValueSpecification\",\"valueRequired\":true,\"valueName\":\"search_term_string\"}}],\"inLanguage\":\"de-CH\"}]}<\/script>\n<meta property=\"product:price:amount\" content=\"25.43\" \/>\n<meta property=\"product:price:currency\" content=\"CHF\" \/>\n<meta property=\"og:availability\" content=\"out of stock\" \/>\n<meta property=\"product:availability\" content=\"out of stock\" \/>\n<meta property=\"product:retailer_item_id\" content=\"733739006196\" \/>\n<meta property=\"product:condition\" content=\"new\" \/>\n<!-- \/ Yoast SEO plugin. -->","yoast_head_json":{"title":"Liposomal Vitamin C 120 Vcaps \u2013 NOW Foods | ecosupplements.ch","description":"1'000 mg liposomales Vitamin C (PureWay-C\u00ae) pro Portion f\u00fcr Immunsystem und Zellschutz. 120 vegane Kapseln von NOW Foods. Jetzt bestellen.","robots":{"index":"index","follow":"follow","max-snippet":"max-snippet:-1","max-image-preview":"max-image-preview:large","max-video-preview":"max-video-preview:-1"},"canonical":"https:\/\/ecosupplements.ch\/?product=liposomal-vitamin-c-120-vcaps","og_locale":"de_DE","og_type":"article","og_title":"Liposomal Vitamin C 120 Vcaps \u2013 NOW Foods | ecosupplements.ch","og_description":"1'000 mg liposomales Vitamin C (PureWay-C\u00ae) pro Portion f\u00fcr Immunsystem und Zellschutz. 120 vegane Kapseln von NOW Foods. Jetzt bestellen.","og_url":"https:\/\/ecosupplements.ch\/?product=liposomal-vitamin-c-120-vcaps","og_site_name":"Eco Supplements","article_modified_time":"2026-05-13T07:25:59+00:00","og_image":[{"width":1000,"height":1000,"url":"https:\/\/ecosupplements.ch\/wp-content\/uploads\/2026\/05\/Liposomal-Vitamin-C-120-vcaps.webp","type":"image\/jpeg"}],"twitter_card":"summary_large_image","twitter_misc":{"Price":"&#67;&#72;&#70;&nbsp;25.43","Availability":"Out of stock"},"schema":{"@context":"https:\/\/schema.org","@graph":[{"@type":"WebPage","@id":"https:\/\/ecosupplements.ch\/?product=liposomal-vitamin-c-120-vcaps","url":"https:\/\/ecosupplements.ch\/?product=liposomal-vitamin-c-120-vcaps","name":"Liposomal Vitamin C 120 Vcaps \u2013 NOW Foods | ecosupplements.ch","isPartOf":{"@id":"https:\/\/ecosupplements.ch\/#website"},"primaryImageOfPage":{"@id":"https:\/\/ecosupplements.ch\/?product=liposomal-vitamin-c-120-vcaps#primaryimage"},"image":{"@id":"https:\/\/ecosupplements.ch\/?product=liposomal-vitamin-c-120-vcaps#primaryimage"},"thumbnailUrl":"https:\/\/ecosupplements.ch\/wp-content\/uploads\/2026\/05\/Liposomal-Vitamin-C-120-vcaps.webp","datePublished":"2026-05-11T15:02:20+00:00","dateModified":"2026-05-13T07:25:59+00:00","description":"1'000 mg liposomales Vitamin C (PureWay-C\u00ae) pro Portion f\u00fcr Immunsystem und Zellschutz. 120 vegane Kapseln von NOW Foods. Jetzt bestellen.","breadcrumb":{"@id":"https:\/\/ecosupplements.ch\/?product=liposomal-vitamin-c-120-vcaps#breadcrumb"},"inLanguage":"de-CH","potentialAction":[{"@type":"ReadAction","target":["https:\/\/ecosupplements.ch\/?product=liposomal-vitamin-c-120-vcaps"]}]},{"@type":"ImageObject","inLanguage":"de-CH","@id":"https:\/\/ecosupplements.ch\/?product=liposomal-vitamin-c-120-vcaps#primaryimage","url":"https:\/\/ecosupplements.ch\/wp-content\/uploads\/2026\/05\/Liposomal-Vitamin-C-120-vcaps.webp","contentUrl":"https:\/\/ecosupplements.ch\/wp-content\/uploads\/2026\/05\/Liposomal-Vitamin-C-120-vcaps.webp","width":1000,"height":1000,"caption":"Liposomal Vitamin C - 120 vcaps"},{"@type":"BreadcrumbList","@id":"https:\/\/ecosupplements.ch\/?product=liposomal-vitamin-c-120-vcaps#breadcrumb","itemListElement":[{"@type":"ListItem","position":1,"name":"Home","item":"https:\/\/ecosupplements.ch\/"},{"@type":"ListItem","position":2,"name":"Shop","item":"https:\/\/ecosupplements.ch\/?page_id=14"},{"@type":"ListItem","position":3,"name":"Liposomal Vitamin C &#8211; 120 vcaps"}]},{"@type":"WebSite","@id":"https:\/\/ecosupplements.ch\/#website","url":"https:\/\/ecosupplements.ch\/","name":"Eco Supplements","description":"","potentialAction":[{"@type":"SearchAction","target":{"@type":"EntryPoint","urlTemplate":"https:\/\/ecosupplements.ch\/?s={search_term_string}"},"query-input":{"@type":"PropertyValueSpecification","valueRequired":true,"valueName":"search_term_string"}}],"inLanguage":"de-CH"}]},"product_price_amount":"25.43","product_price_currency":"CHF","og_availability":"out of stock","product_availability":"out of stock","product_retailer_item_id":"733739006196","product_condition":"new"},"_links":{"self":[{"href":"https:\/\/ecosupplements.ch\/index.php?rest_route=\/wp\/v2\/product\/4907","targetHints":{"allow":["GET"]}}],"collection":[{"href":"https:\/\/ecosupplements.ch\/index.php?rest_route=\/wp\/v2\/product"}],"about":[{"href":"https:\/\/ecosupplements.ch\/index.php?rest_route=\/wp\/v2\/types\/product"}],"replies":[{"embeddable":true,"href":"https:\/\/ecosupplements.ch\/index.php?rest_route=%2Fwp%2Fv2%2Fcomments&post=4907"}],"wp:featuredmedia":[{"embeddable":true,"href":"https:\/\/ecosupplements.ch\/index.php?rest_route=\/wp\/v2\/media\/4908"}],"wp:attachment":[{"href":"https:\/\/ecosupplements.ch\/index.php?rest_route=%2Fwp%2Fv2%2Fmedia&parent=4907"}],"wp:term":[{"taxonomy":"product_brand","embeddable":true,"href":"https:\/\/ecosupplements.ch\/index.php?rest_route=%2Fwp%2Fv2%2Fproduct_brand&post=4907"},{"taxonomy":"product_cat","embeddable":true,"href":"https:\/\/ecosupplements.ch\/index.php?rest_route=%2Fwp%2Fv2%2Fproduct_cat&post=4907"},{"taxonomy":"product_tag","embeddable":true,"href":"https:\/\/ecosupplements.ch\/index.php?rest_route=%2Fwp%2Fv2%2Fproduct_tag&post=4907"}],"curies":[{"name":"wp","href":"https:\/\/api.w.org\/{rel}","templated":true}]}}