{"id":4961,"date":"2026-05-11T15:02:47","date_gmt":"2026-05-11T15:02:47","guid":{"rendered":"https:\/\/ecosupplements.ch\/?product=magnesium-oxide-pure-powder-227g"},"modified":"2026-05-13T07:23:15","modified_gmt":"2026-05-13T07:23:15","slug":"magnesium-oxide-pure-powder-227g","status":"publish","type":"product","link":"https:\/\/ecosupplements.ch\/?product=magnesium-oxide-pure-powder-227g","title":{"rendered":"Magnesium Oxide, Pure Powder &#8211; 227g"},"content":{"rendered":"<div class=\"chcg-product-description\">\n<h2 class=\"chcg-heading\">\u00dcber NOW Foods \u2013 Magnesium Oxide, Reines Pulver \u2013 227g<\/h2>\n<div class=\"chcg-intro\">\n<p>Magnesium ist ein essenzieller Mineralstoff, der an \u00fcber 300 enzymatischen Prozessen im K\u00f6rper beteiligt ist. Es tr\u00e4gt zur normalen Muskelfunktion, zur Verringerung von M\u00fcdigkeit und Ersch\u00f6pfung sowie zum Erhalt normaler Knochen und Z\u00e4hne bei. NOW Foods Magnesium Oxide Pulver liefert pro Portion 290 mg elementares Magnesium \u2013 eine hochkonzentrierte und kosteneffiziente Quelle dieses wichtigen N\u00e4hrstoffs.<\/p>\n<p>Das reine Pulver enth\u00e4lt ausschliesslich Magnesiumoxid \u2013 ohne F\u00fcll- oder Zusatzstoffe. Die Pulverform erm\u00f6glicht eine flexible Dosierung und eignet sich besonders f\u00fcr Personen, die keine Kapseln oder Tabletten einnehmen m\u00f6chten. Mit 227 g Inhalt bietet die Packung einen langfristigen Vorrat f\u00fcr die t\u00e4gliche Supplementierung.<\/p>\n<p>NOW Foods steht seit Jahrzehnten f\u00fcr h\u00f6chste Qualit\u00e4tsstandards und produziert ausschliesslich in GMP-zertifizierten Anlagen. Dieses Produkt ist vegan, vegetarisch sowie frei von Gluten und Laktose \u2013 ideal f\u00fcr eine Vielzahl von Ern\u00e4hrungsweisen.<\/p>\n<\/p><\/div>\n<div class=\"chcg-nutrition\">\n<h3>N\u00e4hrwertangaben<\/h3>\n<table class=\"chcg-nutrition-table\">\n<thead>\n<tr>\n<th>N\u00e4hrstoff<\/th>\n<th>Pro Portion (ca. 500 mg)<\/th>\n<\/tr>\n<\/thead>\n<tbody>\n<tr>\n<td>Magnesium (als Magnesiumoxid)<\/td>\n<td>290 mg (77% NRW)<\/td>\n<\/tr>\n<\/tbody>\n<\/table><\/div>\n<div class=\"chcg-ingredients\">\n<h3>Zutaten<\/h3>\n<p>Magnesium (als Magnesiumoxid). Andere Zutaten: Keine.<\/p>\n<\/p><\/div>\n<div class=\"chcg-dosage\">\n<h3>Verzehrempfehlung<\/h3>\n<p>1\/4 gestrichenen Teel\u00f6ffel Pulver in mindestens 180 ml (6 oz.) kaltes Wasser oder eine klare Fl\u00fcssigkeit einr\u00fchren. Einmal t\u00e4glich zu einer Mahlzeit einnehmen. Reines Magnesiumoxidpulver kann beim Kontakt mit Fl\u00fcssigkeiten deren Temperatur erh\u00f6hen; daher MUSS die empfohlene Portion vor dem Verzehr unbedingt in mindestens 180 ml (6 oz.) kalter Fl\u00fcssigkeit aufgel\u00f6st werden, um diese Reaktion zu neutralisieren.<\/p>\n<\/p><\/div>\n<div class=\"chcg-warnings\">\n<h3>Warnhinweise<\/h3>\n<p>Dieses Produkt muss vor dem Verzehr in mindestens 180 ml (6 oz.) kaltem Wasser oder einer klaren Fl\u00fcssigkeit aufgel\u00f6st werden. Pulver nicht einatmen und Kontakt mit Haut, Augen und Kleidung vermeiden. Nur f\u00fcr Erwachsene. Bei Schwangerschaft oder Stillzeit, bei Einnahme von Medikamenten oder bei bestehenden gesundheitlichen Beschwerden ist vor der Einnahme ein Arzt zu konsultieren. Ausserhalb der Reichweite von Kindern aufbewahren.<\/p>\n<\/p><\/div>\n<div class=\"chcg-allergens\">\n<h3>Allergeninformationen<\/h3>\n<p>Nicht hergestellt mit Weizen, Gluten, Soja, Milch, Ei, Fisch, Schalentieren, Schalenfr\u00fcchten oder Sesam. Produziert in einer GMP-Anlage, die andere Zutaten verarbeitet, welche diese Allergene enthalten.<\/p>\n<\/p><\/div>\n<div class=\"chcg-storage\">\n<h3>Lagerung<\/h3>\n<p>Nach dem \u00d6ffnen an einem k\u00fchlen, trockenen Ort aufbewahren.<\/p>\n<\/p><\/div>\n<div class=\"chcg-dietary\">\n<h3>Ern\u00e4hrungshinweise<\/h3>\n<ul>\n<li>Vegan<\/li>\n<li>Vegetarisch<\/li>\n<li>Glutenfrei<\/li>\n<li>Laktosefrei<\/li>\n<\/ul><\/div>\n<\/div>\n","protected":false},"excerpt":{"rendered":"<p>NOW Foods Magnesium Oxide Pulver liefert 290 mg elementares Magnesium pro Portion zur Unterst\u00fctzung normaler Muskelfunktion und Energiestoffwechsel. Reines Pulver ohne Zusatzstoffe, 227 g Inhalt. Vegan und glutenfrei.<\/p>\n","protected":false},"featured_media":4962,"comment_status":"closed","ping_status":"open","template":"","meta":[],"product_brand":[454],"product_cat":[23,48,22,171,21],"product_tag":[],"class_list":{"0":"post-4961","1":"product","2":"type-product","3":"status-publish","4":"has-post-thumbnail","6":"product_brand-nownow-foods","7":"product_cat-einige-mineralien","8":"product_cat-gesunde-ernaehrung","9":"product_cat-vegane-produkte","10":"product_cat-vitamine-und-mineralien","11":"product_cat-vitamine-und-mineralstoffe","13":"first","14":"outofstock","15":"taxable","16":"shipping-taxable","17":"purchasable","18":"product-type-simple"},"yoast_head":"<!-- This site is optimized with the Yoast SEO plugin v27.5 - https:\/\/yoast.com\/product\/yoast-seo-wordpress\/ -->\n<title>Magnesium Oxide Pulver 227g \u2013 NOW Foods | ecosupplements.ch<\/title>\n<meta name=\"description\" content=\"Reines Magnesiumoxid-Pulver von NOW Foods mit 290 mg Magnesium pro Portion \u2013 vegan, glutenfrei, ohne Zusatzstoffe. 227 g Inhalt. Jetzt bestellen.\" \/>\n<meta name=\"robots\" content=\"index, follow, max-snippet:-1, max-image-preview:large, max-video-preview:-1\" \/>\n<link rel=\"canonical\" href=\"https:\/\/ecosupplements.ch\/?product=magnesium-oxide-pure-powder-227g\" \/>\n<meta property=\"og:locale\" content=\"de_DE\" \/>\n<meta property=\"og:type\" content=\"article\" \/>\n<meta property=\"og:title\" content=\"Magnesium Oxide Pulver 227g \u2013 NOW Foods | ecosupplements.ch\" \/>\n<meta property=\"og:description\" content=\"Reines Magnesiumoxid-Pulver von NOW Foods mit 290 mg Magnesium pro Portion \u2013 vegan, glutenfrei, ohne Zusatzstoffe. 227 g Inhalt. Jetzt bestellen.\" \/>\n<meta property=\"og:url\" content=\"https:\/\/ecosupplements.ch\/?product=magnesium-oxide-pure-powder-227g\" \/>\n<meta property=\"og:site_name\" content=\"Eco Supplements\" \/>\n<meta property=\"article:modified_time\" content=\"2026-05-13T07:23:15+00:00\" \/>\n<meta property=\"og:image\" content=\"https:\/\/ecosupplements.ch\/wp-content\/uploads\/2026\/05\/Magnesium-Oxide-Pure-Powder-227g.webp\" \/>\n\t<meta property=\"og:image:width\" content=\"1000\" \/>\n\t<meta property=\"og:image:height\" content=\"1000\" \/>\n\t<meta property=\"og:image:type\" content=\"image\/jpeg\" \/>\n<meta name=\"twitter:card\" content=\"summary_large_image\" \/>\n<meta name=\"twitter:label1\" content=\"Price\" \/>\n\t<meta name=\"twitter:data1\" content=\"&#067;&#072;&#070;&nbsp;13.23\" \/>\n\t<meta name=\"twitter:label2\" content=\"Availability\" \/>\n\t<meta name=\"twitter:data2\" content=\"Out of stock\" \/>\n<script type=\"application\/ld+json\" class=\"yoast-schema-graph\">{\"@context\":\"https:\\\/\\\/schema.org\",\"@graph\":[{\"@type\":\"WebPage\",\"@id\":\"https:\\\/\\\/ecosupplements.ch\\\/?product=magnesium-oxide-pure-powder-227g\",\"url\":\"https:\\\/\\\/ecosupplements.ch\\\/?product=magnesium-oxide-pure-powder-227g\",\"name\":\"Magnesium Oxide Pulver 227g \u2013 NOW Foods | ecosupplements.ch\",\"isPartOf\":{\"@id\":\"https:\\\/\\\/ecosupplements.ch\\\/#website\"},\"primaryImageOfPage\":{\"@id\":\"https:\\\/\\\/ecosupplements.ch\\\/?product=magnesium-oxide-pure-powder-227g#primaryimage\"},\"image\":{\"@id\":\"https:\\\/\\\/ecosupplements.ch\\\/?product=magnesium-oxide-pure-powder-227g#primaryimage\"},\"thumbnailUrl\":\"https:\\\/\\\/ecosupplements.ch\\\/wp-content\\\/uploads\\\/2026\\\/05\\\/Magnesium-Oxide-Pure-Powder-227g.webp\",\"datePublished\":\"2026-05-11T15:02:47+00:00\",\"dateModified\":\"2026-05-13T07:23:15+00:00\",\"description\":\"Reines Magnesiumoxid-Pulver von NOW Foods mit 290 mg Magnesium pro Portion \u2013 vegan, glutenfrei, ohne Zusatzstoffe. 227 g Inhalt. Jetzt bestellen.\",\"breadcrumb\":{\"@id\":\"https:\\\/\\\/ecosupplements.ch\\\/?product=magnesium-oxide-pure-powder-227g#breadcrumb\"},\"inLanguage\":\"de-CH\",\"potentialAction\":[{\"@type\":\"ReadAction\",\"target\":[\"https:\\\/\\\/ecosupplements.ch\\\/?product=magnesium-oxide-pure-powder-227g\"]}]},{\"@type\":\"ImageObject\",\"inLanguage\":\"de-CH\",\"@id\":\"https:\\\/\\\/ecosupplements.ch\\\/?product=magnesium-oxide-pure-powder-227g#primaryimage\",\"url\":\"https:\\\/\\\/ecosupplements.ch\\\/wp-content\\\/uploads\\\/2026\\\/05\\\/Magnesium-Oxide-Pure-Powder-227g.webp\",\"contentUrl\":\"https:\\\/\\\/ecosupplements.ch\\\/wp-content\\\/uploads\\\/2026\\\/05\\\/Magnesium-Oxide-Pure-Powder-227g.webp\",\"width\":1000,\"height\":1000,\"caption\":\"Magnesium Oxide\"},{\"@type\":\"BreadcrumbList\",\"@id\":\"https:\\\/\\\/ecosupplements.ch\\\/?product=magnesium-oxide-pure-powder-227g#breadcrumb\",\"itemListElement\":[{\"@type\":\"ListItem\",\"position\":1,\"name\":\"Home\",\"item\":\"https:\\\/\\\/ecosupplements.ch\\\/\"},{\"@type\":\"ListItem\",\"position\":2,\"name\":\"Shop\",\"item\":\"https:\\\/\\\/ecosupplements.ch\\\/?page_id=14\"},{\"@type\":\"ListItem\",\"position\":3,\"name\":\"Magnesium Oxide, Pure Powder &#8211; 227g\"}]},{\"@type\":\"WebSite\",\"@id\":\"https:\\\/\\\/ecosupplements.ch\\\/#website\",\"url\":\"https:\\\/\\\/ecosupplements.ch\\\/\",\"name\":\"Eco Supplements\",\"description\":\"\",\"potentialAction\":[{\"@type\":\"SearchAction\",\"target\":{\"@type\":\"EntryPoint\",\"urlTemplate\":\"https:\\\/\\\/ecosupplements.ch\\\/?s={search_term_string}\"},\"query-input\":{\"@type\":\"PropertyValueSpecification\",\"valueRequired\":true,\"valueName\":\"search_term_string\"}}],\"inLanguage\":\"de-CH\"}]}<\/script>\n<meta property=\"product:price:amount\" content=\"13.23\" \/>\n<meta property=\"product:price:currency\" content=\"CHF\" \/>\n<meta property=\"og:availability\" content=\"out of stock\" \/>\n<meta property=\"product:availability\" content=\"out of stock\" \/>\n<meta property=\"product:retailer_item_id\" content=\"733739013101\" \/>\n<meta property=\"product:condition\" content=\"new\" \/>\n<!-- \/ Yoast SEO plugin. -->","yoast_head_json":{"title":"Magnesium Oxide Pulver 227g \u2013 NOW Foods | ecosupplements.ch","description":"Reines Magnesiumoxid-Pulver von NOW Foods mit 290 mg Magnesium pro Portion \u2013 vegan, glutenfrei, ohne Zusatzstoffe. 227 g Inhalt. Jetzt bestellen.","robots":{"index":"index","follow":"follow","max-snippet":"max-snippet:-1","max-image-preview":"max-image-preview:large","max-video-preview":"max-video-preview:-1"},"canonical":"https:\/\/ecosupplements.ch\/?product=magnesium-oxide-pure-powder-227g","og_locale":"de_DE","og_type":"article","og_title":"Magnesium Oxide Pulver 227g \u2013 NOW Foods | ecosupplements.ch","og_description":"Reines Magnesiumoxid-Pulver von NOW Foods mit 290 mg Magnesium pro Portion \u2013 vegan, glutenfrei, ohne Zusatzstoffe. 227 g Inhalt. Jetzt bestellen.","og_url":"https:\/\/ecosupplements.ch\/?product=magnesium-oxide-pure-powder-227g","og_site_name":"Eco Supplements","article_modified_time":"2026-05-13T07:23:15+00:00","og_image":[{"width":1000,"height":1000,"url":"https:\/\/ecosupplements.ch\/wp-content\/uploads\/2026\/05\/Magnesium-Oxide-Pure-Powder-227g.webp","type":"image\/jpeg"}],"twitter_card":"summary_large_image","twitter_misc":{"Price":"&#67;&#72;&#70;&nbsp;13.23","Availability":"Out of stock"},"schema":{"@context":"https:\/\/schema.org","@graph":[{"@type":"WebPage","@id":"https:\/\/ecosupplements.ch\/?product=magnesium-oxide-pure-powder-227g","url":"https:\/\/ecosupplements.ch\/?product=magnesium-oxide-pure-powder-227g","name":"Magnesium Oxide Pulver 227g \u2013 NOW Foods | ecosupplements.ch","isPartOf":{"@id":"https:\/\/ecosupplements.ch\/#website"},"primaryImageOfPage":{"@id":"https:\/\/ecosupplements.ch\/?product=magnesium-oxide-pure-powder-227g#primaryimage"},"image":{"@id":"https:\/\/ecosupplements.ch\/?product=magnesium-oxide-pure-powder-227g#primaryimage"},"thumbnailUrl":"https:\/\/ecosupplements.ch\/wp-content\/uploads\/2026\/05\/Magnesium-Oxide-Pure-Powder-227g.webp","datePublished":"2026-05-11T15:02:47+00:00","dateModified":"2026-05-13T07:23:15+00:00","description":"Reines Magnesiumoxid-Pulver von NOW Foods mit 290 mg Magnesium pro Portion \u2013 vegan, glutenfrei, ohne Zusatzstoffe. 227 g Inhalt. Jetzt bestellen.","breadcrumb":{"@id":"https:\/\/ecosupplements.ch\/?product=magnesium-oxide-pure-powder-227g#breadcrumb"},"inLanguage":"de-CH","potentialAction":[{"@type":"ReadAction","target":["https:\/\/ecosupplements.ch\/?product=magnesium-oxide-pure-powder-227g"]}]},{"@type":"ImageObject","inLanguage":"de-CH","@id":"https:\/\/ecosupplements.ch\/?product=magnesium-oxide-pure-powder-227g#primaryimage","url":"https:\/\/ecosupplements.ch\/wp-content\/uploads\/2026\/05\/Magnesium-Oxide-Pure-Powder-227g.webp","contentUrl":"https:\/\/ecosupplements.ch\/wp-content\/uploads\/2026\/05\/Magnesium-Oxide-Pure-Powder-227g.webp","width":1000,"height":1000,"caption":"Magnesium Oxide"},{"@type":"BreadcrumbList","@id":"https:\/\/ecosupplements.ch\/?product=magnesium-oxide-pure-powder-227g#breadcrumb","itemListElement":[{"@type":"ListItem","position":1,"name":"Home","item":"https:\/\/ecosupplements.ch\/"},{"@type":"ListItem","position":2,"name":"Shop","item":"https:\/\/ecosupplements.ch\/?page_id=14"},{"@type":"ListItem","position":3,"name":"Magnesium Oxide, Pure Powder &#8211; 227g"}]},{"@type":"WebSite","@id":"https:\/\/ecosupplements.ch\/#website","url":"https:\/\/ecosupplements.ch\/","name":"Eco Supplements","description":"","potentialAction":[{"@type":"SearchAction","target":{"@type":"EntryPoint","urlTemplate":"https:\/\/ecosupplements.ch\/?s={search_term_string}"},"query-input":{"@type":"PropertyValueSpecification","valueRequired":true,"valueName":"search_term_string"}}],"inLanguage":"de-CH"}]},"product_price_amount":"13.23","product_price_currency":"CHF","og_availability":"out of stock","product_availability":"out of stock","product_retailer_item_id":"733739013101","product_condition":"new"},"_links":{"self":[{"href":"https:\/\/ecosupplements.ch\/index.php?rest_route=\/wp\/v2\/product\/4961","targetHints":{"allow":["GET"]}}],"collection":[{"href":"https:\/\/ecosupplements.ch\/index.php?rest_route=\/wp\/v2\/product"}],"about":[{"href":"https:\/\/ecosupplements.ch\/index.php?rest_route=\/wp\/v2\/types\/product"}],"replies":[{"embeddable":true,"href":"https:\/\/ecosupplements.ch\/index.php?rest_route=%2Fwp%2Fv2%2Fcomments&post=4961"}],"wp:featuredmedia":[{"embeddable":true,"href":"https:\/\/ecosupplements.ch\/index.php?rest_route=\/wp\/v2\/media\/4962"}],"wp:attachment":[{"href":"https:\/\/ecosupplements.ch\/index.php?rest_route=%2Fwp%2Fv2%2Fmedia&parent=4961"}],"wp:term":[{"taxonomy":"product_brand","embeddable":true,"href":"https:\/\/ecosupplements.ch\/index.php?rest_route=%2Fwp%2Fv2%2Fproduct_brand&post=4961"},{"taxonomy":"product_cat","embeddable":true,"href":"https:\/\/ecosupplements.ch\/index.php?rest_route=%2Fwp%2Fv2%2Fproduct_cat&post=4961"},{"taxonomy":"product_tag","embeddable":true,"href":"https:\/\/ecosupplements.ch\/index.php?rest_route=%2Fwp%2Fv2%2Fproduct_tag&post=4961"}],"curies":[{"name":"wp","href":"https:\/\/api.w.org\/{rel}","templated":true}]}}