{"id":4970,"date":"2026-05-11T15:02:52","date_gmt":"2026-05-11T15:02:52","guid":{"rendered":"https:\/\/ecosupplements.ch\/?product=mega-d-3-mk-7-60-vcaps"},"modified":"2026-05-13T07:23:16","modified_gmt":"2026-05-13T07:23:16","slug":"mega-d-3-mk-7-60-vcaps","status":"publish","type":"product","link":"https:\/\/ecosupplements.ch\/?product=mega-d-3-mk-7-60-vcaps","title":{"rendered":"Mega D-3 &amp; MK-7 &#8211; 60 vcaps"},"content":{"rendered":"<div class=\"chcg-product-description\">\n<h2 class=\"chcg-heading\">\u00dcber NOW Foods \u2013 Mega D-3 &amp; MK-7 \u2013 60 Vkaps<\/h2>\n<div class=\"chcg-intro\">\n<p>Mega D-3 &amp; MK-7 von NOW Foods kombiniert zwei essentielle fettl\u00f6sliche Vitamine in einer einzigen vegetarischen Kapsel: Vitamin D3 (Cholecalciferol) in einer Hochdosis von 5&#8217;000 IU (125 mcg) sowie Vitamin K2 in Form von Menaquinon-7 (MK-7) aus dem patentierten MenaQ7\u00ae-Extrakt. Vitamin D3 tr\u00e4gt zur normalen Aufnahme und Verwertung von Kalzium und Phosphor bei und unterst\u00fctzt die Erhaltung normaler Knochen und Z\u00e4hne. Zus\u00e4tzlich tr\u00e4gt es zur normalen Muskelfunktion sowie zur normalen Funktion des Immunsystems bei.<\/p>\n<p>Vitamin K2 als MK-7 (MenaQ7\u00ae) ist eine besonders bioverf\u00fcgbare Form von Vitamin K, die zur normalen Blutgerinnung und zur Erhaltung normaler Knochen beitr\u00e4gt. Die Kombination von Vitamin D3 und K2 in einem Pr\u00e4parat erm\u00f6glicht eine praktische, t\u00e4gliche Einnahme und ist auf die Bed\u00fcrfnisse von Erwachsenen ausgerichtet, die auf eine gezielte N\u00e4hrstoffversorgung Wert legen.<\/p>\n<p>Das Produkt wird in einer GMP-zertifizierten Einrichtung hergestellt und ist in vegetarischen Kapseln aus Hypromellose erh\u00e4ltlich \u2013 ohne Gelatine und ohne Weizen, Gluten, Soja, Milch, Ei, Fisch, Schalentiere oder Sesam als Zutaten.<\/p>\n<\/p><\/div>\n<div class=\"chcg-nutrition\">\n<h3>N\u00e4hrwertangaben<\/h3>\n<table class=\"chcg-nutrition-table\">\n<thead>\n<tr>\n<th>N\u00e4hrstoff<\/th>\n<th>Pro Portion (1 Kapsel)<\/th>\n<\/tr>\n<\/thead>\n<tbody>\n<tr>\n<td>Vitamin D (als D3 Cholecalciferol) (aus Lanolin)<\/td>\n<td>125 mcg (5&#8217;000 IU) \u2014 625% NRV<\/td>\n<\/tr>\n<tr>\n<td>Vitamin K2 (als Menaquinon-7) (MK-7) (MenaQ7\u00ae) (aus Kichererbse)<\/td>\n<td>180 mcg \u2014 \u2020<\/td>\n<\/tr>\n<\/tbody>\n<\/table>\n<p class=\"chcg-footnote\">\u2020 Kein etablierter Tagesbedarf (N\u00e4hrstoffreferenzwert) vorhanden.<\/p>\n<\/p><\/div>\n<div class=\"chcg-ingredients\">\n<h3>Zutaten<\/h3>\n<p>Vitamin D (als D3 Cholecalciferol) (aus Lanolin) 125 mcg (5&#8217;000 IU), Vitamin K2 (als Menaquinon-7) (MK-7) (MenaQ7\u00ae) (aus Kichererbse) 180 mcg. Weitere Zutaten: Mikrokristalline Cellulose, Hypromellose (Cellulose-Kapsel) und Siliziumdioxid.<\/p>\n<p class=\"chcg-capsule-shell\">Kapselh\u00fclle: Hypromellose (Cellulose-Kapsel)<\/p>\n<\/p><\/div>\n<div class=\"chcg-dosage\">\n<h3>Verzehrempfehlung<\/h3>\n<p>T\u00e4glich 1 Kapsel zu einer Mahlzeit einnehmen.<\/p>\n<\/p><\/div>\n<div class=\"chcg-warnings\">\n<h3>Warnhinweise<\/h3>\n<p>Nur f\u00fcr Erwachsene. Bei Schwangerschaft oder Stillzeit, bei Einnahme von Antikoagulantien (wie Warfarin, Coumadin\u00ae, Heparin) oder anderen Medikamenten sowie bei bestehenden Erkrankungen ist vor der Einnahme ein Arzt zu konsultieren. Die Einnahme ist zwei Wochen vor einem chirurgischen Eingriff zu unterbrechen. Ausserhalb der Reichweite von Kindern aufbewahren.<\/p>\n<\/p><\/div>\n<div class=\"chcg-allergens\">\n<h3>Allergeninformationen<\/h3>\n<p>Nicht hergestellt mit Weizen, Gluten, Soja, Milch, Ei, Fisch, Schalentieren oder Sesam als Zutaten. Produziert in einer GMP-Einrichtung, die auch andere Zutaten verarbeitet, welche diese Allergene enthalten k\u00f6nnen.<\/p>\n<\/p><\/div>\n<div class=\"chcg-storage\">\n<h3>Lagerung<\/h3>\n<p>Nach dem \u00d6ffnen an einem k\u00fchlen, trockenen Ort aufbewahren.<\/p>\n<\/p><\/div>\n<div class=\"chcg-dietary\">\n<h3>Ern\u00e4hrungshinweise<\/h3>\n<ul>\n<li>Vegetarisch<\/li>\n<li>Glutenfrei<\/li>\n<li>Laktosefrei<\/li>\n<\/ul><\/div>\n<\/div>\n","protected":false},"excerpt":{"rendered":"<p>Mega D-3 &amp; MK-7 von NOW Foods liefert 5&#8217;000 IU Vitamin D3 und 180 mcg Vitamin K2 (MenaQ7\u00ae) pro vegetarischer Kapsel \u2013 zur Unterst\u00fctzung von Knochen und Immunsystem. 60 Vkaps pro Packung.<\/p>\n","protected":false},"featured_media":4971,"comment_status":"closed","ping_status":"open","template":"","meta":[],"product_brand":[454],"product_cat":[27,48,26,22,30,171,21],"product_tag":[],"class_list":{"0":"post-4970","1":"product","2":"type-product","3":"status-publish","4":"has-post-thumbnail","6":"product_brand-nownow-foods","7":"product_cat-einige-vitamine","8":"product_cat-gesunde-ernaehrung","9":"product_cat-multivitamine","10":"product_cat-vegane-produkte","11":"product_cat-vitamin-d","12":"product_cat-vitamine-und-mineralien","13":"product_cat-vitamine-und-mineralstoffe","15":"first","16":"outofstock","17":"taxable","18":"shipping-taxable","19":"purchasable","20":"product-type-simple"},"yoast_head":"<!-- This site is optimized with the Yoast SEO plugin v27.5 - https:\/\/yoast.com\/product\/yoast-seo-wordpress\/ -->\n<title>Mega D-3 &amp; MK-7 60 Vkaps \u2013 NOW Foods | ecosupplements.ch<\/title>\n<meta name=\"description\" content=\"NOW Foods Mega D-3 &amp; MK-7 kombiniert 5&#039;000 IU Vitamin D3 und 180 mcg MenaQ7\u00ae K2 in einer vegetarischen Kapsel \u2013 60 St\u00fcck pro Packung. Jetzt bestellen.\" \/>\n<meta name=\"robots\" content=\"index, follow, max-snippet:-1, max-image-preview:large, max-video-preview:-1\" \/>\n<link rel=\"canonical\" href=\"https:\/\/ecosupplements.ch\/?product=mega-d-3-mk-7-60-vcaps\" \/>\n<meta property=\"og:locale\" content=\"de_DE\" \/>\n<meta property=\"og:type\" content=\"article\" \/>\n<meta property=\"og:title\" content=\"Mega D-3 &amp; MK-7 60 Vkaps \u2013 NOW Foods | ecosupplements.ch\" \/>\n<meta property=\"og:description\" content=\"NOW Foods Mega D-3 &amp; MK-7 kombiniert 5&#039;000 IU Vitamin D3 und 180 mcg MenaQ7\u00ae K2 in einer vegetarischen Kapsel \u2013 60 St\u00fcck pro Packung. Jetzt bestellen.\" \/>\n<meta property=\"og:url\" content=\"https:\/\/ecosupplements.ch\/?product=mega-d-3-mk-7-60-vcaps\" \/>\n<meta property=\"og:site_name\" content=\"Eco Supplements\" \/>\n<meta property=\"article:modified_time\" content=\"2026-05-13T07:23:16+00:00\" \/>\n<meta property=\"og:image\" content=\"https:\/\/ecosupplements.ch\/wp-content\/uploads\/2026\/05\/Mega-D-3-MK-7-60-vcaps.webp\" \/>\n\t<meta property=\"og:image:width\" content=\"1000\" \/>\n\t<meta property=\"og:image:height\" content=\"1000\" \/>\n\t<meta property=\"og:image:type\" content=\"image\/jpeg\" \/>\n<meta name=\"twitter:card\" content=\"summary_large_image\" \/>\n<meta name=\"twitter:label1\" content=\"Price\" \/>\n\t<meta name=\"twitter:data1\" content=\"&#067;&#072;&#070;&nbsp;20.19\" \/>\n\t<meta name=\"twitter:label2\" content=\"Availability\" \/>\n\t<meta name=\"twitter:data2\" content=\"Out of stock\" \/>\n<script type=\"application\/ld+json\" class=\"yoast-schema-graph\">{\"@context\":\"https:\\\/\\\/schema.org\",\"@graph\":[{\"@type\":\"WebPage\",\"@id\":\"https:\\\/\\\/ecosupplements.ch\\\/?product=mega-d-3-mk-7-60-vcaps\",\"url\":\"https:\\\/\\\/ecosupplements.ch\\\/?product=mega-d-3-mk-7-60-vcaps\",\"name\":\"Mega D-3 & MK-7 60 Vkaps \u2013 NOW Foods | ecosupplements.ch\",\"isPartOf\":{\"@id\":\"https:\\\/\\\/ecosupplements.ch\\\/#website\"},\"primaryImageOfPage\":{\"@id\":\"https:\\\/\\\/ecosupplements.ch\\\/?product=mega-d-3-mk-7-60-vcaps#primaryimage\"},\"image\":{\"@id\":\"https:\\\/\\\/ecosupplements.ch\\\/?product=mega-d-3-mk-7-60-vcaps#primaryimage\"},\"thumbnailUrl\":\"https:\\\/\\\/ecosupplements.ch\\\/wp-content\\\/uploads\\\/2026\\\/05\\\/Mega-D-3-MK-7-60-vcaps.webp\",\"datePublished\":\"2026-05-11T15:02:52+00:00\",\"dateModified\":\"2026-05-13T07:23:16+00:00\",\"description\":\"NOW Foods Mega D-3 & MK-7 kombiniert 5'000 IU Vitamin D3 und 180 mcg MenaQ7\u00ae K2 in einer vegetarischen Kapsel \u2013 60 St\u00fcck pro Packung. Jetzt bestellen.\",\"breadcrumb\":{\"@id\":\"https:\\\/\\\/ecosupplements.ch\\\/?product=mega-d-3-mk-7-60-vcaps#breadcrumb\"},\"inLanguage\":\"de-CH\",\"potentialAction\":[{\"@type\":\"ReadAction\",\"target\":[\"https:\\\/\\\/ecosupplements.ch\\\/?product=mega-d-3-mk-7-60-vcaps\"]}]},{\"@type\":\"ImageObject\",\"inLanguage\":\"de-CH\",\"@id\":\"https:\\\/\\\/ecosupplements.ch\\\/?product=mega-d-3-mk-7-60-vcaps#primaryimage\",\"url\":\"https:\\\/\\\/ecosupplements.ch\\\/wp-content\\\/uploads\\\/2026\\\/05\\\/Mega-D-3-MK-7-60-vcaps.webp\",\"contentUrl\":\"https:\\\/\\\/ecosupplements.ch\\\/wp-content\\\/uploads\\\/2026\\\/05\\\/Mega-D-3-MK-7-60-vcaps.webp\",\"width\":1000,\"height\":1000,\"caption\":\"Mega D-3 & MK-7 - 60 vcaps\"},{\"@type\":\"BreadcrumbList\",\"@id\":\"https:\\\/\\\/ecosupplements.ch\\\/?product=mega-d-3-mk-7-60-vcaps#breadcrumb\",\"itemListElement\":[{\"@type\":\"ListItem\",\"position\":1,\"name\":\"Home\",\"item\":\"https:\\\/\\\/ecosupplements.ch\\\/\"},{\"@type\":\"ListItem\",\"position\":2,\"name\":\"Shop\",\"item\":\"https:\\\/\\\/ecosupplements.ch\\\/?page_id=14\"},{\"@type\":\"ListItem\",\"position\":3,\"name\":\"Mega D-3 &amp; MK-7 &#8211; 60 vcaps\"}]},{\"@type\":\"WebSite\",\"@id\":\"https:\\\/\\\/ecosupplements.ch\\\/#website\",\"url\":\"https:\\\/\\\/ecosupplements.ch\\\/\",\"name\":\"Eco Supplements\",\"description\":\"\",\"potentialAction\":[{\"@type\":\"SearchAction\",\"target\":{\"@type\":\"EntryPoint\",\"urlTemplate\":\"https:\\\/\\\/ecosupplements.ch\\\/?s={search_term_string}\"},\"query-input\":{\"@type\":\"PropertyValueSpecification\",\"valueRequired\":true,\"valueName\":\"search_term_string\"}}],\"inLanguage\":\"de-CH\"}]}<\/script>\n<meta property=\"product:price:amount\" content=\"20.19\" \/>\n<meta property=\"product:price:currency\" content=\"CHF\" \/>\n<meta property=\"og:availability\" content=\"out of stock\" \/>\n<meta property=\"product:availability\" content=\"out of stock\" \/>\n<meta property=\"product:retailer_item_id\" content=\"733739003843\" \/>\n<meta property=\"product:condition\" content=\"new\" \/>\n<!-- \/ Yoast SEO plugin. -->","yoast_head_json":{"title":"Mega D-3 & MK-7 60 Vkaps \u2013 NOW Foods | ecosupplements.ch","description":"NOW Foods Mega D-3 & MK-7 kombiniert 5'000 IU Vitamin D3 und 180 mcg MenaQ7\u00ae K2 in einer vegetarischen Kapsel \u2013 60 St\u00fcck pro Packung. Jetzt bestellen.","robots":{"index":"index","follow":"follow","max-snippet":"max-snippet:-1","max-image-preview":"max-image-preview:large","max-video-preview":"max-video-preview:-1"},"canonical":"https:\/\/ecosupplements.ch\/?product=mega-d-3-mk-7-60-vcaps","og_locale":"de_DE","og_type":"article","og_title":"Mega D-3 & MK-7 60 Vkaps \u2013 NOW Foods | ecosupplements.ch","og_description":"NOW Foods Mega D-3 & MK-7 kombiniert 5'000 IU Vitamin D3 und 180 mcg MenaQ7\u00ae K2 in einer vegetarischen Kapsel \u2013 60 St\u00fcck pro Packung. Jetzt bestellen.","og_url":"https:\/\/ecosupplements.ch\/?product=mega-d-3-mk-7-60-vcaps","og_site_name":"Eco Supplements","article_modified_time":"2026-05-13T07:23:16+00:00","og_image":[{"width":1000,"height":1000,"url":"https:\/\/ecosupplements.ch\/wp-content\/uploads\/2026\/05\/Mega-D-3-MK-7-60-vcaps.webp","type":"image\/jpeg"}],"twitter_card":"summary_large_image","twitter_misc":{"Price":"&#67;&#72;&#70;&nbsp;20.19","Availability":"Out of stock"},"schema":{"@context":"https:\/\/schema.org","@graph":[{"@type":"WebPage","@id":"https:\/\/ecosupplements.ch\/?product=mega-d-3-mk-7-60-vcaps","url":"https:\/\/ecosupplements.ch\/?product=mega-d-3-mk-7-60-vcaps","name":"Mega D-3 & MK-7 60 Vkaps \u2013 NOW Foods | ecosupplements.ch","isPartOf":{"@id":"https:\/\/ecosupplements.ch\/#website"},"primaryImageOfPage":{"@id":"https:\/\/ecosupplements.ch\/?product=mega-d-3-mk-7-60-vcaps#primaryimage"},"image":{"@id":"https:\/\/ecosupplements.ch\/?product=mega-d-3-mk-7-60-vcaps#primaryimage"},"thumbnailUrl":"https:\/\/ecosupplements.ch\/wp-content\/uploads\/2026\/05\/Mega-D-3-MK-7-60-vcaps.webp","datePublished":"2026-05-11T15:02:52+00:00","dateModified":"2026-05-13T07:23:16+00:00","description":"NOW Foods Mega D-3 & MK-7 kombiniert 5'000 IU Vitamin D3 und 180 mcg MenaQ7\u00ae K2 in einer vegetarischen Kapsel \u2013 60 St\u00fcck pro Packung. Jetzt bestellen.","breadcrumb":{"@id":"https:\/\/ecosupplements.ch\/?product=mega-d-3-mk-7-60-vcaps#breadcrumb"},"inLanguage":"de-CH","potentialAction":[{"@type":"ReadAction","target":["https:\/\/ecosupplements.ch\/?product=mega-d-3-mk-7-60-vcaps"]}]},{"@type":"ImageObject","inLanguage":"de-CH","@id":"https:\/\/ecosupplements.ch\/?product=mega-d-3-mk-7-60-vcaps#primaryimage","url":"https:\/\/ecosupplements.ch\/wp-content\/uploads\/2026\/05\/Mega-D-3-MK-7-60-vcaps.webp","contentUrl":"https:\/\/ecosupplements.ch\/wp-content\/uploads\/2026\/05\/Mega-D-3-MK-7-60-vcaps.webp","width":1000,"height":1000,"caption":"Mega D-3 & MK-7 - 60 vcaps"},{"@type":"BreadcrumbList","@id":"https:\/\/ecosupplements.ch\/?product=mega-d-3-mk-7-60-vcaps#breadcrumb","itemListElement":[{"@type":"ListItem","position":1,"name":"Home","item":"https:\/\/ecosupplements.ch\/"},{"@type":"ListItem","position":2,"name":"Shop","item":"https:\/\/ecosupplements.ch\/?page_id=14"},{"@type":"ListItem","position":3,"name":"Mega D-3 &amp; MK-7 &#8211; 60 vcaps"}]},{"@type":"WebSite","@id":"https:\/\/ecosupplements.ch\/#website","url":"https:\/\/ecosupplements.ch\/","name":"Eco Supplements","description":"","potentialAction":[{"@type":"SearchAction","target":{"@type":"EntryPoint","urlTemplate":"https:\/\/ecosupplements.ch\/?s={search_term_string}"},"query-input":{"@type":"PropertyValueSpecification","valueRequired":true,"valueName":"search_term_string"}}],"inLanguage":"de-CH"}]},"product_price_amount":"20.19","product_price_currency":"CHF","og_availability":"out of stock","product_availability":"out of stock","product_retailer_item_id":"733739003843","product_condition":"new"},"_links":{"self":[{"href":"https:\/\/ecosupplements.ch\/index.php?rest_route=\/wp\/v2\/product\/4970","targetHints":{"allow":["GET"]}}],"collection":[{"href":"https:\/\/ecosupplements.ch\/index.php?rest_route=\/wp\/v2\/product"}],"about":[{"href":"https:\/\/ecosupplements.ch\/index.php?rest_route=\/wp\/v2\/types\/product"}],"replies":[{"embeddable":true,"href":"https:\/\/ecosupplements.ch\/index.php?rest_route=%2Fwp%2Fv2%2Fcomments&post=4970"}],"wp:featuredmedia":[{"embeddable":true,"href":"https:\/\/ecosupplements.ch\/index.php?rest_route=\/wp\/v2\/media\/4971"}],"wp:attachment":[{"href":"https:\/\/ecosupplements.ch\/index.php?rest_route=%2Fwp%2Fv2%2Fmedia&parent=4970"}],"wp:term":[{"taxonomy":"product_brand","embeddable":true,"href":"https:\/\/ecosupplements.ch\/index.php?rest_route=%2Fwp%2Fv2%2Fproduct_brand&post=4970"},{"taxonomy":"product_cat","embeddable":true,"href":"https:\/\/ecosupplements.ch\/index.php?rest_route=%2Fwp%2Fv2%2Fproduct_cat&post=4970"},{"taxonomy":"product_tag","embeddable":true,"href":"https:\/\/ecosupplements.ch\/index.php?rest_route=%2Fwp%2Fv2%2Fproduct_tag&post=4970"}],"curies":[{"name":"wp","href":"https:\/\/api.w.org\/{rel}","templated":true}]}}