{"id":5009,"date":"2026-05-11T15:03:10","date_gmt":"2026-05-11T15:03:10","guid":{"rendered":"https:\/\/ecosupplements.ch\/?product=msm-methylsulphonylmethane-powder-227g"},"modified":"2026-05-13T07:23:17","modified_gmt":"2026-05-13T07:23:17","slug":"msm-methylsulphonylmethane-powder-227g","status":"publish","type":"product","link":"https:\/\/ecosupplements.ch\/?product=msm-methylsulphonylmethane-powder-227g","title":{"rendered":"MSM Methylsulphonylmethane, Powder &#8211; 227g"},"content":{"rendered":"<div class=\"chcg-product-description\">\n<h2 class=\"chcg-heading\">\u00dcber NOW Foods \u2013 MSM Methylsulphonylmethane, Pulver \u2013 227g<\/h2>\n<div class=\"chcg-intro\">\n<p>MSM (Methylsulfonylmethane) ist eine nat\u00fcrlich vorkommende schwefelhaltige Verbindung, die in vielen Lebensmitteln enthalten ist und vom K\u00f6rper gut aufgenommen wird. Als Nahrungserg\u00e4nzungsmittel in Pulverform l\u00e4sst sich MSM von NOW Foods einfach und flexibel in den Alltag integrieren \u2013 einfach in Saft oder eine andere Fl\u00fcssigkeit einr\u00fchren.<\/p>\n<p>Das Pulver von NOW Foods enth\u00e4lt ausschliesslich reines MSM ohne weitere Zusatzstoffe. Jede Portion liefert 1&#8217;800 mg Methylsulfonylmethane und eignet sich besonders f\u00fcr Personen, die eine unkomplizierte und reine Form der MSM-Supplementierung bevorzugen.<\/p>\n<p>NOW Foods steht seit Jahrzehnten f\u00fcr hochwertige Nahrungserg\u00e4nzungsmittel, die nach strengen GMP-Richtlinien (Good Manufacturing Practice) hergestellt werden. Das Produkt ist vegan, glutenfrei und enth\u00e4lt keine unn\u00f6tigen Zusatzstoffe.<\/p>\n<\/p><\/div>\n<div class=\"chcg-nutrition\">\n<h3>N\u00e4hrwertangaben<\/h3>\n<table class=\"chcg-nutrition-table\">\n<thead>\n<tr>\n<th>N\u00e4hrstoff<\/th>\n<th>Pro Portion (ca. 1,8 g)<\/th>\n<\/tr>\n<\/thead>\n<tbody>\n<tr>\n<td>MSM Pulver (Methylsulfonylmethane)<\/td>\n<td>1,8 g (1&#8217;800 mg)<\/td>\n<\/tr>\n<\/tbody>\n<\/table>\n<p class=\"chcg-footnote\">* Kein festgelegter Tagesbedarf.<\/p>\n<p class=\"chcg-footnote\">Portionsgr\u00f6sse: \u00bd Teel\u00f6ffel (ca. 1,8 g) | Portionen pro Beh\u00e4lter: ca. 126<\/p>\n<\/p><\/div>\n<div class=\"chcg-ingredients\">\n<h3>Zutaten<\/h3>\n<p>MSM Pulver (Methylsulfonylmethane) 1,8 g (1&#8217;800 mg) pro Portion.<\/p>\n<p>Weitere Zutaten: Keine.<\/p>\n<\/p><\/div>\n<div class=\"chcg-dosage\">\n<h3>Verzehrempfehlung<\/h3>\n<p>\u00bd Teel\u00f6ffel 1- bis 2-mal t\u00e4glich in Saft oder einer anderen Fl\u00fcssigkeit einnehmen. Bei Auftreten von Bl\u00e4hungen die Dosierung reduzieren.<\/p>\n<\/p><\/div>\n<div class=\"chcg-warnings\">\n<h3>Warnhinweise<\/h3>\n<p>Nur f\u00fcr Erwachsene. Bei Schwangerschaft oder Stillzeit, bei der Einnahme von Medikamenten oder bei einer bestehenden Erkrankung (insbesondere Glaukom) vor der Einnahme einen Arzt konsultieren. Ausserhalb der Reichweite von Kindern aufbewahren. Die empfohlene Tagesdosis nicht \u00fcberschreiten.<\/p>\n<\/p><\/div>\n<div class=\"chcg-allergens\">\n<h3>Allergeninformationen<\/h3>\n<p>Nicht hergestellt mit Hefe, Weizen, Gluten, Soja, Mais, Milch, Ei, Fisch, Schalentieren oder Baumn\u00fcssen als Zutaten. Produziert in einem GMP-zertifizierten Betrieb, der auch andere Zutaten verarbeitet, die diese Allergene enthalten.<\/p>\n<\/p><\/div>\n<div class=\"chcg-storage\">\n<h3>Lagerung<\/h3>\n<p>Nach dem \u00d6ffnen an einem k\u00fchlen, trockenen Ort lagern.<\/p>\n<\/p><\/div>\n<div class=\"chcg-dietary\">\n<h3>Ern\u00e4hrungshinweise<\/h3>\n<ul>\n<li>Vegan<\/li>\n<li>Vegetarisch<\/li>\n<li>Glutenfrei<\/li>\n<li>Laktosefrei<\/li>\n<\/ul><\/div>\n<\/div>\n","protected":false},"excerpt":{"rendered":"<p>Reines MSM Pulver von NOW Foods mit 1&#8217;800 mg Methylsulfonylmethane pro Portion \u2013 ohne Zusatzstoffe. Das Pulver (227 g, ca. 126 Portionen) l\u00e4sst sich einfach in Saft oder Wasser einr\u00fchren. Vegan, glutenfrei und laktosefrei.<\/p>\n","protected":false},"featured_media":5010,"comment_status":"closed","ping_status":"open","template":"","meta":[],"product_brand":[454],"product_cat":[23,48,25,148,99,22,21],"product_tag":[],"class_list":{"0":"post-5009","1":"product","2":"type-product","3":"status-publish","4":"has-post-thumbnail","6":"product_brand-nownow-foods","7":"product_cat-einige-mineralien","8":"product_cat-gesunde-ernaehrung","9":"product_cat-gesundheit-und-wohlbefinden","10":"product_cat-msm","11":"product_cat-unterstuetzung-fuer-die-gelenke","12":"product_cat-vegane-produkte","13":"product_cat-vitamine-und-mineralstoffe","15":"first","16":"outofstock","17":"taxable","18":"shipping-taxable","19":"purchasable","20":"product-type-simple"},"yoast_head":"<!-- This site is optimized with the Yoast SEO plugin v27.5 - https:\/\/yoast.com\/product\/yoast-seo-wordpress\/ -->\n<title>MSM Methylsulphonylmethane Pulver 227g \u2013 NOW Foods | ecosupplements.ch<\/title>\n<meta name=\"description\" content=\"Reines MSM Pulver von NOW Foods \u2013 1&#039;800 mg pro Portion, vegan und glutenfrei, 227 g (ca. 126 Portionen). Jetzt bestellen.\" \/>\n<meta name=\"robots\" content=\"index, follow, max-snippet:-1, max-image-preview:large, max-video-preview:-1\" \/>\n<link rel=\"canonical\" href=\"https:\/\/ecosupplements.ch\/?product=msm-methylsulphonylmethane-powder-227g\" \/>\n<meta property=\"og:locale\" content=\"de_DE\" \/>\n<meta property=\"og:type\" content=\"article\" \/>\n<meta property=\"og:title\" content=\"MSM Methylsulphonylmethane Pulver 227g \u2013 NOW Foods | ecosupplements.ch\" \/>\n<meta property=\"og:description\" content=\"Reines MSM Pulver von NOW Foods \u2013 1&#039;800 mg pro Portion, vegan und glutenfrei, 227 g (ca. 126 Portionen). Jetzt bestellen.\" \/>\n<meta property=\"og:url\" content=\"https:\/\/ecosupplements.ch\/?product=msm-methylsulphonylmethane-powder-227g\" \/>\n<meta property=\"og:site_name\" content=\"Eco Supplements\" \/>\n<meta property=\"article:modified_time\" content=\"2026-05-13T07:23:17+00:00\" \/>\n<meta property=\"og:image\" content=\"https:\/\/ecosupplements.ch\/wp-content\/uploads\/2026\/05\/MSM-Methylsulphonylmethane-Powder-227g.webp\" \/>\n\t<meta property=\"og:image:width\" content=\"1000\" \/>\n\t<meta property=\"og:image:height\" content=\"1000\" \/>\n\t<meta property=\"og:image:type\" content=\"image\/jpeg\" \/>\n<meta name=\"twitter:card\" content=\"summary_large_image\" \/>\n<meta name=\"twitter:label1\" content=\"Price\" \/>\n\t<meta name=\"twitter:data1\" content=\"&#067;&#072;&#070;&nbsp;13.35\" \/>\n\t<meta name=\"twitter:label2\" content=\"Availability\" \/>\n\t<meta name=\"twitter:data2\" content=\"Out of stock\" \/>\n<script type=\"application\/ld+json\" class=\"yoast-schema-graph\">{\"@context\":\"https:\\\/\\\/schema.org\",\"@graph\":[{\"@type\":\"WebPage\",\"@id\":\"https:\\\/\\\/ecosupplements.ch\\\/?product=msm-methylsulphonylmethane-powder-227g\",\"url\":\"https:\\\/\\\/ecosupplements.ch\\\/?product=msm-methylsulphonylmethane-powder-227g\",\"name\":\"MSM Methylsulphonylmethane Pulver 227g \u2013 NOW Foods | ecosupplements.ch\",\"isPartOf\":{\"@id\":\"https:\\\/\\\/ecosupplements.ch\\\/#website\"},\"primaryImageOfPage\":{\"@id\":\"https:\\\/\\\/ecosupplements.ch\\\/?product=msm-methylsulphonylmethane-powder-227g#primaryimage\"},\"image\":{\"@id\":\"https:\\\/\\\/ecosupplements.ch\\\/?product=msm-methylsulphonylmethane-powder-227g#primaryimage\"},\"thumbnailUrl\":\"https:\\\/\\\/ecosupplements.ch\\\/wp-content\\\/uploads\\\/2026\\\/05\\\/MSM-Methylsulphonylmethane-Powder-227g.webp\",\"datePublished\":\"2026-05-11T15:03:10+00:00\",\"dateModified\":\"2026-05-13T07:23:17+00:00\",\"description\":\"Reines MSM Pulver von NOW Foods \u2013 1'800 mg pro Portion, vegan und glutenfrei, 227 g (ca. 126 Portionen). Jetzt bestellen.\",\"breadcrumb\":{\"@id\":\"https:\\\/\\\/ecosupplements.ch\\\/?product=msm-methylsulphonylmethane-powder-227g#breadcrumb\"},\"inLanguage\":\"de-CH\",\"potentialAction\":[{\"@type\":\"ReadAction\",\"target\":[\"https:\\\/\\\/ecosupplements.ch\\\/?product=msm-methylsulphonylmethane-powder-227g\"]}]},{\"@type\":\"ImageObject\",\"inLanguage\":\"de-CH\",\"@id\":\"https:\\\/\\\/ecosupplements.ch\\\/?product=msm-methylsulphonylmethane-powder-227g#primaryimage\",\"url\":\"https:\\\/\\\/ecosupplements.ch\\\/wp-content\\\/uploads\\\/2026\\\/05\\\/MSM-Methylsulphonylmethane-Powder-227g.webp\",\"contentUrl\":\"https:\\\/\\\/ecosupplements.ch\\\/wp-content\\\/uploads\\\/2026\\\/05\\\/MSM-Methylsulphonylmethane-Powder-227g.webp\",\"width\":1000,\"height\":1000,\"caption\":\"MSM Methylsulphonylmethane\"},{\"@type\":\"BreadcrumbList\",\"@id\":\"https:\\\/\\\/ecosupplements.ch\\\/?product=msm-methylsulphonylmethane-powder-227g#breadcrumb\",\"itemListElement\":[{\"@type\":\"ListItem\",\"position\":1,\"name\":\"Home\",\"item\":\"https:\\\/\\\/ecosupplements.ch\\\/\"},{\"@type\":\"ListItem\",\"position\":2,\"name\":\"Shop\",\"item\":\"https:\\\/\\\/ecosupplements.ch\\\/?page_id=14\"},{\"@type\":\"ListItem\",\"position\":3,\"name\":\"MSM Methylsulphonylmethane, Powder &#8211; 227g\"}]},{\"@type\":\"WebSite\",\"@id\":\"https:\\\/\\\/ecosupplements.ch\\\/#website\",\"url\":\"https:\\\/\\\/ecosupplements.ch\\\/\",\"name\":\"Eco Supplements\",\"description\":\"\",\"potentialAction\":[{\"@type\":\"SearchAction\",\"target\":{\"@type\":\"EntryPoint\",\"urlTemplate\":\"https:\\\/\\\/ecosupplements.ch\\\/?s={search_term_string}\"},\"query-input\":{\"@type\":\"PropertyValueSpecification\",\"valueRequired\":true,\"valueName\":\"search_term_string\"}}],\"inLanguage\":\"de-CH\"}]}<\/script>\n<meta property=\"product:price:amount\" content=\"13.35\" \/>\n<meta property=\"product:price:currency\" content=\"CHF\" \/>\n<meta property=\"og:availability\" content=\"out of stock\" \/>\n<meta property=\"product:availability\" content=\"out of stock\" \/>\n<meta property=\"product:retailer_item_id\" content=\"733739021250\" \/>\n<meta property=\"product:condition\" content=\"new\" \/>\n<!-- \/ Yoast SEO plugin. -->","yoast_head_json":{"title":"MSM Methylsulphonylmethane Pulver 227g \u2013 NOW Foods | ecosupplements.ch","description":"Reines MSM Pulver von NOW Foods \u2013 1'800 mg pro Portion, vegan und glutenfrei, 227 g (ca. 126 Portionen). Jetzt bestellen.","robots":{"index":"index","follow":"follow","max-snippet":"max-snippet:-1","max-image-preview":"max-image-preview:large","max-video-preview":"max-video-preview:-1"},"canonical":"https:\/\/ecosupplements.ch\/?product=msm-methylsulphonylmethane-powder-227g","og_locale":"de_DE","og_type":"article","og_title":"MSM Methylsulphonylmethane Pulver 227g \u2013 NOW Foods | ecosupplements.ch","og_description":"Reines MSM Pulver von NOW Foods \u2013 1'800 mg pro Portion, vegan und glutenfrei, 227 g (ca. 126 Portionen). Jetzt bestellen.","og_url":"https:\/\/ecosupplements.ch\/?product=msm-methylsulphonylmethane-powder-227g","og_site_name":"Eco Supplements","article_modified_time":"2026-05-13T07:23:17+00:00","og_image":[{"width":1000,"height":1000,"url":"https:\/\/ecosupplements.ch\/wp-content\/uploads\/2026\/05\/MSM-Methylsulphonylmethane-Powder-227g.webp","type":"image\/jpeg"}],"twitter_card":"summary_large_image","twitter_misc":{"Price":"&#67;&#72;&#70;&nbsp;13.35","Availability":"Out of stock"},"schema":{"@context":"https:\/\/schema.org","@graph":[{"@type":"WebPage","@id":"https:\/\/ecosupplements.ch\/?product=msm-methylsulphonylmethane-powder-227g","url":"https:\/\/ecosupplements.ch\/?product=msm-methylsulphonylmethane-powder-227g","name":"MSM Methylsulphonylmethane Pulver 227g \u2013 NOW Foods | ecosupplements.ch","isPartOf":{"@id":"https:\/\/ecosupplements.ch\/#website"},"primaryImageOfPage":{"@id":"https:\/\/ecosupplements.ch\/?product=msm-methylsulphonylmethane-powder-227g#primaryimage"},"image":{"@id":"https:\/\/ecosupplements.ch\/?product=msm-methylsulphonylmethane-powder-227g#primaryimage"},"thumbnailUrl":"https:\/\/ecosupplements.ch\/wp-content\/uploads\/2026\/05\/MSM-Methylsulphonylmethane-Powder-227g.webp","datePublished":"2026-05-11T15:03:10+00:00","dateModified":"2026-05-13T07:23:17+00:00","description":"Reines MSM Pulver von NOW Foods \u2013 1'800 mg pro Portion, vegan und glutenfrei, 227 g (ca. 126 Portionen). Jetzt bestellen.","breadcrumb":{"@id":"https:\/\/ecosupplements.ch\/?product=msm-methylsulphonylmethane-powder-227g#breadcrumb"},"inLanguage":"de-CH","potentialAction":[{"@type":"ReadAction","target":["https:\/\/ecosupplements.ch\/?product=msm-methylsulphonylmethane-powder-227g"]}]},{"@type":"ImageObject","inLanguage":"de-CH","@id":"https:\/\/ecosupplements.ch\/?product=msm-methylsulphonylmethane-powder-227g#primaryimage","url":"https:\/\/ecosupplements.ch\/wp-content\/uploads\/2026\/05\/MSM-Methylsulphonylmethane-Powder-227g.webp","contentUrl":"https:\/\/ecosupplements.ch\/wp-content\/uploads\/2026\/05\/MSM-Methylsulphonylmethane-Powder-227g.webp","width":1000,"height":1000,"caption":"MSM Methylsulphonylmethane"},{"@type":"BreadcrumbList","@id":"https:\/\/ecosupplements.ch\/?product=msm-methylsulphonylmethane-powder-227g#breadcrumb","itemListElement":[{"@type":"ListItem","position":1,"name":"Home","item":"https:\/\/ecosupplements.ch\/"},{"@type":"ListItem","position":2,"name":"Shop","item":"https:\/\/ecosupplements.ch\/?page_id=14"},{"@type":"ListItem","position":3,"name":"MSM Methylsulphonylmethane, Powder &#8211; 227g"}]},{"@type":"WebSite","@id":"https:\/\/ecosupplements.ch\/#website","url":"https:\/\/ecosupplements.ch\/","name":"Eco Supplements","description":"","potentialAction":[{"@type":"SearchAction","target":{"@type":"EntryPoint","urlTemplate":"https:\/\/ecosupplements.ch\/?s={search_term_string}"},"query-input":{"@type":"PropertyValueSpecification","valueRequired":true,"valueName":"search_term_string"}}],"inLanguage":"de-CH"}]},"product_price_amount":"13.35","product_price_currency":"CHF","og_availability":"out of stock","product_availability":"out of stock","product_retailer_item_id":"733739021250","product_condition":"new"},"_links":{"self":[{"href":"https:\/\/ecosupplements.ch\/index.php?rest_route=\/wp\/v2\/product\/5009","targetHints":{"allow":["GET"]}}],"collection":[{"href":"https:\/\/ecosupplements.ch\/index.php?rest_route=\/wp\/v2\/product"}],"about":[{"href":"https:\/\/ecosupplements.ch\/index.php?rest_route=\/wp\/v2\/types\/product"}],"replies":[{"embeddable":true,"href":"https:\/\/ecosupplements.ch\/index.php?rest_route=%2Fwp%2Fv2%2Fcomments&post=5009"}],"wp:featuredmedia":[{"embeddable":true,"href":"https:\/\/ecosupplements.ch\/index.php?rest_route=\/wp\/v2\/media\/5010"}],"wp:attachment":[{"href":"https:\/\/ecosupplements.ch\/index.php?rest_route=%2Fwp%2Fv2%2Fmedia&parent=5009"}],"wp:term":[{"taxonomy":"product_brand","embeddable":true,"href":"https:\/\/ecosupplements.ch\/index.php?rest_route=%2Fwp%2Fv2%2Fproduct_brand&post=5009"},{"taxonomy":"product_cat","embeddable":true,"href":"https:\/\/ecosupplements.ch\/index.php?rest_route=%2Fwp%2Fv2%2Fproduct_cat&post=5009"},{"taxonomy":"product_tag","embeddable":true,"href":"https:\/\/ecosupplements.ch\/index.php?rest_route=%2Fwp%2Fv2%2Fproduct_tag&post=5009"}],"curies":[{"name":"wp","href":"https:\/\/api.w.org\/{rel}","templated":true}]}}