{"id":5027,"date":"2026-05-11T15:03:19","date_gmt":"2026-05-11T15:03:19","guid":{"rendered":"https:\/\/ecosupplements.ch\/?product=nac-pure-powder-113g"},"modified":"2026-05-13T07:25:26","modified_gmt":"2026-05-13T07:25:26","slug":"nac-pure-powder-113g","status":"publish","type":"product","link":"https:\/\/ecosupplements.ch\/?product=nac-pure-powder-113g","title":{"rendered":"NAC, Pure Powder &#8211; 113g"},"content":{"rendered":"<div class=\"chcg-product-description\">\n<h2 class=\"chcg-heading\">\u00dcber NOW \u2013 NAC, Reines Pulver \u2013 113g<\/h2>\n<div class=\"chcg-intro\">\n<p>N-Acetyl-Cystein (NAC) ist eine stabile, bioverf\u00fcgbare Form der Aminos\u00e4ure L-Cystein und gilt als wichtiger Vorl\u00e4ufer des k\u00f6rpereigenen Antioxidans Glutathion. Als hochwertiges Reinpulver von NOW eignet sich dieses Produkt ideal f\u00fcr alle, die Dosierung und Einnahmeform selbst bestimmen m\u00f6chten.<\/p>\n<p>Das NOW NAC Pulver enth\u00e4lt ausschliesslich N-Acetyl-Cystein ohne weitere Zusatzstoffe \u2013 ohne F\u00fcllstoffe, Bindemittel oder Tr\u00e4gerstoffe. Jede Portion liefert 600 mg reines NAC, und der Beh\u00e4lter enth\u00e4lt rund 188 Portionen, was ihn zu einer besonders wirtschaftlichen Wahl macht.<\/p>\n<p>Das Produkt wird in einer GMP-zertifizierten Anlage in den USA hergestellt und qualit\u00e4tsgepr\u00fcft, sodass h\u00f6chste Reinheits- und Sicherheitsstandards gew\u00e4hrleistet sind.<\/p>\n<\/p><\/div>\n<div class=\"chcg-nutrition\">\n<h3>N\u00e4hrwertangaben<\/h3>\n<table class=\"chcg-nutrition-table\">\n<thead>\n<tr>\n<th>N\u00e4hrstoff<\/th>\n<th>Pro Portion (600 mg)<\/th>\n<\/tr>\n<\/thead>\n<tbody>\n<tr>\n<td>N-Acetyl-Cystein (NAC)<\/td>\n<td>600 mg*<\/td>\n<\/tr>\n<\/tbody>\n<\/table>\n<p class=\"chcg-footnote\">* Kein etablierter t\u00e4glicher Referenzwert vorhanden.<\/p>\n<p class=\"chcg-footnote\">Portionsgr\u00f6sse: 1\/4 geh\u00e4ufter Teel\u00f6ffel (600 mg) | Portionen pro Beh\u00e4lter: ca. 188<\/p>\n<\/p><\/div>\n<div class=\"chcg-ingredients\">\n<h3>Zutaten<\/h3>\n<p>N-Acetyl-Cystein (NAC). Weitere Zutaten: Keine.<\/p>\n<\/p><\/div>\n<div class=\"chcg-dosage\">\n<h3>Verzehrempfehlung<\/h3>\n<p>1\/4 gestrichenen Teel\u00f6ffel 1- bis 3-mal t\u00e4glich einnehmen. Aufgrund des starken Eigengeschmacks dieses Pulvers empfehlen wir ausdr\u00fccklich, es mit einem s\u00e4urehaltigen Saft \u2013 wie z. B. Orangen- oder Cranberrysaft \u2013 zu mischen.<\/p>\n<\/p><\/div>\n<div class=\"chcg-warnings\">\n<h3>Warnhinweise<\/h3>\n<p>Nur f\u00fcr Erwachsene. Bei Schwangerschaft oder Stillzeit, bei der Einnahme von Medikamenten (insbesondere Nitroglycerin) oder bei bestehenden gesundheitlichen Beschwerden vor der Einnahme einen Arzt konsultieren. Ausserhalb der Reichweite von Kindern aufbewahren. Den beiliegenden Frischehalter nicht essen. Die Flasche zwischen den Verwendungen stets fest verschlossen halten. Bei Kontakt mit Luft k\u00f6nnen nat\u00fcrliche Farbver\u00e4nderungen am Produkt auftreten. Es k\u00f6nnen Flecken entstehen, die die Produktqualit\u00e4t jedoch nicht beeintr\u00e4chtigen. Dieses Produkt wird nach Gewicht, nicht nach Volumen verkauft. Abgef\u00fcllt und qualit\u00e4tsgepr\u00fcft in den USA.<\/p>\n<\/p><\/div>\n<div class=\"chcg-allergens\">\n<h3>Allergeninformationen<\/h3>\n<p>Nicht hergestellt mit Weizen, Gluten, Soja, Milch, Ei, Fisch, Schalentieren, Baumn\u00fcssen oder Sesam. Produziert in einer GMP-Anlage, die andere Zutaten mit diesen Allergenen verarbeitet.<\/p>\n<\/p><\/div>\n<div class=\"chcg-storage\">\n<h3>Lagerung<\/h3>\n<p>Nach dem \u00d6ffnen an einem k\u00fchlen, trockenen Ort aufbewahren.<\/p>\n<\/p><\/div>\n<div class=\"chcg-dietary\">\n<h3>Ern\u00e4hrungshinweise<\/h3>\n<ul>\n<li>Vegan<\/li>\n<li>Vegetarisch<\/li>\n<li>Glutenfrei<\/li>\n<li>Laktosefrei<\/li>\n<\/ul><\/div>\n<\/div>\n","protected":false},"excerpt":{"rendered":"<p>NOW NAC Reines Pulver liefert 600 mg N-Acetyl-Cystein pro Portion \u2013 ohne Zusatzstoffe. Das Pulver (113 g, ca. 188 Portionen) ist vegan, glutenfrei und ideal zum Mischen mit Fruchtsaft.<\/p>\n","protected":false},"featured_media":5028,"comment_status":"closed","ping_status":"open","template":"","meta":[],"product_brand":[464],"product_cat":[514,90,48,25,168],"product_tag":[],"class_list":{"0":"post-5027","1":"product","2":"type-product","3":"status-publish","4":"has-post-thumbnail","6":"product_brand-now","7":"product_cat-aminosaeuren-und-bcaas","8":"product_cat-fitness-training","9":"product_cat-gesunde-ernaehrung","10":"product_cat-gesundheit-und-wohlbefinden","11":"product_cat-n-acetyl","13":"first","14":"outofstock","15":"taxable","16":"shipping-taxable","17":"purchasable","18":"product-type-simple"},"yoast_head":"<!-- This site is optimized with the Yoast SEO plugin v27.5 - https:\/\/yoast.com\/product\/yoast-seo-wordpress\/ -->\n<title>NAC Reines Pulver 113g \u2013 NOW | ecosupplements.ch<\/title>\n<meta name=\"description\" content=\"NOW NAC Reines Pulver mit 600 mg N-Acetyl-Cystein pro Portion, ohne Zusatzstoffe \u2013 vegan und glutenfrei. 113 g, ca. 188 Portionen. Jetzt bestellen.\" \/>\n<meta name=\"robots\" content=\"index, follow, max-snippet:-1, max-image-preview:large, max-video-preview:-1\" \/>\n<link rel=\"canonical\" href=\"https:\/\/ecosupplements.ch\/?product=nac-pure-powder-113g\" \/>\n<meta property=\"og:locale\" content=\"de_DE\" \/>\n<meta property=\"og:type\" content=\"article\" \/>\n<meta property=\"og:title\" content=\"NAC Reines Pulver 113g \u2013 NOW | ecosupplements.ch\" \/>\n<meta property=\"og:description\" content=\"NOW NAC Reines Pulver mit 600 mg N-Acetyl-Cystein pro Portion, ohne Zusatzstoffe \u2013 vegan und glutenfrei. 113 g, ca. 188 Portionen. Jetzt bestellen.\" \/>\n<meta property=\"og:url\" content=\"https:\/\/ecosupplements.ch\/?product=nac-pure-powder-113g\" \/>\n<meta property=\"og:site_name\" content=\"Eco Supplements\" \/>\n<meta property=\"article:modified_time\" content=\"2026-05-13T07:25:26+00:00\" \/>\n<meta property=\"og:image\" content=\"https:\/\/ecosupplements.ch\/wp-content\/uploads\/2026\/05\/NAC-Pure-Powder-113g.webp\" \/>\n\t<meta property=\"og:image:width\" content=\"1000\" \/>\n\t<meta property=\"og:image:height\" content=\"1000\" \/>\n\t<meta property=\"og:image:type\" content=\"image\/jpeg\" \/>\n<meta name=\"twitter:card\" content=\"summary_large_image\" \/>\n<meta name=\"twitter:label1\" content=\"Price\" \/>\n\t<meta name=\"twitter:data1\" content=\"&#067;&#072;&#070;&nbsp;19.98\" \/>\n\t<meta name=\"twitter:label2\" content=\"Availability\" \/>\n\t<meta name=\"twitter:data2\" content=\"Out of stock\" \/>\n<script type=\"application\/ld+json\" class=\"yoast-schema-graph\">{\"@context\":\"https:\\\/\\\/schema.org\",\"@graph\":[{\"@type\":\"WebPage\",\"@id\":\"https:\\\/\\\/ecosupplements.ch\\\/?product=nac-pure-powder-113g\",\"url\":\"https:\\\/\\\/ecosupplements.ch\\\/?product=nac-pure-powder-113g\",\"name\":\"NAC Reines Pulver 113g \u2013 NOW | ecosupplements.ch\",\"isPartOf\":{\"@id\":\"https:\\\/\\\/ecosupplements.ch\\\/#website\"},\"primaryImageOfPage\":{\"@id\":\"https:\\\/\\\/ecosupplements.ch\\\/?product=nac-pure-powder-113g#primaryimage\"},\"image\":{\"@id\":\"https:\\\/\\\/ecosupplements.ch\\\/?product=nac-pure-powder-113g#primaryimage\"},\"thumbnailUrl\":\"https:\\\/\\\/ecosupplements.ch\\\/wp-content\\\/uploads\\\/2026\\\/05\\\/NAC-Pure-Powder-113g.webp\",\"datePublished\":\"2026-05-11T15:03:19+00:00\",\"dateModified\":\"2026-05-13T07:25:26+00:00\",\"description\":\"NOW NAC Reines Pulver mit 600 mg N-Acetyl-Cystein pro Portion, ohne Zusatzstoffe \u2013 vegan und glutenfrei. 113 g, ca. 188 Portionen. Jetzt bestellen.\",\"breadcrumb\":{\"@id\":\"https:\\\/\\\/ecosupplements.ch\\\/?product=nac-pure-powder-113g#breadcrumb\"},\"inLanguage\":\"de-CH\",\"potentialAction\":[{\"@type\":\"ReadAction\",\"target\":[\"https:\\\/\\\/ecosupplements.ch\\\/?product=nac-pure-powder-113g\"]}]},{\"@type\":\"ImageObject\",\"inLanguage\":\"de-CH\",\"@id\":\"https:\\\/\\\/ecosupplements.ch\\\/?product=nac-pure-powder-113g#primaryimage\",\"url\":\"https:\\\/\\\/ecosupplements.ch\\\/wp-content\\\/uploads\\\/2026\\\/05\\\/NAC-Pure-Powder-113g.webp\",\"contentUrl\":\"https:\\\/\\\/ecosupplements.ch\\\/wp-content\\\/uploads\\\/2026\\\/05\\\/NAC-Pure-Powder-113g.webp\",\"width\":1000,\"height\":1000,\"caption\":\"NAC\"},{\"@type\":\"BreadcrumbList\",\"@id\":\"https:\\\/\\\/ecosupplements.ch\\\/?product=nac-pure-powder-113g#breadcrumb\",\"itemListElement\":[{\"@type\":\"ListItem\",\"position\":1,\"name\":\"Home\",\"item\":\"https:\\\/\\\/ecosupplements.ch\\\/\"},{\"@type\":\"ListItem\",\"position\":2,\"name\":\"Shop\",\"item\":\"https:\\\/\\\/ecosupplements.ch\\\/?page_id=14\"},{\"@type\":\"ListItem\",\"position\":3,\"name\":\"NAC, Pure Powder &#8211; 113g\"}]},{\"@type\":\"WebSite\",\"@id\":\"https:\\\/\\\/ecosupplements.ch\\\/#website\",\"url\":\"https:\\\/\\\/ecosupplements.ch\\\/\",\"name\":\"Eco Supplements\",\"description\":\"\",\"potentialAction\":[{\"@type\":\"SearchAction\",\"target\":{\"@type\":\"EntryPoint\",\"urlTemplate\":\"https:\\\/\\\/ecosupplements.ch\\\/?s={search_term_string}\"},\"query-input\":{\"@type\":\"PropertyValueSpecification\",\"valueRequired\":true,\"valueName\":\"search_term_string\"}}],\"inLanguage\":\"de-CH\"}]}<\/script>\n<meta property=\"product:price:amount\" content=\"19.98\" \/>\n<meta property=\"product:price:currency\" content=\"CHF\" \/>\n<meta property=\"og:availability\" content=\"out of stock\" \/>\n<meta property=\"product:availability\" content=\"out of stock\" \/>\n<meta property=\"product:retailer_item_id\" content=\"733739001863\" \/>\n<meta property=\"product:condition\" content=\"new\" \/>\n<!-- \/ Yoast SEO plugin. -->","yoast_head_json":{"title":"NAC Reines Pulver 113g \u2013 NOW | ecosupplements.ch","description":"NOW NAC Reines Pulver mit 600 mg N-Acetyl-Cystein pro Portion, ohne Zusatzstoffe \u2013 vegan und glutenfrei. 113 g, ca. 188 Portionen. Jetzt bestellen.","robots":{"index":"index","follow":"follow","max-snippet":"max-snippet:-1","max-image-preview":"max-image-preview:large","max-video-preview":"max-video-preview:-1"},"canonical":"https:\/\/ecosupplements.ch\/?product=nac-pure-powder-113g","og_locale":"de_DE","og_type":"article","og_title":"NAC Reines Pulver 113g \u2013 NOW | ecosupplements.ch","og_description":"NOW NAC Reines Pulver mit 600 mg N-Acetyl-Cystein pro Portion, ohne Zusatzstoffe \u2013 vegan und glutenfrei. 113 g, ca. 188 Portionen. Jetzt bestellen.","og_url":"https:\/\/ecosupplements.ch\/?product=nac-pure-powder-113g","og_site_name":"Eco Supplements","article_modified_time":"2026-05-13T07:25:26+00:00","og_image":[{"width":1000,"height":1000,"url":"https:\/\/ecosupplements.ch\/wp-content\/uploads\/2026\/05\/NAC-Pure-Powder-113g.webp","type":"image\/jpeg"}],"twitter_card":"summary_large_image","twitter_misc":{"Price":"&#67;&#72;&#70;&nbsp;19.98","Availability":"Out of stock"},"schema":{"@context":"https:\/\/schema.org","@graph":[{"@type":"WebPage","@id":"https:\/\/ecosupplements.ch\/?product=nac-pure-powder-113g","url":"https:\/\/ecosupplements.ch\/?product=nac-pure-powder-113g","name":"NAC Reines Pulver 113g \u2013 NOW | ecosupplements.ch","isPartOf":{"@id":"https:\/\/ecosupplements.ch\/#website"},"primaryImageOfPage":{"@id":"https:\/\/ecosupplements.ch\/?product=nac-pure-powder-113g#primaryimage"},"image":{"@id":"https:\/\/ecosupplements.ch\/?product=nac-pure-powder-113g#primaryimage"},"thumbnailUrl":"https:\/\/ecosupplements.ch\/wp-content\/uploads\/2026\/05\/NAC-Pure-Powder-113g.webp","datePublished":"2026-05-11T15:03:19+00:00","dateModified":"2026-05-13T07:25:26+00:00","description":"NOW NAC Reines Pulver mit 600 mg N-Acetyl-Cystein pro Portion, ohne Zusatzstoffe \u2013 vegan und glutenfrei. 113 g, ca. 188 Portionen. Jetzt bestellen.","breadcrumb":{"@id":"https:\/\/ecosupplements.ch\/?product=nac-pure-powder-113g#breadcrumb"},"inLanguage":"de-CH","potentialAction":[{"@type":"ReadAction","target":["https:\/\/ecosupplements.ch\/?product=nac-pure-powder-113g"]}]},{"@type":"ImageObject","inLanguage":"de-CH","@id":"https:\/\/ecosupplements.ch\/?product=nac-pure-powder-113g#primaryimage","url":"https:\/\/ecosupplements.ch\/wp-content\/uploads\/2026\/05\/NAC-Pure-Powder-113g.webp","contentUrl":"https:\/\/ecosupplements.ch\/wp-content\/uploads\/2026\/05\/NAC-Pure-Powder-113g.webp","width":1000,"height":1000,"caption":"NAC"},{"@type":"BreadcrumbList","@id":"https:\/\/ecosupplements.ch\/?product=nac-pure-powder-113g#breadcrumb","itemListElement":[{"@type":"ListItem","position":1,"name":"Home","item":"https:\/\/ecosupplements.ch\/"},{"@type":"ListItem","position":2,"name":"Shop","item":"https:\/\/ecosupplements.ch\/?page_id=14"},{"@type":"ListItem","position":3,"name":"NAC, Pure Powder &#8211; 113g"}]},{"@type":"WebSite","@id":"https:\/\/ecosupplements.ch\/#website","url":"https:\/\/ecosupplements.ch\/","name":"Eco Supplements","description":"","potentialAction":[{"@type":"SearchAction","target":{"@type":"EntryPoint","urlTemplate":"https:\/\/ecosupplements.ch\/?s={search_term_string}"},"query-input":{"@type":"PropertyValueSpecification","valueRequired":true,"valueName":"search_term_string"}}],"inLanguage":"de-CH"}]},"product_price_amount":"19.98","product_price_currency":"CHF","og_availability":"out of stock","product_availability":"out of stock","product_retailer_item_id":"733739001863","product_condition":"new"},"_links":{"self":[{"href":"https:\/\/ecosupplements.ch\/index.php?rest_route=\/wp\/v2\/product\/5027","targetHints":{"allow":["GET"]}}],"collection":[{"href":"https:\/\/ecosupplements.ch\/index.php?rest_route=\/wp\/v2\/product"}],"about":[{"href":"https:\/\/ecosupplements.ch\/index.php?rest_route=\/wp\/v2\/types\/product"}],"replies":[{"embeddable":true,"href":"https:\/\/ecosupplements.ch\/index.php?rest_route=%2Fwp%2Fv2%2Fcomments&post=5027"}],"wp:featuredmedia":[{"embeddable":true,"href":"https:\/\/ecosupplements.ch\/index.php?rest_route=\/wp\/v2\/media\/5028"}],"wp:attachment":[{"href":"https:\/\/ecosupplements.ch\/index.php?rest_route=%2Fwp%2Fv2%2Fmedia&parent=5027"}],"wp:term":[{"taxonomy":"product_brand","embeddable":true,"href":"https:\/\/ecosupplements.ch\/index.php?rest_route=%2Fwp%2Fv2%2Fproduct_brand&post=5027"},{"taxonomy":"product_cat","embeddable":true,"href":"https:\/\/ecosupplements.ch\/index.php?rest_route=%2Fwp%2Fv2%2Fproduct_cat&post=5027"},{"taxonomy":"product_tag","embeddable":true,"href":"https:\/\/ecosupplements.ch\/index.php?rest_route=%2Fwp%2Fv2%2Fproduct_tag&post=5027"}],"curies":[{"name":"wp","href":"https:\/\/api.w.org\/{rel}","templated":true}]}}