{"id":5051,"date":"2026-05-11T15:03:31","date_gmt":"2026-05-11T15:03:31","guid":{"rendered":"https:\/\/ecosupplements.ch\/?product=omega-3-fish-oil-molecularly-distilled-100-softgels"},"modified":"2026-05-13T07:23:19","modified_gmt":"2026-05-13T07:23:19","slug":"omega-3-fish-oil-molecularly-distilled-100-softgels","status":"publish","type":"product","link":"https:\/\/ecosupplements.ch\/?product=omega-3-fish-oil-molecularly-distilled-100-softgels","title":{"rendered":"Omega-3 Fish Oil, Molecularly Distilled &#8211; 100 softgels"},"content":{"rendered":"<div class=\"chcg-product-description\">\n<h2 class=\"chcg-heading\">\u00dcber NOW Foods \u2013 Omega-3 Fish Oil, Molecularly Distilled \u2013 100 Softgels<\/h2>\n<div class=\"chcg-intro\">\n<p>NOW Foods Omega-3 Fish Oil liefert pro Tagesportion hochwertige Omega-3-Fetts\u00e4uren \u2013 darunter 720 mg EPA (Eicosapentaens\u00e4ure) und 480 mg DHA (Docosahexaens\u00e4ure) \u2013 aus konzentriertem Fisch\u00f6l. EPA und DHA tragen zur normalen Herzfunktion bei; DHA tr\u00e4gt zudem zur Erhaltung der normalen Gehirnfunktion und normalen Sehkraft bei.<\/p>\n<p>Das Fisch\u00f6l wird molekular destilliert, um h\u00f6chste Reinheit zu gew\u00e4hrleisten und unerw\u00fcnschte R\u00fcckst\u00e4nde wie Schwermetalle und Umweltkontaminanten auf ein Minimum zu reduzieren. So erhalten Sie ein sauberes, gut vertr\u00e4gliches Produkt, das den hohen Qualit\u00e4tsanspr\u00fcchen des Schweizer Marktes entspricht.<\/p>\n<p>Jede Softgel-Kapsel ist einfach zu schlucken und enth\u00e4lt d-alpha-Tocopherol aus Sonnenblumen als nat\u00fcrliches Antioxidans zum Schutz der empfindlichen Fetts\u00e4uren vor Oxidation. NOW Foods produziert dieses Produkt gem\u00e4ss GMP-Standards (Good Manufacturing Practice) f\u00fcr zuverl\u00e4ssige Qualit\u00e4t in jeder Packung.<\/p>\n<\/p><\/div>\n<div class=\"chcg-nutrition\">\n<h3>N\u00e4hrwertangaben<\/h3>\n<table class=\"chcg-nutrition-table\">\n<thead>\n<tr>\n<th>N\u00e4hrstoff<\/th>\n<th>Pro Portion (2 Softgels)<\/th>\n<\/tr>\n<\/thead>\n<tbody>\n<tr>\n<td>Kalorien<\/td>\n<td>20<\/td>\n<\/tr>\n<tr>\n<td>Gesamtfett<\/td>\n<td>2 g (3 % des Tagesbedarfs)<\/td>\n<\/tr>\n<tr>\n<td>\u2013 Ges\u00e4ttigte Fetts\u00e4uren<\/td>\n<td>0,5 g (3 % des Tagesbedarfs)<\/td>\n<\/tr>\n<tr>\n<td>\u2013 Mehrfach unges\u00e4ttigte Fetts\u00e4uren<\/td>\n<td>1 g *<\/td>\n<\/tr>\n<tr>\n<td>\u2013 Einfach unges\u00e4ttigte Fetts\u00e4uren<\/td>\n<td>0,5 g *<\/td>\n<\/tr>\n<tr>\n<td>Fisch\u00f6lkonzentrat<\/td>\n<td>2 g \/ 2&#8217;000 mg *<\/td>\n<\/tr>\n<tr>\n<td>\u2013 Omega-3-Fetts\u00e4uren gesamt<\/td>\n<td><\/td>\n<\/tr>\n<tr>\n<td>\u2013 \u2013 Eicosapentaens\u00e4ure (EPA)<\/td>\n<td>360 mg *<\/td>\n<\/tr>\n<tr>\n<td>\u2013 \u2013 Docosahexaens\u00e4ure (DHA)<\/td>\n<td>240 mg *<\/td>\n<\/tr>\n<\/tbody>\n<\/table>\n<p class=\"chcg-footnote\">* Kein festgelegter Tagesbedarf-Referenzwert vorhanden.<\/p>\n<p class=\"chcg-footnote\">Portionsgr\u00f6sse: 2 Softgels | Portionen pro Packung: 50<\/p>\n<\/p><\/div>\n<div class=\"chcg-ingredients\">\n<h3>Zutaten<\/h3>\n<p>Fisch\u00f6lkonzentrat (Eicosapentaens\u00e4ure (EPA), Docosahexaens\u00e4ure (DHA)). Weitere Zutaten: d-alpha-Tocopherol (aus Sonnenblumen).<\/p>\n<p class=\"chcg-capsule-shell\">Kapselh\u00fclle: Softgel-Kapsel [Rindergelatine (BSE-frei), Glycerin, Wasser]\n<\/p><\/div>\n<div class=\"chcg-dosage\">\n<h3>Verzehrempfehlung<\/h3>\n<p>T\u00e4glich 2 Softgels zweimal t\u00e4glich zu einer Mahlzeit einnehmen.<\/p>\n<\/p><\/div>\n<div class=\"chcg-warnings\">\n<h3>Warnhinweise<\/h3>\n<p>Nur f\u00fcr Erwachsene. Bei Schwangerschaft oder Stillzeit, bei der Einnahme von Medikamenten oder bei bestehenden gesundheitlichen Beschwerden vor der Einnahme einen Arzt konsultieren. Ausserhalb der Reichweite von Kindern aufbewahren. Nat\u00fcrliche Farbabweichungen des Produkts sind m\u00f6glich.<\/p>\n<\/p><\/div>\n<div class=\"chcg-allergens\">\n<h3>Allergeninformationen<\/h3>\n<p>Enth\u00e4lt Fisch (Sardellen, Sardinen, Thunfisch). Nicht hergestellt mit Hefe, Weizen, Gluten, Soja, Milch, Ei, Schalentieren oder Sesam. Produziert in einer GMP-zertifizierten Anlage, die auch andere Zutaten verarbeitet, welche diese Allergene enthalten k\u00f6nnen.<\/p>\n<\/p><\/div>\n<div class=\"chcg-storage\">\n<h3>Lagerung<\/h3>\n<p>Nach dem \u00d6ffnen an einem k\u00fchlen, trockenen Ort aufbewahren.<\/p>\n<\/p><\/div>\n<div class=\"chcg-dietary\">\n<h3>Ern\u00e4hrungshinweise<\/h3>\n<ul>\n<li>Glutenfrei<\/li>\n<li>Laktosefrei<\/li>\n<\/ul><\/div>\n<\/div>\n","protected":false},"excerpt":{"rendered":"<p>NOW Foods Omega-3 Fish Oil liefert 360 mg EPA und 240 mg DHA pro Portion und unterst\u00fctzt die normale Herzfunktion. Molekular destilliert f\u00fcr h\u00f6chste Reinheit. 100 Softgels pro Packung.<\/p>\n","protected":false},"featured_media":5052,"comment_status":"closed","ping_status":"open","template":"","meta":[],"product_brand":[454],"product_cat":[48,25,26,33,21],"product_tag":[],"class_list":{"0":"post-5051","1":"product","2":"type-product","3":"status-publish","4":"has-post-thumbnail","6":"product_brand-nownow-foods","7":"product_cat-gesunde-ernaehrung","8":"product_cat-gesundheit-und-wohlbefinden","9":"product_cat-multivitamine","10":"product_cat-omega-fettsaeuren-essentielle-fettsaeuren-konjugierte-linolsaeure-oele","11":"product_cat-vitamine-und-mineralstoffe","13":"first","14":"outofstock","15":"taxable","16":"shipping-taxable","17":"purchasable","18":"product-type-simple"},"yoast_head":"<!-- This site is optimized with the Yoast SEO plugin v27.5 - https:\/\/yoast.com\/product\/yoast-seo-wordpress\/ -->\n<title>Omega-3 Fish Oil Molecularly Distilled \u2013 NOW Foods | ecosupplements.ch<\/title>\n<meta name=\"description\" content=\"NOW Foods Omega-3 Fish Oil mit 360 mg EPA und 240 mg DHA pro Portion \u2013 molekular destilliert, 100 Softgels. Jetzt bestellen.\" \/>\n<meta name=\"robots\" content=\"index, follow, max-snippet:-1, max-image-preview:large, max-video-preview:-1\" \/>\n<link rel=\"canonical\" href=\"https:\/\/ecosupplements.ch\/?product=omega-3-fish-oil-molecularly-distilled-100-softgels\" \/>\n<meta property=\"og:locale\" content=\"de_DE\" \/>\n<meta property=\"og:type\" content=\"article\" \/>\n<meta property=\"og:title\" content=\"Omega-3 Fish Oil Molecularly Distilled \u2013 NOW Foods | ecosupplements.ch\" \/>\n<meta property=\"og:description\" content=\"NOW Foods Omega-3 Fish Oil mit 360 mg EPA und 240 mg DHA pro Portion \u2013 molekular destilliert, 100 Softgels. Jetzt bestellen.\" \/>\n<meta property=\"og:url\" content=\"https:\/\/ecosupplements.ch\/?product=omega-3-fish-oil-molecularly-distilled-100-softgels\" \/>\n<meta property=\"og:site_name\" content=\"Eco Supplements\" \/>\n<meta property=\"article:modified_time\" content=\"2026-05-13T07:23:19+00:00\" \/>\n<meta property=\"og:image\" content=\"https:\/\/ecosupplements.ch\/wp-content\/uploads\/2026\/05\/Omega-3-Fish-Oil-Molecularly-Distilled-100-softgels.webp\" \/>\n\t<meta property=\"og:image:width\" content=\"1000\" \/>\n\t<meta property=\"og:image:height\" content=\"1000\" \/>\n\t<meta property=\"og:image:type\" content=\"image\/jpeg\" \/>\n<meta name=\"twitter:card\" content=\"summary_large_image\" \/>\n<meta name=\"twitter:label1\" content=\"Price\" \/>\n\t<meta name=\"twitter:data1\" content=\"&#067;&#072;&#070;&nbsp;12.40\" \/>\n\t<meta name=\"twitter:label2\" content=\"Availability\" \/>\n\t<meta name=\"twitter:data2\" content=\"Out of stock\" \/>\n<script type=\"application\/ld+json\" class=\"yoast-schema-graph\">{\"@context\":\"https:\\\/\\\/schema.org\",\"@graph\":[{\"@type\":\"WebPage\",\"@id\":\"https:\\\/\\\/ecosupplements.ch\\\/?product=omega-3-fish-oil-molecularly-distilled-100-softgels\",\"url\":\"https:\\\/\\\/ecosupplements.ch\\\/?product=omega-3-fish-oil-molecularly-distilled-100-softgels\",\"name\":\"Omega-3 Fish Oil Molecularly Distilled \u2013 NOW Foods | ecosupplements.ch\",\"isPartOf\":{\"@id\":\"https:\\\/\\\/ecosupplements.ch\\\/#website\"},\"primaryImageOfPage\":{\"@id\":\"https:\\\/\\\/ecosupplements.ch\\\/?product=omega-3-fish-oil-molecularly-distilled-100-softgels#primaryimage\"},\"image\":{\"@id\":\"https:\\\/\\\/ecosupplements.ch\\\/?product=omega-3-fish-oil-molecularly-distilled-100-softgels#primaryimage\"},\"thumbnailUrl\":\"https:\\\/\\\/ecosupplements.ch\\\/wp-content\\\/uploads\\\/2026\\\/05\\\/Omega-3-Fish-Oil-Molecularly-Distilled-100-softgels.webp\",\"datePublished\":\"2026-05-11T15:03:31+00:00\",\"dateModified\":\"2026-05-13T07:23:19+00:00\",\"description\":\"NOW Foods Omega-3 Fish Oil mit 360 mg EPA und 240 mg DHA pro Portion \u2013 molekular destilliert, 100 Softgels. Jetzt bestellen.\",\"breadcrumb\":{\"@id\":\"https:\\\/\\\/ecosupplements.ch\\\/?product=omega-3-fish-oil-molecularly-distilled-100-softgels#breadcrumb\"},\"inLanguage\":\"de-CH\",\"potentialAction\":[{\"@type\":\"ReadAction\",\"target\":[\"https:\\\/\\\/ecosupplements.ch\\\/?product=omega-3-fish-oil-molecularly-distilled-100-softgels\"]}]},{\"@type\":\"ImageObject\",\"inLanguage\":\"de-CH\",\"@id\":\"https:\\\/\\\/ecosupplements.ch\\\/?product=omega-3-fish-oil-molecularly-distilled-100-softgels#primaryimage\",\"url\":\"https:\\\/\\\/ecosupplements.ch\\\/wp-content\\\/uploads\\\/2026\\\/05\\\/Omega-3-Fish-Oil-Molecularly-Distilled-100-softgels.webp\",\"contentUrl\":\"https:\\\/\\\/ecosupplements.ch\\\/wp-content\\\/uploads\\\/2026\\\/05\\\/Omega-3-Fish-Oil-Molecularly-Distilled-100-softgels.webp\",\"width\":1000,\"height\":1000,\"caption\":\"Omega-3 Fish Oil\"},{\"@type\":\"BreadcrumbList\",\"@id\":\"https:\\\/\\\/ecosupplements.ch\\\/?product=omega-3-fish-oil-molecularly-distilled-100-softgels#breadcrumb\",\"itemListElement\":[{\"@type\":\"ListItem\",\"position\":1,\"name\":\"Home\",\"item\":\"https:\\\/\\\/ecosupplements.ch\\\/\"},{\"@type\":\"ListItem\",\"position\":2,\"name\":\"Shop\",\"item\":\"https:\\\/\\\/ecosupplements.ch\\\/?page_id=14\"},{\"@type\":\"ListItem\",\"position\":3,\"name\":\"Omega-3 Fish Oil, Molecularly Distilled &#8211; 100 softgels\"}]},{\"@type\":\"WebSite\",\"@id\":\"https:\\\/\\\/ecosupplements.ch\\\/#website\",\"url\":\"https:\\\/\\\/ecosupplements.ch\\\/\",\"name\":\"Eco Supplements\",\"description\":\"\",\"potentialAction\":[{\"@type\":\"SearchAction\",\"target\":{\"@type\":\"EntryPoint\",\"urlTemplate\":\"https:\\\/\\\/ecosupplements.ch\\\/?s={search_term_string}\"},\"query-input\":{\"@type\":\"PropertyValueSpecification\",\"valueRequired\":true,\"valueName\":\"search_term_string\"}}],\"inLanguage\":\"de-CH\"}]}<\/script>\n<meta property=\"product:price:amount\" content=\"12.40\" \/>\n<meta property=\"product:price:currency\" content=\"CHF\" \/>\n<meta property=\"og:availability\" content=\"out of stock\" \/>\n<meta property=\"product:availability\" content=\"out of stock\" \/>\n<meta property=\"product:retailer_item_id\" content=\"733739016508\" \/>\n<meta property=\"product:condition\" content=\"new\" \/>\n<!-- \/ Yoast SEO plugin. -->","yoast_head_json":{"title":"Omega-3 Fish Oil Molecularly Distilled \u2013 NOW Foods | ecosupplements.ch","description":"NOW Foods Omega-3 Fish Oil mit 360 mg EPA und 240 mg DHA pro Portion \u2013 molekular destilliert, 100 Softgels. Jetzt bestellen.","robots":{"index":"index","follow":"follow","max-snippet":"max-snippet:-1","max-image-preview":"max-image-preview:large","max-video-preview":"max-video-preview:-1"},"canonical":"https:\/\/ecosupplements.ch\/?product=omega-3-fish-oil-molecularly-distilled-100-softgels","og_locale":"de_DE","og_type":"article","og_title":"Omega-3 Fish Oil Molecularly Distilled \u2013 NOW Foods | ecosupplements.ch","og_description":"NOW Foods Omega-3 Fish Oil mit 360 mg EPA und 240 mg DHA pro Portion \u2013 molekular destilliert, 100 Softgels. Jetzt bestellen.","og_url":"https:\/\/ecosupplements.ch\/?product=omega-3-fish-oil-molecularly-distilled-100-softgels","og_site_name":"Eco Supplements","article_modified_time":"2026-05-13T07:23:19+00:00","og_image":[{"width":1000,"height":1000,"url":"https:\/\/ecosupplements.ch\/wp-content\/uploads\/2026\/05\/Omega-3-Fish-Oil-Molecularly-Distilled-100-softgels.webp","type":"image\/jpeg"}],"twitter_card":"summary_large_image","twitter_misc":{"Price":"&#67;&#72;&#70;&nbsp;12.40","Availability":"Out of stock"},"schema":{"@context":"https:\/\/schema.org","@graph":[{"@type":"WebPage","@id":"https:\/\/ecosupplements.ch\/?product=omega-3-fish-oil-molecularly-distilled-100-softgels","url":"https:\/\/ecosupplements.ch\/?product=omega-3-fish-oil-molecularly-distilled-100-softgels","name":"Omega-3 Fish Oil Molecularly Distilled \u2013 NOW Foods | ecosupplements.ch","isPartOf":{"@id":"https:\/\/ecosupplements.ch\/#website"},"primaryImageOfPage":{"@id":"https:\/\/ecosupplements.ch\/?product=omega-3-fish-oil-molecularly-distilled-100-softgels#primaryimage"},"image":{"@id":"https:\/\/ecosupplements.ch\/?product=omega-3-fish-oil-molecularly-distilled-100-softgels#primaryimage"},"thumbnailUrl":"https:\/\/ecosupplements.ch\/wp-content\/uploads\/2026\/05\/Omega-3-Fish-Oil-Molecularly-Distilled-100-softgels.webp","datePublished":"2026-05-11T15:03:31+00:00","dateModified":"2026-05-13T07:23:19+00:00","description":"NOW Foods Omega-3 Fish Oil mit 360 mg EPA und 240 mg DHA pro Portion \u2013 molekular destilliert, 100 Softgels. Jetzt bestellen.","breadcrumb":{"@id":"https:\/\/ecosupplements.ch\/?product=omega-3-fish-oil-molecularly-distilled-100-softgels#breadcrumb"},"inLanguage":"de-CH","potentialAction":[{"@type":"ReadAction","target":["https:\/\/ecosupplements.ch\/?product=omega-3-fish-oil-molecularly-distilled-100-softgels"]}]},{"@type":"ImageObject","inLanguage":"de-CH","@id":"https:\/\/ecosupplements.ch\/?product=omega-3-fish-oil-molecularly-distilled-100-softgels#primaryimage","url":"https:\/\/ecosupplements.ch\/wp-content\/uploads\/2026\/05\/Omega-3-Fish-Oil-Molecularly-Distilled-100-softgels.webp","contentUrl":"https:\/\/ecosupplements.ch\/wp-content\/uploads\/2026\/05\/Omega-3-Fish-Oil-Molecularly-Distilled-100-softgels.webp","width":1000,"height":1000,"caption":"Omega-3 Fish Oil"},{"@type":"BreadcrumbList","@id":"https:\/\/ecosupplements.ch\/?product=omega-3-fish-oil-molecularly-distilled-100-softgels#breadcrumb","itemListElement":[{"@type":"ListItem","position":1,"name":"Home","item":"https:\/\/ecosupplements.ch\/"},{"@type":"ListItem","position":2,"name":"Shop","item":"https:\/\/ecosupplements.ch\/?page_id=14"},{"@type":"ListItem","position":3,"name":"Omega-3 Fish Oil, Molecularly Distilled &#8211; 100 softgels"}]},{"@type":"WebSite","@id":"https:\/\/ecosupplements.ch\/#website","url":"https:\/\/ecosupplements.ch\/","name":"Eco Supplements","description":"","potentialAction":[{"@type":"SearchAction","target":{"@type":"EntryPoint","urlTemplate":"https:\/\/ecosupplements.ch\/?s={search_term_string}"},"query-input":{"@type":"PropertyValueSpecification","valueRequired":true,"valueName":"search_term_string"}}],"inLanguage":"de-CH"}]},"product_price_amount":"12.40","product_price_currency":"CHF","og_availability":"out of stock","product_availability":"out of stock","product_retailer_item_id":"733739016508","product_condition":"new"},"_links":{"self":[{"href":"https:\/\/ecosupplements.ch\/index.php?rest_route=\/wp\/v2\/product\/5051","targetHints":{"allow":["GET"]}}],"collection":[{"href":"https:\/\/ecosupplements.ch\/index.php?rest_route=\/wp\/v2\/product"}],"about":[{"href":"https:\/\/ecosupplements.ch\/index.php?rest_route=\/wp\/v2\/types\/product"}],"replies":[{"embeddable":true,"href":"https:\/\/ecosupplements.ch\/index.php?rest_route=%2Fwp%2Fv2%2Fcomments&post=5051"}],"wp:featuredmedia":[{"embeddable":true,"href":"https:\/\/ecosupplements.ch\/index.php?rest_route=\/wp\/v2\/media\/5052"}],"wp:attachment":[{"href":"https:\/\/ecosupplements.ch\/index.php?rest_route=%2Fwp%2Fv2%2Fmedia&parent=5051"}],"wp:term":[{"taxonomy":"product_brand","embeddable":true,"href":"https:\/\/ecosupplements.ch\/index.php?rest_route=%2Fwp%2Fv2%2Fproduct_brand&post=5051"},{"taxonomy":"product_cat","embeddable":true,"href":"https:\/\/ecosupplements.ch\/index.php?rest_route=%2Fwp%2Fv2%2Fproduct_cat&post=5051"},{"taxonomy":"product_tag","embeddable":true,"href":"https:\/\/ecosupplements.ch\/index.php?rest_route=%2Fwp%2Fv2%2Fproduct_tag&post=5051"}],"curies":[{"name":"wp","href":"https:\/\/api.w.org\/{rel}","templated":true}]}}