{"id":5072,"date":"2026-05-11T15:03:41","date_gmt":"2026-05-11T15:03:41","guid":{"rendered":"https:\/\/ecosupplements.ch\/?product=pantethine-600mg-double-strength-60-softgels"},"modified":"2026-05-13T07:23:20","modified_gmt":"2026-05-13T07:23:20","slug":"pantethine-600mg-double-strength-60-softgels","status":"publish","type":"product","link":"https:\/\/ecosupplements.ch\/?product=pantethine-600mg-double-strength-60-softgels","title":{"rendered":"Pantethine, 600mg Double Strength &#8211; 60 softgels"},"content":{"rendered":"<div class=\"chcg-product-description\">\n<h2 class=\"chcg-heading\">\u00dcber NOW Foods \u2013 Pantethine, 600mg Double Strength \u2013 60 Softgels<\/h2>\n<div class=\"chcg-intro\">\n<p>Pantethine ist die biologisch aktive Form von Pantothens\u00e4ure (Vitamin B5) und dient als direkter Vorl\u00e4ufer von Coenzym A \u2013 einem zentralen Cofaktor, der an zahlreichen Stoffwechselprozessen im K\u00f6rper beteiligt ist. NOW Foods liefert mit diesem Produkt eine hochdosierte Formulierung von 600 mg Pantethine pro Softgel, was einer doppelten Wirkst\u00e4rke im Vergleich zu herk\u00f6mmlichen Pr\u00e4paraten entspricht.<\/p>\n<p>Die praktische Softgel-Form sorgt f\u00fcr eine gute Vertr\u00e4glichkeit und erleichtert die t\u00e4gliche Einnahme. Jede Packung enth\u00e4lt 60 Softgels und bietet damit einen zuverl\u00e4ssigen Vorrat f\u00fcr die regelm\u00e4ssige Anwendung als Nahrungserg\u00e4nzungsmittel.<\/p>\n<p>NOW Foods steht seit Jahrzehnten f\u00fcr hohe Produktionsstandards und setzt konsequent auf GMP-zertifizierte Herstellungsverfahren. Dieses Produkt ist glutenfrei und laktosefrei \u2013 ideal f\u00fcr Menschen mit entsprechenden Ern\u00e4hrungsbed\u00fcrfnissen.<\/p>\n<\/p><\/div>\n<div class=\"chcg-nutrition\">\n<h3>N\u00e4hrwertangaben<\/h3>\n<table class=\"chcg-nutrition-table\">\n<thead>\n<tr>\n<th>N\u00e4hrstoff<\/th>\n<th>Pro Portion (1 Softgel)<\/th>\n<\/tr>\n<\/thead>\n<tbody>\n<tr>\n<td>Pantethine (Coenzym-A-Vorl\u00e4ufer)<\/td>\n<td>600 mg *<\/td>\n<\/tr>\n<\/tbody>\n<\/table>\n<p class=\"chcg-footnote\">* Kein festgelegter Tagesreferenzwert.<\/p>\n<\/p><\/div>\n<div class=\"chcg-ingredients\">\n<h3>Zutaten<\/h3>\n<p>Pantethine (Coenzym-A-Vorl\u00e4ufer) 600 mg. Weitere Zutaten: Reiskleie\u00f6l, Bienenwachs und Sojalecithin.<\/p>\n<p class=\"chcg-capsule-shell\">Kapselh\u00fclle: Softgel-Kapsel (Gelatine, Glycerin, Wasser, Johannisbrot)<\/p>\n<\/p><\/div>\n<div class=\"chcg-dosage\">\n<h3>Verzehrempfehlung<\/h3>\n<p>Als Nahrungserg\u00e4nzungsmittel 1 Softgel 1- bis 2-mal t\u00e4glich einnehmen, vorzugsweise zu einer Mahlzeit.<\/p>\n<\/p><\/div>\n<div class=\"chcg-warnings\">\n<h3>Warnhinweise<\/h3>\n<p>Nur f\u00fcr Erwachsene. Bei Schwangerschaft oder Stillzeit, bei der Einnahme von Medikamenten oder bei bestehenden Erkrankungen vor der Anwendung einen Arzt konsultieren. Ausserhalb der Reichweite von Kindern aufbewahren. Den Frischhaltebeutel nicht essen. Im Beh\u00e4lter belassen.<\/p>\n<\/p><\/div>\n<div class=\"chcg-allergens\">\n<h3>Allergeninformationen<\/h3>\n<p>Nicht hergestellt mit Hefe, Weizen, Gluten, Milch, Ei, Fisch, Schalentieren oder Baumn\u00fcssen. Hergestellt in einem GMP-zertifizierten Betrieb, der auch andere Zutaten verarbeitet, die diese Allergene enthalten. Enth\u00e4lt Sojalecithin.<\/p>\n<\/p><\/div>\n<div class=\"chcg-storage\">\n<h3>Lagerung<\/h3>\n<p>Nach dem \u00d6ffnen an einem k\u00fchlen, trockenen Ort aufbewahren.<\/p>\n<\/p><\/div>\n<div class=\"chcg-dietary\">\n<h3>Ern\u00e4hrungshinweise<\/h3>\n<ul>\n<li>Glutenfrei<\/li>\n<li>Laktosefrei<\/li>\n<\/ul><\/div>\n<\/div>\n","protected":false},"excerpt":{"rendered":"<p>Pantethine von NOW Foods liefert 600 mg Coenzym-A-Vorl\u00e4ufer pro Softgel in doppelter Wirkst\u00e4rke. Die Packung enth\u00e4lt 60 Softgels und ist glutenfrei sowie laktosefrei.<\/p>\n","protected":false},"featured_media":5073,"comment_status":"closed","ping_status":"open","template":"","meta":[],"product_brand":[454],"product_cat":[34,27,48,25,26,21],"product_tag":[],"class_list":{"0":"post-5072","1":"product","2":"type-product","3":"status-publish","4":"has-post-thumbnail","6":"product_brand-nownow-foods","7":"product_cat-antioxidantien","8":"product_cat-einige-vitamine","9":"product_cat-gesunde-ernaehrung","10":"product_cat-gesundheit-und-wohlbefinden","11":"product_cat-multivitamine","12":"product_cat-vitamine-und-mineralstoffe","14":"first","15":"outofstock","16":"taxable","17":"shipping-taxable","18":"purchasable","19":"product-type-simple"},"yoast_head":"<!-- This site is optimized with the Yoast SEO plugin v27.5 - https:\/\/yoast.com\/product\/yoast-seo-wordpress\/ -->\n<title>Pantethine 600mg Double Strength \u2013 NOW Foods | ecosupplements.ch<\/title>\n<meta name=\"description\" content=\"Pantethine 600mg von NOW Foods \u2013 hochdosierter Coenzym-A-Vorl\u00e4ufer in praktischer Softgel-Form, 60 St\u00fcck, glutenfrei. Jetzt bestellen.\" \/>\n<meta name=\"robots\" content=\"index, follow, max-snippet:-1, max-image-preview:large, max-video-preview:-1\" \/>\n<link rel=\"canonical\" href=\"https:\/\/ecosupplements.ch\/?product=pantethine-600mg-double-strength-60-softgels\" \/>\n<meta property=\"og:locale\" content=\"de_DE\" \/>\n<meta property=\"og:type\" content=\"article\" \/>\n<meta property=\"og:title\" content=\"Pantethine 600mg Double Strength \u2013 NOW Foods | ecosupplements.ch\" \/>\n<meta property=\"og:description\" content=\"Pantethine 600mg von NOW Foods \u2013 hochdosierter Coenzym-A-Vorl\u00e4ufer in praktischer Softgel-Form, 60 St\u00fcck, glutenfrei. Jetzt bestellen.\" \/>\n<meta property=\"og:url\" content=\"https:\/\/ecosupplements.ch\/?product=pantethine-600mg-double-strength-60-softgels\" \/>\n<meta property=\"og:site_name\" content=\"Eco Supplements\" \/>\n<meta property=\"article:modified_time\" content=\"2026-05-13T07:23:20+00:00\" \/>\n<meta property=\"og:image\" content=\"https:\/\/ecosupplements.ch\/wp-content\/uploads\/2026\/05\/Pantethine-600mg-Double-Strength-60-softgels.webp\" \/>\n\t<meta property=\"og:image:width\" content=\"1000\" \/>\n\t<meta property=\"og:image:height\" content=\"1000\" \/>\n\t<meta property=\"og:image:type\" content=\"image\/jpeg\" \/>\n<meta name=\"twitter:card\" content=\"summary_large_image\" \/>\n<meta name=\"twitter:label1\" content=\"Price\" \/>\n\t<meta name=\"twitter:data1\" content=\"&#067;&#072;&#070;&nbsp;42.59\" \/>\n\t<meta name=\"twitter:label2\" content=\"Availability\" \/>\n\t<meta name=\"twitter:data2\" content=\"Out of stock\" \/>\n<script type=\"application\/ld+json\" class=\"yoast-schema-graph\">{\"@context\":\"https:\\\/\\\/schema.org\",\"@graph\":[{\"@type\":\"WebPage\",\"@id\":\"https:\\\/\\\/ecosupplements.ch\\\/?product=pantethine-600mg-double-strength-60-softgels\",\"url\":\"https:\\\/\\\/ecosupplements.ch\\\/?product=pantethine-600mg-double-strength-60-softgels\",\"name\":\"Pantethine 600mg Double Strength \u2013 NOW Foods | ecosupplements.ch\",\"isPartOf\":{\"@id\":\"https:\\\/\\\/ecosupplements.ch\\\/#website\"},\"primaryImageOfPage\":{\"@id\":\"https:\\\/\\\/ecosupplements.ch\\\/?product=pantethine-600mg-double-strength-60-softgels#primaryimage\"},\"image\":{\"@id\":\"https:\\\/\\\/ecosupplements.ch\\\/?product=pantethine-600mg-double-strength-60-softgels#primaryimage\"},\"thumbnailUrl\":\"https:\\\/\\\/ecosupplements.ch\\\/wp-content\\\/uploads\\\/2026\\\/05\\\/Pantethine-600mg-Double-Strength-60-softgels.webp\",\"datePublished\":\"2026-05-11T15:03:41+00:00\",\"dateModified\":\"2026-05-13T07:23:20+00:00\",\"description\":\"Pantethine 600mg von NOW Foods \u2013 hochdosierter Coenzym-A-Vorl\u00e4ufer in praktischer Softgel-Form, 60 St\u00fcck, glutenfrei. Jetzt bestellen.\",\"breadcrumb\":{\"@id\":\"https:\\\/\\\/ecosupplements.ch\\\/?product=pantethine-600mg-double-strength-60-softgels#breadcrumb\"},\"inLanguage\":\"de-CH\",\"potentialAction\":[{\"@type\":\"ReadAction\",\"target\":[\"https:\\\/\\\/ecosupplements.ch\\\/?product=pantethine-600mg-double-strength-60-softgels\"]}]},{\"@type\":\"ImageObject\",\"inLanguage\":\"de-CH\",\"@id\":\"https:\\\/\\\/ecosupplements.ch\\\/?product=pantethine-600mg-double-strength-60-softgels#primaryimage\",\"url\":\"https:\\\/\\\/ecosupplements.ch\\\/wp-content\\\/uploads\\\/2026\\\/05\\\/Pantethine-600mg-Double-Strength-60-softgels.webp\",\"contentUrl\":\"https:\\\/\\\/ecosupplements.ch\\\/wp-content\\\/uploads\\\/2026\\\/05\\\/Pantethine-600mg-Double-Strength-60-softgels.webp\",\"width\":1000,\"height\":1000,\"caption\":\"Pantethine\"},{\"@type\":\"BreadcrumbList\",\"@id\":\"https:\\\/\\\/ecosupplements.ch\\\/?product=pantethine-600mg-double-strength-60-softgels#breadcrumb\",\"itemListElement\":[{\"@type\":\"ListItem\",\"position\":1,\"name\":\"Home\",\"item\":\"https:\\\/\\\/ecosupplements.ch\\\/\"},{\"@type\":\"ListItem\",\"position\":2,\"name\":\"Shop\",\"item\":\"https:\\\/\\\/ecosupplements.ch\\\/?page_id=14\"},{\"@type\":\"ListItem\",\"position\":3,\"name\":\"Pantethine, 600mg Double Strength &#8211; 60 softgels\"}]},{\"@type\":\"WebSite\",\"@id\":\"https:\\\/\\\/ecosupplements.ch\\\/#website\",\"url\":\"https:\\\/\\\/ecosupplements.ch\\\/\",\"name\":\"Eco Supplements\",\"description\":\"\",\"potentialAction\":[{\"@type\":\"SearchAction\",\"target\":{\"@type\":\"EntryPoint\",\"urlTemplate\":\"https:\\\/\\\/ecosupplements.ch\\\/?s={search_term_string}\"},\"query-input\":{\"@type\":\"PropertyValueSpecification\",\"valueRequired\":true,\"valueName\":\"search_term_string\"}}],\"inLanguage\":\"de-CH\"}]}<\/script>\n<meta property=\"product:price:amount\" content=\"42.59\" \/>\n<meta property=\"product:price:currency\" content=\"CHF\" \/>\n<meta property=\"og:availability\" content=\"out of stock\" \/>\n<meta property=\"product:availability\" content=\"out of stock\" \/>\n<meta property=\"product:retailer_item_id\" content=\"733739004895\" \/>\n<meta property=\"product:condition\" content=\"new\" \/>\n<!-- \/ Yoast SEO plugin. -->","yoast_head_json":{"title":"Pantethine 600mg Double Strength \u2013 NOW Foods | ecosupplements.ch","description":"Pantethine 600mg von NOW Foods \u2013 hochdosierter Coenzym-A-Vorl\u00e4ufer in praktischer Softgel-Form, 60 St\u00fcck, glutenfrei. Jetzt bestellen.","robots":{"index":"index","follow":"follow","max-snippet":"max-snippet:-1","max-image-preview":"max-image-preview:large","max-video-preview":"max-video-preview:-1"},"canonical":"https:\/\/ecosupplements.ch\/?product=pantethine-600mg-double-strength-60-softgels","og_locale":"de_DE","og_type":"article","og_title":"Pantethine 600mg Double Strength \u2013 NOW Foods | ecosupplements.ch","og_description":"Pantethine 600mg von NOW Foods \u2013 hochdosierter Coenzym-A-Vorl\u00e4ufer in praktischer Softgel-Form, 60 St\u00fcck, glutenfrei. Jetzt bestellen.","og_url":"https:\/\/ecosupplements.ch\/?product=pantethine-600mg-double-strength-60-softgels","og_site_name":"Eco Supplements","article_modified_time":"2026-05-13T07:23:20+00:00","og_image":[{"width":1000,"height":1000,"url":"https:\/\/ecosupplements.ch\/wp-content\/uploads\/2026\/05\/Pantethine-600mg-Double-Strength-60-softgels.webp","type":"image\/jpeg"}],"twitter_card":"summary_large_image","twitter_misc":{"Price":"&#67;&#72;&#70;&nbsp;42.59","Availability":"Out of stock"},"schema":{"@context":"https:\/\/schema.org","@graph":[{"@type":"WebPage","@id":"https:\/\/ecosupplements.ch\/?product=pantethine-600mg-double-strength-60-softgels","url":"https:\/\/ecosupplements.ch\/?product=pantethine-600mg-double-strength-60-softgels","name":"Pantethine 600mg Double Strength \u2013 NOW Foods | ecosupplements.ch","isPartOf":{"@id":"https:\/\/ecosupplements.ch\/#website"},"primaryImageOfPage":{"@id":"https:\/\/ecosupplements.ch\/?product=pantethine-600mg-double-strength-60-softgels#primaryimage"},"image":{"@id":"https:\/\/ecosupplements.ch\/?product=pantethine-600mg-double-strength-60-softgels#primaryimage"},"thumbnailUrl":"https:\/\/ecosupplements.ch\/wp-content\/uploads\/2026\/05\/Pantethine-600mg-Double-Strength-60-softgels.webp","datePublished":"2026-05-11T15:03:41+00:00","dateModified":"2026-05-13T07:23:20+00:00","description":"Pantethine 600mg von NOW Foods \u2013 hochdosierter Coenzym-A-Vorl\u00e4ufer in praktischer Softgel-Form, 60 St\u00fcck, glutenfrei. Jetzt bestellen.","breadcrumb":{"@id":"https:\/\/ecosupplements.ch\/?product=pantethine-600mg-double-strength-60-softgels#breadcrumb"},"inLanguage":"de-CH","potentialAction":[{"@type":"ReadAction","target":["https:\/\/ecosupplements.ch\/?product=pantethine-600mg-double-strength-60-softgels"]}]},{"@type":"ImageObject","inLanguage":"de-CH","@id":"https:\/\/ecosupplements.ch\/?product=pantethine-600mg-double-strength-60-softgels#primaryimage","url":"https:\/\/ecosupplements.ch\/wp-content\/uploads\/2026\/05\/Pantethine-600mg-Double-Strength-60-softgels.webp","contentUrl":"https:\/\/ecosupplements.ch\/wp-content\/uploads\/2026\/05\/Pantethine-600mg-Double-Strength-60-softgels.webp","width":1000,"height":1000,"caption":"Pantethine"},{"@type":"BreadcrumbList","@id":"https:\/\/ecosupplements.ch\/?product=pantethine-600mg-double-strength-60-softgels#breadcrumb","itemListElement":[{"@type":"ListItem","position":1,"name":"Home","item":"https:\/\/ecosupplements.ch\/"},{"@type":"ListItem","position":2,"name":"Shop","item":"https:\/\/ecosupplements.ch\/?page_id=14"},{"@type":"ListItem","position":3,"name":"Pantethine, 600mg Double Strength &#8211; 60 softgels"}]},{"@type":"WebSite","@id":"https:\/\/ecosupplements.ch\/#website","url":"https:\/\/ecosupplements.ch\/","name":"Eco Supplements","description":"","potentialAction":[{"@type":"SearchAction","target":{"@type":"EntryPoint","urlTemplate":"https:\/\/ecosupplements.ch\/?s={search_term_string}"},"query-input":{"@type":"PropertyValueSpecification","valueRequired":true,"valueName":"search_term_string"}}],"inLanguage":"de-CH"}]},"product_price_amount":"42.59","product_price_currency":"CHF","og_availability":"out of stock","product_availability":"out of stock","product_retailer_item_id":"733739004895","product_condition":"new"},"_links":{"self":[{"href":"https:\/\/ecosupplements.ch\/index.php?rest_route=\/wp\/v2\/product\/5072","targetHints":{"allow":["GET"]}}],"collection":[{"href":"https:\/\/ecosupplements.ch\/index.php?rest_route=\/wp\/v2\/product"}],"about":[{"href":"https:\/\/ecosupplements.ch\/index.php?rest_route=\/wp\/v2\/types\/product"}],"replies":[{"embeddable":true,"href":"https:\/\/ecosupplements.ch\/index.php?rest_route=%2Fwp%2Fv2%2Fcomments&post=5072"}],"wp:featuredmedia":[{"embeddable":true,"href":"https:\/\/ecosupplements.ch\/index.php?rest_route=\/wp\/v2\/media\/5073"}],"wp:attachment":[{"href":"https:\/\/ecosupplements.ch\/index.php?rest_route=%2Fwp%2Fv2%2Fmedia&parent=5072"}],"wp:term":[{"taxonomy":"product_brand","embeddable":true,"href":"https:\/\/ecosupplements.ch\/index.php?rest_route=%2Fwp%2Fv2%2Fproduct_brand&post=5072"},{"taxonomy":"product_cat","embeddable":true,"href":"https:\/\/ecosupplements.ch\/index.php?rest_route=%2Fwp%2Fv2%2Fproduct_cat&post=5072"},{"taxonomy":"product_tag","embeddable":true,"href":"https:\/\/ecosupplements.ch\/index.php?rest_route=%2Fwp%2Fv2%2Fproduct_tag&post=5072"}],"curies":[{"name":"wp","href":"https:\/\/api.w.org\/{rel}","templated":true}]}}