{"id":5087,"date":"2026-05-11T15:03:48","date_gmt":"2026-05-11T15:03:48","guid":{"rendered":"https:\/\/ecosupplements.ch\/?product=pea-protein-vanilla-toffee-907g"},"modified":"2026-05-13T07:23:20","modified_gmt":"2026-05-13T07:23:20","slug":"pea-protein-vanilla-toffee-907g","status":"publish","type":"product","link":"https:\/\/ecosupplements.ch\/?product=pea-protein-vanilla-toffee-907g","title":{"rendered":"Pea Protein, Vanilla Toffee &#8211; 907g"},"content":{"rendered":"<div class=\"chcg-product-description\">\n<h2 class=\"chcg-heading\">\u00dcber NOW Foods \u2013 Pea Protein, Vanilla Toffee \u2013 907g<\/h2>\n<div class=\"chcg-intro\">\n<p>Das Pea Protein von NOW Foods ist ein hochwertiges Erbsenprotein-Isolat auf pflanzlicher Basis, gewonnen aus gelben Erbsen (<em>Pisum sativum<\/em>). Mit 25 g Protein pro Portion und einem vollst\u00e4ndigen Aminos\u00e4ureprofil \u2013 inklusive essentieller Aminos\u00e4uren wie L-Leucin, L-Lysin und L-Isoleucin \u2013 eignet es sich ideal zur t\u00e4glichen Erg\u00e4nzung einer ausgewogenen, proteinreichen Ern\u00e4hrung.<\/p>\n<p>Die Geschmacksrichtung Vanilla Toffee verbindet nat\u00fcrliche Vanille- und Toffee-Karamell-Aromen zu einem angenehmen Geschmackserlebnis. Ges\u00fcsst wird ausschliesslich mit Xylitol und BetterStevia\u2122 (organischem Stevia-Extrakt) \u2013 ganz ohne zugesetzte Zuckerstoffe. Mit nur 140 Kalorien, 6 g Kohlenhydraten und 2 g Ballaststoffen pro Portion passt dieses Pulver gut in verschiedene Ern\u00e4hrungsstile.<\/p>\n<p>Das Produkt ist nicht mit Weizen, Gluten, Soja, Milch, Ei, Fisch oder Schalentieren hergestellt und damit f\u00fcr vegane sowie vegetarische Ern\u00e4hrungsweisen geeignet. Die 907-g-Dose enth\u00e4lt rund 22 Portionen und bietet somit eine praktische Versorgung f\u00fcr mehrere Wochen.<\/p>\n<\/p><\/div>\n<div class=\"chcg-nutrition\">\n<h3>N\u00e4hrwertangaben<\/h3>\n<table class=\"chcg-nutrition-table\">\n<thead>\n<tr>\n<th>N\u00e4hrstoff<\/th>\n<th>Pro Portion (41 g)<\/th>\n<\/tr>\n<\/thead>\n<tbody>\n<tr>\n<td>Kalorien<\/td>\n<td>140<\/td>\n<\/tr>\n<tr>\n<td>Gesamtfett<\/td>\n<td>2 g (3 % TW)<\/td>\n<\/tr>\n<tr>\n<td>\u2013 Ges\u00e4ttigte Fetts\u00e4uren<\/td>\n<td>0 g (0 % TW)<\/td>\n<\/tr>\n<tr>\n<td>\u2013 Transfetts\u00e4uren<\/td>\n<td>0 g<\/td>\n<\/tr>\n<tr>\n<td>Cholesterin<\/td>\n<td>0 mg (0 % TW)<\/td>\n<\/tr>\n<tr>\n<td>Natrium<\/td>\n<td>540 mg (23 % TW)<\/td>\n<\/tr>\n<tr>\n<td>Gesamtkohlenhydrate<\/td>\n<td>6 g (2 % TW)<\/td>\n<\/tr>\n<tr>\n<td>\u2013 Ballaststoffe<\/td>\n<td>2 g (7 % TW)<\/td>\n<\/tr>\n<tr>\n<td>\u2013 Gesamtzucker<\/td>\n<td>0 g<\/td>\n<\/tr>\n<tr>\n<td>&nbsp;&nbsp;davon zugesetzter Zucker<\/td>\n<td>0 g (0 % TW)<\/td>\n<\/tr>\n<tr>\n<td>\u2013 Xylitol<\/td>\n<td>2 g<\/td>\n<\/tr>\n<tr>\n<td>Protein<\/td>\n<td>25 g (50 % TW)<\/td>\n<\/tr>\n<tr>\n<td>Vitamin D<\/td>\n<td>0 mcg (0 % TW)<\/td>\n<\/tr>\n<tr>\n<td>Calcium<\/td>\n<td>33 mg (2 % TW)<\/td>\n<\/tr>\n<tr>\n<td>Eisen<\/td>\n<td>7 mg (40 % TW)<\/td>\n<\/tr>\n<tr>\n<td>Kalium<\/td>\n<td>148 mg (4 % TW)<\/td>\n<\/tr>\n<tr>\n<td colspan=\"2\"><strong>Aminos\u00e4urenprofil pro Portion (essentielle Aminos\u00e4uren)*<\/strong><\/td>\n<\/tr>\n<tr>\n<td>\u2013 L-Phenylalanin<\/td>\n<td>1378 mg<\/td>\n<\/tr>\n<tr>\n<td>\u2013 L-Histidin<\/td>\n<td>625 mg<\/td>\n<\/tr>\n<tr>\n<td>\u2013 L-Isoleucin<\/td>\n<td>1140 mg<\/td>\n<\/tr>\n<tr>\n<td>\u2013 L-Leucin<\/td>\n<td>2093 mg<\/td>\n<\/tr>\n<tr>\n<td>\u2013 L-Lysin<\/td>\n<td>1873 mg<\/td>\n<\/tr>\n<tr>\n<td>\u2013 L-Methionin<\/td>\n<td>220 mg<\/td>\n<\/tr>\n<tr>\n<td>\u2013 L-Threonin<\/td>\n<td>975 mg<\/td>\n<\/tr>\n<tr>\n<td>\u2013 L-Tryptophan<\/td>\n<td>220 mg<\/td>\n<\/tr>\n<tr>\n<td>\u2013 L-Valin<\/td>\n<td>1233 mg<\/td>\n<\/tr>\n<tr>\n<td colspan=\"2\"><strong>Aminos\u00e4urenprofil pro Portion (nicht-essentielle Aminos\u00e4uren)*<\/strong><\/td>\n<\/tr>\n<tr>\n<td>\u2013 L-Alanin<\/td>\n<td>1015 mg<\/td>\n<\/tr>\n<tr>\n<td>\u2013 L-Arginin<\/td>\n<td>2115 mg<\/td>\n<\/tr>\n<tr>\n<td>\u2013 L-Asparagins\u00e4ure<\/td>\n<td>2940 mg<\/td>\n<\/tr>\n<tr>\n<td>\u2013 L-Cystein<\/td>\n<td>373 mg<\/td>\n<\/tr>\n<tr>\n<td>\u2013 Glycine<\/td>\n<td>1028 mg<\/td>\n<\/tr>\n<tr>\n<td>\u2013 L-Glutamin \/ L-Glutamins\u00e4ure<\/td>\n<td>4465 mg<\/td>\n<\/tr>\n<\/tbody>\n<\/table>\n<p class=\"chcg-footnote\">TW = Tageswert. Die Prozentwerte basieren auf einer Tageszufuhr von 2000 Kalorien.<\/p>\n<p class=\"chcg-footnote\">* Aminos\u00e4urenwerte stammen von einer nicht verifizierten Etikettangabe.<\/p>\n<\/p><\/div>\n<div class=\"chcg-ingredients\">\n<h3>Zutaten<\/h3>\n<p>Non-GMO Pea Protein Isolate [aus gelben Erbsen (<em>Pisum sativum<\/em>)], nat\u00fcrliche Vanille-Aromen, Xylitol, nat\u00fcrliches Toffee-Karamell-Aroma, Meersalz, BetterStevia\u2122 (organischer Stevia-Extrakt) und gereinigter Stevia-Extrakt (Rebaudiosid A).<\/p>\n<p>Nicht hergestellt mit Weizen, Gluten, Soja, Milch, Ei, Fisch oder Schalentieren.<\/p>\n<\/p><\/div>\n<div class=\"chcg-dosage\">\n<h3>Verzehrempfehlung<\/h3>\n<p>T\u00e4glich 1 geh\u00e4uften Messl\u00f6ffel (41 g) in 300 ml kaltes Wasser, Saft oder Ihr bevorzugtes Getr\u00e4nk geben. Umr\u00fchren oder mixen.<\/p>\n<\/p><\/div>\n<div class=\"chcg-warnings\">\n<h3>Warnhinweise<\/h3>\n<p>Dieses Produkt ausschliesslich als Nahrungserg\u00e4nzungsmittel verwenden. Nicht zur Gewichtsreduktion einsetzen. Enth\u00e4lt Xylitol, welches f\u00fcr Haustiere sch\u00e4dlich ist; bei vermutetem Verzehr durch ein Tier sofort tier\u00e4rztliche Hilfe aufsuchen. Nat\u00fcrliche Farbvariationen des Produkts sind m\u00f6glich. Dieses Produkt wird nach Gewicht und nicht nach Volumen verkauft. \u00dcberm\u00e4ssiger Verzehr von Xylitol kann abf\u00fchrend wirken. Enth\u00e4lt S\u00fcssungsmittel.<\/p>\n<\/p><\/div>\n<div class=\"chcg-allergens\">\n<h3>Allergeninformationen<\/h3>\n<p>Nicht hergestellt mit Weizen, Gluten, Soja, Milch, Ei, Fisch oder Schalentieren. Produziert in einer GMP-zertifizierten Anlage, die auch andere Zutaten verarbeitet, welche diese Allergene enthalten. Erbsen gelten nicht als einer der grossen Nahrungsmittelallergene.<\/p>\n<\/p><\/div>\n<div class=\"chcg-storage\">\n<h3>Lagerung<\/h3>\n<p>Nach dem \u00d6ffnen an einem k\u00fchlen, trockenen und dunklen Ort aufbewahren.<\/p>\n<\/p><\/div>\n<div class=\"chcg-dietary\">\n<h3>Ern\u00e4hrungshinweise<\/h3>\n<ul>\n<li>Vegan<\/li>\n<li>Vegetarisch<\/li>\n<li>Glutenfrei<\/li>\n<li>Laktosefrei<\/li>\n<\/ul><\/div>\n<\/div>\n","protected":false},"excerpt":{"rendered":"<p>NOW Foods Pea Protein in der Geschmacksrichtung Vanilla Toffee liefert 25 g Erbsenprotein pro Portion \u2013 vegan, glutenfrei und ohne zugesetzten Zucker. Das Pulver (907 g, ca. 22 Portionen) l\u00e4sst sich einfach in Wasser oder Ihrem Lieblingsgetr\u00e4nk anr\u00fchren.<\/p>\n","protected":false},"featured_media":5088,"comment_status":"closed","ping_status":"open","template":"","meta":[],"product_brand":[454],"product_cat":[90,48,65,50,22,21],"product_tag":[],"class_list":{"0":"post-5087","1":"product","2":"type-product","3":"status-publish","4":"has-post-thumbnail","6":"product_brand-nownow-foods","7":"product_cat-fitness-training","8":"product_cat-gesunde-ernaehrung","9":"product_cat-pflanzliche-proteine","10":"product_cat-proteine","11":"product_cat-vegane-produkte","12":"product_cat-vitamine-und-mineralstoffe","14":"first","15":"outofstock","16":"taxable","17":"shipping-taxable","18":"purchasable","19":"product-type-simple"},"yoast_head":"<!-- This site is optimized with the Yoast SEO plugin v27.5 - https:\/\/yoast.com\/product\/yoast-seo-wordpress\/ -->\n<title>Pea Protein Vanilla Toffee 907g \u2013 NOW Foods | ecosupplements.ch<\/title>\n<meta name=\"description\" content=\"25 g veganes Erbsenprotein pro Portion, glutenfrei und ohne Zuckerzusatz. NOW Foods Pea Protein Vanilla Toffee, 907 g Pulver. Jetzt bestellen.\" \/>\n<meta name=\"robots\" content=\"index, follow, max-snippet:-1, max-image-preview:large, max-video-preview:-1\" \/>\n<link rel=\"canonical\" href=\"https:\/\/ecosupplements.ch\/?product=pea-protein-vanilla-toffee-907g\" \/>\n<meta property=\"og:locale\" content=\"de_DE\" \/>\n<meta property=\"og:type\" content=\"article\" \/>\n<meta property=\"og:title\" content=\"Pea Protein Vanilla Toffee 907g \u2013 NOW Foods | ecosupplements.ch\" \/>\n<meta property=\"og:description\" content=\"25 g veganes Erbsenprotein pro Portion, glutenfrei und ohne Zuckerzusatz. NOW Foods Pea Protein Vanilla Toffee, 907 g Pulver. Jetzt bestellen.\" \/>\n<meta property=\"og:url\" content=\"https:\/\/ecosupplements.ch\/?product=pea-protein-vanilla-toffee-907g\" \/>\n<meta property=\"og:site_name\" content=\"Eco Supplements\" \/>\n<meta property=\"article:modified_time\" content=\"2026-05-13T07:23:20+00:00\" \/>\n<meta property=\"og:image\" content=\"https:\/\/ecosupplements.ch\/wp-content\/uploads\/2026\/05\/Pea-Protein-Vanilla-Toffee-907g.webp\" \/>\n\t<meta property=\"og:image:width\" content=\"1000\" \/>\n\t<meta property=\"og:image:height\" content=\"1000\" \/>\n\t<meta property=\"og:image:type\" content=\"image\/jpeg\" \/>\n<meta name=\"twitter:card\" content=\"summary_large_image\" \/>\n<meta name=\"twitter:label1\" content=\"Price\" \/>\n\t<meta name=\"twitter:data1\" content=\"&#067;&#072;&#070;&nbsp;49.58\" \/>\n\t<meta name=\"twitter:label2\" content=\"Availability\" \/>\n\t<meta name=\"twitter:data2\" content=\"Out of stock\" \/>\n<script type=\"application\/ld+json\" class=\"yoast-schema-graph\">{\"@context\":\"https:\\\/\\\/schema.org\",\"@graph\":[{\"@type\":\"WebPage\",\"@id\":\"https:\\\/\\\/ecosupplements.ch\\\/?product=pea-protein-vanilla-toffee-907g\",\"url\":\"https:\\\/\\\/ecosupplements.ch\\\/?product=pea-protein-vanilla-toffee-907g\",\"name\":\"Pea Protein Vanilla Toffee 907g \u2013 NOW Foods | ecosupplements.ch\",\"isPartOf\":{\"@id\":\"https:\\\/\\\/ecosupplements.ch\\\/#website\"},\"primaryImageOfPage\":{\"@id\":\"https:\\\/\\\/ecosupplements.ch\\\/?product=pea-protein-vanilla-toffee-907g#primaryimage\"},\"image\":{\"@id\":\"https:\\\/\\\/ecosupplements.ch\\\/?product=pea-protein-vanilla-toffee-907g#primaryimage\"},\"thumbnailUrl\":\"https:\\\/\\\/ecosupplements.ch\\\/wp-content\\\/uploads\\\/2026\\\/05\\\/Pea-Protein-Vanilla-Toffee-907g.webp\",\"datePublished\":\"2026-05-11T15:03:48+00:00\",\"dateModified\":\"2026-05-13T07:23:20+00:00\",\"description\":\"25 g veganes Erbsenprotein pro Portion, glutenfrei und ohne Zuckerzusatz. NOW Foods Pea Protein Vanilla Toffee, 907 g Pulver. Jetzt bestellen.\",\"breadcrumb\":{\"@id\":\"https:\\\/\\\/ecosupplements.ch\\\/?product=pea-protein-vanilla-toffee-907g#breadcrumb\"},\"inLanguage\":\"de-CH\",\"potentialAction\":[{\"@type\":\"ReadAction\",\"target\":[\"https:\\\/\\\/ecosupplements.ch\\\/?product=pea-protein-vanilla-toffee-907g\"]}]},{\"@type\":\"ImageObject\",\"inLanguage\":\"de-CH\",\"@id\":\"https:\\\/\\\/ecosupplements.ch\\\/?product=pea-protein-vanilla-toffee-907g#primaryimage\",\"url\":\"https:\\\/\\\/ecosupplements.ch\\\/wp-content\\\/uploads\\\/2026\\\/05\\\/Pea-Protein-Vanilla-Toffee-907g.webp\",\"contentUrl\":\"https:\\\/\\\/ecosupplements.ch\\\/wp-content\\\/uploads\\\/2026\\\/05\\\/Pea-Protein-Vanilla-Toffee-907g.webp\",\"width\":1000,\"height\":1000,\"caption\":\"Pea Protein\"},{\"@type\":\"BreadcrumbList\",\"@id\":\"https:\\\/\\\/ecosupplements.ch\\\/?product=pea-protein-vanilla-toffee-907g#breadcrumb\",\"itemListElement\":[{\"@type\":\"ListItem\",\"position\":1,\"name\":\"Home\",\"item\":\"https:\\\/\\\/ecosupplements.ch\\\/\"},{\"@type\":\"ListItem\",\"position\":2,\"name\":\"Shop\",\"item\":\"https:\\\/\\\/ecosupplements.ch\\\/?page_id=14\"},{\"@type\":\"ListItem\",\"position\":3,\"name\":\"Pea Protein, Vanilla Toffee &#8211; 907g\"}]},{\"@type\":\"WebSite\",\"@id\":\"https:\\\/\\\/ecosupplements.ch\\\/#website\",\"url\":\"https:\\\/\\\/ecosupplements.ch\\\/\",\"name\":\"Eco Supplements\",\"description\":\"\",\"potentialAction\":[{\"@type\":\"SearchAction\",\"target\":{\"@type\":\"EntryPoint\",\"urlTemplate\":\"https:\\\/\\\/ecosupplements.ch\\\/?s={search_term_string}\"},\"query-input\":{\"@type\":\"PropertyValueSpecification\",\"valueRequired\":true,\"valueName\":\"search_term_string\"}}],\"inLanguage\":\"de-CH\"}]}<\/script>\n<meta property=\"product:price:amount\" content=\"49.58\" \/>\n<meta property=\"product:price:currency\" content=\"CHF\" \/>\n<meta property=\"og:availability\" content=\"out of stock\" \/>\n<meta property=\"product:availability\" content=\"out of stock\" \/>\n<meta property=\"product:retailer_item_id\" content=\"733739021342\" \/>\n<meta property=\"product:condition\" content=\"new\" \/>\n<!-- \/ Yoast SEO plugin. -->","yoast_head_json":{"title":"Pea Protein Vanilla Toffee 907g \u2013 NOW Foods | ecosupplements.ch","description":"25 g veganes Erbsenprotein pro Portion, glutenfrei und ohne Zuckerzusatz. NOW Foods Pea Protein Vanilla Toffee, 907 g Pulver. Jetzt bestellen.","robots":{"index":"index","follow":"follow","max-snippet":"max-snippet:-1","max-image-preview":"max-image-preview:large","max-video-preview":"max-video-preview:-1"},"canonical":"https:\/\/ecosupplements.ch\/?product=pea-protein-vanilla-toffee-907g","og_locale":"de_DE","og_type":"article","og_title":"Pea Protein Vanilla Toffee 907g \u2013 NOW Foods | ecosupplements.ch","og_description":"25 g veganes Erbsenprotein pro Portion, glutenfrei und ohne Zuckerzusatz. NOW Foods Pea Protein Vanilla Toffee, 907 g Pulver. Jetzt bestellen.","og_url":"https:\/\/ecosupplements.ch\/?product=pea-protein-vanilla-toffee-907g","og_site_name":"Eco Supplements","article_modified_time":"2026-05-13T07:23:20+00:00","og_image":[{"width":1000,"height":1000,"url":"https:\/\/ecosupplements.ch\/wp-content\/uploads\/2026\/05\/Pea-Protein-Vanilla-Toffee-907g.webp","type":"image\/jpeg"}],"twitter_card":"summary_large_image","twitter_misc":{"Price":"&#67;&#72;&#70;&nbsp;49.58","Availability":"Out of stock"},"schema":{"@context":"https:\/\/schema.org","@graph":[{"@type":"WebPage","@id":"https:\/\/ecosupplements.ch\/?product=pea-protein-vanilla-toffee-907g","url":"https:\/\/ecosupplements.ch\/?product=pea-protein-vanilla-toffee-907g","name":"Pea Protein Vanilla Toffee 907g \u2013 NOW Foods | ecosupplements.ch","isPartOf":{"@id":"https:\/\/ecosupplements.ch\/#website"},"primaryImageOfPage":{"@id":"https:\/\/ecosupplements.ch\/?product=pea-protein-vanilla-toffee-907g#primaryimage"},"image":{"@id":"https:\/\/ecosupplements.ch\/?product=pea-protein-vanilla-toffee-907g#primaryimage"},"thumbnailUrl":"https:\/\/ecosupplements.ch\/wp-content\/uploads\/2026\/05\/Pea-Protein-Vanilla-Toffee-907g.webp","datePublished":"2026-05-11T15:03:48+00:00","dateModified":"2026-05-13T07:23:20+00:00","description":"25 g veganes Erbsenprotein pro Portion, glutenfrei und ohne Zuckerzusatz. NOW Foods Pea Protein Vanilla Toffee, 907 g Pulver. Jetzt bestellen.","breadcrumb":{"@id":"https:\/\/ecosupplements.ch\/?product=pea-protein-vanilla-toffee-907g#breadcrumb"},"inLanguage":"de-CH","potentialAction":[{"@type":"ReadAction","target":["https:\/\/ecosupplements.ch\/?product=pea-protein-vanilla-toffee-907g"]}]},{"@type":"ImageObject","inLanguage":"de-CH","@id":"https:\/\/ecosupplements.ch\/?product=pea-protein-vanilla-toffee-907g#primaryimage","url":"https:\/\/ecosupplements.ch\/wp-content\/uploads\/2026\/05\/Pea-Protein-Vanilla-Toffee-907g.webp","contentUrl":"https:\/\/ecosupplements.ch\/wp-content\/uploads\/2026\/05\/Pea-Protein-Vanilla-Toffee-907g.webp","width":1000,"height":1000,"caption":"Pea Protein"},{"@type":"BreadcrumbList","@id":"https:\/\/ecosupplements.ch\/?product=pea-protein-vanilla-toffee-907g#breadcrumb","itemListElement":[{"@type":"ListItem","position":1,"name":"Home","item":"https:\/\/ecosupplements.ch\/"},{"@type":"ListItem","position":2,"name":"Shop","item":"https:\/\/ecosupplements.ch\/?page_id=14"},{"@type":"ListItem","position":3,"name":"Pea Protein, Vanilla Toffee &#8211; 907g"}]},{"@type":"WebSite","@id":"https:\/\/ecosupplements.ch\/#website","url":"https:\/\/ecosupplements.ch\/","name":"Eco Supplements","description":"","potentialAction":[{"@type":"SearchAction","target":{"@type":"EntryPoint","urlTemplate":"https:\/\/ecosupplements.ch\/?s={search_term_string}"},"query-input":{"@type":"PropertyValueSpecification","valueRequired":true,"valueName":"search_term_string"}}],"inLanguage":"de-CH"}]},"product_price_amount":"49.58","product_price_currency":"CHF","og_availability":"out of stock","product_availability":"out of stock","product_retailer_item_id":"733739021342","product_condition":"new"},"_links":{"self":[{"href":"https:\/\/ecosupplements.ch\/index.php?rest_route=\/wp\/v2\/product\/5087","targetHints":{"allow":["GET"]}}],"collection":[{"href":"https:\/\/ecosupplements.ch\/index.php?rest_route=\/wp\/v2\/product"}],"about":[{"href":"https:\/\/ecosupplements.ch\/index.php?rest_route=\/wp\/v2\/types\/product"}],"replies":[{"embeddable":true,"href":"https:\/\/ecosupplements.ch\/index.php?rest_route=%2Fwp%2Fv2%2Fcomments&post=5087"}],"wp:featuredmedia":[{"embeddable":true,"href":"https:\/\/ecosupplements.ch\/index.php?rest_route=\/wp\/v2\/media\/5088"}],"wp:attachment":[{"href":"https:\/\/ecosupplements.ch\/index.php?rest_route=%2Fwp%2Fv2%2Fmedia&parent=5087"}],"wp:term":[{"taxonomy":"product_brand","embeddable":true,"href":"https:\/\/ecosupplements.ch\/index.php?rest_route=%2Fwp%2Fv2%2Fproduct_brand&post=5087"},{"taxonomy":"product_cat","embeddable":true,"href":"https:\/\/ecosupplements.ch\/index.php?rest_route=%2Fwp%2Fv2%2Fproduct_cat&post=5087"},{"taxonomy":"product_tag","embeddable":true,"href":"https:\/\/ecosupplements.ch\/index.php?rest_route=%2Fwp%2Fv2%2Fproduct_tag&post=5087"}],"curies":[{"name":"wp","href":"https:\/\/api.w.org\/{rel}","templated":true}]}}