{"id":5090,"date":"2026-05-11T15:03:49","date_gmt":"2026-05-11T15:03:49","guid":{"rendered":"https:\/\/ecosupplements.ch\/?product=peppermint-gels-90-softgels"},"modified":"2026-05-13T07:23:20","modified_gmt":"2026-05-13T07:23:20","slug":"peppermint-gels-90-softgels","status":"publish","type":"product","link":"https:\/\/ecosupplements.ch\/?product=peppermint-gels-90-softgels","title":{"rendered":"Peppermint Gels &#8211; 90 softgels"},"content":{"rendered":"<div class=\"chcg-product-description\">\n<h2 class=\"chcg-heading\">\u00dcber NOW Foods \u2013 Peppermint Gels \u2013 90 Softgels<\/h2>\n<div class=\"chcg-intro\">\n<p>Die Peppermint Gels von NOW Foods vereinen drei bew\u00e4hrte Pflanzen\u00f6le \u2013 Pfefferminze, Ingwer und Fenchel \u2013 in einer praktischen Softgel-Kapsel mit magensaftresistenter Umh\u00fcllung. Diese enterische Beschichtung sorgt daf\u00fcr, dass die Wirkstoffe erst im D\u00fcnndarm freigesetzt werden, was die Vertr\u00e4glichkeit verbessert und das charakteristische Pfefferminzaroma im Mundbereich minimiert.<\/p>\n<p>Pfefferminz\u00f6l (Mentha piperita), Ingwer\u00f6l (Zingiber officinale) und Fenchel\u00f6l (Foeniculum vulgare) werden seit Jahrhunderten in der Naturheilkunde eingesetzt und sind f\u00fcr ihre verdauungsunterst\u00fctzenden Eigenschaften bekannt. NOW Foods setzt auf hochwertige, sorgf\u00e4ltig ausgew\u00e4hlte Pflanzen\u00f6le, um ein Produkt zu bieten, das den anspruchsvollen Qualit\u00e4tsstandards der Schweizer Konsumentinnen und Konsumenten entspricht.<\/p>\n<p>Die Softgels sind einfach einzunehmen und werden in einer GMP-zertifizierten Anlage produziert, was f\u00fcr gleichbleibende Qualit\u00e4t und Reinheit sorgt. Mit 90 Softgels pro Packung bietet dieses Produkt einen Vorrat f\u00fcr bis zu 45 Portionen.<\/p>\n<\/p><\/div>\n<div class=\"chcg-nutrition\">\n<h3>N\u00e4hrwertangaben<\/h3>\n<table class=\"chcg-nutrition-table\">\n<thead>\n<tr>\n<th>N\u00e4hrstoff<\/th>\n<th>Pro Portion (2 Softgels)<\/th>\n<\/tr>\n<\/thead>\n<tbody>\n<tr>\n<td>Pfefferminz\u00f6l (Mentha piperita)<\/td>\n<td>0,4 ml \/ 362 mg*<\/td>\n<\/tr>\n<tr>\n<td>Ingwer\u00f6l (Zingiber officinale)<\/td>\n<td>0,04 ml \/ 35,2 mg*<\/td>\n<\/tr>\n<tr>\n<td>Fenchel\u00f6l (Foeniculum vulgare)<\/td>\n<td>0,04 ml \/ 38,6 mg*<\/td>\n<\/tr>\n<\/tbody>\n<\/table>\n<p class=\"chcg-footnote\">* Kein festgelegter Tagesbedarf.<\/p>\n<p class=\"chcg-footnote\">Portionsgr\u00f6sse: 2 Softgels | Portionen pro Packung: 45<\/p>\n<\/p><\/div>\n<div class=\"chcg-ingredients\">\n<h3>Zutaten<\/h3>\n<p>Pfefferminz\u00f6l (Mentha piperita) 0,4 ml \/ 362 mg, Ingwer\u00f6l (Zingiber officinale) 0,04 ml \/ 35,2 mg, Fenchel\u00f6l (Foeniculum vulgare) 0,04 ml \/ 38,6 mg. Sonstige Zutaten: Softgel-Kapsel [bovines Gelatine (BSE-frei), Glycerin, magensaftresistente Beschichtung (pharmazeutischer Glanz, Natriumcarboxymethylcellulose, Ammoniumbicarbonat, mikrokristalline Cellulose, Sonnenblumen\u00f6l, Siliziumdioxid), Wasser, Johannisbrot] und biologisches Oliven\u00f6l.<\/p>\n<p class=\"chcg-capsule-shell\">Kapselh\u00fclle: Softgel-Kapsel [bovines Gelatine (BSE-frei), Glycerin, magensaftresistente Beschichtung (pharmazeutischer Glanz, Natriumcarboxymethylcellulose, Ammoniumbicarbonat, mikrokristalline Cellulose, Sonnenblumen\u00f6l, Siliziumdioxid), Wasser, Johannisbrot]\n<\/p><\/div>\n<div class=\"chcg-dosage\">\n<h3>Verzehrempfehlung<\/h3>\n<p>1\u20132 Softgels 1- bis 3-mal t\u00e4glich, 30 Minuten vor den Mahlzeiten einnehmen.<\/p>\n<\/p><\/div>\n<div class=\"chcg-warnings\">\n<h3>Warnhinweise<\/h3>\n<p>Nur f\u00fcr Erwachsene. Dieses Produkt nicht einnehmen, wenn eine Allergie gegen Pfefferminze, Fenchel oder Ingwer besteht. Nicht empfohlen f\u00fcr Schwangere oder stillende Frauen. Bei Einnahme von Medikamenten, bei Leber- oder Nierenerkrankungen oder anderen medizinischen Zust\u00e4nden vor der Einnahme einen Arzt konsultieren. Ausserhalb der Reichweite von Kindern aufbewahren. Nat\u00fcrliche Farbabweichungen des Produkts sind m\u00f6glich.<\/p>\n<\/p><\/div>\n<div class=\"chcg-allergens\">\n<h3>Allergeninformationen<\/h3>\n<p>Nicht hergestellt mit Hefe, Weizen, Gluten, Milch, Ei, Fisch, Schalentieren oder Sesam. Produziert in einer GMP-Anlage, die andere Zutaten verarbeitet, die diese Allergene enthalten k\u00f6nnen. Enth\u00e4lt Sonnenblumen\u00f6l (aktuelle Formel) sowie bovine Gelatine (BSE-frei).<\/p>\n<\/p><\/div>\n<div class=\"chcg-storage\">\n<h3>Lagerung<\/h3>\n<p>Nach dem \u00d6ffnen an einem k\u00fchlen, trockenen Ort aufbewahren.<\/p>\n<\/p><\/div>\n<div class=\"chcg-dietary\">\n<h3>Ern\u00e4hrungshinweise<\/h3>\n<ul>\n<li>Glutenfrei<\/li>\n<li>Laktosefrei<\/li>\n<\/ul><\/div>\n<\/div>\n","protected":false},"excerpt":{"rendered":"<p>NOW Foods Peppermint Gels kombinieren Pfefferminz-, Ingwer- und Fenchel\u00f6l in magensaftresistenten Softgels zur Unterst\u00fctzung der Verdauung. 90 Softgels pro Packung, glutenfrei und laktosefrei.<\/p>\n","protected":false},"featured_media":5091,"comment_status":"closed","ping_status":"open","template":"","meta":[],"product_brand":[454],"product_cat":[72,48,25,21],"product_tag":[],"class_list":{"0":"post-5090","1":"product","2":"type-product","3":"status-publish","4":"has-post-thumbnail","6":"product_brand-nownow-foods","7":"product_cat-aetherische-oele","8":"product_cat-gesunde-ernaehrung","9":"product_cat-gesundheit-und-wohlbefinden","10":"product_cat-vitamine-und-mineralstoffe","12":"first","13":"outofstock","14":"taxable","15":"shipping-taxable","16":"purchasable","17":"product-type-simple"},"yoast_head":"<!-- This site is optimized with the Yoast SEO plugin v27.5 - https:\/\/yoast.com\/product\/yoast-seo-wordpress\/ -->\n<title>Peppermint Gels 90 Softgels \u2013 NOW Foods | ecosupplements.ch<\/title>\n<meta name=\"description\" content=\"NOW Foods Peppermint Gels mit Pfefferminz-, Ingwer- und Fenchel\u00f6l \u2013 magensaftresistente Softgels zur Verdauungsunterst\u00fctzung, 90 St\u00fcck. Jetzt bestellen.\" \/>\n<meta name=\"robots\" content=\"index, follow, max-snippet:-1, max-image-preview:large, max-video-preview:-1\" \/>\n<link rel=\"canonical\" href=\"https:\/\/ecosupplements.ch\/?product=peppermint-gels-90-softgels\" \/>\n<meta property=\"og:locale\" content=\"de_DE\" \/>\n<meta property=\"og:type\" content=\"article\" \/>\n<meta property=\"og:title\" content=\"Peppermint Gels 90 Softgels \u2013 NOW Foods | ecosupplements.ch\" \/>\n<meta property=\"og:description\" content=\"NOW Foods Peppermint Gels mit Pfefferminz-, Ingwer- und Fenchel\u00f6l \u2013 magensaftresistente Softgels zur Verdauungsunterst\u00fctzung, 90 St\u00fcck. Jetzt bestellen.\" \/>\n<meta property=\"og:url\" content=\"https:\/\/ecosupplements.ch\/?product=peppermint-gels-90-softgels\" \/>\n<meta property=\"og:site_name\" content=\"Eco Supplements\" \/>\n<meta property=\"article:modified_time\" content=\"2026-05-13T07:23:20+00:00\" \/>\n<meta property=\"og:image\" content=\"https:\/\/ecosupplements.ch\/wp-content\/uploads\/2026\/05\/Peppermint-Gels-90-softgels.webp\" \/>\n\t<meta property=\"og:image:width\" content=\"1000\" \/>\n\t<meta property=\"og:image:height\" content=\"1000\" \/>\n\t<meta property=\"og:image:type\" content=\"image\/jpeg\" \/>\n<meta name=\"twitter:card\" content=\"summary_large_image\" \/>\n<meta name=\"twitter:label1\" content=\"Price\" \/>\n\t<meta name=\"twitter:data1\" content=\"&#067;&#072;&#070;&nbsp;15.69\" \/>\n\t<meta name=\"twitter:label2\" content=\"Availability\" \/>\n\t<meta name=\"twitter:data2\" content=\"Out of stock\" \/>\n<script type=\"application\/ld+json\" class=\"yoast-schema-graph\">{\"@context\":\"https:\\\/\\\/schema.org\",\"@graph\":[{\"@type\":\"WebPage\",\"@id\":\"https:\\\/\\\/ecosupplements.ch\\\/?product=peppermint-gels-90-softgels\",\"url\":\"https:\\\/\\\/ecosupplements.ch\\\/?product=peppermint-gels-90-softgels\",\"name\":\"Peppermint Gels 90 Softgels \u2013 NOW Foods | ecosupplements.ch\",\"isPartOf\":{\"@id\":\"https:\\\/\\\/ecosupplements.ch\\\/#website\"},\"primaryImageOfPage\":{\"@id\":\"https:\\\/\\\/ecosupplements.ch\\\/?product=peppermint-gels-90-softgels#primaryimage\"},\"image\":{\"@id\":\"https:\\\/\\\/ecosupplements.ch\\\/?product=peppermint-gels-90-softgels#primaryimage\"},\"thumbnailUrl\":\"https:\\\/\\\/ecosupplements.ch\\\/wp-content\\\/uploads\\\/2026\\\/05\\\/Peppermint-Gels-90-softgels.webp\",\"datePublished\":\"2026-05-11T15:03:49+00:00\",\"dateModified\":\"2026-05-13T07:23:20+00:00\",\"description\":\"NOW Foods Peppermint Gels mit Pfefferminz-, Ingwer- und Fenchel\u00f6l \u2013 magensaftresistente Softgels zur Verdauungsunterst\u00fctzung, 90 St\u00fcck. Jetzt bestellen.\",\"breadcrumb\":{\"@id\":\"https:\\\/\\\/ecosupplements.ch\\\/?product=peppermint-gels-90-softgels#breadcrumb\"},\"inLanguage\":\"de-CH\",\"potentialAction\":[{\"@type\":\"ReadAction\",\"target\":[\"https:\\\/\\\/ecosupplements.ch\\\/?product=peppermint-gels-90-softgels\"]}]},{\"@type\":\"ImageObject\",\"inLanguage\":\"de-CH\",\"@id\":\"https:\\\/\\\/ecosupplements.ch\\\/?product=peppermint-gels-90-softgels#primaryimage\",\"url\":\"https:\\\/\\\/ecosupplements.ch\\\/wp-content\\\/uploads\\\/2026\\\/05\\\/Peppermint-Gels-90-softgels.webp\",\"contentUrl\":\"https:\\\/\\\/ecosupplements.ch\\\/wp-content\\\/uploads\\\/2026\\\/05\\\/Peppermint-Gels-90-softgels.webp\",\"width\":1000,\"height\":1000,\"caption\":\"Peppermint Gels - 90 softgels\"},{\"@type\":\"BreadcrumbList\",\"@id\":\"https:\\\/\\\/ecosupplements.ch\\\/?product=peppermint-gels-90-softgels#breadcrumb\",\"itemListElement\":[{\"@type\":\"ListItem\",\"position\":1,\"name\":\"Home\",\"item\":\"https:\\\/\\\/ecosupplements.ch\\\/\"},{\"@type\":\"ListItem\",\"position\":2,\"name\":\"Shop\",\"item\":\"https:\\\/\\\/ecosupplements.ch\\\/?page_id=14\"},{\"@type\":\"ListItem\",\"position\":3,\"name\":\"Peppermint Gels &#8211; 90 softgels\"}]},{\"@type\":\"WebSite\",\"@id\":\"https:\\\/\\\/ecosupplements.ch\\\/#website\",\"url\":\"https:\\\/\\\/ecosupplements.ch\\\/\",\"name\":\"Eco Supplements\",\"description\":\"\",\"potentialAction\":[{\"@type\":\"SearchAction\",\"target\":{\"@type\":\"EntryPoint\",\"urlTemplate\":\"https:\\\/\\\/ecosupplements.ch\\\/?s={search_term_string}\"},\"query-input\":{\"@type\":\"PropertyValueSpecification\",\"valueRequired\":true,\"valueName\":\"search_term_string\"}}],\"inLanguage\":\"de-CH\"}]}<\/script>\n<meta property=\"product:price:amount\" content=\"15.69\" \/>\n<meta property=\"product:price:currency\" content=\"CHF\" \/>\n<meta property=\"og:availability\" content=\"out of stock\" \/>\n<meta property=\"product:availability\" content=\"out of stock\" \/>\n<meta property=\"product:retailer_item_id\" content=\"733739047274\" \/>\n<meta property=\"product:condition\" content=\"new\" \/>\n<!-- \/ Yoast SEO plugin. -->","yoast_head_json":{"title":"Peppermint Gels 90 Softgels \u2013 NOW Foods | ecosupplements.ch","description":"NOW Foods Peppermint Gels mit Pfefferminz-, Ingwer- und Fenchel\u00f6l \u2013 magensaftresistente Softgels zur Verdauungsunterst\u00fctzung, 90 St\u00fcck. Jetzt bestellen.","robots":{"index":"index","follow":"follow","max-snippet":"max-snippet:-1","max-image-preview":"max-image-preview:large","max-video-preview":"max-video-preview:-1"},"canonical":"https:\/\/ecosupplements.ch\/?product=peppermint-gels-90-softgels","og_locale":"de_DE","og_type":"article","og_title":"Peppermint Gels 90 Softgels \u2013 NOW Foods | ecosupplements.ch","og_description":"NOW Foods Peppermint Gels mit Pfefferminz-, Ingwer- und Fenchel\u00f6l \u2013 magensaftresistente Softgels zur Verdauungsunterst\u00fctzung, 90 St\u00fcck. Jetzt bestellen.","og_url":"https:\/\/ecosupplements.ch\/?product=peppermint-gels-90-softgels","og_site_name":"Eco Supplements","article_modified_time":"2026-05-13T07:23:20+00:00","og_image":[{"width":1000,"height":1000,"url":"https:\/\/ecosupplements.ch\/wp-content\/uploads\/2026\/05\/Peppermint-Gels-90-softgels.webp","type":"image\/jpeg"}],"twitter_card":"summary_large_image","twitter_misc":{"Price":"&#67;&#72;&#70;&nbsp;15.69","Availability":"Out of stock"},"schema":{"@context":"https:\/\/schema.org","@graph":[{"@type":"WebPage","@id":"https:\/\/ecosupplements.ch\/?product=peppermint-gels-90-softgels","url":"https:\/\/ecosupplements.ch\/?product=peppermint-gels-90-softgels","name":"Peppermint Gels 90 Softgels \u2013 NOW Foods | ecosupplements.ch","isPartOf":{"@id":"https:\/\/ecosupplements.ch\/#website"},"primaryImageOfPage":{"@id":"https:\/\/ecosupplements.ch\/?product=peppermint-gels-90-softgels#primaryimage"},"image":{"@id":"https:\/\/ecosupplements.ch\/?product=peppermint-gels-90-softgels#primaryimage"},"thumbnailUrl":"https:\/\/ecosupplements.ch\/wp-content\/uploads\/2026\/05\/Peppermint-Gels-90-softgels.webp","datePublished":"2026-05-11T15:03:49+00:00","dateModified":"2026-05-13T07:23:20+00:00","description":"NOW Foods Peppermint Gels mit Pfefferminz-, Ingwer- und Fenchel\u00f6l \u2013 magensaftresistente Softgels zur Verdauungsunterst\u00fctzung, 90 St\u00fcck. Jetzt bestellen.","breadcrumb":{"@id":"https:\/\/ecosupplements.ch\/?product=peppermint-gels-90-softgels#breadcrumb"},"inLanguage":"de-CH","potentialAction":[{"@type":"ReadAction","target":["https:\/\/ecosupplements.ch\/?product=peppermint-gels-90-softgels"]}]},{"@type":"ImageObject","inLanguage":"de-CH","@id":"https:\/\/ecosupplements.ch\/?product=peppermint-gels-90-softgels#primaryimage","url":"https:\/\/ecosupplements.ch\/wp-content\/uploads\/2026\/05\/Peppermint-Gels-90-softgels.webp","contentUrl":"https:\/\/ecosupplements.ch\/wp-content\/uploads\/2026\/05\/Peppermint-Gels-90-softgels.webp","width":1000,"height":1000,"caption":"Peppermint Gels - 90 softgels"},{"@type":"BreadcrumbList","@id":"https:\/\/ecosupplements.ch\/?product=peppermint-gels-90-softgels#breadcrumb","itemListElement":[{"@type":"ListItem","position":1,"name":"Home","item":"https:\/\/ecosupplements.ch\/"},{"@type":"ListItem","position":2,"name":"Shop","item":"https:\/\/ecosupplements.ch\/?page_id=14"},{"@type":"ListItem","position":3,"name":"Peppermint Gels &#8211; 90 softgels"}]},{"@type":"WebSite","@id":"https:\/\/ecosupplements.ch\/#website","url":"https:\/\/ecosupplements.ch\/","name":"Eco Supplements","description":"","potentialAction":[{"@type":"SearchAction","target":{"@type":"EntryPoint","urlTemplate":"https:\/\/ecosupplements.ch\/?s={search_term_string}"},"query-input":{"@type":"PropertyValueSpecification","valueRequired":true,"valueName":"search_term_string"}}],"inLanguage":"de-CH"}]},"product_price_amount":"15.69","product_price_currency":"CHF","og_availability":"out of stock","product_availability":"out of stock","product_retailer_item_id":"733739047274","product_condition":"new"},"_links":{"self":[{"href":"https:\/\/ecosupplements.ch\/index.php?rest_route=\/wp\/v2\/product\/5090","targetHints":{"allow":["GET"]}}],"collection":[{"href":"https:\/\/ecosupplements.ch\/index.php?rest_route=\/wp\/v2\/product"}],"about":[{"href":"https:\/\/ecosupplements.ch\/index.php?rest_route=\/wp\/v2\/types\/product"}],"replies":[{"embeddable":true,"href":"https:\/\/ecosupplements.ch\/index.php?rest_route=%2Fwp%2Fv2%2Fcomments&post=5090"}],"wp:featuredmedia":[{"embeddable":true,"href":"https:\/\/ecosupplements.ch\/index.php?rest_route=\/wp\/v2\/media\/5091"}],"wp:attachment":[{"href":"https:\/\/ecosupplements.ch\/index.php?rest_route=%2Fwp%2Fv2%2Fmedia&parent=5090"}],"wp:term":[{"taxonomy":"product_brand","embeddable":true,"href":"https:\/\/ecosupplements.ch\/index.php?rest_route=%2Fwp%2Fv2%2Fproduct_brand&post=5090"},{"taxonomy":"product_cat","embeddable":true,"href":"https:\/\/ecosupplements.ch\/index.php?rest_route=%2Fwp%2Fv2%2Fproduct_cat&post=5090"},{"taxonomy":"product_tag","embeddable":true,"href":"https:\/\/ecosupplements.ch\/index.php?rest_route=%2Fwp%2Fv2%2Fproduct_tag&post=5090"}],"curies":[{"name":"wp","href":"https:\/\/api.w.org\/{rel}","templated":true}]}}