{"id":5097,"date":"2026-05-11T15:03:52","date_gmt":"2026-05-11T15:03:52","guid":{"rendered":"https:\/\/ecosupplements.ch\/?product=policosanol-40mg-extra-strength-90-vcaps"},"modified":"2026-05-13T07:23:21","modified_gmt":"2026-05-13T07:23:21","slug":"policosanol-40mg-extra-strength-90-vcaps","status":"publish","type":"product","link":"https:\/\/ecosupplements.ch\/?product=policosanol-40mg-extra-strength-90-vcaps","title":{"rendered":"Policosanol, 40mg Extra Strength &#8211; 90 vcaps"},"content":{"rendered":"<div class=\"chcg-product-description\">\n<h2 class=\"chcg-heading\">\u00dcber NOW Foods \u2013 Policosanol, 40mg Extra Hochdosiert \u2013 90 Vcaps<\/h2>\n<div class=\"chcg-intro\">\n<p>Policosanol, gewonnen aus Zuckerrohr, ist ein nat\u00fcrlicher Pflanzenextrakt, der in der Nahrungserg\u00e4nzung zunehmend Beachtung findet. Diese hochdosierte Formel von NOW Foods liefert 40 mg Policosanol pro Kapsel und wird durch Pine Phytosterol Powder sowie Hawthorn Berry (Weissdornbeere) erg\u00e4nzt \u2013 eine sorgf\u00e4ltig zusammengestellte Kombination pflanzlicher Wirkstoffe.<\/p>\n<p>Phytosterole aus Kiefernquellen sowie Weissdornbeeren-Extrakt (Crataegus laevigata und\/oder monogyna) runden die Formel ab und tragen zu einem ausgewogenen Nahrungserg\u00e4nzungskonzept bei. Das Produkt ist frei von Soja, was es f\u00fcr Personen mit entsprechender Unvertr\u00e4glichkeit besonders geeignet macht.<\/p>\n<p>NOW Foods steht seit Jahrzehnten f\u00fcr hohe Qualit\u00e4tsstandards in der Herstellung von Nahrungserg\u00e4nzungsmitteln. Dieses Produkt wird in einer GMP-zertifizierten Anlage produziert und ist vegan, vegetarisch sowie glutenfrei \u2013 ideal f\u00fcr vielf\u00e4ltige Ern\u00e4hrungsweisen.<\/p>\n<\/p><\/div>\n<div class=\"chcg-nutrition\">\n<h3>N\u00e4hrwertangaben<\/h3>\n<table class=\"chcg-nutrition-table\">\n<thead>\n<tr>\n<th>N\u00e4hrstoff<\/th>\n<th>Pro Portion (1 Vcap)<\/th>\n<\/tr>\n<\/thead>\n<tbody>\n<tr>\n<td>Policosanol (aus Zuckerrohr)<\/td>\n<td>40 mg *<\/td>\n<\/tr>\n<tr>\n<td>Pine Phytosterol Powder (soyfrei)<\/td>\n<td>200 mg *<\/td>\n<\/tr>\n<tr>\n<td>Hawthorn Berry (Crataegus laevigata und\/oder monogyna) (Frucht)<\/td>\n<td>150 mg *<\/td>\n<\/tr>\n<\/tbody>\n<\/table>\n<p class=\"chcg-footnote\">* Kein festgelegter Tagesreferenzwert vorhanden.<\/p>\n<\/p><\/div>\n<div class=\"chcg-ingredients\">\n<h3>Zutaten<\/h3>\n<p>Policosanol (aus Zuckerrohr) 40 mg, Pine Phytosterol Powder (soyfrei) 200 mg, Hawthorn Berry (Crataegus laevigata und\/oder monogyna) (Frucht) 150 mg. Weitere Zutaten: Hypromellose (Cellulose-Kapsel), Stearins\u00e4ure (pflanzliche Quelle) und Siliziumdioxid.<\/p>\n<p class=\"chcg-capsule-shell\">Kapselh\u00fclle: Hypromellose (Cellulose-Kapsel)<\/p>\n<\/p><\/div>\n<div class=\"chcg-dosage\">\n<h3>Verzehrempfehlung<\/h3>\n<p>T\u00e4glich 1 Kapsel einnehmen, vorzugsweise zu einer Mahlzeit.<\/p>\n<\/p><\/div>\n<div class=\"chcg-warnings\">\n<h3>Warnhinweise<\/h3>\n<p>Nur f\u00fcr Erwachsene geeignet. Bei Schwangerschaft oder Stillzeit, bei Einnahme von Medikamenten (insbesondere Thrombozytenaggregationshemmer, Antikoagulanzien, Aspirin oder NSAIDs) sowie bei bestehenden gesundheitlichen Erkrankungen ist vor der Einnahme ein Arzt zu konsultieren. Ausserhalb der Reichweite von Kindern aufbewahren.<\/p>\n<\/p><\/div>\n<div class=\"chcg-allergens\">\n<h3>Allergeninformationen<\/h3>\n<p>Nicht hergestellt mit Weizen, Gluten, Soja, Milch, Ei, Fisch, Schalentieren, Schalenfr\u00fcchten oder Sesam als Zutaten. Produziert in einer GMP-Anlage, die andere Zutaten verarbeitet, welche diese Allergene enthalten k\u00f6nnen.<\/p>\n<\/p><\/div>\n<div class=\"chcg-storage\">\n<h3>Lagerung<\/h3>\n<p>Nach dem \u00d6ffnen an einem k\u00fchlen, trockenen Ort lagern.<\/p>\n<\/p><\/div>\n<div class=\"chcg-dietary\">\n<h3>Ern\u00e4hrungshinweise<\/h3>\n<ul>\n<li>Vegan<\/li>\n<li>Vegetarisch<\/li>\n<li>Glutenfrei<\/li>\n<li>Laktosefrei<\/li>\n<\/ul><\/div>\n<\/div>\n","protected":false},"excerpt":{"rendered":"<p>Policosanol 40 mg hochdosiert von NOW Foods, erg\u00e4nzt mit Pine Phytosterolen und Hawthorn Berry. Vegane Pflanzenkapseln, 90 St\u00fcck pro Packung, glutenfrei und soyfrei. T\u00e4glich 1 Kapsel zu einer Mahlzeit.<\/p>\n","protected":false},"featured_media":5098,"comment_status":"closed","ping_status":"open","template":"","meta":[],"product_brand":[454],"product_cat":[48,25,22,21],"product_tag":[],"class_list":{"0":"post-5097","1":"product","2":"type-product","3":"status-publish","4":"has-post-thumbnail","6":"product_brand-nownow-foods","7":"product_cat-gesunde-ernaehrung","8":"product_cat-gesundheit-und-wohlbefinden","9":"product_cat-vegane-produkte","10":"product_cat-vitamine-und-mineralstoffe","12":"first","13":"outofstock","14":"taxable","15":"shipping-taxable","16":"purchasable","17":"product-type-simple"},"yoast_head":"<!-- This site is optimized with the Yoast SEO plugin v27.5 - https:\/\/yoast.com\/product\/yoast-seo-wordpress\/ -->\n<title>Policosanol 40mg Extra Hochdosiert \u2013 NOW Foods | ecosupplements.ch<\/title>\n<meta name=\"description\" content=\"Policosanol 40mg hochdosiert von NOW Foods \u2013 vegane Kapseln mit Phytosterolen und Hawthorn Berry, 90 St\u00fcck, glutenfrei. Jetzt bestellen.\" \/>\n<meta name=\"robots\" content=\"index, follow, max-snippet:-1, max-image-preview:large, max-video-preview:-1\" \/>\n<link rel=\"canonical\" href=\"https:\/\/ecosupplements.ch\/?product=policosanol-40mg-extra-strength-90-vcaps\" \/>\n<meta property=\"og:locale\" content=\"de_DE\" \/>\n<meta property=\"og:type\" content=\"article\" \/>\n<meta property=\"og:title\" content=\"Policosanol 40mg Extra Hochdosiert \u2013 NOW Foods | ecosupplements.ch\" \/>\n<meta property=\"og:description\" content=\"Policosanol 40mg hochdosiert von NOW Foods \u2013 vegane Kapseln mit Phytosterolen und Hawthorn Berry, 90 St\u00fcck, glutenfrei. Jetzt bestellen.\" \/>\n<meta property=\"og:url\" content=\"https:\/\/ecosupplements.ch\/?product=policosanol-40mg-extra-strength-90-vcaps\" \/>\n<meta property=\"og:site_name\" content=\"Eco Supplements\" \/>\n<meta property=\"article:modified_time\" content=\"2026-05-13T07:23:21+00:00\" \/>\n<meta property=\"og:image\" content=\"https:\/\/ecosupplements.ch\/wp-content\/uploads\/2026\/05\/Policosanol-40mg-Extra-Strength-90-vcaps.webp\" \/>\n\t<meta property=\"og:image:width\" content=\"1000\" \/>\n\t<meta property=\"og:image:height\" content=\"1000\" \/>\n\t<meta property=\"og:image:type\" content=\"image\/jpeg\" \/>\n<meta name=\"twitter:card\" content=\"summary_large_image\" \/>\n<meta name=\"twitter:label1\" content=\"Price\" \/>\n\t<meta name=\"twitter:data1\" content=\"&#067;&#072;&#070;&nbsp;27.93\" \/>\n\t<meta name=\"twitter:label2\" content=\"Availability\" \/>\n\t<meta name=\"twitter:data2\" content=\"Out of stock\" \/>\n<script type=\"application\/ld+json\" class=\"yoast-schema-graph\">{\"@context\":\"https:\\\/\\\/schema.org\",\"@graph\":[{\"@type\":\"WebPage\",\"@id\":\"https:\\\/\\\/ecosupplements.ch\\\/?product=policosanol-40mg-extra-strength-90-vcaps\",\"url\":\"https:\\\/\\\/ecosupplements.ch\\\/?product=policosanol-40mg-extra-strength-90-vcaps\",\"name\":\"Policosanol 40mg Extra Hochdosiert \u2013 NOW Foods | ecosupplements.ch\",\"isPartOf\":{\"@id\":\"https:\\\/\\\/ecosupplements.ch\\\/#website\"},\"primaryImageOfPage\":{\"@id\":\"https:\\\/\\\/ecosupplements.ch\\\/?product=policosanol-40mg-extra-strength-90-vcaps#primaryimage\"},\"image\":{\"@id\":\"https:\\\/\\\/ecosupplements.ch\\\/?product=policosanol-40mg-extra-strength-90-vcaps#primaryimage\"},\"thumbnailUrl\":\"https:\\\/\\\/ecosupplements.ch\\\/wp-content\\\/uploads\\\/2026\\\/05\\\/Policosanol-40mg-Extra-Strength-90-vcaps.webp\",\"datePublished\":\"2026-05-11T15:03:52+00:00\",\"dateModified\":\"2026-05-13T07:23:21+00:00\",\"description\":\"Policosanol 40mg hochdosiert von NOW Foods \u2013 vegane Kapseln mit Phytosterolen und Hawthorn Berry, 90 St\u00fcck, glutenfrei. Jetzt bestellen.\",\"breadcrumb\":{\"@id\":\"https:\\\/\\\/ecosupplements.ch\\\/?product=policosanol-40mg-extra-strength-90-vcaps#breadcrumb\"},\"inLanguage\":\"de-CH\",\"potentialAction\":[{\"@type\":\"ReadAction\",\"target\":[\"https:\\\/\\\/ecosupplements.ch\\\/?product=policosanol-40mg-extra-strength-90-vcaps\"]}]},{\"@type\":\"ImageObject\",\"inLanguage\":\"de-CH\",\"@id\":\"https:\\\/\\\/ecosupplements.ch\\\/?product=policosanol-40mg-extra-strength-90-vcaps#primaryimage\",\"url\":\"https:\\\/\\\/ecosupplements.ch\\\/wp-content\\\/uploads\\\/2026\\\/05\\\/Policosanol-40mg-Extra-Strength-90-vcaps.webp\",\"contentUrl\":\"https:\\\/\\\/ecosupplements.ch\\\/wp-content\\\/uploads\\\/2026\\\/05\\\/Policosanol-40mg-Extra-Strength-90-vcaps.webp\",\"width\":1000,\"height\":1000,\"caption\":\"Policosanol\"},{\"@type\":\"BreadcrumbList\",\"@id\":\"https:\\\/\\\/ecosupplements.ch\\\/?product=policosanol-40mg-extra-strength-90-vcaps#breadcrumb\",\"itemListElement\":[{\"@type\":\"ListItem\",\"position\":1,\"name\":\"Home\",\"item\":\"https:\\\/\\\/ecosupplements.ch\\\/\"},{\"@type\":\"ListItem\",\"position\":2,\"name\":\"Shop\",\"item\":\"https:\\\/\\\/ecosupplements.ch\\\/?page_id=14\"},{\"@type\":\"ListItem\",\"position\":3,\"name\":\"Policosanol, 40mg Extra Strength &#8211; 90 vcaps\"}]},{\"@type\":\"WebSite\",\"@id\":\"https:\\\/\\\/ecosupplements.ch\\\/#website\",\"url\":\"https:\\\/\\\/ecosupplements.ch\\\/\",\"name\":\"Eco Supplements\",\"description\":\"\",\"potentialAction\":[{\"@type\":\"SearchAction\",\"target\":{\"@type\":\"EntryPoint\",\"urlTemplate\":\"https:\\\/\\\/ecosupplements.ch\\\/?s={search_term_string}\"},\"query-input\":{\"@type\":\"PropertyValueSpecification\",\"valueRequired\":true,\"valueName\":\"search_term_string\"}}],\"inLanguage\":\"de-CH\"}]}<\/script>\n<meta property=\"product:price:amount\" content=\"27.93\" \/>\n<meta property=\"product:price:currency\" content=\"CHF\" \/>\n<meta property=\"og:availability\" content=\"out of stock\" \/>\n<meta property=\"product:availability\" content=\"out of stock\" \/>\n<meta property=\"product:retailer_item_id\" content=\"733739018250\" \/>\n<meta property=\"product:condition\" content=\"new\" \/>\n<!-- \/ Yoast SEO plugin. -->","yoast_head_json":{"title":"Policosanol 40mg Extra Hochdosiert \u2013 NOW Foods | ecosupplements.ch","description":"Policosanol 40mg hochdosiert von NOW Foods \u2013 vegane Kapseln mit Phytosterolen und Hawthorn Berry, 90 St\u00fcck, glutenfrei. Jetzt bestellen.","robots":{"index":"index","follow":"follow","max-snippet":"max-snippet:-1","max-image-preview":"max-image-preview:large","max-video-preview":"max-video-preview:-1"},"canonical":"https:\/\/ecosupplements.ch\/?product=policosanol-40mg-extra-strength-90-vcaps","og_locale":"de_DE","og_type":"article","og_title":"Policosanol 40mg Extra Hochdosiert \u2013 NOW Foods | ecosupplements.ch","og_description":"Policosanol 40mg hochdosiert von NOW Foods \u2013 vegane Kapseln mit Phytosterolen und Hawthorn Berry, 90 St\u00fcck, glutenfrei. Jetzt bestellen.","og_url":"https:\/\/ecosupplements.ch\/?product=policosanol-40mg-extra-strength-90-vcaps","og_site_name":"Eco Supplements","article_modified_time":"2026-05-13T07:23:21+00:00","og_image":[{"width":1000,"height":1000,"url":"https:\/\/ecosupplements.ch\/wp-content\/uploads\/2026\/05\/Policosanol-40mg-Extra-Strength-90-vcaps.webp","type":"image\/jpeg"}],"twitter_card":"summary_large_image","twitter_misc":{"Price":"&#67;&#72;&#70;&nbsp;27.93","Availability":"Out of stock"},"schema":{"@context":"https:\/\/schema.org","@graph":[{"@type":"WebPage","@id":"https:\/\/ecosupplements.ch\/?product=policosanol-40mg-extra-strength-90-vcaps","url":"https:\/\/ecosupplements.ch\/?product=policosanol-40mg-extra-strength-90-vcaps","name":"Policosanol 40mg Extra Hochdosiert \u2013 NOW Foods | ecosupplements.ch","isPartOf":{"@id":"https:\/\/ecosupplements.ch\/#website"},"primaryImageOfPage":{"@id":"https:\/\/ecosupplements.ch\/?product=policosanol-40mg-extra-strength-90-vcaps#primaryimage"},"image":{"@id":"https:\/\/ecosupplements.ch\/?product=policosanol-40mg-extra-strength-90-vcaps#primaryimage"},"thumbnailUrl":"https:\/\/ecosupplements.ch\/wp-content\/uploads\/2026\/05\/Policosanol-40mg-Extra-Strength-90-vcaps.webp","datePublished":"2026-05-11T15:03:52+00:00","dateModified":"2026-05-13T07:23:21+00:00","description":"Policosanol 40mg hochdosiert von NOW Foods \u2013 vegane Kapseln mit Phytosterolen und Hawthorn Berry, 90 St\u00fcck, glutenfrei. Jetzt bestellen.","breadcrumb":{"@id":"https:\/\/ecosupplements.ch\/?product=policosanol-40mg-extra-strength-90-vcaps#breadcrumb"},"inLanguage":"de-CH","potentialAction":[{"@type":"ReadAction","target":["https:\/\/ecosupplements.ch\/?product=policosanol-40mg-extra-strength-90-vcaps"]}]},{"@type":"ImageObject","inLanguage":"de-CH","@id":"https:\/\/ecosupplements.ch\/?product=policosanol-40mg-extra-strength-90-vcaps#primaryimage","url":"https:\/\/ecosupplements.ch\/wp-content\/uploads\/2026\/05\/Policosanol-40mg-Extra-Strength-90-vcaps.webp","contentUrl":"https:\/\/ecosupplements.ch\/wp-content\/uploads\/2026\/05\/Policosanol-40mg-Extra-Strength-90-vcaps.webp","width":1000,"height":1000,"caption":"Policosanol"},{"@type":"BreadcrumbList","@id":"https:\/\/ecosupplements.ch\/?product=policosanol-40mg-extra-strength-90-vcaps#breadcrumb","itemListElement":[{"@type":"ListItem","position":1,"name":"Home","item":"https:\/\/ecosupplements.ch\/"},{"@type":"ListItem","position":2,"name":"Shop","item":"https:\/\/ecosupplements.ch\/?page_id=14"},{"@type":"ListItem","position":3,"name":"Policosanol, 40mg Extra Strength &#8211; 90 vcaps"}]},{"@type":"WebSite","@id":"https:\/\/ecosupplements.ch\/#website","url":"https:\/\/ecosupplements.ch\/","name":"Eco Supplements","description":"","potentialAction":[{"@type":"SearchAction","target":{"@type":"EntryPoint","urlTemplate":"https:\/\/ecosupplements.ch\/?s={search_term_string}"},"query-input":{"@type":"PropertyValueSpecification","valueRequired":true,"valueName":"search_term_string"}}],"inLanguage":"de-CH"}]},"product_price_amount":"27.93","product_price_currency":"CHF","og_availability":"out of stock","product_availability":"out of stock","product_retailer_item_id":"733739018250","product_condition":"new"},"_links":{"self":[{"href":"https:\/\/ecosupplements.ch\/index.php?rest_route=\/wp\/v2\/product\/5097","targetHints":{"allow":["GET"]}}],"collection":[{"href":"https:\/\/ecosupplements.ch\/index.php?rest_route=\/wp\/v2\/product"}],"about":[{"href":"https:\/\/ecosupplements.ch\/index.php?rest_route=\/wp\/v2\/types\/product"}],"replies":[{"embeddable":true,"href":"https:\/\/ecosupplements.ch\/index.php?rest_route=%2Fwp%2Fv2%2Fcomments&post=5097"}],"wp:featuredmedia":[{"embeddable":true,"href":"https:\/\/ecosupplements.ch\/index.php?rest_route=\/wp\/v2\/media\/5098"}],"wp:attachment":[{"href":"https:\/\/ecosupplements.ch\/index.php?rest_route=%2Fwp%2Fv2%2Fmedia&parent=5097"}],"wp:term":[{"taxonomy":"product_brand","embeddable":true,"href":"https:\/\/ecosupplements.ch\/index.php?rest_route=%2Fwp%2Fv2%2Fproduct_brand&post=5097"},{"taxonomy":"product_cat","embeddable":true,"href":"https:\/\/ecosupplements.ch\/index.php?rest_route=%2Fwp%2Fv2%2Fproduct_cat&post=5097"},{"taxonomy":"product_tag","embeddable":true,"href":"https:\/\/ecosupplements.ch\/index.php?rest_route=%2Fwp%2Fv2%2Fproduct_tag&post=5097"}],"curies":[{"name":"wp","href":"https:\/\/api.w.org\/{rel}","templated":true}]}}