{"id":5109,"date":"2026-05-11T15:03:58","date_gmt":"2026-05-11T15:03:58","guid":{"rendered":"https:\/\/ecosupplements.ch\/?product=probiotic-10-100-billion-60-vcaps"},"modified":"2026-05-13T07:23:22","modified_gmt":"2026-05-13T07:23:22","slug":"probiotic-10-100-billion-60-vcaps","status":"publish","type":"product","link":"https:\/\/ecosupplements.ch\/?product=probiotic-10-100-billion-60-vcaps","title":{"rendered":"Probiotic-10, 100 Billion &#8211; 60 vcaps"},"content":{"rendered":"<div class=\"chcg-product-description\">\n<h2 class=\"chcg-heading\">\u00dcber NOW Foods \u2013 Probiotic-10, 100 Billion \u2013 60 Veg Kapseln<\/h2>\n<div class=\"chcg-intro\">\n<p>NOW Foods Probiotic-10 liefert pro Kapsel 100 Milliarden koloniebildende Einheiten (KBE) aus einer sorgf\u00e4ltig zusammengestellten Mischung von 10 verschiedenen probiotischen Bakterienst\u00e4mmen. Diese Vielfalt an bew\u00e4hrten St\u00e4mmen \u2013 darunter Lactobacillus acidophilus, Bifidobacterium lactis und Lactobacillus rhamnosus \u2013 unterst\u00fctzt eine ausgewogene Darmflora und tr\u00e4gt zur normalen Funktion des Verdauungstrakts bei.<\/p>\n<p>Die Formel enth\u00e4lt zus\u00e4tzlich FOS (Fructooligosaccharide), die als nat\u00fcrliche Prebiotika dienen und das Wachstum der n\u00fctzlichen Bakterien im Darm f\u00f6rdern. Jede Kapsel besteht aus Hypromellose \u2013 einem pflanzlichen Zellulosemantel \u2013 und ist damit f\u00fcr Veganerinnen und Veganer sowie Vegetarierinnen und Vegetarier geeignet.<\/p>\n<p>NOW Foods steht seit Jahrzehnten f\u00fcr h\u00f6chste Qualit\u00e4tsstandards in der Nahrungserg\u00e4nzungsmittelbranche. Probiotic-10 wird in einer GMP-zertifizierten Anlage produziert und ist glutenfrei sowie laktosefrei \u2013 ideal f\u00fcr Menschen mit entsprechenden Ern\u00e4hrungsbed\u00fcrfnissen.<\/p>\n<\/p><\/div>\n<div class=\"chcg-nutrition\">\n<h3>N\u00e4hrwertangaben<\/h3>\n<table class=\"chcg-nutrition-table\">\n<thead>\n<tr>\n<th>N\u00e4hrstoff<\/th>\n<th>Pro Portion (1 Veg Kapsel)<\/th>\n<\/tr>\n<\/thead>\n<tbody>\n<tr>\n<td>Mischung aus 10 probiotischen Bakterienst\u00e4mmen (100 Milliarden KBE): Lactobacillus acidophilus (La-14), Bifidobacterium lactis (Bl-04), Lactobacillus plantarum (Lp-115), Lactobacillus casei (Lc-11), Lactobacillus rhamnosus (Lr-32), Lactobacillus paracasei (Lpc-37), Bifidobacterium breve (Bb-03), Streptococcus thermophilus (St-21), Lactobacillus salivarius (Ls-33), Bifidobacterium longum (Bl-05)<\/td>\n<td>520 mg **<\/td>\n<\/tr>\n<\/tbody>\n<\/table>\n<p class=\"chcg-footnote\">** Kein etablierter Tagesreferenzwert vorhanden.<\/p>\n<\/p><\/div>\n<div class=\"chcg-ingredients\">\n<h3>Zutaten<\/h3>\n<p>Mischung aus 10 probiotischen Bakterienst\u00e4mmen (100 Milliarden KBE): Lactobacillus acidophilus (La-14), Bifidobacterium lactis (Bl-04), Lactobacillus plantarum (Lp-115), Lactobacillus casei (Lc-11), Lactobacillus rhamnosus (Lr-32), Lactobacillus paracasei (Lpc-37), Bifidobacterium breve (Bb-03), Streptococcus thermophilus (St-21), Lactobacillus salivarius (Ls-33), Bifidobacterium longum (Bl-05) 520 mg. Weitere Zutaten: Mikrokristalline Cellulose, FOS (Fructooligosaccharide), Ascorbylpalmitat und Siliziumdioxid.<\/p>\n<p class=\"chcg-capsule-shell\">Kapselh\u00fclle: Hypromellose (Cellulose-Kapsel)<\/p>\n<\/p><\/div>\n<div class=\"chcg-dosage\">\n<h3>Verzehrempfehlung<\/h3>\n<p>1 Kapsel t\u00e4glich zwischen den Mahlzeiten oder auf n\u00fcchternen Magen einnehmen.<\/p>\n<\/p><\/div>\n<div class=\"chcg-warnings\">\n<h3>Warnhinweise<\/h3>\n<p>Vor der Einnahme einen Arzt konsultieren, wenn Sie schwanger sind oder stillen, Medikamente einnehmen (insbesondere immunsupprimierende Arzneimittel) oder an einer Erkrankung leiden (insbesondere bei geschw\u00e4chtem Immunsystem). Ausserhalb der Reichweite von Kindern aufbewahren.<\/p>\n<\/p><\/div>\n<div class=\"chcg-allergens\">\n<h3>Allergeninformationen<\/h3>\n<p>Nicht hergestellt mit Weizen, Gluten, Soja, Milch, Ei, Fisch, Schalentieren, Baumn\u00fcssen oder Sesam. Produziert in einer GMP-zertifizierten Anlage, die weitere Zutaten verarbeitet, welche diese Allergene enthalten k\u00f6nnen.<\/p>\n<\/p><\/div>\n<div class=\"chcg-storage\">\n<h3>Lagerung<\/h3>\n<p>Zur Erhaltung der Wirksamkeit im K\u00fchlschrank aufbewahren.<\/p>\n<\/p><\/div>\n<div class=\"chcg-dietary\">\n<h3>Ern\u00e4hrungshinweise<\/h3>\n<ul>\n<li>Vegan<\/li>\n<li>Vegetarisch<\/li>\n<li>Glutenfrei<\/li>\n<li>Laktosefrei<\/li>\n<\/ul><\/div>\n<\/div>\n","protected":false},"excerpt":{"rendered":"<p>NOW Foods Probiotic-10 liefert 100 Milliarden KBE aus 10 Bakterienst\u00e4mmen pro veganer Kapsel zur Unterst\u00fctzung einer gesunden Darmflora. 60 Veg Kapseln pro Packung, vegan und glutenfrei.<\/p>\n","protected":false},"featured_media":5110,"comment_status":"closed","ping_status":"open","template":"","meta":[],"product_brand":[454],"product_cat":[48,25,104,22,21],"product_tag":[],"class_list":{"0":"post-5109","1":"product","2":"type-product","3":"status-publish","4":"has-post-thumbnail","6":"product_brand-nownow-foods","7":"product_cat-gesunde-ernaehrung","8":"product_cat-gesundheit-und-wohlbefinden","9":"product_cat-probiotika","10":"product_cat-vegane-produkte","11":"product_cat-vitamine-und-mineralstoffe","13":"first","14":"outofstock","15":"taxable","16":"shipping-taxable","17":"purchasable","18":"product-type-simple"},"yoast_head":"<!-- This site is optimized with the Yoast SEO plugin v27.5 - https:\/\/yoast.com\/product\/yoast-seo-wordpress\/ -->\n<title>Probiotic-10 100 Billion 60 Veg Kapseln \u2013 NOW Foods | ecosupplements.ch<\/title>\n<meta name=\"description\" content=\"NOW Foods Probiotic-10 mit 100 Mrd. KBE aus 10 St\u00e4mmen \u2013 vegan, glutenfrei, 60 Veg Kapseln f\u00fcr eine ausgewogene Darmflora. Jetzt bestellen.\" \/>\n<meta name=\"robots\" content=\"index, follow, max-snippet:-1, max-image-preview:large, max-video-preview:-1\" \/>\n<link rel=\"canonical\" href=\"https:\/\/ecosupplements.ch\/?product=probiotic-10-100-billion-60-vcaps\" \/>\n<meta property=\"og:locale\" content=\"de_DE\" \/>\n<meta property=\"og:type\" content=\"article\" \/>\n<meta property=\"og:title\" content=\"Probiotic-10 100 Billion 60 Veg Kapseln \u2013 NOW Foods | ecosupplements.ch\" \/>\n<meta property=\"og:description\" content=\"NOW Foods Probiotic-10 mit 100 Mrd. KBE aus 10 St\u00e4mmen \u2013 vegan, glutenfrei, 60 Veg Kapseln f\u00fcr eine ausgewogene Darmflora. Jetzt bestellen.\" \/>\n<meta property=\"og:url\" content=\"https:\/\/ecosupplements.ch\/?product=probiotic-10-100-billion-60-vcaps\" \/>\n<meta property=\"og:site_name\" content=\"Eco Supplements\" \/>\n<meta property=\"article:modified_time\" content=\"2026-05-13T07:23:22+00:00\" \/>\n<meta property=\"og:image\" content=\"https:\/\/ecosupplements.ch\/wp-content\/uploads\/2026\/05\/Probiotic-10-100-Billion-60-vcaps.webp\" \/>\n\t<meta property=\"og:image:width\" content=\"1000\" \/>\n\t<meta property=\"og:image:height\" content=\"1000\" \/>\n\t<meta property=\"og:image:type\" content=\"image\/jpeg\" \/>\n<meta name=\"twitter:card\" content=\"summary_large_image\" \/>\n<meta name=\"twitter:label1\" content=\"Price\" \/>\n\t<meta name=\"twitter:data1\" content=\"&#067;&#072;&#070;&nbsp;66.75\" \/>\n\t<meta name=\"twitter:label2\" content=\"Availability\" \/>\n\t<meta name=\"twitter:data2\" content=\"Out of stock\" \/>\n<script type=\"application\/ld+json\" class=\"yoast-schema-graph\">{\"@context\":\"https:\\\/\\\/schema.org\",\"@graph\":[{\"@type\":\"WebPage\",\"@id\":\"https:\\\/\\\/ecosupplements.ch\\\/?product=probiotic-10-100-billion-60-vcaps\",\"url\":\"https:\\\/\\\/ecosupplements.ch\\\/?product=probiotic-10-100-billion-60-vcaps\",\"name\":\"Probiotic-10 100 Billion 60 Veg Kapseln \u2013 NOW Foods | ecosupplements.ch\",\"isPartOf\":{\"@id\":\"https:\\\/\\\/ecosupplements.ch\\\/#website\"},\"primaryImageOfPage\":{\"@id\":\"https:\\\/\\\/ecosupplements.ch\\\/?product=probiotic-10-100-billion-60-vcaps#primaryimage\"},\"image\":{\"@id\":\"https:\\\/\\\/ecosupplements.ch\\\/?product=probiotic-10-100-billion-60-vcaps#primaryimage\"},\"thumbnailUrl\":\"https:\\\/\\\/ecosupplements.ch\\\/wp-content\\\/uploads\\\/2026\\\/05\\\/Probiotic-10-100-Billion-60-vcaps.webp\",\"datePublished\":\"2026-05-11T15:03:58+00:00\",\"dateModified\":\"2026-05-13T07:23:22+00:00\",\"description\":\"NOW Foods Probiotic-10 mit 100 Mrd. KBE aus 10 St\u00e4mmen \u2013 vegan, glutenfrei, 60 Veg Kapseln f\u00fcr eine ausgewogene Darmflora. Jetzt bestellen.\",\"breadcrumb\":{\"@id\":\"https:\\\/\\\/ecosupplements.ch\\\/?product=probiotic-10-100-billion-60-vcaps#breadcrumb\"},\"inLanguage\":\"de-CH\",\"potentialAction\":[{\"@type\":\"ReadAction\",\"target\":[\"https:\\\/\\\/ecosupplements.ch\\\/?product=probiotic-10-100-billion-60-vcaps\"]}]},{\"@type\":\"ImageObject\",\"inLanguage\":\"de-CH\",\"@id\":\"https:\\\/\\\/ecosupplements.ch\\\/?product=probiotic-10-100-billion-60-vcaps#primaryimage\",\"url\":\"https:\\\/\\\/ecosupplements.ch\\\/wp-content\\\/uploads\\\/2026\\\/05\\\/Probiotic-10-100-Billion-60-vcaps.webp\",\"contentUrl\":\"https:\\\/\\\/ecosupplements.ch\\\/wp-content\\\/uploads\\\/2026\\\/05\\\/Probiotic-10-100-Billion-60-vcaps.webp\",\"width\":1000,\"height\":1000,\"caption\":\"Probiotic-10\"},{\"@type\":\"BreadcrumbList\",\"@id\":\"https:\\\/\\\/ecosupplements.ch\\\/?product=probiotic-10-100-billion-60-vcaps#breadcrumb\",\"itemListElement\":[{\"@type\":\"ListItem\",\"position\":1,\"name\":\"Home\",\"item\":\"https:\\\/\\\/ecosupplements.ch\\\/\"},{\"@type\":\"ListItem\",\"position\":2,\"name\":\"Shop\",\"item\":\"https:\\\/\\\/ecosupplements.ch\\\/?page_id=14\"},{\"@type\":\"ListItem\",\"position\":3,\"name\":\"Probiotic-10, 100 Billion &#8211; 60 vcaps\"}]},{\"@type\":\"WebSite\",\"@id\":\"https:\\\/\\\/ecosupplements.ch\\\/#website\",\"url\":\"https:\\\/\\\/ecosupplements.ch\\\/\",\"name\":\"Eco Supplements\",\"description\":\"\",\"potentialAction\":[{\"@type\":\"SearchAction\",\"target\":{\"@type\":\"EntryPoint\",\"urlTemplate\":\"https:\\\/\\\/ecosupplements.ch\\\/?s={search_term_string}\"},\"query-input\":{\"@type\":\"PropertyValueSpecification\",\"valueRequired\":true,\"valueName\":\"search_term_string\"}}],\"inLanguage\":\"de-CH\"}]}<\/script>\n<meta property=\"product:price:amount\" content=\"66.75\" \/>\n<meta property=\"product:price:currency\" content=\"CHF\" \/>\n<meta property=\"og:availability\" content=\"out of stock\" \/>\n<meta property=\"product:availability\" content=\"out of stock\" \/>\n<meta property=\"product:retailer_item_id\" content=\"733739029041\" \/>\n<meta property=\"product:condition\" content=\"new\" \/>\n<!-- \/ Yoast SEO plugin. -->","yoast_head_json":{"title":"Probiotic-10 100 Billion 60 Veg Kapseln \u2013 NOW Foods | ecosupplements.ch","description":"NOW Foods Probiotic-10 mit 100 Mrd. KBE aus 10 St\u00e4mmen \u2013 vegan, glutenfrei, 60 Veg Kapseln f\u00fcr eine ausgewogene Darmflora. Jetzt bestellen.","robots":{"index":"index","follow":"follow","max-snippet":"max-snippet:-1","max-image-preview":"max-image-preview:large","max-video-preview":"max-video-preview:-1"},"canonical":"https:\/\/ecosupplements.ch\/?product=probiotic-10-100-billion-60-vcaps","og_locale":"de_DE","og_type":"article","og_title":"Probiotic-10 100 Billion 60 Veg Kapseln \u2013 NOW Foods | ecosupplements.ch","og_description":"NOW Foods Probiotic-10 mit 100 Mrd. KBE aus 10 St\u00e4mmen \u2013 vegan, glutenfrei, 60 Veg Kapseln f\u00fcr eine ausgewogene Darmflora. Jetzt bestellen.","og_url":"https:\/\/ecosupplements.ch\/?product=probiotic-10-100-billion-60-vcaps","og_site_name":"Eco Supplements","article_modified_time":"2026-05-13T07:23:22+00:00","og_image":[{"width":1000,"height":1000,"url":"https:\/\/ecosupplements.ch\/wp-content\/uploads\/2026\/05\/Probiotic-10-100-Billion-60-vcaps.webp","type":"image\/jpeg"}],"twitter_card":"summary_large_image","twitter_misc":{"Price":"&#67;&#72;&#70;&nbsp;66.75","Availability":"Out of stock"},"schema":{"@context":"https:\/\/schema.org","@graph":[{"@type":"WebPage","@id":"https:\/\/ecosupplements.ch\/?product=probiotic-10-100-billion-60-vcaps","url":"https:\/\/ecosupplements.ch\/?product=probiotic-10-100-billion-60-vcaps","name":"Probiotic-10 100 Billion 60 Veg Kapseln \u2013 NOW Foods | ecosupplements.ch","isPartOf":{"@id":"https:\/\/ecosupplements.ch\/#website"},"primaryImageOfPage":{"@id":"https:\/\/ecosupplements.ch\/?product=probiotic-10-100-billion-60-vcaps#primaryimage"},"image":{"@id":"https:\/\/ecosupplements.ch\/?product=probiotic-10-100-billion-60-vcaps#primaryimage"},"thumbnailUrl":"https:\/\/ecosupplements.ch\/wp-content\/uploads\/2026\/05\/Probiotic-10-100-Billion-60-vcaps.webp","datePublished":"2026-05-11T15:03:58+00:00","dateModified":"2026-05-13T07:23:22+00:00","description":"NOW Foods Probiotic-10 mit 100 Mrd. KBE aus 10 St\u00e4mmen \u2013 vegan, glutenfrei, 60 Veg Kapseln f\u00fcr eine ausgewogene Darmflora. Jetzt bestellen.","breadcrumb":{"@id":"https:\/\/ecosupplements.ch\/?product=probiotic-10-100-billion-60-vcaps#breadcrumb"},"inLanguage":"de-CH","potentialAction":[{"@type":"ReadAction","target":["https:\/\/ecosupplements.ch\/?product=probiotic-10-100-billion-60-vcaps"]}]},{"@type":"ImageObject","inLanguage":"de-CH","@id":"https:\/\/ecosupplements.ch\/?product=probiotic-10-100-billion-60-vcaps#primaryimage","url":"https:\/\/ecosupplements.ch\/wp-content\/uploads\/2026\/05\/Probiotic-10-100-Billion-60-vcaps.webp","contentUrl":"https:\/\/ecosupplements.ch\/wp-content\/uploads\/2026\/05\/Probiotic-10-100-Billion-60-vcaps.webp","width":1000,"height":1000,"caption":"Probiotic-10"},{"@type":"BreadcrumbList","@id":"https:\/\/ecosupplements.ch\/?product=probiotic-10-100-billion-60-vcaps#breadcrumb","itemListElement":[{"@type":"ListItem","position":1,"name":"Home","item":"https:\/\/ecosupplements.ch\/"},{"@type":"ListItem","position":2,"name":"Shop","item":"https:\/\/ecosupplements.ch\/?page_id=14"},{"@type":"ListItem","position":3,"name":"Probiotic-10, 100 Billion &#8211; 60 vcaps"}]},{"@type":"WebSite","@id":"https:\/\/ecosupplements.ch\/#website","url":"https:\/\/ecosupplements.ch\/","name":"Eco Supplements","description":"","potentialAction":[{"@type":"SearchAction","target":{"@type":"EntryPoint","urlTemplate":"https:\/\/ecosupplements.ch\/?s={search_term_string}"},"query-input":{"@type":"PropertyValueSpecification","valueRequired":true,"valueName":"search_term_string"}}],"inLanguage":"de-CH"}]},"product_price_amount":"66.75","product_price_currency":"CHF","og_availability":"out of stock","product_availability":"out of stock","product_retailer_item_id":"733739029041","product_condition":"new"},"_links":{"self":[{"href":"https:\/\/ecosupplements.ch\/index.php?rest_route=\/wp\/v2\/product\/5109","targetHints":{"allow":["GET"]}}],"collection":[{"href":"https:\/\/ecosupplements.ch\/index.php?rest_route=\/wp\/v2\/product"}],"about":[{"href":"https:\/\/ecosupplements.ch\/index.php?rest_route=\/wp\/v2\/types\/product"}],"replies":[{"embeddable":true,"href":"https:\/\/ecosupplements.ch\/index.php?rest_route=%2Fwp%2Fv2%2Fcomments&post=5109"}],"wp:featuredmedia":[{"embeddable":true,"href":"https:\/\/ecosupplements.ch\/index.php?rest_route=\/wp\/v2\/media\/5110"}],"wp:attachment":[{"href":"https:\/\/ecosupplements.ch\/index.php?rest_route=%2Fwp%2Fv2%2Fmedia&parent=5109"}],"wp:term":[{"taxonomy":"product_brand","embeddable":true,"href":"https:\/\/ecosupplements.ch\/index.php?rest_route=%2Fwp%2Fv2%2Fproduct_brand&post=5109"},{"taxonomy":"product_cat","embeddable":true,"href":"https:\/\/ecosupplements.ch\/index.php?rest_route=%2Fwp%2Fv2%2Fproduct_cat&post=5109"},{"taxonomy":"product_tag","embeddable":true,"href":"https:\/\/ecosupplements.ch\/index.php?rest_route=%2Fwp%2Fv2%2Fproduct_tag&post=5109"}],"curies":[{"name":"wp","href":"https:\/\/api.w.org\/{rel}","templated":true}]}}