{"id":5112,"date":"2026-05-11T15:04:00","date_gmt":"2026-05-11T15:04:00","guid":{"rendered":"https:\/\/ecosupplements.ch\/?product=probiotic-10-25-billion-100-vcaps"},"modified":"2026-05-13T07:23:22","modified_gmt":"2026-05-13T07:23:22","slug":"probiotic-10-25-billion-100-vcaps","status":"publish","type":"product","link":"https:\/\/ecosupplements.ch\/?product=probiotic-10-25-billion-100-vcaps","title":{"rendered":"Probiotic-10, 25 Billion &#8211; 100 vcaps"},"content":{"rendered":"<div class=\"chcg-product-description\">\n<h2 class=\"chcg-heading\">\u00dcber NOW Foods \u2013 Probiotic-10, 25 Billion \u2013 100 Vegane Kapseln<\/h2>\n<div class=\"chcg-intro\">\n<p>NOW Foods Probiotic-10 liefert eine sorgf\u00e4ltig zusammengestellte Mischung aus 10 bew\u00e4hrten Probiotika-St\u00e4mmen mit insgesamt 25 Milliarden koloniebildenden Einheiten (KBE) pro Kapsel. Die Kombination verschiedener Lactobacillus- und Bifidobacterium-St\u00e4mme unterst\u00fctzt eine ausgewogene Darmflora und tr\u00e4gt zu einem gesunden intestinalen Milieu bei.<\/p>\n<p>Die Formulierung enth\u00e4lt unter anderem Lactobacillus acidophilus (La-14), Bifidobacterium lactis (Bi-04) sowie Lactobacillus rhamnosus (Lr-32) \u2013 allesamt gut erforschte St\u00e4mme, die in der Nahrungserg\u00e4nzung weit verbreitet sind. Erg\u00e4nzt wird die Mischung durch FOS (Fructooligosaccharide), die als Pr\u00e4biotikum die n\u00fctzlichen Bakterien im Darm f\u00f6rdern.<\/p>\n<p>Die vegetarischen Kapseln aus Hypromellose sind vegan, glutenfrei und laktosefrei \u2013 ideal f\u00fcr Menschen mit besonderen Ern\u00e4hrungsbed\u00fcrfnissen. Mit 100 Kapseln pro Packung bietet dieses Produkt eine langfristige Unterst\u00fctzung f\u00fcr Ihre Darmgesundheit.<\/p>\n<\/p><\/div>\n<div class=\"chcg-nutrition\">\n<h3>N\u00e4hrwertangaben<\/h3>\n<table class=\"chcg-nutrition-table\">\n<thead>\n<tr>\n<th>N\u00e4hrstoff<\/th>\n<th>Pro Portion (1 Vegane Kapsel)<\/th>\n<\/tr>\n<\/thead>\n<tbody>\n<tr>\n<td>Mischung aus 10 Probiotika-St\u00e4mmen (25 Milliarden KBE)<\/td>\n<td>160 mg **<\/td>\n<\/tr>\n<tr>\n<td>\u2013 Lactobacillus acidophilus (La-14)<\/td>\n<td><\/td>\n<\/tr>\n<tr>\n<td>\u2013 Bifidobacterium lactis (Bi-04)<\/td>\n<td><\/td>\n<\/tr>\n<tr>\n<td>\u2013 Lactobacillus plantarum (Lp-115)<\/td>\n<td><\/td>\n<\/tr>\n<tr>\n<td>\u2013 Lactobacillus casei (Lc-11)<\/td>\n<td><\/td>\n<\/tr>\n<tr>\n<td>\u2013 Lactobacillus rhamnosus (Lr-32)<\/td>\n<td><\/td>\n<\/tr>\n<tr>\n<td>\u2013 Lactobacillus paracasei (Lpc-37)<\/td>\n<td><\/td>\n<\/tr>\n<tr>\n<td>\u2013 Bifidobacterium breve (Bb-03)<\/td>\n<td><\/td>\n<\/tr>\n<tr>\n<td>\u2013 Streptococcus thermophilus (St-21)<\/td>\n<td><\/td>\n<\/tr>\n<tr>\n<td>\u2013 Lactobacillus salivarius (Ls-33)<\/td>\n<td><\/td>\n<\/tr>\n<tr>\n<td>\u2013 Bifidobacterium longum (Bi-05)<\/td>\n<td><\/td>\n<\/tr>\n<\/tbody>\n<\/table>\n<p class=\"chcg-footnote\">** Kein festgelegter t\u00e4glicher Referenzwert.<\/p>\n<\/p><\/div>\n<div class=\"chcg-ingredients\">\n<h3>Zutaten<\/h3>\n<p>Wirkstoffe: Mischung aus 10 Probiotika-St\u00e4mmen (25 Milliarden KBE): Lactobacillus acidophilus (La-14), Bifidobacterium lactis (Bi-04), Lactobacillus plantarum (Lp-115), Lactobacillus casei (Lc-11), Lactobacillus rhamnosus (Lr-32), Lactobacillus paracasei (Lpc-37), Bifidobacterium breve (Bb-03), Streptococcus thermophilus (St-21), Lactobacillus salivarius (Ls-33), Bifidobacterium longum (Bi-05), 160 mg. Sonstige Zutaten: Mikrokristalline Cellulose, Hypromellose (Cellulose-Kapsel), FOS (Fructooligosaccharide), Ascorbylpalmitat und Siliziumdioxid.<\/p>\n<p class=\"chcg-capsule-shell\">Kapselh\u00fclle: Hypromellose (Cellulose-Kapsel)<\/p>\n<\/p><\/div>\n<div class=\"chcg-dosage\">\n<h3>Verzehrempfehlung<\/h3>\n<p>1 Kapsel 1- bis 2-mal t\u00e4glich zwischen den Mahlzeiten oder auf n\u00fcchternen Magen einnehmen.<\/p>\n<\/p><\/div>\n<div class=\"chcg-warnings\">\n<h3>Warnhinweise<\/h3>\n<p>Bei Schwangerschaft oder Stillzeit, bei der Einnahme von Medikamenten (insbesondere immunsupprimierenden Arzneimitteln) oder bei bestehenden gesundheitlichen Beschwerden (insbesondere bei eingeschr\u00e4nkter Immunfunktion) vor der Einnahme einen Arzt konsultieren. Ausserhalb der Reichweite von Kindern aufbewahren.<\/p>\n<\/p><\/div>\n<div class=\"chcg-allergens\">\n<h3>Allergeninformationen<\/h3>\n<p>Nicht hergestellt mit Weizen, Gluten, Soja, Milch, Ei, Fisch, Schalentieren, Baumn\u00fcssen oder Sesam. Produziert in einem GMP-zertifizierten Betrieb, der andere Zutaten verarbeitet, die diese Allergene enthalten.<\/p>\n<\/p><\/div>\n<div class=\"chcg-storage\">\n<h3>Lagerung<\/h3>\n<p>An einem k\u00fchlen, trockenen Ort lagern, um die Wirksamkeit zu erhalten. Nach dem \u00d6ffnen im K\u00fchlschrank aufbewahren, um die Wirksamkeit zu erhalten.<\/p>\n<\/p><\/div>\n<div class=\"chcg-dietary\">\n<h3>Ern\u00e4hrungshinweise<\/h3>\n<ul>\n<li>Vegan<\/li>\n<li>Vegetarisch<\/li>\n<li>Glutenfrei<\/li>\n<li>Laktosefrei<\/li>\n<\/ul><\/div>\n<\/div>\n","protected":false},"excerpt":{"rendered":"<p>NOW Foods Probiotic-10 liefert 25 Milliarden KBE aus 10 verschiedenen Probiotika-St\u00e4mmen zur Unterst\u00fctzung einer gesunden Darmflora. Vegane Kapseln, glutenfrei, 100 St\u00fcck pro Packung.<\/p>\n","protected":false},"featured_media":5113,"comment_status":"closed","ping_status":"open","template":"","meta":[],"product_brand":[454],"product_cat":[48,25,104,22,21],"product_tag":[],"class_list":{"0":"post-5112","1":"product","2":"type-product","3":"status-publish","4":"has-post-thumbnail","6":"product_brand-nownow-foods","7":"product_cat-gesunde-ernaehrung","8":"product_cat-gesundheit-und-wohlbefinden","9":"product_cat-probiotika","10":"product_cat-vegane-produkte","11":"product_cat-vitamine-und-mineralstoffe","13":"first","14":"outofstock","15":"taxable","16":"shipping-taxable","17":"purchasable","18":"product-type-simple"},"yoast_head":"<!-- This site is optimized with the Yoast SEO plugin v27.5 - https:\/\/yoast.com\/product\/yoast-seo-wordpress\/ -->\n<title>Probiotic-10, 25 Billion, 100 Kapseln \u2013 NOW Foods | ecosupplements.ch<\/title>\n<meta name=\"description\" content=\"NOW Foods Probiotic-10 mit 25 Mrd. KBE aus 10 St\u00e4mmen \u2013 vegane Kapseln f\u00fcr eine gesunde Darmflora. 100 Kapseln pro Packung. Jetzt bestellen.\" \/>\n<meta name=\"robots\" content=\"index, follow, max-snippet:-1, max-image-preview:large, max-video-preview:-1\" \/>\n<link rel=\"canonical\" href=\"https:\/\/ecosupplements.ch\/?product=probiotic-10-25-billion-100-vcaps\" \/>\n<meta property=\"og:locale\" content=\"de_DE\" \/>\n<meta property=\"og:type\" content=\"article\" \/>\n<meta property=\"og:title\" content=\"Probiotic-10, 25 Billion, 100 Kapseln \u2013 NOW Foods | ecosupplements.ch\" \/>\n<meta property=\"og:description\" content=\"NOW Foods Probiotic-10 mit 25 Mrd. KBE aus 10 St\u00e4mmen \u2013 vegane Kapseln f\u00fcr eine gesunde Darmflora. 100 Kapseln pro Packung. Jetzt bestellen.\" \/>\n<meta property=\"og:url\" content=\"https:\/\/ecosupplements.ch\/?product=probiotic-10-25-billion-100-vcaps\" \/>\n<meta property=\"og:site_name\" content=\"Eco Supplements\" \/>\n<meta property=\"article:modified_time\" content=\"2026-05-13T07:23:22+00:00\" \/>\n<meta property=\"og:image\" content=\"https:\/\/ecosupplements.ch\/wp-content\/uploads\/2026\/05\/Probiotic-10-25-Billion-100-vcaps.webp\" \/>\n\t<meta property=\"og:image:width\" content=\"1000\" \/>\n\t<meta property=\"og:image:height\" content=\"1000\" \/>\n\t<meta property=\"og:image:type\" content=\"image\/jpeg\" \/>\n<meta name=\"twitter:card\" content=\"summary_large_image\" \/>\n<meta name=\"twitter:label1\" content=\"Price\" \/>\n\t<meta name=\"twitter:data1\" content=\"&#067;&#072;&#070;&nbsp;40.94\" \/>\n\t<meta name=\"twitter:label2\" content=\"Availability\" \/>\n\t<meta name=\"twitter:data2\" content=\"Out of stock\" \/>\n<script type=\"application\/ld+json\" class=\"yoast-schema-graph\">{\"@context\":\"https:\\\/\\\/schema.org\",\"@graph\":[{\"@type\":\"WebPage\",\"@id\":\"https:\\\/\\\/ecosupplements.ch\\\/?product=probiotic-10-25-billion-100-vcaps\",\"url\":\"https:\\\/\\\/ecosupplements.ch\\\/?product=probiotic-10-25-billion-100-vcaps\",\"name\":\"Probiotic-10, 25 Billion, 100 Kapseln \u2013 NOW Foods | ecosupplements.ch\",\"isPartOf\":{\"@id\":\"https:\\\/\\\/ecosupplements.ch\\\/#website\"},\"primaryImageOfPage\":{\"@id\":\"https:\\\/\\\/ecosupplements.ch\\\/?product=probiotic-10-25-billion-100-vcaps#primaryimage\"},\"image\":{\"@id\":\"https:\\\/\\\/ecosupplements.ch\\\/?product=probiotic-10-25-billion-100-vcaps#primaryimage\"},\"thumbnailUrl\":\"https:\\\/\\\/ecosupplements.ch\\\/wp-content\\\/uploads\\\/2026\\\/05\\\/Probiotic-10-25-Billion-100-vcaps.webp\",\"datePublished\":\"2026-05-11T15:04:00+00:00\",\"dateModified\":\"2026-05-13T07:23:22+00:00\",\"description\":\"NOW Foods Probiotic-10 mit 25 Mrd. KBE aus 10 St\u00e4mmen \u2013 vegane Kapseln f\u00fcr eine gesunde Darmflora. 100 Kapseln pro Packung. Jetzt bestellen.\",\"breadcrumb\":{\"@id\":\"https:\\\/\\\/ecosupplements.ch\\\/?product=probiotic-10-25-billion-100-vcaps#breadcrumb\"},\"inLanguage\":\"de-CH\",\"potentialAction\":[{\"@type\":\"ReadAction\",\"target\":[\"https:\\\/\\\/ecosupplements.ch\\\/?product=probiotic-10-25-billion-100-vcaps\"]}]},{\"@type\":\"ImageObject\",\"inLanguage\":\"de-CH\",\"@id\":\"https:\\\/\\\/ecosupplements.ch\\\/?product=probiotic-10-25-billion-100-vcaps#primaryimage\",\"url\":\"https:\\\/\\\/ecosupplements.ch\\\/wp-content\\\/uploads\\\/2026\\\/05\\\/Probiotic-10-25-Billion-100-vcaps.webp\",\"contentUrl\":\"https:\\\/\\\/ecosupplements.ch\\\/wp-content\\\/uploads\\\/2026\\\/05\\\/Probiotic-10-25-Billion-100-vcaps.webp\",\"width\":1000,\"height\":1000,\"caption\":\"Probiotic-10\"},{\"@type\":\"BreadcrumbList\",\"@id\":\"https:\\\/\\\/ecosupplements.ch\\\/?product=probiotic-10-25-billion-100-vcaps#breadcrumb\",\"itemListElement\":[{\"@type\":\"ListItem\",\"position\":1,\"name\":\"Home\",\"item\":\"https:\\\/\\\/ecosupplements.ch\\\/\"},{\"@type\":\"ListItem\",\"position\":2,\"name\":\"Shop\",\"item\":\"https:\\\/\\\/ecosupplements.ch\\\/?page_id=14\"},{\"@type\":\"ListItem\",\"position\":3,\"name\":\"Probiotic-10, 25 Billion &#8211; 100 vcaps\"}]},{\"@type\":\"WebSite\",\"@id\":\"https:\\\/\\\/ecosupplements.ch\\\/#website\",\"url\":\"https:\\\/\\\/ecosupplements.ch\\\/\",\"name\":\"Eco Supplements\",\"description\":\"\",\"potentialAction\":[{\"@type\":\"SearchAction\",\"target\":{\"@type\":\"EntryPoint\",\"urlTemplate\":\"https:\\\/\\\/ecosupplements.ch\\\/?s={search_term_string}\"},\"query-input\":{\"@type\":\"PropertyValueSpecification\",\"valueRequired\":true,\"valueName\":\"search_term_string\"}}],\"inLanguage\":\"de-CH\"}]}<\/script>\n<meta property=\"product:price:amount\" content=\"40.94\" \/>\n<meta property=\"product:price:currency\" content=\"CHF\" \/>\n<meta property=\"og:availability\" content=\"out of stock\" \/>\n<meta property=\"product:availability\" content=\"out of stock\" \/>\n<meta property=\"product:retailer_item_id\" content=\"733739029331\" \/>\n<meta property=\"product:condition\" content=\"new\" \/>\n<!-- \/ Yoast SEO plugin. -->","yoast_head_json":{"title":"Probiotic-10, 25 Billion, 100 Kapseln \u2013 NOW Foods | ecosupplements.ch","description":"NOW Foods Probiotic-10 mit 25 Mrd. KBE aus 10 St\u00e4mmen \u2013 vegane Kapseln f\u00fcr eine gesunde Darmflora. 100 Kapseln pro Packung. Jetzt bestellen.","robots":{"index":"index","follow":"follow","max-snippet":"max-snippet:-1","max-image-preview":"max-image-preview:large","max-video-preview":"max-video-preview:-1"},"canonical":"https:\/\/ecosupplements.ch\/?product=probiotic-10-25-billion-100-vcaps","og_locale":"de_DE","og_type":"article","og_title":"Probiotic-10, 25 Billion, 100 Kapseln \u2013 NOW Foods | ecosupplements.ch","og_description":"NOW Foods Probiotic-10 mit 25 Mrd. KBE aus 10 St\u00e4mmen \u2013 vegane Kapseln f\u00fcr eine gesunde Darmflora. 100 Kapseln pro Packung. Jetzt bestellen.","og_url":"https:\/\/ecosupplements.ch\/?product=probiotic-10-25-billion-100-vcaps","og_site_name":"Eco Supplements","article_modified_time":"2026-05-13T07:23:22+00:00","og_image":[{"width":1000,"height":1000,"url":"https:\/\/ecosupplements.ch\/wp-content\/uploads\/2026\/05\/Probiotic-10-25-Billion-100-vcaps.webp","type":"image\/jpeg"}],"twitter_card":"summary_large_image","twitter_misc":{"Price":"&#67;&#72;&#70;&nbsp;40.94","Availability":"Out of stock"},"schema":{"@context":"https:\/\/schema.org","@graph":[{"@type":"WebPage","@id":"https:\/\/ecosupplements.ch\/?product=probiotic-10-25-billion-100-vcaps","url":"https:\/\/ecosupplements.ch\/?product=probiotic-10-25-billion-100-vcaps","name":"Probiotic-10, 25 Billion, 100 Kapseln \u2013 NOW Foods | ecosupplements.ch","isPartOf":{"@id":"https:\/\/ecosupplements.ch\/#website"},"primaryImageOfPage":{"@id":"https:\/\/ecosupplements.ch\/?product=probiotic-10-25-billion-100-vcaps#primaryimage"},"image":{"@id":"https:\/\/ecosupplements.ch\/?product=probiotic-10-25-billion-100-vcaps#primaryimage"},"thumbnailUrl":"https:\/\/ecosupplements.ch\/wp-content\/uploads\/2026\/05\/Probiotic-10-25-Billion-100-vcaps.webp","datePublished":"2026-05-11T15:04:00+00:00","dateModified":"2026-05-13T07:23:22+00:00","description":"NOW Foods Probiotic-10 mit 25 Mrd. KBE aus 10 St\u00e4mmen \u2013 vegane Kapseln f\u00fcr eine gesunde Darmflora. 100 Kapseln pro Packung. Jetzt bestellen.","breadcrumb":{"@id":"https:\/\/ecosupplements.ch\/?product=probiotic-10-25-billion-100-vcaps#breadcrumb"},"inLanguage":"de-CH","potentialAction":[{"@type":"ReadAction","target":["https:\/\/ecosupplements.ch\/?product=probiotic-10-25-billion-100-vcaps"]}]},{"@type":"ImageObject","inLanguage":"de-CH","@id":"https:\/\/ecosupplements.ch\/?product=probiotic-10-25-billion-100-vcaps#primaryimage","url":"https:\/\/ecosupplements.ch\/wp-content\/uploads\/2026\/05\/Probiotic-10-25-Billion-100-vcaps.webp","contentUrl":"https:\/\/ecosupplements.ch\/wp-content\/uploads\/2026\/05\/Probiotic-10-25-Billion-100-vcaps.webp","width":1000,"height":1000,"caption":"Probiotic-10"},{"@type":"BreadcrumbList","@id":"https:\/\/ecosupplements.ch\/?product=probiotic-10-25-billion-100-vcaps#breadcrumb","itemListElement":[{"@type":"ListItem","position":1,"name":"Home","item":"https:\/\/ecosupplements.ch\/"},{"@type":"ListItem","position":2,"name":"Shop","item":"https:\/\/ecosupplements.ch\/?page_id=14"},{"@type":"ListItem","position":3,"name":"Probiotic-10, 25 Billion &#8211; 100 vcaps"}]},{"@type":"WebSite","@id":"https:\/\/ecosupplements.ch\/#website","url":"https:\/\/ecosupplements.ch\/","name":"Eco Supplements","description":"","potentialAction":[{"@type":"SearchAction","target":{"@type":"EntryPoint","urlTemplate":"https:\/\/ecosupplements.ch\/?s={search_term_string}"},"query-input":{"@type":"PropertyValueSpecification","valueRequired":true,"valueName":"search_term_string"}}],"inLanguage":"de-CH"}]},"product_price_amount":"40.94","product_price_currency":"CHF","og_availability":"out of stock","product_availability":"out of stock","product_retailer_item_id":"733739029331","product_condition":"new"},"_links":{"self":[{"href":"https:\/\/ecosupplements.ch\/index.php?rest_route=\/wp\/v2\/product\/5112","targetHints":{"allow":["GET"]}}],"collection":[{"href":"https:\/\/ecosupplements.ch\/index.php?rest_route=\/wp\/v2\/product"}],"about":[{"href":"https:\/\/ecosupplements.ch\/index.php?rest_route=\/wp\/v2\/types\/product"}],"replies":[{"embeddable":true,"href":"https:\/\/ecosupplements.ch\/index.php?rest_route=%2Fwp%2Fv2%2Fcomments&post=5112"}],"wp:featuredmedia":[{"embeddable":true,"href":"https:\/\/ecosupplements.ch\/index.php?rest_route=\/wp\/v2\/media\/5113"}],"wp:attachment":[{"href":"https:\/\/ecosupplements.ch\/index.php?rest_route=%2Fwp%2Fv2%2Fmedia&parent=5112"}],"wp:term":[{"taxonomy":"product_brand","embeddable":true,"href":"https:\/\/ecosupplements.ch\/index.php?rest_route=%2Fwp%2Fv2%2Fproduct_brand&post=5112"},{"taxonomy":"product_cat","embeddable":true,"href":"https:\/\/ecosupplements.ch\/index.php?rest_route=%2Fwp%2Fv2%2Fproduct_cat&post=5112"},{"taxonomy":"product_tag","embeddable":true,"href":"https:\/\/ecosupplements.ch\/index.php?rest_route=%2Fwp%2Fv2%2Fproduct_tag&post=5112"}],"curies":[{"name":"wp","href":"https:\/\/api.w.org\/{rel}","templated":true}]}}