{"id":5121,"date":"2026-05-11T15:04:04","date_gmt":"2026-05-11T15:04:04","guid":{"rendered":"https:\/\/ecosupplements.ch\/?product=prostate-health-clinical-strength-180-softgels"},"modified":"2026-05-13T07:23:22","modified_gmt":"2026-05-13T07:23:22","slug":"prostate-health-clinical-strength-180-softgels","status":"publish","type":"product","link":"https:\/\/ecosupplements.ch\/?product=prostate-health-clinical-strength-180-softgels","title":{"rendered":"Prostate Health Clinical Strength &#8211; 180 softgels"},"content":{"rendered":"<div class=\"chcg-product-description\">\n<h2 class=\"chcg-heading\">\u00dcber NOW Foods \u2013 Prostate Health Clinical Strength \u2013 180 Softgels<\/h2>\n<div class=\"chcg-intro\">\n<p>Prostate Health Clinical Strength von NOW Foods ist ein sorgf\u00e4ltig zusammengestelltes Nahrungserg\u00e4nzungsmittel, das speziell auf die Bed\u00fcrfnisse der m\u00e4nnlichen Gesundheit ausgerichtet ist. Die Formel vereint 14 bew\u00e4hrte Wirkstoffe \u2013 darunter Saw Palmetto-Extrakt (min. 85 % Fetts\u00e4uren), Phytosterole mit Beta-Sitosterol sowie Brennnesselwurzelextrakt \u2013 in einer klinisch orientierten Dosierung pro Tagesportion von 3 Softgels.<\/p>\n<p>Erg\u00e4nzt wird die Rezeptur durch hochwertige Mikron\u00e4hrstoffe wie Vitamin D3, Zink in der bioverf\u00fcgbaren Form Zink-Bisglycinate (TRAACS\u00ae) und Selen als Aminos\u00e4ure-Chelat (Albion\u00ae), die zur normalen Funktion des Immunsystems sowie zum Schutz der Zellen vor oxidativem Stress beitragen. Pflanzliche Antioxidantien wie Quercetin, Kurkuma-Extrakt (min. 95 % Curcuminoide), Lycopin aus dem nat\u00fcrlichen Tomatenextrakt LYC-O-MATO\u00ae, Gr\u00fcntee-Extrakt (min. 50 % EGCg) und Granatapfel-Extrakt runden das Wirkstoffprofil ab.<\/p>\n<p>Zus\u00e4tzlich enth\u00e4lt die Formel nat\u00fcrliches Trans-Resveratrol aus japanischem Kn\u00f6terichextrakt sowie den patentierten LinumLife\u00ae Complex (Flachssamen-Lignan-Extrakt). Alle Inhaltsstoffe sind in einem GMP-zertifizierten Betrieb produziert und entsprechen den hohen Qualit\u00e4tsstandards von NOW Foods.<\/p>\n<\/p><\/div>\n<div class=\"chcg-nutrition\">\n<h3>N\u00e4hrwertangaben<\/h3>\n<table class=\"chcg-nutrition-table\">\n<thead>\n<tr>\n<th>N\u00e4hrstoff<\/th>\n<th>Pro Portion (3 Softgels)<\/th>\n<\/tr>\n<\/thead>\n<tbody>\n<tr>\n<td>Vitamin D3 (als Cholecalciferol)<\/td>\n<td>10 mcg (400 IU)<\/td>\n<\/tr>\n<tr>\n<td>Zink (aus Zink-Bisglycinate, TRAACS\u00ae)<\/td>\n<td>15 mg<\/td>\n<\/tr>\n<tr>\n<td>Selen (aus Selen-Aminos\u00e4ure-Chelat, Albion\u00ae)<\/td>\n<td>70 mcg<\/td>\n<\/tr>\n<tr>\n<td>Saw Palmetto-Extrakt (Beere, Serenoa repens, min. 85 % Fetts\u00e4uren)<\/td>\n<td>320 mg*<\/td>\n<\/tr>\n<tr>\n<td>Phytosterole (Pflanzliche Sterole, mit Beta-Sitosterol)<\/td>\n<td>850 mg*<\/td>\n<\/tr>\n<tr>\n<td>Brennnesselwurzelextrakt (Urtica dioica)<\/td>\n<td>240 mg*<\/td>\n<\/tr>\n<tr>\n<td>Quercetin (aus Quercetin-Dihydrat)<\/td>\n<td>200 mg*<\/td>\n<\/tr>\n<tr>\n<td>Kurkuma-Wurzelextrakt (Curcuma longa, min. 95 % Curcuminoide)<\/td>\n<td>100 mg*<\/td>\n<\/tr>\n<tr>\n<td>K\u00fcrbiskern\u00f6l<\/td>\n<td>1 g*<\/td>\n<\/tr>\n<tr>\n<td>Lycopin (LYC-O-MATO\u00ae nat\u00fcrlicher Tomatenextrakt)<\/td>\n<td>10 mg*<\/td>\n<\/tr>\n<tr>\n<td>Gr\u00fcntee-Extrakt (Camellia sinensis, Blatt, min. 50 % EGCg)<\/td>\n<td>100 mg*<\/td>\n<\/tr>\n<tr>\n<td>Granatapfel-Extrakt (Punica granatum, Frucht)<\/td>\n<td>100 mg*<\/td>\n<\/tr>\n<tr>\n<td>Nat\u00fcrliches Trans-Resveratrol [aus japanischem Kn\u00f6terichextrakt (Polygonum cuspidatum, Wurzel)]<\/td>\n<td>10 mg*<\/td>\n<\/tr>\n<tr>\n<td>LinumLife\u00ae Complex (Flachssamen-Lignan-Extrakt, Linum usitatissimum, Samenschale)<\/td>\n<td>25 mg*<\/td>\n<\/tr>\n<\/tbody>\n<\/table>\n<p class=\"chcg-footnote\">* Kein festgelegter Tagesbedarf.<\/p>\n<\/p><\/div>\n<div class=\"chcg-ingredients\">\n<h3>Zutaten<\/h3>\n<p>Vitamin D (als D3-Cholecalciferol), Zink (aus Zink-Bisglycinate) (Albion TRAACS\u00ae), Selen (aus Selen-Aminos\u00e4ure-Chelat) (Albion\u00ae), Saw Palmetto-Extrakt (Beere) (Serenoa repens) (min. 85 % Fetts\u00e4uren), Phytosterole (pflanzliche Sterole) (mit Beta-Sitosterol), Brennnesselwurzelextrakt (Urtica dioica), Quercetin (aus Quercetin-Dihydrat), Kurkuma-Wurzelextrakt (Curcuma longa) (min. 95 % Curcuminoide), K\u00fcrbiskern\u00f6l, Lycopin (LYC-O-MATO\u00ae nat\u00fcrlicher Tomatenextrakt), Gr\u00fcntee-Extrakt (Camellia sinensis) (Blatt) (min. 50 % EGCg), Granatapfel-Extrakt (Punica granatum) (Frucht), Trans-Resveratrol [aus japanischem Kn\u00f6terichextrakt (Polygonum cuspidatum) (Wurzel)], LinumLife\u00ae Complex (Flachssamen-Lignan-Extrakt) (Linum usitatissimum) (Samenschale). Weitere Zutaten: Sonnenblumen\u00f6l, Sonnenblumenlecithin und Bienenwachs. Phytosterole aus Soja (hochraffiniert).<\/p>\n<p class=\"chcg-capsule-shell\">Kapselh\u00fclle: Softgel-Kapsel [Rindergelatine (BSE-frei), Glycerin, Wasser, Johannisbrot]\n<\/p><\/div>\n<div class=\"chcg-dosage\">\n<h3>Verzehrempfehlung<\/h3>\n<p>T\u00e4glich 3 Softgels zu einer Mahlzeit einnehmen. Portionsgr\u00f6sse: 3 Softgels. Portionen pro Beh\u00e4lter: 60.<\/p>\n<\/p><\/div>\n<div class=\"chcg-warnings\">\n<h3>Warnhinweise<\/h3>\n<p>Nur f\u00fcr Erwachsene. Bei Schwangerschaft oder Stillzeit, bei Einnahme von Medikamenten (einschliesslich gerinnungshemmender Mittel wie Warfarin, Cumadin, Heparin) oder bei bestehenden gesundheitlichen Beschwerden ist vor der Einnahme ein Arzt zu konsultieren. Die empfohlene Tagesdosis nicht \u00fcberschreiten. Ausserhalb der Reichweite von Kindern aufbewahren.<\/p>\n<\/p><\/div>\n<div class=\"chcg-allergens\">\n<h3>Allergeninformationen<\/h3>\n<p>Phytosterole aus Soja (hochraffiniert). Nicht hergestellt mit Weizen-, Gluten-, Milch-, Ei-, Fisch-, Schalen- oder Sesam-Zutaten. Produziert in einem GMP-zertifizierten Betrieb, der andere Zutaten verarbeitet, die diese Allergene enthalten k\u00f6nnen.<\/p>\n<\/p><\/div>\n<div class=\"chcg-storage\">\n<h3>Lagerung<\/h3>\n<p>Nach dem \u00d6ffnen k\u00fchl und trocken lagern.<\/p>\n<\/p><\/div>\n<div class=\"chcg-dietary\">\n<h3>Ern\u00e4hrungshinweise<\/h3>\n<ul>\n<li>Glutenfrei<\/li>\n<li>Laktosefrei<\/li>\n<\/ul><\/div>\n<\/div>\n","protected":false},"excerpt":{"rendered":"<p>Prostate Health Clinical Strength von NOW Foods vereint 14 Wirkstoffe \u2013 darunter Saw Palmetto, Phytosterole und Zink \u2013 zur gezielten Unterst\u00fctzung der m\u00e4nnlichen Gesundheit. 180 Softgels, glutenfrei und laktosefrei.<\/p>\n","protected":false},"featured_media":5122,"comment_status":"closed","ping_status":"open","template":"","meta":[],"product_brand":[454],"product_cat":[48,25,22,21],"product_tag":[],"class_list":{"0":"post-5121","1":"product","2":"type-product","3":"status-publish","4":"has-post-thumbnail","6":"product_brand-nownow-foods","7":"product_cat-gesunde-ernaehrung","8":"product_cat-gesundheit-und-wohlbefinden","9":"product_cat-vegane-produkte","10":"product_cat-vitamine-und-mineralstoffe","12":"first","13":"outofstock","14":"taxable","15":"shipping-taxable","16":"purchasable","17":"product-type-simple"},"yoast_head":"<!-- This site is optimized with the Yoast SEO plugin v27.5 - https:\/\/yoast.com\/product\/yoast-seo-wordpress\/ -->\n<title>Prostate Health Clinical Strength \u2013 NOW Foods | ecosupplements.ch<\/title>\n<meta name=\"description\" content=\"NOW Foods Prostate Health Clinical Strength mit Saw Palmetto, Phytosterolen &amp; Zink \u2013 180 glutenfreie Softgels f\u00fcr M\u00e4nner. Jetzt bestellen.\" \/>\n<meta name=\"robots\" content=\"index, follow, max-snippet:-1, max-image-preview:large, max-video-preview:-1\" \/>\n<link rel=\"canonical\" href=\"https:\/\/ecosupplements.ch\/?product=prostate-health-clinical-strength-180-softgels\" \/>\n<meta property=\"og:locale\" content=\"de_DE\" \/>\n<meta property=\"og:type\" content=\"article\" \/>\n<meta property=\"og:title\" content=\"Prostate Health Clinical Strength \u2013 NOW Foods | ecosupplements.ch\" \/>\n<meta property=\"og:description\" content=\"NOW Foods Prostate Health Clinical Strength mit Saw Palmetto, Phytosterolen &amp; Zink \u2013 180 glutenfreie Softgels f\u00fcr M\u00e4nner. Jetzt bestellen.\" \/>\n<meta property=\"og:url\" content=\"https:\/\/ecosupplements.ch\/?product=prostate-health-clinical-strength-180-softgels\" \/>\n<meta property=\"og:site_name\" content=\"Eco Supplements\" \/>\n<meta property=\"article:modified_time\" content=\"2026-05-13T07:23:22+00:00\" \/>\n<meta property=\"og:image\" content=\"https:\/\/ecosupplements.ch\/wp-content\/uploads\/2026\/05\/Prostate-Health-Clinical-Strength-180-softgels.webp\" \/>\n\t<meta property=\"og:image:width\" content=\"1000\" \/>\n\t<meta property=\"og:image:height\" content=\"1000\" \/>\n\t<meta property=\"og:image:type\" content=\"image\/jpeg\" \/>\n<meta name=\"twitter:card\" content=\"summary_large_image\" \/>\n<meta name=\"twitter:label1\" content=\"Price\" \/>\n\t<meta name=\"twitter:data1\" content=\"&#067;&#072;&#070;&nbsp;76.41\" \/>\n\t<meta name=\"twitter:label2\" content=\"Availability\" \/>\n\t<meta name=\"twitter:data2\" content=\"Out of stock\" \/>\n<script type=\"application\/ld+json\" class=\"yoast-schema-graph\">{\"@context\":\"https:\\\/\\\/schema.org\",\"@graph\":[{\"@type\":\"WebPage\",\"@id\":\"https:\\\/\\\/ecosupplements.ch\\\/?product=prostate-health-clinical-strength-180-softgels\",\"url\":\"https:\\\/\\\/ecosupplements.ch\\\/?product=prostate-health-clinical-strength-180-softgels\",\"name\":\"Prostate Health Clinical Strength \u2013 NOW Foods | ecosupplements.ch\",\"isPartOf\":{\"@id\":\"https:\\\/\\\/ecosupplements.ch\\\/#website\"},\"primaryImageOfPage\":{\"@id\":\"https:\\\/\\\/ecosupplements.ch\\\/?product=prostate-health-clinical-strength-180-softgels#primaryimage\"},\"image\":{\"@id\":\"https:\\\/\\\/ecosupplements.ch\\\/?product=prostate-health-clinical-strength-180-softgels#primaryimage\"},\"thumbnailUrl\":\"https:\\\/\\\/ecosupplements.ch\\\/wp-content\\\/uploads\\\/2026\\\/05\\\/Prostate-Health-Clinical-Strength-180-softgels.webp\",\"datePublished\":\"2026-05-11T15:04:04+00:00\",\"dateModified\":\"2026-05-13T07:23:22+00:00\",\"description\":\"NOW Foods Prostate Health Clinical Strength mit Saw Palmetto, Phytosterolen & Zink \u2013 180 glutenfreie Softgels f\u00fcr M\u00e4nner. Jetzt bestellen.\",\"breadcrumb\":{\"@id\":\"https:\\\/\\\/ecosupplements.ch\\\/?product=prostate-health-clinical-strength-180-softgels#breadcrumb\"},\"inLanguage\":\"de-CH\",\"potentialAction\":[{\"@type\":\"ReadAction\",\"target\":[\"https:\\\/\\\/ecosupplements.ch\\\/?product=prostate-health-clinical-strength-180-softgels\"]}]},{\"@type\":\"ImageObject\",\"inLanguage\":\"de-CH\",\"@id\":\"https:\\\/\\\/ecosupplements.ch\\\/?product=prostate-health-clinical-strength-180-softgels#primaryimage\",\"url\":\"https:\\\/\\\/ecosupplements.ch\\\/wp-content\\\/uploads\\\/2026\\\/05\\\/Prostate-Health-Clinical-Strength-180-softgels.webp\",\"contentUrl\":\"https:\\\/\\\/ecosupplements.ch\\\/wp-content\\\/uploads\\\/2026\\\/05\\\/Prostate-Health-Clinical-Strength-180-softgels.webp\",\"width\":1000,\"height\":1000,\"caption\":\"Prostate Health Clinical Strength - 180 softgels\"},{\"@type\":\"BreadcrumbList\",\"@id\":\"https:\\\/\\\/ecosupplements.ch\\\/?product=prostate-health-clinical-strength-180-softgels#breadcrumb\",\"itemListElement\":[{\"@type\":\"ListItem\",\"position\":1,\"name\":\"Home\",\"item\":\"https:\\\/\\\/ecosupplements.ch\\\/\"},{\"@type\":\"ListItem\",\"position\":2,\"name\":\"Shop\",\"item\":\"https:\\\/\\\/ecosupplements.ch\\\/?page_id=14\"},{\"@type\":\"ListItem\",\"position\":3,\"name\":\"Prostate Health Clinical Strength &#8211; 180 softgels\"}]},{\"@type\":\"WebSite\",\"@id\":\"https:\\\/\\\/ecosupplements.ch\\\/#website\",\"url\":\"https:\\\/\\\/ecosupplements.ch\\\/\",\"name\":\"Eco Supplements\",\"description\":\"\",\"potentialAction\":[{\"@type\":\"SearchAction\",\"target\":{\"@type\":\"EntryPoint\",\"urlTemplate\":\"https:\\\/\\\/ecosupplements.ch\\\/?s={search_term_string}\"},\"query-input\":{\"@type\":\"PropertyValueSpecification\",\"valueRequired\":true,\"valueName\":\"search_term_string\"}}],\"inLanguage\":\"de-CH\"}]}<\/script>\n<meta property=\"product:price:amount\" content=\"76.41\" \/>\n<meta property=\"product:price:currency\" content=\"CHF\" \/>\n<meta property=\"og:availability\" content=\"out of stock\" \/>\n<meta property=\"product:availability\" content=\"out of stock\" \/>\n<meta property=\"product:retailer_item_id\" content=\"733739033499\" \/>\n<meta property=\"product:condition\" content=\"new\" \/>\n<!-- \/ Yoast SEO plugin. -->","yoast_head_json":{"title":"Prostate Health Clinical Strength \u2013 NOW Foods | ecosupplements.ch","description":"NOW Foods Prostate Health Clinical Strength mit Saw Palmetto, Phytosterolen & Zink \u2013 180 glutenfreie Softgels f\u00fcr M\u00e4nner. Jetzt bestellen.","robots":{"index":"index","follow":"follow","max-snippet":"max-snippet:-1","max-image-preview":"max-image-preview:large","max-video-preview":"max-video-preview:-1"},"canonical":"https:\/\/ecosupplements.ch\/?product=prostate-health-clinical-strength-180-softgels","og_locale":"de_DE","og_type":"article","og_title":"Prostate Health Clinical Strength \u2013 NOW Foods | ecosupplements.ch","og_description":"NOW Foods Prostate Health Clinical Strength mit Saw Palmetto, Phytosterolen & Zink \u2013 180 glutenfreie Softgels f\u00fcr M\u00e4nner. Jetzt bestellen.","og_url":"https:\/\/ecosupplements.ch\/?product=prostate-health-clinical-strength-180-softgels","og_site_name":"Eco Supplements","article_modified_time":"2026-05-13T07:23:22+00:00","og_image":[{"width":1000,"height":1000,"url":"https:\/\/ecosupplements.ch\/wp-content\/uploads\/2026\/05\/Prostate-Health-Clinical-Strength-180-softgels.webp","type":"image\/jpeg"}],"twitter_card":"summary_large_image","twitter_misc":{"Price":"&#67;&#72;&#70;&nbsp;76.41","Availability":"Out of stock"},"schema":{"@context":"https:\/\/schema.org","@graph":[{"@type":"WebPage","@id":"https:\/\/ecosupplements.ch\/?product=prostate-health-clinical-strength-180-softgels","url":"https:\/\/ecosupplements.ch\/?product=prostate-health-clinical-strength-180-softgels","name":"Prostate Health Clinical Strength \u2013 NOW Foods | ecosupplements.ch","isPartOf":{"@id":"https:\/\/ecosupplements.ch\/#website"},"primaryImageOfPage":{"@id":"https:\/\/ecosupplements.ch\/?product=prostate-health-clinical-strength-180-softgels#primaryimage"},"image":{"@id":"https:\/\/ecosupplements.ch\/?product=prostate-health-clinical-strength-180-softgels#primaryimage"},"thumbnailUrl":"https:\/\/ecosupplements.ch\/wp-content\/uploads\/2026\/05\/Prostate-Health-Clinical-Strength-180-softgels.webp","datePublished":"2026-05-11T15:04:04+00:00","dateModified":"2026-05-13T07:23:22+00:00","description":"NOW Foods Prostate Health Clinical Strength mit Saw Palmetto, Phytosterolen & Zink \u2013 180 glutenfreie Softgels f\u00fcr M\u00e4nner. Jetzt bestellen.","breadcrumb":{"@id":"https:\/\/ecosupplements.ch\/?product=prostate-health-clinical-strength-180-softgels#breadcrumb"},"inLanguage":"de-CH","potentialAction":[{"@type":"ReadAction","target":["https:\/\/ecosupplements.ch\/?product=prostate-health-clinical-strength-180-softgels"]}]},{"@type":"ImageObject","inLanguage":"de-CH","@id":"https:\/\/ecosupplements.ch\/?product=prostate-health-clinical-strength-180-softgels#primaryimage","url":"https:\/\/ecosupplements.ch\/wp-content\/uploads\/2026\/05\/Prostate-Health-Clinical-Strength-180-softgels.webp","contentUrl":"https:\/\/ecosupplements.ch\/wp-content\/uploads\/2026\/05\/Prostate-Health-Clinical-Strength-180-softgels.webp","width":1000,"height":1000,"caption":"Prostate Health Clinical Strength - 180 softgels"},{"@type":"BreadcrumbList","@id":"https:\/\/ecosupplements.ch\/?product=prostate-health-clinical-strength-180-softgels#breadcrumb","itemListElement":[{"@type":"ListItem","position":1,"name":"Home","item":"https:\/\/ecosupplements.ch\/"},{"@type":"ListItem","position":2,"name":"Shop","item":"https:\/\/ecosupplements.ch\/?page_id=14"},{"@type":"ListItem","position":3,"name":"Prostate Health Clinical Strength &#8211; 180 softgels"}]},{"@type":"WebSite","@id":"https:\/\/ecosupplements.ch\/#website","url":"https:\/\/ecosupplements.ch\/","name":"Eco Supplements","description":"","potentialAction":[{"@type":"SearchAction","target":{"@type":"EntryPoint","urlTemplate":"https:\/\/ecosupplements.ch\/?s={search_term_string}"},"query-input":{"@type":"PropertyValueSpecification","valueRequired":true,"valueName":"search_term_string"}}],"inLanguage":"de-CH"}]},"product_price_amount":"76.41","product_price_currency":"CHF","og_availability":"out of stock","product_availability":"out of stock","product_retailer_item_id":"733739033499","product_condition":"new"},"_links":{"self":[{"href":"https:\/\/ecosupplements.ch\/index.php?rest_route=\/wp\/v2\/product\/5121","targetHints":{"allow":["GET"]}}],"collection":[{"href":"https:\/\/ecosupplements.ch\/index.php?rest_route=\/wp\/v2\/product"}],"about":[{"href":"https:\/\/ecosupplements.ch\/index.php?rest_route=\/wp\/v2\/types\/product"}],"replies":[{"embeddable":true,"href":"https:\/\/ecosupplements.ch\/index.php?rest_route=%2Fwp%2Fv2%2Fcomments&post=5121"}],"wp:featuredmedia":[{"embeddable":true,"href":"https:\/\/ecosupplements.ch\/index.php?rest_route=\/wp\/v2\/media\/5122"}],"wp:attachment":[{"href":"https:\/\/ecosupplements.ch\/index.php?rest_route=%2Fwp%2Fv2%2Fmedia&parent=5121"}],"wp:term":[{"taxonomy":"product_brand","embeddable":true,"href":"https:\/\/ecosupplements.ch\/index.php?rest_route=%2Fwp%2Fv2%2Fproduct_brand&post=5121"},{"taxonomy":"product_cat","embeddable":true,"href":"https:\/\/ecosupplements.ch\/index.php?rest_route=%2Fwp%2Fv2%2Fproduct_cat&post=5121"},{"taxonomy":"product_tag","embeddable":true,"href":"https:\/\/ecosupplements.ch\/index.php?rest_route=%2Fwp%2Fv2%2Fproduct_tag&post=5121"}],"curies":[{"name":"wp","href":"https:\/\/api.w.org\/{rel}","templated":true}]}}