{"id":5148,"date":"2026-05-11T15:04:17","date_gmt":"2026-05-11T15:04:17","guid":{"rendered":"https:\/\/ecosupplements.ch\/?product=relora-300mg-60-vcaps"},"modified":"2026-05-13T07:23:23","modified_gmt":"2026-05-13T07:23:23","slug":"relora-300mg-60-vcaps","status":"publish","type":"product","link":"https:\/\/ecosupplements.ch\/?product=relora-300mg-60-vcaps","title":{"rendered":"Relora, 300mg &#8211; 60 vcaps"},"content":{"rendered":"<div class=\"chcg-product-description\">\n<h2 class=\"chcg-heading\">\u00dcber NOW Foods \u2013 Relora, 300mg \u2013 60 Vkaps<\/h2>\n<div class=\"chcg-intro\">\n<p>Relora von NOW Foods ist eine propriet\u00e4re Kombination aus Extrakten der Rinde von <em>Magnolia officinalis<\/em> und <em>Phellodendron amurense<\/em> \u2013 zwei Pflanzen, die seit Jahrhunderten in der traditionellen ostasiatischen Naturheilkunde verwendet werden. Jede vegetarische Kapsel liefert 300 mg dieser sorgf\u00e4ltig zusammengestellten Mischung und unterst\u00fctzt auf nat\u00fcrliche Weise das allgemeine Wohlbefinden.<\/p>\n<p>Das Produkt ist in praktischen vegetarischen Kapseln erh\u00e4ltlich und eignet sich f\u00fcr Erwachsene, die eine pflanzliche Nahrungserg\u00e4nzung in ihren Alltag integrieren m\u00f6chten. Die Kapseln sind frei von tierischen Inhaltsstoffen und somit sowohl f\u00fcr Veganer als auch f\u00fcr Vegetarier geeignet.<\/p>\n<p>NOW Foods steht f\u00fcr h\u00f6chste Qualit\u00e4tsstandards: Relora wird in einer GMP-zertifizierten Produktionsst\u00e4tte hergestellt und ist frei von Gluten, Laktose sowie weiteren g\u00e4ngigen Allergenen.<\/p>\n<\/p><\/div>\n<div class=\"chcg-nutrition\">\n<h3>N\u00e4hrwertangaben<\/h3>\n<table class=\"chcg-nutrition-table\">\n<thead>\n<tr>\n<th>N\u00e4hrstoff<\/th>\n<th>Pro Portion (1 Veg. Kapsel)<\/th>\n<\/tr>\n<\/thead>\n<tbody>\n<tr>\n<td>Relora (Propriet\u00e4re Mischung aus <em>Magnolia officinalis<\/em> Rindenextrakt und <em>Phellodendron amurense<\/em> Rindenextrakt)<\/td>\n<td>300 mg*<\/td>\n<\/tr>\n<\/tbody>\n<\/table>\n<p class=\"chcg-footnote\">* Kein festgelegter Tagesbedarf.<\/p>\n<\/p><\/div>\n<div class=\"chcg-ingredients\">\n<h3>Zutaten<\/h3>\n<p>Relora (Propriet\u00e4re Mischung aus <em>Magnolia officinalis<\/em> Rindenextrakt und <em>Phellodendron amurense<\/em> Rindenextrakt) 300 mg. Weitere Zutaten: Reismehl, Hydroxypropylmethylcellulose (Cellulosekapselh\u00fclle) und Stearins\u00e4ure (pflanzlicher Herkunft).<\/p>\n<p class=\"chcg-capsule-shell\">Kapselh\u00fclle: Hydroxypropylmethylcellulose (Cellulose)<\/p>\n<\/p><\/div>\n<div class=\"chcg-dosage\">\n<h3>Verzehrempfehlung<\/h3>\n<p>1 Kapsel 2 bis 3 Mal t\u00e4glich einnehmen.<\/p>\n<\/p><\/div>\n<div class=\"chcg-warnings\">\n<h3>Warnhinweise<\/h3>\n<p>Nur f\u00fcr Erwachsene. Nicht einnehmen w\u00e4hrend der Schwangerschaft oder Stillzeit. Nicht einnehmen, wenn Sie derzeit Medikamente nehmen oder sich in \u00e4rztlicher Behandlung befinden, ohne zuvor Ihren Arzt zu konsultieren. Ausserhalb der Reichweite von Kindern aufbewahren. Bei diesem Produkt k\u00f6nnen nat\u00fcrliche Farbvariationen auftreten.<\/p>\n<\/p><\/div>\n<div class=\"chcg-allergens\">\n<h3>Allergeninformationen<\/h3>\n<p>Nicht hergestellt mit Hefe, Weizen, Gluten, Soja, Milch, Ei, Fisch, Schalentieren oder Baumn\u00fcssen als Zutaten. Hergestellt in einer GMP-Produktionsst\u00e4tte, die andere Zutaten verarbeitet, die diese Allergene enthalten k\u00f6nnen.<\/p>\n<\/p><\/div>\n<div class=\"chcg-storage\">\n<h3>Lagerung<\/h3>\n<p>Nach dem \u00d6ffnen an einem k\u00fchlen, trockenen Ort aufbewahren.<\/p>\n<\/p><\/div>\n<div class=\"chcg-dietary\">\n<h3>Ern\u00e4hrungshinweise<\/h3>\n<ul>\n<li>Vegan<\/li>\n<li>Vegetarisch<\/li>\n<li>Glutenfrei<\/li>\n<li>Laktosefrei<\/li>\n<\/ul><\/div>\n<\/div>\n","protected":false},"excerpt":{"rendered":"<p>Relora von NOW Foods vereint 300 mg einer propriet\u00e4ren Mischung aus Magnolia officinalis und Phellodendron amurense in einer vegetarischen Kapsel. Die Packung enth\u00e4lt 60 Vkaps und ist vegan, glutenfrei sowie laktosefrei.<\/p>\n","protected":false},"featured_media":5149,"comment_status":"closed","ping_status":"open","template":"","meta":[],"product_brand":[454],"product_cat":[90,48,25,38,137,21],"product_tag":[],"class_list":{"0":"post-5148","1":"product","2":"type-product","3":"status-publish","4":"has-post-thumbnail","6":"product_brand-nownow-foods","7":"product_cat-fitness-training","8":"product_cat-gesunde-ernaehrung","9":"product_cat-gesundheit-und-wohlbefinden","10":"product_cat-gewichtskontrolle","11":"product_cat-forbedring-af-humoret","12":"product_cat-vitamine-und-mineralstoffe","14":"first","15":"outofstock","16":"taxable","17":"shipping-taxable","18":"purchasable","19":"product-type-simple"},"yoast_head":"<!-- This site is optimized with the Yoast SEO plugin v27.5 - https:\/\/yoast.com\/product\/yoast-seo-wordpress\/ -->\n<title>Relora 300mg \u2013 60 Vkaps \u2013 NOW Foods | ecosupplements.ch<\/title>\n<meta name=\"description\" content=\"Relora 300mg von NOW Foods \u2013 pflanzliche Mischung in 60 veganen Kapseln, glutenfrei und laktosefrei. Jetzt bestellen.\" \/>\n<meta name=\"robots\" content=\"index, follow, max-snippet:-1, max-image-preview:large, max-video-preview:-1\" \/>\n<link rel=\"canonical\" href=\"https:\/\/ecosupplements.ch\/?product=relora-300mg-60-vcaps\" \/>\n<meta property=\"og:locale\" content=\"de_DE\" \/>\n<meta property=\"og:type\" content=\"article\" \/>\n<meta property=\"og:title\" content=\"Relora 300mg \u2013 60 Vkaps \u2013 NOW Foods | ecosupplements.ch\" \/>\n<meta property=\"og:description\" content=\"Relora 300mg von NOW Foods \u2013 pflanzliche Mischung in 60 veganen Kapseln, glutenfrei und laktosefrei. Jetzt bestellen.\" \/>\n<meta property=\"og:url\" content=\"https:\/\/ecosupplements.ch\/?product=relora-300mg-60-vcaps\" \/>\n<meta property=\"og:site_name\" content=\"Eco Supplements\" \/>\n<meta property=\"article:modified_time\" content=\"2026-05-13T07:23:23+00:00\" \/>\n<meta property=\"og:image\" content=\"https:\/\/ecosupplements.ch\/wp-content\/uploads\/2026\/05\/Relora-300mg-60-vcaps.webp\" \/>\n\t<meta property=\"og:image:width\" content=\"1000\" \/>\n\t<meta property=\"og:image:height\" content=\"1000\" \/>\n\t<meta property=\"og:image:type\" content=\"image\/jpeg\" \/>\n<meta name=\"twitter:card\" content=\"summary_large_image\" \/>\n<meta name=\"twitter:label1\" content=\"Price\" \/>\n\t<meta name=\"twitter:data1\" content=\"&#067;&#072;&#070;&nbsp;19.21\" \/>\n\t<meta name=\"twitter:label2\" content=\"Availability\" \/>\n\t<meta name=\"twitter:data2\" content=\"Out of stock\" \/>\n<script type=\"application\/ld+json\" class=\"yoast-schema-graph\">{\"@context\":\"https:\\\/\\\/schema.org\",\"@graph\":[{\"@type\":\"WebPage\",\"@id\":\"https:\\\/\\\/ecosupplements.ch\\\/?product=relora-300mg-60-vcaps\",\"url\":\"https:\\\/\\\/ecosupplements.ch\\\/?product=relora-300mg-60-vcaps\",\"name\":\"Relora 300mg \u2013 60 Vkaps \u2013 NOW Foods | ecosupplements.ch\",\"isPartOf\":{\"@id\":\"https:\\\/\\\/ecosupplements.ch\\\/#website\"},\"primaryImageOfPage\":{\"@id\":\"https:\\\/\\\/ecosupplements.ch\\\/?product=relora-300mg-60-vcaps#primaryimage\"},\"image\":{\"@id\":\"https:\\\/\\\/ecosupplements.ch\\\/?product=relora-300mg-60-vcaps#primaryimage\"},\"thumbnailUrl\":\"https:\\\/\\\/ecosupplements.ch\\\/wp-content\\\/uploads\\\/2026\\\/05\\\/Relora-300mg-60-vcaps.webp\",\"datePublished\":\"2026-05-11T15:04:17+00:00\",\"dateModified\":\"2026-05-13T07:23:23+00:00\",\"description\":\"Relora 300mg von NOW Foods \u2013 pflanzliche Mischung in 60 veganen Kapseln, glutenfrei und laktosefrei. Jetzt bestellen.\",\"breadcrumb\":{\"@id\":\"https:\\\/\\\/ecosupplements.ch\\\/?product=relora-300mg-60-vcaps#breadcrumb\"},\"inLanguage\":\"de-CH\",\"potentialAction\":[{\"@type\":\"ReadAction\",\"target\":[\"https:\\\/\\\/ecosupplements.ch\\\/?product=relora-300mg-60-vcaps\"]}]},{\"@type\":\"ImageObject\",\"inLanguage\":\"de-CH\",\"@id\":\"https:\\\/\\\/ecosupplements.ch\\\/?product=relora-300mg-60-vcaps#primaryimage\",\"url\":\"https:\\\/\\\/ecosupplements.ch\\\/wp-content\\\/uploads\\\/2026\\\/05\\\/Relora-300mg-60-vcaps.webp\",\"contentUrl\":\"https:\\\/\\\/ecosupplements.ch\\\/wp-content\\\/uploads\\\/2026\\\/05\\\/Relora-300mg-60-vcaps.webp\",\"width\":1000,\"height\":1000,\"caption\":\"Relora\"},{\"@type\":\"BreadcrumbList\",\"@id\":\"https:\\\/\\\/ecosupplements.ch\\\/?product=relora-300mg-60-vcaps#breadcrumb\",\"itemListElement\":[{\"@type\":\"ListItem\",\"position\":1,\"name\":\"Home\",\"item\":\"https:\\\/\\\/ecosupplements.ch\\\/\"},{\"@type\":\"ListItem\",\"position\":2,\"name\":\"Shop\",\"item\":\"https:\\\/\\\/ecosupplements.ch\\\/?page_id=14\"},{\"@type\":\"ListItem\",\"position\":3,\"name\":\"Relora, 300mg &#8211; 60 vcaps\"}]},{\"@type\":\"WebSite\",\"@id\":\"https:\\\/\\\/ecosupplements.ch\\\/#website\",\"url\":\"https:\\\/\\\/ecosupplements.ch\\\/\",\"name\":\"Eco Supplements\",\"description\":\"\",\"potentialAction\":[{\"@type\":\"SearchAction\",\"target\":{\"@type\":\"EntryPoint\",\"urlTemplate\":\"https:\\\/\\\/ecosupplements.ch\\\/?s={search_term_string}\"},\"query-input\":{\"@type\":\"PropertyValueSpecification\",\"valueRequired\":true,\"valueName\":\"search_term_string\"}}],\"inLanguage\":\"de-CH\"}]}<\/script>\n<meta property=\"product:price:amount\" content=\"19.21\" \/>\n<meta property=\"product:price:currency\" content=\"CHF\" \/>\n<meta property=\"og:availability\" content=\"out of stock\" \/>\n<meta property=\"product:availability\" content=\"out of stock\" \/>\n<meta property=\"product:retailer_item_id\" content=\"733739033420\" \/>\n<meta property=\"product:condition\" content=\"new\" \/>\n<!-- \/ Yoast SEO plugin. -->","yoast_head_json":{"title":"Relora 300mg \u2013 60 Vkaps \u2013 NOW Foods | ecosupplements.ch","description":"Relora 300mg von NOW Foods \u2013 pflanzliche Mischung in 60 veganen Kapseln, glutenfrei und laktosefrei. Jetzt bestellen.","robots":{"index":"index","follow":"follow","max-snippet":"max-snippet:-1","max-image-preview":"max-image-preview:large","max-video-preview":"max-video-preview:-1"},"canonical":"https:\/\/ecosupplements.ch\/?product=relora-300mg-60-vcaps","og_locale":"de_DE","og_type":"article","og_title":"Relora 300mg \u2013 60 Vkaps \u2013 NOW Foods | ecosupplements.ch","og_description":"Relora 300mg von NOW Foods \u2013 pflanzliche Mischung in 60 veganen Kapseln, glutenfrei und laktosefrei. Jetzt bestellen.","og_url":"https:\/\/ecosupplements.ch\/?product=relora-300mg-60-vcaps","og_site_name":"Eco Supplements","article_modified_time":"2026-05-13T07:23:23+00:00","og_image":[{"width":1000,"height":1000,"url":"https:\/\/ecosupplements.ch\/wp-content\/uploads\/2026\/05\/Relora-300mg-60-vcaps.webp","type":"image\/jpeg"}],"twitter_card":"summary_large_image","twitter_misc":{"Price":"&#67;&#72;&#70;&nbsp;19.21","Availability":"Out of stock"},"schema":{"@context":"https:\/\/schema.org","@graph":[{"@type":"WebPage","@id":"https:\/\/ecosupplements.ch\/?product=relora-300mg-60-vcaps","url":"https:\/\/ecosupplements.ch\/?product=relora-300mg-60-vcaps","name":"Relora 300mg \u2013 60 Vkaps \u2013 NOW Foods | ecosupplements.ch","isPartOf":{"@id":"https:\/\/ecosupplements.ch\/#website"},"primaryImageOfPage":{"@id":"https:\/\/ecosupplements.ch\/?product=relora-300mg-60-vcaps#primaryimage"},"image":{"@id":"https:\/\/ecosupplements.ch\/?product=relora-300mg-60-vcaps#primaryimage"},"thumbnailUrl":"https:\/\/ecosupplements.ch\/wp-content\/uploads\/2026\/05\/Relora-300mg-60-vcaps.webp","datePublished":"2026-05-11T15:04:17+00:00","dateModified":"2026-05-13T07:23:23+00:00","description":"Relora 300mg von NOW Foods \u2013 pflanzliche Mischung in 60 veganen Kapseln, glutenfrei und laktosefrei. Jetzt bestellen.","breadcrumb":{"@id":"https:\/\/ecosupplements.ch\/?product=relora-300mg-60-vcaps#breadcrumb"},"inLanguage":"de-CH","potentialAction":[{"@type":"ReadAction","target":["https:\/\/ecosupplements.ch\/?product=relora-300mg-60-vcaps"]}]},{"@type":"ImageObject","inLanguage":"de-CH","@id":"https:\/\/ecosupplements.ch\/?product=relora-300mg-60-vcaps#primaryimage","url":"https:\/\/ecosupplements.ch\/wp-content\/uploads\/2026\/05\/Relora-300mg-60-vcaps.webp","contentUrl":"https:\/\/ecosupplements.ch\/wp-content\/uploads\/2026\/05\/Relora-300mg-60-vcaps.webp","width":1000,"height":1000,"caption":"Relora"},{"@type":"BreadcrumbList","@id":"https:\/\/ecosupplements.ch\/?product=relora-300mg-60-vcaps#breadcrumb","itemListElement":[{"@type":"ListItem","position":1,"name":"Home","item":"https:\/\/ecosupplements.ch\/"},{"@type":"ListItem","position":2,"name":"Shop","item":"https:\/\/ecosupplements.ch\/?page_id=14"},{"@type":"ListItem","position":3,"name":"Relora, 300mg &#8211; 60 vcaps"}]},{"@type":"WebSite","@id":"https:\/\/ecosupplements.ch\/#website","url":"https:\/\/ecosupplements.ch\/","name":"Eco Supplements","description":"","potentialAction":[{"@type":"SearchAction","target":{"@type":"EntryPoint","urlTemplate":"https:\/\/ecosupplements.ch\/?s={search_term_string}"},"query-input":{"@type":"PropertyValueSpecification","valueRequired":true,"valueName":"search_term_string"}}],"inLanguage":"de-CH"}]},"product_price_amount":"19.21","product_price_currency":"CHF","og_availability":"out of stock","product_availability":"out of stock","product_retailer_item_id":"733739033420","product_condition":"new"},"_links":{"self":[{"href":"https:\/\/ecosupplements.ch\/index.php?rest_route=\/wp\/v2\/product\/5148","targetHints":{"allow":["GET"]}}],"collection":[{"href":"https:\/\/ecosupplements.ch\/index.php?rest_route=\/wp\/v2\/product"}],"about":[{"href":"https:\/\/ecosupplements.ch\/index.php?rest_route=\/wp\/v2\/types\/product"}],"replies":[{"embeddable":true,"href":"https:\/\/ecosupplements.ch\/index.php?rest_route=%2Fwp%2Fv2%2Fcomments&post=5148"}],"wp:featuredmedia":[{"embeddable":true,"href":"https:\/\/ecosupplements.ch\/index.php?rest_route=\/wp\/v2\/media\/5149"}],"wp:attachment":[{"href":"https:\/\/ecosupplements.ch\/index.php?rest_route=%2Fwp%2Fv2%2Fmedia&parent=5148"}],"wp:term":[{"taxonomy":"product_brand","embeddable":true,"href":"https:\/\/ecosupplements.ch\/index.php?rest_route=%2Fwp%2Fv2%2Fproduct_brand&post=5148"},{"taxonomy":"product_cat","embeddable":true,"href":"https:\/\/ecosupplements.ch\/index.php?rest_route=%2Fwp%2Fv2%2Fproduct_cat&post=5148"},{"taxonomy":"product_tag","embeddable":true,"href":"https:\/\/ecosupplements.ch\/index.php?rest_route=%2Fwp%2Fv2%2Fproduct_tag&post=5148"}],"curies":[{"name":"wp","href":"https:\/\/api.w.org\/{rel}","templated":true}]}}