{"id":5165,"date":"2026-05-11T15:04:26","date_gmt":"2026-05-11T15:04:26","guid":{"rendered":"https:\/\/ecosupplements.ch\/?product=saccharomyces-boulardii-120-vcaps"},"modified":"2026-05-13T07:23:24","modified_gmt":"2026-05-13T07:23:24","slug":"saccharomyces-boulardii-120-vcaps","status":"publish","type":"product","link":"https:\/\/ecosupplements.ch\/?product=saccharomyces-boulardii-120-vcaps","title":{"rendered":"Saccharomyces Boulardii &#8211; 120 vcaps"},"content":{"rendered":"<div class=\"chcg-product-description\">\n<h2 class=\"chcg-heading\">\u00dcber NOW Foods \u2013 Saccharomyces Boulardii \u2013 120 Veg Kapseln<\/h2>\n<div class=\"chcg-intro\">\n<p>Saccharomyces boulardii ist eine nat\u00fcrlich vorkommende Hefe, die seit Jahrzehnten intensiv erforscht wird und zur Unterst\u00fctzung einer gesunden Darmflora eingesetzt wird. NOW Foods liefert mit diesem Produkt 5 Milliarden KBE (koloniebildende Einheiten) pro Portion \u2013 in praktischen vegetarischen Kapseln, die sich einfach in den Alltag integrieren lassen.<\/p>\n<p>Die Formulierung enth\u00e4lt zus\u00e4tzlich organisches Inulin (FOS \u2013 Fructooligosaccharide) sowie Guarkernmehl. Inulin gilt als pr\u00e4biotischer Ballaststoff, der als N\u00e4hrstoff f\u00fcr n\u00fctzliche Mikroorganismen im Darm dient und so eine ausgewogene Darmumgebung unterst\u00fctzt. Die Kombination aus Saccharomyces boulardii und prebiotischem Inulin ist speziell auf eine synergistische Wirkung ausgelegt.<\/p>\n<p>NOW Foods steht seit \u00fcber 50 Jahren f\u00fcr hochwertige Nahrungserg\u00e4nzungsmittel zu fairen Preisen. Die Produktion erfolgt in GMP-zertifizierten Anlagen, die strenge Qualit\u00e4tsstandards einhalten. Saccharomyces Boulardii von NOW Foods ist vegan, glutenfrei und laktosefrei \u2013 geeignet f\u00fcr eine Vielzahl von Ern\u00e4hrungsweisen.<\/p>\n<\/p><\/div>\n<div class=\"chcg-nutrition\">\n<h3>N\u00e4hrwertangaben<\/h3>\n<table class=\"chcg-nutrition-table\">\n<thead>\n<tr>\n<th>N\u00e4hrstoff<\/th>\n<th>Pro Portion (2 Veg Kapseln)<\/th>\n<\/tr>\n<\/thead>\n<tbody>\n<tr>\n<td>Saccharomyces boulardii (Saccharomyces cerevisiae var. boulardii)<\/td>\n<td>5 Milliarden KBE*<\/td>\n<\/tr>\n<\/tbody>\n<\/table>\n<p class=\"chcg-footnote\">* Kein festgelegter Tagesbedarf (Tagesreferenzwert nicht etabliert).<\/p>\n<p class=\"chcg-footnote\">Portionsgr\u00f6sse: 2 Veg Kapseln | Portionen pro Packung: 60<\/p>\n<\/p><\/div>\n<div class=\"chcg-ingredients\">\n<h3>Zutaten<\/h3>\n<p>Saccharomyces boulardii (Saccharomyces cerevisiae var. boulardii) 5 Milliarden KBE. Weitere Zutaten: Hypromellose (Zellulose-Kapsel), organisches Inulin (FOS) (Fructooligosaccharide) und Guarkernmehl.<\/p>\n<p class=\"chcg-capsule-shell\">Kapselh\u00fclle: Hypromellose (Zellulose-Kapsel)<\/p>\n<\/p><\/div>\n<div class=\"chcg-dosage\">\n<h3>Verzehrempfehlung<\/h3>\n<p>1\u20132 Kapseln 2- bis 3-mal t\u00e4glich zwischen den Mahlzeiten einnehmen, nach Bedarf.<\/p>\n<\/p><\/div>\n<div class=\"chcg-warnings\">\n<h3>Warnhinweise<\/h3>\n<p>Bei Schwangerschaft oder Stillzeit, bei der Einnahme von Medikamenten (insbesondere immunsuppressiver Arzneimittel) oder bei bestehenden gesundheitlichen Beschwerden (insbesondere bei eingeschr\u00e4nkter Immunfunktion) ist vor der Einnahme ein Arzt zu konsultieren. Ausserhalb der Reichweite von Kindern aufbewahren.<\/p>\n<\/p><\/div>\n<div class=\"chcg-allergens\">\n<h3>Allergeninformationen<\/h3>\n<p>Nicht hergestellt mit Weizen, Gluten, Soja, Mais, Milch, Ei, Fisch, Schalentieren, Baumn\u00fcssen oder Sesam. Produziert in einer GMP-zertifizierten Anlage, in der auch andere Zutaten verarbeitet werden, die diese Allergene enthalten k\u00f6nnen.<\/p>\n<\/p><\/div>\n<div class=\"chcg-storage\">\n<h3>Lagerung<\/h3>\n<p>Zur Erhaltung der Wirksamkeit im K\u00fchlschrank aufbewahren.<\/p>\n<\/p><\/div>\n<div class=\"chcg-dietary\">\n<h3>Ern\u00e4hrungshinweise<\/h3>\n<ul>\n<li>Vegan<\/li>\n<li>Vegetarisch<\/li>\n<li>Glutenfrei<\/li>\n<li>Laktosefrei<\/li>\n<\/ul><\/div>\n<\/div>\n","protected":false},"excerpt":{"rendered":"<p>Saccharomyces Boulardii von NOW Foods liefert 5 Milliarden KBE pro Portion zur Unterst\u00fctzung einer gesunden Darmflora. 120 vegane Kapseln, glutenfrei und laktosefrei.<\/p>\n","protected":false},"featured_media":5166,"comment_status":"closed","ping_status":"open","template":"","meta":[],"product_brand":[454],"product_cat":[48,25,104,22,21],"product_tag":[],"class_list":{"0":"post-5165","1":"product","2":"type-product","3":"status-publish","4":"has-post-thumbnail","6":"product_brand-nownow-foods","7":"product_cat-gesunde-ernaehrung","8":"product_cat-gesundheit-und-wohlbefinden","9":"product_cat-probiotika","10":"product_cat-vegane-produkte","11":"product_cat-vitamine-und-mineralstoffe","13":"first","14":"outofstock","15":"taxable","16":"shipping-taxable","17":"purchasable","18":"product-type-simple"},"yoast_head":"<!-- This site is optimized with the Yoast SEO plugin v27.5 - https:\/\/yoast.com\/product\/yoast-seo-wordpress\/ -->\n<title>Saccharomyces Boulardii 120 Veg Kapseln \u2013 NOW Foods | ecosupplements.ch<\/title>\n<meta name=\"description\" content=\"NOW Foods Saccharomyces Boulardii mit 5 Mrd. KBE pro Portion \u2013 120 vegane Kapseln f\u00fcr eine gesunde Darmflora. Jetzt bestellen.\" \/>\n<meta name=\"robots\" content=\"index, follow, max-snippet:-1, max-image-preview:large, max-video-preview:-1\" \/>\n<link rel=\"canonical\" href=\"https:\/\/ecosupplements.ch\/?product=saccharomyces-boulardii-120-vcaps\" \/>\n<meta property=\"og:locale\" content=\"de_DE\" \/>\n<meta property=\"og:type\" content=\"article\" \/>\n<meta property=\"og:title\" content=\"Saccharomyces Boulardii 120 Veg Kapseln \u2013 NOW Foods | ecosupplements.ch\" \/>\n<meta property=\"og:description\" content=\"NOW Foods Saccharomyces Boulardii mit 5 Mrd. KBE pro Portion \u2013 120 vegane Kapseln f\u00fcr eine gesunde Darmflora. Jetzt bestellen.\" \/>\n<meta property=\"og:url\" content=\"https:\/\/ecosupplements.ch\/?product=saccharomyces-boulardii-120-vcaps\" \/>\n<meta property=\"og:site_name\" content=\"Eco Supplements\" \/>\n<meta property=\"article:modified_time\" content=\"2026-05-13T07:23:24+00:00\" \/>\n<meta property=\"og:image\" content=\"https:\/\/ecosupplements.ch\/wp-content\/uploads\/2026\/05\/Saccharomyces-Boulardii-120-vcaps.webp\" \/>\n\t<meta property=\"og:image:width\" content=\"1000\" \/>\n\t<meta property=\"og:image:height\" content=\"1000\" \/>\n\t<meta property=\"og:image:type\" content=\"image\/jpeg\" \/>\n<meta name=\"twitter:card\" content=\"summary_large_image\" \/>\n<meta name=\"twitter:label1\" content=\"Price\" \/>\n\t<meta name=\"twitter:data1\" content=\"&#067;&#072;&#070;&nbsp;34.37\" \/>\n\t<meta name=\"twitter:label2\" content=\"Availability\" \/>\n\t<meta name=\"twitter:data2\" content=\"Out of stock\" \/>\n<script type=\"application\/ld+json\" class=\"yoast-schema-graph\">{\"@context\":\"https:\\\/\\\/schema.org\",\"@graph\":[{\"@type\":\"WebPage\",\"@id\":\"https:\\\/\\\/ecosupplements.ch\\\/?product=saccharomyces-boulardii-120-vcaps\",\"url\":\"https:\\\/\\\/ecosupplements.ch\\\/?product=saccharomyces-boulardii-120-vcaps\",\"name\":\"Saccharomyces Boulardii 120 Veg Kapseln \u2013 NOW Foods | ecosupplements.ch\",\"isPartOf\":{\"@id\":\"https:\\\/\\\/ecosupplements.ch\\\/#website\"},\"primaryImageOfPage\":{\"@id\":\"https:\\\/\\\/ecosupplements.ch\\\/?product=saccharomyces-boulardii-120-vcaps#primaryimage\"},\"image\":{\"@id\":\"https:\\\/\\\/ecosupplements.ch\\\/?product=saccharomyces-boulardii-120-vcaps#primaryimage\"},\"thumbnailUrl\":\"https:\\\/\\\/ecosupplements.ch\\\/wp-content\\\/uploads\\\/2026\\\/05\\\/Saccharomyces-Boulardii-120-vcaps.webp\",\"datePublished\":\"2026-05-11T15:04:26+00:00\",\"dateModified\":\"2026-05-13T07:23:24+00:00\",\"description\":\"NOW Foods Saccharomyces Boulardii mit 5 Mrd. KBE pro Portion \u2013 120 vegane Kapseln f\u00fcr eine gesunde Darmflora. Jetzt bestellen.\",\"breadcrumb\":{\"@id\":\"https:\\\/\\\/ecosupplements.ch\\\/?product=saccharomyces-boulardii-120-vcaps#breadcrumb\"},\"inLanguage\":\"de-CH\",\"potentialAction\":[{\"@type\":\"ReadAction\",\"target\":[\"https:\\\/\\\/ecosupplements.ch\\\/?product=saccharomyces-boulardii-120-vcaps\"]}]},{\"@type\":\"ImageObject\",\"inLanguage\":\"de-CH\",\"@id\":\"https:\\\/\\\/ecosupplements.ch\\\/?product=saccharomyces-boulardii-120-vcaps#primaryimage\",\"url\":\"https:\\\/\\\/ecosupplements.ch\\\/wp-content\\\/uploads\\\/2026\\\/05\\\/Saccharomyces-Boulardii-120-vcaps.webp\",\"contentUrl\":\"https:\\\/\\\/ecosupplements.ch\\\/wp-content\\\/uploads\\\/2026\\\/05\\\/Saccharomyces-Boulardii-120-vcaps.webp\",\"width\":1000,\"height\":1000,\"caption\":\"Saccharomyces Boulardii - 120 vcaps\"},{\"@type\":\"BreadcrumbList\",\"@id\":\"https:\\\/\\\/ecosupplements.ch\\\/?product=saccharomyces-boulardii-120-vcaps#breadcrumb\",\"itemListElement\":[{\"@type\":\"ListItem\",\"position\":1,\"name\":\"Home\",\"item\":\"https:\\\/\\\/ecosupplements.ch\\\/\"},{\"@type\":\"ListItem\",\"position\":2,\"name\":\"Shop\",\"item\":\"https:\\\/\\\/ecosupplements.ch\\\/?page_id=14\"},{\"@type\":\"ListItem\",\"position\":3,\"name\":\"Saccharomyces Boulardii &#8211; 120 vcaps\"}]},{\"@type\":\"WebSite\",\"@id\":\"https:\\\/\\\/ecosupplements.ch\\\/#website\",\"url\":\"https:\\\/\\\/ecosupplements.ch\\\/\",\"name\":\"Eco Supplements\",\"description\":\"\",\"potentialAction\":[{\"@type\":\"SearchAction\",\"target\":{\"@type\":\"EntryPoint\",\"urlTemplate\":\"https:\\\/\\\/ecosupplements.ch\\\/?s={search_term_string}\"},\"query-input\":{\"@type\":\"PropertyValueSpecification\",\"valueRequired\":true,\"valueName\":\"search_term_string\"}}],\"inLanguage\":\"de-CH\"}]}<\/script>\n<meta property=\"product:price:amount\" content=\"34.37\" \/>\n<meta property=\"product:price:currency\" content=\"CHF\" \/>\n<meta property=\"og:availability\" content=\"out of stock\" \/>\n<meta property=\"product:availability\" content=\"out of stock\" \/>\n<meta property=\"product:retailer_item_id\" content=\"733739029522\" \/>\n<meta property=\"product:condition\" content=\"new\" \/>\n<!-- \/ Yoast SEO plugin. -->","yoast_head_json":{"title":"Saccharomyces Boulardii 120 Veg Kapseln \u2013 NOW Foods | ecosupplements.ch","description":"NOW Foods Saccharomyces Boulardii mit 5 Mrd. KBE pro Portion \u2013 120 vegane Kapseln f\u00fcr eine gesunde Darmflora. Jetzt bestellen.","robots":{"index":"index","follow":"follow","max-snippet":"max-snippet:-1","max-image-preview":"max-image-preview:large","max-video-preview":"max-video-preview:-1"},"canonical":"https:\/\/ecosupplements.ch\/?product=saccharomyces-boulardii-120-vcaps","og_locale":"de_DE","og_type":"article","og_title":"Saccharomyces Boulardii 120 Veg Kapseln \u2013 NOW Foods | ecosupplements.ch","og_description":"NOW Foods Saccharomyces Boulardii mit 5 Mrd. KBE pro Portion \u2013 120 vegane Kapseln f\u00fcr eine gesunde Darmflora. Jetzt bestellen.","og_url":"https:\/\/ecosupplements.ch\/?product=saccharomyces-boulardii-120-vcaps","og_site_name":"Eco Supplements","article_modified_time":"2026-05-13T07:23:24+00:00","og_image":[{"width":1000,"height":1000,"url":"https:\/\/ecosupplements.ch\/wp-content\/uploads\/2026\/05\/Saccharomyces-Boulardii-120-vcaps.webp","type":"image\/jpeg"}],"twitter_card":"summary_large_image","twitter_misc":{"Price":"&#67;&#72;&#70;&nbsp;34.37","Availability":"Out of stock"},"schema":{"@context":"https:\/\/schema.org","@graph":[{"@type":"WebPage","@id":"https:\/\/ecosupplements.ch\/?product=saccharomyces-boulardii-120-vcaps","url":"https:\/\/ecosupplements.ch\/?product=saccharomyces-boulardii-120-vcaps","name":"Saccharomyces Boulardii 120 Veg Kapseln \u2013 NOW Foods | ecosupplements.ch","isPartOf":{"@id":"https:\/\/ecosupplements.ch\/#website"},"primaryImageOfPage":{"@id":"https:\/\/ecosupplements.ch\/?product=saccharomyces-boulardii-120-vcaps#primaryimage"},"image":{"@id":"https:\/\/ecosupplements.ch\/?product=saccharomyces-boulardii-120-vcaps#primaryimage"},"thumbnailUrl":"https:\/\/ecosupplements.ch\/wp-content\/uploads\/2026\/05\/Saccharomyces-Boulardii-120-vcaps.webp","datePublished":"2026-05-11T15:04:26+00:00","dateModified":"2026-05-13T07:23:24+00:00","description":"NOW Foods Saccharomyces Boulardii mit 5 Mrd. KBE pro Portion \u2013 120 vegane Kapseln f\u00fcr eine gesunde Darmflora. Jetzt bestellen.","breadcrumb":{"@id":"https:\/\/ecosupplements.ch\/?product=saccharomyces-boulardii-120-vcaps#breadcrumb"},"inLanguage":"de-CH","potentialAction":[{"@type":"ReadAction","target":["https:\/\/ecosupplements.ch\/?product=saccharomyces-boulardii-120-vcaps"]}]},{"@type":"ImageObject","inLanguage":"de-CH","@id":"https:\/\/ecosupplements.ch\/?product=saccharomyces-boulardii-120-vcaps#primaryimage","url":"https:\/\/ecosupplements.ch\/wp-content\/uploads\/2026\/05\/Saccharomyces-Boulardii-120-vcaps.webp","contentUrl":"https:\/\/ecosupplements.ch\/wp-content\/uploads\/2026\/05\/Saccharomyces-Boulardii-120-vcaps.webp","width":1000,"height":1000,"caption":"Saccharomyces Boulardii - 120 vcaps"},{"@type":"BreadcrumbList","@id":"https:\/\/ecosupplements.ch\/?product=saccharomyces-boulardii-120-vcaps#breadcrumb","itemListElement":[{"@type":"ListItem","position":1,"name":"Home","item":"https:\/\/ecosupplements.ch\/"},{"@type":"ListItem","position":2,"name":"Shop","item":"https:\/\/ecosupplements.ch\/?page_id=14"},{"@type":"ListItem","position":3,"name":"Saccharomyces Boulardii &#8211; 120 vcaps"}]},{"@type":"WebSite","@id":"https:\/\/ecosupplements.ch\/#website","url":"https:\/\/ecosupplements.ch\/","name":"Eco Supplements","description":"","potentialAction":[{"@type":"SearchAction","target":{"@type":"EntryPoint","urlTemplate":"https:\/\/ecosupplements.ch\/?s={search_term_string}"},"query-input":{"@type":"PropertyValueSpecification","valueRequired":true,"valueName":"search_term_string"}}],"inLanguage":"de-CH"}]},"product_price_amount":"34.37","product_price_currency":"CHF","og_availability":"out of stock","product_availability":"out of stock","product_retailer_item_id":"733739029522","product_condition":"new"},"_links":{"self":[{"href":"https:\/\/ecosupplements.ch\/index.php?rest_route=\/wp\/v2\/product\/5165","targetHints":{"allow":["GET"]}}],"collection":[{"href":"https:\/\/ecosupplements.ch\/index.php?rest_route=\/wp\/v2\/product"}],"about":[{"href":"https:\/\/ecosupplements.ch\/index.php?rest_route=\/wp\/v2\/types\/product"}],"replies":[{"embeddable":true,"href":"https:\/\/ecosupplements.ch\/index.php?rest_route=%2Fwp%2Fv2%2Fcomments&post=5165"}],"wp:featuredmedia":[{"embeddable":true,"href":"https:\/\/ecosupplements.ch\/index.php?rest_route=\/wp\/v2\/media\/5166"}],"wp:attachment":[{"href":"https:\/\/ecosupplements.ch\/index.php?rest_route=%2Fwp%2Fv2%2Fmedia&parent=5165"}],"wp:term":[{"taxonomy":"product_brand","embeddable":true,"href":"https:\/\/ecosupplements.ch\/index.php?rest_route=%2Fwp%2Fv2%2Fproduct_brand&post=5165"},{"taxonomy":"product_cat","embeddable":true,"href":"https:\/\/ecosupplements.ch\/index.php?rest_route=%2Fwp%2Fv2%2Fproduct_cat&post=5165"},{"taxonomy":"product_tag","embeddable":true,"href":"https:\/\/ecosupplements.ch\/index.php?rest_route=%2Fwp%2Fv2%2Fproduct_tag&post=5165"}],"curies":[{"name":"wp","href":"https:\/\/api.w.org\/{rel}","templated":true}]}}