{"id":5213,"date":"2026-05-11T15:04:50","date_gmt":"2026-05-11T15:04:50","guid":{"rendered":"https:\/\/ecosupplements.ch\/?product=sunflower-lecithin-1200mg-100-softgels"},"modified":"2026-05-13T07:23:27","modified_gmt":"2026-05-13T07:23:27","slug":"sunflower-lecithin-1200mg-100-softgels","status":"publish","type":"product","link":"https:\/\/ecosupplements.ch\/?product=sunflower-lecithin-1200mg-100-softgels","title":{"rendered":"Sunflower Lecithin, 1200mg &#8211; 100 softgels"},"content":{"rendered":"<div class=\"chcg-product-description\">\n<h2 class=\"chcg-heading\">\u00dcber NOW Foods \u2013 Sunflower Lecithin, 1200mg \u2013 100 Softgels<\/h2>\n<div class=\"chcg-intro\">\n<p>NOW Foods Sunflower Lecithin liefert pro Tagesdosis (2 Softgels) 2&#8217;400 mg hochwertiges Sonnenblumen-Lecithin, davon 360 mg Phosphatidylcholin. Lecithin ist ein nat\u00fcrlich vorkommendes Phospholipid, das in jeder K\u00f6rperzelle vorkommt und eine wichtige Rolle im normalen Fettstoffwechsel sowie in der Zellmembranstruktur spielt.<\/p>\n<p>Im Gegensatz zu herk\u00f6mmlichem Sojalecithin wird dieses Produkt vollst\u00e4ndig aus Sonnenblumen gewonnen \u2013 eine sojareiche Alternative, die sich besonders f\u00fcr Personen eignet, die Soja meiden m\u00f6chten. Die Softgels werden ohne Gentechnik hergestellt und enthalten organisches natives Oliven\u00f6l extra als Tr\u00e4gerstoff.<\/p>\n<p>NOW Foods steht seit Jahrzehnten f\u00fcr kompromisslose Qualit\u00e4t und produziert gem\u00e4ss GMP-Standards (Good Manufacturing Practice). Dieses Produkt eignet sich als erg\u00e4nzender Bestandteil einer ausgewogenen und abwechslungsreichen Ern\u00e4hrung.<\/p>\n<\/p><\/div>\n<div class=\"chcg-nutrition\">\n<h3>N\u00e4hrwertangaben<\/h3>\n<table class=\"chcg-nutrition-table\">\n<thead>\n<tr>\n<th>N\u00e4hrstoff<\/th>\n<th>Pro Portion (2 Softgels)<\/th>\n<\/tr>\n<\/thead>\n<tbody>\n<tr>\n<td>Kalorien<\/td>\n<td>25<\/td>\n<\/tr>\n<tr>\n<td>Gesamtfett<\/td>\n<td>2 g (3 % des Tagesbedarfs)<\/td>\n<\/tr>\n<tr>\n<td>\u2013 Mehrfach unges\u00e4ttigte Fetts\u00e4uren<\/td>\n<td>1 g *<\/td>\n<\/tr>\n<tr>\n<td>Sonnenblumen-Lecithin<\/td>\n<td>2&#8217;400 mg *<\/td>\n<\/tr>\n<tr>\n<td>\u2013 Phosphatidylcholin<\/td>\n<td>360 mg *<\/td>\n<\/tr>\n<\/tbody>\n<\/table>\n<p class=\"chcg-footnote\">* Kein festgelegter Tagesbedarf.<\/p>\n<p class=\"chcg-footnote\">** Die prozentualen Tageswerte basieren auf einer Ern\u00e4hrung mit 2&#8217;000 Kalorien pro Tag.<\/p>\n<\/p><\/div>\n<div class=\"chcg-ingredients\">\n<h3>Zutaten<\/h3>\n<p>Sonnenblumen-Lecithin 2&#8217;400 mg, Phosphatidylcholin 360 mg. Weitere Zutaten: Organisches natives Oliven\u00f6l extra.<\/p>\n<p class=\"chcg-capsule-shell\">Kapselh\u00fclle: Softgel-Kapsel [bovine Gelatine (BSE-frei), Glycerin, Wasser]\n<\/p><\/div>\n<div class=\"chcg-dosage\">\n<h3>Verzehrempfehlung<\/h3>\n<p>T\u00e4glich 2 Softgels zu einer Mahlzeit einnehmen.<\/p>\n<\/p><\/div>\n<div class=\"chcg-warnings\">\n<h3>Warnhinweise<\/h3>\n<p>Nur f\u00fcr Erwachsene. Bei Schwangerschaft oder Stillzeit, bei der Einnahme von Medikamenten oder bei bestehenden gesundheitlichen Beschwerden ist vor der Einnahme ein Arzt zu konsultieren. Ausserhalb der Reichweite von Kindern aufbewahren.<\/p>\n<\/p><\/div>\n<div class=\"chcg-allergens\">\n<h3>Allergeninformationen<\/h3>\n<p>Nicht hergestellt mit Hefe, Weizen, Gluten, Soja, Mais, Milch, Ei, Fisch, Schalentieren oder Sesam. Produziert in einem GMP-zertifizierten Betrieb, der auch andere Zutaten verarbeitet, die diese Allergene enthalten k\u00f6nnen.<\/p>\n<\/p><\/div>\n<div class=\"chcg-storage\">\n<h3>Lagerung<\/h3>\n<p>Nach dem \u00d6ffnen k\u00fchl und trocken lagern.<\/p>\n<\/p><\/div>\n<div class=\"chcg-dietary\">\n<h3>Ern\u00e4hrungshinweise<\/h3>\n<ul>\n<li>Glutenfrei<\/li>\n<li>Laktosefrei<\/li>\n<\/ul><\/div>\n<\/div>\n","protected":false},"excerpt":{"rendered":"<p>NOW Foods Sunflower Lecithin liefert 2&#8217;400 mg Sonnenblumen-Lecithin pro Tagesdosis, davon 360 mg Phosphatidylcholin. Sojafrei, glutenfrei und laktosefrei. 100 Softgels pro Packung.<\/p>\n","protected":false},"featured_media":5214,"comment_status":"closed","ping_status":"open","template":"","meta":[],"product_brand":[454],"product_cat":[48,133,25,44,22,21],"product_tag":[],"class_list":{"0":"post-5213","1":"product","2":"type-product","3":"status-publish","4":"has-post-thumbnail","6":"product_brand-nownow-foods","7":"product_cat-gesunde-ernaehrung","8":"product_cat-gesunde-lebensmittel","9":"product_cat-gesundheit-und-wohlbefinden","10":"product_cat-pflanzliche-nahrungsergaenzungsmittel","11":"product_cat-vegane-produkte","12":"product_cat-vitamine-und-mineralstoffe","14":"first","15":"outofstock","16":"taxable","17":"shipping-taxable","18":"purchasable","19":"product-type-simple"},"yoast_head":"<!-- This site is optimized with the Yoast SEO plugin v27.5 - https:\/\/yoast.com\/product\/yoast-seo-wordpress\/ -->\n<title>Sunflower Lecithin 1200mg \u2013 NOW Foods | ecosupplements.ch<\/title>\n<meta name=\"description\" content=\"NOW Foods Sunflower Lecithin mit 2&#039;400 mg pro Tagesdosis \u2013 sojafrei, glutenfrei, 100 Softgels. Jetzt bestellen.\" \/>\n<meta name=\"robots\" content=\"index, follow, max-snippet:-1, max-image-preview:large, max-video-preview:-1\" \/>\n<link rel=\"canonical\" href=\"https:\/\/ecosupplements.ch\/?product=sunflower-lecithin-1200mg-100-softgels\" \/>\n<meta property=\"og:locale\" content=\"de_DE\" \/>\n<meta property=\"og:type\" content=\"article\" \/>\n<meta property=\"og:title\" content=\"Sunflower Lecithin 1200mg \u2013 NOW Foods | ecosupplements.ch\" \/>\n<meta property=\"og:description\" content=\"NOW Foods Sunflower Lecithin mit 2&#039;400 mg pro Tagesdosis \u2013 sojafrei, glutenfrei, 100 Softgels. Jetzt bestellen.\" \/>\n<meta property=\"og:url\" content=\"https:\/\/ecosupplements.ch\/?product=sunflower-lecithin-1200mg-100-softgels\" \/>\n<meta property=\"og:site_name\" content=\"Eco Supplements\" \/>\n<meta property=\"article:modified_time\" content=\"2026-05-13T07:23:27+00:00\" \/>\n<meta property=\"og:image\" content=\"https:\/\/ecosupplements.ch\/wp-content\/uploads\/2026\/05\/Sunflower-Lecithin-1200mg-100-softgels.webp\" \/>\n\t<meta property=\"og:image:width\" content=\"1000\" \/>\n\t<meta property=\"og:image:height\" content=\"1000\" \/>\n\t<meta property=\"og:image:type\" content=\"image\/jpeg\" \/>\n<meta name=\"twitter:card\" content=\"summary_large_image\" \/>\n<meta name=\"twitter:label1\" content=\"Price\" \/>\n\t<meta name=\"twitter:data1\" content=\"&#067;&#072;&#070;&nbsp;15.60\" \/>\n\t<meta name=\"twitter:label2\" content=\"Availability\" \/>\n\t<meta name=\"twitter:data2\" content=\"Out of stock\" \/>\n<script type=\"application\/ld+json\" class=\"yoast-schema-graph\">{\"@context\":\"https:\\\/\\\/schema.org\",\"@graph\":[{\"@type\":\"WebPage\",\"@id\":\"https:\\\/\\\/ecosupplements.ch\\\/?product=sunflower-lecithin-1200mg-100-softgels\",\"url\":\"https:\\\/\\\/ecosupplements.ch\\\/?product=sunflower-lecithin-1200mg-100-softgels\",\"name\":\"Sunflower Lecithin 1200mg \u2013 NOW Foods | ecosupplements.ch\",\"isPartOf\":{\"@id\":\"https:\\\/\\\/ecosupplements.ch\\\/#website\"},\"primaryImageOfPage\":{\"@id\":\"https:\\\/\\\/ecosupplements.ch\\\/?product=sunflower-lecithin-1200mg-100-softgels#primaryimage\"},\"image\":{\"@id\":\"https:\\\/\\\/ecosupplements.ch\\\/?product=sunflower-lecithin-1200mg-100-softgels#primaryimage\"},\"thumbnailUrl\":\"https:\\\/\\\/ecosupplements.ch\\\/wp-content\\\/uploads\\\/2026\\\/05\\\/Sunflower-Lecithin-1200mg-100-softgels.webp\",\"datePublished\":\"2026-05-11T15:04:50+00:00\",\"dateModified\":\"2026-05-13T07:23:27+00:00\",\"description\":\"NOW Foods Sunflower Lecithin mit 2'400 mg pro Tagesdosis \u2013 sojafrei, glutenfrei, 100 Softgels. Jetzt bestellen.\",\"breadcrumb\":{\"@id\":\"https:\\\/\\\/ecosupplements.ch\\\/?product=sunflower-lecithin-1200mg-100-softgels#breadcrumb\"},\"inLanguage\":\"de-CH\",\"potentialAction\":[{\"@type\":\"ReadAction\",\"target\":[\"https:\\\/\\\/ecosupplements.ch\\\/?product=sunflower-lecithin-1200mg-100-softgels\"]}]},{\"@type\":\"ImageObject\",\"inLanguage\":\"de-CH\",\"@id\":\"https:\\\/\\\/ecosupplements.ch\\\/?product=sunflower-lecithin-1200mg-100-softgels#primaryimage\",\"url\":\"https:\\\/\\\/ecosupplements.ch\\\/wp-content\\\/uploads\\\/2026\\\/05\\\/Sunflower-Lecithin-1200mg-100-softgels.webp\",\"contentUrl\":\"https:\\\/\\\/ecosupplements.ch\\\/wp-content\\\/uploads\\\/2026\\\/05\\\/Sunflower-Lecithin-1200mg-100-softgels.webp\",\"width\":1000,\"height\":1000,\"caption\":\"Sunflower Lecithin\"},{\"@type\":\"BreadcrumbList\",\"@id\":\"https:\\\/\\\/ecosupplements.ch\\\/?product=sunflower-lecithin-1200mg-100-softgels#breadcrumb\",\"itemListElement\":[{\"@type\":\"ListItem\",\"position\":1,\"name\":\"Home\",\"item\":\"https:\\\/\\\/ecosupplements.ch\\\/\"},{\"@type\":\"ListItem\",\"position\":2,\"name\":\"Shop\",\"item\":\"https:\\\/\\\/ecosupplements.ch\\\/?page_id=14\"},{\"@type\":\"ListItem\",\"position\":3,\"name\":\"Sunflower Lecithin, 1200mg &#8211; 100 softgels\"}]},{\"@type\":\"WebSite\",\"@id\":\"https:\\\/\\\/ecosupplements.ch\\\/#website\",\"url\":\"https:\\\/\\\/ecosupplements.ch\\\/\",\"name\":\"Eco Supplements\",\"description\":\"\",\"potentialAction\":[{\"@type\":\"SearchAction\",\"target\":{\"@type\":\"EntryPoint\",\"urlTemplate\":\"https:\\\/\\\/ecosupplements.ch\\\/?s={search_term_string}\"},\"query-input\":{\"@type\":\"PropertyValueSpecification\",\"valueRequired\":true,\"valueName\":\"search_term_string\"}}],\"inLanguage\":\"de-CH\"}]}<\/script>\n<meta property=\"product:price:amount\" content=\"15.60\" \/>\n<meta property=\"product:price:currency\" content=\"CHF\" \/>\n<meta property=\"og:availability\" content=\"out of stock\" \/>\n<meta property=\"product:availability\" content=\"out of stock\" \/>\n<meta property=\"product:retailer_item_id\" content=\"733739023117\" \/>\n<meta property=\"product:condition\" content=\"new\" \/>\n<!-- \/ Yoast SEO plugin. -->","yoast_head_json":{"title":"Sunflower Lecithin 1200mg \u2013 NOW Foods | ecosupplements.ch","description":"NOW Foods Sunflower Lecithin mit 2'400 mg pro Tagesdosis \u2013 sojafrei, glutenfrei, 100 Softgels. Jetzt bestellen.","robots":{"index":"index","follow":"follow","max-snippet":"max-snippet:-1","max-image-preview":"max-image-preview:large","max-video-preview":"max-video-preview:-1"},"canonical":"https:\/\/ecosupplements.ch\/?product=sunflower-lecithin-1200mg-100-softgels","og_locale":"de_DE","og_type":"article","og_title":"Sunflower Lecithin 1200mg \u2013 NOW Foods | ecosupplements.ch","og_description":"NOW Foods Sunflower Lecithin mit 2'400 mg pro Tagesdosis \u2013 sojafrei, glutenfrei, 100 Softgels. Jetzt bestellen.","og_url":"https:\/\/ecosupplements.ch\/?product=sunflower-lecithin-1200mg-100-softgels","og_site_name":"Eco Supplements","article_modified_time":"2026-05-13T07:23:27+00:00","og_image":[{"width":1000,"height":1000,"url":"https:\/\/ecosupplements.ch\/wp-content\/uploads\/2026\/05\/Sunflower-Lecithin-1200mg-100-softgels.webp","type":"image\/jpeg"}],"twitter_card":"summary_large_image","twitter_misc":{"Price":"&#67;&#72;&#70;&nbsp;15.60","Availability":"Out of stock"},"schema":{"@context":"https:\/\/schema.org","@graph":[{"@type":"WebPage","@id":"https:\/\/ecosupplements.ch\/?product=sunflower-lecithin-1200mg-100-softgels","url":"https:\/\/ecosupplements.ch\/?product=sunflower-lecithin-1200mg-100-softgels","name":"Sunflower Lecithin 1200mg \u2013 NOW Foods | ecosupplements.ch","isPartOf":{"@id":"https:\/\/ecosupplements.ch\/#website"},"primaryImageOfPage":{"@id":"https:\/\/ecosupplements.ch\/?product=sunflower-lecithin-1200mg-100-softgels#primaryimage"},"image":{"@id":"https:\/\/ecosupplements.ch\/?product=sunflower-lecithin-1200mg-100-softgels#primaryimage"},"thumbnailUrl":"https:\/\/ecosupplements.ch\/wp-content\/uploads\/2026\/05\/Sunflower-Lecithin-1200mg-100-softgels.webp","datePublished":"2026-05-11T15:04:50+00:00","dateModified":"2026-05-13T07:23:27+00:00","description":"NOW Foods Sunflower Lecithin mit 2'400 mg pro Tagesdosis \u2013 sojafrei, glutenfrei, 100 Softgels. Jetzt bestellen.","breadcrumb":{"@id":"https:\/\/ecosupplements.ch\/?product=sunflower-lecithin-1200mg-100-softgels#breadcrumb"},"inLanguage":"de-CH","potentialAction":[{"@type":"ReadAction","target":["https:\/\/ecosupplements.ch\/?product=sunflower-lecithin-1200mg-100-softgels"]}]},{"@type":"ImageObject","inLanguage":"de-CH","@id":"https:\/\/ecosupplements.ch\/?product=sunflower-lecithin-1200mg-100-softgels#primaryimage","url":"https:\/\/ecosupplements.ch\/wp-content\/uploads\/2026\/05\/Sunflower-Lecithin-1200mg-100-softgels.webp","contentUrl":"https:\/\/ecosupplements.ch\/wp-content\/uploads\/2026\/05\/Sunflower-Lecithin-1200mg-100-softgels.webp","width":1000,"height":1000,"caption":"Sunflower Lecithin"},{"@type":"BreadcrumbList","@id":"https:\/\/ecosupplements.ch\/?product=sunflower-lecithin-1200mg-100-softgels#breadcrumb","itemListElement":[{"@type":"ListItem","position":1,"name":"Home","item":"https:\/\/ecosupplements.ch\/"},{"@type":"ListItem","position":2,"name":"Shop","item":"https:\/\/ecosupplements.ch\/?page_id=14"},{"@type":"ListItem","position":3,"name":"Sunflower Lecithin, 1200mg &#8211; 100 softgels"}]},{"@type":"WebSite","@id":"https:\/\/ecosupplements.ch\/#website","url":"https:\/\/ecosupplements.ch\/","name":"Eco Supplements","description":"","potentialAction":[{"@type":"SearchAction","target":{"@type":"EntryPoint","urlTemplate":"https:\/\/ecosupplements.ch\/?s={search_term_string}"},"query-input":{"@type":"PropertyValueSpecification","valueRequired":true,"valueName":"search_term_string"}}],"inLanguage":"de-CH"}]},"product_price_amount":"15.60","product_price_currency":"CHF","og_availability":"out of stock","product_availability":"out of stock","product_retailer_item_id":"733739023117","product_condition":"new"},"_links":{"self":[{"href":"https:\/\/ecosupplements.ch\/index.php?rest_route=\/wp\/v2\/product\/5213","targetHints":{"allow":["GET"]}}],"collection":[{"href":"https:\/\/ecosupplements.ch\/index.php?rest_route=\/wp\/v2\/product"}],"about":[{"href":"https:\/\/ecosupplements.ch\/index.php?rest_route=\/wp\/v2\/types\/product"}],"replies":[{"embeddable":true,"href":"https:\/\/ecosupplements.ch\/index.php?rest_route=%2Fwp%2Fv2%2Fcomments&post=5213"}],"wp:featuredmedia":[{"embeddable":true,"href":"https:\/\/ecosupplements.ch\/index.php?rest_route=\/wp\/v2\/media\/5214"}],"wp:attachment":[{"href":"https:\/\/ecosupplements.ch\/index.php?rest_route=%2Fwp%2Fv2%2Fmedia&parent=5213"}],"wp:term":[{"taxonomy":"product_brand","embeddable":true,"href":"https:\/\/ecosupplements.ch\/index.php?rest_route=%2Fwp%2Fv2%2Fproduct_brand&post=5213"},{"taxonomy":"product_cat","embeddable":true,"href":"https:\/\/ecosupplements.ch\/index.php?rest_route=%2Fwp%2Fv2%2Fproduct_cat&post=5213"},{"taxonomy":"product_tag","embeddable":true,"href":"https:\/\/ecosupplements.ch\/index.php?rest_route=%2Fwp%2Fv2%2Fproduct_tag&post=5213"}],"curies":[{"name":"wp","href":"https:\/\/api.w.org\/{rel}","templated":true}]}}