{"id":5261,"date":"2026-05-11T15:05:14","date_gmt":"2026-05-11T15:05:14","guid":{"rendered":"https:\/\/ecosupplements.ch\/?product=turmeric-curcumin-with-bioperine-90-vcaps"},"modified":"2026-05-13T07:25:42","modified_gmt":"2026-05-13T07:25:42","slug":"turmeric-curcumin-with-bioperine-90-vcaps","status":"publish","type":"product","link":"https:\/\/ecosupplements.ch\/?product=turmeric-curcumin-with-bioperine-90-vcaps","title":{"rendered":"Turmeric Curcumin with BioPerine &#8211; 90 vcaps"},"content":{"rendered":"<div class=\"chcg-product-description\">\n<h2 class=\"chcg-heading\">\u00dcber NOW Foods \u2013 Turmeric Curcumin mit BioPerine \u2013 90 Vcaps<\/h2>\n<div class=\"chcg-intro\">\n<p>NOW Foods Turmeric Curcumin mit BioPerine liefert einen hochwertigen Kurkuma-Wurzelextrakt (<em>Curcuma longa<\/em>), standardisiert auf mindestens 95 % Curcuminoide. Jede vegetarische Kapsel enth\u00e4lt 658 mg Kurkuma-Wurzelextrakt \u2013 davon 625 mg aktive Curcuminoide, darunter Curcumin, Demethoxycurcumin und Bisdemethoxycurcumin \u2013 in konzentrierter, gut dosierbarer Form.<\/p>\n<p>Erg\u00e4nzt wird die Formel durch 5 mg schwarzen Pfefferfr\u00fcchteextrakt als BioPerine\u00ae \u2013 ein patentiertes Piperin-Extrakt, das f\u00fcr seine Rolle bei der Unterst\u00fctzung der Bioverf\u00fcgbarkeit von N\u00e4hrstoffen bekannt ist. Die Kombination aus Curcumin und BioPerine\u00ae ist ein bew\u00e4hrter Ansatz in hochwertigen Curcumin-Pr\u00e4paraten.<\/p>\n<p>Das Produkt ist vegan, glutenfrei und in vegetarischen Zellulose-Kapseln abgef\u00fcllt. Es wird in einer GMP-zertifizierten Produktionsst\u00e4tte hergestellt und eignet sich f\u00fcr Erwachsene, die ihre t\u00e4gliche Ern\u00e4hrung gezielt erg\u00e4nzen m\u00f6chten.<\/p>\n<\/p><\/div>\n<div class=\"chcg-nutrition\">\n<h3>N\u00e4hrwertangaben<\/h3>\n<table class=\"chcg-nutrition-table\">\n<thead>\n<tr>\n<th>N\u00e4hrstoff<\/th>\n<th>Pro Portion (1 Veg-Kapsel)<\/th>\n<\/tr>\n<\/thead>\n<tbody>\n<tr>\n<td>Kurkuma-Wurzelextrakt (<em>Curcuma longa<\/em>) [standardisiert auf mind. 95 % Curcuminoide (inkl. Curcumin, Demethoxycurcumin und Bisdemethoxycurcumin)]<\/td>\n<td>658 mg*<\/td>\n<\/tr>\n<tr>\n<td>\u2013 davon Curcuminoide<\/td>\n<td>625 mg*<\/td>\n<\/tr>\n<tr>\n<td>Schwarzer Pfefferfr\u00fcchteextrakt (BioPerine\u00ae)<\/td>\n<td>5 mg*<\/td>\n<\/tr>\n<\/tbody>\n<\/table>\n<p class=\"chcg-footnote\">* Kein etablierter Tagesreferenzwert vorhanden.<\/p>\n<\/p><\/div>\n<div class=\"chcg-ingredients\">\n<h3>Zutaten<\/h3>\n<p>Kurkuma-Wurzelextrakt (<em>Curcuma longa<\/em>) [standardisiert auf mind. 95 % Curcuminoide (625 mg) (inkl. Curcumin, Demethoxycurcumin und Bisdemethoxycurcumin)] 658 mg, Schwarzer Pfefferfr\u00fcchteextrakt (BioPerine\u00ae) 5 mg. Weitere Zutaten: Hypromellose (Zellulose-Kapsel), Calciumlaurat und Siliziumdioxid.<\/p>\n<p class=\"chcg-capsule-shell\">Kapselh\u00fclle: Hypromellose (Zellulose-Kapsel)<\/p>\n<\/p><\/div>\n<div class=\"chcg-dosage\">\n<h3>Verzehrempfehlung<\/h3>\n<p>1 Kapsel 1 bis 2 Mal t\u00e4glich zu einer Mahlzeit einnehmen.<\/p>\n<\/p><\/div>\n<div class=\"chcg-warnings\">\n<h3>Warnhinweise<\/h3>\n<p>Nur f\u00fcr Erwachsene. Vor der Einnahme einen Arzt konsultieren, wenn Sie schwanger sind oder stillen, Medikamente einnehmen (insbesondere Antikoagulanzien oder thrombozytenaggregationshemmende Mittel), an einer Erkrankung leiden oder eine Vorgeschichte von Leber-, Gallenblase- oder Magen-Darm-Problemen haben. Ausserhalb der Reichweite von Kindern aufbewahren. Nat\u00fcrliche Farbvariationen des Produkts sind m\u00f6glich.<\/p>\n<\/p><\/div>\n<div class=\"chcg-allergens\">\n<h3>Allergeninformationen<\/h3>\n<p>Nicht hergestellt mit Hefe, Weizen, Gluten, Soja, Milch, Ei, Fisch, Schalentieren, Baumn\u00fcssen oder Sesam. Hergestellt in einer GMP-Produktionsst\u00e4tte, die andere Zutaten verarbeitet, welche diese Allergene enthalten k\u00f6nnen.<\/p>\n<\/p><\/div>\n<div class=\"chcg-storage\">\n<h3>Lagerung<\/h3>\n<p>Nach dem \u00d6ffnen k\u00fchl und trocken lagern.<\/p>\n<\/p><\/div>\n<div class=\"chcg-dietary\">\n<h3>Ern\u00e4hrungshinweise<\/h3>\n<ul>\n<li>Vegan<\/li>\n<li>Vegetarisch<\/li>\n<li>Glutenfrei<\/li>\n<li>Laktosefrei<\/li>\n<\/ul><\/div>\n<\/div>\n","protected":false},"excerpt":{"rendered":"<p>NOW Foods Turmeric Curcumin mit BioPerine\u00ae liefert 625 mg Curcuminoide pro Kapsel, erg\u00e4nzt mit Piperin f\u00fcr optimale Bioverf\u00fcgbarkeit. Vegan, glutenfrei \u2013 90 vegetarische Kapseln pro Packung.<\/p>\n","protected":false},"featured_media":5262,"comment_status":"closed","ping_status":"open","template":"","meta":[],"product_brand":[454],"product_cat":[48,25,117,22,21],"product_tag":[],"class_list":{"0":"post-5261","1":"product","2":"type-product","3":"status-publish","4":"has-post-thumbnail","6":"product_brand-nownow-foods","7":"product_cat-gesunde-ernaehrung","8":"product_cat-gesundheit-und-wohlbefinden","9":"product_cat-kurkuma","10":"product_cat-vegane-produkte","11":"product_cat-vitamine-und-mineralstoffe","13":"first","14":"outofstock","15":"taxable","16":"shipping-taxable","17":"purchasable","18":"product-type-simple"},"yoast_head":"<!-- This site is optimized with the Yoast SEO plugin v27.5 - https:\/\/yoast.com\/product\/yoast-seo-wordpress\/ -->\n<title>Turmeric Curcumin mit BioPerine 90 Vcaps \u2013 NOW Foods | ecosupplements.ch<\/title>\n<meta name=\"description\" content=\"NOW Foods Turmeric Curcumin mit BioPerine\u00ae \u2013 625 mg Curcuminoide pro Kapsel, vegan und glutenfrei, 90 Vcaps. Jetzt bestellen.\" \/>\n<meta name=\"robots\" content=\"index, follow, max-snippet:-1, max-image-preview:large, max-video-preview:-1\" \/>\n<link rel=\"canonical\" href=\"https:\/\/ecosupplements.ch\/?product=turmeric-curcumin-with-bioperine-90-vcaps\" \/>\n<meta property=\"og:locale\" content=\"de_DE\" \/>\n<meta property=\"og:type\" content=\"article\" \/>\n<meta property=\"og:title\" content=\"Turmeric Curcumin mit BioPerine 90 Vcaps \u2013 NOW Foods | ecosupplements.ch\" \/>\n<meta property=\"og:description\" content=\"NOW Foods Turmeric Curcumin mit BioPerine\u00ae \u2013 625 mg Curcuminoide pro Kapsel, vegan und glutenfrei, 90 Vcaps. Jetzt bestellen.\" \/>\n<meta property=\"og:url\" content=\"https:\/\/ecosupplements.ch\/?product=turmeric-curcumin-with-bioperine-90-vcaps\" \/>\n<meta property=\"og:site_name\" content=\"Eco Supplements\" \/>\n<meta property=\"article:modified_time\" content=\"2026-05-13T07:25:42+00:00\" \/>\n<meta property=\"og:image\" content=\"https:\/\/ecosupplements.ch\/wp-content\/uploads\/2026\/05\/Turmeric-Curcumin-with-BioPerine-90-vcaps.webp\" \/>\n\t<meta property=\"og:image:width\" content=\"1000\" \/>\n\t<meta property=\"og:image:height\" content=\"1000\" \/>\n\t<meta property=\"og:image:type\" content=\"image\/jpeg\" \/>\n<meta name=\"twitter:card\" content=\"summary_large_image\" \/>\n<meta name=\"twitter:label1\" content=\"Price\" \/>\n\t<meta name=\"twitter:data1\" content=\"&#067;&#072;&#070;&nbsp;34.02\" \/>\n\t<meta name=\"twitter:label2\" content=\"Availability\" \/>\n\t<meta name=\"twitter:data2\" content=\"Out of stock\" \/>\n<script type=\"application\/ld+json\" class=\"yoast-schema-graph\">{\"@context\":\"https:\\\/\\\/schema.org\",\"@graph\":[{\"@type\":\"WebPage\",\"@id\":\"https:\\\/\\\/ecosupplements.ch\\\/?product=turmeric-curcumin-with-bioperine-90-vcaps\",\"url\":\"https:\\\/\\\/ecosupplements.ch\\\/?product=turmeric-curcumin-with-bioperine-90-vcaps\",\"name\":\"Turmeric Curcumin mit BioPerine 90 Vcaps \u2013 NOW Foods | ecosupplements.ch\",\"isPartOf\":{\"@id\":\"https:\\\/\\\/ecosupplements.ch\\\/#website\"},\"primaryImageOfPage\":{\"@id\":\"https:\\\/\\\/ecosupplements.ch\\\/?product=turmeric-curcumin-with-bioperine-90-vcaps#primaryimage\"},\"image\":{\"@id\":\"https:\\\/\\\/ecosupplements.ch\\\/?product=turmeric-curcumin-with-bioperine-90-vcaps#primaryimage\"},\"thumbnailUrl\":\"https:\\\/\\\/ecosupplements.ch\\\/wp-content\\\/uploads\\\/2026\\\/05\\\/Turmeric-Curcumin-with-BioPerine-90-vcaps.webp\",\"datePublished\":\"2026-05-11T15:05:14+00:00\",\"dateModified\":\"2026-05-13T07:25:42+00:00\",\"description\":\"NOW Foods Turmeric Curcumin mit BioPerine\u00ae \u2013 625 mg Curcuminoide pro Kapsel, vegan und glutenfrei, 90 Vcaps. Jetzt bestellen.\",\"breadcrumb\":{\"@id\":\"https:\\\/\\\/ecosupplements.ch\\\/?product=turmeric-curcumin-with-bioperine-90-vcaps#breadcrumb\"},\"inLanguage\":\"de-CH\",\"potentialAction\":[{\"@type\":\"ReadAction\",\"target\":[\"https:\\\/\\\/ecosupplements.ch\\\/?product=turmeric-curcumin-with-bioperine-90-vcaps\"]}]},{\"@type\":\"ImageObject\",\"inLanguage\":\"de-CH\",\"@id\":\"https:\\\/\\\/ecosupplements.ch\\\/?product=turmeric-curcumin-with-bioperine-90-vcaps#primaryimage\",\"url\":\"https:\\\/\\\/ecosupplements.ch\\\/wp-content\\\/uploads\\\/2026\\\/05\\\/Turmeric-Curcumin-with-BioPerine-90-vcaps.webp\",\"contentUrl\":\"https:\\\/\\\/ecosupplements.ch\\\/wp-content\\\/uploads\\\/2026\\\/05\\\/Turmeric-Curcumin-with-BioPerine-90-vcaps.webp\",\"width\":1000,\"height\":1000,\"caption\":\"Turmeric Curcumin with BioPerine - 90 vcaps\"},{\"@type\":\"BreadcrumbList\",\"@id\":\"https:\\\/\\\/ecosupplements.ch\\\/?product=turmeric-curcumin-with-bioperine-90-vcaps#breadcrumb\",\"itemListElement\":[{\"@type\":\"ListItem\",\"position\":1,\"name\":\"Home\",\"item\":\"https:\\\/\\\/ecosupplements.ch\\\/\"},{\"@type\":\"ListItem\",\"position\":2,\"name\":\"Shop\",\"item\":\"https:\\\/\\\/ecosupplements.ch\\\/?page_id=14\"},{\"@type\":\"ListItem\",\"position\":3,\"name\":\"Turmeric Curcumin with BioPerine &#8211; 90 vcaps\"}]},{\"@type\":\"WebSite\",\"@id\":\"https:\\\/\\\/ecosupplements.ch\\\/#website\",\"url\":\"https:\\\/\\\/ecosupplements.ch\\\/\",\"name\":\"Eco Supplements\",\"description\":\"\",\"potentialAction\":[{\"@type\":\"SearchAction\",\"target\":{\"@type\":\"EntryPoint\",\"urlTemplate\":\"https:\\\/\\\/ecosupplements.ch\\\/?s={search_term_string}\"},\"query-input\":{\"@type\":\"PropertyValueSpecification\",\"valueRequired\":true,\"valueName\":\"search_term_string\"}}],\"inLanguage\":\"de-CH\"}]}<\/script>\n<meta property=\"product:price:amount\" content=\"34.02\" \/>\n<meta property=\"product:price:currency\" content=\"CHF\" \/>\n<meta property=\"og:availability\" content=\"out of stock\" \/>\n<meta property=\"product:availability\" content=\"out of stock\" \/>\n<meta property=\"product:retailer_item_id\" content=\"733739047922\" \/>\n<meta property=\"product:condition\" content=\"new\" \/>\n<!-- \/ Yoast SEO plugin. -->","yoast_head_json":{"title":"Turmeric Curcumin mit BioPerine 90 Vcaps \u2013 NOW Foods | ecosupplements.ch","description":"NOW Foods Turmeric Curcumin mit BioPerine\u00ae \u2013 625 mg Curcuminoide pro Kapsel, vegan und glutenfrei, 90 Vcaps. Jetzt bestellen.","robots":{"index":"index","follow":"follow","max-snippet":"max-snippet:-1","max-image-preview":"max-image-preview:large","max-video-preview":"max-video-preview:-1"},"canonical":"https:\/\/ecosupplements.ch\/?product=turmeric-curcumin-with-bioperine-90-vcaps","og_locale":"de_DE","og_type":"article","og_title":"Turmeric Curcumin mit BioPerine 90 Vcaps \u2013 NOW Foods | ecosupplements.ch","og_description":"NOW Foods Turmeric Curcumin mit BioPerine\u00ae \u2013 625 mg Curcuminoide pro Kapsel, vegan und glutenfrei, 90 Vcaps. Jetzt bestellen.","og_url":"https:\/\/ecosupplements.ch\/?product=turmeric-curcumin-with-bioperine-90-vcaps","og_site_name":"Eco Supplements","article_modified_time":"2026-05-13T07:25:42+00:00","og_image":[{"width":1000,"height":1000,"url":"https:\/\/ecosupplements.ch\/wp-content\/uploads\/2026\/05\/Turmeric-Curcumin-with-BioPerine-90-vcaps.webp","type":"image\/jpeg"}],"twitter_card":"summary_large_image","twitter_misc":{"Price":"&#67;&#72;&#70;&nbsp;34.02","Availability":"Out of stock"},"schema":{"@context":"https:\/\/schema.org","@graph":[{"@type":"WebPage","@id":"https:\/\/ecosupplements.ch\/?product=turmeric-curcumin-with-bioperine-90-vcaps","url":"https:\/\/ecosupplements.ch\/?product=turmeric-curcumin-with-bioperine-90-vcaps","name":"Turmeric Curcumin mit BioPerine 90 Vcaps \u2013 NOW Foods | ecosupplements.ch","isPartOf":{"@id":"https:\/\/ecosupplements.ch\/#website"},"primaryImageOfPage":{"@id":"https:\/\/ecosupplements.ch\/?product=turmeric-curcumin-with-bioperine-90-vcaps#primaryimage"},"image":{"@id":"https:\/\/ecosupplements.ch\/?product=turmeric-curcumin-with-bioperine-90-vcaps#primaryimage"},"thumbnailUrl":"https:\/\/ecosupplements.ch\/wp-content\/uploads\/2026\/05\/Turmeric-Curcumin-with-BioPerine-90-vcaps.webp","datePublished":"2026-05-11T15:05:14+00:00","dateModified":"2026-05-13T07:25:42+00:00","description":"NOW Foods Turmeric Curcumin mit BioPerine\u00ae \u2013 625 mg Curcuminoide pro Kapsel, vegan und glutenfrei, 90 Vcaps. Jetzt bestellen.","breadcrumb":{"@id":"https:\/\/ecosupplements.ch\/?product=turmeric-curcumin-with-bioperine-90-vcaps#breadcrumb"},"inLanguage":"de-CH","potentialAction":[{"@type":"ReadAction","target":["https:\/\/ecosupplements.ch\/?product=turmeric-curcumin-with-bioperine-90-vcaps"]}]},{"@type":"ImageObject","inLanguage":"de-CH","@id":"https:\/\/ecosupplements.ch\/?product=turmeric-curcumin-with-bioperine-90-vcaps#primaryimage","url":"https:\/\/ecosupplements.ch\/wp-content\/uploads\/2026\/05\/Turmeric-Curcumin-with-BioPerine-90-vcaps.webp","contentUrl":"https:\/\/ecosupplements.ch\/wp-content\/uploads\/2026\/05\/Turmeric-Curcumin-with-BioPerine-90-vcaps.webp","width":1000,"height":1000,"caption":"Turmeric Curcumin with BioPerine - 90 vcaps"},{"@type":"BreadcrumbList","@id":"https:\/\/ecosupplements.ch\/?product=turmeric-curcumin-with-bioperine-90-vcaps#breadcrumb","itemListElement":[{"@type":"ListItem","position":1,"name":"Home","item":"https:\/\/ecosupplements.ch\/"},{"@type":"ListItem","position":2,"name":"Shop","item":"https:\/\/ecosupplements.ch\/?page_id=14"},{"@type":"ListItem","position":3,"name":"Turmeric Curcumin with BioPerine &#8211; 90 vcaps"}]},{"@type":"WebSite","@id":"https:\/\/ecosupplements.ch\/#website","url":"https:\/\/ecosupplements.ch\/","name":"Eco Supplements","description":"","potentialAction":[{"@type":"SearchAction","target":{"@type":"EntryPoint","urlTemplate":"https:\/\/ecosupplements.ch\/?s={search_term_string}"},"query-input":{"@type":"PropertyValueSpecification","valueRequired":true,"valueName":"search_term_string"}}],"inLanguage":"de-CH"}]},"product_price_amount":"34.02","product_price_currency":"CHF","og_availability":"out of stock","product_availability":"out of stock","product_retailer_item_id":"733739047922","product_condition":"new"},"_links":{"self":[{"href":"https:\/\/ecosupplements.ch\/index.php?rest_route=\/wp\/v2\/product\/5261","targetHints":{"allow":["GET"]}}],"collection":[{"href":"https:\/\/ecosupplements.ch\/index.php?rest_route=\/wp\/v2\/product"}],"about":[{"href":"https:\/\/ecosupplements.ch\/index.php?rest_route=\/wp\/v2\/types\/product"}],"replies":[{"embeddable":true,"href":"https:\/\/ecosupplements.ch\/index.php?rest_route=%2Fwp%2Fv2%2Fcomments&post=5261"}],"wp:featuredmedia":[{"embeddable":true,"href":"https:\/\/ecosupplements.ch\/index.php?rest_route=\/wp\/v2\/media\/5262"}],"wp:attachment":[{"href":"https:\/\/ecosupplements.ch\/index.php?rest_route=%2Fwp%2Fv2%2Fmedia&parent=5261"}],"wp:term":[{"taxonomy":"product_brand","embeddable":true,"href":"https:\/\/ecosupplements.ch\/index.php?rest_route=%2Fwp%2Fv2%2Fproduct_brand&post=5261"},{"taxonomy":"product_cat","embeddable":true,"href":"https:\/\/ecosupplements.ch\/index.php?rest_route=%2Fwp%2Fv2%2Fproduct_cat&post=5261"},{"taxonomy":"product_tag","embeddable":true,"href":"https:\/\/ecosupplements.ch\/index.php?rest_route=%2Fwp%2Fv2%2Fproduct_tag&post=5261"}],"curies":[{"name":"wp","href":"https:\/\/api.w.org\/{rel}","templated":true}]}}