{"id":5267,"date":"2026-05-11T15:05:17","date_gmt":"2026-05-11T15:05:17","guid":{"rendered":"https:\/\/ecosupplements.ch\/?product=uc-ii-advanced-joint-relief-60-vcaps"},"modified":"2026-05-13T07:23:29","modified_gmt":"2026-05-13T07:23:29","slug":"uc-ii-advanced-joint-relief-60-vcaps","status":"publish","type":"product","link":"https:\/\/ecosupplements.ch\/?product=uc-ii-advanced-joint-relief-60-vcaps","title":{"rendered":"UC-II Advanced Joint Relief &#8211; 60 vcaps"},"content":{"rendered":"<div class=\"chcg-product-description\">\n<h2 class=\"chcg-heading\">\u00dcber NOW Foods \u2013 UC-II Advanced Joint Relief \u2013 60 Vkaps<\/h2>\n<div class=\"chcg-intro\">\n<p>UC-II Advanced Joint Relief von NOW Foods ist eine sorgf\u00e4ltig zusammengestellte Gelenkformel, die speziell entwickeltes UC-II\u00ae standardisiertes H\u00fchnerknorpel-Extrakt mit weiteren hochwertigen Zutaten kombiniert. UC-II\u00ae liefert undenatruierten Typ-II-Kollagen \u2013 eine Form, die durch ein schonenden Produktionsprozess in ihrer nat\u00fcrlichen Struktur erhalten bleibt. Jede vegetarische Kapsel enth\u00e4lt zudem Vitamin D-3, Hyalurons\u00e4ure, Aquamin TG sowie Bor f\u00fcr eine umfassende Unterst\u00fctzung des Bewegungsapparats.<\/p>\n<p>Vitamin D-3 (als Cholecalciferol) tr\u00e4gt zur Erhaltung normaler Knochen und einer normalen Muskelfunktion bei. Calcium, gewonnen aus dem marinen Mineralstoffkomplex Aquamin TG (aus der Meeresalge <em>Lithothamnium<\/em> spp.), unterst\u00fctzt die Erhaltung normaler Knochen. Die Formel wird durch Hyalurons\u00e4ure erg\u00e4nzt, die in Gelenken nat\u00fcrlicherweise vorkommt, sowie durch Bor in bioverf\u00fcgbarer Aminos\u00e4ure-Chelat-Form.<\/p>\n<p>NOW Foods steht seit Jahrzehnten f\u00fcr h\u00f6chste Qualit\u00e4tsstandards und GMP-zertifizierte Produktion. UC-II Advanced Joint Relief eignet sich f\u00fcr Erwachsene, die ihre Gelenkgesundheit und Beweglichkeit aktiv unterst\u00fctzen m\u00f6chten \u2013 einfach dosierbar mit einer einzigen Kapsel t\u00e4glich.<\/p>\n<\/p><\/div>\n<div class=\"chcg-nutrition\">\n<h3>N\u00e4hrwertangaben<\/h3>\n<table class=\"chcg-nutrition-table\">\n<thead>\n<tr>\n<th>N\u00e4hrstoff<\/th>\n<th>Pro Portion (1 Veg-Kapsel)<\/th>\n<\/tr>\n<\/thead>\n<tbody>\n<tr>\n<td>Vitamin D-3 (als Cholecalciferol)<\/td>\n<td>25 \u00b5g (1&#8217;000 IU) (500 % NRV)<\/td>\n<\/tr>\n<tr>\n<td>Calcium (aus Aquamin TG)<\/td>\n<td>15 mg (2 % NRV)<\/td>\n<\/tr>\n<tr>\n<td>UC-II Standardisierter H\u00fchnerknorpel (liefert 10 mg Gesamtkollagen, inkl. undenatruiertes Typ-II-Kollagen)<\/td>\n<td>40 mg *<\/td>\n<\/tr>\n<tr>\n<td>Aquamin TG (Mineralien aus Meeresalgen) (<em>Lithothamnium<\/em> spp.) (ganze Pflanze)<\/td>\n<td>50 mg *<\/td>\n<\/tr>\n<tr>\n<td>Hyalurons\u00e4ure (aus Natriumhyaluronat)<\/td>\n<td>25 mg *<\/td>\n<\/tr>\n<tr>\n<td>Bor (aus Bor-Aminos\u00e4ure-Chelat)<\/td>\n<td>3 mg *<\/td>\n<\/tr>\n<\/tbody>\n<\/table>\n<p class=\"chcg-footnote\">* Kein etablierter Tagesbedarf (NRV) festgelegt.<\/p>\n<p class=\"chcg-footnote\">NRV = N\u00e4hrstoffbezugswert (Nutrient Reference Value)<\/p>\n<\/p><\/div>\n<div class=\"chcg-ingredients\">\n<h3>Zutaten<\/h3>\n<p>Vitamin D-3 (als Cholecalciferol) 25 \u00b5g, Calcium (aus Aquamin TG) 15 mg, UC-II Standardisierter H\u00fchnerknorpel (liefert 10 mg Gesamtkollagen, inkl. undenatruiertes Typ-II-Kollagen) 40 mg, Aquamin TG (Mineralien aus Meeresalgen) (<em>Lithothamnium<\/em> spp.) (ganze Pflanze) 50 mg, Hyalurons\u00e4ure (aus Natriumhyaluronat) 25 mg, Bor (aus Bor-Aminos\u00e4ure-Chelat) 3 mg. Weitere Zutaten: Mikrokristalline Cellulose, Hypromellose (Cellulose-Kapsel), Stearins\u00e4ure (pflanzliche Herkunft) und Siliciumdioxid.<\/p>\n<p class=\"chcg-capsule-shell\">Kapselh\u00fclle: Hypromellose (Cellulose-Kapsel)<\/p>\n<\/p><\/div>\n<div class=\"chcg-dosage\">\n<h3>Verzehrempfehlung<\/h3>\n<p>T\u00e4glich 1 Kapsel zur Schlafenszeit auf n\u00fcchternen Magen einnehmen.<\/p>\n<\/p><\/div>\n<div class=\"chcg-warnings\">\n<h3>Warnhinweise<\/h3>\n<p>Nur f\u00fcr Erwachsene. Bei Schwangerschaft oder Stillzeit, bei Einnahme von Medikamenten oder bei bestehenden gesundheitlichen Beschwerden ist vor der Einnahme ein Arzt zu konsultieren. Ausserhalb der Reichweite von Kindern aufbewahren.<\/p>\n<\/p><\/div>\n<div class=\"chcg-allergens\">\n<h3>Allergeninformationen<\/h3>\n<p>Nicht hergestellt mit Hefe, Weizen, Gluten, Soja, Milch, Ei, Fisch oder Schalentieren als Zutat. Produziert in einer GMP-zertifizierten Anlage, die auch andere Zutaten verarbeitet, welche diese Allergene enthalten k\u00f6nnen.<\/p>\n<\/p><\/div>\n<div class=\"chcg-storage\">\n<h3>Lagerung<\/h3>\n<p>An einem k\u00fchlen, trockenen Ort aufbewahren.<\/p>\n<\/p><\/div>\n<\/div>\n","protected":false},"excerpt":{"rendered":"<p>UC-II Advanced Joint Relief von NOW Foods unterst\u00fctzt die Gelenkgesundheit mit UC-II\u00ae H\u00fchnerknorpel, Hyalurons\u00e4ure, Vitamin D-3 und Aquamin TG. 60 vegetarische Kapseln \u2013 1 Kapsel t\u00e4glich.<\/p>\n","protected":false},"featured_media":5268,"comment_status":"closed","ping_status":"open","template":"","meta":[],"product_brand":[454],"product_cat":[25,99],"product_tag":[],"class_list":{"0":"post-5267","1":"product","2":"type-product","3":"status-publish","4":"has-post-thumbnail","6":"product_brand-nownow-foods","7":"product_cat-gesundheit-und-wohlbefinden","8":"product_cat-unterstuetzung-fuer-die-gelenke","10":"first","11":"outofstock","12":"taxable","13":"shipping-taxable","14":"purchasable","15":"product-type-simple"},"yoast_head":"<!-- This site is optimized with the Yoast SEO plugin v27.5 - https:\/\/yoast.com\/product\/yoast-seo-wordpress\/ -->\n<title>UC-II Advanced Joint Relief \u2013 NOW Foods | ecosupplements.ch<\/title>\n<meta name=\"description\" content=\"UC-II Advanced Joint Relief von NOW Foods mit Typ-II-Kollagen, Vitamin D-3 und Hyalurons\u00e4ure \u2013 60 Veg-Kapseln f\u00fcr die t\u00e4gliche Gelenkunterst\u00fctzung. Jetzt bestellen.\" \/>\n<meta name=\"robots\" content=\"index, follow, max-snippet:-1, max-image-preview:large, max-video-preview:-1\" \/>\n<link rel=\"canonical\" href=\"https:\/\/ecosupplements.ch\/?product=uc-ii-advanced-joint-relief-60-vcaps\" \/>\n<meta property=\"og:locale\" content=\"de_DE\" \/>\n<meta property=\"og:type\" content=\"article\" \/>\n<meta property=\"og:title\" content=\"UC-II Advanced Joint Relief \u2013 NOW Foods | ecosupplements.ch\" \/>\n<meta property=\"og:description\" content=\"UC-II Advanced Joint Relief von NOW Foods mit Typ-II-Kollagen, Vitamin D-3 und Hyalurons\u00e4ure \u2013 60 Veg-Kapseln f\u00fcr die t\u00e4gliche Gelenkunterst\u00fctzung. Jetzt bestellen.\" \/>\n<meta property=\"og:url\" content=\"https:\/\/ecosupplements.ch\/?product=uc-ii-advanced-joint-relief-60-vcaps\" \/>\n<meta property=\"og:site_name\" content=\"Eco Supplements\" \/>\n<meta property=\"article:modified_time\" content=\"2026-05-13T07:23:29+00:00\" \/>\n<meta property=\"og:image\" content=\"https:\/\/ecosupplements.ch\/wp-content\/uploads\/2026\/05\/UC-II-Advanced-Joint-Relief-60-vcaps.webp\" \/>\n\t<meta property=\"og:image:width\" content=\"1000\" \/>\n\t<meta property=\"og:image:height\" content=\"1000\" \/>\n\t<meta property=\"og:image:type\" content=\"image\/jpeg\" \/>\n<meta name=\"twitter:card\" content=\"summary_large_image\" \/>\n<meta name=\"twitter:label1\" content=\"Price\" \/>\n\t<meta name=\"twitter:data1\" content=\"&#067;&#072;&#070;&nbsp;33.99\" \/>\n\t<meta name=\"twitter:label2\" content=\"Availability\" \/>\n\t<meta name=\"twitter:data2\" content=\"Out of stock\" \/>\n<script type=\"application\/ld+json\" class=\"yoast-schema-graph\">{\"@context\":\"https:\\\/\\\/schema.org\",\"@graph\":[{\"@type\":\"WebPage\",\"@id\":\"https:\\\/\\\/ecosupplements.ch\\\/?product=uc-ii-advanced-joint-relief-60-vcaps\",\"url\":\"https:\\\/\\\/ecosupplements.ch\\\/?product=uc-ii-advanced-joint-relief-60-vcaps\",\"name\":\"UC-II Advanced Joint Relief \u2013 NOW Foods | ecosupplements.ch\",\"isPartOf\":{\"@id\":\"https:\\\/\\\/ecosupplements.ch\\\/#website\"},\"primaryImageOfPage\":{\"@id\":\"https:\\\/\\\/ecosupplements.ch\\\/?product=uc-ii-advanced-joint-relief-60-vcaps#primaryimage\"},\"image\":{\"@id\":\"https:\\\/\\\/ecosupplements.ch\\\/?product=uc-ii-advanced-joint-relief-60-vcaps#primaryimage\"},\"thumbnailUrl\":\"https:\\\/\\\/ecosupplements.ch\\\/wp-content\\\/uploads\\\/2026\\\/05\\\/UC-II-Advanced-Joint-Relief-60-vcaps.webp\",\"datePublished\":\"2026-05-11T15:05:17+00:00\",\"dateModified\":\"2026-05-13T07:23:29+00:00\",\"description\":\"UC-II Advanced Joint Relief von NOW Foods mit Typ-II-Kollagen, Vitamin D-3 und Hyalurons\u00e4ure \u2013 60 Veg-Kapseln f\u00fcr die t\u00e4gliche Gelenkunterst\u00fctzung. Jetzt bestellen.\",\"breadcrumb\":{\"@id\":\"https:\\\/\\\/ecosupplements.ch\\\/?product=uc-ii-advanced-joint-relief-60-vcaps#breadcrumb\"},\"inLanguage\":\"de-CH\",\"potentialAction\":[{\"@type\":\"ReadAction\",\"target\":[\"https:\\\/\\\/ecosupplements.ch\\\/?product=uc-ii-advanced-joint-relief-60-vcaps\"]}]},{\"@type\":\"ImageObject\",\"inLanguage\":\"de-CH\",\"@id\":\"https:\\\/\\\/ecosupplements.ch\\\/?product=uc-ii-advanced-joint-relief-60-vcaps#primaryimage\",\"url\":\"https:\\\/\\\/ecosupplements.ch\\\/wp-content\\\/uploads\\\/2026\\\/05\\\/UC-II-Advanced-Joint-Relief-60-vcaps.webp\",\"contentUrl\":\"https:\\\/\\\/ecosupplements.ch\\\/wp-content\\\/uploads\\\/2026\\\/05\\\/UC-II-Advanced-Joint-Relief-60-vcaps.webp\",\"width\":1000,\"height\":1000,\"caption\":\"UC-II Advanced Joint Relief - 60 vcaps\"},{\"@type\":\"BreadcrumbList\",\"@id\":\"https:\\\/\\\/ecosupplements.ch\\\/?product=uc-ii-advanced-joint-relief-60-vcaps#breadcrumb\",\"itemListElement\":[{\"@type\":\"ListItem\",\"position\":1,\"name\":\"Home\",\"item\":\"https:\\\/\\\/ecosupplements.ch\\\/\"},{\"@type\":\"ListItem\",\"position\":2,\"name\":\"Shop\",\"item\":\"https:\\\/\\\/ecosupplements.ch\\\/?page_id=14\"},{\"@type\":\"ListItem\",\"position\":3,\"name\":\"UC-II Advanced Joint Relief &#8211; 60 vcaps\"}]},{\"@type\":\"WebSite\",\"@id\":\"https:\\\/\\\/ecosupplements.ch\\\/#website\",\"url\":\"https:\\\/\\\/ecosupplements.ch\\\/\",\"name\":\"Eco Supplements\",\"description\":\"\",\"potentialAction\":[{\"@type\":\"SearchAction\",\"target\":{\"@type\":\"EntryPoint\",\"urlTemplate\":\"https:\\\/\\\/ecosupplements.ch\\\/?s={search_term_string}\"},\"query-input\":{\"@type\":\"PropertyValueSpecification\",\"valueRequired\":true,\"valueName\":\"search_term_string\"}}],\"inLanguage\":\"de-CH\"}]}<\/script>\n<meta property=\"product:price:amount\" content=\"33.99\" \/>\n<meta property=\"product:price:currency\" content=\"CHF\" \/>\n<meta property=\"og:availability\" content=\"out of stock\" \/>\n<meta property=\"product:availability\" content=\"out of stock\" \/>\n<meta property=\"product:retailer_item_id\" content=\"733739031372\" \/>\n<meta property=\"product:condition\" content=\"new\" \/>\n<!-- \/ Yoast SEO plugin. -->","yoast_head_json":{"title":"UC-II Advanced Joint Relief \u2013 NOW Foods | ecosupplements.ch","description":"UC-II Advanced Joint Relief von NOW Foods mit Typ-II-Kollagen, Vitamin D-3 und Hyalurons\u00e4ure \u2013 60 Veg-Kapseln f\u00fcr die t\u00e4gliche Gelenkunterst\u00fctzung. Jetzt bestellen.","robots":{"index":"index","follow":"follow","max-snippet":"max-snippet:-1","max-image-preview":"max-image-preview:large","max-video-preview":"max-video-preview:-1"},"canonical":"https:\/\/ecosupplements.ch\/?product=uc-ii-advanced-joint-relief-60-vcaps","og_locale":"de_DE","og_type":"article","og_title":"UC-II Advanced Joint Relief \u2013 NOW Foods | ecosupplements.ch","og_description":"UC-II Advanced Joint Relief von NOW Foods mit Typ-II-Kollagen, Vitamin D-3 und Hyalurons\u00e4ure \u2013 60 Veg-Kapseln f\u00fcr die t\u00e4gliche Gelenkunterst\u00fctzung. Jetzt bestellen.","og_url":"https:\/\/ecosupplements.ch\/?product=uc-ii-advanced-joint-relief-60-vcaps","og_site_name":"Eco Supplements","article_modified_time":"2026-05-13T07:23:29+00:00","og_image":[{"width":1000,"height":1000,"url":"https:\/\/ecosupplements.ch\/wp-content\/uploads\/2026\/05\/UC-II-Advanced-Joint-Relief-60-vcaps.webp","type":"image\/jpeg"}],"twitter_card":"summary_large_image","twitter_misc":{"Price":"&#67;&#72;&#70;&nbsp;33.99","Availability":"Out of stock"},"schema":{"@context":"https:\/\/schema.org","@graph":[{"@type":"WebPage","@id":"https:\/\/ecosupplements.ch\/?product=uc-ii-advanced-joint-relief-60-vcaps","url":"https:\/\/ecosupplements.ch\/?product=uc-ii-advanced-joint-relief-60-vcaps","name":"UC-II Advanced Joint Relief \u2013 NOW Foods | ecosupplements.ch","isPartOf":{"@id":"https:\/\/ecosupplements.ch\/#website"},"primaryImageOfPage":{"@id":"https:\/\/ecosupplements.ch\/?product=uc-ii-advanced-joint-relief-60-vcaps#primaryimage"},"image":{"@id":"https:\/\/ecosupplements.ch\/?product=uc-ii-advanced-joint-relief-60-vcaps#primaryimage"},"thumbnailUrl":"https:\/\/ecosupplements.ch\/wp-content\/uploads\/2026\/05\/UC-II-Advanced-Joint-Relief-60-vcaps.webp","datePublished":"2026-05-11T15:05:17+00:00","dateModified":"2026-05-13T07:23:29+00:00","description":"UC-II Advanced Joint Relief von NOW Foods mit Typ-II-Kollagen, Vitamin D-3 und Hyalurons\u00e4ure \u2013 60 Veg-Kapseln f\u00fcr die t\u00e4gliche Gelenkunterst\u00fctzung. Jetzt bestellen.","breadcrumb":{"@id":"https:\/\/ecosupplements.ch\/?product=uc-ii-advanced-joint-relief-60-vcaps#breadcrumb"},"inLanguage":"de-CH","potentialAction":[{"@type":"ReadAction","target":["https:\/\/ecosupplements.ch\/?product=uc-ii-advanced-joint-relief-60-vcaps"]}]},{"@type":"ImageObject","inLanguage":"de-CH","@id":"https:\/\/ecosupplements.ch\/?product=uc-ii-advanced-joint-relief-60-vcaps#primaryimage","url":"https:\/\/ecosupplements.ch\/wp-content\/uploads\/2026\/05\/UC-II-Advanced-Joint-Relief-60-vcaps.webp","contentUrl":"https:\/\/ecosupplements.ch\/wp-content\/uploads\/2026\/05\/UC-II-Advanced-Joint-Relief-60-vcaps.webp","width":1000,"height":1000,"caption":"UC-II Advanced Joint Relief - 60 vcaps"},{"@type":"BreadcrumbList","@id":"https:\/\/ecosupplements.ch\/?product=uc-ii-advanced-joint-relief-60-vcaps#breadcrumb","itemListElement":[{"@type":"ListItem","position":1,"name":"Home","item":"https:\/\/ecosupplements.ch\/"},{"@type":"ListItem","position":2,"name":"Shop","item":"https:\/\/ecosupplements.ch\/?page_id=14"},{"@type":"ListItem","position":3,"name":"UC-II Advanced Joint Relief &#8211; 60 vcaps"}]},{"@type":"WebSite","@id":"https:\/\/ecosupplements.ch\/#website","url":"https:\/\/ecosupplements.ch\/","name":"Eco Supplements","description":"","potentialAction":[{"@type":"SearchAction","target":{"@type":"EntryPoint","urlTemplate":"https:\/\/ecosupplements.ch\/?s={search_term_string}"},"query-input":{"@type":"PropertyValueSpecification","valueRequired":true,"valueName":"search_term_string"}}],"inLanguage":"de-CH"}]},"product_price_amount":"33.99","product_price_currency":"CHF","og_availability":"out of stock","product_availability":"out of stock","product_retailer_item_id":"733739031372","product_condition":"new"},"_links":{"self":[{"href":"https:\/\/ecosupplements.ch\/index.php?rest_route=\/wp\/v2\/product\/5267","targetHints":{"allow":["GET"]}}],"collection":[{"href":"https:\/\/ecosupplements.ch\/index.php?rest_route=\/wp\/v2\/product"}],"about":[{"href":"https:\/\/ecosupplements.ch\/index.php?rest_route=\/wp\/v2\/types\/product"}],"replies":[{"embeddable":true,"href":"https:\/\/ecosupplements.ch\/index.php?rest_route=%2Fwp%2Fv2%2Fcomments&post=5267"}],"wp:featuredmedia":[{"embeddable":true,"href":"https:\/\/ecosupplements.ch\/index.php?rest_route=\/wp\/v2\/media\/5268"}],"wp:attachment":[{"href":"https:\/\/ecosupplements.ch\/index.php?rest_route=%2Fwp%2Fv2%2Fmedia&parent=5267"}],"wp:term":[{"taxonomy":"product_brand","embeddable":true,"href":"https:\/\/ecosupplements.ch\/index.php?rest_route=%2Fwp%2Fv2%2Fproduct_brand&post=5267"},{"taxonomy":"product_cat","embeddable":true,"href":"https:\/\/ecosupplements.ch\/index.php?rest_route=%2Fwp%2Fv2%2Fproduct_cat&post=5267"},{"taxonomy":"product_tag","embeddable":true,"href":"https:\/\/ecosupplements.ch\/index.php?rest_route=%2Fwp%2Fv2%2Fproduct_tag&post=5267"}],"curies":[{"name":"wp","href":"https:\/\/api.w.org\/{rel}","templated":true}]}}