{"id":5282,"date":"2026-05-11T15:05:24","date_gmt":"2026-05-11T15:05:24","guid":{"rendered":"https:\/\/ecosupplements.ch\/?product=ultra-omega-3-90-softgels"},"modified":"2026-05-13T07:23:29","modified_gmt":"2026-05-13T07:23:29","slug":"ultra-omega-3-90-softgels","status":"publish","type":"product","link":"https:\/\/ecosupplements.ch\/?product=ultra-omega-3-90-softgels","title":{"rendered":"Ultra Omega-3 &#8211; 90 softgels"},"content":{"rendered":"<div class=\"chcg-product-description\">\n<h2 class=\"chcg-heading\">\u00dcber NOW Foods \u2013 Ultra Omega-3 \u2013 90 Softgels<\/h2>\n<div class=\"chcg-intro\">\n<p>NOW Foods Ultra Omega-3 liefert pro Softgel eine hochdosierte Kombination aus 500 mg EPA (Eicosapentaens\u00e4ure) und 250 mg DHA (Docosahexaens\u00e4ure) aus konzentriertem Fisch\u00f6l. EPA und DHA tragen zur normalen Herzfunktion bei, wobei DHA zus\u00e4tzlich zur Erhaltung der normalen Gehirnfunktion und normalen Sehkraft beitr\u00e4gt.<\/p>\n<p>Die Softgels sind mit einem enterischen \u00dcberzug versehen, der das Produkt magenschonend macht und typischen Fisch\u00f6l-Aufstosskescheinungen minimiert. Das verwendete Fisch\u00f6l stammt aus Anchovis und Sardinen und wird in einem GMP-zertifizierten Betrieb verarbeitet, um h\u00f6chste Qualit\u00e4tsstandards zu gew\u00e4hrleisten.<\/p>\n<p>Mit 90 Softgels bietet dieses Produkt eine praktische, langlebige Versorgung mit essentiellen Omega-3-Fetts\u00e4uren f\u00fcr die t\u00e4gliche Unterst\u00fctzung von Herz, Gehirn und Sehverm\u00f6gen.<\/p>\n<\/p><\/div>\n<div class=\"chcg-nutrition\">\n<h3>N\u00e4hrwertangaben<\/h3>\n<table class=\"chcg-nutrition-table\">\n<thead>\n<tr>\n<th>N\u00e4hrstoff<\/th>\n<th>Pro Portion (1 Softgel)<\/th>\n<\/tr>\n<\/thead>\n<tbody>\n<tr>\n<td>Kalorien<\/td>\n<td>10<\/td>\n<\/tr>\n<tr>\n<td>Gesamtfett<\/td>\n<td>1 g (1 % des Tagesbedarfs)<\/td>\n<\/tr>\n<tr>\n<td>\u2013 Ges\u00e4ttigte Fetts\u00e4uren<\/td>\n<td>&lt;0,5 g (&lt;1 % des Tagesbedarfs)<\/td>\n<\/tr>\n<tr>\n<td>\u2013 Transfetts\u00e4uren<\/td>\n<td>0 g<\/td>\n<\/tr>\n<tr>\n<td>\u2013 Mehrfach unges\u00e4ttigte Fetts\u00e4uren<\/td>\n<td>1 g *<\/td>\n<\/tr>\n<tr>\n<td>\u2013 Einfach unges\u00e4ttigte Fetts\u00e4uren<\/td>\n<td>&lt;0,5 g *<\/td>\n<\/tr>\n<tr>\n<td>Cholesterin<\/td>\n<td>0 mg (0 %)<\/td>\n<\/tr>\n<tr>\n<td>Fisch\u00f6lkonzentrat<\/td>\n<td>1 g \/ 1&#8217;000 mg *<\/td>\n<\/tr>\n<tr>\n<td>Omega-3-Fetts\u00e4uren<\/td>\n<td>*<\/td>\n<\/tr>\n<tr>\n<td>\u2013 Eicosapentaens\u00e4ure (EPA)<\/td>\n<td>500 mg *<\/td>\n<\/tr>\n<tr>\n<td>\u2013 Docosahexaens\u00e4ure (DHA)<\/td>\n<td>250 mg *<\/td>\n<\/tr>\n<\/tbody>\n<\/table>\n<p class=\"chcg-footnote\">* Kein festgelegter Tagesbedarf.<\/p>\n<p class=\"chcg-footnote\">** Die prozentualen Tageswerte basieren auf einer Ern\u00e4hrung mit 2&#8217;000 Kalorien pro Tag.<\/p>\n<\/p><\/div>\n<div class=\"chcg-ingredients\">\n<h3>Zutaten<\/h3>\n<p>Fisch\u00f6lkonzentrat 1 g (1&#8217;000 mg). Omega-3-Fetts\u00e4uren: Eicosapentaens\u00e4ure (EPA) 500 mg, Docosahexaens\u00e4ure (DHA) 250 mg. Weitere Zutaten: d-alpha Tocopherol (aus Sonnenblumen).<\/p>\n<p class=\"chcg-capsule-shell\">Kapselh\u00fclle: Softgel-Kapsel [bovine Gelatine (BSE-frei), Glycerin, enterischer \u00dcberzug (pharmazeutischer Glanz, Ethylalkohol, Ammoniumhydroxid, Glycerin, Sonnenblumenlecithin, mittelkettige Triglyceride), Wasser]\n<\/p><\/div>\n<div class=\"chcg-dosage\">\n<h3>Verzehrempfehlung<\/h3>\n<p>1 Softgel 1- bis 2-mal t\u00e4glich zu einer Mahlzeit einnehmen.<\/p>\n<\/p><\/div>\n<div class=\"chcg-warnings\">\n<h3>Warnhinweise<\/h3>\n<p>Nur f\u00fcr Erwachsene. Bei Schwangerschaft oder Stillzeit, bei Einnahme von Medikamenten oder bei bestehenden medizinischen Erkrankungen vor der Einnahme einen Arzt konsultieren. Ausserhalb der Reichweite von Kindern aufbewahren. Nat\u00fcrliche Farbvariationen des Produkts sind m\u00f6glich.<\/p>\n<\/p><\/div>\n<div class=\"chcg-allergens\">\n<h3>Allergeninformationen<\/h3>\n<p>Enth\u00e4lt Fisch (Anchovis, Sardinen). Nicht hergestellt mit Hefe, Weizen, Gluten, Soja, Milch, Ei, Schalentieren oder Sesam. Produziert in einem GMP-zertifizierten Betrieb, der andere Zutaten verarbeitet, die diese Allergene enthalten k\u00f6nnen.<\/p>\n<\/p><\/div>\n<div class=\"chcg-storage\">\n<h3>Lagerung<\/h3>\n<p>Nach dem \u00d6ffnen an einem k\u00fchlen, trockenen Ort aufbewahren.<\/p>\n<\/p><\/div>\n<div class=\"chcg-dietary\">\n<h3>Ern\u00e4hrungshinweise<\/h3>\n<ul>\n<li>Glutenfrei<\/li>\n<li>Laktosefrei<\/li>\n<\/ul><\/div>\n<\/div>\n","protected":false},"excerpt":{"rendered":"<p>NOW Foods Ultra Omega-3 liefert 500 mg EPA und 250 mg DHA pro Softgel zur Unterst\u00fctzung von Herz, Gehirn und Sehverm\u00f6gen. Erh\u00e4ltlich als Packung mit 90 magens\u00e4urehemmend \u00fcberzogenen Softgels. Glutenfrei und laktosefrei.<\/p>\n","protected":false},"featured_media":5283,"comment_status":"closed","ping_status":"open","template":"","meta":[],"product_brand":[454],"product_cat":[48,39,33,21],"product_tag":[],"class_list":{"0":"post-5282","1":"product","2":"type-product","3":"status-publish","4":"has-post-thumbnail","6":"product_brand-nownow-foods","7":"product_cat-gesunde-ernaehrung","8":"product_cat-omega-und-fischoel","9":"product_cat-omega-fettsaeuren-essentielle-fettsaeuren-konjugierte-linolsaeure-oele","10":"product_cat-vitamine-und-mineralstoffe","12":"first","13":"outofstock","14":"taxable","15":"shipping-taxable","16":"purchasable","17":"product-type-simple"},"yoast_head":"<!-- This site is optimized with the Yoast SEO plugin v27.5 - https:\/\/yoast.com\/product\/yoast-seo-wordpress\/ -->\n<title>Ultra Omega-3 90 Softgels \u2013 NOW Foods | ecosupplements.ch<\/title>\n<meta name=\"description\" content=\"NOW Foods Ultra Omega-3 mit 500 mg EPA und 250 mg DHA pro Softgel \u2013 90 St\u00fcck, magenfreundlich und glutenfrei. Jetzt bestellen.\" \/>\n<meta name=\"robots\" content=\"index, follow, max-snippet:-1, max-image-preview:large, max-video-preview:-1\" \/>\n<link rel=\"canonical\" href=\"https:\/\/ecosupplements.ch\/?product=ultra-omega-3-90-softgels\" \/>\n<meta property=\"og:locale\" content=\"de_DE\" \/>\n<meta property=\"og:type\" content=\"article\" \/>\n<meta property=\"og:title\" content=\"Ultra Omega-3 90 Softgels \u2013 NOW Foods | ecosupplements.ch\" \/>\n<meta property=\"og:description\" content=\"NOW Foods Ultra Omega-3 mit 500 mg EPA und 250 mg DHA pro Softgel \u2013 90 St\u00fcck, magenfreundlich und glutenfrei. Jetzt bestellen.\" \/>\n<meta property=\"og:url\" content=\"https:\/\/ecosupplements.ch\/?product=ultra-omega-3-90-softgels\" \/>\n<meta property=\"og:site_name\" content=\"Eco Supplements\" \/>\n<meta property=\"article:modified_time\" content=\"2026-05-13T07:23:29+00:00\" \/>\n<meta property=\"og:image\" content=\"https:\/\/ecosupplements.ch\/wp-content\/uploads\/2026\/05\/Ultra-Omega-3-90-softgels.webp\" \/>\n\t<meta property=\"og:image:width\" content=\"1000\" \/>\n\t<meta property=\"og:image:height\" content=\"1000\" \/>\n\t<meta property=\"og:image:type\" content=\"image\/jpeg\" \/>\n<meta name=\"twitter:card\" content=\"summary_large_image\" \/>\n<meta name=\"twitter:label1\" content=\"Price\" \/>\n\t<meta name=\"twitter:data1\" content=\"&#067;&#072;&#070;&nbsp;25.82\" \/>\n\t<meta name=\"twitter:label2\" content=\"Availability\" \/>\n\t<meta name=\"twitter:data2\" content=\"Out of stock\" \/>\n<script type=\"application\/ld+json\" class=\"yoast-schema-graph\">{\"@context\":\"https:\\\/\\\/schema.org\",\"@graph\":[{\"@type\":\"WebPage\",\"@id\":\"https:\\\/\\\/ecosupplements.ch\\\/?product=ultra-omega-3-90-softgels\",\"url\":\"https:\\\/\\\/ecosupplements.ch\\\/?product=ultra-omega-3-90-softgels\",\"name\":\"Ultra Omega-3 90 Softgels \u2013 NOW Foods | ecosupplements.ch\",\"isPartOf\":{\"@id\":\"https:\\\/\\\/ecosupplements.ch\\\/#website\"},\"primaryImageOfPage\":{\"@id\":\"https:\\\/\\\/ecosupplements.ch\\\/?product=ultra-omega-3-90-softgels#primaryimage\"},\"image\":{\"@id\":\"https:\\\/\\\/ecosupplements.ch\\\/?product=ultra-omega-3-90-softgels#primaryimage\"},\"thumbnailUrl\":\"https:\\\/\\\/ecosupplements.ch\\\/wp-content\\\/uploads\\\/2026\\\/05\\\/Ultra-Omega-3-90-softgels.webp\",\"datePublished\":\"2026-05-11T15:05:24+00:00\",\"dateModified\":\"2026-05-13T07:23:29+00:00\",\"description\":\"NOW Foods Ultra Omega-3 mit 500 mg EPA und 250 mg DHA pro Softgel \u2013 90 St\u00fcck, magenfreundlich und glutenfrei. Jetzt bestellen.\",\"breadcrumb\":{\"@id\":\"https:\\\/\\\/ecosupplements.ch\\\/?product=ultra-omega-3-90-softgels#breadcrumb\"},\"inLanguage\":\"de-CH\",\"potentialAction\":[{\"@type\":\"ReadAction\",\"target\":[\"https:\\\/\\\/ecosupplements.ch\\\/?product=ultra-omega-3-90-softgels\"]}]},{\"@type\":\"ImageObject\",\"inLanguage\":\"de-CH\",\"@id\":\"https:\\\/\\\/ecosupplements.ch\\\/?product=ultra-omega-3-90-softgels#primaryimage\",\"url\":\"https:\\\/\\\/ecosupplements.ch\\\/wp-content\\\/uploads\\\/2026\\\/05\\\/Ultra-Omega-3-90-softgels.webp\",\"contentUrl\":\"https:\\\/\\\/ecosupplements.ch\\\/wp-content\\\/uploads\\\/2026\\\/05\\\/Ultra-Omega-3-90-softgels.webp\",\"width\":1000,\"height\":1000,\"caption\":\"Ultra Omega-3 - 90 softgels\"},{\"@type\":\"BreadcrumbList\",\"@id\":\"https:\\\/\\\/ecosupplements.ch\\\/?product=ultra-omega-3-90-softgels#breadcrumb\",\"itemListElement\":[{\"@type\":\"ListItem\",\"position\":1,\"name\":\"Home\",\"item\":\"https:\\\/\\\/ecosupplements.ch\\\/\"},{\"@type\":\"ListItem\",\"position\":2,\"name\":\"Shop\",\"item\":\"https:\\\/\\\/ecosupplements.ch\\\/?page_id=14\"},{\"@type\":\"ListItem\",\"position\":3,\"name\":\"Ultra Omega-3 &#8211; 90 softgels\"}]},{\"@type\":\"WebSite\",\"@id\":\"https:\\\/\\\/ecosupplements.ch\\\/#website\",\"url\":\"https:\\\/\\\/ecosupplements.ch\\\/\",\"name\":\"Eco Supplements\",\"description\":\"\",\"potentialAction\":[{\"@type\":\"SearchAction\",\"target\":{\"@type\":\"EntryPoint\",\"urlTemplate\":\"https:\\\/\\\/ecosupplements.ch\\\/?s={search_term_string}\"},\"query-input\":{\"@type\":\"PropertyValueSpecification\",\"valueRequired\":true,\"valueName\":\"search_term_string\"}}],\"inLanguage\":\"de-CH\"}]}<\/script>\n<meta property=\"product:price:amount\" content=\"25.82\" \/>\n<meta property=\"product:price:currency\" content=\"CHF\" \/>\n<meta property=\"og:availability\" content=\"out of stock\" \/>\n<meta property=\"product:availability\" content=\"out of stock\" \/>\n<meta property=\"product:retailer_item_id\" content=\"733739016614\" \/>\n<meta property=\"product:condition\" content=\"new\" \/>\n<!-- \/ Yoast SEO plugin. -->","yoast_head_json":{"title":"Ultra Omega-3 90 Softgels \u2013 NOW Foods | ecosupplements.ch","description":"NOW Foods Ultra Omega-3 mit 500 mg EPA und 250 mg DHA pro Softgel \u2013 90 St\u00fcck, magenfreundlich und glutenfrei. Jetzt bestellen.","robots":{"index":"index","follow":"follow","max-snippet":"max-snippet:-1","max-image-preview":"max-image-preview:large","max-video-preview":"max-video-preview:-1"},"canonical":"https:\/\/ecosupplements.ch\/?product=ultra-omega-3-90-softgels","og_locale":"de_DE","og_type":"article","og_title":"Ultra Omega-3 90 Softgels \u2013 NOW Foods | ecosupplements.ch","og_description":"NOW Foods Ultra Omega-3 mit 500 mg EPA und 250 mg DHA pro Softgel \u2013 90 St\u00fcck, magenfreundlich und glutenfrei. Jetzt bestellen.","og_url":"https:\/\/ecosupplements.ch\/?product=ultra-omega-3-90-softgels","og_site_name":"Eco Supplements","article_modified_time":"2026-05-13T07:23:29+00:00","og_image":[{"width":1000,"height":1000,"url":"https:\/\/ecosupplements.ch\/wp-content\/uploads\/2026\/05\/Ultra-Omega-3-90-softgels.webp","type":"image\/jpeg"}],"twitter_card":"summary_large_image","twitter_misc":{"Price":"&#67;&#72;&#70;&nbsp;25.82","Availability":"Out of stock"},"schema":{"@context":"https:\/\/schema.org","@graph":[{"@type":"WebPage","@id":"https:\/\/ecosupplements.ch\/?product=ultra-omega-3-90-softgels","url":"https:\/\/ecosupplements.ch\/?product=ultra-omega-3-90-softgels","name":"Ultra Omega-3 90 Softgels \u2013 NOW Foods | ecosupplements.ch","isPartOf":{"@id":"https:\/\/ecosupplements.ch\/#website"},"primaryImageOfPage":{"@id":"https:\/\/ecosupplements.ch\/?product=ultra-omega-3-90-softgels#primaryimage"},"image":{"@id":"https:\/\/ecosupplements.ch\/?product=ultra-omega-3-90-softgels#primaryimage"},"thumbnailUrl":"https:\/\/ecosupplements.ch\/wp-content\/uploads\/2026\/05\/Ultra-Omega-3-90-softgels.webp","datePublished":"2026-05-11T15:05:24+00:00","dateModified":"2026-05-13T07:23:29+00:00","description":"NOW Foods Ultra Omega-3 mit 500 mg EPA und 250 mg DHA pro Softgel \u2013 90 St\u00fcck, magenfreundlich und glutenfrei. Jetzt bestellen.","breadcrumb":{"@id":"https:\/\/ecosupplements.ch\/?product=ultra-omega-3-90-softgels#breadcrumb"},"inLanguage":"de-CH","potentialAction":[{"@type":"ReadAction","target":["https:\/\/ecosupplements.ch\/?product=ultra-omega-3-90-softgels"]}]},{"@type":"ImageObject","inLanguage":"de-CH","@id":"https:\/\/ecosupplements.ch\/?product=ultra-omega-3-90-softgels#primaryimage","url":"https:\/\/ecosupplements.ch\/wp-content\/uploads\/2026\/05\/Ultra-Omega-3-90-softgels.webp","contentUrl":"https:\/\/ecosupplements.ch\/wp-content\/uploads\/2026\/05\/Ultra-Omega-3-90-softgels.webp","width":1000,"height":1000,"caption":"Ultra Omega-3 - 90 softgels"},{"@type":"BreadcrumbList","@id":"https:\/\/ecosupplements.ch\/?product=ultra-omega-3-90-softgels#breadcrumb","itemListElement":[{"@type":"ListItem","position":1,"name":"Home","item":"https:\/\/ecosupplements.ch\/"},{"@type":"ListItem","position":2,"name":"Shop","item":"https:\/\/ecosupplements.ch\/?page_id=14"},{"@type":"ListItem","position":3,"name":"Ultra Omega-3 &#8211; 90 softgels"}]},{"@type":"WebSite","@id":"https:\/\/ecosupplements.ch\/#website","url":"https:\/\/ecosupplements.ch\/","name":"Eco Supplements","description":"","potentialAction":[{"@type":"SearchAction","target":{"@type":"EntryPoint","urlTemplate":"https:\/\/ecosupplements.ch\/?s={search_term_string}"},"query-input":{"@type":"PropertyValueSpecification","valueRequired":true,"valueName":"search_term_string"}}],"inLanguage":"de-CH"}]},"product_price_amount":"25.82","product_price_currency":"CHF","og_availability":"out of stock","product_availability":"out of stock","product_retailer_item_id":"733739016614","product_condition":"new"},"_links":{"self":[{"href":"https:\/\/ecosupplements.ch\/index.php?rest_route=\/wp\/v2\/product\/5282","targetHints":{"allow":["GET"]}}],"collection":[{"href":"https:\/\/ecosupplements.ch\/index.php?rest_route=\/wp\/v2\/product"}],"about":[{"href":"https:\/\/ecosupplements.ch\/index.php?rest_route=\/wp\/v2\/types\/product"}],"replies":[{"embeddable":true,"href":"https:\/\/ecosupplements.ch\/index.php?rest_route=%2Fwp%2Fv2%2Fcomments&post=5282"}],"wp:featuredmedia":[{"embeddable":true,"href":"https:\/\/ecosupplements.ch\/index.php?rest_route=\/wp\/v2\/media\/5283"}],"wp:attachment":[{"href":"https:\/\/ecosupplements.ch\/index.php?rest_route=%2Fwp%2Fv2%2Fmedia&parent=5282"}],"wp:term":[{"taxonomy":"product_brand","embeddable":true,"href":"https:\/\/ecosupplements.ch\/index.php?rest_route=%2Fwp%2Fv2%2Fproduct_brand&post=5282"},{"taxonomy":"product_cat","embeddable":true,"href":"https:\/\/ecosupplements.ch\/index.php?rest_route=%2Fwp%2Fv2%2Fproduct_cat&post=5282"},{"taxonomy":"product_tag","embeddable":true,"href":"https:\/\/ecosupplements.ch\/index.php?rest_route=%2Fwp%2Fv2%2Fproduct_tag&post=5282"}],"curies":[{"name":"wp","href":"https:\/\/api.w.org\/{rel}","templated":true}]}}