{"id":5306,"date":"2026-05-11T15:05:35","date_gmt":"2026-05-11T15:05:35","guid":{"rendered":"https:\/\/ecosupplements.ch\/?product=vitamin-b-100-250-vcaps"},"modified":"2026-05-13T07:22:40","modified_gmt":"2026-05-13T07:22:40","slug":"vitamin-b-100-250-vcaps","status":"publish","type":"product","link":"https:\/\/ecosupplements.ch\/?product=vitamin-b-100-250-vcaps","title":{"rendered":"Vitamin B-100 &#8211; 250 vcaps"},"content":{"rendered":"<div class=\"chcg-product-description\">\n<h2 class=\"chcg-heading\">\u00dcber NOW Foods \u2013 Vitamin B-100 \u2013 250 Vkaps<\/h2>\n<div class=\"chcg-intro\">\n<p>Das Vitamin B-100 von NOW Foods ist ein umfassendes B-Vitamin-Komplex-Pr\u00e4parat, das alle acht essentiellen B-Vitamine in einer einzigen Kapsel vereint. Mit je 100 mg Thiamin (B-1), Riboflavin (B-2), Niacin (B-3), Vitamin B-6 und Pantothens\u00e4ure sowie 100 mcg Vitamin B-12 und Biotin bietet dieses Produkt eine hochdosierte Unterst\u00fctzung f\u00fcr den t\u00e4glichen Bedarf.<\/p>\n<p>B-Vitamine tragen zu einem normalen Energiestoffwechsel sowie zur Verringerung von M\u00fcdigkeit und Ersch\u00f6pfung bei. Sie unterst\u00fctzen ausserdem die normale Funktion des Nervensystems und des Immunsystems. Die Formel wird durch Cholin, Inositol und PABA (Para-Aminobenzoes\u00e4ure) erg\u00e4nzt.<\/p>\n<p>Das Pr\u00e4parat ist in vegetarischen Kapseln aus Hypromellose abgef\u00fcllt und eignet sich f\u00fcr Veganer sowie Menschen mit besonderen Ern\u00e4hrungsanforderungen. Die Packung enth\u00e4lt 250 Kapseln \u2013 ein komfortabler Vorrat f\u00fcr \u00fcber acht Monate bei t\u00e4glicher Einnahme.<\/p>\n<\/p><\/div>\n<div class=\"chcg-nutrition\">\n<h3>N\u00e4hrwertangaben<\/h3>\n<table class=\"chcg-nutrition-table\">\n<thead>\n<tr>\n<th>N\u00e4hrstoff<\/th>\n<th>Pro Portion (1 Veg-Kapsel)<\/th>\n<\/tr>\n<\/thead>\n<tbody>\n<tr>\n<td>Thiamin (aus Thiamin HCl) (Vitamin B-1)<\/td>\n<td>100 mg (8333 % DV)<\/td>\n<\/tr>\n<tr>\n<td>Riboflavin (Vitamin B-2)<\/td>\n<td>100 mg (7692 % DV)<\/td>\n<\/tr>\n<tr>\n<td>Niacin (Vitamin B-3) (als Niacinamid)<\/td>\n<td>100 mg (625 % DV)<\/td>\n<\/tr>\n<tr>\n<td>Vitamin B-6 (aus Pyridoxin HCl)<\/td>\n<td>100 mg (5882 % DV)<\/td>\n<\/tr>\n<tr>\n<td>Folat 680 mcg DFE (400 mcg Fols\u00e4ure)<\/td>\n<td>680 mcg DFE (170 % DV)<\/td>\n<\/tr>\n<tr>\n<td>Vitamin B-12 (als Cyanocobalamin)<\/td>\n<td>100 mcg (4167 % DV)<\/td>\n<\/tr>\n<tr>\n<td>Biotin<\/td>\n<td>100 mcg (333 % DV)<\/td>\n<\/tr>\n<tr>\n<td>Pantothens\u00e4ure (aus Calciumpantothenat)<\/td>\n<td>100 mg (2000 % DV)<\/td>\n<\/tr>\n<tr>\n<td>Cholin (aus Cholinbitartrat)<\/td>\n<td>10 mg (2 % DV)<\/td>\n<\/tr>\n<tr>\n<td>Inositol<\/td>\n<td>10 mg (\u2020)<\/td>\n<\/tr>\n<tr>\n<td>PABA (Para-Aminobenzoes\u00e4ure)<\/td>\n<td>10 mg (\u2020)<\/td>\n<\/tr>\n<\/tbody>\n<\/table>\n<p class=\"chcg-footnote\">\u2020 Kein t\u00e4glicher Referenzwert festgelegt.<\/p>\n<p class=\"chcg-footnote\">Portionen pro Packung: 250<\/p>\n<\/p><\/div>\n<div class=\"chcg-ingredients\">\n<h3>Zutaten<\/h3>\n<p>Thiamin (aus Thiamin HCl) (Vitamin B-1), Riboflavin (Vitamin B-2), Niacin (Vitamin B-3) (als Niacinamid), Vitamin B-6 (aus Pyridoxin HCl), Folat (400 mcg Fols\u00e4ure), Vitamin B-12 (als Cyanocobalamin), Biotin, Pantothens\u00e4ure (aus Calciumpantothenat), Cholin (aus Cholinbitartrat), Inositol, PABA (Para-Aminobenzoes\u00e4ure). Weitere Zutaten: Hypromellose (Zellulosekaspsel), Ascorbylpalmitat und Siliziumdioxid.<\/p>\n<p class=\"chcg-capsule-shell\">Kapselh\u00fclle: Hypromellose (Zellulosekaspsel)<\/p>\n<\/p><\/div>\n<div class=\"chcg-dosage\">\n<h3>Verzehrempfehlung<\/h3>\n<p>T\u00e4glich 1 Kapsel zu einer Mahlzeit einnehmen.<\/p>\n<\/p><\/div>\n<div class=\"chcg-warnings\">\n<h3>Warnhinweise<\/h3>\n<p>Nur f\u00fcr Erwachsene. Bei Schwangerschaft oder Stillzeit, bei Einnahme von Medikamenten oder bei bestehenden gesundheitlichen Beschwerden ist vor der Einnahme ein Arzt zu konsultieren. Ausserhalb der Reichweite von Kindern aufbewahren. Dieses Produkt enth\u00e4lt Biotin, welches einige Bluttestergebnisse beeinflussen kann. Das Frischebeutelchen nicht essen \u2013 im Beh\u00e4lter belassen.<\/p>\n<\/p><\/div>\n<div class=\"chcg-allergens\">\n<h3>Allergeninformationen<\/h3>\n<p>Nicht hergestellt mit Weizen, Gluten, Soja, Milch, Ei, Fisch, Schalentieren oder Baumnuss-Zutaten. Hergestellt in einem GMP-Betrieb, der auch andere Zutaten verarbeitet, die diese Allergene enthalten.<\/p>\n<\/p><\/div>\n<div class=\"chcg-storage\">\n<h3>Lagerung<\/h3>\n<p>Nach dem \u00d6ffnen an einem k\u00fchlen, trockenen Ort aufbewahren.<\/p>\n<\/p><\/div>\n<div class=\"chcg-dietary\">\n<h3>Ern\u00e4hrungshinweise<\/h3>\n<ul>\n<li>Vegan<\/li>\n<li>Vegetarisch<\/li>\n<li>Glutenfrei<\/li>\n<li>Laktosefrei<\/li>\n<\/ul><\/div>\n<\/div>\n","protected":false},"excerpt":{"rendered":"<p>Vitamin B-100 von NOW Foods liefert alle acht B-Vitamine hochdosiert in einer einzigen veganen Kapsel. Die Packung enth\u00e4lt 250 Kapseln \u2013 \u00fcber 8 Monate Vorrat bei t\u00e4glicher Einnahme. Glutenfrei und f\u00fcr Veganer geeignet.<\/p>\n","protected":false},"featured_media":5307,"comment_status":"closed","ping_status":"open","template":"","meta":[],"product_brand":[454],"product_cat":[27,28,171,21],"product_tag":[],"class_list":{"0":"post-5306","1":"product","2":"type-product","3":"status-publish","4":"has-post-thumbnail","6":"product_brand-nownow-foods","7":"product_cat-einige-vitamine","8":"product_cat-vitamin-b","9":"product_cat-vitamine-und-mineralien","10":"product_cat-vitamine-und-mineralstoffe","12":"first","13":"outofstock","14":"taxable","15":"shipping-taxable","16":"purchasable","17":"product-type-simple"},"yoast_head":"<!-- This site is optimized with the Yoast SEO plugin v27.5 - https:\/\/yoast.com\/product\/yoast-seo-wordpress\/ -->\n<title>Vitamin B-100 250 Vkaps \u2013 NOW Foods | ecosupplements.ch<\/title>\n<meta name=\"description\" content=\"Hochdosierter B-Vitamin-Komplex in veganen Kapseln \u2013 250 Portionen pro Packung. Jetzt bestellen.\" \/>\n<meta name=\"robots\" content=\"index, follow, max-snippet:-1, max-image-preview:large, max-video-preview:-1\" \/>\n<link rel=\"canonical\" href=\"https:\/\/ecosupplements.ch\/?product=vitamin-b-100-250-vcaps\" \/>\n<meta property=\"og:locale\" content=\"de_DE\" \/>\n<meta property=\"og:type\" content=\"article\" \/>\n<meta property=\"og:title\" content=\"Vitamin B-100 250 Vkaps \u2013 NOW Foods | ecosupplements.ch\" \/>\n<meta property=\"og:description\" content=\"Hochdosierter B-Vitamin-Komplex in veganen Kapseln \u2013 250 Portionen pro Packung. Jetzt bestellen.\" \/>\n<meta property=\"og:url\" content=\"https:\/\/ecosupplements.ch\/?product=vitamin-b-100-250-vcaps\" \/>\n<meta property=\"og:site_name\" content=\"Eco Supplements\" \/>\n<meta property=\"article:modified_time\" content=\"2026-05-13T07:22:40+00:00\" \/>\n<meta property=\"og:image\" content=\"https:\/\/ecosupplements.ch\/wp-content\/uploads\/2026\/05\/Vitamin-B-100-250-vcaps.webp\" \/>\n\t<meta property=\"og:image:width\" content=\"1000\" \/>\n\t<meta property=\"og:image:height\" content=\"1000\" \/>\n\t<meta property=\"og:image:type\" content=\"image\/jpeg\" \/>\n<meta name=\"twitter:card\" content=\"summary_large_image\" \/>\n<meta name=\"twitter:label1\" content=\"Price\" \/>\n\t<meta name=\"twitter:data1\" content=\"&#067;&#072;&#070;&nbsp;50.57\" \/>\n\t<meta name=\"twitter:label2\" content=\"Availability\" \/>\n\t<meta name=\"twitter:data2\" content=\"Out of stock\" \/>\n<script type=\"application\/ld+json\" class=\"yoast-schema-graph\">{\"@context\":\"https:\\\/\\\/schema.org\",\"@graph\":[{\"@type\":\"WebPage\",\"@id\":\"https:\\\/\\\/ecosupplements.ch\\\/?product=vitamin-b-100-250-vcaps\",\"url\":\"https:\\\/\\\/ecosupplements.ch\\\/?product=vitamin-b-100-250-vcaps\",\"name\":\"Vitamin B-100 250 Vkaps \u2013 NOW Foods | ecosupplements.ch\",\"isPartOf\":{\"@id\":\"https:\\\/\\\/ecosupplements.ch\\\/#website\"},\"primaryImageOfPage\":{\"@id\":\"https:\\\/\\\/ecosupplements.ch\\\/?product=vitamin-b-100-250-vcaps#primaryimage\"},\"image\":{\"@id\":\"https:\\\/\\\/ecosupplements.ch\\\/?product=vitamin-b-100-250-vcaps#primaryimage\"},\"thumbnailUrl\":\"https:\\\/\\\/ecosupplements.ch\\\/wp-content\\\/uploads\\\/2026\\\/05\\\/Vitamin-B-100-250-vcaps.webp\",\"datePublished\":\"2026-05-11T15:05:35+00:00\",\"dateModified\":\"2026-05-13T07:22:40+00:00\",\"description\":\"Hochdosierter B-Vitamin-Komplex in veganen Kapseln \u2013 250 Portionen pro Packung. Jetzt bestellen.\",\"breadcrumb\":{\"@id\":\"https:\\\/\\\/ecosupplements.ch\\\/?product=vitamin-b-100-250-vcaps#breadcrumb\"},\"inLanguage\":\"de-CH\",\"potentialAction\":[{\"@type\":\"ReadAction\",\"target\":[\"https:\\\/\\\/ecosupplements.ch\\\/?product=vitamin-b-100-250-vcaps\"]}]},{\"@type\":\"ImageObject\",\"inLanguage\":\"de-CH\",\"@id\":\"https:\\\/\\\/ecosupplements.ch\\\/?product=vitamin-b-100-250-vcaps#primaryimage\",\"url\":\"https:\\\/\\\/ecosupplements.ch\\\/wp-content\\\/uploads\\\/2026\\\/05\\\/Vitamin-B-100-250-vcaps.webp\",\"contentUrl\":\"https:\\\/\\\/ecosupplements.ch\\\/wp-content\\\/uploads\\\/2026\\\/05\\\/Vitamin-B-100-250-vcaps.webp\",\"width\":1000,\"height\":1000,\"caption\":\"Vitamin B-100 - 250 vcaps\"},{\"@type\":\"BreadcrumbList\",\"@id\":\"https:\\\/\\\/ecosupplements.ch\\\/?product=vitamin-b-100-250-vcaps#breadcrumb\",\"itemListElement\":[{\"@type\":\"ListItem\",\"position\":1,\"name\":\"Home\",\"item\":\"https:\\\/\\\/ecosupplements.ch\\\/\"},{\"@type\":\"ListItem\",\"position\":2,\"name\":\"Shop\",\"item\":\"https:\\\/\\\/ecosupplements.ch\\\/?page_id=14\"},{\"@type\":\"ListItem\",\"position\":3,\"name\":\"Vitamin B-100 &#8211; 250 vcaps\"}]},{\"@type\":\"WebSite\",\"@id\":\"https:\\\/\\\/ecosupplements.ch\\\/#website\",\"url\":\"https:\\\/\\\/ecosupplements.ch\\\/\",\"name\":\"Eco Supplements\",\"description\":\"\",\"potentialAction\":[{\"@type\":\"SearchAction\",\"target\":{\"@type\":\"EntryPoint\",\"urlTemplate\":\"https:\\\/\\\/ecosupplements.ch\\\/?s={search_term_string}\"},\"query-input\":{\"@type\":\"PropertyValueSpecification\",\"valueRequired\":true,\"valueName\":\"search_term_string\"}}],\"inLanguage\":\"de-CH\"}]}<\/script>\n<meta property=\"product:price:amount\" content=\"50.57\" \/>\n<meta property=\"product:price:currency\" content=\"CHF\" \/>\n<meta property=\"og:availability\" content=\"out of stock\" \/>\n<meta property=\"product:availability\" content=\"out of stock\" \/>\n<meta property=\"product:retailer_item_id\" content=\"733739004383\" \/>\n<meta property=\"product:condition\" content=\"new\" \/>\n<!-- \/ Yoast SEO plugin. -->","yoast_head_json":{"title":"Vitamin B-100 250 Vkaps \u2013 NOW Foods | ecosupplements.ch","description":"Hochdosierter B-Vitamin-Komplex in veganen Kapseln \u2013 250 Portionen pro Packung. Jetzt bestellen.","robots":{"index":"index","follow":"follow","max-snippet":"max-snippet:-1","max-image-preview":"max-image-preview:large","max-video-preview":"max-video-preview:-1"},"canonical":"https:\/\/ecosupplements.ch\/?product=vitamin-b-100-250-vcaps","og_locale":"de_DE","og_type":"article","og_title":"Vitamin B-100 250 Vkaps \u2013 NOW Foods | ecosupplements.ch","og_description":"Hochdosierter B-Vitamin-Komplex in veganen Kapseln \u2013 250 Portionen pro Packung. Jetzt bestellen.","og_url":"https:\/\/ecosupplements.ch\/?product=vitamin-b-100-250-vcaps","og_site_name":"Eco Supplements","article_modified_time":"2026-05-13T07:22:40+00:00","og_image":[{"width":1000,"height":1000,"url":"https:\/\/ecosupplements.ch\/wp-content\/uploads\/2026\/05\/Vitamin-B-100-250-vcaps.webp","type":"image\/jpeg"}],"twitter_card":"summary_large_image","twitter_misc":{"Price":"&#67;&#72;&#70;&nbsp;50.57","Availability":"Out of stock"},"schema":{"@context":"https:\/\/schema.org","@graph":[{"@type":"WebPage","@id":"https:\/\/ecosupplements.ch\/?product=vitamin-b-100-250-vcaps","url":"https:\/\/ecosupplements.ch\/?product=vitamin-b-100-250-vcaps","name":"Vitamin B-100 250 Vkaps \u2013 NOW Foods | ecosupplements.ch","isPartOf":{"@id":"https:\/\/ecosupplements.ch\/#website"},"primaryImageOfPage":{"@id":"https:\/\/ecosupplements.ch\/?product=vitamin-b-100-250-vcaps#primaryimage"},"image":{"@id":"https:\/\/ecosupplements.ch\/?product=vitamin-b-100-250-vcaps#primaryimage"},"thumbnailUrl":"https:\/\/ecosupplements.ch\/wp-content\/uploads\/2026\/05\/Vitamin-B-100-250-vcaps.webp","datePublished":"2026-05-11T15:05:35+00:00","dateModified":"2026-05-13T07:22:40+00:00","description":"Hochdosierter B-Vitamin-Komplex in veganen Kapseln \u2013 250 Portionen pro Packung. Jetzt bestellen.","breadcrumb":{"@id":"https:\/\/ecosupplements.ch\/?product=vitamin-b-100-250-vcaps#breadcrumb"},"inLanguage":"de-CH","potentialAction":[{"@type":"ReadAction","target":["https:\/\/ecosupplements.ch\/?product=vitamin-b-100-250-vcaps"]}]},{"@type":"ImageObject","inLanguage":"de-CH","@id":"https:\/\/ecosupplements.ch\/?product=vitamin-b-100-250-vcaps#primaryimage","url":"https:\/\/ecosupplements.ch\/wp-content\/uploads\/2026\/05\/Vitamin-B-100-250-vcaps.webp","contentUrl":"https:\/\/ecosupplements.ch\/wp-content\/uploads\/2026\/05\/Vitamin-B-100-250-vcaps.webp","width":1000,"height":1000,"caption":"Vitamin B-100 - 250 vcaps"},{"@type":"BreadcrumbList","@id":"https:\/\/ecosupplements.ch\/?product=vitamin-b-100-250-vcaps#breadcrumb","itemListElement":[{"@type":"ListItem","position":1,"name":"Home","item":"https:\/\/ecosupplements.ch\/"},{"@type":"ListItem","position":2,"name":"Shop","item":"https:\/\/ecosupplements.ch\/?page_id=14"},{"@type":"ListItem","position":3,"name":"Vitamin B-100 &#8211; 250 vcaps"}]},{"@type":"WebSite","@id":"https:\/\/ecosupplements.ch\/#website","url":"https:\/\/ecosupplements.ch\/","name":"Eco Supplements","description":"","potentialAction":[{"@type":"SearchAction","target":{"@type":"EntryPoint","urlTemplate":"https:\/\/ecosupplements.ch\/?s={search_term_string}"},"query-input":{"@type":"PropertyValueSpecification","valueRequired":true,"valueName":"search_term_string"}}],"inLanguage":"de-CH"}]},"product_price_amount":"50.57","product_price_currency":"CHF","og_availability":"out of stock","product_availability":"out of stock","product_retailer_item_id":"733739004383","product_condition":"new"},"_links":{"self":[{"href":"https:\/\/ecosupplements.ch\/index.php?rest_route=\/wp\/v2\/product\/5306","targetHints":{"allow":["GET"]}}],"collection":[{"href":"https:\/\/ecosupplements.ch\/index.php?rest_route=\/wp\/v2\/product"}],"about":[{"href":"https:\/\/ecosupplements.ch\/index.php?rest_route=\/wp\/v2\/types\/product"}],"replies":[{"embeddable":true,"href":"https:\/\/ecosupplements.ch\/index.php?rest_route=%2Fwp%2Fv2%2Fcomments&post=5306"}],"wp:featuredmedia":[{"embeddable":true,"href":"https:\/\/ecosupplements.ch\/index.php?rest_route=\/wp\/v2\/media\/5307"}],"wp:attachment":[{"href":"https:\/\/ecosupplements.ch\/index.php?rest_route=%2Fwp%2Fv2%2Fmedia&parent=5306"}],"wp:term":[{"taxonomy":"product_brand","embeddable":true,"href":"https:\/\/ecosupplements.ch\/index.php?rest_route=%2Fwp%2Fv2%2Fproduct_brand&post=5306"},{"taxonomy":"product_cat","embeddable":true,"href":"https:\/\/ecosupplements.ch\/index.php?rest_route=%2Fwp%2Fv2%2Fproduct_cat&post=5306"},{"taxonomy":"product_tag","embeddable":true,"href":"https:\/\/ecosupplements.ch\/index.php?rest_route=%2Fwp%2Fv2%2Fproduct_tag&post=5306"}],"curies":[{"name":"wp","href":"https:\/\/api.w.org\/{rel}","templated":true}]}}