{"id":5321,"date":"2026-05-11T15:05:43","date_gmt":"2026-05-11T15:05:43","guid":{"rendered":"https:\/\/ecosupplements.ch\/?product=vitamin-b-50-100-vcaps"},"modified":"2026-05-13T07:23:31","modified_gmt":"2026-05-13T07:23:31","slug":"vitamin-b-50-100-vcaps","status":"publish","type":"product","link":"https:\/\/ecosupplements.ch\/?product=vitamin-b-50-100-vcaps","title":{"rendered":"Vitamin B-50 &#8211; 100 vcaps"},"content":{"rendered":"<div class=\"chcg-product-description\">\n<h2 class=\"chcg-heading\">\u00dcber NOW Foods \u2013 Vitamin B-50 \u2013 100 Vkaps<\/h2>\n<div class=\"chcg-intro\">\n<p>Der Vitamin B-50 Komplex von NOW Foods liefert alle acht essenziellen B-Vitamine in einer einheitlichen Dosierung von je 50 mg pro Kapsel. Dieses ausgewogene Verh\u00e4ltnis unterst\u00fctzt den normalen Energiestoffwechsel, die Funktion des Nervensystems sowie die Verringerung von M\u00fcdigkeit und Ersch\u00f6pfung \u2013 Bereiche, f\u00fcr die B-Vitamine wissenschaftlich anerkannte Wirkungen besitzen.<\/p>\n<p>Die Formel enth\u00e4lt zudem Fols\u00e4ure, Biotin sowie die komplement\u00e4ren N\u00e4hrstoffe PABA, Cholin und Inositol, die in der traditionellen Verwendung h\u00e4ufig zusammen mit dem B-Komplex eingesetzt werden. Alle Inhaltsstoffe sind in einer vegetarischen Kapsel aus Hypromellose (Cellulose) abgef\u00fcllt und damit sowohl f\u00fcr Veganer als auch f\u00fcr Vegetarier geeignet.<\/p>\n<p>NOW Foods steht seit Jahrzehnten f\u00fcr h\u00f6chste Qualit\u00e4tsstandards in der Nahrungserg\u00e4nzung. Die Produktion erfolgt in einer GMP-zertifizierten Anlage, was gleichbleibende Reinheit und Wirkstoffgehalt gew\u00e4hrleistet. Mit 100 Kapseln pro Packung bietet dieses Produkt einen vollen Vorrat f\u00fcr \u00fcber drei Monate bei t\u00e4glicher Einnahme.<\/p>\n<\/p><\/div>\n<div class=\"chcg-nutrition\">\n<h3>N\u00e4hrwertangaben<\/h3>\n<table class=\"chcg-nutrition-table\">\n<thead>\n<tr>\n<th>N\u00e4hrstoff<\/th>\n<th>Pro Portion (1 Veg-Kapsel)<\/th>\n<\/tr>\n<\/thead>\n<tbody>\n<tr>\n<td>Thiamin (Vitamin B-1) (aus Thiaminhydrochlorid)<\/td>\n<td>50 mg (\u2020)<\/td>\n<\/tr>\n<tr>\n<td>Riboflavin (Vitamin B-2)<\/td>\n<td>50 mg (\u2020)<\/td>\n<\/tr>\n<tr>\n<td>Niacin (Vitamin B-3) (als Niacinamid)<\/td>\n<td>50 mg (\u2020)<\/td>\n<\/tr>\n<tr>\n<td>Vitamin B-6 (aus Pyridoxinhydrochlorid)<\/td>\n<td>50 mg (\u2020)<\/td>\n<\/tr>\n<tr>\n<td>Folat (als Fols\u00e4ure)<\/td>\n<td>400 mcg (100%)<\/td>\n<\/tr>\n<tr>\n<td>Vitamin B-12 (als Cyanocobalamin)<\/td>\n<td>50 mcg (\u2020)<\/td>\n<\/tr>\n<tr>\n<td>Biotin<\/td>\n<td>50 mcg (\u2020)<\/td>\n<\/tr>\n<tr>\n<td>Pantothens\u00e4ure (aus Calciumpantothenat)<\/td>\n<td>50 mg (\u2020)<\/td>\n<\/tr>\n<tr>\n<td>PABA (Para-Aminobenzoes\u00e4ure)<\/td>\n<td>25 mg (\u2020)<\/td>\n<\/tr>\n<tr>\n<td>Cholin (aus Cholinbitartrat)<\/td>\n<td>25 mg (\u2020)<\/td>\n<\/tr>\n<tr>\n<td>Inositol<\/td>\n<td>25 mg (\u2020)<\/td>\n<\/tr>\n<\/tbody>\n<\/table>\n<p class=\"chcg-footnote\">\u2020 Kein festgelegter Tagesreferenzwert.<\/p>\n<\/p><\/div>\n<div class=\"chcg-ingredients\">\n<h3>Zutaten<\/h3>\n<p>Thiamin (Vitamin B-1) (aus Thiaminhydrochlorid) 50 mg, Riboflavin (Vitamin B-2) 50 mg, Niacin (Vitamin B-3) (als Niacinamid) 50 mg, Vitamin B-6 (aus Pyridoxinhydrochlorid) 50 mg, Folat (als Fols\u00e4ure) 400 mcg, Vitamin B-12 (als Cyanocobalamin) 50 mcg, Biotin 50 mcg, Pantothens\u00e4ure (aus Calciumpantothenat) 50 mg, PABA (Para-Aminobenzoes\u00e4ure) 25 mg, Cholin (aus Cholinbitartrat) 25 mg, Inositol 25 mg. Weitere Zutaten: Hypromellose (Cellulose-Kapsel), mikrokristalline Cellulose, Siliziumdioxid und Magnesiumstearat (pflanzliche Quelle).<\/p>\n<p class=\"chcg-capsule-shell\">Kapselh\u00fclle: Hypromellose (Cellulose-Kapsel)<\/p>\n<\/p><\/div>\n<div class=\"chcg-dosage\">\n<h3>Verzehrempfehlung<\/h3>\n<p>T\u00e4glich 1 Kapsel zu einer Mahlzeit einnehmen.<\/p>\n<\/p><\/div>\n<div class=\"chcg-warnings\">\n<h3>Warnhinweise<\/h3>\n<p>Nur f\u00fcr Erwachsene. Bei Schwangerschaft oder Stillzeit, bei der Einnahme von Medikamenten oder bei bestehenden medizinischen Erkrankungen vor der Einnahme einen Arzt konsultieren. Ausserhalb der Reichweite von Kindern aufbewahren. Dieses Produkt enth\u00e4lt Biotin, das die Ergebnisse bestimmter Bluttests beeinflussen kann. Nat\u00fcrliche Farbvariationen des Produkts sind m\u00f6glich.<\/p>\n<\/p><\/div>\n<div class=\"chcg-allergens\">\n<h3>Allergeninformationen<\/h3>\n<p>Nicht hergestellt mit Weizen, Gluten, Soja, Milch, Ei, Fisch, Schalentieren oder Baumnuss-Zutaten. Produziert in einer GMP-Anlage, die auch andere Zutaten verarbeitet, welche diese Allergene enthalten.<\/p>\n<\/p><\/div>\n<div class=\"chcg-storage\">\n<h3>Lagerung<\/h3>\n<p>Nach dem \u00d6ffnen an einem k\u00fchlen, trockenen Ort aufbewahren.<\/p>\n<\/p><\/div>\n<div class=\"chcg-dietary\">\n<h3>Ern\u00e4hrungshinweise<\/h3>\n<ul>\n<li>Vegan<\/li>\n<li>Vegetarisch<\/li>\n<li>Glutenfrei<\/li>\n<li>Laktosefrei<\/li>\n<\/ul><\/div>\n<\/div>\n","protected":false},"excerpt":{"rendered":"<p>NOW Foods Vitamin B-50 liefert alle essenziellen B-Vitamine in einer ausgewogenen Dosierung zur Unterst\u00fctzung von Energiestoffwechsel und Nervensystem. 100 vegane Kapseln pro Packung \u2013 vegan und glutenfrei.<\/p>\n","protected":false},"featured_media":5322,"comment_status":"closed","ping_status":"open","template":"","meta":[],"product_brand":[454],"product_cat":[27,48,25,26,22,28,171,21],"product_tag":[],"class_list":{"0":"post-5321","1":"product","2":"type-product","3":"status-publish","4":"has-post-thumbnail","6":"product_brand-nownow-foods","7":"product_cat-einige-vitamine","8":"product_cat-gesunde-ernaehrung","9":"product_cat-gesundheit-und-wohlbefinden","10":"product_cat-multivitamine","11":"product_cat-vegane-produkte","12":"product_cat-vitamin-b","13":"product_cat-vitamine-und-mineralien","14":"product_cat-vitamine-und-mineralstoffe","16":"first","17":"outofstock","18":"taxable","19":"shipping-taxable","20":"purchasable","21":"product-type-simple"},"yoast_head":"<!-- This site is optimized with the Yoast SEO plugin v27.5 - https:\/\/yoast.com\/product\/yoast-seo-wordpress\/ -->\n<title>Vitamin B-50 \u2013 100 Vkaps \u2013 NOW Foods | ecosupplements.ch<\/title>\n<meta name=\"description\" content=\"Vollst\u00e4ndiger B-Vitamin-Komplex von NOW Foods \u2013 50 mg pro B-Vitamin, 100 vegane Kapseln, glutenfrei. Jetzt bestellen.\" \/>\n<meta name=\"robots\" content=\"index, follow, max-snippet:-1, max-image-preview:large, max-video-preview:-1\" \/>\n<link rel=\"canonical\" href=\"https:\/\/ecosupplements.ch\/?product=vitamin-b-50-100-vcaps\" \/>\n<meta property=\"og:locale\" content=\"de_DE\" \/>\n<meta property=\"og:type\" content=\"article\" \/>\n<meta property=\"og:title\" content=\"Vitamin B-50 \u2013 100 Vkaps \u2013 NOW Foods | ecosupplements.ch\" \/>\n<meta property=\"og:description\" content=\"Vollst\u00e4ndiger B-Vitamin-Komplex von NOW Foods \u2013 50 mg pro B-Vitamin, 100 vegane Kapseln, glutenfrei. Jetzt bestellen.\" \/>\n<meta property=\"og:url\" content=\"https:\/\/ecosupplements.ch\/?product=vitamin-b-50-100-vcaps\" \/>\n<meta property=\"og:site_name\" content=\"Eco Supplements\" \/>\n<meta property=\"article:modified_time\" content=\"2026-05-13T07:23:31+00:00\" \/>\n<meta property=\"og:image\" content=\"https:\/\/ecosupplements.ch\/wp-content\/uploads\/2026\/05\/Vitamin-B-50-100-vcaps.webp\" \/>\n\t<meta property=\"og:image:width\" content=\"1000\" \/>\n\t<meta property=\"og:image:height\" content=\"1000\" \/>\n\t<meta property=\"og:image:type\" content=\"image\/jpeg\" \/>\n<meta name=\"twitter:card\" content=\"summary_large_image\" \/>\n<meta name=\"twitter:label1\" content=\"Price\" \/>\n\t<meta name=\"twitter:data1\" content=\"&#067;&#072;&#070;&nbsp;15.95\" \/>\n\t<meta name=\"twitter:label2\" content=\"Availability\" \/>\n\t<meta name=\"twitter:data2\" content=\"Out of stock\" \/>\n<script type=\"application\/ld+json\" class=\"yoast-schema-graph\">{\"@context\":\"https:\\\/\\\/schema.org\",\"@graph\":[{\"@type\":\"WebPage\",\"@id\":\"https:\\\/\\\/ecosupplements.ch\\\/?product=vitamin-b-50-100-vcaps\",\"url\":\"https:\\\/\\\/ecosupplements.ch\\\/?product=vitamin-b-50-100-vcaps\",\"name\":\"Vitamin B-50 \u2013 100 Vkaps \u2013 NOW Foods | ecosupplements.ch\",\"isPartOf\":{\"@id\":\"https:\\\/\\\/ecosupplements.ch\\\/#website\"},\"primaryImageOfPage\":{\"@id\":\"https:\\\/\\\/ecosupplements.ch\\\/?product=vitamin-b-50-100-vcaps#primaryimage\"},\"image\":{\"@id\":\"https:\\\/\\\/ecosupplements.ch\\\/?product=vitamin-b-50-100-vcaps#primaryimage\"},\"thumbnailUrl\":\"https:\\\/\\\/ecosupplements.ch\\\/wp-content\\\/uploads\\\/2026\\\/05\\\/Vitamin-B-50-100-vcaps.webp\",\"datePublished\":\"2026-05-11T15:05:43+00:00\",\"dateModified\":\"2026-05-13T07:23:31+00:00\",\"description\":\"Vollst\u00e4ndiger B-Vitamin-Komplex von NOW Foods \u2013 50 mg pro B-Vitamin, 100 vegane Kapseln, glutenfrei. Jetzt bestellen.\",\"breadcrumb\":{\"@id\":\"https:\\\/\\\/ecosupplements.ch\\\/?product=vitamin-b-50-100-vcaps#breadcrumb\"},\"inLanguage\":\"de-CH\",\"potentialAction\":[{\"@type\":\"ReadAction\",\"target\":[\"https:\\\/\\\/ecosupplements.ch\\\/?product=vitamin-b-50-100-vcaps\"]}]},{\"@type\":\"ImageObject\",\"inLanguage\":\"de-CH\",\"@id\":\"https:\\\/\\\/ecosupplements.ch\\\/?product=vitamin-b-50-100-vcaps#primaryimage\",\"url\":\"https:\\\/\\\/ecosupplements.ch\\\/wp-content\\\/uploads\\\/2026\\\/05\\\/Vitamin-B-50-100-vcaps.webp\",\"contentUrl\":\"https:\\\/\\\/ecosupplements.ch\\\/wp-content\\\/uploads\\\/2026\\\/05\\\/Vitamin-B-50-100-vcaps.webp\",\"width\":1000,\"height\":1000,\"caption\":\"Vitamin B-50 - 100 vcaps\"},{\"@type\":\"BreadcrumbList\",\"@id\":\"https:\\\/\\\/ecosupplements.ch\\\/?product=vitamin-b-50-100-vcaps#breadcrumb\",\"itemListElement\":[{\"@type\":\"ListItem\",\"position\":1,\"name\":\"Home\",\"item\":\"https:\\\/\\\/ecosupplements.ch\\\/\"},{\"@type\":\"ListItem\",\"position\":2,\"name\":\"Shop\",\"item\":\"https:\\\/\\\/ecosupplements.ch\\\/?page_id=14\"},{\"@type\":\"ListItem\",\"position\":3,\"name\":\"Vitamin B-50 &#8211; 100 vcaps\"}]},{\"@type\":\"WebSite\",\"@id\":\"https:\\\/\\\/ecosupplements.ch\\\/#website\",\"url\":\"https:\\\/\\\/ecosupplements.ch\\\/\",\"name\":\"Eco Supplements\",\"description\":\"\",\"potentialAction\":[{\"@type\":\"SearchAction\",\"target\":{\"@type\":\"EntryPoint\",\"urlTemplate\":\"https:\\\/\\\/ecosupplements.ch\\\/?s={search_term_string}\"},\"query-input\":{\"@type\":\"PropertyValueSpecification\",\"valueRequired\":true,\"valueName\":\"search_term_string\"}}],\"inLanguage\":\"de-CH\"}]}<\/script>\n<meta property=\"product:price:amount\" content=\"15.95\" \/>\n<meta property=\"product:price:currency\" content=\"CHF\" \/>\n<meta property=\"og:availability\" content=\"out of stock\" \/>\n<meta property=\"product:availability\" content=\"out of stock\" \/>\n<meta property=\"product:retailer_item_id\" content=\"733739004208\" \/>\n<meta property=\"product:condition\" content=\"new\" \/>\n<!-- \/ Yoast SEO plugin. -->","yoast_head_json":{"title":"Vitamin B-50 \u2013 100 Vkaps \u2013 NOW Foods | ecosupplements.ch","description":"Vollst\u00e4ndiger B-Vitamin-Komplex von NOW Foods \u2013 50 mg pro B-Vitamin, 100 vegane Kapseln, glutenfrei. Jetzt bestellen.","robots":{"index":"index","follow":"follow","max-snippet":"max-snippet:-1","max-image-preview":"max-image-preview:large","max-video-preview":"max-video-preview:-1"},"canonical":"https:\/\/ecosupplements.ch\/?product=vitamin-b-50-100-vcaps","og_locale":"de_DE","og_type":"article","og_title":"Vitamin B-50 \u2013 100 Vkaps \u2013 NOW Foods | ecosupplements.ch","og_description":"Vollst\u00e4ndiger B-Vitamin-Komplex von NOW Foods \u2013 50 mg pro B-Vitamin, 100 vegane Kapseln, glutenfrei. Jetzt bestellen.","og_url":"https:\/\/ecosupplements.ch\/?product=vitamin-b-50-100-vcaps","og_site_name":"Eco Supplements","article_modified_time":"2026-05-13T07:23:31+00:00","og_image":[{"width":1000,"height":1000,"url":"https:\/\/ecosupplements.ch\/wp-content\/uploads\/2026\/05\/Vitamin-B-50-100-vcaps.webp","type":"image\/jpeg"}],"twitter_card":"summary_large_image","twitter_misc":{"Price":"&#67;&#72;&#70;&nbsp;15.95","Availability":"Out of stock"},"schema":{"@context":"https:\/\/schema.org","@graph":[{"@type":"WebPage","@id":"https:\/\/ecosupplements.ch\/?product=vitamin-b-50-100-vcaps","url":"https:\/\/ecosupplements.ch\/?product=vitamin-b-50-100-vcaps","name":"Vitamin B-50 \u2013 100 Vkaps \u2013 NOW Foods | ecosupplements.ch","isPartOf":{"@id":"https:\/\/ecosupplements.ch\/#website"},"primaryImageOfPage":{"@id":"https:\/\/ecosupplements.ch\/?product=vitamin-b-50-100-vcaps#primaryimage"},"image":{"@id":"https:\/\/ecosupplements.ch\/?product=vitamin-b-50-100-vcaps#primaryimage"},"thumbnailUrl":"https:\/\/ecosupplements.ch\/wp-content\/uploads\/2026\/05\/Vitamin-B-50-100-vcaps.webp","datePublished":"2026-05-11T15:05:43+00:00","dateModified":"2026-05-13T07:23:31+00:00","description":"Vollst\u00e4ndiger B-Vitamin-Komplex von NOW Foods \u2013 50 mg pro B-Vitamin, 100 vegane Kapseln, glutenfrei. Jetzt bestellen.","breadcrumb":{"@id":"https:\/\/ecosupplements.ch\/?product=vitamin-b-50-100-vcaps#breadcrumb"},"inLanguage":"de-CH","potentialAction":[{"@type":"ReadAction","target":["https:\/\/ecosupplements.ch\/?product=vitamin-b-50-100-vcaps"]}]},{"@type":"ImageObject","inLanguage":"de-CH","@id":"https:\/\/ecosupplements.ch\/?product=vitamin-b-50-100-vcaps#primaryimage","url":"https:\/\/ecosupplements.ch\/wp-content\/uploads\/2026\/05\/Vitamin-B-50-100-vcaps.webp","contentUrl":"https:\/\/ecosupplements.ch\/wp-content\/uploads\/2026\/05\/Vitamin-B-50-100-vcaps.webp","width":1000,"height":1000,"caption":"Vitamin B-50 - 100 vcaps"},{"@type":"BreadcrumbList","@id":"https:\/\/ecosupplements.ch\/?product=vitamin-b-50-100-vcaps#breadcrumb","itemListElement":[{"@type":"ListItem","position":1,"name":"Home","item":"https:\/\/ecosupplements.ch\/"},{"@type":"ListItem","position":2,"name":"Shop","item":"https:\/\/ecosupplements.ch\/?page_id=14"},{"@type":"ListItem","position":3,"name":"Vitamin B-50 &#8211; 100 vcaps"}]},{"@type":"WebSite","@id":"https:\/\/ecosupplements.ch\/#website","url":"https:\/\/ecosupplements.ch\/","name":"Eco Supplements","description":"","potentialAction":[{"@type":"SearchAction","target":{"@type":"EntryPoint","urlTemplate":"https:\/\/ecosupplements.ch\/?s={search_term_string}"},"query-input":{"@type":"PropertyValueSpecification","valueRequired":true,"valueName":"search_term_string"}}],"inLanguage":"de-CH"}]},"product_price_amount":"15.95","product_price_currency":"CHF","og_availability":"out of stock","product_availability":"out of stock","product_retailer_item_id":"733739004208","product_condition":"new"},"_links":{"self":[{"href":"https:\/\/ecosupplements.ch\/index.php?rest_route=\/wp\/v2\/product\/5321","targetHints":{"allow":["GET"]}}],"collection":[{"href":"https:\/\/ecosupplements.ch\/index.php?rest_route=\/wp\/v2\/product"}],"about":[{"href":"https:\/\/ecosupplements.ch\/index.php?rest_route=\/wp\/v2\/types\/product"}],"replies":[{"embeddable":true,"href":"https:\/\/ecosupplements.ch\/index.php?rest_route=%2Fwp%2Fv2%2Fcomments&post=5321"}],"wp:featuredmedia":[{"embeddable":true,"href":"https:\/\/ecosupplements.ch\/index.php?rest_route=\/wp\/v2\/media\/5322"}],"wp:attachment":[{"href":"https:\/\/ecosupplements.ch\/index.php?rest_route=%2Fwp%2Fv2%2Fmedia&parent=5321"}],"wp:term":[{"taxonomy":"product_brand","embeddable":true,"href":"https:\/\/ecosupplements.ch\/index.php?rest_route=%2Fwp%2Fv2%2Fproduct_brand&post=5321"},{"taxonomy":"product_cat","embeddable":true,"href":"https:\/\/ecosupplements.ch\/index.php?rest_route=%2Fwp%2Fv2%2Fproduct_cat&post=5321"},{"taxonomy":"product_tag","embeddable":true,"href":"https:\/\/ecosupplements.ch\/index.php?rest_route=%2Fwp%2Fv2%2Fproduct_tag&post=5321"}],"curies":[{"name":"wp","href":"https:\/\/api.w.org\/{rel}","templated":true}]}}