{"id":5324,"date":"2026-05-11T15:05:45","date_gmt":"2026-05-11T15:05:45","guid":{"rendered":"https:\/\/ecosupplements.ch\/?product=vitamin-b-6-100mg-100-caps"},"modified":"2026-05-13T07:23:31","modified_gmt":"2026-05-13T07:23:31","slug":"vitamin-b-6-100mg-100-caps","status":"publish","type":"product","link":"https:\/\/ecosupplements.ch\/?product=vitamin-b-6-100mg-100-caps","title":{"rendered":"Vitamin B-6, 100mg &#8211; 100 caps"},"content":{"rendered":"<div class=\"chcg-product-description\">\n<h2 class=\"chcg-heading\">\u00dcber NOW Foods \u2013 Vitamin B-6, 100mg \u2013 100 Kapseln<\/h2>\n<div class=\"chcg-intro\">\n<p>Vitamin B-6 ist ein wasserl\u00f6sliches Vitamin, das eine zentrale Rolle in zahlreichen Stoffwechselprozessen spielt. Es tr\u00e4gt zur normalen Funktion des Nervensystems, zur Regulierung der Hormont\u00e4tigkeit sowie zur Verringerung von M\u00fcdigkeit und Ersch\u00f6pfung bei. Als Pyridoxinhydrochlorid liegt es in einer gut verf\u00fcgbaren Form vor, die vom K\u00f6rper effizient aufgenommen werden kann.<\/p>\n<p>NOW Foods Vitamin B-6 liefert 100 mg pro Kapsel und eignet sich f\u00fcr Personen, die ihren Bedarf gezielt und unkompliziert decken m\u00f6chten. Die Formulierung kommt ohne unn\u00f6tige Zusatzstoffe aus und wird in einer GMP-zertifizierten Produktionsst\u00e4tte hergestellt \u2013 f\u00fcr gleichbleibend hohe Qualit\u00e4t und Reinheit.<\/p>\n<p>Das Produkt ist in praktischen Einzelkapseln erh\u00e4ltlich und l\u00e4sst sich einfach in den Alltag integrieren. Mit 100 Kapseln pro Packung bietet es einen Vorrat f\u00fcr rund drei Monate bei t\u00e4glicher Einnahme.<\/p>\n<\/p><\/div>\n<div class=\"chcg-nutrition\">\n<h3>N\u00e4hrwertangaben<\/h3>\n<table class=\"chcg-nutrition-table\">\n<thead>\n<tr>\n<th>N\u00e4hrstoff<\/th>\n<th>Pro Portion (1 Kapsel)<\/th>\n<\/tr>\n<\/thead>\n<tbody>\n<tr>\n<td>Vitamin B-6 (als Pyridoxinhydrochlorid)<\/td>\n<td>100 mg (7143% NRV)<\/td>\n<\/tr>\n<\/tbody>\n<\/table>\n<p class=\"chcg-footnote\">NRV = N\u00e4hrstoffbezugswert gem\u00e4ss EU-Verordnung 1169\/2011.<\/p>\n<\/p><\/div>\n<div class=\"chcg-ingredients\">\n<h3>Zutaten<\/h3>\n<p>Vitamin B-6 (als Pyridoxinhydrochlorid) 100 mg. Weitere Zutaten: Reismehl und Gelatine (Kapsel).<\/p>\n<p class=\"chcg-capsule-shell\">Kapselh\u00fclle: Gelatine (gem\u00e4ss eingereichtem Etikett); die aktuelle offizielle Produktseite von NOW Foods gibt Hydroxypropylmethylcellulose (pflanzliche Kapsel) an \u2013 m\u00f6glicherweise aufgrund einer Formel\u00e4nderung. Bitte das Etikett der erhaltenen Charge zur Best\u00e4tigung pr\u00fcfen.<\/p>\n<\/p><\/div>\n<div class=\"chcg-dosage\">\n<h3>Verzehrempfehlung<\/h3>\n<p>1 Kapsel t\u00e4glich einnehmen, vorzugsweise zu den Mahlzeiten.<\/p>\n<\/p><\/div>\n<div class=\"chcg-warnings\">\n<h3>Warnhinweise<\/h3>\n<p>Eine langfristige Einnahme kann zu leichtem Kribbeln und Taubheitsgef\u00fchl f\u00fchren. Die empfohlene Tagesdosis nicht \u00fcberschreiten. Nur f\u00fcr Erwachsene. Bei Schwangerschaft oder Stillzeit, bei der Einnahme von Medikamenten oder bei bestehenden gesundheitlichen Beschwerden vor der Anwendung einen Arzt konsultieren. Ausserhalb der Reichweite von Kindern aufbewahren.<\/p>\n<\/p><\/div>\n<div class=\"chcg-allergens\">\n<h3>Allergeninformationen<\/h3>\n<p>Nicht hergestellt mit Weizen, Gluten, Soja, Milch, Ei, Fisch, Schalentieren oder Baumnuss-Zutaten. Produziert in einer GMP-Anlage, die andere Zutaten verarbeitet, welche diese Allergene enthalten k\u00f6nnen.<\/p>\n<\/p><\/div>\n<div class=\"chcg-storage\">\n<h3>Lagerung<\/h3>\n<p>Nach dem \u00d6ffnen an einem k\u00fchlen, trockenen Ort lagern.<\/p>\n<\/p><\/div>\n<div class=\"chcg-dietary\">\n<h3>Ern\u00e4hrungshinweise<\/h3>\n<ul>\n<li>Glutenfrei<\/li>\n<li>Laktosefrei<\/li>\n<\/ul><\/div>\n<\/div>\n","protected":false},"excerpt":{"rendered":"<p>NOW Foods Vitamin B-6 liefert 100 mg Pyridoxinhydrochlorid pro Kapsel zur Unterst\u00fctzung des normalen Nervensystems und Stoffwechsels. Erh\u00e4ltlich als 100 Kapseln pro Packung \u2013 glutenfrei und laktosefrei.<\/p>\n","protected":false},"featured_media":5325,"comment_status":"closed","ping_status":"open","template":"","meta":[],"product_brand":[454],"product_cat":[122,27,48,22,28,21],"product_tag":[],"class_list":{"0":"post-5324","1":"product","2":"type-product","3":"status-publish","4":"has-post-thumbnail","6":"product_brand-nownow-foods","7":"product_cat-b6","8":"product_cat-einige-vitamine","9":"product_cat-gesunde-ernaehrung","10":"product_cat-vegane-produkte","11":"product_cat-vitamin-b","12":"product_cat-vitamine-und-mineralstoffe","14":"first","15":"outofstock","16":"taxable","17":"shipping-taxable","18":"purchasable","19":"product-type-simple"},"yoast_head":"<!-- This site is optimized with the Yoast SEO plugin v27.5 - https:\/\/yoast.com\/product\/yoast-seo-wordpress\/ -->\n<title>Vitamin B-6 100mg \u2013 NOW Foods | ecosupplements.ch<\/title>\n<meta name=\"description\" content=\"NOW Foods Vitamin B-6 mit 100 mg pro Kapsel unterst\u00fctzt Nervensystem und Stoffwechsel \u2013 100 Kapseln, glutenfrei. Jetzt bestellen.\" \/>\n<meta name=\"robots\" content=\"index, follow, max-snippet:-1, max-image-preview:large, max-video-preview:-1\" \/>\n<link rel=\"canonical\" href=\"https:\/\/ecosupplements.ch\/?product=vitamin-b-6-100mg-100-caps\" \/>\n<meta property=\"og:locale\" content=\"de_DE\" \/>\n<meta property=\"og:type\" content=\"article\" \/>\n<meta property=\"og:title\" content=\"Vitamin B-6 100mg \u2013 NOW Foods | ecosupplements.ch\" \/>\n<meta property=\"og:description\" content=\"NOW Foods Vitamin B-6 mit 100 mg pro Kapsel unterst\u00fctzt Nervensystem und Stoffwechsel \u2013 100 Kapseln, glutenfrei. Jetzt bestellen.\" \/>\n<meta property=\"og:url\" content=\"https:\/\/ecosupplements.ch\/?product=vitamin-b-6-100mg-100-caps\" \/>\n<meta property=\"og:site_name\" content=\"Eco Supplements\" \/>\n<meta property=\"article:modified_time\" content=\"2026-05-13T07:23:31+00:00\" \/>\n<meta property=\"og:image\" content=\"https:\/\/ecosupplements.ch\/wp-content\/uploads\/2026\/05\/Vitamin-B-6-100mg-100-caps.webp\" \/>\n\t<meta property=\"og:image:width\" content=\"1000\" \/>\n\t<meta property=\"og:image:height\" content=\"1000\" \/>\n\t<meta property=\"og:image:type\" content=\"image\/jpeg\" \/>\n<meta name=\"twitter:card\" content=\"summary_large_image\" \/>\n<meta name=\"twitter:label1\" content=\"Price\" \/>\n\t<meta name=\"twitter:data1\" content=\"&#067;&#072;&#070;&nbsp;8.09\" \/>\n\t<meta name=\"twitter:label2\" content=\"Availability\" \/>\n\t<meta name=\"twitter:data2\" content=\"Out of stock\" \/>\n<script type=\"application\/ld+json\" class=\"yoast-schema-graph\">{\"@context\":\"https:\\\/\\\/schema.org\",\"@graph\":[{\"@type\":\"WebPage\",\"@id\":\"https:\\\/\\\/ecosupplements.ch\\\/?product=vitamin-b-6-100mg-100-caps\",\"url\":\"https:\\\/\\\/ecosupplements.ch\\\/?product=vitamin-b-6-100mg-100-caps\",\"name\":\"Vitamin B-6 100mg \u2013 NOW Foods | ecosupplements.ch\",\"isPartOf\":{\"@id\":\"https:\\\/\\\/ecosupplements.ch\\\/#website\"},\"primaryImageOfPage\":{\"@id\":\"https:\\\/\\\/ecosupplements.ch\\\/?product=vitamin-b-6-100mg-100-caps#primaryimage\"},\"image\":{\"@id\":\"https:\\\/\\\/ecosupplements.ch\\\/?product=vitamin-b-6-100mg-100-caps#primaryimage\"},\"thumbnailUrl\":\"https:\\\/\\\/ecosupplements.ch\\\/wp-content\\\/uploads\\\/2026\\\/05\\\/Vitamin-B-6-100mg-100-caps.webp\",\"datePublished\":\"2026-05-11T15:05:45+00:00\",\"dateModified\":\"2026-05-13T07:23:31+00:00\",\"description\":\"NOW Foods Vitamin B-6 mit 100 mg pro Kapsel unterst\u00fctzt Nervensystem und Stoffwechsel \u2013 100 Kapseln, glutenfrei. Jetzt bestellen.\",\"breadcrumb\":{\"@id\":\"https:\\\/\\\/ecosupplements.ch\\\/?product=vitamin-b-6-100mg-100-caps#breadcrumb\"},\"inLanguage\":\"de-CH\",\"potentialAction\":[{\"@type\":\"ReadAction\",\"target\":[\"https:\\\/\\\/ecosupplements.ch\\\/?product=vitamin-b-6-100mg-100-caps\"]}]},{\"@type\":\"ImageObject\",\"inLanguage\":\"de-CH\",\"@id\":\"https:\\\/\\\/ecosupplements.ch\\\/?product=vitamin-b-6-100mg-100-caps#primaryimage\",\"url\":\"https:\\\/\\\/ecosupplements.ch\\\/wp-content\\\/uploads\\\/2026\\\/05\\\/Vitamin-B-6-100mg-100-caps.webp\",\"contentUrl\":\"https:\\\/\\\/ecosupplements.ch\\\/wp-content\\\/uploads\\\/2026\\\/05\\\/Vitamin-B-6-100mg-100-caps.webp\",\"width\":1000,\"height\":1000,\"caption\":\"Vitamin B-6\"},{\"@type\":\"BreadcrumbList\",\"@id\":\"https:\\\/\\\/ecosupplements.ch\\\/?product=vitamin-b-6-100mg-100-caps#breadcrumb\",\"itemListElement\":[{\"@type\":\"ListItem\",\"position\":1,\"name\":\"Home\",\"item\":\"https:\\\/\\\/ecosupplements.ch\\\/\"},{\"@type\":\"ListItem\",\"position\":2,\"name\":\"Shop\",\"item\":\"https:\\\/\\\/ecosupplements.ch\\\/?page_id=14\"},{\"@type\":\"ListItem\",\"position\":3,\"name\":\"Vitamin B-6, 100mg &#8211; 100 caps\"}]},{\"@type\":\"WebSite\",\"@id\":\"https:\\\/\\\/ecosupplements.ch\\\/#website\",\"url\":\"https:\\\/\\\/ecosupplements.ch\\\/\",\"name\":\"Eco Supplements\",\"description\":\"\",\"potentialAction\":[{\"@type\":\"SearchAction\",\"target\":{\"@type\":\"EntryPoint\",\"urlTemplate\":\"https:\\\/\\\/ecosupplements.ch\\\/?s={search_term_string}\"},\"query-input\":{\"@type\":\"PropertyValueSpecification\",\"valueRequired\":true,\"valueName\":\"search_term_string\"}}],\"inLanguage\":\"de-CH\"}]}<\/script>\n<meta property=\"product:price:amount\" content=\"8.09\" \/>\n<meta property=\"product:price:currency\" content=\"CHF\" \/>\n<meta property=\"og:availability\" content=\"out of stock\" \/>\n<meta property=\"product:availability\" content=\"out of stock\" \/>\n<meta property=\"product:retailer_item_id\" content=\"733739004567\" \/>\n<meta property=\"product:condition\" content=\"new\" \/>\n<!-- \/ Yoast SEO plugin. -->","yoast_head_json":{"title":"Vitamin B-6 100mg \u2013 NOW Foods | ecosupplements.ch","description":"NOW Foods Vitamin B-6 mit 100 mg pro Kapsel unterst\u00fctzt Nervensystem und Stoffwechsel \u2013 100 Kapseln, glutenfrei. Jetzt bestellen.","robots":{"index":"index","follow":"follow","max-snippet":"max-snippet:-1","max-image-preview":"max-image-preview:large","max-video-preview":"max-video-preview:-1"},"canonical":"https:\/\/ecosupplements.ch\/?product=vitamin-b-6-100mg-100-caps","og_locale":"de_DE","og_type":"article","og_title":"Vitamin B-6 100mg \u2013 NOW Foods | ecosupplements.ch","og_description":"NOW Foods Vitamin B-6 mit 100 mg pro Kapsel unterst\u00fctzt Nervensystem und Stoffwechsel \u2013 100 Kapseln, glutenfrei. Jetzt bestellen.","og_url":"https:\/\/ecosupplements.ch\/?product=vitamin-b-6-100mg-100-caps","og_site_name":"Eco Supplements","article_modified_time":"2026-05-13T07:23:31+00:00","og_image":[{"width":1000,"height":1000,"url":"https:\/\/ecosupplements.ch\/wp-content\/uploads\/2026\/05\/Vitamin-B-6-100mg-100-caps.webp","type":"image\/jpeg"}],"twitter_card":"summary_large_image","twitter_misc":{"Price":"&#67;&#72;&#70;&nbsp;8.09","Availability":"Out of stock"},"schema":{"@context":"https:\/\/schema.org","@graph":[{"@type":"WebPage","@id":"https:\/\/ecosupplements.ch\/?product=vitamin-b-6-100mg-100-caps","url":"https:\/\/ecosupplements.ch\/?product=vitamin-b-6-100mg-100-caps","name":"Vitamin B-6 100mg \u2013 NOW Foods | ecosupplements.ch","isPartOf":{"@id":"https:\/\/ecosupplements.ch\/#website"},"primaryImageOfPage":{"@id":"https:\/\/ecosupplements.ch\/?product=vitamin-b-6-100mg-100-caps#primaryimage"},"image":{"@id":"https:\/\/ecosupplements.ch\/?product=vitamin-b-6-100mg-100-caps#primaryimage"},"thumbnailUrl":"https:\/\/ecosupplements.ch\/wp-content\/uploads\/2026\/05\/Vitamin-B-6-100mg-100-caps.webp","datePublished":"2026-05-11T15:05:45+00:00","dateModified":"2026-05-13T07:23:31+00:00","description":"NOW Foods Vitamin B-6 mit 100 mg pro Kapsel unterst\u00fctzt Nervensystem und Stoffwechsel \u2013 100 Kapseln, glutenfrei. Jetzt bestellen.","breadcrumb":{"@id":"https:\/\/ecosupplements.ch\/?product=vitamin-b-6-100mg-100-caps#breadcrumb"},"inLanguage":"de-CH","potentialAction":[{"@type":"ReadAction","target":["https:\/\/ecosupplements.ch\/?product=vitamin-b-6-100mg-100-caps"]}]},{"@type":"ImageObject","inLanguage":"de-CH","@id":"https:\/\/ecosupplements.ch\/?product=vitamin-b-6-100mg-100-caps#primaryimage","url":"https:\/\/ecosupplements.ch\/wp-content\/uploads\/2026\/05\/Vitamin-B-6-100mg-100-caps.webp","contentUrl":"https:\/\/ecosupplements.ch\/wp-content\/uploads\/2026\/05\/Vitamin-B-6-100mg-100-caps.webp","width":1000,"height":1000,"caption":"Vitamin B-6"},{"@type":"BreadcrumbList","@id":"https:\/\/ecosupplements.ch\/?product=vitamin-b-6-100mg-100-caps#breadcrumb","itemListElement":[{"@type":"ListItem","position":1,"name":"Home","item":"https:\/\/ecosupplements.ch\/"},{"@type":"ListItem","position":2,"name":"Shop","item":"https:\/\/ecosupplements.ch\/?page_id=14"},{"@type":"ListItem","position":3,"name":"Vitamin B-6, 100mg &#8211; 100 caps"}]},{"@type":"WebSite","@id":"https:\/\/ecosupplements.ch\/#website","url":"https:\/\/ecosupplements.ch\/","name":"Eco Supplements","description":"","potentialAction":[{"@type":"SearchAction","target":{"@type":"EntryPoint","urlTemplate":"https:\/\/ecosupplements.ch\/?s={search_term_string}"},"query-input":{"@type":"PropertyValueSpecification","valueRequired":true,"valueName":"search_term_string"}}],"inLanguage":"de-CH"}]},"product_price_amount":"8.09","product_price_currency":"CHF","og_availability":"out of stock","product_availability":"out of stock","product_retailer_item_id":"733739004567","product_condition":"new"},"_links":{"self":[{"href":"https:\/\/ecosupplements.ch\/index.php?rest_route=\/wp\/v2\/product\/5324","targetHints":{"allow":["GET"]}}],"collection":[{"href":"https:\/\/ecosupplements.ch\/index.php?rest_route=\/wp\/v2\/product"}],"about":[{"href":"https:\/\/ecosupplements.ch\/index.php?rest_route=\/wp\/v2\/types\/product"}],"replies":[{"embeddable":true,"href":"https:\/\/ecosupplements.ch\/index.php?rest_route=%2Fwp%2Fv2%2Fcomments&post=5324"}],"wp:featuredmedia":[{"embeddable":true,"href":"https:\/\/ecosupplements.ch\/index.php?rest_route=\/wp\/v2\/media\/5325"}],"wp:attachment":[{"href":"https:\/\/ecosupplements.ch\/index.php?rest_route=%2Fwp%2Fv2%2Fmedia&parent=5324"}],"wp:term":[{"taxonomy":"product_brand","embeddable":true,"href":"https:\/\/ecosupplements.ch\/index.php?rest_route=%2Fwp%2Fv2%2Fproduct_brand&post=5324"},{"taxonomy":"product_cat","embeddable":true,"href":"https:\/\/ecosupplements.ch\/index.php?rest_route=%2Fwp%2Fv2%2Fproduct_cat&post=5324"},{"taxonomy":"product_tag","embeddable":true,"href":"https:\/\/ecosupplements.ch\/index.php?rest_route=%2Fwp%2Fv2%2Fproduct_tag&post=5324"}],"curies":[{"name":"wp","href":"https:\/\/api.w.org\/{rel}","templated":true}]}}