{"id":5348,"date":"2026-05-11T15:05:56","date_gmt":"2026-05-11T15:05:56","guid":{"rendered":"https:\/\/ecosupplements.ch\/?product=vitamin-d-1000-iu-vegetarian-dry-120-vcaps"},"modified":"2026-05-13T07:22:40","modified_gmt":"2026-05-13T07:22:40","slug":"vitamin-d-1000-iu-vegetarian-dry-120-vcaps","status":"publish","type":"product","link":"https:\/\/ecosupplements.ch\/?product=vitamin-d-1000-iu-vegetarian-dry-120-vcaps","title":{"rendered":"Vitamin D, 1000 IU Vegetarian &#8211; Dry &#8211; 120 vcaps"},"content":{"rendered":"<div class=\"chcg-product-description\">\n<h2 class=\"chcg-heading\">\u00dcber NOW Foods \u2013 Vitamin D, 1000 IU Vegetarisch \u2013 Trocken \u2013 120 vcaps<\/h2>\n<div class=\"chcg-intro\">\n<p>Vitamin D ist ein fettl\u00f6sliches Vitamin, das eine wichtige Rolle f\u00fcr die normale Funktion des Immunsystems sowie f\u00fcr die Erhaltung normaler Knochen und Z\u00e4hne spielt. Da die k\u00f6rpereigene Vitamin-D-Synthese stark von der Sonneneinstrahlung abh\u00e4ngt, kann eine gezielte Erg\u00e4nzung \u2013 insbesondere in den Herbst- und Wintermonaten \u2013 sinnvoll sein. NOW Foods bietet dieses Vitamin D als Ergocalciferol (D2) in einer trocken formulierten Variante an, was die Stabilit\u00e4t des Wirkstoffs unterst\u00fctzt.<\/p>\n<p>Jede vegetarische Kapsel liefert 25 mcg (1000 IU) Vitamin D2 \u2013 das entspricht 500 % des N\u00e4hrstoffreferenzwerts gem\u00e4ss EU-Kennzeichnung. Die Trockenzubereitung verzichtet auf \u00f6lige Tr\u00e4ger und eignet sich damit besonders f\u00fcr Personen, die eine fettfreie Darreichungsform bevorzugen. Die Kapselh\u00fclle besteht aus Hypromellose (pflanzliche Zellulose) und ist sowohl f\u00fcr Veganerinnen und Veganer als auch f\u00fcr Vegetarierinnen und Vegetarier geeignet.<\/p>\n<p>NOW Foods ist ein seit Jahrzehnten etablierter Hersteller aus den USA, der auf eine konsequente Qualit\u00e4tssicherung nach GMP-Standards setzt. Das Produkt enth\u00e4lt 120 Kapseln \u2013 ein grossz\u00fcgiger Vorrat f\u00fcr eine t\u00e4gliche Anwendung \u00fcber vier Monate.<\/p>\n<\/p><\/div>\n<div class=\"chcg-nutrition\">\n<h3>N\u00e4hrwertangaben<\/h3>\n<table class=\"chcg-nutrition-table\">\n<thead>\n<tr>\n<th>N\u00e4hrstoff<\/th>\n<th>Pro Portion (1 Kapsel)<\/th>\n<\/tr>\n<\/thead>\n<tbody>\n<tr>\n<td>Vitamin D2 (als Ergocalciferol)<\/td>\n<td>25 mcg \/ 1000 IU (500 % NRW*)<\/td>\n<\/tr>\n<\/tbody>\n<\/table>\n<p class=\"chcg-footnote\">* N\u00e4hrstoffreferenzwert (NRW) gem\u00e4ss EU-Kennzeichnung.<\/p>\n<\/p><\/div>\n<div class=\"chcg-ingredients\">\n<h3>Zutaten<\/h3>\n<p>Vitamin D2 (als Ergocalciferol) 25 mcg (1000 IU). Weitere Zutaten: Reismehl, Hypromellose (Zellulosekapselh\u00fclle), Stearins\u00e4ure (pflanzliche Quelle), Maltodextrin (nicht-GVO), Siliziumdioxid, Ethylzellulose, gemischte Tocopherole (aus Sonnenblume) und mittelkettige Triglyceride.<\/p>\n<p class=\"chcg-capsule-shell\">Kapselh\u00fclle: Hypromellose (Zellulosekapselh\u00fclle)<\/p>\n<\/p><\/div>\n<div class=\"chcg-dosage\">\n<h3>Verzehrempfehlung<\/h3>\n<p>T\u00e4glich 1 Kapsel zu einer Mahlzeit einnehmen.<\/p>\n<\/p><\/div>\n<div class=\"chcg-warnings\">\n<h3>Warnhinweise<\/h3>\n<p>Nur f\u00fcr Erwachsene. Bei Schwangerschaft oder Stillzeit, bei Einnahme von Medikamenten oder bei bestehenden gesundheitlichen Beschwerden vor der Einnahme eine \u00c4rztin oder einen Arzt konsultieren. Ausserhalb der Reichweite von Kindern aufbewahren.<\/p>\n<\/p><\/div>\n<div class=\"chcg-allergens\">\n<h3>Allergeninformationen<\/h3>\n<p>Nicht hergestellt mit Weizen, Gluten, Soja, Milch, Ei, Fisch, Schalentieren, Baumn\u00fcssen oder Sesam. Produziert in einem GMP-Betrieb, der andere Zutaten verarbeitet, die diese Allergene enthalten k\u00f6nnen.<\/p>\n<\/p><\/div>\n<div class=\"chcg-storage\">\n<h3>Lagerung<\/h3>\n<p>Nach dem \u00d6ffnen an einem k\u00fchlen, trockenen Ort aufbewahren.<\/p>\n<\/p><\/div>\n<div class=\"chcg-dietary\">\n<h3>Ern\u00e4hrungshinweise<\/h3>\n<ul>\n<li>Vegan<\/li>\n<li>Vegetarisch<\/li>\n<li>Glutenfrei<\/li>\n<li>Laktosefrei<\/li>\n<\/ul><\/div>\n<\/div>\n","protected":false},"excerpt":{"rendered":"<p>NOW Foods Vitamin D 1000 IU liefert 25 mcg Vitamin D2 (Ergocalciferol) zur Unterst\u00fctzung von Immunsystem und Knochen. Vegane Trockenkapseln, 120 St\u00fcck pro Packung \u2013 ideal f\u00fcr die t\u00e4gliche Einnahme.<\/p>\n","protected":false},"featured_media":5349,"comment_status":"closed","ping_status":"open","template":"","meta":[],"product_brand":[454],"product_cat":[27,48,26,30,171,21],"product_tag":[],"class_list":{"0":"post-5348","1":"product","2":"type-product","3":"status-publish","4":"has-post-thumbnail","6":"product_brand-nownow-foods","7":"product_cat-einige-vitamine","8":"product_cat-gesunde-ernaehrung","9":"product_cat-multivitamine","10":"product_cat-vitamin-d","11":"product_cat-vitamine-und-mineralien","12":"product_cat-vitamine-und-mineralstoffe","14":"first","15":"outofstock","16":"taxable","17":"shipping-taxable","18":"purchasable","19":"product-type-simple"},"yoast_head":"<!-- This site is optimized with the Yoast SEO plugin v27.5 - https:\/\/yoast.com\/product\/yoast-seo-wordpress\/ -->\n<title>Vitamin D 1000 IU Trocken \u2013 NOW Foods | ecosupplements.ch<\/title>\n<meta name=\"description\" content=\"NOW Foods Vitamin D 1000 IU als vegane Trockenkapsel \u2013 120 Kapseln f\u00fcr Immunsystem und Knochen. Jetzt bestellen.\" \/>\n<meta name=\"robots\" content=\"index, follow, max-snippet:-1, max-image-preview:large, max-video-preview:-1\" \/>\n<link rel=\"canonical\" href=\"https:\/\/ecosupplements.ch\/?product=vitamin-d-1000-iu-vegetarian-dry-120-vcaps\" \/>\n<meta property=\"og:locale\" content=\"de_DE\" \/>\n<meta property=\"og:type\" content=\"article\" \/>\n<meta property=\"og:title\" content=\"Vitamin D 1000 IU Trocken \u2013 NOW Foods | ecosupplements.ch\" \/>\n<meta property=\"og:description\" content=\"NOW Foods Vitamin D 1000 IU als vegane Trockenkapsel \u2013 120 Kapseln f\u00fcr Immunsystem und Knochen. Jetzt bestellen.\" \/>\n<meta property=\"og:url\" content=\"https:\/\/ecosupplements.ch\/?product=vitamin-d-1000-iu-vegetarian-dry-120-vcaps\" \/>\n<meta property=\"og:site_name\" content=\"Eco Supplements\" \/>\n<meta property=\"article:modified_time\" content=\"2026-05-13T07:22:40+00:00\" \/>\n<meta property=\"og:image\" content=\"https:\/\/ecosupplements.ch\/wp-content\/uploads\/2026\/05\/Vitamin-D-1000-IU-Vegetarian-Dry-120-vcaps.webp\" \/>\n\t<meta property=\"og:image:width\" content=\"1000\" \/>\n\t<meta property=\"og:image:height\" content=\"1000\" \/>\n\t<meta property=\"og:image:type\" content=\"image\/jpeg\" \/>\n<meta name=\"twitter:card\" content=\"summary_large_image\" \/>\n<meta name=\"twitter:label1\" content=\"Price\" \/>\n\t<meta name=\"twitter:data1\" content=\"&#067;&#072;&#070;&nbsp;9.97\" \/>\n\t<meta name=\"twitter:label2\" content=\"Availability\" \/>\n\t<meta name=\"twitter:data2\" content=\"Out of stock\" \/>\n<script type=\"application\/ld+json\" class=\"yoast-schema-graph\">{\"@context\":\"https:\\\/\\\/schema.org\",\"@graph\":[{\"@type\":\"WebPage\",\"@id\":\"https:\\\/\\\/ecosupplements.ch\\\/?product=vitamin-d-1000-iu-vegetarian-dry-120-vcaps\",\"url\":\"https:\\\/\\\/ecosupplements.ch\\\/?product=vitamin-d-1000-iu-vegetarian-dry-120-vcaps\",\"name\":\"Vitamin D 1000 IU Trocken \u2013 NOW Foods | ecosupplements.ch\",\"isPartOf\":{\"@id\":\"https:\\\/\\\/ecosupplements.ch\\\/#website\"},\"primaryImageOfPage\":{\"@id\":\"https:\\\/\\\/ecosupplements.ch\\\/?product=vitamin-d-1000-iu-vegetarian-dry-120-vcaps#primaryimage\"},\"image\":{\"@id\":\"https:\\\/\\\/ecosupplements.ch\\\/?product=vitamin-d-1000-iu-vegetarian-dry-120-vcaps#primaryimage\"},\"thumbnailUrl\":\"https:\\\/\\\/ecosupplements.ch\\\/wp-content\\\/uploads\\\/2026\\\/05\\\/Vitamin-D-1000-IU-Vegetarian-Dry-120-vcaps.webp\",\"datePublished\":\"2026-05-11T15:05:56+00:00\",\"dateModified\":\"2026-05-13T07:22:40+00:00\",\"description\":\"NOW Foods Vitamin D 1000 IU als vegane Trockenkapsel \u2013 120 Kapseln f\u00fcr Immunsystem und Knochen. Jetzt bestellen.\",\"breadcrumb\":{\"@id\":\"https:\\\/\\\/ecosupplements.ch\\\/?product=vitamin-d-1000-iu-vegetarian-dry-120-vcaps#breadcrumb\"},\"inLanguage\":\"de-CH\",\"potentialAction\":[{\"@type\":\"ReadAction\",\"target\":[\"https:\\\/\\\/ecosupplements.ch\\\/?product=vitamin-d-1000-iu-vegetarian-dry-120-vcaps\"]}]},{\"@type\":\"ImageObject\",\"inLanguage\":\"de-CH\",\"@id\":\"https:\\\/\\\/ecosupplements.ch\\\/?product=vitamin-d-1000-iu-vegetarian-dry-120-vcaps#primaryimage\",\"url\":\"https:\\\/\\\/ecosupplements.ch\\\/wp-content\\\/uploads\\\/2026\\\/05\\\/Vitamin-D-1000-IU-Vegetarian-Dry-120-vcaps.webp\",\"contentUrl\":\"https:\\\/\\\/ecosupplements.ch\\\/wp-content\\\/uploads\\\/2026\\\/05\\\/Vitamin-D-1000-IU-Vegetarian-Dry-120-vcaps.webp\",\"width\":1000,\"height\":1000,\"caption\":\"Vitamin D\"},{\"@type\":\"BreadcrumbList\",\"@id\":\"https:\\\/\\\/ecosupplements.ch\\\/?product=vitamin-d-1000-iu-vegetarian-dry-120-vcaps#breadcrumb\",\"itemListElement\":[{\"@type\":\"ListItem\",\"position\":1,\"name\":\"Home\",\"item\":\"https:\\\/\\\/ecosupplements.ch\\\/\"},{\"@type\":\"ListItem\",\"position\":2,\"name\":\"Shop\",\"item\":\"https:\\\/\\\/ecosupplements.ch\\\/?page_id=14\"},{\"@type\":\"ListItem\",\"position\":3,\"name\":\"Vitamin D, 1000 IU Vegetarian &#8211; Dry &#8211; 120 vcaps\"}]},{\"@type\":\"WebSite\",\"@id\":\"https:\\\/\\\/ecosupplements.ch\\\/#website\",\"url\":\"https:\\\/\\\/ecosupplements.ch\\\/\",\"name\":\"Eco Supplements\",\"description\":\"\",\"potentialAction\":[{\"@type\":\"SearchAction\",\"target\":{\"@type\":\"EntryPoint\",\"urlTemplate\":\"https:\\\/\\\/ecosupplements.ch\\\/?s={search_term_string}\"},\"query-input\":{\"@type\":\"PropertyValueSpecification\",\"valueRequired\":true,\"valueName\":\"search_term_string\"}}],\"inLanguage\":\"de-CH\"}]}<\/script>\n<meta property=\"product:price:amount\" content=\"9.97\" \/>\n<meta property=\"product:price:currency\" content=\"CHF\" \/>\n<meta property=\"og:availability\" content=\"out of stock\" \/>\n<meta property=\"product:availability\" content=\"out of stock\" \/>\n<meta property=\"product:retailer_item_id\" content=\"733739003683\" \/>\n<meta property=\"product:condition\" content=\"new\" \/>\n<!-- \/ Yoast SEO plugin. -->","yoast_head_json":{"title":"Vitamin D 1000 IU Trocken \u2013 NOW Foods | ecosupplements.ch","description":"NOW Foods Vitamin D 1000 IU als vegane Trockenkapsel \u2013 120 Kapseln f\u00fcr Immunsystem und Knochen. Jetzt bestellen.","robots":{"index":"index","follow":"follow","max-snippet":"max-snippet:-1","max-image-preview":"max-image-preview:large","max-video-preview":"max-video-preview:-1"},"canonical":"https:\/\/ecosupplements.ch\/?product=vitamin-d-1000-iu-vegetarian-dry-120-vcaps","og_locale":"de_DE","og_type":"article","og_title":"Vitamin D 1000 IU Trocken \u2013 NOW Foods | ecosupplements.ch","og_description":"NOW Foods Vitamin D 1000 IU als vegane Trockenkapsel \u2013 120 Kapseln f\u00fcr Immunsystem und Knochen. Jetzt bestellen.","og_url":"https:\/\/ecosupplements.ch\/?product=vitamin-d-1000-iu-vegetarian-dry-120-vcaps","og_site_name":"Eco Supplements","article_modified_time":"2026-05-13T07:22:40+00:00","og_image":[{"width":1000,"height":1000,"url":"https:\/\/ecosupplements.ch\/wp-content\/uploads\/2026\/05\/Vitamin-D-1000-IU-Vegetarian-Dry-120-vcaps.webp","type":"image\/jpeg"}],"twitter_card":"summary_large_image","twitter_misc":{"Price":"&#67;&#72;&#70;&nbsp;9.97","Availability":"Out of stock"},"schema":{"@context":"https:\/\/schema.org","@graph":[{"@type":"WebPage","@id":"https:\/\/ecosupplements.ch\/?product=vitamin-d-1000-iu-vegetarian-dry-120-vcaps","url":"https:\/\/ecosupplements.ch\/?product=vitamin-d-1000-iu-vegetarian-dry-120-vcaps","name":"Vitamin D 1000 IU Trocken \u2013 NOW Foods | ecosupplements.ch","isPartOf":{"@id":"https:\/\/ecosupplements.ch\/#website"},"primaryImageOfPage":{"@id":"https:\/\/ecosupplements.ch\/?product=vitamin-d-1000-iu-vegetarian-dry-120-vcaps#primaryimage"},"image":{"@id":"https:\/\/ecosupplements.ch\/?product=vitamin-d-1000-iu-vegetarian-dry-120-vcaps#primaryimage"},"thumbnailUrl":"https:\/\/ecosupplements.ch\/wp-content\/uploads\/2026\/05\/Vitamin-D-1000-IU-Vegetarian-Dry-120-vcaps.webp","datePublished":"2026-05-11T15:05:56+00:00","dateModified":"2026-05-13T07:22:40+00:00","description":"NOW Foods Vitamin D 1000 IU als vegane Trockenkapsel \u2013 120 Kapseln f\u00fcr Immunsystem und Knochen. Jetzt bestellen.","breadcrumb":{"@id":"https:\/\/ecosupplements.ch\/?product=vitamin-d-1000-iu-vegetarian-dry-120-vcaps#breadcrumb"},"inLanguage":"de-CH","potentialAction":[{"@type":"ReadAction","target":["https:\/\/ecosupplements.ch\/?product=vitamin-d-1000-iu-vegetarian-dry-120-vcaps"]}]},{"@type":"ImageObject","inLanguage":"de-CH","@id":"https:\/\/ecosupplements.ch\/?product=vitamin-d-1000-iu-vegetarian-dry-120-vcaps#primaryimage","url":"https:\/\/ecosupplements.ch\/wp-content\/uploads\/2026\/05\/Vitamin-D-1000-IU-Vegetarian-Dry-120-vcaps.webp","contentUrl":"https:\/\/ecosupplements.ch\/wp-content\/uploads\/2026\/05\/Vitamin-D-1000-IU-Vegetarian-Dry-120-vcaps.webp","width":1000,"height":1000,"caption":"Vitamin D"},{"@type":"BreadcrumbList","@id":"https:\/\/ecosupplements.ch\/?product=vitamin-d-1000-iu-vegetarian-dry-120-vcaps#breadcrumb","itemListElement":[{"@type":"ListItem","position":1,"name":"Home","item":"https:\/\/ecosupplements.ch\/"},{"@type":"ListItem","position":2,"name":"Shop","item":"https:\/\/ecosupplements.ch\/?page_id=14"},{"@type":"ListItem","position":3,"name":"Vitamin D, 1000 IU Vegetarian &#8211; Dry &#8211; 120 vcaps"}]},{"@type":"WebSite","@id":"https:\/\/ecosupplements.ch\/#website","url":"https:\/\/ecosupplements.ch\/","name":"Eco Supplements","description":"","potentialAction":[{"@type":"SearchAction","target":{"@type":"EntryPoint","urlTemplate":"https:\/\/ecosupplements.ch\/?s={search_term_string}"},"query-input":{"@type":"PropertyValueSpecification","valueRequired":true,"valueName":"search_term_string"}}],"inLanguage":"de-CH"}]},"product_price_amount":"9.97","product_price_currency":"CHF","og_availability":"out of stock","product_availability":"out of stock","product_retailer_item_id":"733739003683","product_condition":"new"},"_links":{"self":[{"href":"https:\/\/ecosupplements.ch\/index.php?rest_route=\/wp\/v2\/product\/5348","targetHints":{"allow":["GET"]}}],"collection":[{"href":"https:\/\/ecosupplements.ch\/index.php?rest_route=\/wp\/v2\/product"}],"about":[{"href":"https:\/\/ecosupplements.ch\/index.php?rest_route=\/wp\/v2\/types\/product"}],"replies":[{"embeddable":true,"href":"https:\/\/ecosupplements.ch\/index.php?rest_route=%2Fwp%2Fv2%2Fcomments&post=5348"}],"wp:featuredmedia":[{"embeddable":true,"href":"https:\/\/ecosupplements.ch\/index.php?rest_route=\/wp\/v2\/media\/5349"}],"wp:attachment":[{"href":"https:\/\/ecosupplements.ch\/index.php?rest_route=%2Fwp%2Fv2%2Fmedia&parent=5348"}],"wp:term":[{"taxonomy":"product_brand","embeddable":true,"href":"https:\/\/ecosupplements.ch\/index.php?rest_route=%2Fwp%2Fv2%2Fproduct_brand&post=5348"},{"taxonomy":"product_cat","embeddable":true,"href":"https:\/\/ecosupplements.ch\/index.php?rest_route=%2Fwp%2Fv2%2Fproduct_cat&post=5348"},{"taxonomy":"product_tag","embeddable":true,"href":"https:\/\/ecosupplements.ch\/index.php?rest_route=%2Fwp%2Fv2%2Fproduct_tag&post=5348"}],"curies":[{"name":"wp","href":"https:\/\/api.w.org\/{rel}","templated":true}]}}