{"id":5351,"date":"2026-05-11T15:05:58","date_gmt":"2026-05-11T15:05:58","guid":{"rendered":"https:\/\/ecosupplements.ch\/?product=vitamin-d-3-k-2-120-caps"},"modified":"2026-05-13T07:23:32","modified_gmt":"2026-05-13T07:23:32","slug":"vitamin-d-3-k-2-120-caps","status":"publish","type":"product","link":"https:\/\/ecosupplements.ch\/?product=vitamin-d-3-k-2-120-caps","title":{"rendered":"Vitamin D-3 &amp; K-2 &#8211; 120 caps"},"content":{"rendered":"<div class=\"chcg-product-description\">\n<h2 class=\"chcg-heading\">\u00dcber NOW Foods \u2013 Vitamin D-3 &amp; K-2 \u2013 120 Kapseln<\/h2>\n<div class=\"chcg-intro\">\n<p>Vitamin D3 und K2 sind zwei N\u00e4hrstoffe, die im K\u00f6rper eng zusammenwirken. Vitamin D3 (Cholecalciferol) tr\u00e4gt zur normalen Aufnahme von Calcium und Phosphor bei und unterst\u00fctzt die Erhaltung normaler Knochen und Z\u00e4hne sowie eine normale Muskelfunktion. Gleichzeitig spielt Vitamin K2 (als Menaquinon-4, MK-4) eine wichtige Rolle f\u00fcr die normale Blutgerinnung sowie die Erhaltung normaler Knochen.<\/p>\n<p>NOW Foods kombiniert in dieser Formel 25 mcg (1&#8217;000 IU) Vitamin D3 aus Lanolin mit 45 mcg Vitamin K2 in einer einzigen vegetarischen Kapsel. Diese sorgf\u00e4ltig abgestimmte Kombination eignet sich f\u00fcr all jene, die eine gezielte Erg\u00e4nzung dieser beiden Vitamine in praktischer Kapselform suchen.<\/p>\n<p>NOW Foods steht seit Jahrzehnten f\u00fcr qualitativ hochwertige Nahrungserg\u00e4nzungsmittel zu fairen Preisen. Die Produkte werden in GMP-zertifizierten Anlagen hergestellt und sind auf Qualit\u00e4t, Reinheit und Wirkstoffgehalt gepr\u00fcft.<\/p>\n<\/p><\/div>\n<div class=\"chcg-nutrition\">\n<h3>N\u00e4hrwertangaben<\/h3>\n<table class=\"chcg-nutrition-table\">\n<thead>\n<tr>\n<th>N\u00e4hrstoff<\/th>\n<th>Pro Portion (1 Kapsel)<\/th>\n<\/tr>\n<\/thead>\n<tbody>\n<tr>\n<td>Vitamin D (als D3 Cholecalciferol) (aus Lanolin)<\/td>\n<td>25 mcg (1&#8217;000 IU) (500% NRW)<\/td>\n<\/tr>\n<tr>\n<td>Vitamin K2 (als Menaquinon-4) (MK-4)<\/td>\n<td>45 mcg (60% NRW)<\/td>\n<\/tr>\n<\/tbody>\n<\/table>\n<p class=\"chcg-footnote\">NRW = N\u00e4hrwert-Referenzwert gem\u00e4ss EU\/Schweizer Kennzeichnungsvorschriften.<\/p>\n<\/p><\/div>\n<div class=\"chcg-ingredients\">\n<h3>Zutaten<\/h3>\n<p>Vitamin D (als D3 Cholecalciferol) (aus Lanolin) 25 mcg (1&#8217;000 IU), Vitamin K2 (als Menaquinon-4) (MK-4) 45 mcg. Weitere Zutaten: Reismehl, Hydroxypropylmethylcellulose (Cellulose-Kapsel), Ascorbylpalmitat und Siliciumdioxid.<\/p>\n<p class=\"chcg-capsule-shell\">Kapselh\u00fclle: Hydroxypropylmethylcellulose (Cellulose-Kapsel)<\/p>\n<\/p><\/div>\n<div class=\"chcg-dosage\">\n<h3>Verzehrempfehlung<\/h3>\n<p>1 Kapsel 1- bis 2-mal t\u00e4glich zu einer Mahlzeit einnehmen.<\/p>\n<\/p><\/div>\n<div class=\"chcg-warnings\">\n<h3>Warnhinweise<\/h3>\n<p>Nur f\u00fcr Erwachsene. Bei Schwangerschaft oder Stillzeit, bei der Einnahme von Antikoagulanzien (wie Warfarin, Cumarin, Heparin) oder anderen Medikamenten sowie bei bestehenden gesundheitlichen Beschwerden ist vor der Einnahme ein Arzt zu konsultieren. Ausserhalb der Reichweite von Kindern aufbewahren. Das Frischepacket nicht verzehren \u2013 im Beh\u00e4lter belassen. Nat\u00fcrliche Farbschwankungen sind bei diesem Produkt m\u00f6glich.<\/p>\n<\/p><\/div>\n<div class=\"chcg-allergens\">\n<h3>Allergeninformationen<\/h3>\n<p>Nicht hergestellt mit Weizen, Gluten, Soja, Milch, Ei, Fisch, Schalentieren oder Sesam. Produziert in einer GMP-zertifizierten Anlage, in der auch andere Zutaten verarbeitet werden, die diese Allergene enthalten k\u00f6nnen.<\/p>\n<\/p><\/div>\n<div class=\"chcg-storage\">\n<h3>Lagerung<\/h3>\n<p>Nach dem \u00d6ffnen an einem k\u00fchlen, trockenen Ort aufbewahren.<\/p>\n<\/p><\/div>\n<div class=\"chcg-dietary\">\n<h3>Ern\u00e4hrungshinweise<\/h3>\n<ul>\n<li>Vegetarisch<\/li>\n<li>Glutenfrei<\/li>\n<li>Laktosefrei<\/li>\n<\/ul><\/div>\n<\/div>\n","protected":false},"excerpt":{"rendered":"<p>NOW Foods Vitamin D-3 &amp; K-2 liefert 1&#8217;000 IU Vitamin D3 und 45 mcg Vitamin K2 (MK-4) zur Unterst\u00fctzung von Knochen und normaler Blutgerinnung. Erh\u00e4ltlich als vegetarische Kapseln, 120 St\u00fcck pro Packung.<\/p>\n","protected":false},"featured_media":5352,"comment_status":"closed","ping_status":"open","template":"","meta":[],"product_brand":[454],"product_cat":[27,48,25,26,99,30,31,171,21],"product_tag":[],"class_list":{"0":"post-5351","1":"product","2":"type-product","3":"status-publish","4":"has-post-thumbnail","6":"product_brand-nownow-foods","7":"product_cat-einige-vitamine","8":"product_cat-gesunde-ernaehrung","9":"product_cat-gesundheit-und-wohlbefinden","10":"product_cat-multivitamine","11":"product_cat-unterstuetzung-fuer-die-gelenke","12":"product_cat-vitamin-d","13":"product_cat-vitamin-k","14":"product_cat-vitamine-und-mineralien","15":"product_cat-vitamine-und-mineralstoffe","17":"first","18":"outofstock","19":"taxable","20":"shipping-taxable","21":"purchasable","22":"product-type-simple"},"yoast_head":"<!-- This site is optimized with the Yoast SEO plugin v27.5 - https:\/\/yoast.com\/product\/yoast-seo-wordpress\/ -->\n<title>Vitamin D-3 &amp; K-2 120 Kapseln \u2013 NOW Foods | ecosupplements.ch<\/title>\n<meta name=\"description\" content=\"NOW Foods Vitamin D-3 &amp; K-2 kombiniert 1&#039;000 IU D3 und 45 mcg K2 (MK-4) in einer vegetarischen Kapsel \u2013 120 St\u00fcck pro Packung. Jetzt bestellen.\" \/>\n<meta name=\"robots\" content=\"index, follow, max-snippet:-1, max-image-preview:large, max-video-preview:-1\" \/>\n<link rel=\"canonical\" href=\"https:\/\/ecosupplements.ch\/?product=vitamin-d-3-k-2-120-caps\" \/>\n<meta property=\"og:locale\" content=\"de_DE\" \/>\n<meta property=\"og:type\" content=\"article\" \/>\n<meta property=\"og:title\" content=\"Vitamin D-3 &amp; K-2 120 Kapseln \u2013 NOW Foods | ecosupplements.ch\" \/>\n<meta property=\"og:description\" content=\"NOW Foods Vitamin D-3 &amp; K-2 kombiniert 1&#039;000 IU D3 und 45 mcg K2 (MK-4) in einer vegetarischen Kapsel \u2013 120 St\u00fcck pro Packung. Jetzt bestellen.\" \/>\n<meta property=\"og:url\" content=\"https:\/\/ecosupplements.ch\/?product=vitamin-d-3-k-2-120-caps\" \/>\n<meta property=\"og:site_name\" content=\"Eco Supplements\" \/>\n<meta property=\"article:modified_time\" content=\"2026-05-13T07:23:32+00:00\" \/>\n<meta property=\"og:image\" content=\"https:\/\/ecosupplements.ch\/wp-content\/uploads\/2026\/05\/Vitamin-D-3-K-2-120-caps.webp\" \/>\n\t<meta property=\"og:image:width\" content=\"1000\" \/>\n\t<meta property=\"og:image:height\" content=\"1000\" \/>\n\t<meta property=\"og:image:type\" content=\"image\/jpeg\" \/>\n<meta name=\"twitter:card\" content=\"summary_large_image\" \/>\n<meta name=\"twitter:label1\" content=\"Price\" \/>\n\t<meta name=\"twitter:data1\" content=\"&#067;&#072;&#070;&nbsp;12.55\" \/>\n\t<meta name=\"twitter:label2\" content=\"Availability\" \/>\n\t<meta name=\"twitter:data2\" content=\"Out of stock\" \/>\n<script type=\"application\/ld+json\" class=\"yoast-schema-graph\">{\"@context\":\"https:\\\/\\\/schema.org\",\"@graph\":[{\"@type\":\"WebPage\",\"@id\":\"https:\\\/\\\/ecosupplements.ch\\\/?product=vitamin-d-3-k-2-120-caps\",\"url\":\"https:\\\/\\\/ecosupplements.ch\\\/?product=vitamin-d-3-k-2-120-caps\",\"name\":\"Vitamin D-3 & K-2 120 Kapseln \u2013 NOW Foods | ecosupplements.ch\",\"isPartOf\":{\"@id\":\"https:\\\/\\\/ecosupplements.ch\\\/#website\"},\"primaryImageOfPage\":{\"@id\":\"https:\\\/\\\/ecosupplements.ch\\\/?product=vitamin-d-3-k-2-120-caps#primaryimage\"},\"image\":{\"@id\":\"https:\\\/\\\/ecosupplements.ch\\\/?product=vitamin-d-3-k-2-120-caps#primaryimage\"},\"thumbnailUrl\":\"https:\\\/\\\/ecosupplements.ch\\\/wp-content\\\/uploads\\\/2026\\\/05\\\/Vitamin-D-3-K-2-120-caps.webp\",\"datePublished\":\"2026-05-11T15:05:58+00:00\",\"dateModified\":\"2026-05-13T07:23:32+00:00\",\"description\":\"NOW Foods Vitamin D-3 & K-2 kombiniert 1'000 IU D3 und 45 mcg K2 (MK-4) in einer vegetarischen Kapsel \u2013 120 St\u00fcck pro Packung. Jetzt bestellen.\",\"breadcrumb\":{\"@id\":\"https:\\\/\\\/ecosupplements.ch\\\/?product=vitamin-d-3-k-2-120-caps#breadcrumb\"},\"inLanguage\":\"de-CH\",\"potentialAction\":[{\"@type\":\"ReadAction\",\"target\":[\"https:\\\/\\\/ecosupplements.ch\\\/?product=vitamin-d-3-k-2-120-caps\"]}]},{\"@type\":\"ImageObject\",\"inLanguage\":\"de-CH\",\"@id\":\"https:\\\/\\\/ecosupplements.ch\\\/?product=vitamin-d-3-k-2-120-caps#primaryimage\",\"url\":\"https:\\\/\\\/ecosupplements.ch\\\/wp-content\\\/uploads\\\/2026\\\/05\\\/Vitamin-D-3-K-2-120-caps.webp\",\"contentUrl\":\"https:\\\/\\\/ecosupplements.ch\\\/wp-content\\\/uploads\\\/2026\\\/05\\\/Vitamin-D-3-K-2-120-caps.webp\",\"width\":1000,\"height\":1000,\"caption\":\"Vitamin D-3 & K-2 - 120 caps\"},{\"@type\":\"BreadcrumbList\",\"@id\":\"https:\\\/\\\/ecosupplements.ch\\\/?product=vitamin-d-3-k-2-120-caps#breadcrumb\",\"itemListElement\":[{\"@type\":\"ListItem\",\"position\":1,\"name\":\"Home\",\"item\":\"https:\\\/\\\/ecosupplements.ch\\\/\"},{\"@type\":\"ListItem\",\"position\":2,\"name\":\"Shop\",\"item\":\"https:\\\/\\\/ecosupplements.ch\\\/?page_id=14\"},{\"@type\":\"ListItem\",\"position\":3,\"name\":\"Vitamin D-3 &amp; K-2 &#8211; 120 caps\"}]},{\"@type\":\"WebSite\",\"@id\":\"https:\\\/\\\/ecosupplements.ch\\\/#website\",\"url\":\"https:\\\/\\\/ecosupplements.ch\\\/\",\"name\":\"Eco Supplements\",\"description\":\"\",\"potentialAction\":[{\"@type\":\"SearchAction\",\"target\":{\"@type\":\"EntryPoint\",\"urlTemplate\":\"https:\\\/\\\/ecosupplements.ch\\\/?s={search_term_string}\"},\"query-input\":{\"@type\":\"PropertyValueSpecification\",\"valueRequired\":true,\"valueName\":\"search_term_string\"}}],\"inLanguage\":\"de-CH\"}]}<\/script>\n<meta property=\"product:price:amount\" content=\"12.55\" \/>\n<meta property=\"product:price:currency\" content=\"CHF\" \/>\n<meta property=\"og:availability\" content=\"out of stock\" \/>\n<meta property=\"product:availability\" content=\"out of stock\" \/>\n<meta property=\"product:retailer_item_id\" content=\"733739003690\" \/>\n<meta property=\"product:condition\" content=\"new\" \/>\n<!-- \/ Yoast SEO plugin. -->","yoast_head_json":{"title":"Vitamin D-3 & K-2 120 Kapseln \u2013 NOW Foods | ecosupplements.ch","description":"NOW Foods Vitamin D-3 & K-2 kombiniert 1'000 IU D3 und 45 mcg K2 (MK-4) in einer vegetarischen Kapsel \u2013 120 St\u00fcck pro Packung. Jetzt bestellen.","robots":{"index":"index","follow":"follow","max-snippet":"max-snippet:-1","max-image-preview":"max-image-preview:large","max-video-preview":"max-video-preview:-1"},"canonical":"https:\/\/ecosupplements.ch\/?product=vitamin-d-3-k-2-120-caps","og_locale":"de_DE","og_type":"article","og_title":"Vitamin D-3 & K-2 120 Kapseln \u2013 NOW Foods | ecosupplements.ch","og_description":"NOW Foods Vitamin D-3 & K-2 kombiniert 1'000 IU D3 und 45 mcg K2 (MK-4) in einer vegetarischen Kapsel \u2013 120 St\u00fcck pro Packung. Jetzt bestellen.","og_url":"https:\/\/ecosupplements.ch\/?product=vitamin-d-3-k-2-120-caps","og_site_name":"Eco Supplements","article_modified_time":"2026-05-13T07:23:32+00:00","og_image":[{"width":1000,"height":1000,"url":"https:\/\/ecosupplements.ch\/wp-content\/uploads\/2026\/05\/Vitamin-D-3-K-2-120-caps.webp","type":"image\/jpeg"}],"twitter_card":"summary_large_image","twitter_misc":{"Price":"&#67;&#72;&#70;&nbsp;12.55","Availability":"Out of stock"},"schema":{"@context":"https:\/\/schema.org","@graph":[{"@type":"WebPage","@id":"https:\/\/ecosupplements.ch\/?product=vitamin-d-3-k-2-120-caps","url":"https:\/\/ecosupplements.ch\/?product=vitamin-d-3-k-2-120-caps","name":"Vitamin D-3 & K-2 120 Kapseln \u2013 NOW Foods | ecosupplements.ch","isPartOf":{"@id":"https:\/\/ecosupplements.ch\/#website"},"primaryImageOfPage":{"@id":"https:\/\/ecosupplements.ch\/?product=vitamin-d-3-k-2-120-caps#primaryimage"},"image":{"@id":"https:\/\/ecosupplements.ch\/?product=vitamin-d-3-k-2-120-caps#primaryimage"},"thumbnailUrl":"https:\/\/ecosupplements.ch\/wp-content\/uploads\/2026\/05\/Vitamin-D-3-K-2-120-caps.webp","datePublished":"2026-05-11T15:05:58+00:00","dateModified":"2026-05-13T07:23:32+00:00","description":"NOW Foods Vitamin D-3 & K-2 kombiniert 1'000 IU D3 und 45 mcg K2 (MK-4) in einer vegetarischen Kapsel \u2013 120 St\u00fcck pro Packung. Jetzt bestellen.","breadcrumb":{"@id":"https:\/\/ecosupplements.ch\/?product=vitamin-d-3-k-2-120-caps#breadcrumb"},"inLanguage":"de-CH","potentialAction":[{"@type":"ReadAction","target":["https:\/\/ecosupplements.ch\/?product=vitamin-d-3-k-2-120-caps"]}]},{"@type":"ImageObject","inLanguage":"de-CH","@id":"https:\/\/ecosupplements.ch\/?product=vitamin-d-3-k-2-120-caps#primaryimage","url":"https:\/\/ecosupplements.ch\/wp-content\/uploads\/2026\/05\/Vitamin-D-3-K-2-120-caps.webp","contentUrl":"https:\/\/ecosupplements.ch\/wp-content\/uploads\/2026\/05\/Vitamin-D-3-K-2-120-caps.webp","width":1000,"height":1000,"caption":"Vitamin D-3 & K-2 - 120 caps"},{"@type":"BreadcrumbList","@id":"https:\/\/ecosupplements.ch\/?product=vitamin-d-3-k-2-120-caps#breadcrumb","itemListElement":[{"@type":"ListItem","position":1,"name":"Home","item":"https:\/\/ecosupplements.ch\/"},{"@type":"ListItem","position":2,"name":"Shop","item":"https:\/\/ecosupplements.ch\/?page_id=14"},{"@type":"ListItem","position":3,"name":"Vitamin D-3 &amp; K-2 &#8211; 120 caps"}]},{"@type":"WebSite","@id":"https:\/\/ecosupplements.ch\/#website","url":"https:\/\/ecosupplements.ch\/","name":"Eco Supplements","description":"","potentialAction":[{"@type":"SearchAction","target":{"@type":"EntryPoint","urlTemplate":"https:\/\/ecosupplements.ch\/?s={search_term_string}"},"query-input":{"@type":"PropertyValueSpecification","valueRequired":true,"valueName":"search_term_string"}}],"inLanguage":"de-CH"}]},"product_price_amount":"12.55","product_price_currency":"CHF","og_availability":"out of stock","product_availability":"out of stock","product_retailer_item_id":"733739003690","product_condition":"new"},"_links":{"self":[{"href":"https:\/\/ecosupplements.ch\/index.php?rest_route=\/wp\/v2\/product\/5351","targetHints":{"allow":["GET"]}}],"collection":[{"href":"https:\/\/ecosupplements.ch\/index.php?rest_route=\/wp\/v2\/product"}],"about":[{"href":"https:\/\/ecosupplements.ch\/index.php?rest_route=\/wp\/v2\/types\/product"}],"replies":[{"embeddable":true,"href":"https:\/\/ecosupplements.ch\/index.php?rest_route=%2Fwp%2Fv2%2Fcomments&post=5351"}],"wp:featuredmedia":[{"embeddable":true,"href":"https:\/\/ecosupplements.ch\/index.php?rest_route=\/wp\/v2\/media\/5352"}],"wp:attachment":[{"href":"https:\/\/ecosupplements.ch\/index.php?rest_route=%2Fwp%2Fv2%2Fmedia&parent=5351"}],"wp:term":[{"taxonomy":"product_brand","embeddable":true,"href":"https:\/\/ecosupplements.ch\/index.php?rest_route=%2Fwp%2Fv2%2Fproduct_brand&post=5351"},{"taxonomy":"product_cat","embeddable":true,"href":"https:\/\/ecosupplements.ch\/index.php?rest_route=%2Fwp%2Fv2%2Fproduct_cat&post=5351"},{"taxonomy":"product_tag","embeddable":true,"href":"https:\/\/ecosupplements.ch\/index.php?rest_route=%2Fwp%2Fv2%2Fproduct_tag&post=5351"}],"curies":[{"name":"wp","href":"https:\/\/api.w.org\/{rel}","templated":true}]}}