{"id":5354,"date":"2026-05-11T15:05:59","date_gmt":"2026-05-11T15:05:59","guid":{"rendered":"https:\/\/ecosupplements.ch\/?product=vitamin-d-3-cream-118-ml"},"modified":"2026-05-13T07:23:32","modified_gmt":"2026-05-13T07:23:32","slug":"vitamin-d-3-cream-118-ml","status":"publish","type":"product","link":"https:\/\/ecosupplements.ch\/?product=vitamin-d-3-cream-118-ml","title":{"rendered":"Vitamin D-3 Cream &#8211; 118 ml."},"content":{"rendered":"<div class=\"chcg-product-description\">\n<h2 class=\"chcg-heading\">\u00dcber NOW Foods \u2013 Vitamin D-3 Creme \u2013 118 ml<\/h2>\n<div class=\"chcg-intro\">\n<p>Die Vitamin D-3 Creme von NOW Foods vereint drei fettl\u00f6sliche Vitamine \u2013 Vitamin D-3 (Cholecalciferol), Vitamin A (Retinyl Palmitat) und Vitamin E (Tocopherol) \u2013 in einer pflegenden Hautcreme. Pro 1 g (ca. \u00bc Teel\u00f6ffel) Anwendungsmenge liefert sie 1&#8217;000 IU Vitamin D-3, 500 IU Vitamin A sowie 50 IU Vitamin E direkt auf die Haut aufgetragen.<\/p>\n<p>Die Formel ist mit hochwertigen Pflegestoffen wie Sheabutter, Jojoba\u00f6l, Meadowfoam-Samen\u00f6l, Squalan und Natriumhyaluronat angereichert, die die Haut intensiv mit Feuchtigkeit versorgen und geschmeidig halten. Panthenol und Aloe-Vera-Blattsaftpulver (aus biologischem Anbau) erg\u00e4nzen die Rezeptur um weitere hautpflegende Eigenschaften.<\/p>\n<p>NOW Foods steht seit Jahrzehnten f\u00fcr qualit\u00e4tsbewusste Nahrungserg\u00e4nzungs- und K\u00f6rperpflegeprodukte. Die NOW Solutions-Linie wird nicht an Tieren getestet und richtet sich an Verbraucher, die Wert auf verantwortungsvolle Inhaltsstoffe und nachhaltige Herstellung legen.<\/p>\n<\/p><\/div>\n<div class=\"chcg-nutrition\">\n<h3>N\u00e4hrwertangaben<\/h3>\n<table class=\"chcg-nutrition-table\">\n<thead>\n<tr>\n<th>N\u00e4hrstoff<\/th>\n<th>Pro Portion (1 g \/ \u00bc TL)<\/th>\n<\/tr>\n<\/thead>\n<tbody>\n<tr>\n<td>Vitamin D-3 (Cholecalciferol)<\/td>\n<td>1&#8217;000 IU<\/td>\n<\/tr>\n<tr>\n<td>Vitamin A (Retinyl Palmitat)<\/td>\n<td>500 IU<\/td>\n<\/tr>\n<tr>\n<td>Vitamin E (Tocopherol)<\/td>\n<td>50 IU<\/td>\n<\/tr>\n<\/tbody>\n<\/table><\/div>\n<div class=\"chcg-ingredients\">\n<h3>Zutaten<\/h3>\n<p>Water (Aqua), Glyceryl Stearate SE, Glycerin, Tocopherol (Vitamin E), Butyrospermum Parkii (Shea) Butter, Cetearyl Alcohol and Cetearyl Glucoside, Caprylic\/Capric Triglyceride, Cetyl Alcohol, Stearic Acid, Sunflower Lecithin and Benzyl Alcohol, Caprylhydroxamic Acid &amp; Glyceryl Caprylate, Panthenol, Simmondsia Chinensis (Jojoba) Seed Oil, Limnanthes Alba (Meadowfoam) Seed Oil, Squalane, Xanthan Gum, Sodium Hyaluronate, Cholecalciferol (Vitamin D-3), Retinyl Palmitate (Vitamin A), Sodium Ascorbyl Phosphate, Aloe Barbadensis Leaf Juice Powder*, Orange-Grapefruit Aroma, Potassium Sorbate, Citric Acid.<\/p>\n<p>*Aus biologischem Anbau<\/p>\n<\/p><\/div>\n<div class=\"chcg-dosage\">\n<h3>Verzehrempfehlung<\/h3>\n<p>Zur intensiven Pflege und Feuchtigkeitsversorgung der Haut t\u00e4glich \u00bc Teel\u00f6ffel (ca. 1 g) auf die Haut auftragen. Jede Portion von 1 g (\u00bc Teel\u00f6ffel) enth\u00e4lt 1&#8217;000 IU Vitamin D-3, 500 IU Vitamin A und 50 IU Vitamin E.<\/p>\n<\/p><\/div>\n<div class=\"chcg-warnings\">\n<h3>Warnhinweise<\/h3>\n<p>Nur zur \u00e4usserlichen Anwendung. NOW Solutions-Produkte werden nicht an Tieren getestet. \u00c4ltere Formelversionen k\u00f6nnen Xylitol enthalten, welches f\u00fcr Haustiere sch\u00e4dlich ist. Ausserhalb der Reichweite von Kindern aufbewahren.<\/p>\n<\/p><\/div>\n<div class=\"chcg-allergens\">\n<h3>Allergeninformationen<\/h3>\n<p>Enth\u00e4lt Soja (Tocopherol aus Soja). Enth\u00e4lt Schalenfr\u00fcchte\/Baumfr\u00fcchte (Sheabutter). \u00c4ltere Formelversionen k\u00f6nnen Xylitol enthalten, welches f\u00fcr Haustiere sch\u00e4dlich ist.<\/p>\n<\/p><\/div>\n<div class=\"chcg-storage\">\n<h3>Lagerung<\/h3>\n<p>Ausserhalb der Reichweite von Kindern aufbewahren. Keine spezifische Lagerungstemperatur vom Hersteller angegeben.<\/p>\n<\/p><\/div>\n<div class=\"chcg-dietary\">\n<h3>Ern\u00e4hrungshinweise<\/h3>\n<ul>\n<li>Vegetarisch<\/li>\n<li>Glutenfrei<\/li>\n<li>Laktosefrei<\/li>\n<\/ul><\/div>\n<\/div>\n","protected":false},"excerpt":{"rendered":"<p>Die Vitamin D-3 Creme von NOW Foods pflegt die Haut mit 1&#8217;000 IU Vitamin D-3, 500 IU Vitamin A und 50 IU Vitamin E pro Portion. Die reichhaltige Creme (118 ml) mit Sheabutter, Jojoba\u00f6l und Hyalurons\u00e4ure versorgt die Haut intensiv mit Feuchtigkeit.<\/p>\n","protected":false},"featured_media":5355,"comment_status":"closed","ping_status":"open","template":"","meta":[],"product_brand":[454],"product_cat":[27,48,134,22,30,21],"product_tag":[],"class_list":{"0":"post-5354","1":"product","2":"type-product","3":"status-publish","4":"has-post-thumbnail","6":"product_brand-nownow-foods","7":"product_cat-einige-vitamine","8":"product_cat-gesunde-ernaehrung","9":"product_cat-schoenheit","10":"product_cat-vegane-produkte","11":"product_cat-vitamin-d","12":"product_cat-vitamine-und-mineralstoffe","14":"first","15":"outofstock","16":"taxable","17":"shipping-taxable","18":"purchasable","19":"product-type-simple"},"yoast_head":"<!-- This site is optimized with the Yoast SEO plugin v27.5 - https:\/\/yoast.com\/product\/yoast-seo-wordpress\/ -->\n<title>Vitamin D-3 Creme 118 ml \u2013 NOW Foods | ecosupplements.ch<\/title>\n<meta name=\"description\" content=\"NOW Foods Vitamin D-3 Creme mit 1&#039;000 IU Vitamin D-3 pro Portion \u2013 118 ml mit Sheabutter und Hyalurons\u00e4ure f\u00fcr intensive Hautpflege. Jetzt bestellen.\" \/>\n<meta name=\"robots\" content=\"index, follow, max-snippet:-1, max-image-preview:large, max-video-preview:-1\" \/>\n<link rel=\"canonical\" href=\"https:\/\/ecosupplements.ch\/?product=vitamin-d-3-cream-118-ml\" \/>\n<meta property=\"og:locale\" content=\"de_DE\" \/>\n<meta property=\"og:type\" content=\"article\" \/>\n<meta property=\"og:title\" content=\"Vitamin D-3 Creme 118 ml \u2013 NOW Foods | ecosupplements.ch\" \/>\n<meta property=\"og:description\" content=\"NOW Foods Vitamin D-3 Creme mit 1&#039;000 IU Vitamin D-3 pro Portion \u2013 118 ml mit Sheabutter und Hyalurons\u00e4ure f\u00fcr intensive Hautpflege. Jetzt bestellen.\" \/>\n<meta property=\"og:url\" content=\"https:\/\/ecosupplements.ch\/?product=vitamin-d-3-cream-118-ml\" \/>\n<meta property=\"og:site_name\" content=\"Eco Supplements\" \/>\n<meta property=\"article:modified_time\" content=\"2026-05-13T07:23:32+00:00\" \/>\n<meta property=\"og:image\" content=\"https:\/\/ecosupplements.ch\/wp-content\/uploads\/2026\/05\/Vitamin-D-3-Cream-118-ml.webp\" \/>\n\t<meta property=\"og:image:width\" content=\"1000\" \/>\n\t<meta property=\"og:image:height\" content=\"1000\" \/>\n\t<meta property=\"og:image:type\" content=\"image\/jpeg\" \/>\n<meta name=\"twitter:card\" content=\"summary_large_image\" \/>\n<meta name=\"twitter:label1\" content=\"Price\" \/>\n\t<meta name=\"twitter:data1\" content=\"&#067;&#072;&#070;&nbsp;11.26\" \/>\n\t<meta name=\"twitter:label2\" content=\"Availability\" \/>\n\t<meta name=\"twitter:data2\" content=\"Out of stock\" \/>\n<script type=\"application\/ld+json\" class=\"yoast-schema-graph\">{\"@context\":\"https:\\\/\\\/schema.org\",\"@graph\":[{\"@type\":\"WebPage\",\"@id\":\"https:\\\/\\\/ecosupplements.ch\\\/?product=vitamin-d-3-cream-118-ml\",\"url\":\"https:\\\/\\\/ecosupplements.ch\\\/?product=vitamin-d-3-cream-118-ml\",\"name\":\"Vitamin D-3 Creme 118 ml \u2013 NOW Foods | ecosupplements.ch\",\"isPartOf\":{\"@id\":\"https:\\\/\\\/ecosupplements.ch\\\/#website\"},\"primaryImageOfPage\":{\"@id\":\"https:\\\/\\\/ecosupplements.ch\\\/?product=vitamin-d-3-cream-118-ml#primaryimage\"},\"image\":{\"@id\":\"https:\\\/\\\/ecosupplements.ch\\\/?product=vitamin-d-3-cream-118-ml#primaryimage\"},\"thumbnailUrl\":\"https:\\\/\\\/ecosupplements.ch\\\/wp-content\\\/uploads\\\/2026\\\/05\\\/Vitamin-D-3-Cream-118-ml.webp\",\"datePublished\":\"2026-05-11T15:05:59+00:00\",\"dateModified\":\"2026-05-13T07:23:32+00:00\",\"description\":\"NOW Foods Vitamin D-3 Creme mit 1'000 IU Vitamin D-3 pro Portion \u2013 118 ml mit Sheabutter und Hyalurons\u00e4ure f\u00fcr intensive Hautpflege. Jetzt bestellen.\",\"breadcrumb\":{\"@id\":\"https:\\\/\\\/ecosupplements.ch\\\/?product=vitamin-d-3-cream-118-ml#breadcrumb\"},\"inLanguage\":\"de-CH\",\"potentialAction\":[{\"@type\":\"ReadAction\",\"target\":[\"https:\\\/\\\/ecosupplements.ch\\\/?product=vitamin-d-3-cream-118-ml\"]}]},{\"@type\":\"ImageObject\",\"inLanguage\":\"de-CH\",\"@id\":\"https:\\\/\\\/ecosupplements.ch\\\/?product=vitamin-d-3-cream-118-ml#primaryimage\",\"url\":\"https:\\\/\\\/ecosupplements.ch\\\/wp-content\\\/uploads\\\/2026\\\/05\\\/Vitamin-D-3-Cream-118-ml.webp\",\"contentUrl\":\"https:\\\/\\\/ecosupplements.ch\\\/wp-content\\\/uploads\\\/2026\\\/05\\\/Vitamin-D-3-Cream-118-ml.webp\",\"width\":1000,\"height\":1000,\"caption\":\"Vitamin D-3 Cream - 118 ml.\"},{\"@type\":\"BreadcrumbList\",\"@id\":\"https:\\\/\\\/ecosupplements.ch\\\/?product=vitamin-d-3-cream-118-ml#breadcrumb\",\"itemListElement\":[{\"@type\":\"ListItem\",\"position\":1,\"name\":\"Home\",\"item\":\"https:\\\/\\\/ecosupplements.ch\\\/\"},{\"@type\":\"ListItem\",\"position\":2,\"name\":\"Shop\",\"item\":\"https:\\\/\\\/ecosupplements.ch\\\/?page_id=14\"},{\"@type\":\"ListItem\",\"position\":3,\"name\":\"Vitamin D-3 Cream &#8211; 118 ml.\"}]},{\"@type\":\"WebSite\",\"@id\":\"https:\\\/\\\/ecosupplements.ch\\\/#website\",\"url\":\"https:\\\/\\\/ecosupplements.ch\\\/\",\"name\":\"Eco Supplements\",\"description\":\"\",\"potentialAction\":[{\"@type\":\"SearchAction\",\"target\":{\"@type\":\"EntryPoint\",\"urlTemplate\":\"https:\\\/\\\/ecosupplements.ch\\\/?s={search_term_string}\"},\"query-input\":{\"@type\":\"PropertyValueSpecification\",\"valueRequired\":true,\"valueName\":\"search_term_string\"}}],\"inLanguage\":\"de-CH\"}]}<\/script>\n<meta property=\"product:price:amount\" content=\"11.26\" \/>\n<meta property=\"product:price:currency\" content=\"CHF\" \/>\n<meta property=\"og:availability\" content=\"out of stock\" \/>\n<meta property=\"product:availability\" content=\"out of stock\" \/>\n<meta property=\"product:retailer_item_id\" content=\"733739081988\" \/>\n<meta property=\"product:condition\" content=\"new\" \/>\n<!-- \/ Yoast SEO plugin. -->","yoast_head_json":{"title":"Vitamin D-3 Creme 118 ml \u2013 NOW Foods | ecosupplements.ch","description":"NOW Foods Vitamin D-3 Creme mit 1'000 IU Vitamin D-3 pro Portion \u2013 118 ml mit Sheabutter und Hyalurons\u00e4ure f\u00fcr intensive Hautpflege. Jetzt bestellen.","robots":{"index":"index","follow":"follow","max-snippet":"max-snippet:-1","max-image-preview":"max-image-preview:large","max-video-preview":"max-video-preview:-1"},"canonical":"https:\/\/ecosupplements.ch\/?product=vitamin-d-3-cream-118-ml","og_locale":"de_DE","og_type":"article","og_title":"Vitamin D-3 Creme 118 ml \u2013 NOW Foods | ecosupplements.ch","og_description":"NOW Foods Vitamin D-3 Creme mit 1'000 IU Vitamin D-3 pro Portion \u2013 118 ml mit Sheabutter und Hyalurons\u00e4ure f\u00fcr intensive Hautpflege. Jetzt bestellen.","og_url":"https:\/\/ecosupplements.ch\/?product=vitamin-d-3-cream-118-ml","og_site_name":"Eco Supplements","article_modified_time":"2026-05-13T07:23:32+00:00","og_image":[{"width":1000,"height":1000,"url":"https:\/\/ecosupplements.ch\/wp-content\/uploads\/2026\/05\/Vitamin-D-3-Cream-118-ml.webp","type":"image\/jpeg"}],"twitter_card":"summary_large_image","twitter_misc":{"Price":"&#67;&#72;&#70;&nbsp;11.26","Availability":"Out of stock"},"schema":{"@context":"https:\/\/schema.org","@graph":[{"@type":"WebPage","@id":"https:\/\/ecosupplements.ch\/?product=vitamin-d-3-cream-118-ml","url":"https:\/\/ecosupplements.ch\/?product=vitamin-d-3-cream-118-ml","name":"Vitamin D-3 Creme 118 ml \u2013 NOW Foods | ecosupplements.ch","isPartOf":{"@id":"https:\/\/ecosupplements.ch\/#website"},"primaryImageOfPage":{"@id":"https:\/\/ecosupplements.ch\/?product=vitamin-d-3-cream-118-ml#primaryimage"},"image":{"@id":"https:\/\/ecosupplements.ch\/?product=vitamin-d-3-cream-118-ml#primaryimage"},"thumbnailUrl":"https:\/\/ecosupplements.ch\/wp-content\/uploads\/2026\/05\/Vitamin-D-3-Cream-118-ml.webp","datePublished":"2026-05-11T15:05:59+00:00","dateModified":"2026-05-13T07:23:32+00:00","description":"NOW Foods Vitamin D-3 Creme mit 1'000 IU Vitamin D-3 pro Portion \u2013 118 ml mit Sheabutter und Hyalurons\u00e4ure f\u00fcr intensive Hautpflege. Jetzt bestellen.","breadcrumb":{"@id":"https:\/\/ecosupplements.ch\/?product=vitamin-d-3-cream-118-ml#breadcrumb"},"inLanguage":"de-CH","potentialAction":[{"@type":"ReadAction","target":["https:\/\/ecosupplements.ch\/?product=vitamin-d-3-cream-118-ml"]}]},{"@type":"ImageObject","inLanguage":"de-CH","@id":"https:\/\/ecosupplements.ch\/?product=vitamin-d-3-cream-118-ml#primaryimage","url":"https:\/\/ecosupplements.ch\/wp-content\/uploads\/2026\/05\/Vitamin-D-3-Cream-118-ml.webp","contentUrl":"https:\/\/ecosupplements.ch\/wp-content\/uploads\/2026\/05\/Vitamin-D-3-Cream-118-ml.webp","width":1000,"height":1000,"caption":"Vitamin D-3 Cream - 118 ml."},{"@type":"BreadcrumbList","@id":"https:\/\/ecosupplements.ch\/?product=vitamin-d-3-cream-118-ml#breadcrumb","itemListElement":[{"@type":"ListItem","position":1,"name":"Home","item":"https:\/\/ecosupplements.ch\/"},{"@type":"ListItem","position":2,"name":"Shop","item":"https:\/\/ecosupplements.ch\/?page_id=14"},{"@type":"ListItem","position":3,"name":"Vitamin D-3 Cream &#8211; 118 ml."}]},{"@type":"WebSite","@id":"https:\/\/ecosupplements.ch\/#website","url":"https:\/\/ecosupplements.ch\/","name":"Eco Supplements","description":"","potentialAction":[{"@type":"SearchAction","target":{"@type":"EntryPoint","urlTemplate":"https:\/\/ecosupplements.ch\/?s={search_term_string}"},"query-input":{"@type":"PropertyValueSpecification","valueRequired":true,"valueName":"search_term_string"}}],"inLanguage":"de-CH"}]},"product_price_amount":"11.26","product_price_currency":"CHF","og_availability":"out of stock","product_availability":"out of stock","product_retailer_item_id":"733739081988","product_condition":"new"},"_links":{"self":[{"href":"https:\/\/ecosupplements.ch\/index.php?rest_route=\/wp\/v2\/product\/5354","targetHints":{"allow":["GET"]}}],"collection":[{"href":"https:\/\/ecosupplements.ch\/index.php?rest_route=\/wp\/v2\/product"}],"about":[{"href":"https:\/\/ecosupplements.ch\/index.php?rest_route=\/wp\/v2\/types\/product"}],"replies":[{"embeddable":true,"href":"https:\/\/ecosupplements.ch\/index.php?rest_route=%2Fwp%2Fv2%2Fcomments&post=5354"}],"wp:featuredmedia":[{"embeddable":true,"href":"https:\/\/ecosupplements.ch\/index.php?rest_route=\/wp\/v2\/media\/5355"}],"wp:attachment":[{"href":"https:\/\/ecosupplements.ch\/index.php?rest_route=%2Fwp%2Fv2%2Fmedia&parent=5354"}],"wp:term":[{"taxonomy":"product_brand","embeddable":true,"href":"https:\/\/ecosupplements.ch\/index.php?rest_route=%2Fwp%2Fv2%2Fproduct_brand&post=5354"},{"taxonomy":"product_cat","embeddable":true,"href":"https:\/\/ecosupplements.ch\/index.php?rest_route=%2Fwp%2Fv2%2Fproduct_cat&post=5354"},{"taxonomy":"product_tag","embeddable":true,"href":"https:\/\/ecosupplements.ch\/index.php?rest_route=%2Fwp%2Fv2%2Fproduct_tag&post=5354"}],"curies":[{"name":"wp","href":"https:\/\/api.w.org\/{rel}","templated":true}]}}