{"id":5357,"date":"2026-05-11T15:06:01","date_gmt":"2026-05-11T15:06:01","guid":{"rendered":"https:\/\/ecosupplements.ch\/?product=vitamin-d-3-liquid-1000-iu-extra-strength-30-ml"},"modified":"2026-05-13T07:22:40","modified_gmt":"2026-05-13T07:22:40","slug":"vitamin-d-3-liquid-1000-iu-extra-strength-30-ml","status":"publish","type":"product","link":"https:\/\/ecosupplements.ch\/?product=vitamin-d-3-liquid-1000-iu-extra-strength-30-ml","title":{"rendered":"Vitamin D-3 Liquid, 1000 IU (Extra Strength) &#8211; 30 ml."},"content":{"rendered":"<div class=\"chcg-product-description\">\n<h2 class=\"chcg-heading\">\u00dcber NOW Foods \u2013 Vitamin D-3 Liquid, 1000 IU (Extra Stark) \u2013 30 ml<\/h2>\n<div class=\"chcg-intro\">\n<p>Vitamin D ist ein fettl\u00f6sliches Vitamin, das der K\u00f6rper unter Einwirkung von Sonnenlicht selbst bilden kann \u2013 in der Schweiz reicht die Sonneneinstrahlung jedoch besonders in den Herbst- und Wintermonaten oft nicht aus, um den Bedarf zu decken. Das Vitamin D-3 Liquid von NOW Foods liefert pro Tropfen 25 mcg (1&#8217;000 IU) Cholecalciferol in fl\u00fcssiger Form, die sich leicht dosieren und einnehmen l\u00e4sst.<\/p>\n<p>Vitamin D tr\u00e4gt zur normalen Funktion des Immunsystems bei, unterst\u00fctzt die Erhaltung normaler Knochen und Z\u00e4hne und tr\u00e4gt zur normalen Aufnahme und Verwertung von Kalzium und Phosphor bei. Die Fl\u00fcssigform erm\u00f6glicht eine flexible Einnahme \u2013 direkt oder in ein Getr\u00e4nk Ihrer Wahl gemischt.<\/p>\n<p>Das Produkt wird in MCT-\u00d6l (mittelkettige Triglyceride aus Kokos- bzw. Palmkern\u00f6l) und Saflordistel\u00f6l gel\u00f6st, was die Aufnahme des fettl\u00f6slichen Vitamins D3 unterst\u00fctzt. NOW Foods stellt dieses Produkt gem\u00e4ss GMP-Standards (Good Manufacturing Practice) her und verzichtet auf unn\u00f6tige Zusatzstoffe.<\/p>\n<\/p><\/div>\n<div class=\"chcg-nutrition\">\n<h3>N\u00e4hrwertangaben<\/h3>\n<table class=\"chcg-nutrition-table\">\n<thead>\n<tr>\n<th>N\u00e4hrstoff<\/th>\n<th>Pro Portion (1 Tropfen, ca. 0,04 ml)<\/th>\n<\/tr>\n<\/thead>\n<tbody>\n<tr>\n<td>Vitamin D (als D3 Cholecalciferol) (aus Lanolin)<\/td>\n<td>25 mcg (1&#8217;000 IU) | 125 % des Tagesbedarfs<\/td>\n<\/tr>\n<\/tbody>\n<\/table>\n<p class=\"chcg-footnote\">Portionen pro Beh\u00e4lter: ca. 750<\/p>\n<\/p><\/div>\n<div class=\"chcg-ingredients\">\n<h3>Zutaten<\/h3>\n<p>Vitamin D3 (als Cholecalciferol) (aus Lanolin) 25 mcg (1&#8217;000 IU). Weitere Zutaten: MCT-\u00d6l (mittelkettige Triglyceride) (aus Kokos-\/Palmkern\u00f6l) und Saflordistel\u00f6l.<\/p>\n<\/p><\/div>\n<div class=\"chcg-dosage\">\n<h3>Verzehrempfehlung<\/h3>\n<p>Vor der Einnahme gut sch\u00fctteln. T\u00e4glich 1 Tropfen 1- bis 2-mal einnehmen. Direkt einnehmen oder einem Lieblingsgetr\u00e4nk beimischen. Am besten zusammen mit einer fetthaltigen Mahlzeit einnehmen.<\/p>\n<\/p><\/div>\n<div class=\"chcg-warnings\">\n<h3>Warnhinweise<\/h3>\n<p>Nur f\u00fcr Erwachsene. Nicht f\u00fcr S\u00e4uglinge oder Kinder geeignet. Bei Schwangerschaft, Stillzeit, Einnahme von Medikamenten oder bestehenden Erkrankungen vor der Einnahme einen Arzt konsultieren. Ausserhalb der Reichweite von Kindern aufbewahren.<\/p>\n<\/p><\/div>\n<div class=\"chcg-allergens\">\n<h3>Allergeninformationen<\/h3>\n<p>Nicht hergestellt mit Hefe, Weizen, Gluten, Soja, Milch, Ei, Fisch oder Schalentieren. Produziert in einem GMP-Betrieb, der andere Zutaten verarbeitet, die diese Allergene enthalten k\u00f6nnen.<\/p>\n<\/p><\/div>\n<div class=\"chcg-storage\">\n<h3>Lagerung<\/h3>\n<p>Nach dem \u00d6ffnen k\u00fchl und trocken lagern.<\/p>\n<\/p><\/div>\n<div class=\"chcg-dietary\">\n<h3>Ern\u00e4hrungshinweise<\/h3>\n<ul>\n<li>Vegetarisch<\/li>\n<li>Glutenfrei<\/li>\n<li>Laktosefrei<\/li>\n<\/ul><\/div>\n<\/div>\n","protected":false},"excerpt":{"rendered":"<p>NOW Foods Vitamin D-3 Liquid liefert 1&#8217;000 IU Cholecalciferol pro Tropfen zur Unterst\u00fctzung von Immunsystem und Knochen. Praktische Fl\u00fcssigform, 30 ml (ca. 750 Portionen), glutenfrei und vegetarisch.<\/p>\n","protected":false},"featured_media":5358,"comment_status":"closed","ping_status":"open","template":"","meta":[],"product_brand":[454],"product_cat":[27,48,25,26,30,21],"product_tag":[],"class_list":{"0":"post-5357","1":"product","2":"type-product","3":"status-publish","4":"has-post-thumbnail","6":"product_brand-nownow-foods","7":"product_cat-einige-vitamine","8":"product_cat-gesunde-ernaehrung","9":"product_cat-gesundheit-und-wohlbefinden","10":"product_cat-multivitamine","11":"product_cat-vitamin-d","12":"product_cat-vitamine-und-mineralstoffe","14":"first","15":"outofstock","16":"taxable","17":"shipping-taxable","18":"purchasable","19":"product-type-simple"},"yoast_head":"<!-- This site is optimized with the Yoast SEO plugin v27.5 - https:\/\/yoast.com\/product\/yoast-seo-wordpress\/ -->\n<title>Vitamin D-3 Liquid 1000 IU Extra Stark \u2013 NOW Foods | ecosupplements.ch<\/title>\n<meta name=\"description\" content=\"Vitamin D3 fl\u00fcssig von NOW Foods \u2013 1&#039;000 IU pro Tropfen, ca. 750 Portionen, glutenfrei. Ideal zur t\u00e4glichen Versorgung. Jetzt bestellen.\" \/>\n<meta name=\"robots\" content=\"index, follow, max-snippet:-1, max-image-preview:large, max-video-preview:-1\" \/>\n<link rel=\"canonical\" href=\"https:\/\/ecosupplements.ch\/?product=vitamin-d-3-liquid-1000-iu-extra-strength-30-ml\" \/>\n<meta property=\"og:locale\" content=\"de_DE\" \/>\n<meta property=\"og:type\" content=\"article\" \/>\n<meta property=\"og:title\" content=\"Vitamin D-3 Liquid 1000 IU Extra Stark \u2013 NOW Foods | ecosupplements.ch\" \/>\n<meta property=\"og:description\" content=\"Vitamin D3 fl\u00fcssig von NOW Foods \u2013 1&#039;000 IU pro Tropfen, ca. 750 Portionen, glutenfrei. Ideal zur t\u00e4glichen Versorgung. Jetzt bestellen.\" \/>\n<meta property=\"og:url\" content=\"https:\/\/ecosupplements.ch\/?product=vitamin-d-3-liquid-1000-iu-extra-strength-30-ml\" \/>\n<meta property=\"og:site_name\" content=\"Eco Supplements\" \/>\n<meta property=\"article:modified_time\" content=\"2026-05-13T07:22:40+00:00\" \/>\n<meta property=\"og:image\" content=\"https:\/\/ecosupplements.ch\/wp-content\/uploads\/2026\/05\/Vitamin-D-3-Liquid-1000-IU-Extra-Strength-30-ml.webp\" \/>\n\t<meta property=\"og:image:width\" content=\"1000\" \/>\n\t<meta property=\"og:image:height\" content=\"1000\" \/>\n\t<meta property=\"og:image:type\" content=\"image\/jpeg\" \/>\n<meta name=\"twitter:card\" content=\"summary_large_image\" \/>\n<meta name=\"twitter:label1\" content=\"Price\" \/>\n\t<meta name=\"twitter:data1\" content=\"&#067;&#072;&#070;&nbsp;10.79\" \/>\n\t<meta name=\"twitter:label2\" content=\"Availability\" \/>\n\t<meta name=\"twitter:data2\" content=\"Out of stock\" \/>\n<script type=\"application\/ld+json\" class=\"yoast-schema-graph\">{\"@context\":\"https:\\\/\\\/schema.org\",\"@graph\":[{\"@type\":\"WebPage\",\"@id\":\"https:\\\/\\\/ecosupplements.ch\\\/?product=vitamin-d-3-liquid-1000-iu-extra-strength-30-ml\",\"url\":\"https:\\\/\\\/ecosupplements.ch\\\/?product=vitamin-d-3-liquid-1000-iu-extra-strength-30-ml\",\"name\":\"Vitamin D-3 Liquid 1000 IU Extra Stark \u2013 NOW Foods | ecosupplements.ch\",\"isPartOf\":{\"@id\":\"https:\\\/\\\/ecosupplements.ch\\\/#website\"},\"primaryImageOfPage\":{\"@id\":\"https:\\\/\\\/ecosupplements.ch\\\/?product=vitamin-d-3-liquid-1000-iu-extra-strength-30-ml#primaryimage\"},\"image\":{\"@id\":\"https:\\\/\\\/ecosupplements.ch\\\/?product=vitamin-d-3-liquid-1000-iu-extra-strength-30-ml#primaryimage\"},\"thumbnailUrl\":\"https:\\\/\\\/ecosupplements.ch\\\/wp-content\\\/uploads\\\/2026\\\/05\\\/Vitamin-D-3-Liquid-1000-IU-Extra-Strength-30-ml.webp\",\"datePublished\":\"2026-05-11T15:06:01+00:00\",\"dateModified\":\"2026-05-13T07:22:40+00:00\",\"description\":\"Vitamin D3 fl\u00fcssig von NOW Foods \u2013 1'000 IU pro Tropfen, ca. 750 Portionen, glutenfrei. Ideal zur t\u00e4glichen Versorgung. Jetzt bestellen.\",\"breadcrumb\":{\"@id\":\"https:\\\/\\\/ecosupplements.ch\\\/?product=vitamin-d-3-liquid-1000-iu-extra-strength-30-ml#breadcrumb\"},\"inLanguage\":\"de-CH\",\"potentialAction\":[{\"@type\":\"ReadAction\",\"target\":[\"https:\\\/\\\/ecosupplements.ch\\\/?product=vitamin-d-3-liquid-1000-iu-extra-strength-30-ml\"]}]},{\"@type\":\"ImageObject\",\"inLanguage\":\"de-CH\",\"@id\":\"https:\\\/\\\/ecosupplements.ch\\\/?product=vitamin-d-3-liquid-1000-iu-extra-strength-30-ml#primaryimage\",\"url\":\"https:\\\/\\\/ecosupplements.ch\\\/wp-content\\\/uploads\\\/2026\\\/05\\\/Vitamin-D-3-Liquid-1000-IU-Extra-Strength-30-ml.webp\",\"contentUrl\":\"https:\\\/\\\/ecosupplements.ch\\\/wp-content\\\/uploads\\\/2026\\\/05\\\/Vitamin-D-3-Liquid-1000-IU-Extra-Strength-30-ml.webp\",\"width\":1000,\"height\":1000,\"caption\":\"Vitamin D-3 Liquid\"},{\"@type\":\"BreadcrumbList\",\"@id\":\"https:\\\/\\\/ecosupplements.ch\\\/?product=vitamin-d-3-liquid-1000-iu-extra-strength-30-ml#breadcrumb\",\"itemListElement\":[{\"@type\":\"ListItem\",\"position\":1,\"name\":\"Home\",\"item\":\"https:\\\/\\\/ecosupplements.ch\\\/\"},{\"@type\":\"ListItem\",\"position\":2,\"name\":\"Shop\",\"item\":\"https:\\\/\\\/ecosupplements.ch\\\/?page_id=14\"},{\"@type\":\"ListItem\",\"position\":3,\"name\":\"Vitamin D-3 Liquid, 1000 IU (Extra Strength) &#8211; 30 ml.\"}]},{\"@type\":\"WebSite\",\"@id\":\"https:\\\/\\\/ecosupplements.ch\\\/#website\",\"url\":\"https:\\\/\\\/ecosupplements.ch\\\/\",\"name\":\"Eco Supplements\",\"description\":\"\",\"potentialAction\":[{\"@type\":\"SearchAction\",\"target\":{\"@type\":\"EntryPoint\",\"urlTemplate\":\"https:\\\/\\\/ecosupplements.ch\\\/?s={search_term_string}\"},\"query-input\":{\"@type\":\"PropertyValueSpecification\",\"valueRequired\":true,\"valueName\":\"search_term_string\"}}],\"inLanguage\":\"de-CH\"}]}<\/script>\n<meta property=\"product:price:amount\" content=\"10.79\" \/>\n<meta property=\"product:price:currency\" content=\"CHF\" \/>\n<meta property=\"og:availability\" content=\"out of stock\" \/>\n<meta property=\"product:availability\" content=\"out of stock\" \/>\n<meta property=\"product:retailer_item_id\" content=\"733739003713\" \/>\n<meta property=\"product:condition\" content=\"new\" \/>\n<!-- \/ Yoast SEO plugin. -->","yoast_head_json":{"title":"Vitamin D-3 Liquid 1000 IU Extra Stark \u2013 NOW Foods | ecosupplements.ch","description":"Vitamin D3 fl\u00fcssig von NOW Foods \u2013 1'000 IU pro Tropfen, ca. 750 Portionen, glutenfrei. Ideal zur t\u00e4glichen Versorgung. Jetzt bestellen.","robots":{"index":"index","follow":"follow","max-snippet":"max-snippet:-1","max-image-preview":"max-image-preview:large","max-video-preview":"max-video-preview:-1"},"canonical":"https:\/\/ecosupplements.ch\/?product=vitamin-d-3-liquid-1000-iu-extra-strength-30-ml","og_locale":"de_DE","og_type":"article","og_title":"Vitamin D-3 Liquid 1000 IU Extra Stark \u2013 NOW Foods | ecosupplements.ch","og_description":"Vitamin D3 fl\u00fcssig von NOW Foods \u2013 1'000 IU pro Tropfen, ca. 750 Portionen, glutenfrei. Ideal zur t\u00e4glichen Versorgung. Jetzt bestellen.","og_url":"https:\/\/ecosupplements.ch\/?product=vitamin-d-3-liquid-1000-iu-extra-strength-30-ml","og_site_name":"Eco Supplements","article_modified_time":"2026-05-13T07:22:40+00:00","og_image":[{"width":1000,"height":1000,"url":"https:\/\/ecosupplements.ch\/wp-content\/uploads\/2026\/05\/Vitamin-D-3-Liquid-1000-IU-Extra-Strength-30-ml.webp","type":"image\/jpeg"}],"twitter_card":"summary_large_image","twitter_misc":{"Price":"&#67;&#72;&#70;&nbsp;10.79","Availability":"Out of stock"},"schema":{"@context":"https:\/\/schema.org","@graph":[{"@type":"WebPage","@id":"https:\/\/ecosupplements.ch\/?product=vitamin-d-3-liquid-1000-iu-extra-strength-30-ml","url":"https:\/\/ecosupplements.ch\/?product=vitamin-d-3-liquid-1000-iu-extra-strength-30-ml","name":"Vitamin D-3 Liquid 1000 IU Extra Stark \u2013 NOW Foods | ecosupplements.ch","isPartOf":{"@id":"https:\/\/ecosupplements.ch\/#website"},"primaryImageOfPage":{"@id":"https:\/\/ecosupplements.ch\/?product=vitamin-d-3-liquid-1000-iu-extra-strength-30-ml#primaryimage"},"image":{"@id":"https:\/\/ecosupplements.ch\/?product=vitamin-d-3-liquid-1000-iu-extra-strength-30-ml#primaryimage"},"thumbnailUrl":"https:\/\/ecosupplements.ch\/wp-content\/uploads\/2026\/05\/Vitamin-D-3-Liquid-1000-IU-Extra-Strength-30-ml.webp","datePublished":"2026-05-11T15:06:01+00:00","dateModified":"2026-05-13T07:22:40+00:00","description":"Vitamin D3 fl\u00fcssig von NOW Foods \u2013 1'000 IU pro Tropfen, ca. 750 Portionen, glutenfrei. Ideal zur t\u00e4glichen Versorgung. Jetzt bestellen.","breadcrumb":{"@id":"https:\/\/ecosupplements.ch\/?product=vitamin-d-3-liquid-1000-iu-extra-strength-30-ml#breadcrumb"},"inLanguage":"de-CH","potentialAction":[{"@type":"ReadAction","target":["https:\/\/ecosupplements.ch\/?product=vitamin-d-3-liquid-1000-iu-extra-strength-30-ml"]}]},{"@type":"ImageObject","inLanguage":"de-CH","@id":"https:\/\/ecosupplements.ch\/?product=vitamin-d-3-liquid-1000-iu-extra-strength-30-ml#primaryimage","url":"https:\/\/ecosupplements.ch\/wp-content\/uploads\/2026\/05\/Vitamin-D-3-Liquid-1000-IU-Extra-Strength-30-ml.webp","contentUrl":"https:\/\/ecosupplements.ch\/wp-content\/uploads\/2026\/05\/Vitamin-D-3-Liquid-1000-IU-Extra-Strength-30-ml.webp","width":1000,"height":1000,"caption":"Vitamin D-3 Liquid"},{"@type":"BreadcrumbList","@id":"https:\/\/ecosupplements.ch\/?product=vitamin-d-3-liquid-1000-iu-extra-strength-30-ml#breadcrumb","itemListElement":[{"@type":"ListItem","position":1,"name":"Home","item":"https:\/\/ecosupplements.ch\/"},{"@type":"ListItem","position":2,"name":"Shop","item":"https:\/\/ecosupplements.ch\/?page_id=14"},{"@type":"ListItem","position":3,"name":"Vitamin D-3 Liquid, 1000 IU (Extra Strength) &#8211; 30 ml."}]},{"@type":"WebSite","@id":"https:\/\/ecosupplements.ch\/#website","url":"https:\/\/ecosupplements.ch\/","name":"Eco Supplements","description":"","potentialAction":[{"@type":"SearchAction","target":{"@type":"EntryPoint","urlTemplate":"https:\/\/ecosupplements.ch\/?s={search_term_string}"},"query-input":{"@type":"PropertyValueSpecification","valueRequired":true,"valueName":"search_term_string"}}],"inLanguage":"de-CH"}]},"product_price_amount":"10.79","product_price_currency":"CHF","og_availability":"out of stock","product_availability":"out of stock","product_retailer_item_id":"733739003713","product_condition":"new"},"_links":{"self":[{"href":"https:\/\/ecosupplements.ch\/index.php?rest_route=\/wp\/v2\/product\/5357","targetHints":{"allow":["GET"]}}],"collection":[{"href":"https:\/\/ecosupplements.ch\/index.php?rest_route=\/wp\/v2\/product"}],"about":[{"href":"https:\/\/ecosupplements.ch\/index.php?rest_route=\/wp\/v2\/types\/product"}],"replies":[{"embeddable":true,"href":"https:\/\/ecosupplements.ch\/index.php?rest_route=%2Fwp%2Fv2%2Fcomments&post=5357"}],"wp:featuredmedia":[{"embeddable":true,"href":"https:\/\/ecosupplements.ch\/index.php?rest_route=\/wp\/v2\/media\/5358"}],"wp:attachment":[{"href":"https:\/\/ecosupplements.ch\/index.php?rest_route=%2Fwp%2Fv2%2Fmedia&parent=5357"}],"wp:term":[{"taxonomy":"product_brand","embeddable":true,"href":"https:\/\/ecosupplements.ch\/index.php?rest_route=%2Fwp%2Fv2%2Fproduct_brand&post=5357"},{"taxonomy":"product_cat","embeddable":true,"href":"https:\/\/ecosupplements.ch\/index.php?rest_route=%2Fwp%2Fv2%2Fproduct_cat&post=5357"},{"taxonomy":"product_tag","embeddable":true,"href":"https:\/\/ecosupplements.ch\/index.php?rest_route=%2Fwp%2Fv2%2Fproduct_tag&post=5357"}],"curies":[{"name":"wp","href":"https:\/\/api.w.org\/{rel}","templated":true}]}}