{"id":5381,"date":"2026-05-11T15:06:12","date_gmt":"2026-05-11T15:06:12","guid":{"rendered":"https:\/\/ecosupplements.ch\/?product=vitamin-d-3-5000-iu-30-softgels"},"modified":"2026-05-13T07:25:42","modified_gmt":"2026-05-13T07:25:42","slug":"vitamin-d-3-5000-iu-30-softgels","status":"publish","type":"product","link":"https:\/\/ecosupplements.ch\/?product=vitamin-d-3-5000-iu-30-softgels","title":{"rendered":"Vitamin D-3, 5000 IU &#8211; 30 softgels"},"content":{"rendered":"<div class=\"chcg-product-description\">\n<h2 class=\"chcg-heading\">\u00dcber NOW Foods \u2013 Vitamin D-3, 5000 IU \u2013 30 Softgels<\/h2>\n<div class=\"chcg-intro\">\n<p>Vitamin D-3 von NOW Foods liefert 5&#8217;000 IU (125 mcg) Cholecalciferol pro Softgel \u2013 die k\u00f6rpereigene Form von Vitamin D, die auch durch Sonnenlichteinwirkung auf die Haut gebildet wird. Vitamin D tr\u00e4gt zur normalen Aufnahme und Verwertung von Calcium und Phosphor bei, unterst\u00fctzt die Erhaltung normaler Knochen und Z\u00e4hne und tr\u00e4gt zur normalen Muskelfunktion sowie zur normalen Funktion des Immunsystems bei.<\/p>\n<p>Das Vitamin D3 in diesem Produkt wird aus Lanolin gewonnen und in extra nativem Oliven\u00f6l sowie Saflordistel\u00f6l gel\u00f6st, was eine optimale Aufnahme des fettl\u00f6slichen Vitamins unterst\u00fctzt. Die praktische Softgel-Form erm\u00f6glicht eine einfache Einnahme.<\/p>\n<p>NOW Foods steht seit Jahrzehnten f\u00fcr hochwertige Nahrungserg\u00e4nzungsmittel, die nach GMP-Standards (Good Manufacturing Practice) hergestellt werden. Dieser Vitamin-D-3-Komplex ist glutenfrei und laktosefrei.<\/p>\n<\/p><\/div>\n<div class=\"chcg-nutrition\">\n<h3>N\u00e4hrwertangaben<\/h3>\n<table class=\"chcg-nutrition-table\">\n<thead>\n<tr>\n<th>N\u00e4hrstoff<\/th>\n<th>Pro Portion (1 Softgel)<\/th>\n<\/tr>\n<\/thead>\n<tbody>\n<tr>\n<td>Vitamin D (als D3 Cholecalciferol) (aus Lanolin)<\/td>\n<td>125 mcg (5&#8217;000 IU) (625 % des Tagesbedarfs)<\/td>\n<\/tr>\n<\/tbody>\n<\/table><\/div>\n<div class=\"chcg-ingredients\">\n<h3>Zutaten<\/h3>\n<p>Wirkstoff: Vitamin D (als D3 Cholecalciferol) (aus Lanolin) 125 mcg (5&#8217;000 IU). Weitere Zutaten: Extra natives Oliven\u00f6l, Saflordistel\u00f6l.<\/p>\n<p class=\"chcg-capsule-shell\">Kapselh\u00fclle: Softgel-Kapsel [bovine Gelatine (BSE-frei), Glycerin, Wasser]\n<\/p><\/div>\n<div class=\"chcg-dosage\">\n<h3>Verzehrempfehlung<\/h3>\n<p>1 Softgel alle 3 Tage zu einer fetthaltigen Mahlzeit einnehmen, oder gem\u00e4ss Anweisung durch eine Fachperson des Gesundheitswesens.<\/p>\n<\/p><\/div>\n<div class=\"chcg-warnings\">\n<h3>Warnhinweise<\/h3>\n<p>Nur f\u00fcr Erwachsene. Die empfohlene Tagesdosis nicht \u00fcberschreiten. Bei Schwangerschaft oder Stillzeit, bei Einnahme von Medikamenten (insbesondere topische Psoriasismittel oder Thiaziddiuretika) oder bei bestehenden Erkrankungen (insbesondere Hyperkalz\u00e4mie, Nierenerkrankungen oder Hyperparathyreoidismus) vor der Einnahme einen Arzt konsultieren. Ausserhalb der Reichweite von Kindern aufbewahren. Nat\u00fcrliche Farbvariationen des Produkts sind m\u00f6glich.<\/p>\n<\/p><\/div>\n<div class=\"chcg-allergens\">\n<h3>Allergeninformationen<\/h3>\n<p>Nicht hergestellt mit Hefe, Weizen, Gluten, Soja, Mais, Milch, Ei, Fisch, Schalentieren oder Sesam. Hergestellt in einer GMP-zertifizierten Anlage, die auch andere Zutaten verarbeitet, welche diese Allergene enthalten. Enth\u00e4lt Inhaltsstoffe bovinen Ursprungs.<\/p>\n<\/p><\/div>\n<div class=\"chcg-storage\">\n<h3>Lagerung<\/h3>\n<p>Nach dem \u00d6ffnen an einem k\u00fchlen, trockenen Ort aufbewahren.<\/p>\n<\/p><\/div>\n<div class=\"chcg-dietary\">\n<h3>Ern\u00e4hrungshinweise<\/h3>\n<ul>\n<li>Glutenfrei<\/li>\n<li>Laktosefrei<\/li>\n<\/ul><\/div>\n<\/div>\n","protected":false},"excerpt":{"rendered":"<p>Vitamin D-3 von NOW Foods mit 5&#8217;000 IU (125 mcg) Cholecalciferol pro Softgel \u2013 unterst\u00fctzt Knochen, Z\u00e4hne, Muskeln und das Immunsystem. 30 Softgels, glutenfrei und laktosefrei.<\/p>\n","protected":false},"featured_media":5382,"comment_status":"closed","ping_status":"open","template":"","meta":[],"product_brand":[454],"product_cat":[27,25,30,21],"product_tag":[],"class_list":{"0":"post-5381","1":"product","2":"type-product","3":"status-publish","4":"has-post-thumbnail","6":"product_brand-nownow-foods","7":"product_cat-einige-vitamine","8":"product_cat-gesundheit-und-wohlbefinden","9":"product_cat-vitamin-d","10":"product_cat-vitamine-und-mineralstoffe","12":"first","13":"outofstock","14":"taxable","15":"shipping-taxable","16":"purchasable","17":"product-type-simple"},"yoast_head":"<!-- This site is optimized with the Yoast SEO plugin v27.5 - https:\/\/yoast.com\/product\/yoast-seo-wordpress\/ -->\n<title>Vitamin D-3 5000 IU \u2013 NOW Foods | ecosupplements.ch<\/title>\n<meta name=\"description\" content=\"NOW Foods Vitamin D-3 mit 5&#039;000 IU pro Softgel unterst\u00fctzt Knochen, Z\u00e4hne und das Immunsystem \u2013 30 Softgels, glutenfrei. Jetzt bestellen.\" \/>\n<meta name=\"robots\" content=\"index, follow, max-snippet:-1, max-image-preview:large, max-video-preview:-1\" \/>\n<link rel=\"canonical\" href=\"https:\/\/ecosupplements.ch\/?product=vitamin-d-3-5000-iu-30-softgels\" \/>\n<meta property=\"og:locale\" content=\"de_DE\" \/>\n<meta property=\"og:type\" content=\"article\" \/>\n<meta property=\"og:title\" content=\"Vitamin D-3 5000 IU \u2013 NOW Foods | ecosupplements.ch\" \/>\n<meta property=\"og:description\" content=\"NOW Foods Vitamin D-3 mit 5&#039;000 IU pro Softgel unterst\u00fctzt Knochen, Z\u00e4hne und das Immunsystem \u2013 30 Softgels, glutenfrei. Jetzt bestellen.\" \/>\n<meta property=\"og:url\" content=\"https:\/\/ecosupplements.ch\/?product=vitamin-d-3-5000-iu-30-softgels\" \/>\n<meta property=\"og:site_name\" content=\"Eco Supplements\" \/>\n<meta property=\"article:modified_time\" content=\"2026-05-13T07:25:42+00:00\" \/>\n<meta property=\"og:image\" content=\"https:\/\/ecosupplements.ch\/wp-content\/uploads\/2026\/05\/Vitamin-D-3-5000-IU-30-softgels.webp\" \/>\n\t<meta property=\"og:image:width\" content=\"1000\" \/>\n\t<meta property=\"og:image:height\" content=\"1000\" \/>\n\t<meta property=\"og:image:type\" content=\"image\/jpeg\" \/>\n<meta name=\"twitter:card\" content=\"summary_large_image\" \/>\n<meta name=\"twitter:label1\" content=\"Price\" \/>\n\t<meta name=\"twitter:data1\" content=\"&#067;&#072;&#070;&nbsp;4.70\" \/>\n\t<meta name=\"twitter:label2\" content=\"Availability\" \/>\n\t<meta name=\"twitter:data2\" content=\"Out of stock\" \/>\n<script type=\"application\/ld+json\" class=\"yoast-schema-graph\">{\"@context\":\"https:\\\/\\\/schema.org\",\"@graph\":[{\"@type\":\"WebPage\",\"@id\":\"https:\\\/\\\/ecosupplements.ch\\\/?product=vitamin-d-3-5000-iu-30-softgels\",\"url\":\"https:\\\/\\\/ecosupplements.ch\\\/?product=vitamin-d-3-5000-iu-30-softgels\",\"name\":\"Vitamin D-3 5000 IU \u2013 NOW Foods | ecosupplements.ch\",\"isPartOf\":{\"@id\":\"https:\\\/\\\/ecosupplements.ch\\\/#website\"},\"primaryImageOfPage\":{\"@id\":\"https:\\\/\\\/ecosupplements.ch\\\/?product=vitamin-d-3-5000-iu-30-softgels#primaryimage\"},\"image\":{\"@id\":\"https:\\\/\\\/ecosupplements.ch\\\/?product=vitamin-d-3-5000-iu-30-softgels#primaryimage\"},\"thumbnailUrl\":\"https:\\\/\\\/ecosupplements.ch\\\/wp-content\\\/uploads\\\/2026\\\/05\\\/Vitamin-D-3-5000-IU-30-softgels.webp\",\"datePublished\":\"2026-05-11T15:06:12+00:00\",\"dateModified\":\"2026-05-13T07:25:42+00:00\",\"description\":\"NOW Foods Vitamin D-3 mit 5'000 IU pro Softgel unterst\u00fctzt Knochen, Z\u00e4hne und das Immunsystem \u2013 30 Softgels, glutenfrei. Jetzt bestellen.\",\"breadcrumb\":{\"@id\":\"https:\\\/\\\/ecosupplements.ch\\\/?product=vitamin-d-3-5000-iu-30-softgels#breadcrumb\"},\"inLanguage\":\"de-CH\",\"potentialAction\":[{\"@type\":\"ReadAction\",\"target\":[\"https:\\\/\\\/ecosupplements.ch\\\/?product=vitamin-d-3-5000-iu-30-softgels\"]}]},{\"@type\":\"ImageObject\",\"inLanguage\":\"de-CH\",\"@id\":\"https:\\\/\\\/ecosupplements.ch\\\/?product=vitamin-d-3-5000-iu-30-softgels#primaryimage\",\"url\":\"https:\\\/\\\/ecosupplements.ch\\\/wp-content\\\/uploads\\\/2026\\\/05\\\/Vitamin-D-3-5000-IU-30-softgels.webp\",\"contentUrl\":\"https:\\\/\\\/ecosupplements.ch\\\/wp-content\\\/uploads\\\/2026\\\/05\\\/Vitamin-D-3-5000-IU-30-softgels.webp\",\"width\":1000,\"height\":1000,\"caption\":\"Vitamin D-3\"},{\"@type\":\"BreadcrumbList\",\"@id\":\"https:\\\/\\\/ecosupplements.ch\\\/?product=vitamin-d-3-5000-iu-30-softgels#breadcrumb\",\"itemListElement\":[{\"@type\":\"ListItem\",\"position\":1,\"name\":\"Home\",\"item\":\"https:\\\/\\\/ecosupplements.ch\\\/\"},{\"@type\":\"ListItem\",\"position\":2,\"name\":\"Shop\",\"item\":\"https:\\\/\\\/ecosupplements.ch\\\/?page_id=14\"},{\"@type\":\"ListItem\",\"position\":3,\"name\":\"Vitamin D-3, 5000 IU &#8211; 30 softgels\"}]},{\"@type\":\"WebSite\",\"@id\":\"https:\\\/\\\/ecosupplements.ch\\\/#website\",\"url\":\"https:\\\/\\\/ecosupplements.ch\\\/\",\"name\":\"Eco Supplements\",\"description\":\"\",\"potentialAction\":[{\"@type\":\"SearchAction\",\"target\":{\"@type\":\"EntryPoint\",\"urlTemplate\":\"https:\\\/\\\/ecosupplements.ch\\\/?s={search_term_string}\"},\"query-input\":{\"@type\":\"PropertyValueSpecification\",\"valueRequired\":true,\"valueName\":\"search_term_string\"}}],\"inLanguage\":\"de-CH\"}]}<\/script>\n<meta property=\"product:price:amount\" content=\"4.70\" \/>\n<meta property=\"product:price:currency\" content=\"CHF\" \/>\n<meta property=\"og:availability\" content=\"out of stock\" \/>\n<meta property=\"product:availability\" content=\"out of stock\" \/>\n<meta property=\"product:retailer_item_id\" content=\"733739003744\" \/>\n<meta property=\"product:condition\" content=\"new\" \/>\n<!-- \/ Yoast SEO plugin. -->","yoast_head_json":{"title":"Vitamin D-3 5000 IU \u2013 NOW Foods | ecosupplements.ch","description":"NOW Foods Vitamin D-3 mit 5'000 IU pro Softgel unterst\u00fctzt Knochen, Z\u00e4hne und das Immunsystem \u2013 30 Softgels, glutenfrei. Jetzt bestellen.","robots":{"index":"index","follow":"follow","max-snippet":"max-snippet:-1","max-image-preview":"max-image-preview:large","max-video-preview":"max-video-preview:-1"},"canonical":"https:\/\/ecosupplements.ch\/?product=vitamin-d-3-5000-iu-30-softgels","og_locale":"de_DE","og_type":"article","og_title":"Vitamin D-3 5000 IU \u2013 NOW Foods | ecosupplements.ch","og_description":"NOW Foods Vitamin D-3 mit 5'000 IU pro Softgel unterst\u00fctzt Knochen, Z\u00e4hne und das Immunsystem \u2013 30 Softgels, glutenfrei. Jetzt bestellen.","og_url":"https:\/\/ecosupplements.ch\/?product=vitamin-d-3-5000-iu-30-softgels","og_site_name":"Eco Supplements","article_modified_time":"2026-05-13T07:25:42+00:00","og_image":[{"width":1000,"height":1000,"url":"https:\/\/ecosupplements.ch\/wp-content\/uploads\/2026\/05\/Vitamin-D-3-5000-IU-30-softgels.webp","type":"image\/jpeg"}],"twitter_card":"summary_large_image","twitter_misc":{"Price":"&#67;&#72;&#70;&nbsp;4.70","Availability":"Out of stock"},"schema":{"@context":"https:\/\/schema.org","@graph":[{"@type":"WebPage","@id":"https:\/\/ecosupplements.ch\/?product=vitamin-d-3-5000-iu-30-softgels","url":"https:\/\/ecosupplements.ch\/?product=vitamin-d-3-5000-iu-30-softgels","name":"Vitamin D-3 5000 IU \u2013 NOW Foods | ecosupplements.ch","isPartOf":{"@id":"https:\/\/ecosupplements.ch\/#website"},"primaryImageOfPage":{"@id":"https:\/\/ecosupplements.ch\/?product=vitamin-d-3-5000-iu-30-softgels#primaryimage"},"image":{"@id":"https:\/\/ecosupplements.ch\/?product=vitamin-d-3-5000-iu-30-softgels#primaryimage"},"thumbnailUrl":"https:\/\/ecosupplements.ch\/wp-content\/uploads\/2026\/05\/Vitamin-D-3-5000-IU-30-softgels.webp","datePublished":"2026-05-11T15:06:12+00:00","dateModified":"2026-05-13T07:25:42+00:00","description":"NOW Foods Vitamin D-3 mit 5'000 IU pro Softgel unterst\u00fctzt Knochen, Z\u00e4hne und das Immunsystem \u2013 30 Softgels, glutenfrei. Jetzt bestellen.","breadcrumb":{"@id":"https:\/\/ecosupplements.ch\/?product=vitamin-d-3-5000-iu-30-softgels#breadcrumb"},"inLanguage":"de-CH","potentialAction":[{"@type":"ReadAction","target":["https:\/\/ecosupplements.ch\/?product=vitamin-d-3-5000-iu-30-softgels"]}]},{"@type":"ImageObject","inLanguage":"de-CH","@id":"https:\/\/ecosupplements.ch\/?product=vitamin-d-3-5000-iu-30-softgels#primaryimage","url":"https:\/\/ecosupplements.ch\/wp-content\/uploads\/2026\/05\/Vitamin-D-3-5000-IU-30-softgels.webp","contentUrl":"https:\/\/ecosupplements.ch\/wp-content\/uploads\/2026\/05\/Vitamin-D-3-5000-IU-30-softgels.webp","width":1000,"height":1000,"caption":"Vitamin D-3"},{"@type":"BreadcrumbList","@id":"https:\/\/ecosupplements.ch\/?product=vitamin-d-3-5000-iu-30-softgels#breadcrumb","itemListElement":[{"@type":"ListItem","position":1,"name":"Home","item":"https:\/\/ecosupplements.ch\/"},{"@type":"ListItem","position":2,"name":"Shop","item":"https:\/\/ecosupplements.ch\/?page_id=14"},{"@type":"ListItem","position":3,"name":"Vitamin D-3, 5000 IU &#8211; 30 softgels"}]},{"@type":"WebSite","@id":"https:\/\/ecosupplements.ch\/#website","url":"https:\/\/ecosupplements.ch\/","name":"Eco Supplements","description":"","potentialAction":[{"@type":"SearchAction","target":{"@type":"EntryPoint","urlTemplate":"https:\/\/ecosupplements.ch\/?s={search_term_string}"},"query-input":{"@type":"PropertyValueSpecification","valueRequired":true,"valueName":"search_term_string"}}],"inLanguage":"de-CH"}]},"product_price_amount":"4.70","product_price_currency":"CHF","og_availability":"out of stock","product_availability":"out of stock","product_retailer_item_id":"733739003744","product_condition":"new"},"_links":{"self":[{"href":"https:\/\/ecosupplements.ch\/index.php?rest_route=\/wp\/v2\/product\/5381","targetHints":{"allow":["GET"]}}],"collection":[{"href":"https:\/\/ecosupplements.ch\/index.php?rest_route=\/wp\/v2\/product"}],"about":[{"href":"https:\/\/ecosupplements.ch\/index.php?rest_route=\/wp\/v2\/types\/product"}],"replies":[{"embeddable":true,"href":"https:\/\/ecosupplements.ch\/index.php?rest_route=%2Fwp%2Fv2%2Fcomments&post=5381"}],"wp:featuredmedia":[{"embeddable":true,"href":"https:\/\/ecosupplements.ch\/index.php?rest_route=\/wp\/v2\/media\/5382"}],"wp:attachment":[{"href":"https:\/\/ecosupplements.ch\/index.php?rest_route=%2Fwp%2Fv2%2Fmedia&parent=5381"}],"wp:term":[{"taxonomy":"product_brand","embeddable":true,"href":"https:\/\/ecosupplements.ch\/index.php?rest_route=%2Fwp%2Fv2%2Fproduct_brand&post=5381"},{"taxonomy":"product_cat","embeddable":true,"href":"https:\/\/ecosupplements.ch\/index.php?rest_route=%2Fwp%2Fv2%2Fproduct_cat&post=5381"},{"taxonomy":"product_tag","embeddable":true,"href":"https:\/\/ecosupplements.ch\/index.php?rest_route=%2Fwp%2Fv2%2Fproduct_tag&post=5381"}],"curies":[{"name":"wp","href":"https:\/\/api.w.org\/{rel}","templated":true}]}}