{"id":5387,"date":"2026-05-11T15:06:15","date_gmt":"2026-05-11T15:06:15","guid":{"rendered":"https:\/\/ecosupplements.ch\/?product=vitamin-e-400-natural-mixed-tocopherols-100-softgels"},"modified":"2026-05-13T07:23:33","modified_gmt":"2026-05-13T07:23:33","slug":"vitamin-e-400-natural-mixed-tocopherols-100-softgels","status":"publish","type":"product","link":"https:\/\/ecosupplements.ch\/?product=vitamin-e-400-natural-mixed-tocopherols-100-softgels","title":{"rendered":"Vitamin E-400 &#8211; Natural (Mixed Tocopherols) &#8211; 100 softgels"},"content":{"rendered":"<div class=\"chcg-product-description\">\n<h2 class=\"chcg-heading\">\u00dcber NOW Foods \u2013 Vitamin E-400 \u2013 Natural (Mixed Tocopherols) \u2013 100 Softgels<\/h2>\n<div class=\"chcg-intro\">\n<p>Das Vitamin E-400 von NOW Foods liefert nat\u00fcrliches, unverestiertes d-alpha Tocopherol in Kombination mit einem vollst\u00e4ndigen Spektrum an gemischten Tocopherolen (d-beta, d-delta und d-gamma). Diese nat\u00fcrliche Form des Vitamin E wird vom K\u00f6rper besonders gut aufgenommen und unterst\u00fctzt den Schutz der Zellen vor oxidativem Stress \u2013 eine durch EFSA anerkannte ern\u00e4hrungsphysiologische Funktion.<\/p>\n<p>Im Gegensatz zu vielen synthetischen Vitamin-E-Pr\u00e4paraten setzt NOW Foods auf eine nat\u00fcrlich gewonnene Formulierung, gewonnen aus nicht-gentechnisch ver\u00e4nderter Soja (hochraffiniert). Das Produkt enth\u00e4lt zudem hochwertiges Bio-Oliven\u00f6l als Tr\u00e4ger\u00f6l, was die Aufnahme der fettl\u00f6slichen Wirkstoffe zus\u00e4tzlich beg\u00fcnstigt.<\/p>\n<p>Mit 268 mg (400 IU) pro Softgel-Kapsel bietet dieses Pr\u00e4parat eine hochwirksame t\u00e4gliche Dosis in einer praktischen, leicht schluckbaren Form. Ideal f\u00fcr alle, die ihren Vitamin-E-Bedarf gezielt und zuverl\u00e4ssig decken m\u00f6chten.<\/p>\n<\/p><\/div>\n<div class=\"chcg-nutrition\">\n<h3>N\u00e4hrwertangaben<\/h3>\n<table class=\"chcg-nutrition-table\">\n<thead>\n<tr>\n<th>N\u00e4hrstoff<\/th>\n<th>Pro Portion (1 Softgel)<\/th>\n<\/tr>\n<\/thead>\n<tbody>\n<tr>\n<td>Vitamin E (als unverestiertes d-alpha Tocopherol plus Gemischte Tocopherole: d-beta, d-delta, d-gamma Tocopherol)<\/td>\n<td>268 mg (400 IU) | 1333 % NRV<\/td>\n<\/tr>\n<\/tbody>\n<\/table><\/div>\n<div class=\"chcg-ingredients\">\n<h3>Zutaten<\/h3>\n<p>Bio-Oliven\u00f6l extra vergine, Gemischte Tocopherole (d-beta, d-delta, d-gamma). Vitamin E aus nicht-gentechnisch ver\u00e4nderter Soja (hochraffiniert).<\/p>\n<p class=\"chcg-capsule-shell\">Kapselh\u00fclle: Softgel-Kapsel [Rindgelatine (BSE-frei), Glycerin, Wasser]\n<\/p><\/div>\n<div class=\"chcg-dosage\">\n<h3>Verzehrempfehlung<\/h3>\n<p>T\u00e4glich 1 Softgel-Kapsel zu einer Mahlzeit einnehmen.<\/p>\n<\/p><\/div>\n<div class=\"chcg-warnings\">\n<h3>Warnhinweise<\/h3>\n<p>Nur f\u00fcr Erwachsene. Bei Schwangerschaft oder Stillzeit, bei der Einnahme von Medikamenten oder bei bestehenden gesundheitlichen Beschwerden ist vor der Einnahme ein Arzt zu konsultieren. Ausserhalb der Reichweite von Kindern aufbewahren. Nat\u00fcrliche Farbabweichungen des Produkts sind m\u00f6glich.<\/p>\n<\/p><\/div>\n<div class=\"chcg-allergens\">\n<h3>Allergeninformationen<\/h3>\n<p>Enth\u00e4lt Soja (Vitamin E aus nicht-gentechnisch ver\u00e4nderter Soja, hochraffiniert). Nicht hergestellt mit Hefe, Weizen, Gluten, Milch, Ei, Fisch, Schalentieren, Baumn\u00fcssen oder Sesam. Produziert in einem GMP-zertifizierten Betrieb, der auch andere Zutaten verarbeitet, die diese Allergene enthalten k\u00f6nnen.<\/p>\n<\/p><\/div>\n<div class=\"chcg-storage\">\n<h3>Lagerung<\/h3>\n<p>Nach dem \u00d6ffnen k\u00fchl und trocken lagern.<\/p>\n<\/p><\/div>\n<div class=\"chcg-dietary\">\n<h3>Ern\u00e4hrungshinweise<\/h3>\n<ul>\n<li>Glutenfrei<\/li>\n<li>Laktosefrei<\/li>\n<\/ul><\/div>\n<\/div>\n","protected":false},"excerpt":{"rendered":"<p>Nat\u00fcrliches Vitamin E-400 mit gemischten Tocopherolen zum Schutz der Zellen vor oxidativem Stress. Pro Softgel 268 mg (400 IU), 100 Kapseln pro Packung. Glutenfrei und laktosefrei.<\/p>\n","protected":false},"featured_media":5388,"comment_status":"closed","ping_status":"open","template":"","meta":[],"product_brand":[454],"product_cat":[27,48,28,29,171,21],"product_tag":[],"class_list":{"0":"post-5387","1":"product","2":"type-product","3":"status-publish","4":"has-post-thumbnail","6":"product_brand-nownow-foods","7":"product_cat-einige-vitamine","8":"product_cat-gesunde-ernaehrung","9":"product_cat-vitamin-b","10":"product_cat-vitamin-c","11":"product_cat-vitamine-und-mineralien","12":"product_cat-vitamine-und-mineralstoffe","14":"first","15":"outofstock","16":"taxable","17":"shipping-taxable","18":"purchasable","19":"product-type-simple"},"yoast_head":"<!-- This site is optimized with the Yoast SEO plugin v27.5 - https:\/\/yoast.com\/product\/yoast-seo-wordpress\/ -->\n<title>Vitamin E-400 Natural Mixed Tocopherols \u2013 NOW | ecosupplements.ch<\/title>\n<meta name=\"description\" content=\"Nat\u00fcrliches Vitamin E-400 mit gemischten Tocopherolen \u2013 268 mg pro Softgel, 100 St\u00fcck. Sch\u00fctzt Zellen vor oxidativem Stress. Jetzt bestellen.\" \/>\n<meta name=\"robots\" content=\"index, follow, max-snippet:-1, max-image-preview:large, max-video-preview:-1\" \/>\n<link rel=\"canonical\" href=\"https:\/\/ecosupplements.ch\/?product=vitamin-e-400-natural-mixed-tocopherols-100-softgels\" \/>\n<meta property=\"og:locale\" content=\"de_DE\" \/>\n<meta property=\"og:type\" content=\"article\" \/>\n<meta property=\"og:title\" content=\"Vitamin E-400 Natural Mixed Tocopherols \u2013 NOW | ecosupplements.ch\" \/>\n<meta property=\"og:description\" content=\"Nat\u00fcrliches Vitamin E-400 mit gemischten Tocopherolen \u2013 268 mg pro Softgel, 100 St\u00fcck. Sch\u00fctzt Zellen vor oxidativem Stress. Jetzt bestellen.\" \/>\n<meta property=\"og:url\" content=\"https:\/\/ecosupplements.ch\/?product=vitamin-e-400-natural-mixed-tocopherols-100-softgels\" \/>\n<meta property=\"og:site_name\" content=\"Eco Supplements\" \/>\n<meta property=\"article:modified_time\" content=\"2026-05-13T07:23:33+00:00\" \/>\n<meta property=\"og:image\" content=\"https:\/\/ecosupplements.ch\/wp-content\/uploads\/2026\/05\/Vitamin-E-400-Natural-Mixed-Tocopherols-100-softgels.webp\" \/>\n\t<meta property=\"og:image:width\" content=\"1000\" \/>\n\t<meta property=\"og:image:height\" content=\"1000\" \/>\n\t<meta property=\"og:image:type\" content=\"image\/jpeg\" \/>\n<meta name=\"twitter:card\" content=\"summary_large_image\" \/>\n<meta name=\"twitter:label1\" content=\"Price\" \/>\n\t<meta name=\"twitter:data1\" content=\"&#067;&#072;&#070;&nbsp;18.66\" \/>\n\t<meta name=\"twitter:label2\" content=\"Availability\" \/>\n\t<meta name=\"twitter:data2\" content=\"Out of stock\" \/>\n<script type=\"application\/ld+json\" class=\"yoast-schema-graph\">{\"@context\":\"https:\\\/\\\/schema.org\",\"@graph\":[{\"@type\":\"WebPage\",\"@id\":\"https:\\\/\\\/ecosupplements.ch\\\/?product=vitamin-e-400-natural-mixed-tocopherols-100-softgels\",\"url\":\"https:\\\/\\\/ecosupplements.ch\\\/?product=vitamin-e-400-natural-mixed-tocopherols-100-softgels\",\"name\":\"Vitamin E-400 Natural Mixed Tocopherols \u2013 NOW | ecosupplements.ch\",\"isPartOf\":{\"@id\":\"https:\\\/\\\/ecosupplements.ch\\\/#website\"},\"primaryImageOfPage\":{\"@id\":\"https:\\\/\\\/ecosupplements.ch\\\/?product=vitamin-e-400-natural-mixed-tocopherols-100-softgels#primaryimage\"},\"image\":{\"@id\":\"https:\\\/\\\/ecosupplements.ch\\\/?product=vitamin-e-400-natural-mixed-tocopherols-100-softgels#primaryimage\"},\"thumbnailUrl\":\"https:\\\/\\\/ecosupplements.ch\\\/wp-content\\\/uploads\\\/2026\\\/05\\\/Vitamin-E-400-Natural-Mixed-Tocopherols-100-softgels.webp\",\"datePublished\":\"2026-05-11T15:06:15+00:00\",\"dateModified\":\"2026-05-13T07:23:33+00:00\",\"description\":\"Nat\u00fcrliches Vitamin E-400 mit gemischten Tocopherolen \u2013 268 mg pro Softgel, 100 St\u00fcck. Sch\u00fctzt Zellen vor oxidativem Stress. Jetzt bestellen.\",\"breadcrumb\":{\"@id\":\"https:\\\/\\\/ecosupplements.ch\\\/?product=vitamin-e-400-natural-mixed-tocopherols-100-softgels#breadcrumb\"},\"inLanguage\":\"de-CH\",\"potentialAction\":[{\"@type\":\"ReadAction\",\"target\":[\"https:\\\/\\\/ecosupplements.ch\\\/?product=vitamin-e-400-natural-mixed-tocopherols-100-softgels\"]}]},{\"@type\":\"ImageObject\",\"inLanguage\":\"de-CH\",\"@id\":\"https:\\\/\\\/ecosupplements.ch\\\/?product=vitamin-e-400-natural-mixed-tocopherols-100-softgels#primaryimage\",\"url\":\"https:\\\/\\\/ecosupplements.ch\\\/wp-content\\\/uploads\\\/2026\\\/05\\\/Vitamin-E-400-Natural-Mixed-Tocopherols-100-softgels.webp\",\"contentUrl\":\"https:\\\/\\\/ecosupplements.ch\\\/wp-content\\\/uploads\\\/2026\\\/05\\\/Vitamin-E-400-Natural-Mixed-Tocopherols-100-softgels.webp\",\"width\":1000,\"height\":1000,\"caption\":\"Vitamin E-400 - Natural (Mixed Tocopherols) - 100 softgels\"},{\"@type\":\"BreadcrumbList\",\"@id\":\"https:\\\/\\\/ecosupplements.ch\\\/?product=vitamin-e-400-natural-mixed-tocopherols-100-softgels#breadcrumb\",\"itemListElement\":[{\"@type\":\"ListItem\",\"position\":1,\"name\":\"Home\",\"item\":\"https:\\\/\\\/ecosupplements.ch\\\/\"},{\"@type\":\"ListItem\",\"position\":2,\"name\":\"Shop\",\"item\":\"https:\\\/\\\/ecosupplements.ch\\\/?page_id=14\"},{\"@type\":\"ListItem\",\"position\":3,\"name\":\"Vitamin E-400 &#8211; Natural (Mixed Tocopherols) &#8211; 100 softgels\"}]},{\"@type\":\"WebSite\",\"@id\":\"https:\\\/\\\/ecosupplements.ch\\\/#website\",\"url\":\"https:\\\/\\\/ecosupplements.ch\\\/\",\"name\":\"Eco Supplements\",\"description\":\"\",\"potentialAction\":[{\"@type\":\"SearchAction\",\"target\":{\"@type\":\"EntryPoint\",\"urlTemplate\":\"https:\\\/\\\/ecosupplements.ch\\\/?s={search_term_string}\"},\"query-input\":{\"@type\":\"PropertyValueSpecification\",\"valueRequired\":true,\"valueName\":\"search_term_string\"}}],\"inLanguage\":\"de-CH\"}]}<\/script>\n<meta property=\"product:price:amount\" content=\"18.66\" \/>\n<meta property=\"product:price:currency\" content=\"CHF\" \/>\n<meta property=\"og:availability\" content=\"out of stock\" \/>\n<meta property=\"product:availability\" content=\"out of stock\" \/>\n<meta property=\"product:retailer_item_id\" content=\"733739008923\" \/>\n<meta property=\"product:condition\" content=\"new\" \/>\n<!-- \/ Yoast SEO plugin. -->","yoast_head_json":{"title":"Vitamin E-400 Natural Mixed Tocopherols \u2013 NOW | ecosupplements.ch","description":"Nat\u00fcrliches Vitamin E-400 mit gemischten Tocopherolen \u2013 268 mg pro Softgel, 100 St\u00fcck. Sch\u00fctzt Zellen vor oxidativem Stress. Jetzt bestellen.","robots":{"index":"index","follow":"follow","max-snippet":"max-snippet:-1","max-image-preview":"max-image-preview:large","max-video-preview":"max-video-preview:-1"},"canonical":"https:\/\/ecosupplements.ch\/?product=vitamin-e-400-natural-mixed-tocopherols-100-softgels","og_locale":"de_DE","og_type":"article","og_title":"Vitamin E-400 Natural Mixed Tocopherols \u2013 NOW | ecosupplements.ch","og_description":"Nat\u00fcrliches Vitamin E-400 mit gemischten Tocopherolen \u2013 268 mg pro Softgel, 100 St\u00fcck. Sch\u00fctzt Zellen vor oxidativem Stress. Jetzt bestellen.","og_url":"https:\/\/ecosupplements.ch\/?product=vitamin-e-400-natural-mixed-tocopherols-100-softgels","og_site_name":"Eco Supplements","article_modified_time":"2026-05-13T07:23:33+00:00","og_image":[{"width":1000,"height":1000,"url":"https:\/\/ecosupplements.ch\/wp-content\/uploads\/2026\/05\/Vitamin-E-400-Natural-Mixed-Tocopherols-100-softgels.webp","type":"image\/jpeg"}],"twitter_card":"summary_large_image","twitter_misc":{"Price":"&#67;&#72;&#70;&nbsp;18.66","Availability":"Out of stock"},"schema":{"@context":"https:\/\/schema.org","@graph":[{"@type":"WebPage","@id":"https:\/\/ecosupplements.ch\/?product=vitamin-e-400-natural-mixed-tocopherols-100-softgels","url":"https:\/\/ecosupplements.ch\/?product=vitamin-e-400-natural-mixed-tocopherols-100-softgels","name":"Vitamin E-400 Natural Mixed Tocopherols \u2013 NOW | ecosupplements.ch","isPartOf":{"@id":"https:\/\/ecosupplements.ch\/#website"},"primaryImageOfPage":{"@id":"https:\/\/ecosupplements.ch\/?product=vitamin-e-400-natural-mixed-tocopherols-100-softgels#primaryimage"},"image":{"@id":"https:\/\/ecosupplements.ch\/?product=vitamin-e-400-natural-mixed-tocopherols-100-softgels#primaryimage"},"thumbnailUrl":"https:\/\/ecosupplements.ch\/wp-content\/uploads\/2026\/05\/Vitamin-E-400-Natural-Mixed-Tocopherols-100-softgels.webp","datePublished":"2026-05-11T15:06:15+00:00","dateModified":"2026-05-13T07:23:33+00:00","description":"Nat\u00fcrliches Vitamin E-400 mit gemischten Tocopherolen \u2013 268 mg pro Softgel, 100 St\u00fcck. Sch\u00fctzt Zellen vor oxidativem Stress. Jetzt bestellen.","breadcrumb":{"@id":"https:\/\/ecosupplements.ch\/?product=vitamin-e-400-natural-mixed-tocopherols-100-softgels#breadcrumb"},"inLanguage":"de-CH","potentialAction":[{"@type":"ReadAction","target":["https:\/\/ecosupplements.ch\/?product=vitamin-e-400-natural-mixed-tocopherols-100-softgels"]}]},{"@type":"ImageObject","inLanguage":"de-CH","@id":"https:\/\/ecosupplements.ch\/?product=vitamin-e-400-natural-mixed-tocopherols-100-softgels#primaryimage","url":"https:\/\/ecosupplements.ch\/wp-content\/uploads\/2026\/05\/Vitamin-E-400-Natural-Mixed-Tocopherols-100-softgels.webp","contentUrl":"https:\/\/ecosupplements.ch\/wp-content\/uploads\/2026\/05\/Vitamin-E-400-Natural-Mixed-Tocopherols-100-softgels.webp","width":1000,"height":1000,"caption":"Vitamin E-400 - Natural (Mixed Tocopherols) - 100 softgels"},{"@type":"BreadcrumbList","@id":"https:\/\/ecosupplements.ch\/?product=vitamin-e-400-natural-mixed-tocopherols-100-softgels#breadcrumb","itemListElement":[{"@type":"ListItem","position":1,"name":"Home","item":"https:\/\/ecosupplements.ch\/"},{"@type":"ListItem","position":2,"name":"Shop","item":"https:\/\/ecosupplements.ch\/?page_id=14"},{"@type":"ListItem","position":3,"name":"Vitamin E-400 &#8211; Natural (Mixed Tocopherols) &#8211; 100 softgels"}]},{"@type":"WebSite","@id":"https:\/\/ecosupplements.ch\/#website","url":"https:\/\/ecosupplements.ch\/","name":"Eco Supplements","description":"","potentialAction":[{"@type":"SearchAction","target":{"@type":"EntryPoint","urlTemplate":"https:\/\/ecosupplements.ch\/?s={search_term_string}"},"query-input":{"@type":"PropertyValueSpecification","valueRequired":true,"valueName":"search_term_string"}}],"inLanguage":"de-CH"}]},"product_price_amount":"18.66","product_price_currency":"CHF","og_availability":"out of stock","product_availability":"out of stock","product_retailer_item_id":"733739008923","product_condition":"new"},"_links":{"self":[{"href":"https:\/\/ecosupplements.ch\/index.php?rest_route=\/wp\/v2\/product\/5387","targetHints":{"allow":["GET"]}}],"collection":[{"href":"https:\/\/ecosupplements.ch\/index.php?rest_route=\/wp\/v2\/product"}],"about":[{"href":"https:\/\/ecosupplements.ch\/index.php?rest_route=\/wp\/v2\/types\/product"}],"replies":[{"embeddable":true,"href":"https:\/\/ecosupplements.ch\/index.php?rest_route=%2Fwp%2Fv2%2Fcomments&post=5387"}],"wp:featuredmedia":[{"embeddable":true,"href":"https:\/\/ecosupplements.ch\/index.php?rest_route=\/wp\/v2\/media\/5388"}],"wp:attachment":[{"href":"https:\/\/ecosupplements.ch\/index.php?rest_route=%2Fwp%2Fv2%2Fmedia&parent=5387"}],"wp:term":[{"taxonomy":"product_brand","embeddable":true,"href":"https:\/\/ecosupplements.ch\/index.php?rest_route=%2Fwp%2Fv2%2Fproduct_brand&post=5387"},{"taxonomy":"product_cat","embeddable":true,"href":"https:\/\/ecosupplements.ch\/index.php?rest_route=%2Fwp%2Fv2%2Fproduct_cat&post=5387"},{"taxonomy":"product_tag","embeddable":true,"href":"https:\/\/ecosupplements.ch\/index.php?rest_route=%2Fwp%2Fv2%2Fproduct_tag&post=5387"}],"curies":[{"name":"wp","href":"https:\/\/api.w.org\/{rel}","templated":true}]}}