{"id":5393,"date":"2026-05-11T15:06:18","date_gmt":"2026-05-11T15:06:18","guid":{"rendered":"https:\/\/ecosupplements.ch\/?product=water-out-100-vcaps"},"modified":"2026-05-13T07:23:33","modified_gmt":"2026-05-13T07:23:33","slug":"water-out-100-vcaps","status":"publish","type":"product","link":"https:\/\/ecosupplements.ch\/?product=water-out-100-vcaps","title":{"rendered":"Water Out &#8211; 100 vcaps"},"content":{"rendered":"<div class=\"chcg-product-description\">\n<h2 class=\"chcg-heading\">\u00dcber NOW Foods \u2013 Water Out \u2013 100 Veg Kapseln<\/h2>\n<div class=\"chcg-intro\">\n<p>Water Out von NOW Foods ist eine sorgf\u00e4ltig zusammengestellte Kr\u00e4uterformel, die traditionelle Pflanzenstoffe wie Uva Ursi, L\u00f6wenzahn und Wacholderbeeren mit Vitamin B-6 und Kalium kombiniert. Diese Inhaltsstoffe werden seit Langem in der pflanzlichen Naturheilkunde gesch\u00e4tzt und erg\u00e4nzen sich in dieser Formel auf ausgewogene Weise.<\/p>\n<p>Vitamin B-6 tr\u00e4gt zu einem normalen Energiestoffwechsel und zur normalen Funktion des Nervensystems bei. Kalium unterst\u00fctzt die normale Muskelfunktion und das Gleichgewicht des Elektrolythaushalts \u2013 ein wichtiger Aspekt, wenn Kr\u00e4uterextrakte zur Unterst\u00fctzung des Wasserhaushalts eingesetzt werden.<\/p>\n<p>Die Kapseln sind in pflanzliche H\u00fcllen aus Hypromellose gef\u00fcllt, frei von tierischen Bestandteilen und damit f\u00fcr vegane sowie vegetarische Ern\u00e4hrungsweisen geeignet. Mit 100 Kapseln pro Packung (50 Portionen) bietet Water Out einen praktischen Vorrat f\u00fcr den allt\u00e4glichen Gebrauch.<\/p>\n<\/p><\/div>\n<div class=\"chcg-nutrition\">\n<h3>N\u00e4hrwertangaben<\/h3>\n<table class=\"chcg-nutrition-table\">\n<thead>\n<tr>\n<th>N\u00e4hrstoff<\/th>\n<th>Pro Portion (2 Veg Kapseln)<\/th>\n<\/tr>\n<\/thead>\n<tbody>\n<tr>\n<td>Vitamin B-6 (aus Pyridoxin-HCl)<\/td>\n<td>25 mg (1786 % NRV)<\/td>\n<\/tr>\n<tr>\n<td>Kalium (aus Kaliumchlorid)<\/td>\n<td>99 mg (5 % NRV)<\/td>\n<\/tr>\n<tr>\n<td>Uva Ursi Extrakt (<em>Arctostaphylos uva-ursi<\/em>) (Blatt) (standardisiert auf mind. 15 % Arbutin)<\/td>\n<td>250 mg *<\/td>\n<\/tr>\n<tr>\n<td>L\u00f6wenzahn (<em>Taraxacum officinale<\/em>) (Blatt)<\/td>\n<td>200 mg *<\/td>\n<\/tr>\n<tr>\n<td>Wacholder (<em>Juniperus communis<\/em>) (Beeren)<\/td>\n<td>120 mg *<\/td>\n<\/tr>\n<\/tbody>\n<\/table>\n<p class=\"chcg-footnote\">* Kein festgelegter Tagesbedarf (NRV).<\/p>\n<p class=\"chcg-footnote\">Portionsgr\u00f6sse: 2 Veg Kapseln | Portionen pro Packung: 50<\/p>\n<\/p><\/div>\n<div class=\"chcg-ingredients\">\n<h3>Zutaten<\/h3>\n<p>Vitamin B-6 (aus Pyridoxin-HCl) 25 mg, Kalium (aus Kaliumchlorid) 99 mg, Uva Ursi Extrakt (<em>Arctostaphylos uva-ursi<\/em>) (Blatt) (standardisiert auf mind. 15 % Arbutin) 250 mg, L\u00f6wenzahn (<em>Taraxacum officinale<\/em>) (Blatt) 200 mg, Wacholder (<em>Juniperus communis<\/em>) (Beeren) 120 mg. Weitere Zutaten: Hypromellose (Zellulosekapselh\u00fclle), Reismehl, Stearins\u00e4ure (pflanzlicher Herkunft) und Magnesiumcarbonat.<\/p>\n<p class=\"chcg-capsule-shell\">Kapselh\u00fclle: Hypromellose (Zellulosekapselh\u00fclle)<\/p>\n<\/p><\/div>\n<div class=\"chcg-dosage\">\n<h3>Verzehrempfehlung<\/h3>\n<p>Bei Bedarf t\u00e4glich 2-mal 2 Kapseln zu einer Mahlzeit und mit ausreichend Wasser einnehmen.<\/p>\n<\/p><\/div>\n<div class=\"chcg-warnings\">\n<h3>Warnhinweise<\/h3>\n<p>Nur f\u00fcr Erwachsene. Nicht geeignet f\u00fcr Schwangere oder stillende Frauen. Bei Einnahme von Medikamenten oder bei bestehenden gesundheitlichen Beschwerden (insbesondere bei Leber- oder Nierenerkrankungen) vor der Anwendung einen Arzt konsultieren. Die empfohlene Tagesdosis nicht \u00fcberschreiten. Eine Langzeitanwendung nur unter \u00e4rztlicher Aufsicht. Ausserhalb der Reichweite von Kindern aufbewahren.<\/p>\n<\/p><\/div>\n<div class=\"chcg-allergens\">\n<h3>Allergeninformationen<\/h3>\n<p>Nicht hergestellt mit Weizen, Gluten, Soja, Milch, Ei, Fisch, Schalentieren, Baumn\u00fcssen oder Sesam. Hergestellt in einem GMP-zertifizierten Betrieb, der auch andere Zutaten verarbeitet, die diese Allergene enthalten k\u00f6nnen.<\/p>\n<\/p><\/div>\n<div class=\"chcg-storage\">\n<h3>Lagerung<\/h3>\n<p>Nach dem \u00d6ffnen an einem k\u00fchlen, trockenen Ort aufbewahren.<\/p>\n<\/p><\/div>\n<div class=\"chcg-dietary\">\n<h3>Ern\u00e4hrungshinweise<\/h3>\n<ul>\n<li>Vegan<\/li>\n<li>Vegetarisch<\/li>\n<li>Glutenfrei<\/li>\n<li>Laktosefrei<\/li>\n<\/ul><\/div>\n<\/div>\n","protected":false},"excerpt":{"rendered":"<p>Water Out von NOW Foods kombiniert Uva Ursi, L\u00f6wenzahn und Wacholderbeeren mit Vitamin B-6 und Kalium in praktischen veganen Kapseln. Packung mit 100 Veg Kapseln (50 Portionen). Glutenfrei und laktosefrei.<\/p>\n","protected":false},"featured_media":5394,"comment_status":"closed","ping_status":"open","template":"","meta":[],"product_brand":[454],"product_cat":[27,48,25,26,30,21],"product_tag":[],"class_list":{"0":"post-5393","1":"product","2":"type-product","3":"status-publish","4":"has-post-thumbnail","6":"product_brand-nownow-foods","7":"product_cat-einige-vitamine","8":"product_cat-gesunde-ernaehrung","9":"product_cat-gesundheit-und-wohlbefinden","10":"product_cat-multivitamine","11":"product_cat-vitamin-d","12":"product_cat-vitamine-und-mineralstoffe","14":"first","15":"outofstock","16":"taxable","17":"shipping-taxable","18":"purchasable","19":"product-type-simple"},"yoast_head":"<!-- This site is optimized with the Yoast SEO plugin v27.5 - https:\/\/yoast.com\/product\/yoast-seo-wordpress\/ -->\n<title>Water Out 100 Veg Kapseln \u2013 NOW Foods | ecosupplements.ch<\/title>\n<meta name=\"description\" content=\"NOW Foods Water Out mit Uva Ursi, L\u00f6wenzahn und Vitamin B-6 \u2013 100 vegane Kapseln, glutenfrei. Jetzt bestellen.\" \/>\n<meta name=\"robots\" content=\"index, follow, max-snippet:-1, max-image-preview:large, max-video-preview:-1\" \/>\n<link rel=\"canonical\" href=\"https:\/\/ecosupplements.ch\/?product=water-out-100-vcaps\" \/>\n<meta property=\"og:locale\" content=\"de_DE\" \/>\n<meta property=\"og:type\" content=\"article\" \/>\n<meta property=\"og:title\" content=\"Water Out 100 Veg Kapseln \u2013 NOW Foods | ecosupplements.ch\" \/>\n<meta property=\"og:description\" content=\"NOW Foods Water Out mit Uva Ursi, L\u00f6wenzahn und Vitamin B-6 \u2013 100 vegane Kapseln, glutenfrei. Jetzt bestellen.\" \/>\n<meta property=\"og:url\" content=\"https:\/\/ecosupplements.ch\/?product=water-out-100-vcaps\" \/>\n<meta property=\"og:site_name\" content=\"Eco Supplements\" \/>\n<meta property=\"article:modified_time\" content=\"2026-05-13T07:23:33+00:00\" \/>\n<meta property=\"og:image\" content=\"https:\/\/ecosupplements.ch\/wp-content\/uploads\/2026\/05\/Water-Out-100-vcaps.webp\" \/>\n\t<meta property=\"og:image:width\" content=\"1000\" \/>\n\t<meta property=\"og:image:height\" content=\"1000\" \/>\n\t<meta property=\"og:image:type\" content=\"image\/jpeg\" \/>\n<meta name=\"twitter:card\" content=\"summary_large_image\" \/>\n<meta name=\"twitter:label1\" content=\"Price\" \/>\n\t<meta name=\"twitter:data1\" content=\"&#067;&#072;&#070;&nbsp;15.15\" \/>\n\t<meta name=\"twitter:label2\" content=\"Availability\" \/>\n\t<meta name=\"twitter:data2\" content=\"Out of stock\" \/>\n<script type=\"application\/ld+json\" class=\"yoast-schema-graph\">{\"@context\":\"https:\\\/\\\/schema.org\",\"@graph\":[{\"@type\":\"WebPage\",\"@id\":\"https:\\\/\\\/ecosupplements.ch\\\/?product=water-out-100-vcaps\",\"url\":\"https:\\\/\\\/ecosupplements.ch\\\/?product=water-out-100-vcaps\",\"name\":\"Water Out 100 Veg Kapseln \u2013 NOW Foods | ecosupplements.ch\",\"isPartOf\":{\"@id\":\"https:\\\/\\\/ecosupplements.ch\\\/#website\"},\"primaryImageOfPage\":{\"@id\":\"https:\\\/\\\/ecosupplements.ch\\\/?product=water-out-100-vcaps#primaryimage\"},\"image\":{\"@id\":\"https:\\\/\\\/ecosupplements.ch\\\/?product=water-out-100-vcaps#primaryimage\"},\"thumbnailUrl\":\"https:\\\/\\\/ecosupplements.ch\\\/wp-content\\\/uploads\\\/2026\\\/05\\\/Water-Out-100-vcaps.webp\",\"datePublished\":\"2026-05-11T15:06:18+00:00\",\"dateModified\":\"2026-05-13T07:23:33+00:00\",\"description\":\"NOW Foods Water Out mit Uva Ursi, L\u00f6wenzahn und Vitamin B-6 \u2013 100 vegane Kapseln, glutenfrei. Jetzt bestellen.\",\"breadcrumb\":{\"@id\":\"https:\\\/\\\/ecosupplements.ch\\\/?product=water-out-100-vcaps#breadcrumb\"},\"inLanguage\":\"de-CH\",\"potentialAction\":[{\"@type\":\"ReadAction\",\"target\":[\"https:\\\/\\\/ecosupplements.ch\\\/?product=water-out-100-vcaps\"]}]},{\"@type\":\"ImageObject\",\"inLanguage\":\"de-CH\",\"@id\":\"https:\\\/\\\/ecosupplements.ch\\\/?product=water-out-100-vcaps#primaryimage\",\"url\":\"https:\\\/\\\/ecosupplements.ch\\\/wp-content\\\/uploads\\\/2026\\\/05\\\/Water-Out-100-vcaps.webp\",\"contentUrl\":\"https:\\\/\\\/ecosupplements.ch\\\/wp-content\\\/uploads\\\/2026\\\/05\\\/Water-Out-100-vcaps.webp\",\"width\":1000,\"height\":1000,\"caption\":\"Water Out - 100 vcaps\"},{\"@type\":\"BreadcrumbList\",\"@id\":\"https:\\\/\\\/ecosupplements.ch\\\/?product=water-out-100-vcaps#breadcrumb\",\"itemListElement\":[{\"@type\":\"ListItem\",\"position\":1,\"name\":\"Home\",\"item\":\"https:\\\/\\\/ecosupplements.ch\\\/\"},{\"@type\":\"ListItem\",\"position\":2,\"name\":\"Shop\",\"item\":\"https:\\\/\\\/ecosupplements.ch\\\/?page_id=14\"},{\"@type\":\"ListItem\",\"position\":3,\"name\":\"Water Out &#8211; 100 vcaps\"}]},{\"@type\":\"WebSite\",\"@id\":\"https:\\\/\\\/ecosupplements.ch\\\/#website\",\"url\":\"https:\\\/\\\/ecosupplements.ch\\\/\",\"name\":\"Eco Supplements\",\"description\":\"\",\"potentialAction\":[{\"@type\":\"SearchAction\",\"target\":{\"@type\":\"EntryPoint\",\"urlTemplate\":\"https:\\\/\\\/ecosupplements.ch\\\/?s={search_term_string}\"},\"query-input\":{\"@type\":\"PropertyValueSpecification\",\"valueRequired\":true,\"valueName\":\"search_term_string\"}}],\"inLanguage\":\"de-CH\"}]}<\/script>\n<meta property=\"product:price:amount\" content=\"15.15\" \/>\n<meta property=\"product:price:currency\" content=\"CHF\" \/>\n<meta property=\"og:availability\" content=\"out of stock\" \/>\n<meta property=\"product:availability\" content=\"out of stock\" \/>\n<meta property=\"product:retailer_item_id\" content=\"733739019080\" \/>\n<meta property=\"product:condition\" content=\"new\" \/>\n<!-- \/ Yoast SEO plugin. -->","yoast_head_json":{"title":"Water Out 100 Veg Kapseln \u2013 NOW Foods | ecosupplements.ch","description":"NOW Foods Water Out mit Uva Ursi, L\u00f6wenzahn und Vitamin B-6 \u2013 100 vegane Kapseln, glutenfrei. Jetzt bestellen.","robots":{"index":"index","follow":"follow","max-snippet":"max-snippet:-1","max-image-preview":"max-image-preview:large","max-video-preview":"max-video-preview:-1"},"canonical":"https:\/\/ecosupplements.ch\/?product=water-out-100-vcaps","og_locale":"de_DE","og_type":"article","og_title":"Water Out 100 Veg Kapseln \u2013 NOW Foods | ecosupplements.ch","og_description":"NOW Foods Water Out mit Uva Ursi, L\u00f6wenzahn und Vitamin B-6 \u2013 100 vegane Kapseln, glutenfrei. Jetzt bestellen.","og_url":"https:\/\/ecosupplements.ch\/?product=water-out-100-vcaps","og_site_name":"Eco Supplements","article_modified_time":"2026-05-13T07:23:33+00:00","og_image":[{"width":1000,"height":1000,"url":"https:\/\/ecosupplements.ch\/wp-content\/uploads\/2026\/05\/Water-Out-100-vcaps.webp","type":"image\/jpeg"}],"twitter_card":"summary_large_image","twitter_misc":{"Price":"&#67;&#72;&#70;&nbsp;15.15","Availability":"Out of stock"},"schema":{"@context":"https:\/\/schema.org","@graph":[{"@type":"WebPage","@id":"https:\/\/ecosupplements.ch\/?product=water-out-100-vcaps","url":"https:\/\/ecosupplements.ch\/?product=water-out-100-vcaps","name":"Water Out 100 Veg Kapseln \u2013 NOW Foods | ecosupplements.ch","isPartOf":{"@id":"https:\/\/ecosupplements.ch\/#website"},"primaryImageOfPage":{"@id":"https:\/\/ecosupplements.ch\/?product=water-out-100-vcaps#primaryimage"},"image":{"@id":"https:\/\/ecosupplements.ch\/?product=water-out-100-vcaps#primaryimage"},"thumbnailUrl":"https:\/\/ecosupplements.ch\/wp-content\/uploads\/2026\/05\/Water-Out-100-vcaps.webp","datePublished":"2026-05-11T15:06:18+00:00","dateModified":"2026-05-13T07:23:33+00:00","description":"NOW Foods Water Out mit Uva Ursi, L\u00f6wenzahn und Vitamin B-6 \u2013 100 vegane Kapseln, glutenfrei. Jetzt bestellen.","breadcrumb":{"@id":"https:\/\/ecosupplements.ch\/?product=water-out-100-vcaps#breadcrumb"},"inLanguage":"de-CH","potentialAction":[{"@type":"ReadAction","target":["https:\/\/ecosupplements.ch\/?product=water-out-100-vcaps"]}]},{"@type":"ImageObject","inLanguage":"de-CH","@id":"https:\/\/ecosupplements.ch\/?product=water-out-100-vcaps#primaryimage","url":"https:\/\/ecosupplements.ch\/wp-content\/uploads\/2026\/05\/Water-Out-100-vcaps.webp","contentUrl":"https:\/\/ecosupplements.ch\/wp-content\/uploads\/2026\/05\/Water-Out-100-vcaps.webp","width":1000,"height":1000,"caption":"Water Out - 100 vcaps"},{"@type":"BreadcrumbList","@id":"https:\/\/ecosupplements.ch\/?product=water-out-100-vcaps#breadcrumb","itemListElement":[{"@type":"ListItem","position":1,"name":"Home","item":"https:\/\/ecosupplements.ch\/"},{"@type":"ListItem","position":2,"name":"Shop","item":"https:\/\/ecosupplements.ch\/?page_id=14"},{"@type":"ListItem","position":3,"name":"Water Out &#8211; 100 vcaps"}]},{"@type":"WebSite","@id":"https:\/\/ecosupplements.ch\/#website","url":"https:\/\/ecosupplements.ch\/","name":"Eco Supplements","description":"","potentialAction":[{"@type":"SearchAction","target":{"@type":"EntryPoint","urlTemplate":"https:\/\/ecosupplements.ch\/?s={search_term_string}"},"query-input":{"@type":"PropertyValueSpecification","valueRequired":true,"valueName":"search_term_string"}}],"inLanguage":"de-CH"}]},"product_price_amount":"15.15","product_price_currency":"CHF","og_availability":"out of stock","product_availability":"out of stock","product_retailer_item_id":"733739019080","product_condition":"new"},"_links":{"self":[{"href":"https:\/\/ecosupplements.ch\/index.php?rest_route=\/wp\/v2\/product\/5393","targetHints":{"allow":["GET"]}}],"collection":[{"href":"https:\/\/ecosupplements.ch\/index.php?rest_route=\/wp\/v2\/product"}],"about":[{"href":"https:\/\/ecosupplements.ch\/index.php?rest_route=\/wp\/v2\/types\/product"}],"replies":[{"embeddable":true,"href":"https:\/\/ecosupplements.ch\/index.php?rest_route=%2Fwp%2Fv2%2Fcomments&post=5393"}],"wp:featuredmedia":[{"embeddable":true,"href":"https:\/\/ecosupplements.ch\/index.php?rest_route=\/wp\/v2\/media\/5394"}],"wp:attachment":[{"href":"https:\/\/ecosupplements.ch\/index.php?rest_route=%2Fwp%2Fv2%2Fmedia&parent=5393"}],"wp:term":[{"taxonomy":"product_brand","embeddable":true,"href":"https:\/\/ecosupplements.ch\/index.php?rest_route=%2Fwp%2Fv2%2Fproduct_brand&post=5393"},{"taxonomy":"product_cat","embeddable":true,"href":"https:\/\/ecosupplements.ch\/index.php?rest_route=%2Fwp%2Fv2%2Fproduct_cat&post=5393"},{"taxonomy":"product_tag","embeddable":true,"href":"https:\/\/ecosupplements.ch\/index.php?rest_route=%2Fwp%2Fv2%2Fproduct_tag&post=5393"}],"curies":[{"name":"wp","href":"https:\/\/api.w.org\/{rel}","templated":true}]}}