{"id":5399,"date":"2026-05-11T15:06:22","date_gmt":"2026-05-11T15:06:22","guid":{"rendered":"https:\/\/ecosupplements.ch\/?product=xylitol-454g"},"modified":"2026-05-13T07:23:34","modified_gmt":"2026-05-13T07:23:34","slug":"xylitol-454g","status":"publish","type":"product","link":"https:\/\/ecosupplements.ch\/?product=xylitol-454g","title":{"rendered":"Xylitol &#8211; 454g"},"content":{"rendered":"<div class=\"chcg-product-description\">\n<h2 class=\"chcg-heading\">\u00dcber NOW Foods \u2013 Xylitol \u2013 454g<\/h2>\n<div class=\"chcg-intro\">\n<p>Xylitol von NOW Foods ist ein nat\u00fcrlicher Zuckeraustauschstoff, der aus pflanzlichen Quellen gewonnen wird und mit seinem angenehm s\u00fcssen Geschmack problemlos als direkter Ersatz f\u00fcr herk\u00f6mmlichen Haushaltszucker eingesetzt werden kann. Mit nur 20 Kalorien pro Portion (8 g) und keinerlei Zucker enth\u00e4lt dieses Pulver eine attraktive Alternative f\u00fcr alle, die ihren Zuckerkonsum bewusst reduzieren m\u00f6chten, ohne auf S\u00fcsse zu verzichten.<\/p>\n<p>Das feine Pulver l\u00f6st sich leicht auf und eignet sich vielseitig in der K\u00fcche \u2013 ob zum Backen, Kochen oder zum S\u00fcssen von Getr\u00e4nken. Es l\u00e4sst sich im Verh\u00e4ltnis 1:1 wie gew\u00f6hnlicher Zucker verwenden, was die Anwendung besonders unkompliziert macht.<\/p>\n<p>NOW Foods steht seit Jahrzehnten f\u00fcr hohe Qualit\u00e4tsstandards und transparente Produktionsverfahren. Das Xylitol-Pulver ist vegan, vegetarisch, glutenfrei und laktosefrei \u2013 geeignet f\u00fcr eine Vielzahl von Ern\u00e4hrungsweisen.<\/p>\n<\/p><\/div>\n<div class=\"chcg-nutrition\">\n<h3>N\u00e4hrwertangaben<\/h3>\n<table class=\"chcg-nutrition-table\">\n<thead>\n<tr>\n<th>N\u00e4hrstoff<\/th>\n<th>Pro Portion (8 g)<\/th>\n<\/tr>\n<\/thead>\n<tbody>\n<tr>\n<td>Kalorien<\/td>\n<td>20<\/td>\n<\/tr>\n<tr>\n<td>Gesamtfett<\/td>\n<td>0 g (0%)<\/td>\n<\/tr>\n<tr>\n<td>\u2013 Davon ges\u00e4ttigte Fetts\u00e4uren<\/td>\n<td>0 g (0%)<\/td>\n<\/tr>\n<tr>\n<td>\u2013 Davon Transfetts\u00e4uren<\/td>\n<td>0 g<\/td>\n<\/tr>\n<tr>\n<td>Cholesterin<\/td>\n<td>0 mg (0%)<\/td>\n<\/tr>\n<tr>\n<td>Natrium<\/td>\n<td>0 mg (0%)<\/td>\n<\/tr>\n<tr>\n<td>Gesamtkohlenhydrate<\/td>\n<td>8 g (3%)<\/td>\n<\/tr>\n<tr>\n<td>\u2013 Davon Nahrungsfasern<\/td>\n<td>0 g (0%)<\/td>\n<\/tr>\n<tr>\n<td>\u2013 Davon Gesamtzucker<\/td>\n<td>0 g<\/td>\n<\/tr>\n<tr>\n<td>\u2013 Davon zugesetzter Zucker<\/td>\n<td>0 g (0%)<\/td>\n<\/tr>\n<tr>\n<td>Xylitol<\/td>\n<td>8 g<\/td>\n<\/tr>\n<tr>\n<td>Protein<\/td>\n<td>0 g<\/td>\n<\/tr>\n<tr>\n<td>Vitamin D<\/td>\n<td>0 mcg (0%)<\/td>\n<\/tr>\n<tr>\n<td>Calcium<\/td>\n<td>0 mg (0%)<\/td>\n<\/tr>\n<tr>\n<td>Eisen<\/td>\n<td>0 mg (0%)<\/td>\n<\/tr>\n<tr>\n<td>Kalium<\/td>\n<td>0 mg (0%)<\/td>\n<\/tr>\n<\/tbody>\n<\/table>\n<p class=\"chcg-footnote\">Portionsgr\u00f6sse: 2 TL (8 g) | Portionen pro Beh\u00e4lter: ca. 57<\/p>\n<\/p><\/div>\n<div class=\"chcg-ingredients\">\n<h3>Zutaten<\/h3>\n<p>Xylitol.<\/p>\n<\/p><\/div>\n<div class=\"chcg-dosage\">\n<h3>Verzehrempfehlung<\/h3>\n<p>Portionsgr\u00f6sse: 2 TL (8 g). Portionen pro Beh\u00e4lter: ca. 57. Als Ersatz f\u00fcr Zucker verwenden.<\/p>\n<\/p><\/div>\n<div class=\"chcg-warnings\">\n<h3>Warnhinweise<\/h3>\n<p>Achtung: Bei \u00fcberm\u00e4ssigem Verzehr kann Durchfall auftreten. Sollte dies der Fall sein, die Menge reduzieren oder die Einnahme einstellen. Bei Herz-Kreislauf-Erkrankungen, Blutgerinnungsst\u00f6rungen oder eingeschr\u00e4nkter Nierenfunktion vor dem Verzehr von Produkten mit Xylitol einen Arzt konsultieren.<\/p>\n<p><strong>WARNUNG:<\/strong> Die Aufnahme von Xylitol ist in jeder Form ein veterin\u00e4rmedizinischer Notfall, wenn es von Haustieren, insbesondere Hunden, Frettchen und Kaninchen, aufgenommen wird. Wenn der Verdacht besteht, dass ein Tier Xylitol aufgenommen hat \u2013 sei es durch direktes Beobachten oder durch Auffinden eines angenagten Beh\u00e4lters oder Produktes \u2013 und sich das Tier normal verh\u00e4lt, sollte versucht werden, dem Tier eine kleine Mahlzeit zu geben, und gleichzeitig sofort tier\u00e4rztliche Hilfe in Anspruch genommen werden. Wenn der Verdacht besteht, dass das Tier ein Produkt mit Xylitol aufgenommen hat, und das Tier sich nicht normal verh\u00e4lt, ist unverz\u00fcglich tier\u00e4rztliche Hilfe aufzusuchen, ohne dem Tier vorher Futter zu geben.<\/p>\n<\/p><\/div>\n<div class=\"chcg-allergens\">\n<h3>Allergeninformationen<\/h3>\n<p>Abgef\u00fcllt in einem erdnussfreien Betrieb, der Schalenfr\u00fcchte (Baumn\u00fcsse) verarbeitet.<\/p>\n<\/p><\/div>\n<div class=\"chcg-dietary\">\n<h3>Ern\u00e4hrungshinweise<\/h3>\n<ul>\n<li>Vegan<\/li>\n<li>Vegetarisch<\/li>\n<li>Glutenfrei<\/li>\n<li>Laktosefrei<\/li>\n<\/ul><\/div>\n<\/div>\n","protected":false},"excerpt":{"rendered":"<p>Xylitol von NOW Foods ist ein feines Pulver als nat\u00fcrlicher Zuckerersatz mit angenehm s\u00fcssem Geschmack. Im 1:1-Verh\u00e4ltnis wie Zucker einsetzbar \u2013 vegan, glutenfrei und laktosefrei. Inhalt: 454 g (ca. 57 Portionen).<\/p>\n","protected":false},"featured_media":5400,"comment_status":"closed","ping_status":"open","template":"","meta":[],"product_brand":[454],"product_cat":[48],"product_tag":[],"class_list":{"0":"post-5399","1":"product","2":"type-product","3":"status-publish","4":"has-post-thumbnail","6":"product_brand-nownow-foods","7":"product_cat-gesunde-ernaehrung","9":"first","10":"outofstock","11":"taxable","12":"shipping-taxable","13":"purchasable","14":"product-type-simple"},"yoast_head":"<!-- This site is optimized with the Yoast SEO plugin v27.5 - https:\/\/yoast.com\/product\/yoast-seo-wordpress\/ -->\n<title>Xylitol 454g \u2013 NOW Foods | ecosupplements.ch<\/title>\n<meta name=\"description\" content=\"Nat\u00fcrlicher Zuckerersatz als feines Pulver \u2013 vegan, glutenfrei, laktosefrei. 454 g f\u00fcr ca. 57 Portionen. Jetzt bestellen.\" \/>\n<meta name=\"robots\" content=\"index, follow, max-snippet:-1, max-image-preview:large, max-video-preview:-1\" \/>\n<link rel=\"canonical\" href=\"https:\/\/ecosupplements.ch\/?product=xylitol-454g\" \/>\n<meta property=\"og:locale\" content=\"de_DE\" \/>\n<meta property=\"og:type\" content=\"article\" \/>\n<meta property=\"og:title\" content=\"Xylitol 454g \u2013 NOW Foods | ecosupplements.ch\" \/>\n<meta property=\"og:description\" content=\"Nat\u00fcrlicher Zuckerersatz als feines Pulver \u2013 vegan, glutenfrei, laktosefrei. 454 g f\u00fcr ca. 57 Portionen. Jetzt bestellen.\" \/>\n<meta property=\"og:url\" content=\"https:\/\/ecosupplements.ch\/?product=xylitol-454g\" \/>\n<meta property=\"og:site_name\" content=\"Eco Supplements\" \/>\n<meta property=\"article:modified_time\" content=\"2026-05-13T07:23:34+00:00\" \/>\n<meta property=\"og:image\" content=\"https:\/\/ecosupplements.ch\/wp-content\/uploads\/2026\/05\/Xylitol-454g.webp\" \/>\n\t<meta property=\"og:image:width\" content=\"1000\" \/>\n\t<meta property=\"og:image:height\" content=\"1000\" \/>\n\t<meta property=\"og:image:type\" content=\"image\/jpeg\" \/>\n<meta name=\"twitter:card\" content=\"summary_large_image\" \/>\n<meta name=\"twitter:label1\" content=\"Price\" \/>\n\t<meta name=\"twitter:data1\" content=\"&#067;&#072;&#070;&nbsp;13.48\" \/>\n\t<meta name=\"twitter:label2\" content=\"Availability\" \/>\n\t<meta name=\"twitter:data2\" content=\"Out of stock\" \/>\n<script type=\"application\/ld+json\" class=\"yoast-schema-graph\">{\"@context\":\"https:\\\/\\\/schema.org\",\"@graph\":[{\"@type\":\"WebPage\",\"@id\":\"https:\\\/\\\/ecosupplements.ch\\\/?product=xylitol-454g\",\"url\":\"https:\\\/\\\/ecosupplements.ch\\\/?product=xylitol-454g\",\"name\":\"Xylitol 454g \u2013 NOW Foods | ecosupplements.ch\",\"isPartOf\":{\"@id\":\"https:\\\/\\\/ecosupplements.ch\\\/#website\"},\"primaryImageOfPage\":{\"@id\":\"https:\\\/\\\/ecosupplements.ch\\\/?product=xylitol-454g#primaryimage\"},\"image\":{\"@id\":\"https:\\\/\\\/ecosupplements.ch\\\/?product=xylitol-454g#primaryimage\"},\"thumbnailUrl\":\"https:\\\/\\\/ecosupplements.ch\\\/wp-content\\\/uploads\\\/2026\\\/05\\\/Xylitol-454g.webp\",\"datePublished\":\"2026-05-11T15:06:22+00:00\",\"dateModified\":\"2026-05-13T07:23:34+00:00\",\"description\":\"Nat\u00fcrlicher Zuckerersatz als feines Pulver \u2013 vegan, glutenfrei, laktosefrei. 454 g f\u00fcr ca. 57 Portionen. Jetzt bestellen.\",\"breadcrumb\":{\"@id\":\"https:\\\/\\\/ecosupplements.ch\\\/?product=xylitol-454g#breadcrumb\"},\"inLanguage\":\"de-CH\",\"potentialAction\":[{\"@type\":\"ReadAction\",\"target\":[\"https:\\\/\\\/ecosupplements.ch\\\/?product=xylitol-454g\"]}]},{\"@type\":\"ImageObject\",\"inLanguage\":\"de-CH\",\"@id\":\"https:\\\/\\\/ecosupplements.ch\\\/?product=xylitol-454g#primaryimage\",\"url\":\"https:\\\/\\\/ecosupplements.ch\\\/wp-content\\\/uploads\\\/2026\\\/05\\\/Xylitol-454g.webp\",\"contentUrl\":\"https:\\\/\\\/ecosupplements.ch\\\/wp-content\\\/uploads\\\/2026\\\/05\\\/Xylitol-454g.webp\",\"width\":1000,\"height\":1000,\"caption\":\"Xylitol - 454g\"},{\"@type\":\"BreadcrumbList\",\"@id\":\"https:\\\/\\\/ecosupplements.ch\\\/?product=xylitol-454g#breadcrumb\",\"itemListElement\":[{\"@type\":\"ListItem\",\"position\":1,\"name\":\"Home\",\"item\":\"https:\\\/\\\/ecosupplements.ch\\\/\"},{\"@type\":\"ListItem\",\"position\":2,\"name\":\"Shop\",\"item\":\"https:\\\/\\\/ecosupplements.ch\\\/?page_id=14\"},{\"@type\":\"ListItem\",\"position\":3,\"name\":\"Xylitol &#8211; 454g\"}]},{\"@type\":\"WebSite\",\"@id\":\"https:\\\/\\\/ecosupplements.ch\\\/#website\",\"url\":\"https:\\\/\\\/ecosupplements.ch\\\/\",\"name\":\"Eco Supplements\",\"description\":\"\",\"potentialAction\":[{\"@type\":\"SearchAction\",\"target\":{\"@type\":\"EntryPoint\",\"urlTemplate\":\"https:\\\/\\\/ecosupplements.ch\\\/?s={search_term_string}\"},\"query-input\":{\"@type\":\"PropertyValueSpecification\",\"valueRequired\":true,\"valueName\":\"search_term_string\"}}],\"inLanguage\":\"de-CH\"}]}<\/script>\n<meta property=\"product:price:amount\" content=\"13.48\" \/>\n<meta property=\"product:price:currency\" content=\"CHF\" \/>\n<meta property=\"og:availability\" content=\"out of stock\" \/>\n<meta property=\"product:availability\" content=\"out of stock\" \/>\n<meta property=\"product:retailer_item_id\" content=\"733739069832\" \/>\n<meta property=\"product:condition\" content=\"new\" \/>\n<!-- \/ Yoast SEO plugin. -->","yoast_head_json":{"title":"Xylitol 454g \u2013 NOW Foods | ecosupplements.ch","description":"Nat\u00fcrlicher Zuckerersatz als feines Pulver \u2013 vegan, glutenfrei, laktosefrei. 454 g f\u00fcr ca. 57 Portionen. Jetzt bestellen.","robots":{"index":"index","follow":"follow","max-snippet":"max-snippet:-1","max-image-preview":"max-image-preview:large","max-video-preview":"max-video-preview:-1"},"canonical":"https:\/\/ecosupplements.ch\/?product=xylitol-454g","og_locale":"de_DE","og_type":"article","og_title":"Xylitol 454g \u2013 NOW Foods | ecosupplements.ch","og_description":"Nat\u00fcrlicher Zuckerersatz als feines Pulver \u2013 vegan, glutenfrei, laktosefrei. 454 g f\u00fcr ca. 57 Portionen. Jetzt bestellen.","og_url":"https:\/\/ecosupplements.ch\/?product=xylitol-454g","og_site_name":"Eco Supplements","article_modified_time":"2026-05-13T07:23:34+00:00","og_image":[{"width":1000,"height":1000,"url":"https:\/\/ecosupplements.ch\/wp-content\/uploads\/2026\/05\/Xylitol-454g.webp","type":"image\/jpeg"}],"twitter_card":"summary_large_image","twitter_misc":{"Price":"&#67;&#72;&#70;&nbsp;13.48","Availability":"Out of stock"},"schema":{"@context":"https:\/\/schema.org","@graph":[{"@type":"WebPage","@id":"https:\/\/ecosupplements.ch\/?product=xylitol-454g","url":"https:\/\/ecosupplements.ch\/?product=xylitol-454g","name":"Xylitol 454g \u2013 NOW Foods | ecosupplements.ch","isPartOf":{"@id":"https:\/\/ecosupplements.ch\/#website"},"primaryImageOfPage":{"@id":"https:\/\/ecosupplements.ch\/?product=xylitol-454g#primaryimage"},"image":{"@id":"https:\/\/ecosupplements.ch\/?product=xylitol-454g#primaryimage"},"thumbnailUrl":"https:\/\/ecosupplements.ch\/wp-content\/uploads\/2026\/05\/Xylitol-454g.webp","datePublished":"2026-05-11T15:06:22+00:00","dateModified":"2026-05-13T07:23:34+00:00","description":"Nat\u00fcrlicher Zuckerersatz als feines Pulver \u2013 vegan, glutenfrei, laktosefrei. 454 g f\u00fcr ca. 57 Portionen. Jetzt bestellen.","breadcrumb":{"@id":"https:\/\/ecosupplements.ch\/?product=xylitol-454g#breadcrumb"},"inLanguage":"de-CH","potentialAction":[{"@type":"ReadAction","target":["https:\/\/ecosupplements.ch\/?product=xylitol-454g"]}]},{"@type":"ImageObject","inLanguage":"de-CH","@id":"https:\/\/ecosupplements.ch\/?product=xylitol-454g#primaryimage","url":"https:\/\/ecosupplements.ch\/wp-content\/uploads\/2026\/05\/Xylitol-454g.webp","contentUrl":"https:\/\/ecosupplements.ch\/wp-content\/uploads\/2026\/05\/Xylitol-454g.webp","width":1000,"height":1000,"caption":"Xylitol - 454g"},{"@type":"BreadcrumbList","@id":"https:\/\/ecosupplements.ch\/?product=xylitol-454g#breadcrumb","itemListElement":[{"@type":"ListItem","position":1,"name":"Home","item":"https:\/\/ecosupplements.ch\/"},{"@type":"ListItem","position":2,"name":"Shop","item":"https:\/\/ecosupplements.ch\/?page_id=14"},{"@type":"ListItem","position":3,"name":"Xylitol &#8211; 454g"}]},{"@type":"WebSite","@id":"https:\/\/ecosupplements.ch\/#website","url":"https:\/\/ecosupplements.ch\/","name":"Eco Supplements","description":"","potentialAction":[{"@type":"SearchAction","target":{"@type":"EntryPoint","urlTemplate":"https:\/\/ecosupplements.ch\/?s={search_term_string}"},"query-input":{"@type":"PropertyValueSpecification","valueRequired":true,"valueName":"search_term_string"}}],"inLanguage":"de-CH"}]},"product_price_amount":"13.48","product_price_currency":"CHF","og_availability":"out of stock","product_availability":"out of stock","product_retailer_item_id":"733739069832","product_condition":"new"},"_links":{"self":[{"href":"https:\/\/ecosupplements.ch\/index.php?rest_route=\/wp\/v2\/product\/5399","targetHints":{"allow":["GET"]}}],"collection":[{"href":"https:\/\/ecosupplements.ch\/index.php?rest_route=\/wp\/v2\/product"}],"about":[{"href":"https:\/\/ecosupplements.ch\/index.php?rest_route=\/wp\/v2\/types\/product"}],"replies":[{"embeddable":true,"href":"https:\/\/ecosupplements.ch\/index.php?rest_route=%2Fwp%2Fv2%2Fcomments&post=5399"}],"wp:featuredmedia":[{"embeddable":true,"href":"https:\/\/ecosupplements.ch\/index.php?rest_route=\/wp\/v2\/media\/5400"}],"wp:attachment":[{"href":"https:\/\/ecosupplements.ch\/index.php?rest_route=%2Fwp%2Fv2%2Fmedia&parent=5399"}],"wp:term":[{"taxonomy":"product_brand","embeddable":true,"href":"https:\/\/ecosupplements.ch\/index.php?rest_route=%2Fwp%2Fv2%2Fproduct_brand&post=5399"},{"taxonomy":"product_cat","embeddable":true,"href":"https:\/\/ecosupplements.ch\/index.php?rest_route=%2Fwp%2Fv2%2Fproduct_cat&post=5399"},{"taxonomy":"product_tag","embeddable":true,"href":"https:\/\/ecosupplements.ch\/index.php?rest_route=%2Fwp%2Fv2%2Fproduct_tag&post=5399"}],"curies":[{"name":"wp","href":"https:\/\/api.w.org\/{rel}","templated":true}]}}