{"id":5402,"date":"2026-05-11T15:06:23","date_gmt":"2026-05-11T15:06:23","guid":{"rendered":"https:\/\/ecosupplements.ch\/?product=xyliwhite-kids-strawberry-splash-85g"},"modified":"2026-05-13T07:25:27","modified_gmt":"2026-05-13T07:25:27","slug":"xyliwhite-kids-strawberry-splash-85g","status":"publish","type":"product","link":"https:\/\/ecosupplements.ch\/?product=xyliwhite-kids-strawberry-splash-85g","title":{"rendered":"XyliWhite Kids, Strawberry Splash &#8211; 85g"},"content":{"rendered":"<div class=\"chcg-product-description\">\n<h2 class=\"chcg-heading\">\u00dcber NOW Foods \u2013 XyliWhite Kids, Strawberry Splash \u2013 85g<\/h2>\n<div class=\"chcg-intro\">\n<p>XyliWhite Kids Strawberry Splash von NOW Foods ist ein sanftes Zahnpflege-Gel, das speziell f\u00fcr Kinder ab 2 Jahren entwickelt wurde. Mit einem Xylitol-Anteil von 25 % unterst\u00fctzt es eine gesunde Mundflora und tr\u00e4gt zur t\u00e4glichen Zahnpflege bei \u2013 ganz ohne Fluorid, ohne Natriumlaurylsulfat (SLS) und ohne k\u00fcnstliche Aromen.<\/p>\n<p>Der fruchtige Erdbeer-Geschmack macht das Z\u00e4hneputzen f\u00fcr Kinder zu einem angenehmen Erlebnis und f\u00f6rdert so eine regelm\u00e4ssige Mundhygiene-Routine. Erg\u00e4nzt wird die Formel durch nat\u00fcrliche Inhaltsstoffe wie Teebaum\u00f6l, Lycopin und organisches Stevia-Extrakt.<\/p>\n<p>XyliWhite Kids ist vegan, vegetarisch, glutenfrei und lactosefrei \u2013 ideal f\u00fcr Familien, die auf sorgf\u00e4ltig ausgew\u00e4hlte, naturnahe Pflegeprodukte setzen.<\/p>\n<\/p><\/div>\n<div class=\"chcg-ingredients\">\n<h3>Zutaten<\/h3>\n<p>Wasser, Xylitol (25 %), hydratisiertes Silica, Glycerin, Sorbitol, nat\u00fcrliches Erdbeer-Aroma, Natriumbicarbonat, Natriumcarbonat, Xanthan-Gummi, Lycopin, Teebaum\u00f6l (<em>Melaleuca alternifolia<\/em>, Blatt\u00f6l), Natriumcoco-Sulfat, biologisches Stevia-Extrakt (<em>Stevia rebaudiana<\/em>), Kaliumsorbat, Sorbins\u00e4ure.<\/p>\n<\/p><\/div>\n<div class=\"chcg-dosage\">\n<h3>Verzehrempfehlung<\/h3>\n<p>F\u00fcr Erwachsene und Kinder ab 2 Jahren: Das XyliWhite Zahnpflege-Gel auf eine weiche Zahnb\u00fcrste auftragen. Gr\u00fcndlich nach den Mahlzeiten putzen, mindestens zweimal t\u00e4glich oder gem\u00e4ss Anweisung Ihres Zahnarztes.<\/p>\n<\/p><\/div>\n<div class=\"chcg-warnings\">\n<h3>Warnhinweise<\/h3>\n<p>Xylitol ist f\u00fcr Tiere sch\u00e4dlich; suchen Sie sofort tier\u00e4rztliche Hilfe, wenn der Verdacht besteht, dass ein Tier das Produkt aufgenommen hat. WARNUNG: Die Aufnahme von Xylitol durch Tiere \u2013 insbesondere Hunde, Frettchen und Kaninchen \u2013 stellt einen tier\u00e4rztlichen Notfall dar. Wenn Sie beobachten oder Hinweise darauf finden (z. B. angenagter Beh\u00e4lter oder Produkt), dass Ihr Tier Xylitol aufgenommen haben k\u00f6nnte, und das Tier sich normal verh\u00e4lt, sollten Sie versuchen, dem Tier eine kleine Mahlzeit zu geben, und gleichzeitig unverz\u00fcglich tier\u00e4rztliche Hilfe in Anspruch nehmen. Wenn Sie Anzeichen daf\u00fcr haben, dass das Tier ein xylitolhaltiges Produkt aufgenommen hat und es sich nicht normal verh\u00e4lt, suchen Sie sofort tier\u00e4rztliche Hilfe, ohne dem Tier vorher Futter zu geben.<\/p>\n<\/p><\/div>\n<div class=\"chcg-allergens\">\n<h3>Allergeninformationen<\/h3>\n<p>Auf dem Etikett sind keine Allergene deklariert. Das Produkt ist frei von Gluten und Natriumlaurylsulfat (SLS). Hinweis: Xylitol ist f\u00fcr Haustiere sch\u00e4dlich.<\/p>\n<\/p><\/div>\n<div class=\"chcg-dietary\">\n<h3>Ern\u00e4hrungshinweise<\/h3>\n<ul>\n<li>Vegan<\/li>\n<li>Vegetarisch<\/li>\n<li>Glutenfrei<\/li>\n<li>Laktosefrei<\/li>\n<\/ul><\/div>\n<\/div>\n","protected":false},"excerpt":{"rendered":"<p>XyliWhite Kids Strawberry Splash ist ein sanftes Zahnpflege-Gel mit 25 % Xylitol f\u00fcr Kinder ab 2 Jahren. Die 85-g-Tube ist frei von Fluorid und SLS. Vegan, glutenfrei und mit leckerem Erdbeer-Geschmack.<\/p>\n","protected":false},"featured_media":5403,"comment_status":"closed","ping_status":"open","template":"","meta":[],"product_brand":[454],"product_cat":[48,25,22],"product_tag":[],"class_list":{"0":"post-5402","1":"product","2":"type-product","3":"status-publish","4":"has-post-thumbnail","6":"product_brand-nownow-foods","7":"product_cat-gesunde-ernaehrung","8":"product_cat-gesundheit-und-wohlbefinden","9":"product_cat-vegane-produkte","11":"first","12":"outofstock","13":"taxable","14":"shipping-taxable","15":"purchasable","16":"product-type-simple"},"yoast_head":"<!-- This site is optimized with the Yoast SEO plugin v27.5 - https:\/\/yoast.com\/product\/yoast-seo-wordpress\/ -->\n<title>XyliWhite Kids Strawberry Splash 85g \u2013 NOW Foods | ecosupplements.ch<\/title>\n<meta name=\"description\" content=\"Sanftes Kinder-Zahnpflege-Gel mit 25 % Xylitol, ohne Fluorid und SLS \u2013 85 g. Vegan und glutenfrei. Jetzt bestellen.\" \/>\n<meta name=\"robots\" content=\"index, follow, max-snippet:-1, max-image-preview:large, max-video-preview:-1\" \/>\n<link rel=\"canonical\" href=\"https:\/\/ecosupplements.ch\/?product=xyliwhite-kids-strawberry-splash-85g\" \/>\n<meta property=\"og:locale\" content=\"de_DE\" \/>\n<meta property=\"og:type\" content=\"article\" \/>\n<meta property=\"og:title\" content=\"XyliWhite Kids Strawberry Splash 85g \u2013 NOW Foods | ecosupplements.ch\" \/>\n<meta property=\"og:description\" content=\"Sanftes Kinder-Zahnpflege-Gel mit 25 % Xylitol, ohne Fluorid und SLS \u2013 85 g. Vegan und glutenfrei. Jetzt bestellen.\" \/>\n<meta property=\"og:url\" content=\"https:\/\/ecosupplements.ch\/?product=xyliwhite-kids-strawberry-splash-85g\" \/>\n<meta property=\"og:site_name\" content=\"Eco Supplements\" \/>\n<meta property=\"article:modified_time\" content=\"2026-05-13T07:25:27+00:00\" \/>\n<meta property=\"og:image\" content=\"https:\/\/ecosupplements.ch\/wp-content\/uploads\/2026\/05\/XyliWhite-Kids-Strawberry-Splash-85g.webp\" \/>\n\t<meta property=\"og:image:width\" content=\"1000\" \/>\n\t<meta property=\"og:image:height\" content=\"1000\" \/>\n\t<meta property=\"og:image:type\" content=\"image\/jpeg\" \/>\n<meta name=\"twitter:card\" content=\"summary_large_image\" \/>\n<meta name=\"twitter:label1\" content=\"Price\" \/>\n\t<meta name=\"twitter:data1\" content=\"&#067;&#072;&#070;&nbsp;5.13\" \/>\n\t<meta name=\"twitter:label2\" content=\"Availability\" \/>\n\t<meta name=\"twitter:data2\" content=\"Out of stock\" \/>\n<script type=\"application\/ld+json\" class=\"yoast-schema-graph\">{\"@context\":\"https:\\\/\\\/schema.org\",\"@graph\":[{\"@type\":\"WebPage\",\"@id\":\"https:\\\/\\\/ecosupplements.ch\\\/?product=xyliwhite-kids-strawberry-splash-85g\",\"url\":\"https:\\\/\\\/ecosupplements.ch\\\/?product=xyliwhite-kids-strawberry-splash-85g\",\"name\":\"XyliWhite Kids Strawberry Splash 85g \u2013 NOW Foods | ecosupplements.ch\",\"isPartOf\":{\"@id\":\"https:\\\/\\\/ecosupplements.ch\\\/#website\"},\"primaryImageOfPage\":{\"@id\":\"https:\\\/\\\/ecosupplements.ch\\\/?product=xyliwhite-kids-strawberry-splash-85g#primaryimage\"},\"image\":{\"@id\":\"https:\\\/\\\/ecosupplements.ch\\\/?product=xyliwhite-kids-strawberry-splash-85g#primaryimage\"},\"thumbnailUrl\":\"https:\\\/\\\/ecosupplements.ch\\\/wp-content\\\/uploads\\\/2026\\\/05\\\/XyliWhite-Kids-Strawberry-Splash-85g.webp\",\"datePublished\":\"2026-05-11T15:06:23+00:00\",\"dateModified\":\"2026-05-13T07:25:27+00:00\",\"description\":\"Sanftes Kinder-Zahnpflege-Gel mit 25 % Xylitol, ohne Fluorid und SLS \u2013 85 g. Vegan und glutenfrei. Jetzt bestellen.\",\"breadcrumb\":{\"@id\":\"https:\\\/\\\/ecosupplements.ch\\\/?product=xyliwhite-kids-strawberry-splash-85g#breadcrumb\"},\"inLanguage\":\"de-CH\",\"potentialAction\":[{\"@type\":\"ReadAction\",\"target\":[\"https:\\\/\\\/ecosupplements.ch\\\/?product=xyliwhite-kids-strawberry-splash-85g\"]}]},{\"@type\":\"ImageObject\",\"inLanguage\":\"de-CH\",\"@id\":\"https:\\\/\\\/ecosupplements.ch\\\/?product=xyliwhite-kids-strawberry-splash-85g#primaryimage\",\"url\":\"https:\\\/\\\/ecosupplements.ch\\\/wp-content\\\/uploads\\\/2026\\\/05\\\/XyliWhite-Kids-Strawberry-Splash-85g.webp\",\"contentUrl\":\"https:\\\/\\\/ecosupplements.ch\\\/wp-content\\\/uploads\\\/2026\\\/05\\\/XyliWhite-Kids-Strawberry-Splash-85g.webp\",\"width\":1000,\"height\":1000,\"caption\":\"XyliWhite Kids\"},{\"@type\":\"BreadcrumbList\",\"@id\":\"https:\\\/\\\/ecosupplements.ch\\\/?product=xyliwhite-kids-strawberry-splash-85g#breadcrumb\",\"itemListElement\":[{\"@type\":\"ListItem\",\"position\":1,\"name\":\"Home\",\"item\":\"https:\\\/\\\/ecosupplements.ch\\\/\"},{\"@type\":\"ListItem\",\"position\":2,\"name\":\"Shop\",\"item\":\"https:\\\/\\\/ecosupplements.ch\\\/?page_id=14\"},{\"@type\":\"ListItem\",\"position\":3,\"name\":\"XyliWhite Kids, Strawberry Splash &#8211; 85g\"}]},{\"@type\":\"WebSite\",\"@id\":\"https:\\\/\\\/ecosupplements.ch\\\/#website\",\"url\":\"https:\\\/\\\/ecosupplements.ch\\\/\",\"name\":\"Eco Supplements\",\"description\":\"\",\"potentialAction\":[{\"@type\":\"SearchAction\",\"target\":{\"@type\":\"EntryPoint\",\"urlTemplate\":\"https:\\\/\\\/ecosupplements.ch\\\/?s={search_term_string}\"},\"query-input\":{\"@type\":\"PropertyValueSpecification\",\"valueRequired\":true,\"valueName\":\"search_term_string\"}}],\"inLanguage\":\"de-CH\"}]}<\/script>\n<meta property=\"product:price:amount\" content=\"5.13\" \/>\n<meta property=\"product:price:currency\" content=\"CHF\" \/>\n<meta property=\"og:availability\" content=\"out of stock\" \/>\n<meta property=\"product:availability\" content=\"out of stock\" \/>\n<meta property=\"product:retailer_item_id\" content=\"733739080974\" \/>\n<meta property=\"product:condition\" content=\"new\" \/>\n<!-- \/ Yoast SEO plugin. -->","yoast_head_json":{"title":"XyliWhite Kids Strawberry Splash 85g \u2013 NOW Foods | ecosupplements.ch","description":"Sanftes Kinder-Zahnpflege-Gel mit 25 % Xylitol, ohne Fluorid und SLS \u2013 85 g. Vegan und glutenfrei. Jetzt bestellen.","robots":{"index":"index","follow":"follow","max-snippet":"max-snippet:-1","max-image-preview":"max-image-preview:large","max-video-preview":"max-video-preview:-1"},"canonical":"https:\/\/ecosupplements.ch\/?product=xyliwhite-kids-strawberry-splash-85g","og_locale":"de_DE","og_type":"article","og_title":"XyliWhite Kids Strawberry Splash 85g \u2013 NOW Foods | ecosupplements.ch","og_description":"Sanftes Kinder-Zahnpflege-Gel mit 25 % Xylitol, ohne Fluorid und SLS \u2013 85 g. Vegan und glutenfrei. Jetzt bestellen.","og_url":"https:\/\/ecosupplements.ch\/?product=xyliwhite-kids-strawberry-splash-85g","og_site_name":"Eco Supplements","article_modified_time":"2026-05-13T07:25:27+00:00","og_image":[{"width":1000,"height":1000,"url":"https:\/\/ecosupplements.ch\/wp-content\/uploads\/2026\/05\/XyliWhite-Kids-Strawberry-Splash-85g.webp","type":"image\/jpeg"}],"twitter_card":"summary_large_image","twitter_misc":{"Price":"&#67;&#72;&#70;&nbsp;5.13","Availability":"Out of stock"},"schema":{"@context":"https:\/\/schema.org","@graph":[{"@type":"WebPage","@id":"https:\/\/ecosupplements.ch\/?product=xyliwhite-kids-strawberry-splash-85g","url":"https:\/\/ecosupplements.ch\/?product=xyliwhite-kids-strawberry-splash-85g","name":"XyliWhite Kids Strawberry Splash 85g \u2013 NOW Foods | ecosupplements.ch","isPartOf":{"@id":"https:\/\/ecosupplements.ch\/#website"},"primaryImageOfPage":{"@id":"https:\/\/ecosupplements.ch\/?product=xyliwhite-kids-strawberry-splash-85g#primaryimage"},"image":{"@id":"https:\/\/ecosupplements.ch\/?product=xyliwhite-kids-strawberry-splash-85g#primaryimage"},"thumbnailUrl":"https:\/\/ecosupplements.ch\/wp-content\/uploads\/2026\/05\/XyliWhite-Kids-Strawberry-Splash-85g.webp","datePublished":"2026-05-11T15:06:23+00:00","dateModified":"2026-05-13T07:25:27+00:00","description":"Sanftes Kinder-Zahnpflege-Gel mit 25 % Xylitol, ohne Fluorid und SLS \u2013 85 g. Vegan und glutenfrei. Jetzt bestellen.","breadcrumb":{"@id":"https:\/\/ecosupplements.ch\/?product=xyliwhite-kids-strawberry-splash-85g#breadcrumb"},"inLanguage":"de-CH","potentialAction":[{"@type":"ReadAction","target":["https:\/\/ecosupplements.ch\/?product=xyliwhite-kids-strawberry-splash-85g"]}]},{"@type":"ImageObject","inLanguage":"de-CH","@id":"https:\/\/ecosupplements.ch\/?product=xyliwhite-kids-strawberry-splash-85g#primaryimage","url":"https:\/\/ecosupplements.ch\/wp-content\/uploads\/2026\/05\/XyliWhite-Kids-Strawberry-Splash-85g.webp","contentUrl":"https:\/\/ecosupplements.ch\/wp-content\/uploads\/2026\/05\/XyliWhite-Kids-Strawberry-Splash-85g.webp","width":1000,"height":1000,"caption":"XyliWhite Kids"},{"@type":"BreadcrumbList","@id":"https:\/\/ecosupplements.ch\/?product=xyliwhite-kids-strawberry-splash-85g#breadcrumb","itemListElement":[{"@type":"ListItem","position":1,"name":"Home","item":"https:\/\/ecosupplements.ch\/"},{"@type":"ListItem","position":2,"name":"Shop","item":"https:\/\/ecosupplements.ch\/?page_id=14"},{"@type":"ListItem","position":3,"name":"XyliWhite Kids, Strawberry Splash &#8211; 85g"}]},{"@type":"WebSite","@id":"https:\/\/ecosupplements.ch\/#website","url":"https:\/\/ecosupplements.ch\/","name":"Eco Supplements","description":"","potentialAction":[{"@type":"SearchAction","target":{"@type":"EntryPoint","urlTemplate":"https:\/\/ecosupplements.ch\/?s={search_term_string}"},"query-input":{"@type":"PropertyValueSpecification","valueRequired":true,"valueName":"search_term_string"}}],"inLanguage":"de-CH"}]},"product_price_amount":"5.13","product_price_currency":"CHF","og_availability":"out of stock","product_availability":"out of stock","product_retailer_item_id":"733739080974","product_condition":"new"},"_links":{"self":[{"href":"https:\/\/ecosupplements.ch\/index.php?rest_route=\/wp\/v2\/product\/5402","targetHints":{"allow":["GET"]}}],"collection":[{"href":"https:\/\/ecosupplements.ch\/index.php?rest_route=\/wp\/v2\/product"}],"about":[{"href":"https:\/\/ecosupplements.ch\/index.php?rest_route=\/wp\/v2\/types\/product"}],"replies":[{"embeddable":true,"href":"https:\/\/ecosupplements.ch\/index.php?rest_route=%2Fwp%2Fv2%2Fcomments&post=5402"}],"wp:featuredmedia":[{"embeddable":true,"href":"https:\/\/ecosupplements.ch\/index.php?rest_route=\/wp\/v2\/media\/5403"}],"wp:attachment":[{"href":"https:\/\/ecosupplements.ch\/index.php?rest_route=%2Fwp%2Fv2%2Fmedia&parent=5402"}],"wp:term":[{"taxonomy":"product_brand","embeddable":true,"href":"https:\/\/ecosupplements.ch\/index.php?rest_route=%2Fwp%2Fv2%2Fproduct_brand&post=5402"},{"taxonomy":"product_cat","embeddable":true,"href":"https:\/\/ecosupplements.ch\/index.php?rest_route=%2Fwp%2Fv2%2Fproduct_cat&post=5402"},{"taxonomy":"product_tag","embeddable":true,"href":"https:\/\/ecosupplements.ch\/index.php?rest_route=%2Fwp%2Fv2%2Fproduct_tag&post=5402"}],"curies":[{"name":"wp","href":"https:\/\/api.w.org\/{rel}","templated":true}]}}