{"id":5405,"date":"2026-05-11T15:06:24","date_gmt":"2026-05-11T15:06:24","guid":{"rendered":"https:\/\/ecosupplements.ch\/?product=xyliwhite-charcoal-refresh-toothpaste-gel-181g"},"modified":"2026-05-13T07:23:34","modified_gmt":"2026-05-13T07:23:34","slug":"xyliwhite-charcoal-refresh-toothpaste-gel-181g","status":"publish","type":"product","link":"https:\/\/ecosupplements.ch\/?product=xyliwhite-charcoal-refresh-toothpaste-gel-181g","title":{"rendered":"XyliWhite, Charcoal Refresh Toothpaste Gel &#8211; 181g"},"content":{"rendered":"<div class=\"chcg-product-description\">\n<h2 class=\"chcg-heading\">\u00dcber NOW Foods \u2013 XyliWhite, Charcoal Refresh Zahnpasta-Gel \u2013 181g<\/h2>\n<div class=\"chcg-intro\">\n<p>Das XyliWhite Charcoal Refresh Zahnpasta-Gel von NOW Foods vereint bew\u00e4hrte Wirkstoffe in einer erfrischenden Formel f\u00fcr die t\u00e4gliche Mundhygiene. Mit einem Xylitol-Anteil von 25 % \u2013 aus nicht-gentechnisch ver\u00e4nderter Quelle \u2013 sowie Aktivkohle, Natriumbicarbonat und Papain enth\u00e4lt dieses Gel gleich mehrere aufhellend wirkende funktionelle Inhaltsstoffe, die f\u00fcr ein gepflegtes L\u00e4cheln sorgen.<\/p>\n<p>Die Kombination aus Pfefferminz- und Gr\u00fcne-Minze-\u00d6l sorgt f\u00fcr einen angenehm frischen Atem, w\u00e4hrend Teebaum\u00f6l die Formel mit einem nat\u00fcrlichen Pflegeaspekt erg\u00e4nzt. Das Gel ist frei von Fluorid und f\u00fcr Erwachsene sowie Kinder ab 2 Jahren geeignet.<\/p>\n<p>XyliWhite Charcoal Refresh ist vegan, vegetarisch und glutenfrei \u2013 ideal f\u00fcr Menschen, die bei ihrer Mundpflege auf nat\u00fcrliche Inhaltsstoffe und sorgf\u00e4ltig ausgew\u00e4hlte Rohstoffe Wert legen.<\/p>\n<\/p><\/div>\n<div class=\"chcg-ingredients\">\n<h3>Zutaten<\/h3>\n<p>Wasser, Xylitol (25%)*, hydratisiertes Silica, Glycerin, Sorbitol, Natriumbicarbonat, Natriumcarbonat, Sodium Coco-Sulfate, Xanthan, Kaliumsorbat, Mentha viridis (Gr\u00fcne Minze) Blatt\u00f6l, Papain, Mentha piperita (Pfefferminze) \u00d6l, Aktivkohlepulver, Melaleuca alternifolia (Teebaumblatt) \u00d6l. *Nicht-GVO.<\/p>\n<p><strong>Funktionelle Inhaltsstoffe:<\/strong> Xylitol (25%)*, Natriumbicarbonat (aufhellend), Papain (aufhellend), Aktivkohlepulver (aufhellend).<\/p>\n<\/p><\/div>\n<div class=\"chcg-dosage\">\n<h3>Verzehrempfehlung<\/h3>\n<p>Erwachsene und Kinder ab 2 Jahren: Das XyliWhite Zahnpasta-Gel auf eine weiche Zahnb\u00fcrste auftragen. Nach den Mahlzeiten gr\u00fcndlich putzen, mindestens zweimal t\u00e4glich, oder gem\u00e4ss Anweisung Ihrer Zahn\u00e4rztin bzw. Ihres Zahnarztes.<\/p>\n<\/p><\/div>\n<div class=\"chcg-warnings\">\n<h3>Warnhinweise<\/h3>\n<p>Die Aufnahme von Xylitol \u2013 in jeglichem Produkt \u2013 stellt einen veterin\u00e4rmedizinischen Notfall dar, wenn es von Haustieren, insbesondere Hunden, Frettchen und Kaninchen, verzehrt wird. Wenn Sie den Verdacht haben, dass Ihr Haustier Xylitol aufgenommen hat \u2013 sei es weil Sie es beobachtet haben oder weil Sie Hinweise auf einen angebissenen Beh\u00e4lter oder ein angefressenes Produkt gefunden haben, und das Tier sich normal verh\u00e4lt \u2013 sollten Sie versuchen, dem Tier eine kleine Mahlzeit zu geben, und gleichzeitig umgehend tier\u00e4rztliche Hilfe aufsuchen. Wenn Sie Hinweise haben, dass das Tier ein xylitolhaltiges Produkt aufgenommen hat, und das Tier sich nicht normal verh\u00e4lt, suchen Sie sofort tier\u00e4rztliche Hilfe, ohne dem Tier vorher Futter zu geben.<\/p>\n<\/p><\/div>\n<div class=\"chcg-allergens\">\n<h3>Allergeninformationen<\/h3>\n<p>Nicht hergestellt mit Weizen, Gluten, Soja, Milch, Ei, Fisch, Schalentieren oder Baumn\u00fcssen. Produziert in einem GMP-zertifizierten Betrieb, der andere Zutaten verarbeitet, die diese Allergene enthalten k\u00f6nnen.<\/p>\n<\/p><\/div>\n<div class=\"chcg-storage\">\n<h3>Lagerung<\/h3>\n<p>An einem k\u00fchlen, trockenen Ort lagern.<\/p>\n<\/p><\/div>\n<div class=\"chcg-dietary\">\n<h3>Ern\u00e4hrungshinweise<\/h3>\n<ul>\n<li>Vegan<\/li>\n<li>Vegetarisch<\/li>\n<li>Glutenfrei<\/li>\n<li>Laktosefrei<\/li>\n<\/ul><\/div>\n<\/div>\n","protected":false},"excerpt":{"rendered":"<p>XyliWhite Charcoal Refresh Zahnpasta-Gel von NOW Foods mit 25 % Xylitol, Aktivkohle und nat\u00fcrlichen Minz\u00f6len f\u00fcr frischen Atem und gepflegte Z\u00e4hne. Vegan und glutenfrei, 181 g Gel f\u00fcr Erwachsene und Kinder ab 2 Jahren.<\/p>\n","protected":false},"featured_media":5406,"comment_status":"closed","ping_status":"open","template":"","meta":[],"product_brand":[454],"product_cat":[48,25,134,22,97],"product_tag":[],"class_list":{"0":"post-5405","1":"product","2":"type-product","3":"status-publish","4":"has-post-thumbnail","6":"product_brand-nownow-foods","7":"product_cat-gesunde-ernaehrung","8":"product_cat-gesundheit-und-wohlbefinden","9":"product_cat-schoenheit","10":"product_cat-vegane-produkte","11":"product_cat-tandpasta","13":"first","14":"outofstock","15":"taxable","16":"shipping-taxable","17":"purchasable","18":"product-type-simple"},"yoast_head":"<!-- This site is optimized with the Yoast SEO plugin v27.5 - https:\/\/yoast.com\/product\/yoast-seo-wordpress\/ -->\n<title>XyliWhite Charcoal Refresh Zahnpasta-Gel \u2013 NOW Foods | ecosupplements.ch<\/title>\n<meta name=\"description\" content=\"NOW Foods XyliWhite Charcoal Refresh Zahnpasta-Gel mit 25 % Xylitol und Aktivkohle \u2013 vegan, glutenfrei, 181 g. Jetzt bestellen.\" \/>\n<meta name=\"robots\" content=\"index, follow, max-snippet:-1, max-image-preview:large, max-video-preview:-1\" \/>\n<link rel=\"canonical\" href=\"https:\/\/ecosupplements.ch\/?product=xyliwhite-charcoal-refresh-toothpaste-gel-181g\" \/>\n<meta property=\"og:locale\" content=\"de_DE\" \/>\n<meta property=\"og:type\" content=\"article\" \/>\n<meta property=\"og:title\" content=\"XyliWhite Charcoal Refresh Zahnpasta-Gel \u2013 NOW Foods | ecosupplements.ch\" \/>\n<meta property=\"og:description\" content=\"NOW Foods XyliWhite Charcoal Refresh Zahnpasta-Gel mit 25 % Xylitol und Aktivkohle \u2013 vegan, glutenfrei, 181 g. Jetzt bestellen.\" \/>\n<meta property=\"og:url\" content=\"https:\/\/ecosupplements.ch\/?product=xyliwhite-charcoal-refresh-toothpaste-gel-181g\" \/>\n<meta property=\"og:site_name\" content=\"Eco Supplements\" \/>\n<meta property=\"article:modified_time\" content=\"2026-05-13T07:23:34+00:00\" \/>\n<meta property=\"og:image\" content=\"https:\/\/ecosupplements.ch\/wp-content\/uploads\/2026\/05\/XyliWhite-Charcoal-Refresh-Toothpaste-Gel-181g.webp\" \/>\n\t<meta property=\"og:image:width\" content=\"1000\" \/>\n\t<meta property=\"og:image:height\" content=\"1000\" \/>\n\t<meta property=\"og:image:type\" content=\"image\/jpeg\" \/>\n<meta name=\"twitter:card\" content=\"summary_large_image\" \/>\n<meta name=\"twitter:label1\" content=\"Price\" \/>\n\t<meta name=\"twitter:data1\" content=\"&#067;&#072;&#070;&nbsp;7.22\" \/>\n\t<meta name=\"twitter:label2\" content=\"Availability\" \/>\n\t<meta name=\"twitter:data2\" content=\"Out of stock\" \/>\n<script type=\"application\/ld+json\" class=\"yoast-schema-graph\">{\"@context\":\"https:\\\/\\\/schema.org\",\"@graph\":[{\"@type\":\"WebPage\",\"@id\":\"https:\\\/\\\/ecosupplements.ch\\\/?product=xyliwhite-charcoal-refresh-toothpaste-gel-181g\",\"url\":\"https:\\\/\\\/ecosupplements.ch\\\/?product=xyliwhite-charcoal-refresh-toothpaste-gel-181g\",\"name\":\"XyliWhite Charcoal Refresh Zahnpasta-Gel \u2013 NOW Foods | ecosupplements.ch\",\"isPartOf\":{\"@id\":\"https:\\\/\\\/ecosupplements.ch\\\/#website\"},\"primaryImageOfPage\":{\"@id\":\"https:\\\/\\\/ecosupplements.ch\\\/?product=xyliwhite-charcoal-refresh-toothpaste-gel-181g#primaryimage\"},\"image\":{\"@id\":\"https:\\\/\\\/ecosupplements.ch\\\/?product=xyliwhite-charcoal-refresh-toothpaste-gel-181g#primaryimage\"},\"thumbnailUrl\":\"https:\\\/\\\/ecosupplements.ch\\\/wp-content\\\/uploads\\\/2026\\\/05\\\/XyliWhite-Charcoal-Refresh-Toothpaste-Gel-181g.webp\",\"datePublished\":\"2026-05-11T15:06:24+00:00\",\"dateModified\":\"2026-05-13T07:23:34+00:00\",\"description\":\"NOW Foods XyliWhite Charcoal Refresh Zahnpasta-Gel mit 25 % Xylitol und Aktivkohle \u2013 vegan, glutenfrei, 181 g. Jetzt bestellen.\",\"breadcrumb\":{\"@id\":\"https:\\\/\\\/ecosupplements.ch\\\/?product=xyliwhite-charcoal-refresh-toothpaste-gel-181g#breadcrumb\"},\"inLanguage\":\"de-CH\",\"potentialAction\":[{\"@type\":\"ReadAction\",\"target\":[\"https:\\\/\\\/ecosupplements.ch\\\/?product=xyliwhite-charcoal-refresh-toothpaste-gel-181g\"]}]},{\"@type\":\"ImageObject\",\"inLanguage\":\"de-CH\",\"@id\":\"https:\\\/\\\/ecosupplements.ch\\\/?product=xyliwhite-charcoal-refresh-toothpaste-gel-181g#primaryimage\",\"url\":\"https:\\\/\\\/ecosupplements.ch\\\/wp-content\\\/uploads\\\/2026\\\/05\\\/XyliWhite-Charcoal-Refresh-Toothpaste-Gel-181g.webp\",\"contentUrl\":\"https:\\\/\\\/ecosupplements.ch\\\/wp-content\\\/uploads\\\/2026\\\/05\\\/XyliWhite-Charcoal-Refresh-Toothpaste-Gel-181g.webp\",\"width\":1000,\"height\":1000,\"caption\":\"XyliWhite\"},{\"@type\":\"BreadcrumbList\",\"@id\":\"https:\\\/\\\/ecosupplements.ch\\\/?product=xyliwhite-charcoal-refresh-toothpaste-gel-181g#breadcrumb\",\"itemListElement\":[{\"@type\":\"ListItem\",\"position\":1,\"name\":\"Home\",\"item\":\"https:\\\/\\\/ecosupplements.ch\\\/\"},{\"@type\":\"ListItem\",\"position\":2,\"name\":\"Shop\",\"item\":\"https:\\\/\\\/ecosupplements.ch\\\/?page_id=14\"},{\"@type\":\"ListItem\",\"position\":3,\"name\":\"XyliWhite, Charcoal Refresh Toothpaste Gel &#8211; 181g\"}]},{\"@type\":\"WebSite\",\"@id\":\"https:\\\/\\\/ecosupplements.ch\\\/#website\",\"url\":\"https:\\\/\\\/ecosupplements.ch\\\/\",\"name\":\"Eco Supplements\",\"description\":\"\",\"potentialAction\":[{\"@type\":\"SearchAction\",\"target\":{\"@type\":\"EntryPoint\",\"urlTemplate\":\"https:\\\/\\\/ecosupplements.ch\\\/?s={search_term_string}\"},\"query-input\":{\"@type\":\"PropertyValueSpecification\",\"valueRequired\":true,\"valueName\":\"search_term_string\"}}],\"inLanguage\":\"de-CH\"}]}<\/script>\n<meta property=\"product:price:amount\" content=\"7.22\" \/>\n<meta property=\"product:price:currency\" content=\"CHF\" \/>\n<meta property=\"og:availability\" content=\"out of stock\" \/>\n<meta property=\"product:availability\" content=\"out of stock\" \/>\n<meta property=\"product:retailer_item_id\" content=\"733739081056\" \/>\n<meta property=\"product:condition\" content=\"new\" \/>\n<!-- \/ Yoast SEO plugin. -->","yoast_head_json":{"title":"XyliWhite Charcoal Refresh Zahnpasta-Gel \u2013 NOW Foods | ecosupplements.ch","description":"NOW Foods XyliWhite Charcoal Refresh Zahnpasta-Gel mit 25 % Xylitol und Aktivkohle \u2013 vegan, glutenfrei, 181 g. Jetzt bestellen.","robots":{"index":"index","follow":"follow","max-snippet":"max-snippet:-1","max-image-preview":"max-image-preview:large","max-video-preview":"max-video-preview:-1"},"canonical":"https:\/\/ecosupplements.ch\/?product=xyliwhite-charcoal-refresh-toothpaste-gel-181g","og_locale":"de_DE","og_type":"article","og_title":"XyliWhite Charcoal Refresh Zahnpasta-Gel \u2013 NOW Foods | ecosupplements.ch","og_description":"NOW Foods XyliWhite Charcoal Refresh Zahnpasta-Gel mit 25 % Xylitol und Aktivkohle \u2013 vegan, glutenfrei, 181 g. Jetzt bestellen.","og_url":"https:\/\/ecosupplements.ch\/?product=xyliwhite-charcoal-refresh-toothpaste-gel-181g","og_site_name":"Eco Supplements","article_modified_time":"2026-05-13T07:23:34+00:00","og_image":[{"width":1000,"height":1000,"url":"https:\/\/ecosupplements.ch\/wp-content\/uploads\/2026\/05\/XyliWhite-Charcoal-Refresh-Toothpaste-Gel-181g.webp","type":"image\/jpeg"}],"twitter_card":"summary_large_image","twitter_misc":{"Price":"&#67;&#72;&#70;&nbsp;7.22","Availability":"Out of stock"},"schema":{"@context":"https:\/\/schema.org","@graph":[{"@type":"WebPage","@id":"https:\/\/ecosupplements.ch\/?product=xyliwhite-charcoal-refresh-toothpaste-gel-181g","url":"https:\/\/ecosupplements.ch\/?product=xyliwhite-charcoal-refresh-toothpaste-gel-181g","name":"XyliWhite Charcoal Refresh Zahnpasta-Gel \u2013 NOW Foods | ecosupplements.ch","isPartOf":{"@id":"https:\/\/ecosupplements.ch\/#website"},"primaryImageOfPage":{"@id":"https:\/\/ecosupplements.ch\/?product=xyliwhite-charcoal-refresh-toothpaste-gel-181g#primaryimage"},"image":{"@id":"https:\/\/ecosupplements.ch\/?product=xyliwhite-charcoal-refresh-toothpaste-gel-181g#primaryimage"},"thumbnailUrl":"https:\/\/ecosupplements.ch\/wp-content\/uploads\/2026\/05\/XyliWhite-Charcoal-Refresh-Toothpaste-Gel-181g.webp","datePublished":"2026-05-11T15:06:24+00:00","dateModified":"2026-05-13T07:23:34+00:00","description":"NOW Foods XyliWhite Charcoal Refresh Zahnpasta-Gel mit 25 % Xylitol und Aktivkohle \u2013 vegan, glutenfrei, 181 g. Jetzt bestellen.","breadcrumb":{"@id":"https:\/\/ecosupplements.ch\/?product=xyliwhite-charcoal-refresh-toothpaste-gel-181g#breadcrumb"},"inLanguage":"de-CH","potentialAction":[{"@type":"ReadAction","target":["https:\/\/ecosupplements.ch\/?product=xyliwhite-charcoal-refresh-toothpaste-gel-181g"]}]},{"@type":"ImageObject","inLanguage":"de-CH","@id":"https:\/\/ecosupplements.ch\/?product=xyliwhite-charcoal-refresh-toothpaste-gel-181g#primaryimage","url":"https:\/\/ecosupplements.ch\/wp-content\/uploads\/2026\/05\/XyliWhite-Charcoal-Refresh-Toothpaste-Gel-181g.webp","contentUrl":"https:\/\/ecosupplements.ch\/wp-content\/uploads\/2026\/05\/XyliWhite-Charcoal-Refresh-Toothpaste-Gel-181g.webp","width":1000,"height":1000,"caption":"XyliWhite"},{"@type":"BreadcrumbList","@id":"https:\/\/ecosupplements.ch\/?product=xyliwhite-charcoal-refresh-toothpaste-gel-181g#breadcrumb","itemListElement":[{"@type":"ListItem","position":1,"name":"Home","item":"https:\/\/ecosupplements.ch\/"},{"@type":"ListItem","position":2,"name":"Shop","item":"https:\/\/ecosupplements.ch\/?page_id=14"},{"@type":"ListItem","position":3,"name":"XyliWhite, Charcoal Refresh Toothpaste Gel &#8211; 181g"}]},{"@type":"WebSite","@id":"https:\/\/ecosupplements.ch\/#website","url":"https:\/\/ecosupplements.ch\/","name":"Eco Supplements","description":"","potentialAction":[{"@type":"SearchAction","target":{"@type":"EntryPoint","urlTemplate":"https:\/\/ecosupplements.ch\/?s={search_term_string}"},"query-input":{"@type":"PropertyValueSpecification","valueRequired":true,"valueName":"search_term_string"}}],"inLanguage":"de-CH"}]},"product_price_amount":"7.22","product_price_currency":"CHF","og_availability":"out of stock","product_availability":"out of stock","product_retailer_item_id":"733739081056","product_condition":"new"},"_links":{"self":[{"href":"https:\/\/ecosupplements.ch\/index.php?rest_route=\/wp\/v2\/product\/5405","targetHints":{"allow":["GET"]}}],"collection":[{"href":"https:\/\/ecosupplements.ch\/index.php?rest_route=\/wp\/v2\/product"}],"about":[{"href":"https:\/\/ecosupplements.ch\/index.php?rest_route=\/wp\/v2\/types\/product"}],"replies":[{"embeddable":true,"href":"https:\/\/ecosupplements.ch\/index.php?rest_route=%2Fwp%2Fv2%2Fcomments&post=5405"}],"wp:featuredmedia":[{"embeddable":true,"href":"https:\/\/ecosupplements.ch\/index.php?rest_route=\/wp\/v2\/media\/5406"}],"wp:attachment":[{"href":"https:\/\/ecosupplements.ch\/index.php?rest_route=%2Fwp%2Fv2%2Fmedia&parent=5405"}],"wp:term":[{"taxonomy":"product_brand","embeddable":true,"href":"https:\/\/ecosupplements.ch\/index.php?rest_route=%2Fwp%2Fv2%2Fproduct_brand&post=5405"},{"taxonomy":"product_cat","embeddable":true,"href":"https:\/\/ecosupplements.ch\/index.php?rest_route=%2Fwp%2Fv2%2Fproduct_cat&post=5405"},{"taxonomy":"product_tag","embeddable":true,"href":"https:\/\/ecosupplements.ch\/index.php?rest_route=%2Fwp%2Fv2%2Fproduct_tag&post=5405"}],"curies":[{"name":"wp","href":"https:\/\/api.w.org\/{rel}","templated":true}]}}