{"id":5441,"date":"2026-05-11T15:06:42","date_gmt":"2026-05-11T15:06:42","guid":{"rendered":"https:\/\/ecosupplements.ch\/?product=ashwagandha-600-sport-60-caps"},"modified":"2026-05-13T07:23:34","modified_gmt":"2026-05-13T07:23:34","slug":"ashwagandha-600-sport-60-caps","status":"publish","type":"product","link":"https:\/\/ecosupplements.ch\/?product=ashwagandha-600-sport-60-caps","title":{"rendered":"Ashwagandha 600 Sport &#8211; 60 caps"},"content":{"rendered":"<div class=\"chcg-product-description\">\n<h2 class=\"chcg-heading\">\u00dcber Olimp Nutrition \u2013 Ashwagandha 600 Sport \u2013 60 Kapseln<\/h2>\n<div class=\"chcg-intro\">\n<p>Ashwagandha 600 Sport von Olimp Nutrition enth\u00e4lt den hochwertigen KSM-66\u00ae-Extrakt aus der Wurzel der Withania somnifera L. \u2013 einer der meistuntersuchten Formen des Ashwagandha-Extrakts weltweit. Jede Tagesportion (2 Kapseln) liefert 600 mg dieses standardisierten Extrakts mit einem garantierten Gehalt von 5 % Withanoliden (30 mg), was eine gleichbleibende Qualit\u00e4t und Konzentration sicherstellt.<\/p>\n<p>Das Produkt wurde speziell f\u00fcr aktive Menschen und Sportlerinnen und Sportler entwickelt, die Wert auf eine gezielte Nahrungserg\u00e4nzung legen. Der KSM-66\u00ae-Extrakt ist ein vollspektraler, auf Basis der Wurzel gewonnener Ashwagandha-Extrakt, der durch ein patentiertes Extraktionsverfahren hergestellt wird.<\/p>\n<p>Mit 60 Kapseln pro Packung entspricht Ashwagandha 600 Sport einem Vorrat f\u00fcr 30 Tage bei der empfohlenen Tagesdosis. Die praktische Kapselform erm\u00f6glicht eine einfache und pr\u00e4zise Dosierung im Alltag.<\/p>\n<\/p><\/div>\n<div class=\"chcg-nutrition\">\n<h3>N\u00e4hrwertangaben<\/h3>\n<table class=\"chcg-nutrition-table\">\n<thead>\n<tr>\n<th>N\u00e4hrstoff<\/th>\n<th>Pro Portion (2 Kapseln)<\/th>\n<\/tr>\n<\/thead>\n<tbody>\n<tr>\n<td>Ashwagandha-Wurzelextrakt (Withania somnifera L.) KSM-66\u00ae<\/td>\n<td>600 mg<\/td>\n<\/tr>\n<tr>\n<td>\u2013 davon: 5 % Withanolide<\/td>\n<td>30 mg<\/td>\n<\/tr>\n<\/tbody>\n<\/table>\n<p class=\"chcg-footnote\">* Kein festgelegter Tagesreferenzwert.<\/p>\n<\/p><\/div>\n<div class=\"chcg-ingredients\">\n<h3>Zutaten<\/h3>\n<p>60 % KSM-66\u00ae-Ashwagandha-Wurzelextrakt (Withania somnifera L.), F\u00fcllstoff: mikrokristalline Cellulose; Trennmittel: Magnesiumsalze von Fetts\u00e4uren, Siliciumdioxid; Kapsel (Gelatine, Farbstoff: Titandioxid (E 171)).<\/p>\n<p class=\"chcg-capsule-shell\">Kapselh\u00fclle: Gelatine, Farbstoff: Titandioxid (E 171).<\/p>\n<\/p><\/div>\n<div class=\"chcg-dosage\">\n<h3>Verzehrempfehlung<\/h3>\n<p>1 Kapsel zweimal t\u00e4glich zu einer Mahlzeit einnehmen und mit reichlich Wasser hinuntersp\u00fclen. Empfohlene Tagesportion: 2 Kapseln.<\/p>\n<\/p><\/div>\n<div class=\"chcg-warnings\">\n<h3>Warnhinweise<\/h3>\n<p>Nahrungserg\u00e4nzungsmittel sollten nicht als Ersatz f\u00fcr eine abwechslungsreiche Ern\u00e4hrung verwendet werden. Ausserhalb der Reichweite von kleinen Kindern aufbewahren. Die empfohlene Tagesdosis darf nicht \u00fcberschritten werden. Nicht empfohlen f\u00fcr Kinder sowie schwangere oder stillende Frauen. Nicht verwenden bei \u00dcberempfindlichkeit gegen\u00fcber einem der Bestandteile des Pr\u00e4parats. W\u00e4hrend der Einnahme dieses Pr\u00e4parats keinen Alkohol konsumieren und keine Schlaf- oder Beruhigungsmittel einnehmen.<\/p>\n<\/p><\/div>\n<div class=\"chcg-allergens\">\n<h3>Allergeninformationen<\/h3>\n<p>Hergestellt in einem Betrieb, der Eier, Milchproteine, Gluten, Erdn\u00fcsse, Soja und Schalentiere verarbeitet.<\/p>\n<\/p><\/div>\n<div class=\"chcg-storage\">\n<h3>Lagerung<\/h3>\n<p>An einem k\u00fchlen, trockenen Ort, fest verschlossen, in der Originalverpackung, gesch\u00fctzt vor Hitze und Licht aufbewahren.<\/p>\n<\/p><\/div>\n<\/div>\n","protected":false},"excerpt":{"rendered":"<p>Ashwagandha 600 Sport von Olimp Nutrition liefert 600 mg KSM-66\u00ae-Wurzelextrakt pro Tagesportion \u2013 standardisiert auf 5 % Withanolide. 60 Kapseln f\u00fcr 30 Tage Anwendung.<\/p>\n","protected":false},"featured_media":5442,"comment_status":"closed","ping_status":"open","template":"","meta":[],"product_brand":[472],"product_cat":[34,25],"product_tag":[],"class_list":{"0":"post-5441","1":"product","2":"type-product","3":"status-publish","4":"has-post-thumbnail","6":"product_brand-olimp-nutritionolimp-sport","7":"product_cat-antioxidantien","8":"product_cat-gesundheit-und-wohlbefinden","10":"first","11":"outofstock","12":"taxable","13":"shipping-taxable","14":"purchasable","15":"product-type-simple"},"yoast_head":"<!-- This site is optimized with the Yoast SEO plugin v27.5 - https:\/\/yoast.com\/product\/yoast-seo-wordpress\/ -->\n<title>Ashwagandha 600 Sport 60 Kapseln \u2013 Olimp | ecosupplements.ch<\/title>\n<meta name=\"description\" content=\"600 mg KSM-66\u00ae Ashwagandha pro Tagesportion, standardisiert auf 5 % Withanolide \u2013 60 Kapseln von Olimp Nutrition. Jetzt bestellen.\" \/>\n<meta name=\"robots\" content=\"index, follow, max-snippet:-1, max-image-preview:large, max-video-preview:-1\" \/>\n<link rel=\"canonical\" href=\"https:\/\/ecosupplements.ch\/?product=ashwagandha-600-sport-60-caps\" \/>\n<meta property=\"og:locale\" content=\"de_DE\" \/>\n<meta property=\"og:type\" content=\"article\" \/>\n<meta property=\"og:title\" content=\"Ashwagandha 600 Sport 60 Kapseln \u2013 Olimp | ecosupplements.ch\" \/>\n<meta property=\"og:description\" content=\"600 mg KSM-66\u00ae Ashwagandha pro Tagesportion, standardisiert auf 5 % Withanolide \u2013 60 Kapseln von Olimp Nutrition. Jetzt bestellen.\" \/>\n<meta property=\"og:url\" content=\"https:\/\/ecosupplements.ch\/?product=ashwagandha-600-sport-60-caps\" \/>\n<meta property=\"og:site_name\" content=\"Eco Supplements\" \/>\n<meta property=\"article:modified_time\" content=\"2026-05-13T07:23:34+00:00\" \/>\n<meta property=\"og:image\" content=\"https:\/\/ecosupplements.ch\/wp-content\/uploads\/2026\/05\/Ashwagandha-600-Sport-60-caps.webp\" \/>\n\t<meta property=\"og:image:width\" content=\"1000\" \/>\n\t<meta property=\"og:image:height\" content=\"1000\" \/>\n\t<meta property=\"og:image:type\" content=\"image\/jpeg\" \/>\n<meta name=\"twitter:card\" content=\"summary_large_image\" \/>\n<meta name=\"twitter:label1\" content=\"Price\" \/>\n\t<meta name=\"twitter:data1\" content=\"&#067;&#072;&#070;&nbsp;12.23\" \/>\n\t<meta name=\"twitter:label2\" content=\"Availability\" \/>\n\t<meta name=\"twitter:data2\" content=\"Out of stock\" \/>\n<script type=\"application\/ld+json\" class=\"yoast-schema-graph\">{\"@context\":\"https:\\\/\\\/schema.org\",\"@graph\":[{\"@type\":\"WebPage\",\"@id\":\"https:\\\/\\\/ecosupplements.ch\\\/?product=ashwagandha-600-sport-60-caps\",\"url\":\"https:\\\/\\\/ecosupplements.ch\\\/?product=ashwagandha-600-sport-60-caps\",\"name\":\"Ashwagandha 600 Sport 60 Kapseln \u2013 Olimp | ecosupplements.ch\",\"isPartOf\":{\"@id\":\"https:\\\/\\\/ecosupplements.ch\\\/#website\"},\"primaryImageOfPage\":{\"@id\":\"https:\\\/\\\/ecosupplements.ch\\\/?product=ashwagandha-600-sport-60-caps#primaryimage\"},\"image\":{\"@id\":\"https:\\\/\\\/ecosupplements.ch\\\/?product=ashwagandha-600-sport-60-caps#primaryimage\"},\"thumbnailUrl\":\"https:\\\/\\\/ecosupplements.ch\\\/wp-content\\\/uploads\\\/2026\\\/05\\\/Ashwagandha-600-Sport-60-caps.webp\",\"datePublished\":\"2026-05-11T15:06:42+00:00\",\"dateModified\":\"2026-05-13T07:23:34+00:00\",\"description\":\"600 mg KSM-66\u00ae Ashwagandha pro Tagesportion, standardisiert auf 5 % Withanolide \u2013 60 Kapseln von Olimp Nutrition. Jetzt bestellen.\",\"breadcrumb\":{\"@id\":\"https:\\\/\\\/ecosupplements.ch\\\/?product=ashwagandha-600-sport-60-caps#breadcrumb\"},\"inLanguage\":\"de-CH\",\"potentialAction\":[{\"@type\":\"ReadAction\",\"target\":[\"https:\\\/\\\/ecosupplements.ch\\\/?product=ashwagandha-600-sport-60-caps\"]}]},{\"@type\":\"ImageObject\",\"inLanguage\":\"de-CH\",\"@id\":\"https:\\\/\\\/ecosupplements.ch\\\/?product=ashwagandha-600-sport-60-caps#primaryimage\",\"url\":\"https:\\\/\\\/ecosupplements.ch\\\/wp-content\\\/uploads\\\/2026\\\/05\\\/Ashwagandha-600-Sport-60-caps.webp\",\"contentUrl\":\"https:\\\/\\\/ecosupplements.ch\\\/wp-content\\\/uploads\\\/2026\\\/05\\\/Ashwagandha-600-Sport-60-caps.webp\",\"width\":1000,\"height\":1000,\"caption\":\"Ashwagandha 600 Sport - 60 caps\"},{\"@type\":\"BreadcrumbList\",\"@id\":\"https:\\\/\\\/ecosupplements.ch\\\/?product=ashwagandha-600-sport-60-caps#breadcrumb\",\"itemListElement\":[{\"@type\":\"ListItem\",\"position\":1,\"name\":\"Home\",\"item\":\"https:\\\/\\\/ecosupplements.ch\\\/\"},{\"@type\":\"ListItem\",\"position\":2,\"name\":\"Shop\",\"item\":\"https:\\\/\\\/ecosupplements.ch\\\/?page_id=14\"},{\"@type\":\"ListItem\",\"position\":3,\"name\":\"Ashwagandha 600 Sport &#8211; 60 caps\"}]},{\"@type\":\"WebSite\",\"@id\":\"https:\\\/\\\/ecosupplements.ch\\\/#website\",\"url\":\"https:\\\/\\\/ecosupplements.ch\\\/\",\"name\":\"Eco Supplements\",\"description\":\"\",\"potentialAction\":[{\"@type\":\"SearchAction\",\"target\":{\"@type\":\"EntryPoint\",\"urlTemplate\":\"https:\\\/\\\/ecosupplements.ch\\\/?s={search_term_string}\"},\"query-input\":{\"@type\":\"PropertyValueSpecification\",\"valueRequired\":true,\"valueName\":\"search_term_string\"}}],\"inLanguage\":\"de-CH\"}]}<\/script>\n<meta property=\"product:price:amount\" content=\"12.23\" \/>\n<meta property=\"product:price:currency\" content=\"CHF\" \/>\n<meta property=\"og:availability\" content=\"out of stock\" \/>\n<meta property=\"product:availability\" content=\"out of stock\" \/>\n<meta property=\"product:retailer_item_id\" content=\"5901330058370\" \/>\n<meta property=\"product:condition\" content=\"new\" \/>\n<!-- \/ Yoast SEO plugin. -->","yoast_head_json":{"title":"Ashwagandha 600 Sport 60 Kapseln \u2013 Olimp | ecosupplements.ch","description":"600 mg KSM-66\u00ae Ashwagandha pro Tagesportion, standardisiert auf 5 % Withanolide \u2013 60 Kapseln von Olimp Nutrition. Jetzt bestellen.","robots":{"index":"index","follow":"follow","max-snippet":"max-snippet:-1","max-image-preview":"max-image-preview:large","max-video-preview":"max-video-preview:-1"},"canonical":"https:\/\/ecosupplements.ch\/?product=ashwagandha-600-sport-60-caps","og_locale":"de_DE","og_type":"article","og_title":"Ashwagandha 600 Sport 60 Kapseln \u2013 Olimp | ecosupplements.ch","og_description":"600 mg KSM-66\u00ae Ashwagandha pro Tagesportion, standardisiert auf 5 % Withanolide \u2013 60 Kapseln von Olimp Nutrition. Jetzt bestellen.","og_url":"https:\/\/ecosupplements.ch\/?product=ashwagandha-600-sport-60-caps","og_site_name":"Eco Supplements","article_modified_time":"2026-05-13T07:23:34+00:00","og_image":[{"width":1000,"height":1000,"url":"https:\/\/ecosupplements.ch\/wp-content\/uploads\/2026\/05\/Ashwagandha-600-Sport-60-caps.webp","type":"image\/jpeg"}],"twitter_card":"summary_large_image","twitter_misc":{"Price":"&#67;&#72;&#70;&nbsp;12.23","Availability":"Out of stock"},"schema":{"@context":"https:\/\/schema.org","@graph":[{"@type":"WebPage","@id":"https:\/\/ecosupplements.ch\/?product=ashwagandha-600-sport-60-caps","url":"https:\/\/ecosupplements.ch\/?product=ashwagandha-600-sport-60-caps","name":"Ashwagandha 600 Sport 60 Kapseln \u2013 Olimp | ecosupplements.ch","isPartOf":{"@id":"https:\/\/ecosupplements.ch\/#website"},"primaryImageOfPage":{"@id":"https:\/\/ecosupplements.ch\/?product=ashwagandha-600-sport-60-caps#primaryimage"},"image":{"@id":"https:\/\/ecosupplements.ch\/?product=ashwagandha-600-sport-60-caps#primaryimage"},"thumbnailUrl":"https:\/\/ecosupplements.ch\/wp-content\/uploads\/2026\/05\/Ashwagandha-600-Sport-60-caps.webp","datePublished":"2026-05-11T15:06:42+00:00","dateModified":"2026-05-13T07:23:34+00:00","description":"600 mg KSM-66\u00ae Ashwagandha pro Tagesportion, standardisiert auf 5 % Withanolide \u2013 60 Kapseln von Olimp Nutrition. Jetzt bestellen.","breadcrumb":{"@id":"https:\/\/ecosupplements.ch\/?product=ashwagandha-600-sport-60-caps#breadcrumb"},"inLanguage":"de-CH","potentialAction":[{"@type":"ReadAction","target":["https:\/\/ecosupplements.ch\/?product=ashwagandha-600-sport-60-caps"]}]},{"@type":"ImageObject","inLanguage":"de-CH","@id":"https:\/\/ecosupplements.ch\/?product=ashwagandha-600-sport-60-caps#primaryimage","url":"https:\/\/ecosupplements.ch\/wp-content\/uploads\/2026\/05\/Ashwagandha-600-Sport-60-caps.webp","contentUrl":"https:\/\/ecosupplements.ch\/wp-content\/uploads\/2026\/05\/Ashwagandha-600-Sport-60-caps.webp","width":1000,"height":1000,"caption":"Ashwagandha 600 Sport - 60 caps"},{"@type":"BreadcrumbList","@id":"https:\/\/ecosupplements.ch\/?product=ashwagandha-600-sport-60-caps#breadcrumb","itemListElement":[{"@type":"ListItem","position":1,"name":"Home","item":"https:\/\/ecosupplements.ch\/"},{"@type":"ListItem","position":2,"name":"Shop","item":"https:\/\/ecosupplements.ch\/?page_id=14"},{"@type":"ListItem","position":3,"name":"Ashwagandha 600 Sport &#8211; 60 caps"}]},{"@type":"WebSite","@id":"https:\/\/ecosupplements.ch\/#website","url":"https:\/\/ecosupplements.ch\/","name":"Eco Supplements","description":"","potentialAction":[{"@type":"SearchAction","target":{"@type":"EntryPoint","urlTemplate":"https:\/\/ecosupplements.ch\/?s={search_term_string}"},"query-input":{"@type":"PropertyValueSpecification","valueRequired":true,"valueName":"search_term_string"}}],"inLanguage":"de-CH"}]},"product_price_amount":"12.23","product_price_currency":"CHF","og_availability":"out of stock","product_availability":"out of stock","product_retailer_item_id":"5901330058370","product_condition":"new"},"_links":{"self":[{"href":"https:\/\/ecosupplements.ch\/index.php?rest_route=\/wp\/v2\/product\/5441","targetHints":{"allow":["GET"]}}],"collection":[{"href":"https:\/\/ecosupplements.ch\/index.php?rest_route=\/wp\/v2\/product"}],"about":[{"href":"https:\/\/ecosupplements.ch\/index.php?rest_route=\/wp\/v2\/types\/product"}],"replies":[{"embeddable":true,"href":"https:\/\/ecosupplements.ch\/index.php?rest_route=%2Fwp%2Fv2%2Fcomments&post=5441"}],"wp:featuredmedia":[{"embeddable":true,"href":"https:\/\/ecosupplements.ch\/index.php?rest_route=\/wp\/v2\/media\/5442"}],"wp:attachment":[{"href":"https:\/\/ecosupplements.ch\/index.php?rest_route=%2Fwp%2Fv2%2Fmedia&parent=5441"}],"wp:term":[{"taxonomy":"product_brand","embeddable":true,"href":"https:\/\/ecosupplements.ch\/index.php?rest_route=%2Fwp%2Fv2%2Fproduct_brand&post=5441"},{"taxonomy":"product_cat","embeddable":true,"href":"https:\/\/ecosupplements.ch\/index.php?rest_route=%2Fwp%2Fv2%2Fproduct_cat&post=5441"},{"taxonomy":"product_tag","embeddable":true,"href":"https:\/\/ecosupplements.ch\/index.php?rest_route=%2Fwp%2Fv2%2Fproduct_tag&post=5441"}],"curies":[{"name":"wp","href":"https:\/\/api.w.org\/{rel}","templated":true}]}}